{"id":41565,"date":"2023-02-22T21:28:27","date_gmt":"2023-02-22T20:28:27","guid":{"rendered":"http:\/\/preprod-dev.sh1.hidora.com\/webshop\/produit\/systeme-satellite-automatique-vuqube-auto-2\/"},"modified":"2026-04-18T20:58:54","modified_gmt":"2026-04-18T18:58:54","slug":"systeme-satellite-automatique-vuqube-auto-2","status":"publish","type":"product","link":"https:\/\/shop.bantam.ch\/fr\/produit\/systeme-satellite-automatique-vuqube-auto-2\/","title":{"rendered":"Antenne satellite automatique Maxview VuQube Auto 2"},"content":{"rendered":"<p>Il suffit d\u2019appuyer sur un bouton pour que le VuQube Auto\u00a0II s\u2019aligne de lui-m\u00eame avec son r\u00e9flecteur Cassegrain de 35\u00a0cm sur le satellite d\u00e9sir\u00e9 en 60 \u00e0 90\u00a0secondes. Le VuQube Auto II est l\u00e9ger (3,5 kg) et mobile. Il peut \u00eatre plac\u00e9 devant, derri\u00e8re, \u00e0 c\u00f4t\u00e9 ou sur votre v\u00e9hicule pour disposer d\u2018une r\u00e9ception TV, m\u00eame lorsque votre v\u00e9hicule est par ex. situ\u00e9 \u00e0 l\u2018ombre.  Seul le bloc de commande est aliment\u00e9 en 12 V. Vous pouvez choisir vos satellites en tout confort depuis votre v\u00e9hicule.  Le raccordement entre VuQube Auto II et le bloc de commande est r\u00e9alis\u00e9 uniquement par un c\u00e2ble coaxial.  L&rsquo;antenne est \u00e9quip\u00e9e d\u2019un LNB Twin.<\/p>\n<p>Contenu de la livraison :<br \/>Avec un c\u00e2ble coaxial de 10\u00a0m<br \/>C\u00e2ble coaxial de 0,7\u00a0m<br \/>Commande<br \/>C\u00e2ble de raccordement avec fiche 12\u00a0V<br \/>Adaptateur r\u00e9seau 230 V<br \/>Module de commande avec fonction alarme int\u00e9gr\u00e9e<\/p>\n","protected":false},"excerpt":{"rendered":"<p>Il suffit d\u2019appuyer sur un bouton pour que le VuQube Auto\u00a0II s\u2019aligne de lui-m\u00eame avec son r\u00e9flecteur Cassegrain de 35\u00a0cm sur le satellite d\u00e9sir\u00e9 en 60 \u00e0 90\u00a0secondes. Le VuQube Auto II est l\u00e9ger (3,5 kg) et mobile. Il peut \u00eatre plac\u00e9 devant, derri\u00e8re, \u00e0 c\u00f4t\u00e9 ou sur votre v\u00e9hicule pour disposer d\u2018une r\u00e9ception TV, [&hellip;]<\/p>\n","protected":false},"featured_media":41559,"template":"","meta":{"_acf_changed":false},"product_featured_cat":[],"product_brand":[3082],"product_cat":[4523],"product_tag":[],"class_list":{"0":"post-41565","1":"product","2":"type-product","3":"status-publish","4":"has-post-thumbnail","6":"product_brand-maxview","7":"product_cat-systemes-satellitaires","9":"first","10":"instock","11":"taxable","12":"shipping-taxable","13":"purchasable","14":"product-type-simple"},"acf":[],"yoast_head":"<!-- This site is optimized with the Yoast SEO plugin v27.4 - https:\/\/yoast.com\/product\/yoast-seo-wordpress\/ -->\n<title>Antenne satellite automatique Maxview VuQube Auto 2 - Bantam Wankm\u00fcller SA<\/title>\n<meta name=\"robots\" content=\"index, follow, max-snippet:-1, max-image-preview:large, max-video-preview:-1\" \/>\n<link rel=\"canonical\" href=\"https:\/\/shop.bantam.ch\/fr\/produit\/systeme-satellite-automatique-vuqube-auto-2\/\" \/>\n<meta property=\"og:locale\" content=\"fr_FR\" \/>\n<meta property=\"og:type\" content=\"article\" \/>\n<meta property=\"og:title\" content=\"Antenne satellite automatique Maxview VuQube Auto 2 - Bantam Wankm\u00fcller SA\" \/>\n<meta property=\"og:description\" content=\"Il suffit d\u2019appuyer sur un bouton pour que le VuQube Auto\u00a0II s\u2019aligne de lui-m\u00eame avec son r\u00e9flecteur Cassegrain de 35\u00a0cm sur le satellite d\u00e9sir\u00e9 en 60 \u00e0 90\u00a0secondes. Le VuQube Auto II est l\u00e9ger (3,5 kg) et mobile. Il peut \u00eatre plac\u00e9 devant, derri\u00e8re, \u00e0 c\u00f4t\u00e9 ou sur votre v\u00e9hicule pour disposer d\u2018une r\u00e9ception TV, [&hellip;]\" \/>\n<meta property=\"og:url\" content=\"https:\/\/shop.bantam.ch\/fr\/produit\/systeme-satellite-automatique-vuqube-auto-2\/\" \/>\n<meta property=\"og:site_name\" content=\"Bantam Wankm\u00fcller SA\" \/>\n<meta property=\"article:modified_time\" content=\"2026-04-18T18:58:54+00:00\" \/>\n<meta property=\"og:image\" content=\"https:\/\/shop.bantam.ch\/wp-content\/uploads\/2023\/02\/9950392-Satanlage_Maxview_VuQube-Auto_II-Standard-02-1.jpg\" \/>\n\t<meta property=\"og:image:width\" content=\"1000\" \/>\n\t<meta property=\"og:image:height\" content=\"987\" \/>\n\t<meta property=\"og:image:type\" content=\"image\/jpeg\" \/>\n<meta name=\"twitter:card\" content=\"summary_large_image\" \/>\n<meta name=\"twitter:label1\" content=\"Dur\u00e9e de lecture estim\u00e9e\" \/>\n\t<meta name=\"twitter:data1\" content=\"1 minute\" \/>\n<script type=\"application\/ld+json\" class=\"yoast-schema-graph\">{\"@context\":\"https:\\\/\\\/schema.org\",\"@graph\":[{\"@type\":\"WebPage\",\"@id\":\"https:\\\/\\\/shop.bantam.ch\\\/fr\\\/produit\\\/systeme-satellite-automatique-vuqube-auto-2\\\/\",\"url\":\"https:\\\/\\\/shop.bantam.ch\\\/fr\\\/produit\\\/systeme-satellite-automatique-vuqube-auto-2\\\/\",\"name\":\"Antenne satellite automatique Maxview VuQube Auto 2 - Bantam Wankm\u00fcller SA\",\"isPartOf\":{\"@id\":\"https:\\\/\\\/shop.bantam.ch\\\/fr\\\/#website\"},\"primaryImageOfPage\":{\"@id\":\"https:\\\/\\\/shop.bantam.ch\\\/fr\\\/produit\\\/systeme-satellite-automatique-vuqube-auto-2\\\/#primaryimage\"},\"image\":{\"@id\":\"https:\\\/\\\/shop.bantam.ch\\\/fr\\\/produit\\\/systeme-satellite-automatique-vuqube-auto-2\\\/#primaryimage\"},\"thumbnailUrl\":\"https:\\\/\\\/shop.bantam.ch\\\/wp-content\\\/uploads\\\/2023\\\/02\\\/9950392-Satanlage_Maxview_VuQube-Auto_II-Standard-02-1.jpg\",\"datePublished\":\"2023-02-22T20:28:27+00:00\",\"dateModified\":\"2026-04-18T18:58:54+00:00\",\"breadcrumb\":{\"@id\":\"https:\\\/\\\/shop.bantam.ch\\\/fr\\\/produit\\\/systeme-satellite-automatique-vuqube-auto-2\\\/#breadcrumb\"},\"inLanguage\":\"fr-FR\",\"potentialAction\":[{\"@type\":\"ReadAction\",\"target\":[\"https:\\\/\\\/shop.bantam.ch\\\/fr\\\/produit\\\/systeme-satellite-automatique-vuqube-auto-2\\\/\"]}]},{\"@type\":\"ImageObject\",\"inLanguage\":\"fr-FR\",\"@id\":\"https:\\\/\\\/shop.bantam.ch\\\/fr\\\/produit\\\/systeme-satellite-automatique-vuqube-auto-2\\\/#primaryimage\",\"url\":\"https:\\\/\\\/shop.bantam.ch\\\/wp-content\\\/uploads\\\/2023\\\/02\\\/9950392-Satanlage_Maxview_VuQube-Auto_II-Standard-02-1.jpg\",\"contentUrl\":\"https:\\\/\\\/shop.bantam.ch\\\/wp-content\\\/uploads\\\/2023\\\/02\\\/9950392-Satanlage_Maxview_VuQube-Auto_II-Standard-02-1.jpg\",\"width\":1000,\"height\":987},{\"@type\":\"BreadcrumbList\",\"@id\":\"https:\\\/\\\/shop.bantam.ch\\\/fr\\\/produit\\\/systeme-satellite-automatique-vuqube-auto-2\\\/#breadcrumb\",\"itemListElement\":[{\"@type\":\"ListItem\",\"position\":1,\"name\":\"Accueil\",\"item\":\"https:\\\/\\\/shop.bantam.ch\\\/fr\\\/\"},{\"@type\":\"ListItem\",\"position\":2,\"name\":\"Boutique\",\"item\":\"https:\\\/\\\/shop.bantam.ch\\\/fr\\\/boutique\\\/\"},{\"@type\":\"ListItem\",\"position\":3,\"name\":\"Antenne satellite automatique Maxview VuQube Auto 2\"}]},{\"@type\":\"WebSite\",\"@id\":\"https:\\\/\\\/shop.bantam.ch\\\/fr\\\/#website\",\"url\":\"https:\\\/\\\/shop.bantam.ch\\\/fr\\\/\",\"name\":\"Bantam Wankm\u00fcller SA\",\"description\":\"\",\"publisher\":{\"@id\":\"https:\\\/\\\/shop.bantam.ch\\\/fr\\\/#organization\"},\"inLanguage\":\"fr-FR\"},{\"@type\":\"Organization\",\"@id\":\"https:\\\/\\\/shop.bantam.ch\\\/fr\\\/#organization\",\"name\":\"Bantam Wankm\u00fcller SA\",\"url\":\"https:\\\/\\\/shop.bantam.ch\\\/fr\\\/\",\"logo\":{\"@type\":\"ImageObject\",\"inLanguage\":\"fr-FR\",\"@id\":\"https:\\\/\\\/shop.bantam.ch\\\/fr\\\/#\\\/schema\\\/logo\\\/image\\\/\",\"url\":\"https:\\\/\\\/shop.bantam.ch\\\/wp-content\\\/uploads\\\/2022\\\/12\\\/bantam-logo.png\",\"contentUrl\":\"https:\\\/\\\/shop.bantam.ch\\\/wp-content\\\/uploads\\\/2022\\\/12\\\/bantam-logo.png\",\"width\":320,\"height\":71,\"caption\":\"Bantam Wankm\u00fcller SA\"},\"image\":{\"@id\":\"https:\\\/\\\/shop.bantam.ch\\\/fr\\\/#\\\/schema\\\/logo\\\/image\\\/\"}}]}<\/script>\n<!-- \/ Yoast SEO plugin. -->","yoast_head_json":{"title":"Antenne satellite automatique Maxview VuQube Auto 2 - Bantam Wankm\u00fcller SA","robots":{"index":"index","follow":"follow","max-snippet":"max-snippet:-1","max-image-preview":"max-image-preview:large","max-video-preview":"max-video-preview:-1"},"canonical":"https:\/\/shop.bantam.ch\/fr\/produit\/systeme-satellite-automatique-vuqube-auto-2\/","og_locale":"fr_FR","og_type":"article","og_title":"Antenne satellite automatique Maxview VuQube Auto 2 - Bantam Wankm\u00fcller SA","og_description":"Il suffit d\u2019appuyer sur un bouton pour que le VuQube Auto\u00a0II s\u2019aligne de lui-m\u00eame avec son r\u00e9flecteur Cassegrain de 35\u00a0cm sur le satellite d\u00e9sir\u00e9 en 60 \u00e0 90\u00a0secondes. Le VuQube Auto II est l\u00e9ger (3,5 kg) et mobile. Il peut \u00eatre plac\u00e9 devant, derri\u00e8re, \u00e0 c\u00f4t\u00e9 ou sur votre v\u00e9hicule pour disposer d\u2018une r\u00e9ception TV, [&hellip;]","og_url":"https:\/\/shop.bantam.ch\/fr\/produit\/systeme-satellite-automatique-vuqube-auto-2\/","og_site_name":"Bantam Wankm\u00fcller SA","article_modified_time":"2026-04-18T18:58:54+00:00","og_image":[{"width":1000,"height":987,"url":"https:\/\/shop.bantam.ch\/wp-content\/uploads\/2023\/02\/9950392-Satanlage_Maxview_VuQube-Auto_II-Standard-02-1.jpg","type":"image\/jpeg"}],"twitter_card":"summary_large_image","twitter_misc":{"Dur\u00e9e de lecture estim\u00e9e":"1 minute"},"schema":{"@context":"https:\/\/schema.org","@graph":[{"@type":"WebPage","@id":"https:\/\/shop.bantam.ch\/fr\/produit\/systeme-satellite-automatique-vuqube-auto-2\/","url":"https:\/\/shop.bantam.ch\/fr\/produit\/systeme-satellite-automatique-vuqube-auto-2\/","name":"Antenne satellite automatique Maxview VuQube Auto 2 - Bantam Wankm\u00fcller SA","isPartOf":{"@id":"https:\/\/shop.bantam.ch\/fr\/#website"},"primaryImageOfPage":{"@id":"https:\/\/shop.bantam.ch\/fr\/produit\/systeme-satellite-automatique-vuqube-auto-2\/#primaryimage"},"image":{"@id":"https:\/\/shop.bantam.ch\/fr\/produit\/systeme-satellite-automatique-vuqube-auto-2\/#primaryimage"},"thumbnailUrl":"https:\/\/shop.bantam.ch\/wp-content\/uploads\/2023\/02\/9950392-Satanlage_Maxview_VuQube-Auto_II-Standard-02-1.jpg","datePublished":"2023-02-22T20:28:27+00:00","dateModified":"2026-04-18T18:58:54+00:00","breadcrumb":{"@id":"https:\/\/shop.bantam.ch\/fr\/produit\/systeme-satellite-automatique-vuqube-auto-2\/#breadcrumb"},"inLanguage":"fr-FR","potentialAction":[{"@type":"ReadAction","target":["https:\/\/shop.bantam.ch\/fr\/produit\/systeme-satellite-automatique-vuqube-auto-2\/"]}]},{"@type":"ImageObject","inLanguage":"fr-FR","@id":"https:\/\/shop.bantam.ch\/fr\/produit\/systeme-satellite-automatique-vuqube-auto-2\/#primaryimage","url":"https:\/\/shop.bantam.ch\/wp-content\/uploads\/2023\/02\/9950392-Satanlage_Maxview_VuQube-Auto_II-Standard-02-1.jpg","contentUrl":"https:\/\/shop.bantam.ch\/wp-content\/uploads\/2023\/02\/9950392-Satanlage_Maxview_VuQube-Auto_II-Standard-02-1.jpg","width":1000,"height":987},{"@type":"BreadcrumbList","@id":"https:\/\/shop.bantam.ch\/fr\/produit\/systeme-satellite-automatique-vuqube-auto-2\/#breadcrumb","itemListElement":[{"@type":"ListItem","position":1,"name":"Accueil","item":"https:\/\/shop.bantam.ch\/fr\/"},{"@type":"ListItem","position":2,"name":"Boutique","item":"https:\/\/shop.bantam.ch\/fr\/boutique\/"},{"@type":"ListItem","position":3,"name":"Antenne satellite automatique Maxview VuQube Auto 2"}]},{"@type":"WebSite","@id":"https:\/\/shop.bantam.ch\/fr\/#website","url":"https:\/\/shop.bantam.ch\/fr\/","name":"Bantam Wankm\u00fcller SA","description":"","publisher":{"@id":"https:\/\/shop.bantam.ch\/fr\/#organization"},"inLanguage":"fr-FR"},{"@type":"Organization","@id":"https:\/\/shop.bantam.ch\/fr\/#organization","name":"Bantam Wankm\u00fcller SA","url":"https:\/\/shop.bantam.ch\/fr\/","logo":{"@type":"ImageObject","inLanguage":"fr-FR","@id":"https:\/\/shop.bantam.ch\/fr\/#\/schema\/logo\/image\/","url":"https:\/\/shop.bantam.ch\/wp-content\/uploads\/2022\/12\/bantam-logo.png","contentUrl":"https:\/\/shop.bantam.ch\/wp-content\/uploads\/2022\/12\/bantam-logo.png","width":320,"height":71,"caption":"Bantam Wankm\u00fcller SA"},"image":{"@id":"https:\/\/shop.bantam.ch\/fr\/#\/schema\/logo\/image\/"}}]}},"_links":{"self":[{"href":"https:\/\/shop.bantam.ch\/fr\/wp-json\/wp\/v2\/product\/41565","targetHints":{"allow":["GET"]}}],"collection":[{"href":"https:\/\/shop.bantam.ch\/fr\/wp-json\/wp\/v2\/product"}],"about":[{"href":"https:\/\/shop.bantam.ch\/fr\/wp-json\/wp\/v2\/types\/product"}],"wp:featuredmedia":[{"embeddable":true,"href":"https:\/\/shop.bantam.ch\/fr\/wp-json\/wp\/v2\/media\/41559"}],"wp:attachment":[{"href":"https:\/\/shop.bantam.ch\/fr\/wp-json\/wp\/v2\/media?parent=41565"}],"wp:term":[{"taxonomy":"product_featured_cat","embeddable":true,"href":"https:\/\/shop.bantam.ch\/fr\/wp-json\/wp\/v2\/product_featured_cat?post=41565"},{"taxonomy":"product_brand","embeddable":true,"href":"https:\/\/shop.bantam.ch\/fr\/wp-json\/wp\/v2\/product_brand?post=41565"},{"taxonomy":"product_cat","embeddable":true,"href":"https:\/\/shop.bantam.ch\/fr\/wp-json\/wp\/v2\/product_cat?post=41565"},{"taxonomy":"product_tag","embeddable":true,"href":"https:\/\/shop.bantam.ch\/fr\/wp-json\/wp\/v2\/product_tag?post=41565"}],"curies":[{"name":"wp","href":"https:\/\/api.w.org\/{rel}","templated":true}]}}