{"id":41553,"date":"2023-02-22T21:28:16","date_gmt":"2023-02-22T20:28:16","guid":{"rendered":"http:\/\/preprod-dev.sh1.hidora.com\/webshop\/produit\/sac-de-protection-pour-cric-de-caravane-universel\/"},"modified":"2026-04-19T20:59:27","modified_gmt":"2026-04-19T18:59:27","slug":"sac-de-protection-pour-cric-de-caravane-universel","status":"publish","type":"product","link":"https:\/\/shop.bantam.ch\/fr\/produit\/sac-de-protection-pour-cric-de-caravane-universel\/","title":{"rendered":"Universal sac leveller noir"},"content":{"rendered":"<p>Les sacs de protection pratiques et robustes en polyester facilitent le transport et le stockage de vos ustensiles de camping. Vos produits sont prot\u00e9g\u00e9s contre les d\u00e9g\u00e2ts caus\u00e9s par les rayonnements du soleil et la chaleur, ainsi que par la petite contrainte m\u00e9canique. Nettoyage facile.<\/p>\n<p>Mat\u00e9riau\u00a0:<br \/>100 % polyester<\/p>\n","protected":false},"excerpt":{"rendered":"<p>Les sacs de protection pratiques et robustes en polyester facilitent le transport et le stockage de vos ustensiles de camping. Vos produits sont prot\u00e9g\u00e9s contre les d\u00e9g\u00e2ts caus\u00e9s par les rayonnements du soleil et la chaleur, ainsi que par la petite contrainte m\u00e9canique. Nettoyage facile. Mat\u00e9riau\u00a0:100 % polyester<\/p>\n","protected":false},"featured_media":41551,"template":"","meta":{"_acf_changed":false},"product_featured_cat":[],"product_brand":[3074],"product_cat":[5101],"product_tag":[],"class_list":{"0":"post-41553","1":"product","2":"type-product","3":"status-publish","4":"has-post-thumbnail","6":"product_brand-eurotrail","7":"product_cat-autres-accessoires-pour-roues-et-pneus","9":"first","10":"instock","11":"taxable","12":"shipping-taxable","13":"purchasable","14":"product-type-simple"},"acf":[],"yoast_head":"<!-- This site is optimized with the Yoast SEO plugin v27.4 - https:\/\/yoast.com\/product\/yoast-seo-wordpress\/ -->\n<title>Universal sac leveller noir - Bantam Wankm\u00fcller SA<\/title>\n<meta name=\"robots\" content=\"index, follow, max-snippet:-1, max-image-preview:large, max-video-preview:-1\" \/>\n<link rel=\"canonical\" href=\"https:\/\/shop.bantam.ch\/fr\/produit\/sac-de-protection-pour-cric-de-caravane-universel\/\" \/>\n<meta property=\"og:locale\" content=\"fr_FR\" \/>\n<meta property=\"og:type\" content=\"article\" \/>\n<meta property=\"og:title\" content=\"Universal sac leveller noir - Bantam Wankm\u00fcller SA\" \/>\n<meta property=\"og:description\" content=\"Les sacs de protection pratiques et robustes en polyester facilitent le transport et le stockage de vos ustensiles de camping. Vos produits sont prot\u00e9g\u00e9s contre les d\u00e9g\u00e2ts caus\u00e9s par les rayonnements du soleil et la chaleur, ainsi que par la petite contrainte m\u00e9canique. Nettoyage facile. Mat\u00e9riau\u00a0:100 % polyester\" \/>\n<meta property=\"og:url\" content=\"https:\/\/shop.bantam.ch\/fr\/produit\/sac-de-protection-pour-cric-de-caravane-universel\/\" \/>\n<meta property=\"og:site_name\" content=\"Bantam Wankm\u00fcller SA\" \/>\n<meta property=\"article:modified_time\" content=\"2026-04-19T18:59:27+00:00\" \/>\n<meta property=\"og:image\" content=\"https:\/\/shop.bantam.ch\/wp-content\/uploads\/2023\/02\/9950055-Universal_Levellertasche_schwarz-Standard-01-1.jpg\" \/>\n\t<meta property=\"og:image:width\" content=\"1000\" \/>\n\t<meta property=\"og:image:height\" content=\"662\" \/>\n\t<meta property=\"og:image:type\" content=\"image\/jpeg\" \/>\n<meta name=\"twitter:card\" content=\"summary_large_image\" \/>\n<script type=\"application\/ld+json\" class=\"yoast-schema-graph\">{\"@context\":\"https:\\\/\\\/schema.org\",\"@graph\":[{\"@type\":\"WebPage\",\"@id\":\"https:\\\/\\\/shop.bantam.ch\\\/fr\\\/produit\\\/sac-de-protection-pour-cric-de-caravane-universel\\\/\",\"url\":\"https:\\\/\\\/shop.bantam.ch\\\/fr\\\/produit\\\/sac-de-protection-pour-cric-de-caravane-universel\\\/\",\"name\":\"Universal sac leveller noir - Bantam Wankm\u00fcller SA\",\"isPartOf\":{\"@id\":\"https:\\\/\\\/shop.bantam.ch\\\/fr\\\/#website\"},\"primaryImageOfPage\":{\"@id\":\"https:\\\/\\\/shop.bantam.ch\\\/fr\\\/produit\\\/sac-de-protection-pour-cric-de-caravane-universel\\\/#primaryimage\"},\"image\":{\"@id\":\"https:\\\/\\\/shop.bantam.ch\\\/fr\\\/produit\\\/sac-de-protection-pour-cric-de-caravane-universel\\\/#primaryimage\"},\"thumbnailUrl\":\"https:\\\/\\\/shop.bantam.ch\\\/wp-content\\\/uploads\\\/2023\\\/02\\\/9950055-Universal_Levellertasche_schwarz-Standard-01-1.jpg\",\"datePublished\":\"2023-02-22T20:28:16+00:00\",\"dateModified\":\"2026-04-19T18:59:27+00:00\",\"breadcrumb\":{\"@id\":\"https:\\\/\\\/shop.bantam.ch\\\/fr\\\/produit\\\/sac-de-protection-pour-cric-de-caravane-universel\\\/#breadcrumb\"},\"inLanguage\":\"fr-FR\",\"potentialAction\":[{\"@type\":\"ReadAction\",\"target\":[\"https:\\\/\\\/shop.bantam.ch\\\/fr\\\/produit\\\/sac-de-protection-pour-cric-de-caravane-universel\\\/\"]}]},{\"@type\":\"ImageObject\",\"inLanguage\":\"fr-FR\",\"@id\":\"https:\\\/\\\/shop.bantam.ch\\\/fr\\\/produit\\\/sac-de-protection-pour-cric-de-caravane-universel\\\/#primaryimage\",\"url\":\"https:\\\/\\\/shop.bantam.ch\\\/wp-content\\\/uploads\\\/2023\\\/02\\\/9950055-Universal_Levellertasche_schwarz-Standard-01-1.jpg\",\"contentUrl\":\"https:\\\/\\\/shop.bantam.ch\\\/wp-content\\\/uploads\\\/2023\\\/02\\\/9950055-Universal_Levellertasche_schwarz-Standard-01-1.jpg\",\"width\":1000,\"height\":662},{\"@type\":\"BreadcrumbList\",\"@id\":\"https:\\\/\\\/shop.bantam.ch\\\/fr\\\/produit\\\/sac-de-protection-pour-cric-de-caravane-universel\\\/#breadcrumb\",\"itemListElement\":[{\"@type\":\"ListItem\",\"position\":1,\"name\":\"Accueil\",\"item\":\"https:\\\/\\\/shop.bantam.ch\\\/fr\\\/\"},{\"@type\":\"ListItem\",\"position\":2,\"name\":\"Boutique\",\"item\":\"https:\\\/\\\/shop.bantam.ch\\\/fr\\\/boutique\\\/\"},{\"@type\":\"ListItem\",\"position\":3,\"name\":\"Universal sac leveller noir\"}]},{\"@type\":\"WebSite\",\"@id\":\"https:\\\/\\\/shop.bantam.ch\\\/fr\\\/#website\",\"url\":\"https:\\\/\\\/shop.bantam.ch\\\/fr\\\/\",\"name\":\"Bantam Wankm\u00fcller SA\",\"description\":\"\",\"publisher\":{\"@id\":\"https:\\\/\\\/shop.bantam.ch\\\/fr\\\/#organization\"},\"inLanguage\":\"fr-FR\"},{\"@type\":\"Organization\",\"@id\":\"https:\\\/\\\/shop.bantam.ch\\\/fr\\\/#organization\",\"name\":\"Bantam Wankm\u00fcller SA\",\"url\":\"https:\\\/\\\/shop.bantam.ch\\\/fr\\\/\",\"logo\":{\"@type\":\"ImageObject\",\"inLanguage\":\"fr-FR\",\"@id\":\"https:\\\/\\\/shop.bantam.ch\\\/fr\\\/#\\\/schema\\\/logo\\\/image\\\/\",\"url\":\"https:\\\/\\\/shop.bantam.ch\\\/wp-content\\\/uploads\\\/2022\\\/12\\\/bantam-logo.png\",\"contentUrl\":\"https:\\\/\\\/shop.bantam.ch\\\/wp-content\\\/uploads\\\/2022\\\/12\\\/bantam-logo.png\",\"width\":320,\"height\":71,\"caption\":\"Bantam Wankm\u00fcller SA\"},\"image\":{\"@id\":\"https:\\\/\\\/shop.bantam.ch\\\/fr\\\/#\\\/schema\\\/logo\\\/image\\\/\"}}]}<\/script>\n<!-- \/ Yoast SEO plugin. -->","yoast_head_json":{"title":"Universal sac leveller noir - Bantam Wankm\u00fcller SA","robots":{"index":"index","follow":"follow","max-snippet":"max-snippet:-1","max-image-preview":"max-image-preview:large","max-video-preview":"max-video-preview:-1"},"canonical":"https:\/\/shop.bantam.ch\/fr\/produit\/sac-de-protection-pour-cric-de-caravane-universel\/","og_locale":"fr_FR","og_type":"article","og_title":"Universal sac leveller noir - Bantam Wankm\u00fcller SA","og_description":"Les sacs de protection pratiques et robustes en polyester facilitent le transport et le stockage de vos ustensiles de camping. Vos produits sont prot\u00e9g\u00e9s contre les d\u00e9g\u00e2ts caus\u00e9s par les rayonnements du soleil et la chaleur, ainsi que par la petite contrainte m\u00e9canique. Nettoyage facile. Mat\u00e9riau\u00a0:100 % polyester","og_url":"https:\/\/shop.bantam.ch\/fr\/produit\/sac-de-protection-pour-cric-de-caravane-universel\/","og_site_name":"Bantam Wankm\u00fcller SA","article_modified_time":"2026-04-19T18:59:27+00:00","og_image":[{"width":1000,"height":662,"url":"https:\/\/shop.bantam.ch\/wp-content\/uploads\/2023\/02\/9950055-Universal_Levellertasche_schwarz-Standard-01-1.jpg","type":"image\/jpeg"}],"twitter_card":"summary_large_image","schema":{"@context":"https:\/\/schema.org","@graph":[{"@type":"WebPage","@id":"https:\/\/shop.bantam.ch\/fr\/produit\/sac-de-protection-pour-cric-de-caravane-universel\/","url":"https:\/\/shop.bantam.ch\/fr\/produit\/sac-de-protection-pour-cric-de-caravane-universel\/","name":"Universal sac leveller noir - Bantam Wankm\u00fcller SA","isPartOf":{"@id":"https:\/\/shop.bantam.ch\/fr\/#website"},"primaryImageOfPage":{"@id":"https:\/\/shop.bantam.ch\/fr\/produit\/sac-de-protection-pour-cric-de-caravane-universel\/#primaryimage"},"image":{"@id":"https:\/\/shop.bantam.ch\/fr\/produit\/sac-de-protection-pour-cric-de-caravane-universel\/#primaryimage"},"thumbnailUrl":"https:\/\/shop.bantam.ch\/wp-content\/uploads\/2023\/02\/9950055-Universal_Levellertasche_schwarz-Standard-01-1.jpg","datePublished":"2023-02-22T20:28:16+00:00","dateModified":"2026-04-19T18:59:27+00:00","breadcrumb":{"@id":"https:\/\/shop.bantam.ch\/fr\/produit\/sac-de-protection-pour-cric-de-caravane-universel\/#breadcrumb"},"inLanguage":"fr-FR","potentialAction":[{"@type":"ReadAction","target":["https:\/\/shop.bantam.ch\/fr\/produit\/sac-de-protection-pour-cric-de-caravane-universel\/"]}]},{"@type":"ImageObject","inLanguage":"fr-FR","@id":"https:\/\/shop.bantam.ch\/fr\/produit\/sac-de-protection-pour-cric-de-caravane-universel\/#primaryimage","url":"https:\/\/shop.bantam.ch\/wp-content\/uploads\/2023\/02\/9950055-Universal_Levellertasche_schwarz-Standard-01-1.jpg","contentUrl":"https:\/\/shop.bantam.ch\/wp-content\/uploads\/2023\/02\/9950055-Universal_Levellertasche_schwarz-Standard-01-1.jpg","width":1000,"height":662},{"@type":"BreadcrumbList","@id":"https:\/\/shop.bantam.ch\/fr\/produit\/sac-de-protection-pour-cric-de-caravane-universel\/#breadcrumb","itemListElement":[{"@type":"ListItem","position":1,"name":"Accueil","item":"https:\/\/shop.bantam.ch\/fr\/"},{"@type":"ListItem","position":2,"name":"Boutique","item":"https:\/\/shop.bantam.ch\/fr\/boutique\/"},{"@type":"ListItem","position":3,"name":"Universal sac leveller noir"}]},{"@type":"WebSite","@id":"https:\/\/shop.bantam.ch\/fr\/#website","url":"https:\/\/shop.bantam.ch\/fr\/","name":"Bantam Wankm\u00fcller SA","description":"","publisher":{"@id":"https:\/\/shop.bantam.ch\/fr\/#organization"},"inLanguage":"fr-FR"},{"@type":"Organization","@id":"https:\/\/shop.bantam.ch\/fr\/#organization","name":"Bantam Wankm\u00fcller SA","url":"https:\/\/shop.bantam.ch\/fr\/","logo":{"@type":"ImageObject","inLanguage":"fr-FR","@id":"https:\/\/shop.bantam.ch\/fr\/#\/schema\/logo\/image\/","url":"https:\/\/shop.bantam.ch\/wp-content\/uploads\/2022\/12\/bantam-logo.png","contentUrl":"https:\/\/shop.bantam.ch\/wp-content\/uploads\/2022\/12\/bantam-logo.png","width":320,"height":71,"caption":"Bantam Wankm\u00fcller SA"},"image":{"@id":"https:\/\/shop.bantam.ch\/fr\/#\/schema\/logo\/image\/"}}]}},"_links":{"self":[{"href":"https:\/\/shop.bantam.ch\/fr\/wp-json\/wp\/v2\/product\/41553","targetHints":{"allow":["GET"]}}],"collection":[{"href":"https:\/\/shop.bantam.ch\/fr\/wp-json\/wp\/v2\/product"}],"about":[{"href":"https:\/\/shop.bantam.ch\/fr\/wp-json\/wp\/v2\/types\/product"}],"wp:featuredmedia":[{"embeddable":true,"href":"https:\/\/shop.bantam.ch\/fr\/wp-json\/wp\/v2\/media\/41551"}],"wp:attachment":[{"href":"https:\/\/shop.bantam.ch\/fr\/wp-json\/wp\/v2\/media?parent=41553"}],"wp:term":[{"taxonomy":"product_featured_cat","embeddable":true,"href":"https:\/\/shop.bantam.ch\/fr\/wp-json\/wp\/v2\/product_featured_cat?post=41553"},{"taxonomy":"product_brand","embeddable":true,"href":"https:\/\/shop.bantam.ch\/fr\/wp-json\/wp\/v2\/product_brand?post=41553"},{"taxonomy":"product_cat","embeddable":true,"href":"https:\/\/shop.bantam.ch\/fr\/wp-json\/wp\/v2\/product_cat?post=41553"},{"taxonomy":"product_tag","embeddable":true,"href":"https:\/\/shop.bantam.ch\/fr\/wp-json\/wp\/v2\/product_tag?post=41553"}],"curies":[{"name":"wp","href":"https:\/\/api.w.org\/{rel}","templated":true}]}}