{"id":41535,"date":"2023-02-22T21:27:54","date_gmt":"2023-02-22T20:27:54","guid":{"rendered":"http:\/\/preprod-dev.sh1.hidora.com\/webshop\/produit\/tabouret-avantgarde-dynamic-top-avec-tablette-charcoal-grey\/"},"modified":"2026-04-20T20:58:27","modified_gmt":"2026-04-20T18:58:27","slug":"tabouret-avantgarde-dynamic-top-avec-tablette-charcoal-grey","status":"publish","type":"product","link":"https:\/\/shop.bantam.ch\/fr\/produit\/tabouret-avantgarde-dynamic-top-avec-tablette-charcoal-grey\/","title":{"rendered":"Tabouret Westfield Avantgarde Dynamic &amp; Top avec plateau gris charbon"},"content":{"rendered":"<p>Que vous l\u2018utilisiez comme repose-pied ou comme chaises pour des invit\u00e9s \u00e0 l\u2018improviste, ce tabouret l\u00e9ger et compact en DuraLite constitue un excellent compl\u00e9ment de nos chaises \u00e0 haut dossier. Il est extr\u00eamement solide, compact et l\u00e9ger. Son assise large est \u00e9galement confortable pour les personnes plus imposantes. En combinaison avec notre plateau-table, le tabouret compl\u00e8te \u00e0 la perfection le salon de jardin de ceux qui recherchent le meilleur.<\/p>\n<p>Mat\u00e9riau\u00a0:<br \/>Rev\u00eatement : 100 % polyester<br \/>Cadre\u00a0: 100 % aluminium<\/p>\n<p>\u00a0<\/p>\n<ul>\n<li>Charge admise plateau : 30 kg<\/li>\n<\/ul>\n<p>\u00a0<\/p>\n<p>Contenu de la livraison :<br \/>Plateau de table inclus<\/p>\n","protected":false},"excerpt":{"rendered":"<p>Que vous l\u2018utilisiez comme repose-pied ou comme chaises pour des invit\u00e9s \u00e0 l\u2018improviste, ce tabouret l\u00e9ger et compact en DuraLite constitue un excellent compl\u00e9ment de nos chaises \u00e0 haut dossier. Il est extr\u00eamement solide, compact et l\u00e9ger. Son assise large est \u00e9galement confortable pour les personnes plus imposantes. En combinaison avec notre plateau-table, le tabouret [&hellip;]<\/p>\n","protected":false},"featured_media":41533,"template":"","meta":{"_acf_changed":false},"product_featured_cat":[],"product_brand":[3092],"product_cat":[4975],"product_tag":[],"class_list":{"0":"post-41535","1":"product","2":"type-product","3":"status-publish","4":"has-post-thumbnail","6":"product_brand-westfield-outdoors","7":"product_cat-tabourets","9":"first","10":"instock","11":"taxable","12":"shipping-taxable","13":"purchasable","14":"product-type-simple"},"acf":[],"yoast_head":"<!-- This site is optimized with the Yoast SEO plugin v27.4 - https:\/\/yoast.com\/product\/yoast-seo-wordpress\/ -->\n<title>Tabouret Westfield Avantgarde Dynamic &amp; Top avec plateau gris charbon - Bantam Wankm\u00fcller SA<\/title>\n<meta name=\"robots\" content=\"index, follow, max-snippet:-1, max-image-preview:large, max-video-preview:-1\" \/>\n<link rel=\"canonical\" href=\"https:\/\/shop.bantam.ch\/fr\/produit\/tabouret-avantgarde-dynamic-top-avec-tablette-charcoal-grey\/\" \/>\n<meta property=\"og:locale\" content=\"fr_FR\" \/>\n<meta property=\"og:type\" content=\"article\" \/>\n<meta property=\"og:title\" content=\"Tabouret Westfield Avantgarde Dynamic &amp; Top avec plateau gris charbon - Bantam Wankm\u00fcller SA\" \/>\n<meta property=\"og:description\" content=\"Que vous l\u2018utilisiez comme repose-pied ou comme chaises pour des invit\u00e9s \u00e0 l\u2018improviste, ce tabouret l\u00e9ger et compact en DuraLite constitue un excellent compl\u00e9ment de nos chaises \u00e0 haut dossier. Il est extr\u00eamement solide, compact et l\u00e9ger. Son assise large est \u00e9galement confortable pour les personnes plus imposantes. En combinaison avec notre plateau-table, le tabouret [&hellip;]\" \/>\n<meta property=\"og:url\" content=\"https:\/\/shop.bantam.ch\/fr\/produit\/tabouret-avantgarde-dynamic-top-avec-tablette-charcoal-grey\/\" \/>\n<meta property=\"og:site_name\" content=\"Bantam Wankm\u00fcller SA\" \/>\n<meta property=\"article:modified_time\" content=\"2026-04-20T18:58:27+00:00\" \/>\n<meta property=\"og:image\" content=\"https:\/\/shop.bantam.ch\/wp-content\/uploads\/2023\/02\/9950338-Hocker_Avantgarde_Dynamic_Top-Standard-01-1.jpg\" \/>\n\t<meta property=\"og:image:width\" content=\"1000\" \/>\n\t<meta property=\"og:image:height\" content=\"934\" \/>\n\t<meta property=\"og:image:type\" content=\"image\/jpeg\" \/>\n<meta name=\"twitter:card\" content=\"summary_large_image\" \/>\n<script type=\"application\/ld+json\" class=\"yoast-schema-graph\">{\"@context\":\"https:\\\/\\\/schema.org\",\"@graph\":[{\"@type\":\"WebPage\",\"@id\":\"https:\\\/\\\/shop.bantam.ch\\\/fr\\\/produit\\\/tabouret-avantgarde-dynamic-top-avec-tablette-charcoal-grey\\\/\",\"url\":\"https:\\\/\\\/shop.bantam.ch\\\/fr\\\/produit\\\/tabouret-avantgarde-dynamic-top-avec-tablette-charcoal-grey\\\/\",\"name\":\"Tabouret Westfield Avantgarde Dynamic &amp; Top avec plateau gris charbon - Bantam Wankm\u00fcller SA\",\"isPartOf\":{\"@id\":\"https:\\\/\\\/shop.bantam.ch\\\/fr\\\/#website\"},\"primaryImageOfPage\":{\"@id\":\"https:\\\/\\\/shop.bantam.ch\\\/fr\\\/produit\\\/tabouret-avantgarde-dynamic-top-avec-tablette-charcoal-grey\\\/#primaryimage\"},\"image\":{\"@id\":\"https:\\\/\\\/shop.bantam.ch\\\/fr\\\/produit\\\/tabouret-avantgarde-dynamic-top-avec-tablette-charcoal-grey\\\/#primaryimage\"},\"thumbnailUrl\":\"https:\\\/\\\/shop.bantam.ch\\\/wp-content\\\/uploads\\\/2023\\\/02\\\/9950338-Hocker_Avantgarde_Dynamic_Top-Standard-01-1.jpg\",\"datePublished\":\"2023-02-22T20:27:54+00:00\",\"dateModified\":\"2026-04-20T18:58:27+00:00\",\"breadcrumb\":{\"@id\":\"https:\\\/\\\/shop.bantam.ch\\\/fr\\\/produit\\\/tabouret-avantgarde-dynamic-top-avec-tablette-charcoal-grey\\\/#breadcrumb\"},\"inLanguage\":\"fr-FR\",\"potentialAction\":[{\"@type\":\"ReadAction\",\"target\":[\"https:\\\/\\\/shop.bantam.ch\\\/fr\\\/produit\\\/tabouret-avantgarde-dynamic-top-avec-tablette-charcoal-grey\\\/\"]}]},{\"@type\":\"ImageObject\",\"inLanguage\":\"fr-FR\",\"@id\":\"https:\\\/\\\/shop.bantam.ch\\\/fr\\\/produit\\\/tabouret-avantgarde-dynamic-top-avec-tablette-charcoal-grey\\\/#primaryimage\",\"url\":\"https:\\\/\\\/shop.bantam.ch\\\/wp-content\\\/uploads\\\/2023\\\/02\\\/9950338-Hocker_Avantgarde_Dynamic_Top-Standard-01-1.jpg\",\"contentUrl\":\"https:\\\/\\\/shop.bantam.ch\\\/wp-content\\\/uploads\\\/2023\\\/02\\\/9950338-Hocker_Avantgarde_Dynamic_Top-Standard-01-1.jpg\",\"width\":1000,\"height\":934},{\"@type\":\"BreadcrumbList\",\"@id\":\"https:\\\/\\\/shop.bantam.ch\\\/fr\\\/produit\\\/tabouret-avantgarde-dynamic-top-avec-tablette-charcoal-grey\\\/#breadcrumb\",\"itemListElement\":[{\"@type\":\"ListItem\",\"position\":1,\"name\":\"Accueil\",\"item\":\"https:\\\/\\\/shop.bantam.ch\\\/fr\\\/\"},{\"@type\":\"ListItem\",\"position\":2,\"name\":\"Boutique\",\"item\":\"https:\\\/\\\/shop.bantam.ch\\\/fr\\\/boutique\\\/\"},{\"@type\":\"ListItem\",\"position\":3,\"name\":\"Tabouret Westfield Avantgarde Dynamic &amp; Top avec plateau gris charbon\"}]},{\"@type\":\"WebSite\",\"@id\":\"https:\\\/\\\/shop.bantam.ch\\\/fr\\\/#website\",\"url\":\"https:\\\/\\\/shop.bantam.ch\\\/fr\\\/\",\"name\":\"Bantam Wankm\u00fcller SA\",\"description\":\"\",\"publisher\":{\"@id\":\"https:\\\/\\\/shop.bantam.ch\\\/fr\\\/#organization\"},\"inLanguage\":\"fr-FR\"},{\"@type\":\"Organization\",\"@id\":\"https:\\\/\\\/shop.bantam.ch\\\/fr\\\/#organization\",\"name\":\"Bantam Wankm\u00fcller SA\",\"url\":\"https:\\\/\\\/shop.bantam.ch\\\/fr\\\/\",\"logo\":{\"@type\":\"ImageObject\",\"inLanguage\":\"fr-FR\",\"@id\":\"https:\\\/\\\/shop.bantam.ch\\\/fr\\\/#\\\/schema\\\/logo\\\/image\\\/\",\"url\":\"https:\\\/\\\/shop.bantam.ch\\\/wp-content\\\/uploads\\\/2022\\\/12\\\/bantam-logo.png\",\"contentUrl\":\"https:\\\/\\\/shop.bantam.ch\\\/wp-content\\\/uploads\\\/2022\\\/12\\\/bantam-logo.png\",\"width\":320,\"height\":71,\"caption\":\"Bantam Wankm\u00fcller SA\"},\"image\":{\"@id\":\"https:\\\/\\\/shop.bantam.ch\\\/fr\\\/#\\\/schema\\\/logo\\\/image\\\/\"}}]}<\/script>\n<!-- \/ Yoast SEO plugin. -->","yoast_head_json":{"title":"Tabouret Westfield Avantgarde Dynamic &amp; Top avec plateau gris charbon - Bantam Wankm\u00fcller SA","robots":{"index":"index","follow":"follow","max-snippet":"max-snippet:-1","max-image-preview":"max-image-preview:large","max-video-preview":"max-video-preview:-1"},"canonical":"https:\/\/shop.bantam.ch\/fr\/produit\/tabouret-avantgarde-dynamic-top-avec-tablette-charcoal-grey\/","og_locale":"fr_FR","og_type":"article","og_title":"Tabouret Westfield Avantgarde Dynamic &amp; Top avec plateau gris charbon - Bantam Wankm\u00fcller SA","og_description":"Que vous l\u2018utilisiez comme repose-pied ou comme chaises pour des invit\u00e9s \u00e0 l\u2018improviste, ce tabouret l\u00e9ger et compact en DuraLite constitue un excellent compl\u00e9ment de nos chaises \u00e0 haut dossier. Il est extr\u00eamement solide, compact et l\u00e9ger. Son assise large est \u00e9galement confortable pour les personnes plus imposantes. En combinaison avec notre plateau-table, le tabouret [&hellip;]","og_url":"https:\/\/shop.bantam.ch\/fr\/produit\/tabouret-avantgarde-dynamic-top-avec-tablette-charcoal-grey\/","og_site_name":"Bantam Wankm\u00fcller SA","article_modified_time":"2026-04-20T18:58:27+00:00","og_image":[{"width":1000,"height":934,"url":"https:\/\/shop.bantam.ch\/wp-content\/uploads\/2023\/02\/9950338-Hocker_Avantgarde_Dynamic_Top-Standard-01-1.jpg","type":"image\/jpeg"}],"twitter_card":"summary_large_image","schema":{"@context":"https:\/\/schema.org","@graph":[{"@type":"WebPage","@id":"https:\/\/shop.bantam.ch\/fr\/produit\/tabouret-avantgarde-dynamic-top-avec-tablette-charcoal-grey\/","url":"https:\/\/shop.bantam.ch\/fr\/produit\/tabouret-avantgarde-dynamic-top-avec-tablette-charcoal-grey\/","name":"Tabouret Westfield Avantgarde Dynamic &amp; Top avec plateau gris charbon - Bantam Wankm\u00fcller SA","isPartOf":{"@id":"https:\/\/shop.bantam.ch\/fr\/#website"},"primaryImageOfPage":{"@id":"https:\/\/shop.bantam.ch\/fr\/produit\/tabouret-avantgarde-dynamic-top-avec-tablette-charcoal-grey\/#primaryimage"},"image":{"@id":"https:\/\/shop.bantam.ch\/fr\/produit\/tabouret-avantgarde-dynamic-top-avec-tablette-charcoal-grey\/#primaryimage"},"thumbnailUrl":"https:\/\/shop.bantam.ch\/wp-content\/uploads\/2023\/02\/9950338-Hocker_Avantgarde_Dynamic_Top-Standard-01-1.jpg","datePublished":"2023-02-22T20:27:54+00:00","dateModified":"2026-04-20T18:58:27+00:00","breadcrumb":{"@id":"https:\/\/shop.bantam.ch\/fr\/produit\/tabouret-avantgarde-dynamic-top-avec-tablette-charcoal-grey\/#breadcrumb"},"inLanguage":"fr-FR","potentialAction":[{"@type":"ReadAction","target":["https:\/\/shop.bantam.ch\/fr\/produit\/tabouret-avantgarde-dynamic-top-avec-tablette-charcoal-grey\/"]}]},{"@type":"ImageObject","inLanguage":"fr-FR","@id":"https:\/\/shop.bantam.ch\/fr\/produit\/tabouret-avantgarde-dynamic-top-avec-tablette-charcoal-grey\/#primaryimage","url":"https:\/\/shop.bantam.ch\/wp-content\/uploads\/2023\/02\/9950338-Hocker_Avantgarde_Dynamic_Top-Standard-01-1.jpg","contentUrl":"https:\/\/shop.bantam.ch\/wp-content\/uploads\/2023\/02\/9950338-Hocker_Avantgarde_Dynamic_Top-Standard-01-1.jpg","width":1000,"height":934},{"@type":"BreadcrumbList","@id":"https:\/\/shop.bantam.ch\/fr\/produit\/tabouret-avantgarde-dynamic-top-avec-tablette-charcoal-grey\/#breadcrumb","itemListElement":[{"@type":"ListItem","position":1,"name":"Accueil","item":"https:\/\/shop.bantam.ch\/fr\/"},{"@type":"ListItem","position":2,"name":"Boutique","item":"https:\/\/shop.bantam.ch\/fr\/boutique\/"},{"@type":"ListItem","position":3,"name":"Tabouret Westfield Avantgarde Dynamic &amp; Top avec plateau gris charbon"}]},{"@type":"WebSite","@id":"https:\/\/shop.bantam.ch\/fr\/#website","url":"https:\/\/shop.bantam.ch\/fr\/","name":"Bantam Wankm\u00fcller SA","description":"","publisher":{"@id":"https:\/\/shop.bantam.ch\/fr\/#organization"},"inLanguage":"fr-FR"},{"@type":"Organization","@id":"https:\/\/shop.bantam.ch\/fr\/#organization","name":"Bantam Wankm\u00fcller SA","url":"https:\/\/shop.bantam.ch\/fr\/","logo":{"@type":"ImageObject","inLanguage":"fr-FR","@id":"https:\/\/shop.bantam.ch\/fr\/#\/schema\/logo\/image\/","url":"https:\/\/shop.bantam.ch\/wp-content\/uploads\/2022\/12\/bantam-logo.png","contentUrl":"https:\/\/shop.bantam.ch\/wp-content\/uploads\/2022\/12\/bantam-logo.png","width":320,"height":71,"caption":"Bantam Wankm\u00fcller SA"},"image":{"@id":"https:\/\/shop.bantam.ch\/fr\/#\/schema\/logo\/image\/"}}]}},"_links":{"self":[{"href":"https:\/\/shop.bantam.ch\/fr\/wp-json\/wp\/v2\/product\/41535","targetHints":{"allow":["GET"]}}],"collection":[{"href":"https:\/\/shop.bantam.ch\/fr\/wp-json\/wp\/v2\/product"}],"about":[{"href":"https:\/\/shop.bantam.ch\/fr\/wp-json\/wp\/v2\/types\/product"}],"wp:featuredmedia":[{"embeddable":true,"href":"https:\/\/shop.bantam.ch\/fr\/wp-json\/wp\/v2\/media\/41533"}],"wp:attachment":[{"href":"https:\/\/shop.bantam.ch\/fr\/wp-json\/wp\/v2\/media?parent=41535"}],"wp:term":[{"taxonomy":"product_featured_cat","embeddable":true,"href":"https:\/\/shop.bantam.ch\/fr\/wp-json\/wp\/v2\/product_featured_cat?post=41535"},{"taxonomy":"product_brand","embeddable":true,"href":"https:\/\/shop.bantam.ch\/fr\/wp-json\/wp\/v2\/product_brand?post=41535"},{"taxonomy":"product_cat","embeddable":true,"href":"https:\/\/shop.bantam.ch\/fr\/wp-json\/wp\/v2\/product_cat?post=41535"},{"taxonomy":"product_tag","embeddable":true,"href":"https:\/\/shop.bantam.ch\/fr\/wp-json\/wp\/v2\/product_tag?post=41535"}],"curies":[{"name":"wp","href":"https:\/\/api.w.org\/{rel}","templated":true}]}}