{"id":41349,"date":"2023-02-22T21:23:53","date_gmt":"2023-02-22T20:23:53","guid":{"rendered":"http:\/\/preprod-dev.sh1.hidora.com\/webshop\/produit\/chauffage-auxiliaire-electrique-ultraheat\/"},"modified":"2026-04-18T20:58:10","modified_gmt":"2026-04-18T18:58:10","slug":"chauffage-auxiliaire-electrique-ultraheat","status":"publish","type":"product","link":"https:\/\/shop.bantam.ch\/fr\/produit\/chauffage-auxiliaire-electrique-ultraheat\/","title":{"rendered":"Ultraheat"},"content":{"rendered":"<p>Adapt\u00e9 aux chauffages Truma S5004\/S3004, Trumatic S3002\u2009(P) \u00e0 partir de 07\/81, Trumatic S5002 \u00e0 partir de 04\/98 et Truma S55T.<\/p>\n<p>Non compatible avec Trumatic S3002K, S5002K et S5002 jusqu\u2019\u00e0 04\/98.<\/p>\n<p>Contenu\u00a0:<br \/>Avec thermostat d\u2018ambiance complet et \u00e9l\u00e9ment de commande <br \/>C\u00e2ble 3 m<br \/>Consommation d\u2018\u00e9nergie en puissance <br \/>500 W : 2,2 A, 1000 W : 4,5 A, 2000 W : 8,5\u00a0A<br \/>Tension d&rsquo;alimentation 230 V ~ 50 Hz<\/p>\n<ul>\n<li>Compl\u00e8te id\u00e9alement le chauffage Truma S<\/li>\n<li>Chauffage rapide quelles que soient les conditions climatiques<\/li>\n<li>Trois niveaux de puissance <\/li>\n<\/ul>\n<p>Consommation d\u2018\u00e9nergie en puissance : 500 W 2,2 A1000 W 4,5 A2000 W 8,5 A<\/p>\n","protected":false},"excerpt":{"rendered":"<p>Adapt\u00e9 aux chauffages Truma S5004\/S3004, Trumatic S3002\u2009(P) \u00e0 partir de 07\/81, Trumatic S5002 \u00e0 partir de 04\/98 et Truma S55T. Non compatible avec Trumatic S3002K, S5002K et S5002 jusqu\u2019\u00e0 04\/98. Contenu\u00a0:Avec thermostat d\u2018ambiance complet et \u00e9l\u00e9ment de commande C\u00e2ble 3 mConsommation d\u2018\u00e9nergie en puissance 500 W : 2,2 A, 1000 W : 4,5 A, 2000 [&hellip;]<\/p>\n","protected":false},"featured_media":41347,"template":"","meta":{"_acf_changed":false},"product_featured_cat":[],"product_brand":[3026],"product_cat":[4537,4541],"product_tag":[],"class_list":{"0":"post-41349","1":"product","2":"type-product","3":"status-publish","4":"has-post-thumbnail","6":"product_brand-truma","7":"product_cat-chauffages-au-gaz","8":"product_cat-chauffages-electriques","10":"first","11":"instock","12":"taxable","13":"shipping-taxable","14":"purchasable","15":"product-type-simple"},"acf":[],"yoast_head":"<!-- This site is optimized with the Yoast SEO plugin v27.4 - https:\/\/yoast.com\/product\/yoast-seo-wordpress\/ -->\n<title>Ultraheat - Bantam Wankm\u00fcller SA<\/title>\n<meta name=\"robots\" content=\"index, follow, max-snippet:-1, max-image-preview:large, max-video-preview:-1\" \/>\n<link rel=\"canonical\" href=\"https:\/\/shop.bantam.ch\/fr\/produit\/chauffage-auxiliaire-electrique-ultraheat\/\" \/>\n<meta property=\"og:locale\" content=\"fr_FR\" \/>\n<meta property=\"og:type\" content=\"article\" \/>\n<meta property=\"og:title\" content=\"Ultraheat - Bantam Wankm\u00fcller SA\" \/>\n<meta property=\"og:description\" content=\"Adapt\u00e9 aux chauffages Truma S5004\/S3004, Trumatic S3002\u2009(P) \u00e0 partir de 07\/81, Trumatic S5002 \u00e0 partir de 04\/98 et Truma S55T. Non compatible avec Trumatic S3002K, S5002K et S5002 jusqu\u2019\u00e0 04\/98. Contenu\u00a0:Avec thermostat d\u2018ambiance complet et \u00e9l\u00e9ment de commande C\u00e2ble 3 mConsommation d\u2018\u00e9nergie en puissance 500 W : 2,2 A, 1000 W : 4,5 A, 2000 [&hellip;]\" \/>\n<meta property=\"og:url\" content=\"https:\/\/shop.bantam.ch\/fr\/produit\/chauffage-auxiliaire-electrique-ultraheat\/\" \/>\n<meta property=\"og:site_name\" content=\"Bantam Wankm\u00fcller SA\" \/>\n<meta property=\"article:modified_time\" content=\"2026-04-18T18:58:10+00:00\" \/>\n<meta property=\"og:image\" content=\"https:\/\/shop.bantam.ch\/wp-content\/uploads\/2023\/02\/9954353-Elektro-Zusatzheizung_Truma_Ultraheat-Standard-01-1.jpg\" \/>\n\t<meta property=\"og:image:width\" content=\"837\" \/>\n\t<meta property=\"og:image:height\" content=\"1000\" \/>\n\t<meta property=\"og:image:type\" content=\"image\/jpeg\" \/>\n<meta name=\"twitter:card\" content=\"summary_large_image\" \/>\n<script type=\"application\/ld+json\" class=\"yoast-schema-graph\">{\"@context\":\"https:\\\/\\\/schema.org\",\"@graph\":[{\"@type\":\"WebPage\",\"@id\":\"https:\\\/\\\/shop.bantam.ch\\\/fr\\\/produit\\\/chauffage-auxiliaire-electrique-ultraheat\\\/\",\"url\":\"https:\\\/\\\/shop.bantam.ch\\\/fr\\\/produit\\\/chauffage-auxiliaire-electrique-ultraheat\\\/\",\"name\":\"Ultraheat - Bantam Wankm\u00fcller SA\",\"isPartOf\":{\"@id\":\"https:\\\/\\\/shop.bantam.ch\\\/fr\\\/#website\"},\"primaryImageOfPage\":{\"@id\":\"https:\\\/\\\/shop.bantam.ch\\\/fr\\\/produit\\\/chauffage-auxiliaire-electrique-ultraheat\\\/#primaryimage\"},\"image\":{\"@id\":\"https:\\\/\\\/shop.bantam.ch\\\/fr\\\/produit\\\/chauffage-auxiliaire-electrique-ultraheat\\\/#primaryimage\"},\"thumbnailUrl\":\"https:\\\/\\\/shop.bantam.ch\\\/wp-content\\\/uploads\\\/2023\\\/02\\\/9954353-Elektro-Zusatzheizung_Truma_Ultraheat-Standard-01-1.jpg\",\"datePublished\":\"2023-02-22T20:23:53+00:00\",\"dateModified\":\"2026-04-18T18:58:10+00:00\",\"breadcrumb\":{\"@id\":\"https:\\\/\\\/shop.bantam.ch\\\/fr\\\/produit\\\/chauffage-auxiliaire-electrique-ultraheat\\\/#breadcrumb\"},\"inLanguage\":\"fr-FR\",\"potentialAction\":[{\"@type\":\"ReadAction\",\"target\":[\"https:\\\/\\\/shop.bantam.ch\\\/fr\\\/produit\\\/chauffage-auxiliaire-electrique-ultraheat\\\/\"]}]},{\"@type\":\"ImageObject\",\"inLanguage\":\"fr-FR\",\"@id\":\"https:\\\/\\\/shop.bantam.ch\\\/fr\\\/produit\\\/chauffage-auxiliaire-electrique-ultraheat\\\/#primaryimage\",\"url\":\"https:\\\/\\\/shop.bantam.ch\\\/wp-content\\\/uploads\\\/2023\\\/02\\\/9954353-Elektro-Zusatzheizung_Truma_Ultraheat-Standard-01-1.jpg\",\"contentUrl\":\"https:\\\/\\\/shop.bantam.ch\\\/wp-content\\\/uploads\\\/2023\\\/02\\\/9954353-Elektro-Zusatzheizung_Truma_Ultraheat-Standard-01-1.jpg\",\"width\":837,\"height\":1000},{\"@type\":\"BreadcrumbList\",\"@id\":\"https:\\\/\\\/shop.bantam.ch\\\/fr\\\/produit\\\/chauffage-auxiliaire-electrique-ultraheat\\\/#breadcrumb\",\"itemListElement\":[{\"@type\":\"ListItem\",\"position\":1,\"name\":\"Accueil\",\"item\":\"https:\\\/\\\/shop.bantam.ch\\\/fr\\\/\"},{\"@type\":\"ListItem\",\"position\":2,\"name\":\"Boutique\",\"item\":\"https:\\\/\\\/shop.bantam.ch\\\/fr\\\/boutique\\\/\"},{\"@type\":\"ListItem\",\"position\":3,\"name\":\"Ultraheat\"}]},{\"@type\":\"WebSite\",\"@id\":\"https:\\\/\\\/shop.bantam.ch\\\/fr\\\/#website\",\"url\":\"https:\\\/\\\/shop.bantam.ch\\\/fr\\\/\",\"name\":\"Bantam Wankm\u00fcller SA\",\"description\":\"\",\"publisher\":{\"@id\":\"https:\\\/\\\/shop.bantam.ch\\\/fr\\\/#organization\"},\"inLanguage\":\"fr-FR\"},{\"@type\":\"Organization\",\"@id\":\"https:\\\/\\\/shop.bantam.ch\\\/fr\\\/#organization\",\"name\":\"Bantam Wankm\u00fcller SA\",\"url\":\"https:\\\/\\\/shop.bantam.ch\\\/fr\\\/\",\"logo\":{\"@type\":\"ImageObject\",\"inLanguage\":\"fr-FR\",\"@id\":\"https:\\\/\\\/shop.bantam.ch\\\/fr\\\/#\\\/schema\\\/logo\\\/image\\\/\",\"url\":\"https:\\\/\\\/shop.bantam.ch\\\/wp-content\\\/uploads\\\/2022\\\/12\\\/bantam-logo.png\",\"contentUrl\":\"https:\\\/\\\/shop.bantam.ch\\\/wp-content\\\/uploads\\\/2022\\\/12\\\/bantam-logo.png\",\"width\":320,\"height\":71,\"caption\":\"Bantam Wankm\u00fcller SA\"},\"image\":{\"@id\":\"https:\\\/\\\/shop.bantam.ch\\\/fr\\\/#\\\/schema\\\/logo\\\/image\\\/\"}}]}<\/script>\n<!-- \/ Yoast SEO plugin. -->","yoast_head_json":{"title":"Ultraheat - Bantam Wankm\u00fcller SA","robots":{"index":"index","follow":"follow","max-snippet":"max-snippet:-1","max-image-preview":"max-image-preview:large","max-video-preview":"max-video-preview:-1"},"canonical":"https:\/\/shop.bantam.ch\/fr\/produit\/chauffage-auxiliaire-electrique-ultraheat\/","og_locale":"fr_FR","og_type":"article","og_title":"Ultraheat - Bantam Wankm\u00fcller SA","og_description":"Adapt\u00e9 aux chauffages Truma S5004\/S3004, Trumatic S3002\u2009(P) \u00e0 partir de 07\/81, Trumatic S5002 \u00e0 partir de 04\/98 et Truma S55T. Non compatible avec Trumatic S3002K, S5002K et S5002 jusqu\u2019\u00e0 04\/98. Contenu\u00a0:Avec thermostat d\u2018ambiance complet et \u00e9l\u00e9ment de commande C\u00e2ble 3 mConsommation d\u2018\u00e9nergie en puissance 500 W : 2,2 A, 1000 W : 4,5 A, 2000 [&hellip;]","og_url":"https:\/\/shop.bantam.ch\/fr\/produit\/chauffage-auxiliaire-electrique-ultraheat\/","og_site_name":"Bantam Wankm\u00fcller SA","article_modified_time":"2026-04-18T18:58:10+00:00","og_image":[{"width":837,"height":1000,"url":"https:\/\/shop.bantam.ch\/wp-content\/uploads\/2023\/02\/9954353-Elektro-Zusatzheizung_Truma_Ultraheat-Standard-01-1.jpg","type":"image\/jpeg"}],"twitter_card":"summary_large_image","schema":{"@context":"https:\/\/schema.org","@graph":[{"@type":"WebPage","@id":"https:\/\/shop.bantam.ch\/fr\/produit\/chauffage-auxiliaire-electrique-ultraheat\/","url":"https:\/\/shop.bantam.ch\/fr\/produit\/chauffage-auxiliaire-electrique-ultraheat\/","name":"Ultraheat - Bantam Wankm\u00fcller SA","isPartOf":{"@id":"https:\/\/shop.bantam.ch\/fr\/#website"},"primaryImageOfPage":{"@id":"https:\/\/shop.bantam.ch\/fr\/produit\/chauffage-auxiliaire-electrique-ultraheat\/#primaryimage"},"image":{"@id":"https:\/\/shop.bantam.ch\/fr\/produit\/chauffage-auxiliaire-electrique-ultraheat\/#primaryimage"},"thumbnailUrl":"https:\/\/shop.bantam.ch\/wp-content\/uploads\/2023\/02\/9954353-Elektro-Zusatzheizung_Truma_Ultraheat-Standard-01-1.jpg","datePublished":"2023-02-22T20:23:53+00:00","dateModified":"2026-04-18T18:58:10+00:00","breadcrumb":{"@id":"https:\/\/shop.bantam.ch\/fr\/produit\/chauffage-auxiliaire-electrique-ultraheat\/#breadcrumb"},"inLanguage":"fr-FR","potentialAction":[{"@type":"ReadAction","target":["https:\/\/shop.bantam.ch\/fr\/produit\/chauffage-auxiliaire-electrique-ultraheat\/"]}]},{"@type":"ImageObject","inLanguage":"fr-FR","@id":"https:\/\/shop.bantam.ch\/fr\/produit\/chauffage-auxiliaire-electrique-ultraheat\/#primaryimage","url":"https:\/\/shop.bantam.ch\/wp-content\/uploads\/2023\/02\/9954353-Elektro-Zusatzheizung_Truma_Ultraheat-Standard-01-1.jpg","contentUrl":"https:\/\/shop.bantam.ch\/wp-content\/uploads\/2023\/02\/9954353-Elektro-Zusatzheizung_Truma_Ultraheat-Standard-01-1.jpg","width":837,"height":1000},{"@type":"BreadcrumbList","@id":"https:\/\/shop.bantam.ch\/fr\/produit\/chauffage-auxiliaire-electrique-ultraheat\/#breadcrumb","itemListElement":[{"@type":"ListItem","position":1,"name":"Accueil","item":"https:\/\/shop.bantam.ch\/fr\/"},{"@type":"ListItem","position":2,"name":"Boutique","item":"https:\/\/shop.bantam.ch\/fr\/boutique\/"},{"@type":"ListItem","position":3,"name":"Ultraheat"}]},{"@type":"WebSite","@id":"https:\/\/shop.bantam.ch\/fr\/#website","url":"https:\/\/shop.bantam.ch\/fr\/","name":"Bantam Wankm\u00fcller SA","description":"","publisher":{"@id":"https:\/\/shop.bantam.ch\/fr\/#organization"},"inLanguage":"fr-FR"},{"@type":"Organization","@id":"https:\/\/shop.bantam.ch\/fr\/#organization","name":"Bantam Wankm\u00fcller SA","url":"https:\/\/shop.bantam.ch\/fr\/","logo":{"@type":"ImageObject","inLanguage":"fr-FR","@id":"https:\/\/shop.bantam.ch\/fr\/#\/schema\/logo\/image\/","url":"https:\/\/shop.bantam.ch\/wp-content\/uploads\/2022\/12\/bantam-logo.png","contentUrl":"https:\/\/shop.bantam.ch\/wp-content\/uploads\/2022\/12\/bantam-logo.png","width":320,"height":71,"caption":"Bantam Wankm\u00fcller SA"},"image":{"@id":"https:\/\/shop.bantam.ch\/fr\/#\/schema\/logo\/image\/"}}]}},"_links":{"self":[{"href":"https:\/\/shop.bantam.ch\/fr\/wp-json\/wp\/v2\/product\/41349","targetHints":{"allow":["GET"]}}],"collection":[{"href":"https:\/\/shop.bantam.ch\/fr\/wp-json\/wp\/v2\/product"}],"about":[{"href":"https:\/\/shop.bantam.ch\/fr\/wp-json\/wp\/v2\/types\/product"}],"wp:featuredmedia":[{"embeddable":true,"href":"https:\/\/shop.bantam.ch\/fr\/wp-json\/wp\/v2\/media\/41347"}],"wp:attachment":[{"href":"https:\/\/shop.bantam.ch\/fr\/wp-json\/wp\/v2\/media?parent=41349"}],"wp:term":[{"taxonomy":"product_featured_cat","embeddable":true,"href":"https:\/\/shop.bantam.ch\/fr\/wp-json\/wp\/v2\/product_featured_cat?post=41349"},{"taxonomy":"product_brand","embeddable":true,"href":"https:\/\/shop.bantam.ch\/fr\/wp-json\/wp\/v2\/product_brand?post=41349"},{"taxonomy":"product_cat","embeddable":true,"href":"https:\/\/shop.bantam.ch\/fr\/wp-json\/wp\/v2\/product_cat?post=41349"},{"taxonomy":"product_tag","embeddable":true,"href":"https:\/\/shop.bantam.ch\/fr\/wp-json\/wp\/v2\/product_tag?post=41349"}],"curies":[{"name":"wp","href":"https:\/\/api.w.org\/{rel}","templated":true}]}}