{"id":41209,"date":"2023-02-22T21:20:56","date_gmt":"2023-02-22T20:20:56","guid":{"rendered":"http:\/\/preprod-dev.sh1.hidora.com\/webshop\/produit\/eponge-magique-lot-de-4-pieces\/"},"modified":"2026-04-19T20:58:27","modified_gmt":"2026-04-19T18:58:27","slug":"eponge-magique-lot-de-4-pieces","status":"publish","type":"product","link":"https:\/\/shop.bantam.ch\/fr\/produit\/eponge-magique-lot-de-4-pieces\/","title":{"rendered":"\u00c9ponge magique pack de 4"},"content":{"rendered":"<p>Nettoie uniquement avec de l\u2018eau, sans d\u00e9tergent.  \u00c9limine toutes les salet\u00e9s tenaces telles que les traces de pluie, le calcaire, les points de rouille, les traces de semelle, de feutre, les aur\u00e9oles de caf\u00e9 et de th\u00e9, les traces d\u2018eau. Id\u00e9al pour toutes les surfaces en plastique ou en m\u00e9tal, notamment pour les zodiacs, le PVC, les meubles de jardin, les lavabos, les plans de travail et plans de toilette, le verre, les miroirs et toute autre surface dure.<\/p>\n<p>Contenu\u00a0:<br \/>4 pi\u00e8ces<\/p>\n","protected":false},"excerpt":{"rendered":"<p>Nettoie uniquement avec de l\u2018eau, sans d\u00e9tergent. \u00c9limine toutes les salet\u00e9s tenaces telles que les traces de pluie, le calcaire, les points de rouille, les traces de semelle, de feutre, les aur\u00e9oles de caf\u00e9 et de th\u00e9, les traces d\u2018eau. Id\u00e9al pour toutes les surfaces en plastique ou en m\u00e9tal, notamment pour les zodiacs, le [&hellip;]<\/p>\n","protected":false},"featured_media":41205,"template":"","meta":{"_acf_changed":false},"product_featured_cat":[],"product_brand":[3164],"product_cat":[4151,4289],"product_tag":[],"class_list":{"0":"post-41209","1":"product","2":"type-product","3":"status-publish","4":"has-post-thumbnail","6":"product_brand-yachticon","7":"product_cat-entretien-et-produits-de-nettoyage","8":"product_cat-rincage-et-nettoyage","10":"first","11":"instock","12":"taxable","13":"shipping-taxable","14":"purchasable","15":"product-type-simple"},"acf":[],"yoast_head":"<!-- This site is optimized with the Yoast SEO plugin v27.4 - https:\/\/yoast.com\/product\/yoast-seo-wordpress\/ -->\n<title>\u00c9ponge magique pack de 4 - Bantam Wankm\u00fcller SA<\/title>\n<meta name=\"robots\" content=\"index, follow, max-snippet:-1, max-image-preview:large, max-video-preview:-1\" \/>\n<link rel=\"canonical\" href=\"https:\/\/shop.bantam.ch\/fr\/produit\/eponge-magique-lot-de-4-pieces\/\" \/>\n<meta property=\"og:locale\" content=\"fr_FR\" \/>\n<meta property=\"og:type\" content=\"article\" \/>\n<meta property=\"og:title\" content=\"\u00c9ponge magique pack de 4 - Bantam Wankm\u00fcller SA\" \/>\n<meta property=\"og:description\" content=\"Nettoie uniquement avec de l\u2018eau, sans d\u00e9tergent. \u00c9limine toutes les salet\u00e9s tenaces telles que les traces de pluie, le calcaire, les points de rouille, les traces de semelle, de feutre, les aur\u00e9oles de caf\u00e9 et de th\u00e9, les traces d\u2018eau. Id\u00e9al pour toutes les surfaces en plastique ou en m\u00e9tal, notamment pour les zodiacs, le [&hellip;]\" \/>\n<meta property=\"og:url\" content=\"https:\/\/shop.bantam.ch\/fr\/produit\/eponge-magique-lot-de-4-pieces\/\" \/>\n<meta property=\"og:site_name\" content=\"Bantam Wankm\u00fcller SA\" \/>\n<meta property=\"article:modified_time\" content=\"2026-04-19T18:58:27+00:00\" \/>\n<meta property=\"og:image\" content=\"https:\/\/shop.bantam.ch\/wp-content\/uploads\/2023\/02\/9916669-Fleck-Weg_Magic-Schwamm-Standard-01-1.jpg\" \/>\n\t<meta property=\"og:image:width\" content=\"1000\" \/>\n\t<meta property=\"og:image:height\" content=\"691\" \/>\n\t<meta property=\"og:image:type\" content=\"image\/jpeg\" \/>\n<meta name=\"twitter:card\" content=\"summary_large_image\" \/>\n<script type=\"application\/ld+json\" class=\"yoast-schema-graph\">{\"@context\":\"https:\\\/\\\/schema.org\",\"@graph\":[{\"@type\":\"WebPage\",\"@id\":\"https:\\\/\\\/shop.bantam.ch\\\/fr\\\/produit\\\/eponge-magique-lot-de-4-pieces\\\/\",\"url\":\"https:\\\/\\\/shop.bantam.ch\\\/fr\\\/produit\\\/eponge-magique-lot-de-4-pieces\\\/\",\"name\":\"\u00c9ponge magique pack de 4 - Bantam Wankm\u00fcller SA\",\"isPartOf\":{\"@id\":\"https:\\\/\\\/shop.bantam.ch\\\/fr\\\/#website\"},\"primaryImageOfPage\":{\"@id\":\"https:\\\/\\\/shop.bantam.ch\\\/fr\\\/produit\\\/eponge-magique-lot-de-4-pieces\\\/#primaryimage\"},\"image\":{\"@id\":\"https:\\\/\\\/shop.bantam.ch\\\/fr\\\/produit\\\/eponge-magique-lot-de-4-pieces\\\/#primaryimage\"},\"thumbnailUrl\":\"https:\\\/\\\/shop.bantam.ch\\\/wp-content\\\/uploads\\\/2023\\\/02\\\/9916669-Fleck-Weg_Magic-Schwamm-Standard-01-1.jpg\",\"datePublished\":\"2023-02-22T20:20:56+00:00\",\"dateModified\":\"2026-04-19T18:58:27+00:00\",\"breadcrumb\":{\"@id\":\"https:\\\/\\\/shop.bantam.ch\\\/fr\\\/produit\\\/eponge-magique-lot-de-4-pieces\\\/#breadcrumb\"},\"inLanguage\":\"fr-FR\",\"potentialAction\":[{\"@type\":\"ReadAction\",\"target\":[\"https:\\\/\\\/shop.bantam.ch\\\/fr\\\/produit\\\/eponge-magique-lot-de-4-pieces\\\/\"]}]},{\"@type\":\"ImageObject\",\"inLanguage\":\"fr-FR\",\"@id\":\"https:\\\/\\\/shop.bantam.ch\\\/fr\\\/produit\\\/eponge-magique-lot-de-4-pieces\\\/#primaryimage\",\"url\":\"https:\\\/\\\/shop.bantam.ch\\\/wp-content\\\/uploads\\\/2023\\\/02\\\/9916669-Fleck-Weg_Magic-Schwamm-Standard-01-1.jpg\",\"contentUrl\":\"https:\\\/\\\/shop.bantam.ch\\\/wp-content\\\/uploads\\\/2023\\\/02\\\/9916669-Fleck-Weg_Magic-Schwamm-Standard-01-1.jpg\",\"width\":1000,\"height\":691},{\"@type\":\"BreadcrumbList\",\"@id\":\"https:\\\/\\\/shop.bantam.ch\\\/fr\\\/produit\\\/eponge-magique-lot-de-4-pieces\\\/#breadcrumb\",\"itemListElement\":[{\"@type\":\"ListItem\",\"position\":1,\"name\":\"Accueil\",\"item\":\"https:\\\/\\\/shop.bantam.ch\\\/fr\\\/\"},{\"@type\":\"ListItem\",\"position\":2,\"name\":\"Boutique\",\"item\":\"https:\\\/\\\/shop.bantam.ch\\\/fr\\\/boutique\\\/\"},{\"@type\":\"ListItem\",\"position\":3,\"name\":\"\u00c9ponge magique pack de 4\"}]},{\"@type\":\"WebSite\",\"@id\":\"https:\\\/\\\/shop.bantam.ch\\\/fr\\\/#website\",\"url\":\"https:\\\/\\\/shop.bantam.ch\\\/fr\\\/\",\"name\":\"Bantam Wankm\u00fcller SA\",\"description\":\"\",\"publisher\":{\"@id\":\"https:\\\/\\\/shop.bantam.ch\\\/fr\\\/#organization\"},\"inLanguage\":\"fr-FR\"},{\"@type\":\"Organization\",\"@id\":\"https:\\\/\\\/shop.bantam.ch\\\/fr\\\/#organization\",\"name\":\"Bantam Wankm\u00fcller SA\",\"url\":\"https:\\\/\\\/shop.bantam.ch\\\/fr\\\/\",\"logo\":{\"@type\":\"ImageObject\",\"inLanguage\":\"fr-FR\",\"@id\":\"https:\\\/\\\/shop.bantam.ch\\\/fr\\\/#\\\/schema\\\/logo\\\/image\\\/\",\"url\":\"https:\\\/\\\/shop.bantam.ch\\\/wp-content\\\/uploads\\\/2022\\\/12\\\/bantam-logo.png\",\"contentUrl\":\"https:\\\/\\\/shop.bantam.ch\\\/wp-content\\\/uploads\\\/2022\\\/12\\\/bantam-logo.png\",\"width\":320,\"height\":71,\"caption\":\"Bantam Wankm\u00fcller SA\"},\"image\":{\"@id\":\"https:\\\/\\\/shop.bantam.ch\\\/fr\\\/#\\\/schema\\\/logo\\\/image\\\/\"}}]}<\/script>\n<!-- \/ Yoast SEO plugin. -->","yoast_head_json":{"title":"\u00c9ponge magique pack de 4 - Bantam Wankm\u00fcller SA","robots":{"index":"index","follow":"follow","max-snippet":"max-snippet:-1","max-image-preview":"max-image-preview:large","max-video-preview":"max-video-preview:-1"},"canonical":"https:\/\/shop.bantam.ch\/fr\/produit\/eponge-magique-lot-de-4-pieces\/","og_locale":"fr_FR","og_type":"article","og_title":"\u00c9ponge magique pack de 4 - Bantam Wankm\u00fcller SA","og_description":"Nettoie uniquement avec de l\u2018eau, sans d\u00e9tergent. \u00c9limine toutes les salet\u00e9s tenaces telles que les traces de pluie, le calcaire, les points de rouille, les traces de semelle, de feutre, les aur\u00e9oles de caf\u00e9 et de th\u00e9, les traces d\u2018eau. Id\u00e9al pour toutes les surfaces en plastique ou en m\u00e9tal, notamment pour les zodiacs, le [&hellip;]","og_url":"https:\/\/shop.bantam.ch\/fr\/produit\/eponge-magique-lot-de-4-pieces\/","og_site_name":"Bantam Wankm\u00fcller SA","article_modified_time":"2026-04-19T18:58:27+00:00","og_image":[{"width":1000,"height":691,"url":"https:\/\/shop.bantam.ch\/wp-content\/uploads\/2023\/02\/9916669-Fleck-Weg_Magic-Schwamm-Standard-01-1.jpg","type":"image\/jpeg"}],"twitter_card":"summary_large_image","schema":{"@context":"https:\/\/schema.org","@graph":[{"@type":"WebPage","@id":"https:\/\/shop.bantam.ch\/fr\/produit\/eponge-magique-lot-de-4-pieces\/","url":"https:\/\/shop.bantam.ch\/fr\/produit\/eponge-magique-lot-de-4-pieces\/","name":"\u00c9ponge magique pack de 4 - Bantam Wankm\u00fcller SA","isPartOf":{"@id":"https:\/\/shop.bantam.ch\/fr\/#website"},"primaryImageOfPage":{"@id":"https:\/\/shop.bantam.ch\/fr\/produit\/eponge-magique-lot-de-4-pieces\/#primaryimage"},"image":{"@id":"https:\/\/shop.bantam.ch\/fr\/produit\/eponge-magique-lot-de-4-pieces\/#primaryimage"},"thumbnailUrl":"https:\/\/shop.bantam.ch\/wp-content\/uploads\/2023\/02\/9916669-Fleck-Weg_Magic-Schwamm-Standard-01-1.jpg","datePublished":"2023-02-22T20:20:56+00:00","dateModified":"2026-04-19T18:58:27+00:00","breadcrumb":{"@id":"https:\/\/shop.bantam.ch\/fr\/produit\/eponge-magique-lot-de-4-pieces\/#breadcrumb"},"inLanguage":"fr-FR","potentialAction":[{"@type":"ReadAction","target":["https:\/\/shop.bantam.ch\/fr\/produit\/eponge-magique-lot-de-4-pieces\/"]}]},{"@type":"ImageObject","inLanguage":"fr-FR","@id":"https:\/\/shop.bantam.ch\/fr\/produit\/eponge-magique-lot-de-4-pieces\/#primaryimage","url":"https:\/\/shop.bantam.ch\/wp-content\/uploads\/2023\/02\/9916669-Fleck-Weg_Magic-Schwamm-Standard-01-1.jpg","contentUrl":"https:\/\/shop.bantam.ch\/wp-content\/uploads\/2023\/02\/9916669-Fleck-Weg_Magic-Schwamm-Standard-01-1.jpg","width":1000,"height":691},{"@type":"BreadcrumbList","@id":"https:\/\/shop.bantam.ch\/fr\/produit\/eponge-magique-lot-de-4-pieces\/#breadcrumb","itemListElement":[{"@type":"ListItem","position":1,"name":"Accueil","item":"https:\/\/shop.bantam.ch\/fr\/"},{"@type":"ListItem","position":2,"name":"Boutique","item":"https:\/\/shop.bantam.ch\/fr\/boutique\/"},{"@type":"ListItem","position":3,"name":"\u00c9ponge magique pack de 4"}]},{"@type":"WebSite","@id":"https:\/\/shop.bantam.ch\/fr\/#website","url":"https:\/\/shop.bantam.ch\/fr\/","name":"Bantam Wankm\u00fcller SA","description":"","publisher":{"@id":"https:\/\/shop.bantam.ch\/fr\/#organization"},"inLanguage":"fr-FR"},{"@type":"Organization","@id":"https:\/\/shop.bantam.ch\/fr\/#organization","name":"Bantam Wankm\u00fcller SA","url":"https:\/\/shop.bantam.ch\/fr\/","logo":{"@type":"ImageObject","inLanguage":"fr-FR","@id":"https:\/\/shop.bantam.ch\/fr\/#\/schema\/logo\/image\/","url":"https:\/\/shop.bantam.ch\/wp-content\/uploads\/2022\/12\/bantam-logo.png","contentUrl":"https:\/\/shop.bantam.ch\/wp-content\/uploads\/2022\/12\/bantam-logo.png","width":320,"height":71,"caption":"Bantam Wankm\u00fcller SA"},"image":{"@id":"https:\/\/shop.bantam.ch\/fr\/#\/schema\/logo\/image\/"}}]}},"_links":{"self":[{"href":"https:\/\/shop.bantam.ch\/fr\/wp-json\/wp\/v2\/product\/41209","targetHints":{"allow":["GET"]}}],"collection":[{"href":"https:\/\/shop.bantam.ch\/fr\/wp-json\/wp\/v2\/product"}],"about":[{"href":"https:\/\/shop.bantam.ch\/fr\/wp-json\/wp\/v2\/types\/product"}],"wp:featuredmedia":[{"embeddable":true,"href":"https:\/\/shop.bantam.ch\/fr\/wp-json\/wp\/v2\/media\/41205"}],"wp:attachment":[{"href":"https:\/\/shop.bantam.ch\/fr\/wp-json\/wp\/v2\/media?parent=41209"}],"wp:term":[{"taxonomy":"product_featured_cat","embeddable":true,"href":"https:\/\/shop.bantam.ch\/fr\/wp-json\/wp\/v2\/product_featured_cat?post=41209"},{"taxonomy":"product_brand","embeddable":true,"href":"https:\/\/shop.bantam.ch\/fr\/wp-json\/wp\/v2\/product_brand?post=41209"},{"taxonomy":"product_cat","embeddable":true,"href":"https:\/\/shop.bantam.ch\/fr\/wp-json\/wp\/v2\/product_cat?post=41209"},{"taxonomy":"product_tag","embeddable":true,"href":"https:\/\/shop.bantam.ch\/fr\/wp-json\/wp\/v2\/product_tag?post=41209"}],"curies":[{"name":"wp","href":"https:\/\/api.w.org\/{rel}","templated":true}]}}