{"id":41171,"date":"2023-02-22T21:20:22","date_gmt":"2023-02-22T20:20:22","guid":{"rendered":"http:\/\/preprod-dev.sh1.hidora.com\/webshop\/produit\/plaque-de-base-en-plastique-rectangulaire\/"},"modified":"2026-05-09T20:57:26","modified_gmt":"2026-05-09T18:57:26","slug":"plaque-de-base-en-plastique-rectangulaire","status":"publish","type":"product","link":"https:\/\/shop.bantam.ch\/fr\/produit\/plaque-de-base-en-plastique-rectangulaire\/","title":{"rendered":"Plaque base plastique Purvario avec velours coul. noir 30 x 50\u00a0cm"},"content":{"rendered":"<p>Le concept innovant de Purvario by D\u00d6RR vous permet de transporter votre vaisselle silencieusement et en toute s\u00e9curit\u00e9. Le syst\u00e8me Vario offre 4 modules de fixation flexibles pour diff\u00e9rentes tailles et variantes.<\/p>\n<p>Les tiroirs et les espaces de rangement peuvent \u00eatre utilis\u00e9s de mani\u00e8re optimale.<\/p>\n<p>Il vous faut pour cela une plaque de base d\u00e9coupable individuellement couverte de velours et un support correspondant que vous pourrez fixer comme vous le souhaitez sur la plaque de velours. <\/p>\n<p>Les modules du syst\u00e8me Vario peuvent ainsi \u00eatre repositionn\u00e9s \u00e0 tout moment si n\u00e9cessaire. Vous pouvez par cons\u00e9quent composer vous-m\u00eame les solutions les plus vari\u00e9es sans avoir \u00e0 sp\u00e9cifier le diam\u00e8tre, la taille ou la forme de votre vaisselle. Les modules sont extr\u00eamement l\u00e9gers et n&rsquo;augmentent donc pas le poids total de mani\u00e8re significative.<\/p>\n<p>Pas de cliquetis pendant le transport. Prot\u00e8ge contre le risque de casse.<br \/>Facile \u00e0 nettoyer, de haute qualit\u00e9, antid\u00e9rapant et de forme stable !<br \/>Plaque en velours sur une base synth\u00e9tique pour l&rsquo;habillage des tiroirs et des compartiments de rangement.<\/p>\n","protected":false},"excerpt":{"rendered":"<p>Le concept innovant de Purvario by D\u00d6RR vous permet de transporter votre vaisselle silencieusement et en toute s\u00e9curit\u00e9. Le syst\u00e8me Vario offre 4 modules de fixation flexibles pour diff\u00e9rentes tailles et variantes. Les tiroirs et les espaces de rangement peuvent \u00eatre utilis\u00e9s de mani\u00e8re optimale. Il vous faut pour cela une plaque de base d\u00e9coupable [&hellip;]<\/p>\n","protected":false},"featured_media":41165,"template":"","meta":{"_acf_changed":false},"product_featured_cat":[],"product_brand":[3328],"product_cat":[5149],"product_tag":[],"class_list":{"0":"post-41171","1":"product","2":"type-product","3":"status-publish","4":"has-post-thumbnail","6":"product_brand-purvario","7":"product_cat-rangements-pour-la-vaisselle","9":"first","10":"instock","11":"taxable","12":"shipping-taxable","13":"purchasable","14":"product-type-simple"},"acf":[],"yoast_head":"<!-- This site is optimized with the Yoast SEO plugin v27.5 - https:\/\/yoast.com\/product\/yoast-seo-wordpress\/ -->\n<title>Plaque base plastique Purvario avec velours coul. noir 30 x 50\u00a0cm - Bantam<\/title>\n<meta name=\"robots\" content=\"index, follow, max-snippet:-1, max-image-preview:large, max-video-preview:-1\" \/>\n<link rel=\"canonical\" href=\"https:\/\/shop.bantam.ch\/fr\/produit\/plaque-de-base-en-plastique-rectangulaire\/\" \/>\n<meta property=\"og:locale\" content=\"fr_FR\" \/>\n<meta property=\"og:type\" content=\"article\" \/>\n<meta property=\"og:title\" content=\"Plaque base plastique Purvario avec velours coul. noir 30 x 50\u00a0cm - Bantam\" \/>\n<meta property=\"og:description\" content=\"Le concept innovant de Purvario by D\u00d6RR vous permet de transporter votre vaisselle silencieusement et en toute s\u00e9curit\u00e9. Le syst\u00e8me Vario offre 4 modules de fixation flexibles pour diff\u00e9rentes tailles et variantes. Les tiroirs et les espaces de rangement peuvent \u00eatre utilis\u00e9s de mani\u00e8re optimale. Il vous faut pour cela une plaque de base d\u00e9coupable [&hellip;]\" \/>\n<meta property=\"og:url\" content=\"https:\/\/shop.bantam.ch\/fr\/produit\/plaque-de-base-en-plastique-rectangulaire\/\" \/>\n<meta property=\"og:site_name\" content=\"Bantam\" \/>\n<meta property=\"article:modified_time\" content=\"2026-05-09T18:57:26+00:00\" \/>\n<meta property=\"og:image\" content=\"https:\/\/shop.bantam.ch\/wp-content\/uploads\/2023\/02\/9917364-Vario_System_Basis_I-B_Velourstoff_schwarz_auf_Kunststoff-Stegplatte_Groesse_300_mm_x_500_mm-Standard-01-1.jpg\" \/>\n\t<meta property=\"og:image:width\" content=\"1000\" \/>\n\t<meta property=\"og:image:height\" content=\"711\" \/>\n\t<meta property=\"og:image:type\" content=\"image\/jpeg\" \/>\n<meta name=\"twitter:card\" content=\"summary_large_image\" \/>\n<meta name=\"twitter:label1\" content=\"Dur\u00e9e de lecture estim\u00e9e\" \/>\n\t<meta name=\"twitter:data1\" content=\"1 minute\" \/>\n<script type=\"application\/ld+json\" class=\"yoast-schema-graph\">{\"@context\":\"https:\\\/\\\/schema.org\",\"@graph\":[{\"@type\":\"WebPage\",\"@id\":\"https:\\\/\\\/shop.bantam.ch\\\/fr\\\/produit\\\/plaque-de-base-en-plastique-rectangulaire\\\/\",\"url\":\"https:\\\/\\\/shop.bantam.ch\\\/fr\\\/produit\\\/plaque-de-base-en-plastique-rectangulaire\\\/\",\"name\":\"Plaque base plastique Purvario avec velours coul. noir 30 x 50\u00a0cm - Bantam\",\"isPartOf\":{\"@id\":\"https:\\\/\\\/shop.bantam.ch\\\/fr\\\/#website\"},\"primaryImageOfPage\":{\"@id\":\"https:\\\/\\\/shop.bantam.ch\\\/fr\\\/produit\\\/plaque-de-base-en-plastique-rectangulaire\\\/#primaryimage\"},\"image\":{\"@id\":\"https:\\\/\\\/shop.bantam.ch\\\/fr\\\/produit\\\/plaque-de-base-en-plastique-rectangulaire\\\/#primaryimage\"},\"thumbnailUrl\":\"https:\\\/\\\/shop.bantam.ch\\\/wp-content\\\/uploads\\\/2023\\\/02\\\/9917364-Vario_System_Basis_I-B_Velourstoff_schwarz_auf_Kunststoff-Stegplatte_Groesse_300_mm_x_500_mm-Standard-01-1.jpg\",\"datePublished\":\"2023-02-22T20:20:22+00:00\",\"dateModified\":\"2026-05-09T18:57:26+00:00\",\"breadcrumb\":{\"@id\":\"https:\\\/\\\/shop.bantam.ch\\\/fr\\\/produit\\\/plaque-de-base-en-plastique-rectangulaire\\\/#breadcrumb\"},\"inLanguage\":\"fr-FR\",\"potentialAction\":[{\"@type\":\"ReadAction\",\"target\":[\"https:\\\/\\\/shop.bantam.ch\\\/fr\\\/produit\\\/plaque-de-base-en-plastique-rectangulaire\\\/\"]}]},{\"@type\":\"ImageObject\",\"inLanguage\":\"fr-FR\",\"@id\":\"https:\\\/\\\/shop.bantam.ch\\\/fr\\\/produit\\\/plaque-de-base-en-plastique-rectangulaire\\\/#primaryimage\",\"url\":\"https:\\\/\\\/shop.bantam.ch\\\/wp-content\\\/uploads\\\/2023\\\/02\\\/9917364-Vario_System_Basis_I-B_Velourstoff_schwarz_auf_Kunststoff-Stegplatte_Groesse_300_mm_x_500_mm-Standard-01-1.jpg\",\"contentUrl\":\"https:\\\/\\\/shop.bantam.ch\\\/wp-content\\\/uploads\\\/2023\\\/02\\\/9917364-Vario_System_Basis_I-B_Velourstoff_schwarz_auf_Kunststoff-Stegplatte_Groesse_300_mm_x_500_mm-Standard-01-1.jpg\",\"width\":1000,\"height\":711},{\"@type\":\"BreadcrumbList\",\"@id\":\"https:\\\/\\\/shop.bantam.ch\\\/fr\\\/produit\\\/plaque-de-base-en-plastique-rectangulaire\\\/#breadcrumb\",\"itemListElement\":[{\"@type\":\"ListItem\",\"position\":1,\"name\":\"Accueil\",\"item\":\"https:\\\/\\\/shop.bantam.ch\\\/fr\\\/\"},{\"@type\":\"ListItem\",\"position\":2,\"name\":\"Boutique\",\"item\":\"https:\\\/\\\/shop.bantam.ch\\\/fr\\\/boutique\\\/\"},{\"@type\":\"ListItem\",\"position\":3,\"name\":\"Plaque base plastique Purvario avec velours coul. noir 30 x 50\u00a0cm\"}]},{\"@type\":\"WebSite\",\"@id\":\"https:\\\/\\\/shop.bantam.ch\\\/fr\\\/#website\",\"url\":\"https:\\\/\\\/shop.bantam.ch\\\/fr\\\/\",\"name\":\"Bantam\",\"description\":\"\",\"publisher\":{\"@id\":\"https:\\\/\\\/shop.bantam.ch\\\/fr\\\/#organization\"},\"inLanguage\":\"fr-FR\"},{\"@type\":\"Organization\",\"@id\":\"https:\\\/\\\/shop.bantam.ch\\\/fr\\\/#organization\",\"name\":\"Bantam\",\"url\":\"https:\\\/\\\/shop.bantam.ch\\\/fr\\\/\",\"logo\":{\"@type\":\"ImageObject\",\"inLanguage\":\"fr-FR\",\"@id\":\"https:\\\/\\\/shop.bantam.ch\\\/fr\\\/#\\\/schema\\\/logo\\\/image\\\/\",\"url\":\"https:\\\/\\\/shop.bantam.ch\\\/wp-content\\\/uploads\\\/2022\\\/12\\\/bantam-logo.png\",\"contentUrl\":\"https:\\\/\\\/shop.bantam.ch\\\/wp-content\\\/uploads\\\/2022\\\/12\\\/bantam-logo.png\",\"width\":320,\"height\":71,\"caption\":\"Bantam\"},\"image\":{\"@id\":\"https:\\\/\\\/shop.bantam.ch\\\/fr\\\/#\\\/schema\\\/logo\\\/image\\\/\"}}]}<\/script>\n<!-- \/ Yoast SEO plugin. -->","yoast_head_json":{"title":"Plaque base plastique Purvario avec velours coul. noir 30 x 50\u00a0cm - Bantam","robots":{"index":"index","follow":"follow","max-snippet":"max-snippet:-1","max-image-preview":"max-image-preview:large","max-video-preview":"max-video-preview:-1"},"canonical":"https:\/\/shop.bantam.ch\/fr\/produit\/plaque-de-base-en-plastique-rectangulaire\/","og_locale":"fr_FR","og_type":"article","og_title":"Plaque base plastique Purvario avec velours coul. noir 30 x 50\u00a0cm - Bantam","og_description":"Le concept innovant de Purvario by D\u00d6RR vous permet de transporter votre vaisselle silencieusement et en toute s\u00e9curit\u00e9. Le syst\u00e8me Vario offre 4 modules de fixation flexibles pour diff\u00e9rentes tailles et variantes. Les tiroirs et les espaces de rangement peuvent \u00eatre utilis\u00e9s de mani\u00e8re optimale. Il vous faut pour cela une plaque de base d\u00e9coupable [&hellip;]","og_url":"https:\/\/shop.bantam.ch\/fr\/produit\/plaque-de-base-en-plastique-rectangulaire\/","og_site_name":"Bantam","article_modified_time":"2026-05-09T18:57:26+00:00","og_image":[{"width":1000,"height":711,"url":"https:\/\/shop.bantam.ch\/wp-content\/uploads\/2023\/02\/9917364-Vario_System_Basis_I-B_Velourstoff_schwarz_auf_Kunststoff-Stegplatte_Groesse_300_mm_x_500_mm-Standard-01-1.jpg","type":"image\/jpeg"}],"twitter_card":"summary_large_image","twitter_misc":{"Dur\u00e9e de lecture estim\u00e9e":"1 minute"},"schema":{"@context":"https:\/\/schema.org","@graph":[{"@type":"WebPage","@id":"https:\/\/shop.bantam.ch\/fr\/produit\/plaque-de-base-en-plastique-rectangulaire\/","url":"https:\/\/shop.bantam.ch\/fr\/produit\/plaque-de-base-en-plastique-rectangulaire\/","name":"Plaque base plastique Purvario avec velours coul. noir 30 x 50\u00a0cm - Bantam","isPartOf":{"@id":"https:\/\/shop.bantam.ch\/fr\/#website"},"primaryImageOfPage":{"@id":"https:\/\/shop.bantam.ch\/fr\/produit\/plaque-de-base-en-plastique-rectangulaire\/#primaryimage"},"image":{"@id":"https:\/\/shop.bantam.ch\/fr\/produit\/plaque-de-base-en-plastique-rectangulaire\/#primaryimage"},"thumbnailUrl":"https:\/\/shop.bantam.ch\/wp-content\/uploads\/2023\/02\/9917364-Vario_System_Basis_I-B_Velourstoff_schwarz_auf_Kunststoff-Stegplatte_Groesse_300_mm_x_500_mm-Standard-01-1.jpg","datePublished":"2023-02-22T20:20:22+00:00","dateModified":"2026-05-09T18:57:26+00:00","breadcrumb":{"@id":"https:\/\/shop.bantam.ch\/fr\/produit\/plaque-de-base-en-plastique-rectangulaire\/#breadcrumb"},"inLanguage":"fr-FR","potentialAction":[{"@type":"ReadAction","target":["https:\/\/shop.bantam.ch\/fr\/produit\/plaque-de-base-en-plastique-rectangulaire\/"]}]},{"@type":"ImageObject","inLanguage":"fr-FR","@id":"https:\/\/shop.bantam.ch\/fr\/produit\/plaque-de-base-en-plastique-rectangulaire\/#primaryimage","url":"https:\/\/shop.bantam.ch\/wp-content\/uploads\/2023\/02\/9917364-Vario_System_Basis_I-B_Velourstoff_schwarz_auf_Kunststoff-Stegplatte_Groesse_300_mm_x_500_mm-Standard-01-1.jpg","contentUrl":"https:\/\/shop.bantam.ch\/wp-content\/uploads\/2023\/02\/9917364-Vario_System_Basis_I-B_Velourstoff_schwarz_auf_Kunststoff-Stegplatte_Groesse_300_mm_x_500_mm-Standard-01-1.jpg","width":1000,"height":711},{"@type":"BreadcrumbList","@id":"https:\/\/shop.bantam.ch\/fr\/produit\/plaque-de-base-en-plastique-rectangulaire\/#breadcrumb","itemListElement":[{"@type":"ListItem","position":1,"name":"Accueil","item":"https:\/\/shop.bantam.ch\/fr\/"},{"@type":"ListItem","position":2,"name":"Boutique","item":"https:\/\/shop.bantam.ch\/fr\/boutique\/"},{"@type":"ListItem","position":3,"name":"Plaque base plastique Purvario avec velours coul. noir 30 x 50\u00a0cm"}]},{"@type":"WebSite","@id":"https:\/\/shop.bantam.ch\/fr\/#website","url":"https:\/\/shop.bantam.ch\/fr\/","name":"Bantam","description":"","publisher":{"@id":"https:\/\/shop.bantam.ch\/fr\/#organization"},"inLanguage":"fr-FR"},{"@type":"Organization","@id":"https:\/\/shop.bantam.ch\/fr\/#organization","name":"Bantam","url":"https:\/\/shop.bantam.ch\/fr\/","logo":{"@type":"ImageObject","inLanguage":"fr-FR","@id":"https:\/\/shop.bantam.ch\/fr\/#\/schema\/logo\/image\/","url":"https:\/\/shop.bantam.ch\/wp-content\/uploads\/2022\/12\/bantam-logo.png","contentUrl":"https:\/\/shop.bantam.ch\/wp-content\/uploads\/2022\/12\/bantam-logo.png","width":320,"height":71,"caption":"Bantam"},"image":{"@id":"https:\/\/shop.bantam.ch\/fr\/#\/schema\/logo\/image\/"}}]}},"_links":{"self":[{"href":"https:\/\/shop.bantam.ch\/fr\/wp-json\/wp\/v2\/product\/41171","targetHints":{"allow":["GET"]}}],"collection":[{"href":"https:\/\/shop.bantam.ch\/fr\/wp-json\/wp\/v2\/product"}],"about":[{"href":"https:\/\/shop.bantam.ch\/fr\/wp-json\/wp\/v2\/types\/product"}],"wp:featuredmedia":[{"embeddable":true,"href":"https:\/\/shop.bantam.ch\/fr\/wp-json\/wp\/v2\/media\/41165"}],"wp:attachment":[{"href":"https:\/\/shop.bantam.ch\/fr\/wp-json\/wp\/v2\/media?parent=41171"}],"wp:term":[{"taxonomy":"product_featured_cat","embeddable":true,"href":"https:\/\/shop.bantam.ch\/fr\/wp-json\/wp\/v2\/product_featured_cat?post=41171"},{"taxonomy":"product_brand","embeddable":true,"href":"https:\/\/shop.bantam.ch\/fr\/wp-json\/wp\/v2\/product_brand?post=41171"},{"taxonomy":"product_cat","embeddable":true,"href":"https:\/\/shop.bantam.ch\/fr\/wp-json\/wp\/v2\/product_cat?post=41171"},{"taxonomy":"product_tag","embeddable":true,"href":"https:\/\/shop.bantam.ch\/fr\/wp-json\/wp\/v2\/product_tag?post=41171"}],"curies":[{"name":"wp","href":"https:\/\/api.w.org\/{rel}","templated":true}]}}