{"id":41069,"date":"2023-02-22T21:18:25","date_gmt":"2023-02-22T20:18:25","guid":{"rendered":"http:\/\/preprod-dev.sh1.hidora.com\/webshop\/produit\/paroi-laterale-auvent-camproom-pour-perfectroof-ducato\/"},"modified":"2026-04-18T20:57:29","modified_gmt":"2026-04-18T18:57:29","slug":"paroi-laterale-auvent-camproom-pour-perfectroof-ducato","status":"publish","type":"product","link":"https:\/\/shop.bantam.ch\/fr\/produit\/paroi-laterale-auvent-camproom-pour-perfectroof-ducato\/","title":{"rendered":"Paroi lat\u00e9rale Dometic CampRoom Ducato Hauteur 230 &#8211; 259 cm pour Perfect Roof"},"content":{"rendered":"<p>Pour stores Dometic Perfect Wall 1000 \/ 1500 et Perfect Roof 2000 \/ 2500.<\/p>\n<p>Version sp\u00e9ciale pour fourgon Fiat Ducato avec sas additionnel disponible.<\/p>\n<p>Pour obtenir un auvent de store Dometic CampRoom complet, vous avez besoin d&rsquo;une paroi avant et d&rsquo;un kit de paroi lat\u00e9rale (2 pi\u00e8ces).<\/p>\n<p>Veuillez toujours mesurer la hauteur de montage et la largeur du store avant de passer votre commande.<br \/>Hauteur de montage = bord inf\u00e9rieur du coffre de store jusqu&rsquo;au sol<br \/>Largeur de store =  de bord ext\u00e9rieur \u00e0 bord ext\u00e9rieur<\/p>\n<ul>\n<li>Montage simple et tr\u00e8s rapide<\/li>\n<li>Poids faible<\/li>\n<li>De s\u00e9rie avec moustiquaire, fen\u00eatre en PVC pouvant \u00eatre enroul\u00e9 vers le haut et rideaux<\/li>\n<\/ul>\n","protected":false},"excerpt":{"rendered":"<p>Pour stores Dometic Perfect Wall 1000 \/ 1500 et Perfect Roof 2000 \/ 2500. Version sp\u00e9ciale pour fourgon Fiat Ducato avec sas additionnel disponible. Pour obtenir un auvent de store Dometic CampRoom complet, vous avez besoin d&rsquo;une paroi avant et d&rsquo;un kit de paroi lat\u00e9rale (2 pi\u00e8ces). Veuillez toujours mesurer la hauteur de montage et [&hellip;]<\/p>\n","protected":false},"featured_media":41067,"template":"","meta":{"_acf_changed":false},"product_featured_cat":[],"product_brand":[3028],"product_cat":[4221],"product_tag":[],"class_list":{"0":"post-41069","1":"product","2":"type-product","3":"status-publish","4":"has-post-thumbnail","6":"product_brand-dometic","7":"product_cat-parois-laterales","9":"first","10":"instock","11":"taxable","12":"shipping-taxable","13":"purchasable","14":"product-type-simple"},"acf":[],"yoast_head":"<!-- This site is optimized with the Yoast SEO plugin v27.4 - https:\/\/yoast.com\/product\/yoast-seo-wordpress\/ -->\n<title>Paroi lat\u00e9rale Dometic CampRoom Ducato Hauteur 230 - 259 cm pour Perfect Roof - Bantam Wankm\u00fcller SA<\/title>\n<meta name=\"robots\" content=\"index, follow, max-snippet:-1, max-image-preview:large, max-video-preview:-1\" \/>\n<link rel=\"canonical\" href=\"https:\/\/shop.bantam.ch\/fr\/produit\/paroi-laterale-auvent-camproom-pour-perfectroof-ducato\/\" \/>\n<meta property=\"og:locale\" content=\"fr_FR\" \/>\n<meta property=\"og:type\" content=\"article\" \/>\n<meta property=\"og:title\" content=\"Paroi lat\u00e9rale Dometic CampRoom Ducato Hauteur 230 - 259 cm pour Perfect Roof - Bantam Wankm\u00fcller SA\" \/>\n<meta property=\"og:description\" content=\"Pour stores Dometic Perfect Wall 1000 \/ 1500 et Perfect Roof 2000 \/ 2500. Version sp\u00e9ciale pour fourgon Fiat Ducato avec sas additionnel disponible. Pour obtenir un auvent de store Dometic CampRoom complet, vous avez besoin d&rsquo;une paroi avant et d&rsquo;un kit de paroi lat\u00e9rale (2 pi\u00e8ces). Veuillez toujours mesurer la hauteur de montage et [&hellip;]\" \/>\n<meta property=\"og:url\" content=\"https:\/\/shop.bantam.ch\/fr\/produit\/paroi-laterale-auvent-camproom-pour-perfectroof-ducato\/\" \/>\n<meta property=\"og:site_name\" content=\"Bantam Wankm\u00fcller SA\" \/>\n<meta property=\"article:modified_time\" content=\"2026-04-18T18:57:29+00:00\" \/>\n<meta property=\"og:image\" content=\"https:\/\/shop.bantam.ch\/wp-content\/uploads\/2023\/02\/9917452-100-1-3-17.jpg\" \/>\n\t<meta property=\"og:image:width\" content=\"2000\" \/>\n\t<meta property=\"og:image:height\" content=\"2000\" \/>\n\t<meta property=\"og:image:type\" content=\"image\/jpeg\" \/>\n<meta name=\"twitter:card\" content=\"summary_large_image\" \/>\n<meta name=\"twitter:label1\" content=\"Dur\u00e9e de lecture estim\u00e9e\" \/>\n\t<meta name=\"twitter:data1\" content=\"1 minute\" \/>\n<script type=\"application\/ld+json\" class=\"yoast-schema-graph\">{\"@context\":\"https:\\\/\\\/schema.org\",\"@graph\":[{\"@type\":\"WebPage\",\"@id\":\"https:\\\/\\\/shop.bantam.ch\\\/fr\\\/produit\\\/paroi-laterale-auvent-camproom-pour-perfectroof-ducato\\\/\",\"url\":\"https:\\\/\\\/shop.bantam.ch\\\/fr\\\/produit\\\/paroi-laterale-auvent-camproom-pour-perfectroof-ducato\\\/\",\"name\":\"Paroi lat\u00e9rale Dometic CampRoom Ducato Hauteur 230 - 259 cm pour Perfect Roof - Bantam Wankm\u00fcller SA\",\"isPartOf\":{\"@id\":\"https:\\\/\\\/shop.bantam.ch\\\/fr\\\/#website\"},\"primaryImageOfPage\":{\"@id\":\"https:\\\/\\\/shop.bantam.ch\\\/fr\\\/produit\\\/paroi-laterale-auvent-camproom-pour-perfectroof-ducato\\\/#primaryimage\"},\"image\":{\"@id\":\"https:\\\/\\\/shop.bantam.ch\\\/fr\\\/produit\\\/paroi-laterale-auvent-camproom-pour-perfectroof-ducato\\\/#primaryimage\"},\"thumbnailUrl\":\"https:\\\/\\\/shop.bantam.ch\\\/wp-content\\\/uploads\\\/2023\\\/02\\\/9917452-100-1-3-17.jpg\",\"datePublished\":\"2023-02-22T20:18:25+00:00\",\"dateModified\":\"2026-04-18T18:57:29+00:00\",\"breadcrumb\":{\"@id\":\"https:\\\/\\\/shop.bantam.ch\\\/fr\\\/produit\\\/paroi-laterale-auvent-camproom-pour-perfectroof-ducato\\\/#breadcrumb\"},\"inLanguage\":\"fr-FR\",\"potentialAction\":[{\"@type\":\"ReadAction\",\"target\":[\"https:\\\/\\\/shop.bantam.ch\\\/fr\\\/produit\\\/paroi-laterale-auvent-camproom-pour-perfectroof-ducato\\\/\"]}]},{\"@type\":\"ImageObject\",\"inLanguage\":\"fr-FR\",\"@id\":\"https:\\\/\\\/shop.bantam.ch\\\/fr\\\/produit\\\/paroi-laterale-auvent-camproom-pour-perfectroof-ducato\\\/#primaryimage\",\"url\":\"https:\\\/\\\/shop.bantam.ch\\\/wp-content\\\/uploads\\\/2023\\\/02\\\/9917452-100-1-3-17.jpg\",\"contentUrl\":\"https:\\\/\\\/shop.bantam.ch\\\/wp-content\\\/uploads\\\/2023\\\/02\\\/9917452-100-1-3-17.jpg\",\"width\":2000,\"height\":2000},{\"@type\":\"BreadcrumbList\",\"@id\":\"https:\\\/\\\/shop.bantam.ch\\\/fr\\\/produit\\\/paroi-laterale-auvent-camproom-pour-perfectroof-ducato\\\/#breadcrumb\",\"itemListElement\":[{\"@type\":\"ListItem\",\"position\":1,\"name\":\"Accueil\",\"item\":\"https:\\\/\\\/shop.bantam.ch\\\/fr\\\/\"},{\"@type\":\"ListItem\",\"position\":2,\"name\":\"Boutique\",\"item\":\"https:\\\/\\\/shop.bantam.ch\\\/fr\\\/boutique\\\/\"},{\"@type\":\"ListItem\",\"position\":3,\"name\":\"Paroi lat\u00e9rale Dometic CampRoom Ducato Hauteur 230 &#8211; 259 cm pour Perfect Roof\"}]},{\"@type\":\"WebSite\",\"@id\":\"https:\\\/\\\/shop.bantam.ch\\\/fr\\\/#website\",\"url\":\"https:\\\/\\\/shop.bantam.ch\\\/fr\\\/\",\"name\":\"Bantam Wankm\u00fcller SA\",\"description\":\"\",\"publisher\":{\"@id\":\"https:\\\/\\\/shop.bantam.ch\\\/fr\\\/#organization\"},\"inLanguage\":\"fr-FR\"},{\"@type\":\"Organization\",\"@id\":\"https:\\\/\\\/shop.bantam.ch\\\/fr\\\/#organization\",\"name\":\"Bantam Wankm\u00fcller SA\",\"url\":\"https:\\\/\\\/shop.bantam.ch\\\/fr\\\/\",\"logo\":{\"@type\":\"ImageObject\",\"inLanguage\":\"fr-FR\",\"@id\":\"https:\\\/\\\/shop.bantam.ch\\\/fr\\\/#\\\/schema\\\/logo\\\/image\\\/\",\"url\":\"https:\\\/\\\/shop.bantam.ch\\\/wp-content\\\/uploads\\\/2022\\\/12\\\/bantam-logo.png\",\"contentUrl\":\"https:\\\/\\\/shop.bantam.ch\\\/wp-content\\\/uploads\\\/2022\\\/12\\\/bantam-logo.png\",\"width\":320,\"height\":71,\"caption\":\"Bantam Wankm\u00fcller SA\"},\"image\":{\"@id\":\"https:\\\/\\\/shop.bantam.ch\\\/fr\\\/#\\\/schema\\\/logo\\\/image\\\/\"}}]}<\/script>\n<!-- \/ Yoast SEO plugin. -->","yoast_head_json":{"title":"Paroi lat\u00e9rale Dometic CampRoom Ducato Hauteur 230 - 259 cm pour Perfect Roof - Bantam Wankm\u00fcller SA","robots":{"index":"index","follow":"follow","max-snippet":"max-snippet:-1","max-image-preview":"max-image-preview:large","max-video-preview":"max-video-preview:-1"},"canonical":"https:\/\/shop.bantam.ch\/fr\/produit\/paroi-laterale-auvent-camproom-pour-perfectroof-ducato\/","og_locale":"fr_FR","og_type":"article","og_title":"Paroi lat\u00e9rale Dometic CampRoom Ducato Hauteur 230 - 259 cm pour Perfect Roof - Bantam Wankm\u00fcller SA","og_description":"Pour stores Dometic Perfect Wall 1000 \/ 1500 et Perfect Roof 2000 \/ 2500. Version sp\u00e9ciale pour fourgon Fiat Ducato avec sas additionnel disponible. Pour obtenir un auvent de store Dometic CampRoom complet, vous avez besoin d&rsquo;une paroi avant et d&rsquo;un kit de paroi lat\u00e9rale (2 pi\u00e8ces). Veuillez toujours mesurer la hauteur de montage et [&hellip;]","og_url":"https:\/\/shop.bantam.ch\/fr\/produit\/paroi-laterale-auvent-camproom-pour-perfectroof-ducato\/","og_site_name":"Bantam Wankm\u00fcller SA","article_modified_time":"2026-04-18T18:57:29+00:00","og_image":[{"width":2000,"height":2000,"url":"https:\/\/shop.bantam.ch\/wp-content\/uploads\/2023\/02\/9917452-100-1-3-17.jpg","type":"image\/jpeg"}],"twitter_card":"summary_large_image","twitter_misc":{"Dur\u00e9e de lecture estim\u00e9e":"1 minute"},"schema":{"@context":"https:\/\/schema.org","@graph":[{"@type":"WebPage","@id":"https:\/\/shop.bantam.ch\/fr\/produit\/paroi-laterale-auvent-camproom-pour-perfectroof-ducato\/","url":"https:\/\/shop.bantam.ch\/fr\/produit\/paroi-laterale-auvent-camproom-pour-perfectroof-ducato\/","name":"Paroi lat\u00e9rale Dometic CampRoom Ducato Hauteur 230 - 259 cm pour Perfect Roof - Bantam Wankm\u00fcller SA","isPartOf":{"@id":"https:\/\/shop.bantam.ch\/fr\/#website"},"primaryImageOfPage":{"@id":"https:\/\/shop.bantam.ch\/fr\/produit\/paroi-laterale-auvent-camproom-pour-perfectroof-ducato\/#primaryimage"},"image":{"@id":"https:\/\/shop.bantam.ch\/fr\/produit\/paroi-laterale-auvent-camproom-pour-perfectroof-ducato\/#primaryimage"},"thumbnailUrl":"https:\/\/shop.bantam.ch\/wp-content\/uploads\/2023\/02\/9917452-100-1-3-17.jpg","datePublished":"2023-02-22T20:18:25+00:00","dateModified":"2026-04-18T18:57:29+00:00","breadcrumb":{"@id":"https:\/\/shop.bantam.ch\/fr\/produit\/paroi-laterale-auvent-camproom-pour-perfectroof-ducato\/#breadcrumb"},"inLanguage":"fr-FR","potentialAction":[{"@type":"ReadAction","target":["https:\/\/shop.bantam.ch\/fr\/produit\/paroi-laterale-auvent-camproom-pour-perfectroof-ducato\/"]}]},{"@type":"ImageObject","inLanguage":"fr-FR","@id":"https:\/\/shop.bantam.ch\/fr\/produit\/paroi-laterale-auvent-camproom-pour-perfectroof-ducato\/#primaryimage","url":"https:\/\/shop.bantam.ch\/wp-content\/uploads\/2023\/02\/9917452-100-1-3-17.jpg","contentUrl":"https:\/\/shop.bantam.ch\/wp-content\/uploads\/2023\/02\/9917452-100-1-3-17.jpg","width":2000,"height":2000},{"@type":"BreadcrumbList","@id":"https:\/\/shop.bantam.ch\/fr\/produit\/paroi-laterale-auvent-camproom-pour-perfectroof-ducato\/#breadcrumb","itemListElement":[{"@type":"ListItem","position":1,"name":"Accueil","item":"https:\/\/shop.bantam.ch\/fr\/"},{"@type":"ListItem","position":2,"name":"Boutique","item":"https:\/\/shop.bantam.ch\/fr\/boutique\/"},{"@type":"ListItem","position":3,"name":"Paroi lat\u00e9rale Dometic CampRoom Ducato Hauteur 230 &#8211; 259 cm pour Perfect Roof"}]},{"@type":"WebSite","@id":"https:\/\/shop.bantam.ch\/fr\/#website","url":"https:\/\/shop.bantam.ch\/fr\/","name":"Bantam Wankm\u00fcller SA","description":"","publisher":{"@id":"https:\/\/shop.bantam.ch\/fr\/#organization"},"inLanguage":"fr-FR"},{"@type":"Organization","@id":"https:\/\/shop.bantam.ch\/fr\/#organization","name":"Bantam Wankm\u00fcller SA","url":"https:\/\/shop.bantam.ch\/fr\/","logo":{"@type":"ImageObject","inLanguage":"fr-FR","@id":"https:\/\/shop.bantam.ch\/fr\/#\/schema\/logo\/image\/","url":"https:\/\/shop.bantam.ch\/wp-content\/uploads\/2022\/12\/bantam-logo.png","contentUrl":"https:\/\/shop.bantam.ch\/wp-content\/uploads\/2022\/12\/bantam-logo.png","width":320,"height":71,"caption":"Bantam Wankm\u00fcller SA"},"image":{"@id":"https:\/\/shop.bantam.ch\/fr\/#\/schema\/logo\/image\/"}}]}},"_links":{"self":[{"href":"https:\/\/shop.bantam.ch\/fr\/wp-json\/wp\/v2\/product\/41069","targetHints":{"allow":["GET"]}}],"collection":[{"href":"https:\/\/shop.bantam.ch\/fr\/wp-json\/wp\/v2\/product"}],"about":[{"href":"https:\/\/shop.bantam.ch\/fr\/wp-json\/wp\/v2\/types\/product"}],"wp:featuredmedia":[{"embeddable":true,"href":"https:\/\/shop.bantam.ch\/fr\/wp-json\/wp\/v2\/media\/41067"}],"wp:attachment":[{"href":"https:\/\/shop.bantam.ch\/fr\/wp-json\/wp\/v2\/media?parent=41069"}],"wp:term":[{"taxonomy":"product_featured_cat","embeddable":true,"href":"https:\/\/shop.bantam.ch\/fr\/wp-json\/wp\/v2\/product_featured_cat?post=41069"},{"taxonomy":"product_brand","embeddable":true,"href":"https:\/\/shop.bantam.ch\/fr\/wp-json\/wp\/v2\/product_brand?post=41069"},{"taxonomy":"product_cat","embeddable":true,"href":"https:\/\/shop.bantam.ch\/fr\/wp-json\/wp\/v2\/product_cat?post=41069"},{"taxonomy":"product_tag","embeddable":true,"href":"https:\/\/shop.bantam.ch\/fr\/wp-json\/wp\/v2\/product_tag?post=41069"}],"curies":[{"name":"wp","href":"https:\/\/api.w.org\/{rel}","templated":true}]}}