{"id":40873,"date":"2023-02-22T21:14:34","date_gmt":"2023-02-22T20:14:34","guid":{"rendered":"http:\/\/preprod-dev.sh1.hidora.com\/webshop\/produit\/moustiquaire-quickfit-paroi-laterale\/"},"modified":"2026-04-17T20:56:24","modified_gmt":"2026-04-17T18:56:24","slug":"moustiquaire-quickfit-paroi-laterale","status":"publish","type":"product","link":"https:\/\/shop.bantam.ch\/fr\/produit\/moustiquaire-quickfit-paroi-laterale\/","title":{"rendered":"Quickfit moustiquaire lat."},"content":{"rendered":"<p>Moustiquaire avec fermeture \u00e9clair, emp\u00eache la salet\u00e9 et les insectes de p\u00e9n\u00e9trer dans la tente.<\/p>\n<ul>\n<li>La moustiquaire lat\u00e9rale peut \u00eatre fix\u00e9e sur le c\u00f4t\u00e9 droit et gauche de la tente \u00e0 l\u2019aide d\u2019une fermeture \u00e9clair\u00a0\u00a0<\/li>\n<li>Facile \u00e0 nettoyer<\/li>\n<\/ul>\n","protected":false},"excerpt":{"rendered":"<p>Moustiquaire avec fermeture \u00e9clair, emp\u00eache la salet\u00e9 et les insectes de p\u00e9n\u00e9trer dans la tente. La moustiquaire lat\u00e9rale peut \u00eatre fix\u00e9e sur le c\u00f4t\u00e9 droit et gauche de la tente \u00e0 l\u2019aide d\u2019une fermeture \u00e9clair\u00a0\u00a0 Facile \u00e0 nettoyer<\/p>\n","protected":false},"featured_media":40869,"template":"","meta":{"_acf_changed":false},"product_featured_cat":[],"product_brand":[3046],"product_cat":[4221],"product_tag":[],"class_list":{"0":"post-40873","1":"product","2":"type-product","3":"status-publish","4":"has-post-thumbnail","6":"product_brand-thule","7":"product_cat-parois-laterales","9":"first","10":"instock","11":"taxable","12":"shipping-taxable","13":"purchasable","14":"product-type-simple"},"acf":[],"yoast_head":"<!-- This site is optimized with the Yoast SEO plugin v27.4 - https:\/\/yoast.com\/product\/yoast-seo-wordpress\/ -->\n<title>Quickfit moustiquaire lat. - Bantam Wankm\u00fcller SA<\/title>\n<meta name=\"robots\" content=\"index, follow, max-snippet:-1, max-image-preview:large, max-video-preview:-1\" \/>\n<link rel=\"canonical\" href=\"https:\/\/shop.bantam.ch\/fr\/produit\/moustiquaire-quickfit-paroi-laterale\/\" \/>\n<meta property=\"og:locale\" content=\"fr_FR\" \/>\n<meta property=\"og:type\" content=\"article\" \/>\n<meta property=\"og:title\" content=\"Quickfit moustiquaire lat. - Bantam Wankm\u00fcller SA\" \/>\n<meta property=\"og:description\" content=\"Moustiquaire avec fermeture \u00e9clair, emp\u00eache la salet\u00e9 et les insectes de p\u00e9n\u00e9trer dans la tente. La moustiquaire lat\u00e9rale peut \u00eatre fix\u00e9e sur le c\u00f4t\u00e9 droit et gauche de la tente \u00e0 l\u2019aide d\u2019une fermeture \u00e9clair\u00a0\u00a0 Facile \u00e0 nettoyer\" \/>\n<meta property=\"og:url\" content=\"https:\/\/shop.bantam.ch\/fr\/produit\/moustiquaire-quickfit-paroi-laterale\/\" \/>\n<meta property=\"og:site_name\" content=\"Bantam Wankm\u00fcller SA\" \/>\n<meta property=\"article:modified_time\" content=\"2026-04-17T18:56:24+00:00\" \/>\n<meta property=\"og:image\" content=\"https:\/\/shop.bantam.ch\/wp-content\/uploads\/2023\/02\/9917966-QuickFit_Moskito_Seitenwand-Standard-01-1.jpg\" \/>\n\t<meta property=\"og:image:width\" content=\"667\" \/>\n\t<meta property=\"og:image:height\" content=\"1000\" \/>\n\t<meta property=\"og:image:type\" content=\"image\/jpeg\" \/>\n<meta name=\"twitter:card\" content=\"summary_large_image\" \/>\n<script type=\"application\/ld+json\" class=\"yoast-schema-graph\">{\"@context\":\"https:\\\/\\\/schema.org\",\"@graph\":[{\"@type\":\"WebPage\",\"@id\":\"https:\\\/\\\/shop.bantam.ch\\\/fr\\\/produit\\\/moustiquaire-quickfit-paroi-laterale\\\/\",\"url\":\"https:\\\/\\\/shop.bantam.ch\\\/fr\\\/produit\\\/moustiquaire-quickfit-paroi-laterale\\\/\",\"name\":\"Quickfit moustiquaire lat. - Bantam Wankm\u00fcller SA\",\"isPartOf\":{\"@id\":\"https:\\\/\\\/shop.bantam.ch\\\/fr\\\/#website\"},\"primaryImageOfPage\":{\"@id\":\"https:\\\/\\\/shop.bantam.ch\\\/fr\\\/produit\\\/moustiquaire-quickfit-paroi-laterale\\\/#primaryimage\"},\"image\":{\"@id\":\"https:\\\/\\\/shop.bantam.ch\\\/fr\\\/produit\\\/moustiquaire-quickfit-paroi-laterale\\\/#primaryimage\"},\"thumbnailUrl\":\"https:\\\/\\\/shop.bantam.ch\\\/wp-content\\\/uploads\\\/2023\\\/02\\\/9917966-QuickFit_Moskito_Seitenwand-Standard-01-1.jpg\",\"datePublished\":\"2023-02-22T20:14:34+00:00\",\"dateModified\":\"2026-04-17T18:56:24+00:00\",\"breadcrumb\":{\"@id\":\"https:\\\/\\\/shop.bantam.ch\\\/fr\\\/produit\\\/moustiquaire-quickfit-paroi-laterale\\\/#breadcrumb\"},\"inLanguage\":\"fr-FR\",\"potentialAction\":[{\"@type\":\"ReadAction\",\"target\":[\"https:\\\/\\\/shop.bantam.ch\\\/fr\\\/produit\\\/moustiquaire-quickfit-paroi-laterale\\\/\"]}]},{\"@type\":\"ImageObject\",\"inLanguage\":\"fr-FR\",\"@id\":\"https:\\\/\\\/shop.bantam.ch\\\/fr\\\/produit\\\/moustiquaire-quickfit-paroi-laterale\\\/#primaryimage\",\"url\":\"https:\\\/\\\/shop.bantam.ch\\\/wp-content\\\/uploads\\\/2023\\\/02\\\/9917966-QuickFit_Moskito_Seitenwand-Standard-01-1.jpg\",\"contentUrl\":\"https:\\\/\\\/shop.bantam.ch\\\/wp-content\\\/uploads\\\/2023\\\/02\\\/9917966-QuickFit_Moskito_Seitenwand-Standard-01-1.jpg\",\"width\":667,\"height\":1000},{\"@type\":\"BreadcrumbList\",\"@id\":\"https:\\\/\\\/shop.bantam.ch\\\/fr\\\/produit\\\/moustiquaire-quickfit-paroi-laterale\\\/#breadcrumb\",\"itemListElement\":[{\"@type\":\"ListItem\",\"position\":1,\"name\":\"Accueil\",\"item\":\"https:\\\/\\\/shop.bantam.ch\\\/fr\\\/\"},{\"@type\":\"ListItem\",\"position\":2,\"name\":\"Boutique\",\"item\":\"https:\\\/\\\/shop.bantam.ch\\\/fr\\\/boutique\\\/\"},{\"@type\":\"ListItem\",\"position\":3,\"name\":\"Quickfit moustiquaire lat.\"}]},{\"@type\":\"WebSite\",\"@id\":\"https:\\\/\\\/shop.bantam.ch\\\/fr\\\/#website\",\"url\":\"https:\\\/\\\/shop.bantam.ch\\\/fr\\\/\",\"name\":\"Bantam Wankm\u00fcller SA\",\"description\":\"\",\"publisher\":{\"@id\":\"https:\\\/\\\/shop.bantam.ch\\\/fr\\\/#organization\"},\"inLanguage\":\"fr-FR\"},{\"@type\":\"Organization\",\"@id\":\"https:\\\/\\\/shop.bantam.ch\\\/fr\\\/#organization\",\"name\":\"Bantam Wankm\u00fcller SA\",\"url\":\"https:\\\/\\\/shop.bantam.ch\\\/fr\\\/\",\"logo\":{\"@type\":\"ImageObject\",\"inLanguage\":\"fr-FR\",\"@id\":\"https:\\\/\\\/shop.bantam.ch\\\/fr\\\/#\\\/schema\\\/logo\\\/image\\\/\",\"url\":\"https:\\\/\\\/shop.bantam.ch\\\/wp-content\\\/uploads\\\/2022\\\/12\\\/bantam-logo.png\",\"contentUrl\":\"https:\\\/\\\/shop.bantam.ch\\\/wp-content\\\/uploads\\\/2022\\\/12\\\/bantam-logo.png\",\"width\":320,\"height\":71,\"caption\":\"Bantam Wankm\u00fcller SA\"},\"image\":{\"@id\":\"https:\\\/\\\/shop.bantam.ch\\\/fr\\\/#\\\/schema\\\/logo\\\/image\\\/\"}}]}<\/script>\n<!-- \/ Yoast SEO plugin. -->","yoast_head_json":{"title":"Quickfit moustiquaire lat. - Bantam Wankm\u00fcller SA","robots":{"index":"index","follow":"follow","max-snippet":"max-snippet:-1","max-image-preview":"max-image-preview:large","max-video-preview":"max-video-preview:-1"},"canonical":"https:\/\/shop.bantam.ch\/fr\/produit\/moustiquaire-quickfit-paroi-laterale\/","og_locale":"fr_FR","og_type":"article","og_title":"Quickfit moustiquaire lat. - Bantam Wankm\u00fcller SA","og_description":"Moustiquaire avec fermeture \u00e9clair, emp\u00eache la salet\u00e9 et les insectes de p\u00e9n\u00e9trer dans la tente. La moustiquaire lat\u00e9rale peut \u00eatre fix\u00e9e sur le c\u00f4t\u00e9 droit et gauche de la tente \u00e0 l\u2019aide d\u2019une fermeture \u00e9clair\u00a0\u00a0 Facile \u00e0 nettoyer","og_url":"https:\/\/shop.bantam.ch\/fr\/produit\/moustiquaire-quickfit-paroi-laterale\/","og_site_name":"Bantam Wankm\u00fcller SA","article_modified_time":"2026-04-17T18:56:24+00:00","og_image":[{"width":667,"height":1000,"url":"https:\/\/shop.bantam.ch\/wp-content\/uploads\/2023\/02\/9917966-QuickFit_Moskito_Seitenwand-Standard-01-1.jpg","type":"image\/jpeg"}],"twitter_card":"summary_large_image","schema":{"@context":"https:\/\/schema.org","@graph":[{"@type":"WebPage","@id":"https:\/\/shop.bantam.ch\/fr\/produit\/moustiquaire-quickfit-paroi-laterale\/","url":"https:\/\/shop.bantam.ch\/fr\/produit\/moustiquaire-quickfit-paroi-laterale\/","name":"Quickfit moustiquaire lat. - Bantam Wankm\u00fcller SA","isPartOf":{"@id":"https:\/\/shop.bantam.ch\/fr\/#website"},"primaryImageOfPage":{"@id":"https:\/\/shop.bantam.ch\/fr\/produit\/moustiquaire-quickfit-paroi-laterale\/#primaryimage"},"image":{"@id":"https:\/\/shop.bantam.ch\/fr\/produit\/moustiquaire-quickfit-paroi-laterale\/#primaryimage"},"thumbnailUrl":"https:\/\/shop.bantam.ch\/wp-content\/uploads\/2023\/02\/9917966-QuickFit_Moskito_Seitenwand-Standard-01-1.jpg","datePublished":"2023-02-22T20:14:34+00:00","dateModified":"2026-04-17T18:56:24+00:00","breadcrumb":{"@id":"https:\/\/shop.bantam.ch\/fr\/produit\/moustiquaire-quickfit-paroi-laterale\/#breadcrumb"},"inLanguage":"fr-FR","potentialAction":[{"@type":"ReadAction","target":["https:\/\/shop.bantam.ch\/fr\/produit\/moustiquaire-quickfit-paroi-laterale\/"]}]},{"@type":"ImageObject","inLanguage":"fr-FR","@id":"https:\/\/shop.bantam.ch\/fr\/produit\/moustiquaire-quickfit-paroi-laterale\/#primaryimage","url":"https:\/\/shop.bantam.ch\/wp-content\/uploads\/2023\/02\/9917966-QuickFit_Moskito_Seitenwand-Standard-01-1.jpg","contentUrl":"https:\/\/shop.bantam.ch\/wp-content\/uploads\/2023\/02\/9917966-QuickFit_Moskito_Seitenwand-Standard-01-1.jpg","width":667,"height":1000},{"@type":"BreadcrumbList","@id":"https:\/\/shop.bantam.ch\/fr\/produit\/moustiquaire-quickfit-paroi-laterale\/#breadcrumb","itemListElement":[{"@type":"ListItem","position":1,"name":"Accueil","item":"https:\/\/shop.bantam.ch\/fr\/"},{"@type":"ListItem","position":2,"name":"Boutique","item":"https:\/\/shop.bantam.ch\/fr\/boutique\/"},{"@type":"ListItem","position":3,"name":"Quickfit moustiquaire lat."}]},{"@type":"WebSite","@id":"https:\/\/shop.bantam.ch\/fr\/#website","url":"https:\/\/shop.bantam.ch\/fr\/","name":"Bantam Wankm\u00fcller SA","description":"","publisher":{"@id":"https:\/\/shop.bantam.ch\/fr\/#organization"},"inLanguage":"fr-FR"},{"@type":"Organization","@id":"https:\/\/shop.bantam.ch\/fr\/#organization","name":"Bantam Wankm\u00fcller SA","url":"https:\/\/shop.bantam.ch\/fr\/","logo":{"@type":"ImageObject","inLanguage":"fr-FR","@id":"https:\/\/shop.bantam.ch\/fr\/#\/schema\/logo\/image\/","url":"https:\/\/shop.bantam.ch\/wp-content\/uploads\/2022\/12\/bantam-logo.png","contentUrl":"https:\/\/shop.bantam.ch\/wp-content\/uploads\/2022\/12\/bantam-logo.png","width":320,"height":71,"caption":"Bantam Wankm\u00fcller SA"},"image":{"@id":"https:\/\/shop.bantam.ch\/fr\/#\/schema\/logo\/image\/"}}]}},"_links":{"self":[{"href":"https:\/\/shop.bantam.ch\/fr\/wp-json\/wp\/v2\/product\/40873","targetHints":{"allow":["GET"]}}],"collection":[{"href":"https:\/\/shop.bantam.ch\/fr\/wp-json\/wp\/v2\/product"}],"about":[{"href":"https:\/\/shop.bantam.ch\/fr\/wp-json\/wp\/v2\/types\/product"}],"wp:featuredmedia":[{"embeddable":true,"href":"https:\/\/shop.bantam.ch\/fr\/wp-json\/wp\/v2\/media\/40869"}],"wp:attachment":[{"href":"https:\/\/shop.bantam.ch\/fr\/wp-json\/wp\/v2\/media?parent=40873"}],"wp:term":[{"taxonomy":"product_featured_cat","embeddable":true,"href":"https:\/\/shop.bantam.ch\/fr\/wp-json\/wp\/v2\/product_featured_cat?post=40873"},{"taxonomy":"product_brand","embeddable":true,"href":"https:\/\/shop.bantam.ch\/fr\/wp-json\/wp\/v2\/product_brand?post=40873"},{"taxonomy":"product_cat","embeddable":true,"href":"https:\/\/shop.bantam.ch\/fr\/wp-json\/wp\/v2\/product_cat?post=40873"},{"taxonomy":"product_tag","embeddable":true,"href":"https:\/\/shop.bantam.ch\/fr\/wp-json\/wp\/v2\/product_tag?post=40873"}],"curies":[{"name":"wp","href":"https:\/\/api.w.org\/{rel}","templated":true}]}}