{"id":40867,"date":"2023-02-22T21:14:28","date_gmt":"2023-02-22T20:14:28","guid":{"rendered":"http:\/\/preprod-dev.sh1.hidora.com\/webshop\/produit\/pare-vent-windscreen\/"},"modified":"2026-04-17T20:56:18","modified_gmt":"2026-04-17T18:56:18","slug":"pare-vent-windscreen","status":"publish","type":"product","link":"https:\/\/shop.bantam.ch\/fr\/produit\/pare-vent-windscreen\/","title":{"rendered":"Pare-vent Thule Windscreen 300 x 140 cm"},"content":{"rendered":"<p>Simple et rapide \u00e0 monter gr\u00e2ce \u00e0 son syst\u00e8me d\u2018enroulage\/d\u00e9roulage. Le tissu grillag\u00e9 laisse passer l\u2018air et offre un passage \u00e0 la lumi\u00e8re et \u00e0 une brise l\u00e9g\u00e8re, mais prot\u00e8ge des regards indiscrets. La fixation s\u2019effectue \u00e0 l\u2018aide de scratchs entre le v\u00e9hicule et le pied du store ou de mani\u00e8re autonome.<\/p>\n<p>Hauteur de la toile : <br \/>140 cm<\/p>\n<p>Mat\u00e9riau\u00a0:<br \/>toile : 100 % PVC<\/p>\n<p>Contenu de la livraison :<br \/>avec pare-vent Windscreen<br \/>haubanage<br \/>Sardines<br \/>Sac de transport<\/p>\n<p>\u00a0<\/p>\n","protected":false},"excerpt":{"rendered":"<p>Simple et rapide \u00e0 monter gr\u00e2ce \u00e0 son syst\u00e8me d\u2018enroulage\/d\u00e9roulage. Le tissu grillag\u00e9 laisse passer l\u2018air et offre un passage \u00e0 la lumi\u00e8re et \u00e0 une brise l\u00e9g\u00e8re, mais prot\u00e8ge des regards indiscrets. La fixation s\u2019effectue \u00e0 l\u2018aide de scratchs entre le v\u00e9hicule et le pied du store ou de mani\u00e8re autonome. Hauteur de la [&hellip;]<\/p>\n","protected":false},"featured_media":40855,"template":"","meta":{"_acf_changed":false},"product_featured_cat":[],"product_brand":[3046],"product_cat":[4221],"product_tag":[],"class_list":{"0":"post-40867","1":"product","2":"type-product","3":"status-publish","4":"has-post-thumbnail","6":"product_brand-thule","7":"product_cat-parois-laterales","9":"first","10":"instock","11":"taxable","12":"shipping-taxable","13":"purchasable","14":"product-type-simple"},"acf":[],"yoast_head":"<!-- This site is optimized with the Yoast SEO plugin v27.4 - https:\/\/yoast.com\/product\/yoast-seo-wordpress\/ -->\n<title>Pare-vent Thule Windscreen 300 x 140 cm - Bantam Wankm\u00fcller SA<\/title>\n<meta name=\"robots\" content=\"index, follow, max-snippet:-1, max-image-preview:large, max-video-preview:-1\" \/>\n<link rel=\"canonical\" href=\"https:\/\/shop.bantam.ch\/fr\/produit\/pare-vent-windscreen\/\" \/>\n<meta property=\"og:locale\" content=\"fr_FR\" \/>\n<meta property=\"og:type\" content=\"article\" \/>\n<meta property=\"og:title\" content=\"Pare-vent Thule Windscreen 300 x 140 cm - Bantam Wankm\u00fcller SA\" \/>\n<meta property=\"og:description\" content=\"Simple et rapide \u00e0 monter gr\u00e2ce \u00e0 son syst\u00e8me d\u2018enroulage\/d\u00e9roulage. Le tissu grillag\u00e9 laisse passer l\u2018air et offre un passage \u00e0 la lumi\u00e8re et \u00e0 une brise l\u00e9g\u00e8re, mais prot\u00e8ge des regards indiscrets. La fixation s\u2019effectue \u00e0 l\u2018aide de scratchs entre le v\u00e9hicule et le pied du store ou de mani\u00e8re autonome. Hauteur de la [&hellip;]\" \/>\n<meta property=\"og:url\" content=\"https:\/\/shop.bantam.ch\/fr\/produit\/pare-vent-windscreen\/\" \/>\n<meta property=\"og:site_name\" content=\"Bantam Wankm\u00fcller SA\" \/>\n<meta property=\"article:modified_time\" content=\"2026-04-17T18:56:18+00:00\" \/>\n<meta property=\"og:image\" content=\"https:\/\/shop.bantam.ch\/wp-content\/uploads\/2023\/02\/9911461-Thule_Windscreen_1_40_m_hoch_abrollbar-Standard-01-1.jpg\" \/>\n\t<meta property=\"og:image:width\" content=\"720\" \/>\n\t<meta property=\"og:image:height\" content=\"1000\" \/>\n\t<meta property=\"og:image:type\" content=\"image\/jpeg\" \/>\n<meta name=\"twitter:card\" content=\"summary_large_image\" \/>\n<script type=\"application\/ld+json\" class=\"yoast-schema-graph\">{\"@context\":\"https:\\\/\\\/schema.org\",\"@graph\":[{\"@type\":\"WebPage\",\"@id\":\"https:\\\/\\\/shop.bantam.ch\\\/fr\\\/produit\\\/pare-vent-windscreen\\\/\",\"url\":\"https:\\\/\\\/shop.bantam.ch\\\/fr\\\/produit\\\/pare-vent-windscreen\\\/\",\"name\":\"Pare-vent Thule Windscreen 300 x 140 cm - Bantam Wankm\u00fcller SA\",\"isPartOf\":{\"@id\":\"https:\\\/\\\/shop.bantam.ch\\\/fr\\\/#website\"},\"primaryImageOfPage\":{\"@id\":\"https:\\\/\\\/shop.bantam.ch\\\/fr\\\/produit\\\/pare-vent-windscreen\\\/#primaryimage\"},\"image\":{\"@id\":\"https:\\\/\\\/shop.bantam.ch\\\/fr\\\/produit\\\/pare-vent-windscreen\\\/#primaryimage\"},\"thumbnailUrl\":\"https:\\\/\\\/shop.bantam.ch\\\/wp-content\\\/uploads\\\/2023\\\/02\\\/9911461-Thule_Windscreen_1_40_m_hoch_abrollbar-Standard-01-1.jpg\",\"datePublished\":\"2023-02-22T20:14:28+00:00\",\"dateModified\":\"2026-04-17T18:56:18+00:00\",\"breadcrumb\":{\"@id\":\"https:\\\/\\\/shop.bantam.ch\\\/fr\\\/produit\\\/pare-vent-windscreen\\\/#breadcrumb\"},\"inLanguage\":\"fr-FR\",\"potentialAction\":[{\"@type\":\"ReadAction\",\"target\":[\"https:\\\/\\\/shop.bantam.ch\\\/fr\\\/produit\\\/pare-vent-windscreen\\\/\"]}]},{\"@type\":\"ImageObject\",\"inLanguage\":\"fr-FR\",\"@id\":\"https:\\\/\\\/shop.bantam.ch\\\/fr\\\/produit\\\/pare-vent-windscreen\\\/#primaryimage\",\"url\":\"https:\\\/\\\/shop.bantam.ch\\\/wp-content\\\/uploads\\\/2023\\\/02\\\/9911461-Thule_Windscreen_1_40_m_hoch_abrollbar-Standard-01-1.jpg\",\"contentUrl\":\"https:\\\/\\\/shop.bantam.ch\\\/wp-content\\\/uploads\\\/2023\\\/02\\\/9911461-Thule_Windscreen_1_40_m_hoch_abrollbar-Standard-01-1.jpg\",\"width\":720,\"height\":1000},{\"@type\":\"BreadcrumbList\",\"@id\":\"https:\\\/\\\/shop.bantam.ch\\\/fr\\\/produit\\\/pare-vent-windscreen\\\/#breadcrumb\",\"itemListElement\":[{\"@type\":\"ListItem\",\"position\":1,\"name\":\"Accueil\",\"item\":\"https:\\\/\\\/shop.bantam.ch\\\/fr\\\/\"},{\"@type\":\"ListItem\",\"position\":2,\"name\":\"Boutique\",\"item\":\"https:\\\/\\\/shop.bantam.ch\\\/fr\\\/boutique\\\/\"},{\"@type\":\"ListItem\",\"position\":3,\"name\":\"Pare-vent Thule Windscreen 300 x 140 cm\"}]},{\"@type\":\"WebSite\",\"@id\":\"https:\\\/\\\/shop.bantam.ch\\\/fr\\\/#website\",\"url\":\"https:\\\/\\\/shop.bantam.ch\\\/fr\\\/\",\"name\":\"Bantam Wankm\u00fcller SA\",\"description\":\"\",\"publisher\":{\"@id\":\"https:\\\/\\\/shop.bantam.ch\\\/fr\\\/#organization\"},\"inLanguage\":\"fr-FR\"},{\"@type\":\"Organization\",\"@id\":\"https:\\\/\\\/shop.bantam.ch\\\/fr\\\/#organization\",\"name\":\"Bantam Wankm\u00fcller SA\",\"url\":\"https:\\\/\\\/shop.bantam.ch\\\/fr\\\/\",\"logo\":{\"@type\":\"ImageObject\",\"inLanguage\":\"fr-FR\",\"@id\":\"https:\\\/\\\/shop.bantam.ch\\\/fr\\\/#\\\/schema\\\/logo\\\/image\\\/\",\"url\":\"https:\\\/\\\/shop.bantam.ch\\\/wp-content\\\/uploads\\\/2022\\\/12\\\/bantam-logo.png\",\"contentUrl\":\"https:\\\/\\\/shop.bantam.ch\\\/wp-content\\\/uploads\\\/2022\\\/12\\\/bantam-logo.png\",\"width\":320,\"height\":71,\"caption\":\"Bantam Wankm\u00fcller SA\"},\"image\":{\"@id\":\"https:\\\/\\\/shop.bantam.ch\\\/fr\\\/#\\\/schema\\\/logo\\\/image\\\/\"}}]}<\/script>\n<!-- \/ Yoast SEO plugin. -->","yoast_head_json":{"title":"Pare-vent Thule Windscreen 300 x 140 cm - Bantam Wankm\u00fcller SA","robots":{"index":"index","follow":"follow","max-snippet":"max-snippet:-1","max-image-preview":"max-image-preview:large","max-video-preview":"max-video-preview:-1"},"canonical":"https:\/\/shop.bantam.ch\/fr\/produit\/pare-vent-windscreen\/","og_locale":"fr_FR","og_type":"article","og_title":"Pare-vent Thule Windscreen 300 x 140 cm - Bantam Wankm\u00fcller SA","og_description":"Simple et rapide \u00e0 monter gr\u00e2ce \u00e0 son syst\u00e8me d\u2018enroulage\/d\u00e9roulage. Le tissu grillag\u00e9 laisse passer l\u2018air et offre un passage \u00e0 la lumi\u00e8re et \u00e0 une brise l\u00e9g\u00e8re, mais prot\u00e8ge des regards indiscrets. La fixation s\u2019effectue \u00e0 l\u2018aide de scratchs entre le v\u00e9hicule et le pied du store ou de mani\u00e8re autonome. Hauteur de la [&hellip;]","og_url":"https:\/\/shop.bantam.ch\/fr\/produit\/pare-vent-windscreen\/","og_site_name":"Bantam Wankm\u00fcller SA","article_modified_time":"2026-04-17T18:56:18+00:00","og_image":[{"width":720,"height":1000,"url":"https:\/\/shop.bantam.ch\/wp-content\/uploads\/2023\/02\/9911461-Thule_Windscreen_1_40_m_hoch_abrollbar-Standard-01-1.jpg","type":"image\/jpeg"}],"twitter_card":"summary_large_image","schema":{"@context":"https:\/\/schema.org","@graph":[{"@type":"WebPage","@id":"https:\/\/shop.bantam.ch\/fr\/produit\/pare-vent-windscreen\/","url":"https:\/\/shop.bantam.ch\/fr\/produit\/pare-vent-windscreen\/","name":"Pare-vent Thule Windscreen 300 x 140 cm - Bantam Wankm\u00fcller SA","isPartOf":{"@id":"https:\/\/shop.bantam.ch\/fr\/#website"},"primaryImageOfPage":{"@id":"https:\/\/shop.bantam.ch\/fr\/produit\/pare-vent-windscreen\/#primaryimage"},"image":{"@id":"https:\/\/shop.bantam.ch\/fr\/produit\/pare-vent-windscreen\/#primaryimage"},"thumbnailUrl":"https:\/\/shop.bantam.ch\/wp-content\/uploads\/2023\/02\/9911461-Thule_Windscreen_1_40_m_hoch_abrollbar-Standard-01-1.jpg","datePublished":"2023-02-22T20:14:28+00:00","dateModified":"2026-04-17T18:56:18+00:00","breadcrumb":{"@id":"https:\/\/shop.bantam.ch\/fr\/produit\/pare-vent-windscreen\/#breadcrumb"},"inLanguage":"fr-FR","potentialAction":[{"@type":"ReadAction","target":["https:\/\/shop.bantam.ch\/fr\/produit\/pare-vent-windscreen\/"]}]},{"@type":"ImageObject","inLanguage":"fr-FR","@id":"https:\/\/shop.bantam.ch\/fr\/produit\/pare-vent-windscreen\/#primaryimage","url":"https:\/\/shop.bantam.ch\/wp-content\/uploads\/2023\/02\/9911461-Thule_Windscreen_1_40_m_hoch_abrollbar-Standard-01-1.jpg","contentUrl":"https:\/\/shop.bantam.ch\/wp-content\/uploads\/2023\/02\/9911461-Thule_Windscreen_1_40_m_hoch_abrollbar-Standard-01-1.jpg","width":720,"height":1000},{"@type":"BreadcrumbList","@id":"https:\/\/shop.bantam.ch\/fr\/produit\/pare-vent-windscreen\/#breadcrumb","itemListElement":[{"@type":"ListItem","position":1,"name":"Accueil","item":"https:\/\/shop.bantam.ch\/fr\/"},{"@type":"ListItem","position":2,"name":"Boutique","item":"https:\/\/shop.bantam.ch\/fr\/boutique\/"},{"@type":"ListItem","position":3,"name":"Pare-vent Thule Windscreen 300 x 140 cm"}]},{"@type":"WebSite","@id":"https:\/\/shop.bantam.ch\/fr\/#website","url":"https:\/\/shop.bantam.ch\/fr\/","name":"Bantam Wankm\u00fcller SA","description":"","publisher":{"@id":"https:\/\/shop.bantam.ch\/fr\/#organization"},"inLanguage":"fr-FR"},{"@type":"Organization","@id":"https:\/\/shop.bantam.ch\/fr\/#organization","name":"Bantam Wankm\u00fcller SA","url":"https:\/\/shop.bantam.ch\/fr\/","logo":{"@type":"ImageObject","inLanguage":"fr-FR","@id":"https:\/\/shop.bantam.ch\/fr\/#\/schema\/logo\/image\/","url":"https:\/\/shop.bantam.ch\/wp-content\/uploads\/2022\/12\/bantam-logo.png","contentUrl":"https:\/\/shop.bantam.ch\/wp-content\/uploads\/2022\/12\/bantam-logo.png","width":320,"height":71,"caption":"Bantam Wankm\u00fcller SA"},"image":{"@id":"https:\/\/shop.bantam.ch\/fr\/#\/schema\/logo\/image\/"}}]}},"_links":{"self":[{"href":"https:\/\/shop.bantam.ch\/fr\/wp-json\/wp\/v2\/product\/40867","targetHints":{"allow":["GET"]}}],"collection":[{"href":"https:\/\/shop.bantam.ch\/fr\/wp-json\/wp\/v2\/product"}],"about":[{"href":"https:\/\/shop.bantam.ch\/fr\/wp-json\/wp\/v2\/types\/product"}],"wp:featuredmedia":[{"embeddable":true,"href":"https:\/\/shop.bantam.ch\/fr\/wp-json\/wp\/v2\/media\/40855"}],"wp:attachment":[{"href":"https:\/\/shop.bantam.ch\/fr\/wp-json\/wp\/v2\/media?parent=40867"}],"wp:term":[{"taxonomy":"product_featured_cat","embeddable":true,"href":"https:\/\/shop.bantam.ch\/fr\/wp-json\/wp\/v2\/product_featured_cat?post=40867"},{"taxonomy":"product_brand","embeddable":true,"href":"https:\/\/shop.bantam.ch\/fr\/wp-json\/wp\/v2\/product_brand?post=40867"},{"taxonomy":"product_cat","embeddable":true,"href":"https:\/\/shop.bantam.ch\/fr\/wp-json\/wp\/v2\/product_cat?post=40867"},{"taxonomy":"product_tag","embeddable":true,"href":"https:\/\/shop.bantam.ch\/fr\/wp-json\/wp\/v2\/product_tag?post=40867"}],"curies":[{"name":"wp","href":"https:\/\/api.w.org\/{rel}","templated":true}]}}