{"id":40471,"date":"2023-02-22T21:06:25","date_gmt":"2023-02-22T20:06:25","guid":{"rendered":"http:\/\/preprod-dev.sh1.hidora.com\/webshop\/produit\/pied-de-table-mono-colonne-primero-comfort-hvd-gris-argent\/"},"modified":"2026-04-19T20:56:46","modified_gmt":"2026-04-19T18:56:46","slug":"pied-de-table-mono-colonne-primero-comfort-hvd-gris-argent","status":"publish","type":"product","link":"https:\/\/shop.bantam.ch\/fr\/produit\/pied-de-table-mono-colonne-primero-comfort-hvd-gris-argent\/","title":{"rendered":"Table \u00e0 pied t\u00e9l\u00e9scopique PRIMERO COMFORT HVD Coul gris argent"},"content":{"rendered":"<p>R\u00e9glage continu de la hauteur, course 36 cm, plaques mobiles pour un positionnement libre en attente de brevet. Le levier de blocage est facile d\u2019acc\u00e8s des deux c\u00f4t\u00e9s. Avec pied suppl\u00e9mentaire pivotant \u00e0 360\u00b0.<\/p>\n","protected":false},"excerpt":{"rendered":"<p>R\u00e9glage continu de la hauteur, course 36 cm, plaques mobiles pour un positionnement libre en attente de brevet. Le levier de blocage est facile d\u2019acc\u00e8s des deux c\u00f4t\u00e9s. Avec pied suppl\u00e9mentaire pivotant \u00e0 360\u00b0.<\/p>\n","protected":false},"featured_media":40463,"template":"","meta":{"_acf_changed":false},"product_featured_cat":[],"product_brand":[3056],"product_cat":[4739],"product_tag":[],"class_list":{"0":"post-40471","1":"product","2":"type-product","3":"status-publish","4":"has-post-thumbnail","6":"product_brand-fawo","7":"product_cat-tables-et-pietements","9":"first","10":"instock","11":"taxable","12":"shipping-taxable","13":"purchasable","14":"product-type-simple"},"acf":[],"yoast_head":"<!-- This site is optimized with the Yoast SEO plugin v27.4 - https:\/\/yoast.com\/product\/yoast-seo-wordpress\/ -->\n<title>Table \u00e0 pied t\u00e9l\u00e9scopique PRIMERO COMFORT HVD Coul gris argent - Bantam Wankm\u00fcller SA<\/title>\n<meta name=\"robots\" content=\"index, follow, max-snippet:-1, max-image-preview:large, max-video-preview:-1\" \/>\n<link rel=\"canonical\" href=\"https:\/\/shop.bantam.ch\/fr\/produit\/pied-de-table-mono-colonne-primero-comfort-hvd-gris-argent\/\" \/>\n<meta property=\"og:locale\" content=\"fr_FR\" \/>\n<meta property=\"og:type\" content=\"article\" \/>\n<meta property=\"og:title\" content=\"Table \u00e0 pied t\u00e9l\u00e9scopique PRIMERO COMFORT HVD Coul gris argent - Bantam Wankm\u00fcller SA\" \/>\n<meta property=\"og:description\" content=\"R\u00e9glage continu de la hauteur, course 36 cm, plaques mobiles pour un positionnement libre en attente de brevet. Le levier de blocage est facile d\u2019acc\u00e8s des deux c\u00f4t\u00e9s. Avec pied suppl\u00e9mentaire pivotant \u00e0 360\u00b0.\" \/>\n<meta property=\"og:url\" content=\"https:\/\/shop.bantam.ch\/fr\/produit\/pied-de-table-mono-colonne-primero-comfort-hvd-gris-argent\/\" \/>\n<meta property=\"og:site_name\" content=\"Bantam Wankm\u00fcller SA\" \/>\n<meta property=\"article:modified_time\" content=\"2026-04-19T18:56:46+00:00\" \/>\n<meta property=\"og:image\" content=\"https:\/\/shop.bantam.ch\/wp-content\/uploads\/2023\/02\/9916973-Einsaeulen-Hubtisch_PRIMERO_COMFORT_HVD_Fb_silbergrau-Standard-01-1.jpg\" \/>\n\t<meta property=\"og:image:width\" content=\"1000\" \/>\n\t<meta property=\"og:image:height\" content=\"871\" \/>\n\t<meta property=\"og:image:type\" content=\"image\/jpeg\" \/>\n<meta name=\"twitter:card\" content=\"summary_large_image\" \/>\n<script type=\"application\/ld+json\" class=\"yoast-schema-graph\">{\"@context\":\"https:\\\/\\\/schema.org\",\"@graph\":[{\"@type\":\"WebPage\",\"@id\":\"https:\\\/\\\/shop.bantam.ch\\\/fr\\\/produit\\\/pied-de-table-mono-colonne-primero-comfort-hvd-gris-argent\\\/\",\"url\":\"https:\\\/\\\/shop.bantam.ch\\\/fr\\\/produit\\\/pied-de-table-mono-colonne-primero-comfort-hvd-gris-argent\\\/\",\"name\":\"Table \u00e0 pied t\u00e9l\u00e9scopique PRIMERO COMFORT HVD Coul gris argent - Bantam Wankm\u00fcller SA\",\"isPartOf\":{\"@id\":\"https:\\\/\\\/shop.bantam.ch\\\/fr\\\/#website\"},\"primaryImageOfPage\":{\"@id\":\"https:\\\/\\\/shop.bantam.ch\\\/fr\\\/produit\\\/pied-de-table-mono-colonne-primero-comfort-hvd-gris-argent\\\/#primaryimage\"},\"image\":{\"@id\":\"https:\\\/\\\/shop.bantam.ch\\\/fr\\\/produit\\\/pied-de-table-mono-colonne-primero-comfort-hvd-gris-argent\\\/#primaryimage\"},\"thumbnailUrl\":\"https:\\\/\\\/shop.bantam.ch\\\/wp-content\\\/uploads\\\/2023\\\/02\\\/9916973-Einsaeulen-Hubtisch_PRIMERO_COMFORT_HVD_Fb_silbergrau-Standard-01-1.jpg\",\"datePublished\":\"2023-02-22T20:06:25+00:00\",\"dateModified\":\"2026-04-19T18:56:46+00:00\",\"breadcrumb\":{\"@id\":\"https:\\\/\\\/shop.bantam.ch\\\/fr\\\/produit\\\/pied-de-table-mono-colonne-primero-comfort-hvd-gris-argent\\\/#breadcrumb\"},\"inLanguage\":\"fr-FR\",\"potentialAction\":[{\"@type\":\"ReadAction\",\"target\":[\"https:\\\/\\\/shop.bantam.ch\\\/fr\\\/produit\\\/pied-de-table-mono-colonne-primero-comfort-hvd-gris-argent\\\/\"]}]},{\"@type\":\"ImageObject\",\"inLanguage\":\"fr-FR\",\"@id\":\"https:\\\/\\\/shop.bantam.ch\\\/fr\\\/produit\\\/pied-de-table-mono-colonne-primero-comfort-hvd-gris-argent\\\/#primaryimage\",\"url\":\"https:\\\/\\\/shop.bantam.ch\\\/wp-content\\\/uploads\\\/2023\\\/02\\\/9916973-Einsaeulen-Hubtisch_PRIMERO_COMFORT_HVD_Fb_silbergrau-Standard-01-1.jpg\",\"contentUrl\":\"https:\\\/\\\/shop.bantam.ch\\\/wp-content\\\/uploads\\\/2023\\\/02\\\/9916973-Einsaeulen-Hubtisch_PRIMERO_COMFORT_HVD_Fb_silbergrau-Standard-01-1.jpg\",\"width\":1000,\"height\":871},{\"@type\":\"BreadcrumbList\",\"@id\":\"https:\\\/\\\/shop.bantam.ch\\\/fr\\\/produit\\\/pied-de-table-mono-colonne-primero-comfort-hvd-gris-argent\\\/#breadcrumb\",\"itemListElement\":[{\"@type\":\"ListItem\",\"position\":1,\"name\":\"Accueil\",\"item\":\"https:\\\/\\\/shop.bantam.ch\\\/fr\\\/\"},{\"@type\":\"ListItem\",\"position\":2,\"name\":\"Boutique\",\"item\":\"https:\\\/\\\/shop.bantam.ch\\\/fr\\\/boutique\\\/\"},{\"@type\":\"ListItem\",\"position\":3,\"name\":\"Table \u00e0 pied t\u00e9l\u00e9scopique PRIMERO COMFORT HVD Coul gris argent\"}]},{\"@type\":\"WebSite\",\"@id\":\"https:\\\/\\\/shop.bantam.ch\\\/fr\\\/#website\",\"url\":\"https:\\\/\\\/shop.bantam.ch\\\/fr\\\/\",\"name\":\"Bantam Wankm\u00fcller SA\",\"description\":\"\",\"publisher\":{\"@id\":\"https:\\\/\\\/shop.bantam.ch\\\/fr\\\/#organization\"},\"inLanguage\":\"fr-FR\"},{\"@type\":\"Organization\",\"@id\":\"https:\\\/\\\/shop.bantam.ch\\\/fr\\\/#organization\",\"name\":\"Bantam Wankm\u00fcller SA\",\"url\":\"https:\\\/\\\/shop.bantam.ch\\\/fr\\\/\",\"logo\":{\"@type\":\"ImageObject\",\"inLanguage\":\"fr-FR\",\"@id\":\"https:\\\/\\\/shop.bantam.ch\\\/fr\\\/#\\\/schema\\\/logo\\\/image\\\/\",\"url\":\"https:\\\/\\\/shop.bantam.ch\\\/wp-content\\\/uploads\\\/2022\\\/12\\\/bantam-logo.png\",\"contentUrl\":\"https:\\\/\\\/shop.bantam.ch\\\/wp-content\\\/uploads\\\/2022\\\/12\\\/bantam-logo.png\",\"width\":320,\"height\":71,\"caption\":\"Bantam Wankm\u00fcller SA\"},\"image\":{\"@id\":\"https:\\\/\\\/shop.bantam.ch\\\/fr\\\/#\\\/schema\\\/logo\\\/image\\\/\"}}]}<\/script>\n<!-- \/ Yoast SEO plugin. -->","yoast_head_json":{"title":"Table \u00e0 pied t\u00e9l\u00e9scopique PRIMERO COMFORT HVD Coul gris argent - Bantam Wankm\u00fcller SA","robots":{"index":"index","follow":"follow","max-snippet":"max-snippet:-1","max-image-preview":"max-image-preview:large","max-video-preview":"max-video-preview:-1"},"canonical":"https:\/\/shop.bantam.ch\/fr\/produit\/pied-de-table-mono-colonne-primero-comfort-hvd-gris-argent\/","og_locale":"fr_FR","og_type":"article","og_title":"Table \u00e0 pied t\u00e9l\u00e9scopique PRIMERO COMFORT HVD Coul gris argent - Bantam Wankm\u00fcller SA","og_description":"R\u00e9glage continu de la hauteur, course 36 cm, plaques mobiles pour un positionnement libre en attente de brevet. Le levier de blocage est facile d\u2019acc\u00e8s des deux c\u00f4t\u00e9s. Avec pied suppl\u00e9mentaire pivotant \u00e0 360\u00b0.","og_url":"https:\/\/shop.bantam.ch\/fr\/produit\/pied-de-table-mono-colonne-primero-comfort-hvd-gris-argent\/","og_site_name":"Bantam Wankm\u00fcller SA","article_modified_time":"2026-04-19T18:56:46+00:00","og_image":[{"width":1000,"height":871,"url":"https:\/\/shop.bantam.ch\/wp-content\/uploads\/2023\/02\/9916973-Einsaeulen-Hubtisch_PRIMERO_COMFORT_HVD_Fb_silbergrau-Standard-01-1.jpg","type":"image\/jpeg"}],"twitter_card":"summary_large_image","schema":{"@context":"https:\/\/schema.org","@graph":[{"@type":"WebPage","@id":"https:\/\/shop.bantam.ch\/fr\/produit\/pied-de-table-mono-colonne-primero-comfort-hvd-gris-argent\/","url":"https:\/\/shop.bantam.ch\/fr\/produit\/pied-de-table-mono-colonne-primero-comfort-hvd-gris-argent\/","name":"Table \u00e0 pied t\u00e9l\u00e9scopique PRIMERO COMFORT HVD Coul gris argent - Bantam Wankm\u00fcller SA","isPartOf":{"@id":"https:\/\/shop.bantam.ch\/fr\/#website"},"primaryImageOfPage":{"@id":"https:\/\/shop.bantam.ch\/fr\/produit\/pied-de-table-mono-colonne-primero-comfort-hvd-gris-argent\/#primaryimage"},"image":{"@id":"https:\/\/shop.bantam.ch\/fr\/produit\/pied-de-table-mono-colonne-primero-comfort-hvd-gris-argent\/#primaryimage"},"thumbnailUrl":"https:\/\/shop.bantam.ch\/wp-content\/uploads\/2023\/02\/9916973-Einsaeulen-Hubtisch_PRIMERO_COMFORT_HVD_Fb_silbergrau-Standard-01-1.jpg","datePublished":"2023-02-22T20:06:25+00:00","dateModified":"2026-04-19T18:56:46+00:00","breadcrumb":{"@id":"https:\/\/shop.bantam.ch\/fr\/produit\/pied-de-table-mono-colonne-primero-comfort-hvd-gris-argent\/#breadcrumb"},"inLanguage":"fr-FR","potentialAction":[{"@type":"ReadAction","target":["https:\/\/shop.bantam.ch\/fr\/produit\/pied-de-table-mono-colonne-primero-comfort-hvd-gris-argent\/"]}]},{"@type":"ImageObject","inLanguage":"fr-FR","@id":"https:\/\/shop.bantam.ch\/fr\/produit\/pied-de-table-mono-colonne-primero-comfort-hvd-gris-argent\/#primaryimage","url":"https:\/\/shop.bantam.ch\/wp-content\/uploads\/2023\/02\/9916973-Einsaeulen-Hubtisch_PRIMERO_COMFORT_HVD_Fb_silbergrau-Standard-01-1.jpg","contentUrl":"https:\/\/shop.bantam.ch\/wp-content\/uploads\/2023\/02\/9916973-Einsaeulen-Hubtisch_PRIMERO_COMFORT_HVD_Fb_silbergrau-Standard-01-1.jpg","width":1000,"height":871},{"@type":"BreadcrumbList","@id":"https:\/\/shop.bantam.ch\/fr\/produit\/pied-de-table-mono-colonne-primero-comfort-hvd-gris-argent\/#breadcrumb","itemListElement":[{"@type":"ListItem","position":1,"name":"Accueil","item":"https:\/\/shop.bantam.ch\/fr\/"},{"@type":"ListItem","position":2,"name":"Boutique","item":"https:\/\/shop.bantam.ch\/fr\/boutique\/"},{"@type":"ListItem","position":3,"name":"Table \u00e0 pied t\u00e9l\u00e9scopique PRIMERO COMFORT HVD Coul gris argent"}]},{"@type":"WebSite","@id":"https:\/\/shop.bantam.ch\/fr\/#website","url":"https:\/\/shop.bantam.ch\/fr\/","name":"Bantam Wankm\u00fcller SA","description":"","publisher":{"@id":"https:\/\/shop.bantam.ch\/fr\/#organization"},"inLanguage":"fr-FR"},{"@type":"Organization","@id":"https:\/\/shop.bantam.ch\/fr\/#organization","name":"Bantam Wankm\u00fcller SA","url":"https:\/\/shop.bantam.ch\/fr\/","logo":{"@type":"ImageObject","inLanguage":"fr-FR","@id":"https:\/\/shop.bantam.ch\/fr\/#\/schema\/logo\/image\/","url":"https:\/\/shop.bantam.ch\/wp-content\/uploads\/2022\/12\/bantam-logo.png","contentUrl":"https:\/\/shop.bantam.ch\/wp-content\/uploads\/2022\/12\/bantam-logo.png","width":320,"height":71,"caption":"Bantam Wankm\u00fcller SA"},"image":{"@id":"https:\/\/shop.bantam.ch\/fr\/#\/schema\/logo\/image\/"}}]}},"_links":{"self":[{"href":"https:\/\/shop.bantam.ch\/fr\/wp-json\/wp\/v2\/product\/40471","targetHints":{"allow":["GET"]}}],"collection":[{"href":"https:\/\/shop.bantam.ch\/fr\/wp-json\/wp\/v2\/product"}],"about":[{"href":"https:\/\/shop.bantam.ch\/fr\/wp-json\/wp\/v2\/types\/product"}],"wp:featuredmedia":[{"embeddable":true,"href":"https:\/\/shop.bantam.ch\/fr\/wp-json\/wp\/v2\/media\/40463"}],"wp:attachment":[{"href":"https:\/\/shop.bantam.ch\/fr\/wp-json\/wp\/v2\/media?parent=40471"}],"wp:term":[{"taxonomy":"product_featured_cat","embeddable":true,"href":"https:\/\/shop.bantam.ch\/fr\/wp-json\/wp\/v2\/product_featured_cat?post=40471"},{"taxonomy":"product_brand","embeddable":true,"href":"https:\/\/shop.bantam.ch\/fr\/wp-json\/wp\/v2\/product_brand?post=40471"},{"taxonomy":"product_cat","embeddable":true,"href":"https:\/\/shop.bantam.ch\/fr\/wp-json\/wp\/v2\/product_cat?post=40471"},{"taxonomy":"product_tag","embeddable":true,"href":"https:\/\/shop.bantam.ch\/fr\/wp-json\/wp\/v2\/product_tag?post=40471"}],"curies":[{"name":"wp","href":"https:\/\/api.w.org\/{rel}","templated":true}]}}