{"id":40403,"date":"2023-02-22T21:05:20","date_gmt":"2023-02-22T20:05:20","guid":{"rendered":"http:\/\/preprod-dev.sh1.hidora.com\/webshop\/produit\/profile-de-pignon-pour-camping-cars-et-caravanes\/"},"modified":"2026-05-09T20:55:54","modified_gmt":"2026-05-09T18:55:54","slug":"profile-de-pignon-pour-camping-cars-et-caravanes","status":"publish","type":"product","link":"https:\/\/shop.bantam.ch\/fr\/produit\/profile-de-pignon-pour-camping-cars-et-caravanes\/","title":{"rendered":"Profil\u00e9 de pignon Hindermann 210 x 5 x 21 cm Contenu 2 pcs."},"content":{"rendered":"<p>Les profil\u00e9s de pignon pour camping-cars et caravanes facilitent l&rsquo;\u00e9vacuation de l&rsquo;eau de votre couverture de protection ou de votre b\u00e2che de toit et emp\u00eachent ou r\u00e9duisent les \u00e9ventuelles flaques d&rsquo;eau. Ils s&rsquo;adaptent \u00e0 tous les toits de caravanes ou de camping-cars et peuvent \u00e9galement \u00eatre mont\u00e9s ult\u00e9rieurement sur les housses de protection HIndermann d\u00e9j\u00e0 existantes. La hauteur du pignon d&rsquo;environ 21 cm s&rsquo;\u00e9l\u00e8ve au-dessus des fen\u00eatres de toit et des antennes. Le profil\u00e9 de pignon en deux parties avec queue d&rsquo;aronde est constitu\u00e9 d&rsquo;une mousse PE solide, r\u00e9sistante aux intemp\u00e9ries, qui n&rsquo;absorbe pas l&rsquo;eau. Il est mont\u00e9 au milieu et stabilis\u00e9 avec 4 pieds chacun. L&#8217;emplacement et le nombre de profil\u00e9s de pignon sont d\u00e9termin\u00e9s par les exigences. Longueur de paquet non mont\u00e9 : env. 120 cm seulement !<\/p>\n<p>Contenu\u00a0:<br \/>2\u00a0pi\u00e8ces<\/p>\n","protected":false},"excerpt":{"rendered":"<p>Les profil\u00e9s de pignon pour camping-cars et caravanes facilitent l&rsquo;\u00e9vacuation de l&rsquo;eau de votre couverture de protection ou de votre b\u00e2che de toit et emp\u00eachent ou r\u00e9duisent les \u00e9ventuelles flaques d&rsquo;eau. Ils s&rsquo;adaptent \u00e0 tous les toits de caravanes ou de camping-cars et peuvent \u00e9galement \u00eatre mont\u00e9s ult\u00e9rieurement sur les housses de protection HIndermann d\u00e9j\u00e0 [&hellip;]<\/p>\n","protected":false},"featured_media":40395,"template":"","meta":{"_acf_changed":false},"product_featured_cat":[],"product_brand":[3040],"product_cat":[4645],"product_tag":[],"class_list":{"0":"post-40403","1":"product","2":"type-product","3":"status-publish","4":"has-post-thumbnail","6":"product_brand-hindermann","7":"product_cat-accessoires-pour-couvertures-et-matelas-thermiques","9":"first","10":"instock","11":"taxable","12":"shipping-taxable","13":"purchasable","14":"product-type-simple"},"acf":[],"yoast_head":"<!-- This site is optimized with the Yoast SEO plugin v27.5 - https:\/\/yoast.com\/product\/yoast-seo-wordpress\/ -->\n<title>Profil\u00e9 de pignon Hindermann 210 x 5 x 21 cm Contenu 2 pcs. - Bantam<\/title>\n<meta name=\"robots\" content=\"index, follow, max-snippet:-1, max-image-preview:large, max-video-preview:-1\" \/>\n<link rel=\"canonical\" href=\"https:\/\/shop.bantam.ch\/fr\/produit\/profile-de-pignon-pour-camping-cars-et-caravanes\/\" \/>\n<meta property=\"og:locale\" content=\"fr_FR\" \/>\n<meta property=\"og:type\" content=\"article\" \/>\n<meta property=\"og:title\" content=\"Profil\u00e9 de pignon Hindermann 210 x 5 x 21 cm Contenu 2 pcs. - Bantam\" \/>\n<meta property=\"og:description\" content=\"Les profil\u00e9s de pignon pour camping-cars et caravanes facilitent l&rsquo;\u00e9vacuation de l&rsquo;eau de votre couverture de protection ou de votre b\u00e2che de toit et emp\u00eachent ou r\u00e9duisent les \u00e9ventuelles flaques d&rsquo;eau. Ils s&rsquo;adaptent \u00e0 tous les toits de caravanes ou de camping-cars et peuvent \u00e9galement \u00eatre mont\u00e9s ult\u00e9rieurement sur les housses de protection HIndermann d\u00e9j\u00e0 [&hellip;]\" \/>\n<meta property=\"og:url\" content=\"https:\/\/shop.bantam.ch\/fr\/produit\/profile-de-pignon-pour-camping-cars-et-caravanes\/\" \/>\n<meta property=\"og:site_name\" content=\"Bantam\" \/>\n<meta property=\"article:modified_time\" content=\"2026-05-09T18:55:54+00:00\" \/>\n<meta property=\"og:image\" content=\"https:\/\/shop.bantam.ch\/wp-content\/uploads\/2023\/02\/991976911-1.jpg\" \/>\n\t<meta property=\"og:image:width\" content=\"6016\" \/>\n\t<meta property=\"og:image:height\" content=\"4016\" \/>\n\t<meta property=\"og:image:type\" content=\"image\/jpeg\" \/>\n<meta name=\"twitter:card\" content=\"summary_large_image\" \/>\n<meta name=\"twitter:label1\" content=\"Dur\u00e9e de lecture estim\u00e9e\" \/>\n\t<meta name=\"twitter:data1\" content=\"1 minute\" \/>\n<script type=\"application\/ld+json\" class=\"yoast-schema-graph\">{\"@context\":\"https:\\\/\\\/schema.org\",\"@graph\":[{\"@type\":\"WebPage\",\"@id\":\"https:\\\/\\\/shop.bantam.ch\\\/fr\\\/produit\\\/profile-de-pignon-pour-camping-cars-et-caravanes\\\/\",\"url\":\"https:\\\/\\\/shop.bantam.ch\\\/fr\\\/produit\\\/profile-de-pignon-pour-camping-cars-et-caravanes\\\/\",\"name\":\"Profil\u00e9 de pignon Hindermann 210 x 5 x 21 cm Contenu 2 pcs. - Bantam\",\"isPartOf\":{\"@id\":\"https:\\\/\\\/shop.bantam.ch\\\/fr\\\/#website\"},\"primaryImageOfPage\":{\"@id\":\"https:\\\/\\\/shop.bantam.ch\\\/fr\\\/produit\\\/profile-de-pignon-pour-camping-cars-et-caravanes\\\/#primaryimage\"},\"image\":{\"@id\":\"https:\\\/\\\/shop.bantam.ch\\\/fr\\\/produit\\\/profile-de-pignon-pour-camping-cars-et-caravanes\\\/#primaryimage\"},\"thumbnailUrl\":\"https:\\\/\\\/shop.bantam.ch\\\/wp-content\\\/uploads\\\/2023\\\/02\\\/991976911-1-scaled.jpg\",\"datePublished\":\"2023-02-22T20:05:20+00:00\",\"dateModified\":\"2026-05-09T18:55:54+00:00\",\"breadcrumb\":{\"@id\":\"https:\\\/\\\/shop.bantam.ch\\\/fr\\\/produit\\\/profile-de-pignon-pour-camping-cars-et-caravanes\\\/#breadcrumb\"},\"inLanguage\":\"fr-FR\",\"potentialAction\":[{\"@type\":\"ReadAction\",\"target\":[\"https:\\\/\\\/shop.bantam.ch\\\/fr\\\/produit\\\/profile-de-pignon-pour-camping-cars-et-caravanes\\\/\"]}]},{\"@type\":\"ImageObject\",\"inLanguage\":\"fr-FR\",\"@id\":\"https:\\\/\\\/shop.bantam.ch\\\/fr\\\/produit\\\/profile-de-pignon-pour-camping-cars-et-caravanes\\\/#primaryimage\",\"url\":\"https:\\\/\\\/shop.bantam.ch\\\/wp-content\\\/uploads\\\/2023\\\/02\\\/991976911-1-scaled.jpg\",\"contentUrl\":\"https:\\\/\\\/shop.bantam.ch\\\/wp-content\\\/uploads\\\/2023\\\/02\\\/991976911-1-scaled.jpg\",\"width\":2048,\"height\":1367},{\"@type\":\"BreadcrumbList\",\"@id\":\"https:\\\/\\\/shop.bantam.ch\\\/fr\\\/produit\\\/profile-de-pignon-pour-camping-cars-et-caravanes\\\/#breadcrumb\",\"itemListElement\":[{\"@type\":\"ListItem\",\"position\":1,\"name\":\"Accueil\",\"item\":\"https:\\\/\\\/shop.bantam.ch\\\/fr\\\/\"},{\"@type\":\"ListItem\",\"position\":2,\"name\":\"Boutique\",\"item\":\"https:\\\/\\\/shop.bantam.ch\\\/fr\\\/boutique\\\/\"},{\"@type\":\"ListItem\",\"position\":3,\"name\":\"Profil\u00e9 de pignon Hindermann 210 x 5 x 21 cm Contenu 2 pcs.\"}]},{\"@type\":\"WebSite\",\"@id\":\"https:\\\/\\\/shop.bantam.ch\\\/fr\\\/#website\",\"url\":\"https:\\\/\\\/shop.bantam.ch\\\/fr\\\/\",\"name\":\"Bantam\",\"description\":\"\",\"publisher\":{\"@id\":\"https:\\\/\\\/shop.bantam.ch\\\/fr\\\/#organization\"},\"inLanguage\":\"fr-FR\"},{\"@type\":\"Organization\",\"@id\":\"https:\\\/\\\/shop.bantam.ch\\\/fr\\\/#organization\",\"name\":\"Bantam\",\"url\":\"https:\\\/\\\/shop.bantam.ch\\\/fr\\\/\",\"logo\":{\"@type\":\"ImageObject\",\"inLanguage\":\"fr-FR\",\"@id\":\"https:\\\/\\\/shop.bantam.ch\\\/fr\\\/#\\\/schema\\\/logo\\\/image\\\/\",\"url\":\"https:\\\/\\\/shop.bantam.ch\\\/wp-content\\\/uploads\\\/2022\\\/12\\\/bantam-logo.png\",\"contentUrl\":\"https:\\\/\\\/shop.bantam.ch\\\/wp-content\\\/uploads\\\/2022\\\/12\\\/bantam-logo.png\",\"width\":320,\"height\":71,\"caption\":\"Bantam\"},\"image\":{\"@id\":\"https:\\\/\\\/shop.bantam.ch\\\/fr\\\/#\\\/schema\\\/logo\\\/image\\\/\"}}]}<\/script>\n<!-- \/ Yoast SEO plugin. -->","yoast_head_json":{"title":"Profil\u00e9 de pignon Hindermann 210 x 5 x 21 cm Contenu 2 pcs. - Bantam","robots":{"index":"index","follow":"follow","max-snippet":"max-snippet:-1","max-image-preview":"max-image-preview:large","max-video-preview":"max-video-preview:-1"},"canonical":"https:\/\/shop.bantam.ch\/fr\/produit\/profile-de-pignon-pour-camping-cars-et-caravanes\/","og_locale":"fr_FR","og_type":"article","og_title":"Profil\u00e9 de pignon Hindermann 210 x 5 x 21 cm Contenu 2 pcs. - Bantam","og_description":"Les profil\u00e9s de pignon pour camping-cars et caravanes facilitent l&rsquo;\u00e9vacuation de l&rsquo;eau de votre couverture de protection ou de votre b\u00e2che de toit et emp\u00eachent ou r\u00e9duisent les \u00e9ventuelles flaques d&rsquo;eau. Ils s&rsquo;adaptent \u00e0 tous les toits de caravanes ou de camping-cars et peuvent \u00e9galement \u00eatre mont\u00e9s ult\u00e9rieurement sur les housses de protection HIndermann d\u00e9j\u00e0 [&hellip;]","og_url":"https:\/\/shop.bantam.ch\/fr\/produit\/profile-de-pignon-pour-camping-cars-et-caravanes\/","og_site_name":"Bantam","article_modified_time":"2026-05-09T18:55:54+00:00","og_image":[{"width":6016,"height":4016,"url":"https:\/\/shop.bantam.ch\/wp-content\/uploads\/2023\/02\/991976911-1.jpg","type":"image\/jpeg"}],"twitter_card":"summary_large_image","twitter_misc":{"Dur\u00e9e de lecture estim\u00e9e":"1 minute"},"schema":{"@context":"https:\/\/schema.org","@graph":[{"@type":"WebPage","@id":"https:\/\/shop.bantam.ch\/fr\/produit\/profile-de-pignon-pour-camping-cars-et-caravanes\/","url":"https:\/\/shop.bantam.ch\/fr\/produit\/profile-de-pignon-pour-camping-cars-et-caravanes\/","name":"Profil\u00e9 de pignon Hindermann 210 x 5 x 21 cm Contenu 2 pcs. - Bantam","isPartOf":{"@id":"https:\/\/shop.bantam.ch\/fr\/#website"},"primaryImageOfPage":{"@id":"https:\/\/shop.bantam.ch\/fr\/produit\/profile-de-pignon-pour-camping-cars-et-caravanes\/#primaryimage"},"image":{"@id":"https:\/\/shop.bantam.ch\/fr\/produit\/profile-de-pignon-pour-camping-cars-et-caravanes\/#primaryimage"},"thumbnailUrl":"https:\/\/shop.bantam.ch\/wp-content\/uploads\/2023\/02\/991976911-1-scaled.jpg","datePublished":"2023-02-22T20:05:20+00:00","dateModified":"2026-05-09T18:55:54+00:00","breadcrumb":{"@id":"https:\/\/shop.bantam.ch\/fr\/produit\/profile-de-pignon-pour-camping-cars-et-caravanes\/#breadcrumb"},"inLanguage":"fr-FR","potentialAction":[{"@type":"ReadAction","target":["https:\/\/shop.bantam.ch\/fr\/produit\/profile-de-pignon-pour-camping-cars-et-caravanes\/"]}]},{"@type":"ImageObject","inLanguage":"fr-FR","@id":"https:\/\/shop.bantam.ch\/fr\/produit\/profile-de-pignon-pour-camping-cars-et-caravanes\/#primaryimage","url":"https:\/\/shop.bantam.ch\/wp-content\/uploads\/2023\/02\/991976911-1-scaled.jpg","contentUrl":"https:\/\/shop.bantam.ch\/wp-content\/uploads\/2023\/02\/991976911-1-scaled.jpg","width":2048,"height":1367},{"@type":"BreadcrumbList","@id":"https:\/\/shop.bantam.ch\/fr\/produit\/profile-de-pignon-pour-camping-cars-et-caravanes\/#breadcrumb","itemListElement":[{"@type":"ListItem","position":1,"name":"Accueil","item":"https:\/\/shop.bantam.ch\/fr\/"},{"@type":"ListItem","position":2,"name":"Boutique","item":"https:\/\/shop.bantam.ch\/fr\/boutique\/"},{"@type":"ListItem","position":3,"name":"Profil\u00e9 de pignon Hindermann 210 x 5 x 21 cm Contenu 2 pcs."}]},{"@type":"WebSite","@id":"https:\/\/shop.bantam.ch\/fr\/#website","url":"https:\/\/shop.bantam.ch\/fr\/","name":"Bantam","description":"","publisher":{"@id":"https:\/\/shop.bantam.ch\/fr\/#organization"},"inLanguage":"fr-FR"},{"@type":"Organization","@id":"https:\/\/shop.bantam.ch\/fr\/#organization","name":"Bantam","url":"https:\/\/shop.bantam.ch\/fr\/","logo":{"@type":"ImageObject","inLanguage":"fr-FR","@id":"https:\/\/shop.bantam.ch\/fr\/#\/schema\/logo\/image\/","url":"https:\/\/shop.bantam.ch\/wp-content\/uploads\/2022\/12\/bantam-logo.png","contentUrl":"https:\/\/shop.bantam.ch\/wp-content\/uploads\/2022\/12\/bantam-logo.png","width":320,"height":71,"caption":"Bantam"},"image":{"@id":"https:\/\/shop.bantam.ch\/fr\/#\/schema\/logo\/image\/"}}]}},"_links":{"self":[{"href":"https:\/\/shop.bantam.ch\/fr\/wp-json\/wp\/v2\/product\/40403","targetHints":{"allow":["GET"]}}],"collection":[{"href":"https:\/\/shop.bantam.ch\/fr\/wp-json\/wp\/v2\/product"}],"about":[{"href":"https:\/\/shop.bantam.ch\/fr\/wp-json\/wp\/v2\/types\/product"}],"wp:featuredmedia":[{"embeddable":true,"href":"https:\/\/shop.bantam.ch\/fr\/wp-json\/wp\/v2\/media\/40395"}],"wp:attachment":[{"href":"https:\/\/shop.bantam.ch\/fr\/wp-json\/wp\/v2\/media?parent=40403"}],"wp:term":[{"taxonomy":"product_featured_cat","embeddable":true,"href":"https:\/\/shop.bantam.ch\/fr\/wp-json\/wp\/v2\/product_featured_cat?post=40403"},{"taxonomy":"product_brand","embeddable":true,"href":"https:\/\/shop.bantam.ch\/fr\/wp-json\/wp\/v2\/product_brand?post=40403"},{"taxonomy":"product_cat","embeddable":true,"href":"https:\/\/shop.bantam.ch\/fr\/wp-json\/wp\/v2\/product_cat?post=40403"},{"taxonomy":"product_tag","embeddable":true,"href":"https:\/\/shop.bantam.ch\/fr\/wp-json\/wp\/v2\/product_tag?post=40403"}],"curies":[{"name":"wp","href":"https:\/\/api.w.org\/{rel}","templated":true}]}}