{"id":40325,"date":"2023-02-22T21:04:12","date_gmt":"2023-02-22T20:04:12","guid":{"rendered":"http:\/\/preprod-dev.sh1.hidora.com\/webshop\/produit\/matelas-caoutchouc-pour-cabine-de-conducteur-fiat-ducato-citroen-jumper-peugoet-boxer-230-244-a-partir-de-3-1994-6-2006\/"},"modified":"2026-05-10T20:55:52","modified_gmt":"2026-05-10T18:55:52","slug":"matelas-caoutchouc-pour-cabine-de-conducteur-fiat-ducato-citroen-jumper-peugoet-boxer-230-244-a-partir-de-3-1994-6-2006","status":"publish","type":"product","link":"https:\/\/shop.bantam.ch\/fr\/produit\/matelas-caoutchouc-pour-cabine-de-conducteur-fiat-ducato-citroen-jumper-peugoet-boxer-230-244-a-partir-de-3-1994-6-2006\/","title":{"rendered":"Matelas caoutchouc pour cabine de conducteur Ducato 230 \/ 244, 03\/94-07\/06"},"content":{"rendered":"<p>Les tapis dans la cabine conducteur emp\u00eachent l&rsquo;encrassement et <br \/>l&rsquo;usure des sols en PVC d&rsquo;origine ou des pr\u00e9cieux tapis en velours.<br \/>Les tapis sont faciles \u00e0 enlever, peuvent \u00eatre secou\u00e9s, aspir\u00e9s et m\u00eame nettoy\u00e9s avec un appareil haute pression. Dans le cas de tapis de sol textiles, un rev\u00eatement antid\u00e9rapant et imperm\u00e9able \u00e0 l&rsquo;eau sur le dos emp\u00eache l&rsquo;humidit\u00e9 de p\u00e9n\u00e9trer dans le rev\u00eatement de plancher d\u2019origine.<\/p>\n<ul>\n<li>D\u00e9coupe universelle<\/li>\n<li>Pour les camping-cars profil\u00e9s et v\u00e9hicules \u00e0 capucine B\u00fcrstner<\/li>\n<li>Pour camping-cars int\u00e9gr\u00e9s B\u00fcrstner sans porte conducteur<\/li>\n<li>Pour les camping-cars profil\u00e9s et v\u00e9hicules \u00e0 capucine Dethleffs<\/li>\n<li>Pour les camping-cars int\u00e9gr\u00e9s Dethleffs <\/li>\n<li>Pour les v\u00e9hicules Dethleffs premium Class<\/li>\n<li>Pour les camping-cars profil\u00e9s et de v\u00e9hicules \u00e0 capucine Hymer<\/li>\n<li>Pour les camping-cars int\u00e9gr\u00e9s Hymer<\/li>\n<\/ul>\n<p>\u00a0<\/p>\n","protected":false},"excerpt":{"rendered":"<p>Les tapis dans la cabine conducteur emp\u00eachent l&rsquo;encrassement et l&rsquo;usure des sols en PVC d&rsquo;origine ou des pr\u00e9cieux tapis en velours.Les tapis sont faciles \u00e0 enlever, peuvent \u00eatre secou\u00e9s, aspir\u00e9s et m\u00eame nettoy\u00e9s avec un appareil haute pression. Dans le cas de tapis de sol textiles, un rev\u00eatement antid\u00e9rapant et imperm\u00e9able \u00e0 l&rsquo;eau sur le [&hellip;]<\/p>\n","protected":false},"featured_media":40321,"template":"","meta":{"_acf_changed":false},"product_featured_cat":[],"product_brand":[3316],"product_cat":[4685],"product_tag":[],"class_list":{"0":"post-40325","1":"product","2":"type-product","3":"status-publish","4":"has-post-thumbnail","6":"product_brand-art","7":"product_cat-tapis-de-cabine","9":"first","10":"instock","11":"taxable","12":"shipping-taxable","13":"purchasable","14":"product-type-simple"},"acf":[],"yoast_head":"<!-- This site is optimized with the Yoast SEO plugin v27.5 - https:\/\/yoast.com\/product\/yoast-seo-wordpress\/ -->\n<title>Matelas caoutchouc pour cabine de conducteur Ducato 230 \/ 244, 03\/94-07\/06 - Bantam<\/title>\n<meta name=\"robots\" content=\"index, follow, max-snippet:-1, max-image-preview:large, max-video-preview:-1\" \/>\n<link rel=\"canonical\" href=\"https:\/\/shop.bantam.ch\/fr\/produit\/matelas-caoutchouc-pour-cabine-de-conducteur-fiat-ducato-citroen-jumper-peugoet-boxer-230-244-a-partir-de-3-1994-6-2006\/\" \/>\n<meta property=\"og:locale\" content=\"fr_FR\" \/>\n<meta property=\"og:type\" content=\"article\" \/>\n<meta property=\"og:title\" content=\"Matelas caoutchouc pour cabine de conducteur Ducato 230 \/ 244, 03\/94-07\/06 - Bantam\" \/>\n<meta property=\"og:description\" content=\"Les tapis dans la cabine conducteur emp\u00eachent l&rsquo;encrassement et l&rsquo;usure des sols en PVC d&rsquo;origine ou des pr\u00e9cieux tapis en velours.Les tapis sont faciles \u00e0 enlever, peuvent \u00eatre secou\u00e9s, aspir\u00e9s et m\u00eame nettoy\u00e9s avec un appareil haute pression. Dans le cas de tapis de sol textiles, un rev\u00eatement antid\u00e9rapant et imperm\u00e9able \u00e0 l&rsquo;eau sur le [&hellip;]\" \/>\n<meta property=\"og:url\" content=\"https:\/\/shop.bantam.ch\/fr\/produit\/matelas-caoutchouc-pour-cabine-de-conducteur-fiat-ducato-citroen-jumper-peugoet-boxer-230-244-a-partir-de-3-1994-6-2006\/\" \/>\n<meta property=\"og:site_name\" content=\"Bantam\" \/>\n<meta property=\"article:modified_time\" content=\"2026-05-10T18:55:52+00:00\" \/>\n<meta property=\"og:image\" content=\"https:\/\/shop.bantam.ch\/wp-content\/uploads\/2023\/02\/99146504031-1.jpg\" \/>\n\t<meta property=\"og:image:width\" content=\"500\" \/>\n\t<meta property=\"og:image:height\" content=\"318\" \/>\n\t<meta property=\"og:image:type\" content=\"image\/jpeg\" \/>\n<meta name=\"twitter:card\" content=\"summary_large_image\" \/>\n<meta name=\"twitter:label1\" content=\"Dur\u00e9e de lecture estim\u00e9e\" \/>\n\t<meta name=\"twitter:data1\" content=\"1 minute\" \/>\n<script type=\"application\/ld+json\" class=\"yoast-schema-graph\">{\"@context\":\"https:\\\/\\\/schema.org\",\"@graph\":[{\"@type\":\"WebPage\",\"@id\":\"https:\\\/\\\/shop.bantam.ch\\\/fr\\\/produit\\\/matelas-caoutchouc-pour-cabine-de-conducteur-fiat-ducato-citroen-jumper-peugoet-boxer-230-244-a-partir-de-3-1994-6-2006\\\/\",\"url\":\"https:\\\/\\\/shop.bantam.ch\\\/fr\\\/produit\\\/matelas-caoutchouc-pour-cabine-de-conducteur-fiat-ducato-citroen-jumper-peugoet-boxer-230-244-a-partir-de-3-1994-6-2006\\\/\",\"name\":\"Matelas caoutchouc pour cabine de conducteur Ducato 230 \\\/ 244, 03\\\/94-07\\\/06 - Bantam\",\"isPartOf\":{\"@id\":\"https:\\\/\\\/shop.bantam.ch\\\/fr\\\/#website\"},\"primaryImageOfPage\":{\"@id\":\"https:\\\/\\\/shop.bantam.ch\\\/fr\\\/produit\\\/matelas-caoutchouc-pour-cabine-de-conducteur-fiat-ducato-citroen-jumper-peugoet-boxer-230-244-a-partir-de-3-1994-6-2006\\\/#primaryimage\"},\"image\":{\"@id\":\"https:\\\/\\\/shop.bantam.ch\\\/fr\\\/produit\\\/matelas-caoutchouc-pour-cabine-de-conducteur-fiat-ducato-citroen-jumper-peugoet-boxer-230-244-a-partir-de-3-1994-6-2006\\\/#primaryimage\"},\"thumbnailUrl\":\"https:\\\/\\\/shop.bantam.ch\\\/wp-content\\\/uploads\\\/2023\\\/02\\\/99146504031-1.jpg\",\"datePublished\":\"2023-02-22T20:04:12+00:00\",\"dateModified\":\"2026-05-10T18:55:52+00:00\",\"breadcrumb\":{\"@id\":\"https:\\\/\\\/shop.bantam.ch\\\/fr\\\/produit\\\/matelas-caoutchouc-pour-cabine-de-conducteur-fiat-ducato-citroen-jumper-peugoet-boxer-230-244-a-partir-de-3-1994-6-2006\\\/#breadcrumb\"},\"inLanguage\":\"fr-FR\",\"potentialAction\":[{\"@type\":\"ReadAction\",\"target\":[\"https:\\\/\\\/shop.bantam.ch\\\/fr\\\/produit\\\/matelas-caoutchouc-pour-cabine-de-conducteur-fiat-ducato-citroen-jumper-peugoet-boxer-230-244-a-partir-de-3-1994-6-2006\\\/\"]}]},{\"@type\":\"ImageObject\",\"inLanguage\":\"fr-FR\",\"@id\":\"https:\\\/\\\/shop.bantam.ch\\\/fr\\\/produit\\\/matelas-caoutchouc-pour-cabine-de-conducteur-fiat-ducato-citroen-jumper-peugoet-boxer-230-244-a-partir-de-3-1994-6-2006\\\/#primaryimage\",\"url\":\"https:\\\/\\\/shop.bantam.ch\\\/wp-content\\\/uploads\\\/2023\\\/02\\\/99146504031-1.jpg\",\"contentUrl\":\"https:\\\/\\\/shop.bantam.ch\\\/wp-content\\\/uploads\\\/2023\\\/02\\\/99146504031-1.jpg\",\"width\":500,\"height\":318},{\"@type\":\"BreadcrumbList\",\"@id\":\"https:\\\/\\\/shop.bantam.ch\\\/fr\\\/produit\\\/matelas-caoutchouc-pour-cabine-de-conducteur-fiat-ducato-citroen-jumper-peugoet-boxer-230-244-a-partir-de-3-1994-6-2006\\\/#breadcrumb\",\"itemListElement\":[{\"@type\":\"ListItem\",\"position\":1,\"name\":\"Accueil\",\"item\":\"https:\\\/\\\/shop.bantam.ch\\\/fr\\\/\"},{\"@type\":\"ListItem\",\"position\":2,\"name\":\"Boutique\",\"item\":\"https:\\\/\\\/shop.bantam.ch\\\/fr\\\/boutique\\\/\"},{\"@type\":\"ListItem\",\"position\":3,\"name\":\"Matelas caoutchouc pour cabine de conducteur Ducato 230 \\\/ 244, 03\\\/94-07\\\/06\"}]},{\"@type\":\"WebSite\",\"@id\":\"https:\\\/\\\/shop.bantam.ch\\\/fr\\\/#website\",\"url\":\"https:\\\/\\\/shop.bantam.ch\\\/fr\\\/\",\"name\":\"Bantam\",\"description\":\"\",\"publisher\":{\"@id\":\"https:\\\/\\\/shop.bantam.ch\\\/fr\\\/#organization\"},\"inLanguage\":\"fr-FR\"},{\"@type\":\"Organization\",\"@id\":\"https:\\\/\\\/shop.bantam.ch\\\/fr\\\/#organization\",\"name\":\"Bantam\",\"url\":\"https:\\\/\\\/shop.bantam.ch\\\/fr\\\/\",\"logo\":{\"@type\":\"ImageObject\",\"inLanguage\":\"fr-FR\",\"@id\":\"https:\\\/\\\/shop.bantam.ch\\\/fr\\\/#\\\/schema\\\/logo\\\/image\\\/\",\"url\":\"https:\\\/\\\/shop.bantam.ch\\\/wp-content\\\/uploads\\\/2022\\\/12\\\/bantam-logo.png\",\"contentUrl\":\"https:\\\/\\\/shop.bantam.ch\\\/wp-content\\\/uploads\\\/2022\\\/12\\\/bantam-logo.png\",\"width\":320,\"height\":71,\"caption\":\"Bantam\"},\"image\":{\"@id\":\"https:\\\/\\\/shop.bantam.ch\\\/fr\\\/#\\\/schema\\\/logo\\\/image\\\/\"}}]}<\/script>\n<!-- \/ Yoast SEO plugin. -->","yoast_head_json":{"title":"Matelas caoutchouc pour cabine de conducteur Ducato 230 \/ 244, 03\/94-07\/06 - Bantam","robots":{"index":"index","follow":"follow","max-snippet":"max-snippet:-1","max-image-preview":"max-image-preview:large","max-video-preview":"max-video-preview:-1"},"canonical":"https:\/\/shop.bantam.ch\/fr\/produit\/matelas-caoutchouc-pour-cabine-de-conducteur-fiat-ducato-citroen-jumper-peugoet-boxer-230-244-a-partir-de-3-1994-6-2006\/","og_locale":"fr_FR","og_type":"article","og_title":"Matelas caoutchouc pour cabine de conducteur Ducato 230 \/ 244, 03\/94-07\/06 - Bantam","og_description":"Les tapis dans la cabine conducteur emp\u00eachent l&rsquo;encrassement et l&rsquo;usure des sols en PVC d&rsquo;origine ou des pr\u00e9cieux tapis en velours.Les tapis sont faciles \u00e0 enlever, peuvent \u00eatre secou\u00e9s, aspir\u00e9s et m\u00eame nettoy\u00e9s avec un appareil haute pression. Dans le cas de tapis de sol textiles, un rev\u00eatement antid\u00e9rapant et imperm\u00e9able \u00e0 l&rsquo;eau sur le [&hellip;]","og_url":"https:\/\/shop.bantam.ch\/fr\/produit\/matelas-caoutchouc-pour-cabine-de-conducteur-fiat-ducato-citroen-jumper-peugoet-boxer-230-244-a-partir-de-3-1994-6-2006\/","og_site_name":"Bantam","article_modified_time":"2026-05-10T18:55:52+00:00","og_image":[{"width":500,"height":318,"url":"https:\/\/shop.bantam.ch\/wp-content\/uploads\/2023\/02\/99146504031-1.jpg","type":"image\/jpeg"}],"twitter_card":"summary_large_image","twitter_misc":{"Dur\u00e9e de lecture estim\u00e9e":"1 minute"},"schema":{"@context":"https:\/\/schema.org","@graph":[{"@type":"WebPage","@id":"https:\/\/shop.bantam.ch\/fr\/produit\/matelas-caoutchouc-pour-cabine-de-conducteur-fiat-ducato-citroen-jumper-peugoet-boxer-230-244-a-partir-de-3-1994-6-2006\/","url":"https:\/\/shop.bantam.ch\/fr\/produit\/matelas-caoutchouc-pour-cabine-de-conducteur-fiat-ducato-citroen-jumper-peugoet-boxer-230-244-a-partir-de-3-1994-6-2006\/","name":"Matelas caoutchouc pour cabine de conducteur Ducato 230 \/ 244, 03\/94-07\/06 - Bantam","isPartOf":{"@id":"https:\/\/shop.bantam.ch\/fr\/#website"},"primaryImageOfPage":{"@id":"https:\/\/shop.bantam.ch\/fr\/produit\/matelas-caoutchouc-pour-cabine-de-conducteur-fiat-ducato-citroen-jumper-peugoet-boxer-230-244-a-partir-de-3-1994-6-2006\/#primaryimage"},"image":{"@id":"https:\/\/shop.bantam.ch\/fr\/produit\/matelas-caoutchouc-pour-cabine-de-conducteur-fiat-ducato-citroen-jumper-peugoet-boxer-230-244-a-partir-de-3-1994-6-2006\/#primaryimage"},"thumbnailUrl":"https:\/\/shop.bantam.ch\/wp-content\/uploads\/2023\/02\/99146504031-1.jpg","datePublished":"2023-02-22T20:04:12+00:00","dateModified":"2026-05-10T18:55:52+00:00","breadcrumb":{"@id":"https:\/\/shop.bantam.ch\/fr\/produit\/matelas-caoutchouc-pour-cabine-de-conducteur-fiat-ducato-citroen-jumper-peugoet-boxer-230-244-a-partir-de-3-1994-6-2006\/#breadcrumb"},"inLanguage":"fr-FR","potentialAction":[{"@type":"ReadAction","target":["https:\/\/shop.bantam.ch\/fr\/produit\/matelas-caoutchouc-pour-cabine-de-conducteur-fiat-ducato-citroen-jumper-peugoet-boxer-230-244-a-partir-de-3-1994-6-2006\/"]}]},{"@type":"ImageObject","inLanguage":"fr-FR","@id":"https:\/\/shop.bantam.ch\/fr\/produit\/matelas-caoutchouc-pour-cabine-de-conducteur-fiat-ducato-citroen-jumper-peugoet-boxer-230-244-a-partir-de-3-1994-6-2006\/#primaryimage","url":"https:\/\/shop.bantam.ch\/wp-content\/uploads\/2023\/02\/99146504031-1.jpg","contentUrl":"https:\/\/shop.bantam.ch\/wp-content\/uploads\/2023\/02\/99146504031-1.jpg","width":500,"height":318},{"@type":"BreadcrumbList","@id":"https:\/\/shop.bantam.ch\/fr\/produit\/matelas-caoutchouc-pour-cabine-de-conducteur-fiat-ducato-citroen-jumper-peugoet-boxer-230-244-a-partir-de-3-1994-6-2006\/#breadcrumb","itemListElement":[{"@type":"ListItem","position":1,"name":"Accueil","item":"https:\/\/shop.bantam.ch\/fr\/"},{"@type":"ListItem","position":2,"name":"Boutique","item":"https:\/\/shop.bantam.ch\/fr\/boutique\/"},{"@type":"ListItem","position":3,"name":"Matelas caoutchouc pour cabine de conducteur Ducato 230 \/ 244, 03\/94-07\/06"}]},{"@type":"WebSite","@id":"https:\/\/shop.bantam.ch\/fr\/#website","url":"https:\/\/shop.bantam.ch\/fr\/","name":"Bantam","description":"","publisher":{"@id":"https:\/\/shop.bantam.ch\/fr\/#organization"},"inLanguage":"fr-FR"},{"@type":"Organization","@id":"https:\/\/shop.bantam.ch\/fr\/#organization","name":"Bantam","url":"https:\/\/shop.bantam.ch\/fr\/","logo":{"@type":"ImageObject","inLanguage":"fr-FR","@id":"https:\/\/shop.bantam.ch\/fr\/#\/schema\/logo\/image\/","url":"https:\/\/shop.bantam.ch\/wp-content\/uploads\/2022\/12\/bantam-logo.png","contentUrl":"https:\/\/shop.bantam.ch\/wp-content\/uploads\/2022\/12\/bantam-logo.png","width":320,"height":71,"caption":"Bantam"},"image":{"@id":"https:\/\/shop.bantam.ch\/fr\/#\/schema\/logo\/image\/"}}]}},"_links":{"self":[{"href":"https:\/\/shop.bantam.ch\/fr\/wp-json\/wp\/v2\/product\/40325","targetHints":{"allow":["GET"]}}],"collection":[{"href":"https:\/\/shop.bantam.ch\/fr\/wp-json\/wp\/v2\/product"}],"about":[{"href":"https:\/\/shop.bantam.ch\/fr\/wp-json\/wp\/v2\/types\/product"}],"wp:featuredmedia":[{"embeddable":true,"href":"https:\/\/shop.bantam.ch\/fr\/wp-json\/wp\/v2\/media\/40321"}],"wp:attachment":[{"href":"https:\/\/shop.bantam.ch\/fr\/wp-json\/wp\/v2\/media?parent=40325"}],"wp:term":[{"taxonomy":"product_featured_cat","embeddable":true,"href":"https:\/\/shop.bantam.ch\/fr\/wp-json\/wp\/v2\/product_featured_cat?post=40325"},{"taxonomy":"product_brand","embeddable":true,"href":"https:\/\/shop.bantam.ch\/fr\/wp-json\/wp\/v2\/product_brand?post=40325"},{"taxonomy":"product_cat","embeddable":true,"href":"https:\/\/shop.bantam.ch\/fr\/wp-json\/wp\/v2\/product_cat?post=40325"},{"taxonomy":"product_tag","embeddable":true,"href":"https:\/\/shop.bantam.ch\/fr\/wp-json\/wp\/v2\/product_tag?post=40325"}],"curies":[{"name":"wp","href":"https:\/\/api.w.org\/{rel}","templated":true}]}}