{"id":40221,"date":"2023-02-22T21:02:19","date_gmt":"2023-02-22T20:02:19","guid":{"rendered":"http:\/\/preprod-dev.sh1.hidora.com\/webshop\/produit\/porte-velos-caravan-superb-std\/"},"modified":"2026-04-17T20:55:17","modified_gmt":"2026-04-17T18:55:17","slug":"porte-velos-caravan-superb-std","status":"publish","type":"product","link":"https:\/\/shop.bantam.ch\/fr\/produit\/porte-velos-caravan-superb-std\/","title":{"rendered":"Porte-v\u00e9lo Thule Caravan Superb &#8211; pour 2 v\u00e9los, charge admise 60 kg"},"content":{"rendered":"<p>Le porte-v\u00e9los pour timon Thule Caravan dans un design \u00e9l\u00e9gant. Con\u00e7u pour le montage sur tous les types de timons de caravanes, m\u00eame sur les timons couverts. Se rabat compl\u00e8tement avec les v\u00e9los pour acc\u00e9der \u00e0 l&rsquo;espace de rangement avant. Nouvelle plateforme verrouillable innovante.  Une plateforme plus basse pour un meilleur centre de gravit\u00e9. \u00a0<\/p>\n<p>Contenu de la livraison :<br \/>deux bras de maintien verrouillables inclus<\/p>\n<ul>\n<li>Pour deux v\u00e9los<\/li>\n<li>Extensible jusqu\u2019\u00e0 3 v\u00e9los<\/li>\n<li>Charge admise par rail 30 kg<\/li>\n<li>Adapt\u00e9 pour 2 v\u00e9los \u00e9lectriques<\/li>\n<li>Porte-v\u00e9los pour timon<\/li>\n<\/ul>\n","protected":false},"excerpt":{"rendered":"<p>Le porte-v\u00e9los pour timon Thule Caravan dans un design \u00e9l\u00e9gant. Con\u00e7u pour le montage sur tous les types de timons de caravanes, m\u00eame sur les timons couverts. Se rabat compl\u00e8tement avec les v\u00e9los pour acc\u00e9der \u00e0 l&rsquo;espace de rangement avant. Nouvelle plateforme verrouillable innovante. Une plateforme plus basse pour un meilleur centre de gravit\u00e9. \u00a0 [&hellip;]<\/p>\n","protected":false},"featured_media":40193,"template":"","meta":{"_acf_changed":false},"product_featured_cat":[],"product_brand":[3046],"product_cat":[5137],"product_tag":[],"class_list":{"0":"post-40221","1":"product","2":"type-product","3":"status-publish","4":"has-post-thumbnail","6":"product_brand-thule","7":"product_cat-porte-velos-arriere","9":"first","10":"instock","11":"taxable","12":"shipping-taxable","13":"purchasable","14":"product-type-simple"},"acf":[],"yoast_head":"<!-- This site is optimized with the Yoast SEO plugin v27.4 - https:\/\/yoast.com\/product\/yoast-seo-wordpress\/ -->\n<title>Porte-v\u00e9lo Thule Caravan Superb - pour 2 v\u00e9los, charge admise 60 kg - Bantam Wankm\u00fcller SA<\/title>\n<meta name=\"robots\" content=\"index, follow, max-snippet:-1, max-image-preview:large, max-video-preview:-1\" \/>\n<link rel=\"canonical\" href=\"https:\/\/shop.bantam.ch\/fr\/produit\/porte-velos-caravan-superb-std\/\" \/>\n<meta property=\"og:locale\" content=\"fr_FR\" \/>\n<meta property=\"og:type\" content=\"article\" \/>\n<meta property=\"og:title\" content=\"Porte-v\u00e9lo Thule Caravan Superb - pour 2 v\u00e9los, charge admise 60 kg - Bantam Wankm\u00fcller SA\" \/>\n<meta property=\"og:description\" content=\"Le porte-v\u00e9los pour timon Thule Caravan dans un design \u00e9l\u00e9gant. Con\u00e7u pour le montage sur tous les types de timons de caravanes, m\u00eame sur les timons couverts. Se rabat compl\u00e8tement avec les v\u00e9los pour acc\u00e9der \u00e0 l&rsquo;espace de rangement avant. Nouvelle plateforme verrouillable innovante. Une plateforme plus basse pour un meilleur centre de gravit\u00e9. \u00a0 [&hellip;]\" \/>\n<meta property=\"og:url\" content=\"https:\/\/shop.bantam.ch\/fr\/produit\/porte-velos-caravan-superb-std\/\" \/>\n<meta property=\"og:site_name\" content=\"Bantam Wankm\u00fcller SA\" \/>\n<meta property=\"article:modified_time\" content=\"2026-04-17T18:55:17+00:00\" \/>\n<meta property=\"og:image\" content=\"https:\/\/shop.bantam.ch\/wp-content\/uploads\/2023\/02\/9913355-Fahrradtraeger_Caravan_Superb-Standard-01-1.jpg\" \/>\n\t<meta property=\"og:image:width\" content=\"1000\" \/>\n\t<meta property=\"og:image:height\" content=\"667\" \/>\n\t<meta property=\"og:image:type\" content=\"image\/jpeg\" \/>\n<meta name=\"twitter:card\" content=\"summary_large_image\" \/>\n<script type=\"application\/ld+json\" class=\"yoast-schema-graph\">{\"@context\":\"https:\\\/\\\/schema.org\",\"@graph\":[{\"@type\":\"WebPage\",\"@id\":\"https:\\\/\\\/shop.bantam.ch\\\/fr\\\/produit\\\/porte-velos-caravan-superb-std\\\/\",\"url\":\"https:\\\/\\\/shop.bantam.ch\\\/fr\\\/produit\\\/porte-velos-caravan-superb-std\\\/\",\"name\":\"Porte-v\u00e9lo Thule Caravan Superb - pour 2 v\u00e9los, charge admise 60 kg - Bantam Wankm\u00fcller SA\",\"isPartOf\":{\"@id\":\"https:\\\/\\\/shop.bantam.ch\\\/fr\\\/#website\"},\"primaryImageOfPage\":{\"@id\":\"https:\\\/\\\/shop.bantam.ch\\\/fr\\\/produit\\\/porte-velos-caravan-superb-std\\\/#primaryimage\"},\"image\":{\"@id\":\"https:\\\/\\\/shop.bantam.ch\\\/fr\\\/produit\\\/porte-velos-caravan-superb-std\\\/#primaryimage\"},\"thumbnailUrl\":\"https:\\\/\\\/shop.bantam.ch\\\/wp-content\\\/uploads\\\/2023\\\/02\\\/9913355-Fahrradtraeger_Caravan_Superb-Standard-01-1.jpg\",\"datePublished\":\"2023-02-22T20:02:19+00:00\",\"dateModified\":\"2026-04-17T18:55:17+00:00\",\"breadcrumb\":{\"@id\":\"https:\\\/\\\/shop.bantam.ch\\\/fr\\\/produit\\\/porte-velos-caravan-superb-std\\\/#breadcrumb\"},\"inLanguage\":\"fr-FR\",\"potentialAction\":[{\"@type\":\"ReadAction\",\"target\":[\"https:\\\/\\\/shop.bantam.ch\\\/fr\\\/produit\\\/porte-velos-caravan-superb-std\\\/\"]}]},{\"@type\":\"ImageObject\",\"inLanguage\":\"fr-FR\",\"@id\":\"https:\\\/\\\/shop.bantam.ch\\\/fr\\\/produit\\\/porte-velos-caravan-superb-std\\\/#primaryimage\",\"url\":\"https:\\\/\\\/shop.bantam.ch\\\/wp-content\\\/uploads\\\/2023\\\/02\\\/9913355-Fahrradtraeger_Caravan_Superb-Standard-01-1.jpg\",\"contentUrl\":\"https:\\\/\\\/shop.bantam.ch\\\/wp-content\\\/uploads\\\/2023\\\/02\\\/9913355-Fahrradtraeger_Caravan_Superb-Standard-01-1.jpg\",\"width\":1000,\"height\":667},{\"@type\":\"BreadcrumbList\",\"@id\":\"https:\\\/\\\/shop.bantam.ch\\\/fr\\\/produit\\\/porte-velos-caravan-superb-std\\\/#breadcrumb\",\"itemListElement\":[{\"@type\":\"ListItem\",\"position\":1,\"name\":\"Accueil\",\"item\":\"https:\\\/\\\/shop.bantam.ch\\\/fr\\\/\"},{\"@type\":\"ListItem\",\"position\":2,\"name\":\"Boutique\",\"item\":\"https:\\\/\\\/shop.bantam.ch\\\/fr\\\/boutique\\\/\"},{\"@type\":\"ListItem\",\"position\":3,\"name\":\"Porte-v\u00e9lo Thule Caravan Superb &#8211; pour 2 v\u00e9los, charge admise 60 kg\"}]},{\"@type\":\"WebSite\",\"@id\":\"https:\\\/\\\/shop.bantam.ch\\\/fr\\\/#website\",\"url\":\"https:\\\/\\\/shop.bantam.ch\\\/fr\\\/\",\"name\":\"Bantam Wankm\u00fcller SA\",\"description\":\"\",\"publisher\":{\"@id\":\"https:\\\/\\\/shop.bantam.ch\\\/fr\\\/#organization\"},\"inLanguage\":\"fr-FR\"},{\"@type\":\"Organization\",\"@id\":\"https:\\\/\\\/shop.bantam.ch\\\/fr\\\/#organization\",\"name\":\"Bantam Wankm\u00fcller SA\",\"url\":\"https:\\\/\\\/shop.bantam.ch\\\/fr\\\/\",\"logo\":{\"@type\":\"ImageObject\",\"inLanguage\":\"fr-FR\",\"@id\":\"https:\\\/\\\/shop.bantam.ch\\\/fr\\\/#\\\/schema\\\/logo\\\/image\\\/\",\"url\":\"https:\\\/\\\/shop.bantam.ch\\\/wp-content\\\/uploads\\\/2022\\\/12\\\/bantam-logo.png\",\"contentUrl\":\"https:\\\/\\\/shop.bantam.ch\\\/wp-content\\\/uploads\\\/2022\\\/12\\\/bantam-logo.png\",\"width\":320,\"height\":71,\"caption\":\"Bantam Wankm\u00fcller SA\"},\"image\":{\"@id\":\"https:\\\/\\\/shop.bantam.ch\\\/fr\\\/#\\\/schema\\\/logo\\\/image\\\/\"}}]}<\/script>\n<!-- \/ Yoast SEO plugin. -->","yoast_head_json":{"title":"Porte-v\u00e9lo Thule Caravan Superb - pour 2 v\u00e9los, charge admise 60 kg - Bantam Wankm\u00fcller SA","robots":{"index":"index","follow":"follow","max-snippet":"max-snippet:-1","max-image-preview":"max-image-preview:large","max-video-preview":"max-video-preview:-1"},"canonical":"https:\/\/shop.bantam.ch\/fr\/produit\/porte-velos-caravan-superb-std\/","og_locale":"fr_FR","og_type":"article","og_title":"Porte-v\u00e9lo Thule Caravan Superb - pour 2 v\u00e9los, charge admise 60 kg - Bantam Wankm\u00fcller SA","og_description":"Le porte-v\u00e9los pour timon Thule Caravan dans un design \u00e9l\u00e9gant. Con\u00e7u pour le montage sur tous les types de timons de caravanes, m\u00eame sur les timons couverts. Se rabat compl\u00e8tement avec les v\u00e9los pour acc\u00e9der \u00e0 l&rsquo;espace de rangement avant. Nouvelle plateforme verrouillable innovante. Une plateforme plus basse pour un meilleur centre de gravit\u00e9. \u00a0 [&hellip;]","og_url":"https:\/\/shop.bantam.ch\/fr\/produit\/porte-velos-caravan-superb-std\/","og_site_name":"Bantam Wankm\u00fcller SA","article_modified_time":"2026-04-17T18:55:17+00:00","og_image":[{"width":1000,"height":667,"url":"https:\/\/shop.bantam.ch\/wp-content\/uploads\/2023\/02\/9913355-Fahrradtraeger_Caravan_Superb-Standard-01-1.jpg","type":"image\/jpeg"}],"twitter_card":"summary_large_image","schema":{"@context":"https:\/\/schema.org","@graph":[{"@type":"WebPage","@id":"https:\/\/shop.bantam.ch\/fr\/produit\/porte-velos-caravan-superb-std\/","url":"https:\/\/shop.bantam.ch\/fr\/produit\/porte-velos-caravan-superb-std\/","name":"Porte-v\u00e9lo Thule Caravan Superb - pour 2 v\u00e9los, charge admise 60 kg - Bantam Wankm\u00fcller SA","isPartOf":{"@id":"https:\/\/shop.bantam.ch\/fr\/#website"},"primaryImageOfPage":{"@id":"https:\/\/shop.bantam.ch\/fr\/produit\/porte-velos-caravan-superb-std\/#primaryimage"},"image":{"@id":"https:\/\/shop.bantam.ch\/fr\/produit\/porte-velos-caravan-superb-std\/#primaryimage"},"thumbnailUrl":"https:\/\/shop.bantam.ch\/wp-content\/uploads\/2023\/02\/9913355-Fahrradtraeger_Caravan_Superb-Standard-01-1.jpg","datePublished":"2023-02-22T20:02:19+00:00","dateModified":"2026-04-17T18:55:17+00:00","breadcrumb":{"@id":"https:\/\/shop.bantam.ch\/fr\/produit\/porte-velos-caravan-superb-std\/#breadcrumb"},"inLanguage":"fr-FR","potentialAction":[{"@type":"ReadAction","target":["https:\/\/shop.bantam.ch\/fr\/produit\/porte-velos-caravan-superb-std\/"]}]},{"@type":"ImageObject","inLanguage":"fr-FR","@id":"https:\/\/shop.bantam.ch\/fr\/produit\/porte-velos-caravan-superb-std\/#primaryimage","url":"https:\/\/shop.bantam.ch\/wp-content\/uploads\/2023\/02\/9913355-Fahrradtraeger_Caravan_Superb-Standard-01-1.jpg","contentUrl":"https:\/\/shop.bantam.ch\/wp-content\/uploads\/2023\/02\/9913355-Fahrradtraeger_Caravan_Superb-Standard-01-1.jpg","width":1000,"height":667},{"@type":"BreadcrumbList","@id":"https:\/\/shop.bantam.ch\/fr\/produit\/porte-velos-caravan-superb-std\/#breadcrumb","itemListElement":[{"@type":"ListItem","position":1,"name":"Accueil","item":"https:\/\/shop.bantam.ch\/fr\/"},{"@type":"ListItem","position":2,"name":"Boutique","item":"https:\/\/shop.bantam.ch\/fr\/boutique\/"},{"@type":"ListItem","position":3,"name":"Porte-v\u00e9lo Thule Caravan Superb &#8211; pour 2 v\u00e9los, charge admise 60 kg"}]},{"@type":"WebSite","@id":"https:\/\/shop.bantam.ch\/fr\/#website","url":"https:\/\/shop.bantam.ch\/fr\/","name":"Bantam Wankm\u00fcller SA","description":"","publisher":{"@id":"https:\/\/shop.bantam.ch\/fr\/#organization"},"inLanguage":"fr-FR"},{"@type":"Organization","@id":"https:\/\/shop.bantam.ch\/fr\/#organization","name":"Bantam Wankm\u00fcller SA","url":"https:\/\/shop.bantam.ch\/fr\/","logo":{"@type":"ImageObject","inLanguage":"fr-FR","@id":"https:\/\/shop.bantam.ch\/fr\/#\/schema\/logo\/image\/","url":"https:\/\/shop.bantam.ch\/wp-content\/uploads\/2022\/12\/bantam-logo.png","contentUrl":"https:\/\/shop.bantam.ch\/wp-content\/uploads\/2022\/12\/bantam-logo.png","width":320,"height":71,"caption":"Bantam Wankm\u00fcller SA"},"image":{"@id":"https:\/\/shop.bantam.ch\/fr\/#\/schema\/logo\/image\/"}}]}},"_links":{"self":[{"href":"https:\/\/shop.bantam.ch\/fr\/wp-json\/wp\/v2\/product\/40221","targetHints":{"allow":["GET"]}}],"collection":[{"href":"https:\/\/shop.bantam.ch\/fr\/wp-json\/wp\/v2\/product"}],"about":[{"href":"https:\/\/shop.bantam.ch\/fr\/wp-json\/wp\/v2\/types\/product"}],"wp:featuredmedia":[{"embeddable":true,"href":"https:\/\/shop.bantam.ch\/fr\/wp-json\/wp\/v2\/media\/40193"}],"wp:attachment":[{"href":"https:\/\/shop.bantam.ch\/fr\/wp-json\/wp\/v2\/media?parent=40221"}],"wp:term":[{"taxonomy":"product_featured_cat","embeddable":true,"href":"https:\/\/shop.bantam.ch\/fr\/wp-json\/wp\/v2\/product_featured_cat?post=40221"},{"taxonomy":"product_brand","embeddable":true,"href":"https:\/\/shop.bantam.ch\/fr\/wp-json\/wp\/v2\/product_brand?post=40221"},{"taxonomy":"product_cat","embeddable":true,"href":"https:\/\/shop.bantam.ch\/fr\/wp-json\/wp\/v2\/product_cat?post=40221"},{"taxonomy":"product_tag","embeddable":true,"href":"https:\/\/shop.bantam.ch\/fr\/wp-json\/wp\/v2\/product_tag?post=40221"}],"curies":[{"name":"wp","href":"https:\/\/api.w.org\/{rel}","templated":true}]}}