{"id":40151,"date":"2023-02-22T21:01:20","date_gmt":"2023-02-22T20:01:20","guid":{"rendered":"http:\/\/preprod-dev.sh1.hidora.com\/webshop\/produit\/retroviseur-universel-universa-iii-light\/"},"modified":"2026-04-18T20:55:46","modified_gmt":"2026-04-18T18:55:46","slug":"retroviseur-universel-universa-iii-light","status":"publish","type":"product","link":"https:\/\/shop.bantam.ch\/fr\/produit\/retroviseur-universel-universa-iii-light\/","title":{"rendered":"R\u00e9troviseur universel Emuk III Light"},"content":{"rendered":"<p>Le r\u00e9troviseur de la caravane est mont\u00e9 \u00e0 l\u2019aide de deux vis sans outil.<\/p>\n<ul>\n<li>Corps de base tr\u00e8s stable en mati\u00e8re plastique haute performance<\/li>\n<li>Vis de serrage en acier inoxydable avec poign\u00e9e molet\u00e9e et \u00e9crous en laiton<\/li>\n<li>2 pi\u00e8ces de serrage pivotantes rev\u00eatues de caoutchouc sp\u00e9cial (antid\u00e9rapant)<\/li>\n<li>T\u00f4le d&rsquo;acier inoxydable \u00e0 ressort \u00e9paisseur 2 mm comme contre-palier, \u00e9galement rev\u00eatue de caoutchouc sp\u00e9cial<\/li>\n<li>T\u00eate de r\u00e9troviseur a\u00e9rodynamique r\u00e9glable dans toutes les directions avec miroir de s\u00e9curit\u00e9 \u00e0 face bomb\u00e9e.<\/li>\n<li>Tube droit en aluminium (ce qui \u00e9l\u00e8ve la position de la t\u00eate de miroir)<\/li>\n<li>Tube en aluminium sans rev\u00eatement en poudre<\/li>\n<\/ul>\n<p>Contenu de la livraison :<br \/>Supports droit et gauche<br \/>2 r\u00e9troviseurs \u00a0<br \/>Pi\u00e8ces de pression N et NT pour les v\u00e9hicules avec rainure de bo\u00eetier<br \/>Instruction de montage<\/p>\n","protected":false},"excerpt":{"rendered":"<p>Le r\u00e9troviseur de la caravane est mont\u00e9 \u00e0 l\u2019aide de deux vis sans outil. Corps de base tr\u00e8s stable en mati\u00e8re plastique haute performance Vis de serrage en acier inoxydable avec poign\u00e9e molet\u00e9e et \u00e9crous en laiton 2 pi\u00e8ces de serrage pivotantes rev\u00eatues de caoutchouc sp\u00e9cial (antid\u00e9rapant) T\u00f4le d&rsquo;acier inoxydable \u00e0 ressort \u00e9paisseur 2 mm [&hellip;]<\/p>\n","protected":false},"featured_media":40149,"template":"","meta":{"_acf_changed":false},"product_featured_cat":[],"product_brand":[3144],"product_cat":[4831],"product_tag":[],"class_list":{"0":"post-40151","1":"product","2":"type-product","3":"status-publish","4":"has-post-thumbnail","6":"product_brand-emuk","7":"product_cat-retroviseurs-de-caravane","9":"first","10":"instock","11":"taxable","12":"shipping-taxable","13":"purchasable","14":"product-type-simple"},"acf":[],"yoast_head":"<!-- This site is optimized with the Yoast SEO plugin v27.4 - https:\/\/yoast.com\/product\/yoast-seo-wordpress\/ -->\n<title>R\u00e9troviseur universel Emuk III Light - Bantam Wankm\u00fcller SA<\/title>\n<meta name=\"robots\" content=\"index, follow, max-snippet:-1, max-image-preview:large, max-video-preview:-1\" \/>\n<link rel=\"canonical\" href=\"https:\/\/shop.bantam.ch\/fr\/produit\/retroviseur-universel-universa-iii-light\/\" \/>\n<meta property=\"og:locale\" content=\"fr_FR\" \/>\n<meta property=\"og:type\" content=\"article\" \/>\n<meta property=\"og:title\" content=\"R\u00e9troviseur universel Emuk III Light - Bantam Wankm\u00fcller SA\" \/>\n<meta property=\"og:description\" content=\"Le r\u00e9troviseur de la caravane est mont\u00e9 \u00e0 l\u2019aide de deux vis sans outil. Corps de base tr\u00e8s stable en mati\u00e8re plastique haute performance Vis de serrage en acier inoxydable avec poign\u00e9e molet\u00e9e et \u00e9crous en laiton 2 pi\u00e8ces de serrage pivotantes rev\u00eatues de caoutchouc sp\u00e9cial (antid\u00e9rapant) T\u00f4le d&rsquo;acier inoxydable \u00e0 ressort \u00e9paisseur 2 mm [&hellip;]\" \/>\n<meta property=\"og:url\" content=\"https:\/\/shop.bantam.ch\/fr\/produit\/retroviseur-universel-universa-iii-light\/\" \/>\n<meta property=\"og:site_name\" content=\"Bantam Wankm\u00fcller SA\" \/>\n<meta property=\"article:modified_time\" content=\"2026-04-18T18:55:46+00:00\" \/>\n<meta property=\"og:image\" content=\"https:\/\/shop.bantam.ch\/wp-content\/uploads\/2023\/02\/9912635-Universalspiegel_III_Light_-_passend_fr_fast_alle_Fahrzeug-_Aussenspiegel-Standard-01-1.jpg\" \/>\n\t<meta property=\"og:image:width\" content=\"1000\" \/>\n\t<meta property=\"og:image:height\" content=\"667\" \/>\n\t<meta property=\"og:image:type\" content=\"image\/jpeg\" \/>\n<meta name=\"twitter:card\" content=\"summary_large_image\" \/>\n<meta name=\"twitter:label1\" content=\"Dur\u00e9e de lecture estim\u00e9e\" \/>\n\t<meta name=\"twitter:data1\" content=\"1 minute\" \/>\n<script type=\"application\/ld+json\" class=\"yoast-schema-graph\">{\"@context\":\"https:\\\/\\\/schema.org\",\"@graph\":[{\"@type\":\"WebPage\",\"@id\":\"https:\\\/\\\/shop.bantam.ch\\\/fr\\\/produit\\\/retroviseur-universel-universa-iii-light\\\/\",\"url\":\"https:\\\/\\\/shop.bantam.ch\\\/fr\\\/produit\\\/retroviseur-universel-universa-iii-light\\\/\",\"name\":\"R\u00e9troviseur universel Emuk III Light - Bantam Wankm\u00fcller SA\",\"isPartOf\":{\"@id\":\"https:\\\/\\\/shop.bantam.ch\\\/fr\\\/#website\"},\"primaryImageOfPage\":{\"@id\":\"https:\\\/\\\/shop.bantam.ch\\\/fr\\\/produit\\\/retroviseur-universel-universa-iii-light\\\/#primaryimage\"},\"image\":{\"@id\":\"https:\\\/\\\/shop.bantam.ch\\\/fr\\\/produit\\\/retroviseur-universel-universa-iii-light\\\/#primaryimage\"},\"thumbnailUrl\":\"https:\\\/\\\/shop.bantam.ch\\\/wp-content\\\/uploads\\\/2023\\\/02\\\/9912635-Universalspiegel_III_Light_-_passend_fr_fast_alle_Fahrzeug-_Aussenspiegel-Standard-01-1.jpg\",\"datePublished\":\"2023-02-22T20:01:20+00:00\",\"dateModified\":\"2026-04-18T18:55:46+00:00\",\"breadcrumb\":{\"@id\":\"https:\\\/\\\/shop.bantam.ch\\\/fr\\\/produit\\\/retroviseur-universel-universa-iii-light\\\/#breadcrumb\"},\"inLanguage\":\"fr-FR\",\"potentialAction\":[{\"@type\":\"ReadAction\",\"target\":[\"https:\\\/\\\/shop.bantam.ch\\\/fr\\\/produit\\\/retroviseur-universel-universa-iii-light\\\/\"]}]},{\"@type\":\"ImageObject\",\"inLanguage\":\"fr-FR\",\"@id\":\"https:\\\/\\\/shop.bantam.ch\\\/fr\\\/produit\\\/retroviseur-universel-universa-iii-light\\\/#primaryimage\",\"url\":\"https:\\\/\\\/shop.bantam.ch\\\/wp-content\\\/uploads\\\/2023\\\/02\\\/9912635-Universalspiegel_III_Light_-_passend_fr_fast_alle_Fahrzeug-_Aussenspiegel-Standard-01-1.jpg\",\"contentUrl\":\"https:\\\/\\\/shop.bantam.ch\\\/wp-content\\\/uploads\\\/2023\\\/02\\\/9912635-Universalspiegel_III_Light_-_passend_fr_fast_alle_Fahrzeug-_Aussenspiegel-Standard-01-1.jpg\",\"width\":1000,\"height\":667},{\"@type\":\"BreadcrumbList\",\"@id\":\"https:\\\/\\\/shop.bantam.ch\\\/fr\\\/produit\\\/retroviseur-universel-universa-iii-light\\\/#breadcrumb\",\"itemListElement\":[{\"@type\":\"ListItem\",\"position\":1,\"name\":\"Accueil\",\"item\":\"https:\\\/\\\/shop.bantam.ch\\\/fr\\\/\"},{\"@type\":\"ListItem\",\"position\":2,\"name\":\"Boutique\",\"item\":\"https:\\\/\\\/shop.bantam.ch\\\/fr\\\/boutique\\\/\"},{\"@type\":\"ListItem\",\"position\":3,\"name\":\"R\u00e9troviseur universel Emuk III Light\"}]},{\"@type\":\"WebSite\",\"@id\":\"https:\\\/\\\/shop.bantam.ch\\\/fr\\\/#website\",\"url\":\"https:\\\/\\\/shop.bantam.ch\\\/fr\\\/\",\"name\":\"Bantam Wankm\u00fcller SA\",\"description\":\"\",\"publisher\":{\"@id\":\"https:\\\/\\\/shop.bantam.ch\\\/fr\\\/#organization\"},\"inLanguage\":\"fr-FR\"},{\"@type\":\"Organization\",\"@id\":\"https:\\\/\\\/shop.bantam.ch\\\/fr\\\/#organization\",\"name\":\"Bantam Wankm\u00fcller SA\",\"url\":\"https:\\\/\\\/shop.bantam.ch\\\/fr\\\/\",\"logo\":{\"@type\":\"ImageObject\",\"inLanguage\":\"fr-FR\",\"@id\":\"https:\\\/\\\/shop.bantam.ch\\\/fr\\\/#\\\/schema\\\/logo\\\/image\\\/\",\"url\":\"https:\\\/\\\/shop.bantam.ch\\\/wp-content\\\/uploads\\\/2022\\\/12\\\/bantam-logo.png\",\"contentUrl\":\"https:\\\/\\\/shop.bantam.ch\\\/wp-content\\\/uploads\\\/2022\\\/12\\\/bantam-logo.png\",\"width\":320,\"height\":71,\"caption\":\"Bantam Wankm\u00fcller SA\"},\"image\":{\"@id\":\"https:\\\/\\\/shop.bantam.ch\\\/fr\\\/#\\\/schema\\\/logo\\\/image\\\/\"}}]}<\/script>\n<!-- \/ Yoast SEO plugin. -->","yoast_head_json":{"title":"R\u00e9troviseur universel Emuk III Light - Bantam Wankm\u00fcller SA","robots":{"index":"index","follow":"follow","max-snippet":"max-snippet:-1","max-image-preview":"max-image-preview:large","max-video-preview":"max-video-preview:-1"},"canonical":"https:\/\/shop.bantam.ch\/fr\/produit\/retroviseur-universel-universa-iii-light\/","og_locale":"fr_FR","og_type":"article","og_title":"R\u00e9troviseur universel Emuk III Light - Bantam Wankm\u00fcller SA","og_description":"Le r\u00e9troviseur de la caravane est mont\u00e9 \u00e0 l\u2019aide de deux vis sans outil. Corps de base tr\u00e8s stable en mati\u00e8re plastique haute performance Vis de serrage en acier inoxydable avec poign\u00e9e molet\u00e9e et \u00e9crous en laiton 2 pi\u00e8ces de serrage pivotantes rev\u00eatues de caoutchouc sp\u00e9cial (antid\u00e9rapant) T\u00f4le d&rsquo;acier inoxydable \u00e0 ressort \u00e9paisseur 2 mm [&hellip;]","og_url":"https:\/\/shop.bantam.ch\/fr\/produit\/retroviseur-universel-universa-iii-light\/","og_site_name":"Bantam Wankm\u00fcller SA","article_modified_time":"2026-04-18T18:55:46+00:00","og_image":[{"width":1000,"height":667,"url":"https:\/\/shop.bantam.ch\/wp-content\/uploads\/2023\/02\/9912635-Universalspiegel_III_Light_-_passend_fr_fast_alle_Fahrzeug-_Aussenspiegel-Standard-01-1.jpg","type":"image\/jpeg"}],"twitter_card":"summary_large_image","twitter_misc":{"Dur\u00e9e de lecture estim\u00e9e":"1 minute"},"schema":{"@context":"https:\/\/schema.org","@graph":[{"@type":"WebPage","@id":"https:\/\/shop.bantam.ch\/fr\/produit\/retroviseur-universel-universa-iii-light\/","url":"https:\/\/shop.bantam.ch\/fr\/produit\/retroviseur-universel-universa-iii-light\/","name":"R\u00e9troviseur universel Emuk III Light - Bantam Wankm\u00fcller SA","isPartOf":{"@id":"https:\/\/shop.bantam.ch\/fr\/#website"},"primaryImageOfPage":{"@id":"https:\/\/shop.bantam.ch\/fr\/produit\/retroviseur-universel-universa-iii-light\/#primaryimage"},"image":{"@id":"https:\/\/shop.bantam.ch\/fr\/produit\/retroviseur-universel-universa-iii-light\/#primaryimage"},"thumbnailUrl":"https:\/\/shop.bantam.ch\/wp-content\/uploads\/2023\/02\/9912635-Universalspiegel_III_Light_-_passend_fr_fast_alle_Fahrzeug-_Aussenspiegel-Standard-01-1.jpg","datePublished":"2023-02-22T20:01:20+00:00","dateModified":"2026-04-18T18:55:46+00:00","breadcrumb":{"@id":"https:\/\/shop.bantam.ch\/fr\/produit\/retroviseur-universel-universa-iii-light\/#breadcrumb"},"inLanguage":"fr-FR","potentialAction":[{"@type":"ReadAction","target":["https:\/\/shop.bantam.ch\/fr\/produit\/retroviseur-universel-universa-iii-light\/"]}]},{"@type":"ImageObject","inLanguage":"fr-FR","@id":"https:\/\/shop.bantam.ch\/fr\/produit\/retroviseur-universel-universa-iii-light\/#primaryimage","url":"https:\/\/shop.bantam.ch\/wp-content\/uploads\/2023\/02\/9912635-Universalspiegel_III_Light_-_passend_fr_fast_alle_Fahrzeug-_Aussenspiegel-Standard-01-1.jpg","contentUrl":"https:\/\/shop.bantam.ch\/wp-content\/uploads\/2023\/02\/9912635-Universalspiegel_III_Light_-_passend_fr_fast_alle_Fahrzeug-_Aussenspiegel-Standard-01-1.jpg","width":1000,"height":667},{"@type":"BreadcrumbList","@id":"https:\/\/shop.bantam.ch\/fr\/produit\/retroviseur-universel-universa-iii-light\/#breadcrumb","itemListElement":[{"@type":"ListItem","position":1,"name":"Accueil","item":"https:\/\/shop.bantam.ch\/fr\/"},{"@type":"ListItem","position":2,"name":"Boutique","item":"https:\/\/shop.bantam.ch\/fr\/boutique\/"},{"@type":"ListItem","position":3,"name":"R\u00e9troviseur universel Emuk III Light"}]},{"@type":"WebSite","@id":"https:\/\/shop.bantam.ch\/fr\/#website","url":"https:\/\/shop.bantam.ch\/fr\/","name":"Bantam Wankm\u00fcller SA","description":"","publisher":{"@id":"https:\/\/shop.bantam.ch\/fr\/#organization"},"inLanguage":"fr-FR"},{"@type":"Organization","@id":"https:\/\/shop.bantam.ch\/fr\/#organization","name":"Bantam Wankm\u00fcller SA","url":"https:\/\/shop.bantam.ch\/fr\/","logo":{"@type":"ImageObject","inLanguage":"fr-FR","@id":"https:\/\/shop.bantam.ch\/fr\/#\/schema\/logo\/image\/","url":"https:\/\/shop.bantam.ch\/wp-content\/uploads\/2022\/12\/bantam-logo.png","contentUrl":"https:\/\/shop.bantam.ch\/wp-content\/uploads\/2022\/12\/bantam-logo.png","width":320,"height":71,"caption":"Bantam Wankm\u00fcller SA"},"image":{"@id":"https:\/\/shop.bantam.ch\/fr\/#\/schema\/logo\/image\/"}}]}},"_links":{"self":[{"href":"https:\/\/shop.bantam.ch\/fr\/wp-json\/wp\/v2\/product\/40151","targetHints":{"allow":["GET"]}}],"collection":[{"href":"https:\/\/shop.bantam.ch\/fr\/wp-json\/wp\/v2\/product"}],"about":[{"href":"https:\/\/shop.bantam.ch\/fr\/wp-json\/wp\/v2\/types\/product"}],"wp:featuredmedia":[{"embeddable":true,"href":"https:\/\/shop.bantam.ch\/fr\/wp-json\/wp\/v2\/media\/40149"}],"wp:attachment":[{"href":"https:\/\/shop.bantam.ch\/fr\/wp-json\/wp\/v2\/media?parent=40151"}],"wp:term":[{"taxonomy":"product_featured_cat","embeddable":true,"href":"https:\/\/shop.bantam.ch\/fr\/wp-json\/wp\/v2\/product_featured_cat?post=40151"},{"taxonomy":"product_brand","embeddable":true,"href":"https:\/\/shop.bantam.ch\/fr\/wp-json\/wp\/v2\/product_brand?post=40151"},{"taxonomy":"product_cat","embeddable":true,"href":"https:\/\/shop.bantam.ch\/fr\/wp-json\/wp\/v2\/product_cat?post=40151"},{"taxonomy":"product_tag","embeddable":true,"href":"https:\/\/shop.bantam.ch\/fr\/wp-json\/wp\/v2\/product_tag?post=40151"}],"curies":[{"name":"wp","href":"https:\/\/api.w.org\/{rel}","templated":true}]}}