{"id":40119,"date":"2023-02-22T21:00:45","date_gmt":"2023-02-22T20:00:45","guid":{"rendered":"http:\/\/preprod-dev.sh1.hidora.com\/webshop\/produit\/kit-de-conversion-rb-2051\/"},"modified":"2026-04-18T20:55:46","modified_gmt":"2026-04-18T18:55:46","slug":"kit-de-conversion-rb-2051","status":"publish","type":"product","link":"https:\/\/shop.bantam.ch\/fr\/produit\/kit-de-conversion-rb-2051\/","title":{"rendered":"R\u00e9ajustage de frein pour AL-KO frein 2051"},"content":{"rendered":"<p>Version de vissage dent\u00e9 appropri\u00e9e pour un essieu, poids total de caravane jusqu\u2018\u00e0 1500\u00a0kg (un essieu)\/2800\u00a0kg (essieu tandem) Le frein de roue \u00e9prouv\u00e9 avec des valeurs de freinage nettement sup\u00e9rieures \u00e0 la moyenne est compl\u00e9t\u00e9 par la fonction de r\u00e9glage automatique. En marche arri\u00e8re, le r\u00e9ajustement est automatiquement d\u00e9sactiv\u00e9.<br \/>D\u00e8s que les freins ont trop de jeu, le syst\u00e8me AAA se r\u00e9ajuste automatiquement. Le syst\u00e8me de freinage \u00e9tant ainsi parfaitement r\u00e9gl\u00e9, les distances de freinage sensiblement raccourcies prennent toute leur importance en cas de danger.<\/p>\n<p>Vos avantages\u00a0:<\/p>\n<ul>\n<li>Plus de s\u00e9curit\u00e9 routi\u00e8re avec une r\u00e9duction de la distance de freinage jusqu\u2018\u00e0 5 m<\/li>\n<li>Un plus grand confort de conduite gr\u00e2ce \u00e0 un freinage doux et sans \u00e0-coups<\/li>\n<li>Des frais de maintenance moins importants du fait d\u2018intervalles de service plus longs et de l\u2018absence du premier rendez-vous en atelier apr\u00e8s 1000 km<\/li>\n<li>Un nouveau passage au contr\u00f4le technique apr\u00e8s montage n\u2018est pas n\u00e9cessaire<\/li>\n<\/ul>\n","protected":false},"excerpt":{"rendered":"<p>Version de vissage dent\u00e9 appropri\u00e9e pour un essieu, poids total de caravane jusqu\u2018\u00e0 1500\u00a0kg (un essieu)\/2800\u00a0kg (essieu tandem) Le frein de roue \u00e9prouv\u00e9 avec des valeurs de freinage nettement sup\u00e9rieures \u00e0 la moyenne est compl\u00e9t\u00e9 par la fonction de r\u00e9glage automatique. En marche arri\u00e8re, le r\u00e9ajustement est automatiquement d\u00e9sactiv\u00e9.D\u00e8s que les freins ont trop de [&hellip;]<\/p>\n","protected":false},"featured_media":40115,"template":"","meta":{"_acf_changed":false},"product_featured_cat":[],"product_brand":[3134],"product_cat":[4827],"product_tag":[],"class_list":{"0":"post-40119","1":"product","2":"type-product","3":"status-publish","4":"has-post-thumbnail","6":"product_brand-al-ko","7":"product_cat-amortisseurs-et-freins","9":"first","10":"instock","11":"taxable","12":"shipping-taxable","13":"purchasable","14":"product-type-simple"},"acf":[],"yoast_head":"<!-- This site is optimized with the Yoast SEO plugin v27.4 - https:\/\/yoast.com\/product\/yoast-seo-wordpress\/ -->\n<title>R\u00e9ajustage de frein pour AL-KO frein 2051 - Bantam Wankm\u00fcller SA<\/title>\n<meta name=\"robots\" content=\"index, follow, max-snippet:-1, max-image-preview:large, max-video-preview:-1\" \/>\n<link rel=\"canonical\" href=\"https:\/\/shop.bantam.ch\/fr\/produit\/kit-de-conversion-rb-2051\/\" \/>\n<meta property=\"og:locale\" content=\"fr_FR\" \/>\n<meta property=\"og:type\" content=\"article\" \/>\n<meta property=\"og:title\" content=\"R\u00e9ajustage de frein pour AL-KO frein 2051 - Bantam Wankm\u00fcller SA\" \/>\n<meta property=\"og:description\" content=\"Version de vissage dent\u00e9 appropri\u00e9e pour un essieu, poids total de caravane jusqu\u2018\u00e0 1500\u00a0kg (un essieu)\/2800\u00a0kg (essieu tandem) Le frein de roue \u00e9prouv\u00e9 avec des valeurs de freinage nettement sup\u00e9rieures \u00e0 la moyenne est compl\u00e9t\u00e9 par la fonction de r\u00e9glage automatique. En marche arri\u00e8re, le r\u00e9ajustement est automatiquement d\u00e9sactiv\u00e9.D\u00e8s que les freins ont trop de [&hellip;]\" \/>\n<meta property=\"og:url\" content=\"https:\/\/shop.bantam.ch\/fr\/produit\/kit-de-conversion-rb-2051\/\" \/>\n<meta property=\"og:site_name\" content=\"Bantam Wankm\u00fcller SA\" \/>\n<meta property=\"article:modified_time\" content=\"2026-04-18T18:55:46+00:00\" \/>\n<meta property=\"og:image\" content=\"https:\/\/shop.bantam.ch\/wp-content\/uploads\/2023\/02\/9913836-Automatische_Bremsnach-_stellung_fuer_AL-KO_Bremse_2051-Standard-03-1.jpg\" \/>\n\t<meta property=\"og:image:width\" content=\"1000\" \/>\n\t<meta property=\"og:image:height\" content=\"667\" \/>\n\t<meta property=\"og:image:type\" content=\"image\/jpeg\" \/>\n<meta name=\"twitter:card\" content=\"summary_large_image\" \/>\n<meta name=\"twitter:label1\" content=\"Dur\u00e9e de lecture estim\u00e9e\" \/>\n\t<meta name=\"twitter:data1\" content=\"1 minute\" \/>\n<script type=\"application\/ld+json\" class=\"yoast-schema-graph\">{\"@context\":\"https:\\\/\\\/schema.org\",\"@graph\":[{\"@type\":\"WebPage\",\"@id\":\"https:\\\/\\\/shop.bantam.ch\\\/fr\\\/produit\\\/kit-de-conversion-rb-2051\\\/\",\"url\":\"https:\\\/\\\/shop.bantam.ch\\\/fr\\\/produit\\\/kit-de-conversion-rb-2051\\\/\",\"name\":\"R\u00e9ajustage de frein pour AL-KO frein 2051 - Bantam Wankm\u00fcller SA\",\"isPartOf\":{\"@id\":\"https:\\\/\\\/shop.bantam.ch\\\/fr\\\/#website\"},\"primaryImageOfPage\":{\"@id\":\"https:\\\/\\\/shop.bantam.ch\\\/fr\\\/produit\\\/kit-de-conversion-rb-2051\\\/#primaryimage\"},\"image\":{\"@id\":\"https:\\\/\\\/shop.bantam.ch\\\/fr\\\/produit\\\/kit-de-conversion-rb-2051\\\/#primaryimage\"},\"thumbnailUrl\":\"https:\\\/\\\/shop.bantam.ch\\\/wp-content\\\/uploads\\\/2023\\\/02\\\/9913836-Automatische_Bremsnach-_stellung_fuer_AL-KO_Bremse_2051-Standard-03-1.jpg\",\"datePublished\":\"2023-02-22T20:00:45+00:00\",\"dateModified\":\"2026-04-18T18:55:46+00:00\",\"breadcrumb\":{\"@id\":\"https:\\\/\\\/shop.bantam.ch\\\/fr\\\/produit\\\/kit-de-conversion-rb-2051\\\/#breadcrumb\"},\"inLanguage\":\"fr-FR\",\"potentialAction\":[{\"@type\":\"ReadAction\",\"target\":[\"https:\\\/\\\/shop.bantam.ch\\\/fr\\\/produit\\\/kit-de-conversion-rb-2051\\\/\"]}]},{\"@type\":\"ImageObject\",\"inLanguage\":\"fr-FR\",\"@id\":\"https:\\\/\\\/shop.bantam.ch\\\/fr\\\/produit\\\/kit-de-conversion-rb-2051\\\/#primaryimage\",\"url\":\"https:\\\/\\\/shop.bantam.ch\\\/wp-content\\\/uploads\\\/2023\\\/02\\\/9913836-Automatische_Bremsnach-_stellung_fuer_AL-KO_Bremse_2051-Standard-03-1.jpg\",\"contentUrl\":\"https:\\\/\\\/shop.bantam.ch\\\/wp-content\\\/uploads\\\/2023\\\/02\\\/9913836-Automatische_Bremsnach-_stellung_fuer_AL-KO_Bremse_2051-Standard-03-1.jpg\",\"width\":1000,\"height\":667},{\"@type\":\"BreadcrumbList\",\"@id\":\"https:\\\/\\\/shop.bantam.ch\\\/fr\\\/produit\\\/kit-de-conversion-rb-2051\\\/#breadcrumb\",\"itemListElement\":[{\"@type\":\"ListItem\",\"position\":1,\"name\":\"Accueil\",\"item\":\"https:\\\/\\\/shop.bantam.ch\\\/fr\\\/\"},{\"@type\":\"ListItem\",\"position\":2,\"name\":\"Boutique\",\"item\":\"https:\\\/\\\/shop.bantam.ch\\\/fr\\\/boutique\\\/\"},{\"@type\":\"ListItem\",\"position\":3,\"name\":\"R\u00e9ajustage de frein pour AL-KO frein 2051\"}]},{\"@type\":\"WebSite\",\"@id\":\"https:\\\/\\\/shop.bantam.ch\\\/fr\\\/#website\",\"url\":\"https:\\\/\\\/shop.bantam.ch\\\/fr\\\/\",\"name\":\"Bantam Wankm\u00fcller SA\",\"description\":\"\",\"publisher\":{\"@id\":\"https:\\\/\\\/shop.bantam.ch\\\/fr\\\/#organization\"},\"inLanguage\":\"fr-FR\"},{\"@type\":\"Organization\",\"@id\":\"https:\\\/\\\/shop.bantam.ch\\\/fr\\\/#organization\",\"name\":\"Bantam Wankm\u00fcller SA\",\"url\":\"https:\\\/\\\/shop.bantam.ch\\\/fr\\\/\",\"logo\":{\"@type\":\"ImageObject\",\"inLanguage\":\"fr-FR\",\"@id\":\"https:\\\/\\\/shop.bantam.ch\\\/fr\\\/#\\\/schema\\\/logo\\\/image\\\/\",\"url\":\"https:\\\/\\\/shop.bantam.ch\\\/wp-content\\\/uploads\\\/2022\\\/12\\\/bantam-logo.png\",\"contentUrl\":\"https:\\\/\\\/shop.bantam.ch\\\/wp-content\\\/uploads\\\/2022\\\/12\\\/bantam-logo.png\",\"width\":320,\"height\":71,\"caption\":\"Bantam Wankm\u00fcller SA\"},\"image\":{\"@id\":\"https:\\\/\\\/shop.bantam.ch\\\/fr\\\/#\\\/schema\\\/logo\\\/image\\\/\"}}]}<\/script>\n<!-- \/ Yoast SEO plugin. -->","yoast_head_json":{"title":"R\u00e9ajustage de frein pour AL-KO frein 2051 - Bantam Wankm\u00fcller SA","robots":{"index":"index","follow":"follow","max-snippet":"max-snippet:-1","max-image-preview":"max-image-preview:large","max-video-preview":"max-video-preview:-1"},"canonical":"https:\/\/shop.bantam.ch\/fr\/produit\/kit-de-conversion-rb-2051\/","og_locale":"fr_FR","og_type":"article","og_title":"R\u00e9ajustage de frein pour AL-KO frein 2051 - Bantam Wankm\u00fcller SA","og_description":"Version de vissage dent\u00e9 appropri\u00e9e pour un essieu, poids total de caravane jusqu\u2018\u00e0 1500\u00a0kg (un essieu)\/2800\u00a0kg (essieu tandem) Le frein de roue \u00e9prouv\u00e9 avec des valeurs de freinage nettement sup\u00e9rieures \u00e0 la moyenne est compl\u00e9t\u00e9 par la fonction de r\u00e9glage automatique. En marche arri\u00e8re, le r\u00e9ajustement est automatiquement d\u00e9sactiv\u00e9.D\u00e8s que les freins ont trop de [&hellip;]","og_url":"https:\/\/shop.bantam.ch\/fr\/produit\/kit-de-conversion-rb-2051\/","og_site_name":"Bantam Wankm\u00fcller SA","article_modified_time":"2026-04-18T18:55:46+00:00","og_image":[{"width":1000,"height":667,"url":"https:\/\/shop.bantam.ch\/wp-content\/uploads\/2023\/02\/9913836-Automatische_Bremsnach-_stellung_fuer_AL-KO_Bremse_2051-Standard-03-1.jpg","type":"image\/jpeg"}],"twitter_card":"summary_large_image","twitter_misc":{"Dur\u00e9e de lecture estim\u00e9e":"1 minute"},"schema":{"@context":"https:\/\/schema.org","@graph":[{"@type":"WebPage","@id":"https:\/\/shop.bantam.ch\/fr\/produit\/kit-de-conversion-rb-2051\/","url":"https:\/\/shop.bantam.ch\/fr\/produit\/kit-de-conversion-rb-2051\/","name":"R\u00e9ajustage de frein pour AL-KO frein 2051 - Bantam Wankm\u00fcller SA","isPartOf":{"@id":"https:\/\/shop.bantam.ch\/fr\/#website"},"primaryImageOfPage":{"@id":"https:\/\/shop.bantam.ch\/fr\/produit\/kit-de-conversion-rb-2051\/#primaryimage"},"image":{"@id":"https:\/\/shop.bantam.ch\/fr\/produit\/kit-de-conversion-rb-2051\/#primaryimage"},"thumbnailUrl":"https:\/\/shop.bantam.ch\/wp-content\/uploads\/2023\/02\/9913836-Automatische_Bremsnach-_stellung_fuer_AL-KO_Bremse_2051-Standard-03-1.jpg","datePublished":"2023-02-22T20:00:45+00:00","dateModified":"2026-04-18T18:55:46+00:00","breadcrumb":{"@id":"https:\/\/shop.bantam.ch\/fr\/produit\/kit-de-conversion-rb-2051\/#breadcrumb"},"inLanguage":"fr-FR","potentialAction":[{"@type":"ReadAction","target":["https:\/\/shop.bantam.ch\/fr\/produit\/kit-de-conversion-rb-2051\/"]}]},{"@type":"ImageObject","inLanguage":"fr-FR","@id":"https:\/\/shop.bantam.ch\/fr\/produit\/kit-de-conversion-rb-2051\/#primaryimage","url":"https:\/\/shop.bantam.ch\/wp-content\/uploads\/2023\/02\/9913836-Automatische_Bremsnach-_stellung_fuer_AL-KO_Bremse_2051-Standard-03-1.jpg","contentUrl":"https:\/\/shop.bantam.ch\/wp-content\/uploads\/2023\/02\/9913836-Automatische_Bremsnach-_stellung_fuer_AL-KO_Bremse_2051-Standard-03-1.jpg","width":1000,"height":667},{"@type":"BreadcrumbList","@id":"https:\/\/shop.bantam.ch\/fr\/produit\/kit-de-conversion-rb-2051\/#breadcrumb","itemListElement":[{"@type":"ListItem","position":1,"name":"Accueil","item":"https:\/\/shop.bantam.ch\/fr\/"},{"@type":"ListItem","position":2,"name":"Boutique","item":"https:\/\/shop.bantam.ch\/fr\/boutique\/"},{"@type":"ListItem","position":3,"name":"R\u00e9ajustage de frein pour AL-KO frein 2051"}]},{"@type":"WebSite","@id":"https:\/\/shop.bantam.ch\/fr\/#website","url":"https:\/\/shop.bantam.ch\/fr\/","name":"Bantam Wankm\u00fcller SA","description":"","publisher":{"@id":"https:\/\/shop.bantam.ch\/fr\/#organization"},"inLanguage":"fr-FR"},{"@type":"Organization","@id":"https:\/\/shop.bantam.ch\/fr\/#organization","name":"Bantam Wankm\u00fcller SA","url":"https:\/\/shop.bantam.ch\/fr\/","logo":{"@type":"ImageObject","inLanguage":"fr-FR","@id":"https:\/\/shop.bantam.ch\/fr\/#\/schema\/logo\/image\/","url":"https:\/\/shop.bantam.ch\/wp-content\/uploads\/2022\/12\/bantam-logo.png","contentUrl":"https:\/\/shop.bantam.ch\/wp-content\/uploads\/2022\/12\/bantam-logo.png","width":320,"height":71,"caption":"Bantam Wankm\u00fcller SA"},"image":{"@id":"https:\/\/shop.bantam.ch\/fr\/#\/schema\/logo\/image\/"}}]}},"_links":{"self":[{"href":"https:\/\/shop.bantam.ch\/fr\/wp-json\/wp\/v2\/product\/40119","targetHints":{"allow":["GET"]}}],"collection":[{"href":"https:\/\/shop.bantam.ch\/fr\/wp-json\/wp\/v2\/product"}],"about":[{"href":"https:\/\/shop.bantam.ch\/fr\/wp-json\/wp\/v2\/types\/product"}],"wp:featuredmedia":[{"embeddable":true,"href":"https:\/\/shop.bantam.ch\/fr\/wp-json\/wp\/v2\/media\/40115"}],"wp:attachment":[{"href":"https:\/\/shop.bantam.ch\/fr\/wp-json\/wp\/v2\/media?parent=40119"}],"wp:term":[{"taxonomy":"product_featured_cat","embeddable":true,"href":"https:\/\/shop.bantam.ch\/fr\/wp-json\/wp\/v2\/product_featured_cat?post=40119"},{"taxonomy":"product_brand","embeddable":true,"href":"https:\/\/shop.bantam.ch\/fr\/wp-json\/wp\/v2\/product_brand?post=40119"},{"taxonomy":"product_cat","embeddable":true,"href":"https:\/\/shop.bantam.ch\/fr\/wp-json\/wp\/v2\/product_cat?post=40119"},{"taxonomy":"product_tag","embeddable":true,"href":"https:\/\/shop.bantam.ch\/fr\/wp-json\/wp\/v2\/product_tag?post=40119"}],"curies":[{"name":"wp","href":"https:\/\/api.w.org\/{rel}","templated":true}]}}