{"id":39825,"date":"2023-02-22T20:55:44","date_gmt":"2023-02-22T19:55:44","guid":{"rendered":"http:\/\/preprod-dev.sh1.hidora.com\/webshop\/produit\/toiletry-kit\/"},"modified":"2026-05-09T20:55:09","modified_gmt":"2026-05-09T18:55:09","slug":"toiletry-kit","status":"publish","type":"product","link":"https:\/\/shop.bantam.ch\/fr\/produit\/toiletry-kit\/","title":{"rendered":"Kit toilette Thule coul. noir 35 x 40 cm _lxh_ ferm\u00e9 35 x 120 cm _lxh_ ouvert"},"content":{"rendered":"<p>Parfait pour les petites pi\u00e8ces. Set de toilette pour toute la famille. Crochets pour porte en forme de L. De nombreuses poches pour encore plus d\u2019espace de rangement. Poches suppl\u00e9mentaires pour les articles de premiers secours. Poign\u00e9e pratique pour emmener le set de toilette \u00e0 la salle d\u2018eau du camping.<\/p>\n<p>Mat\u00e9riau\u00a0:<br \/>\n100 % polyester<\/p>\n","protected":false},"excerpt":{"rendered":"<p>Parfait pour les petites pi\u00e8ces. Set de toilette pour toute la famille. Crochets pour porte en forme de L. De nombreuses poches pour encore plus d\u2019espace de rangement. Poches suppl\u00e9mentaires pour les articles de premiers secours. Poign\u00e9e pratique pour emmener le set de toilette \u00e0 la salle d\u2018eau du camping. Mat\u00e9riau\u00a0: 100 % polyester<\/p>\n","protected":false},"featured_media":39819,"template":"","meta":{"_acf_changed":false},"product_featured_cat":[],"product_brand":[3046],"product_cat":[4323],"product_tag":[],"class_list":{"0":"post-39825","1":"product","2":"type-product","3":"status-publish","4":"has-post-thumbnail","6":"product_brand-thule","7":"product_cat-sacs-a-ustensiles","9":"first","10":"instock","11":"taxable","12":"shipping-taxable","13":"purchasable","14":"product-type-simple"},"acf":[],"yoast_head":"<!-- This site is optimized with the Yoast SEO plugin v27.5 - https:\/\/yoast.com\/product\/yoast-seo-wordpress\/ -->\n<title>Kit toilette Thule coul. noir 35 x 40 cm _lxh_ ferm\u00e9 35 x 120 cm _lxh_ ouvert - Bantam<\/title>\n<meta name=\"robots\" content=\"index, follow, max-snippet:-1, max-image-preview:large, max-video-preview:-1\" \/>\n<link rel=\"canonical\" href=\"https:\/\/shop.bantam.ch\/fr\/produit\/toiletry-kit\/\" \/>\n<meta property=\"og:locale\" content=\"fr_FR\" \/>\n<meta property=\"og:type\" content=\"article\" \/>\n<meta property=\"og:title\" content=\"Kit toilette Thule coul. noir 35 x 40 cm _lxh_ ferm\u00e9 35 x 120 cm _lxh_ ouvert - Bantam\" \/>\n<meta property=\"og:description\" content=\"Parfait pour les petites pi\u00e8ces. Set de toilette pour toute la famille. Crochets pour porte en forme de L. De nombreuses poches pour encore plus d\u2019espace de rangement. Poches suppl\u00e9mentaires pour les articles de premiers secours. Poign\u00e9e pratique pour emmener le set de toilette \u00e0 la salle d\u2018eau du camping. Mat\u00e9riau\u00a0: 100 % polyester\" \/>\n<meta property=\"og:url\" content=\"https:\/\/shop.bantam.ch\/fr\/produit\/toiletry-kit\/\" \/>\n<meta property=\"og:site_name\" content=\"Bantam\" \/>\n<meta property=\"article:modified_time\" content=\"2026-05-09T18:55:09+00:00\" \/>\n<meta property=\"og:image\" content=\"https:\/\/shop.bantam.ch\/wp-content\/uploads\/2023\/02\/9912854-Toiletry_Kit_schwarz_35_x_40_cm_BxH_geschlossen_35_x_120_cm_BxH_offen-Standard-01-1.jpg\" \/>\n\t<meta property=\"og:image:width\" content=\"879\" \/>\n\t<meta property=\"og:image:height\" content=\"1000\" \/>\n\t<meta property=\"og:image:type\" content=\"image\/jpeg\" \/>\n<meta name=\"twitter:card\" content=\"summary_large_image\" \/>\n<meta name=\"twitter:label1\" content=\"Dur\u00e9e de lecture estim\u00e9e\" \/>\n\t<meta name=\"twitter:data1\" content=\"1 minute\" \/>\n<script type=\"application\/ld+json\" class=\"yoast-schema-graph\">{\"@context\":\"https:\\\/\\\/schema.org\",\"@graph\":[{\"@type\":\"WebPage\",\"@id\":\"https:\\\/\\\/shop.bantam.ch\\\/fr\\\/produit\\\/toiletry-kit\\\/\",\"url\":\"https:\\\/\\\/shop.bantam.ch\\\/fr\\\/produit\\\/toiletry-kit\\\/\",\"name\":\"Kit toilette Thule coul. noir 35 x 40 cm _lxh_ ferm\u00e9 35 x 120 cm _lxh_ ouvert - Bantam\",\"isPartOf\":{\"@id\":\"https:\\\/\\\/shop.bantam.ch\\\/fr\\\/#website\"},\"primaryImageOfPage\":{\"@id\":\"https:\\\/\\\/shop.bantam.ch\\\/fr\\\/produit\\\/toiletry-kit\\\/#primaryimage\"},\"image\":{\"@id\":\"https:\\\/\\\/shop.bantam.ch\\\/fr\\\/produit\\\/toiletry-kit\\\/#primaryimage\"},\"thumbnailUrl\":\"https:\\\/\\\/shop.bantam.ch\\\/wp-content\\\/uploads\\\/2023\\\/02\\\/9912854-Toiletry_Kit_schwarz_35_x_40_cm_BxH_geschlossen_35_x_120_cm_BxH_offen-Standard-01-1.jpg\",\"datePublished\":\"2023-02-22T19:55:44+00:00\",\"dateModified\":\"2026-05-09T18:55:09+00:00\",\"breadcrumb\":{\"@id\":\"https:\\\/\\\/shop.bantam.ch\\\/fr\\\/produit\\\/toiletry-kit\\\/#breadcrumb\"},\"inLanguage\":\"fr-FR\",\"potentialAction\":[{\"@type\":\"ReadAction\",\"target\":[\"https:\\\/\\\/shop.bantam.ch\\\/fr\\\/produit\\\/toiletry-kit\\\/\"]}]},{\"@type\":\"ImageObject\",\"inLanguage\":\"fr-FR\",\"@id\":\"https:\\\/\\\/shop.bantam.ch\\\/fr\\\/produit\\\/toiletry-kit\\\/#primaryimage\",\"url\":\"https:\\\/\\\/shop.bantam.ch\\\/wp-content\\\/uploads\\\/2023\\\/02\\\/9912854-Toiletry_Kit_schwarz_35_x_40_cm_BxH_geschlossen_35_x_120_cm_BxH_offen-Standard-01-1.jpg\",\"contentUrl\":\"https:\\\/\\\/shop.bantam.ch\\\/wp-content\\\/uploads\\\/2023\\\/02\\\/9912854-Toiletry_Kit_schwarz_35_x_40_cm_BxH_geschlossen_35_x_120_cm_BxH_offen-Standard-01-1.jpg\",\"width\":879,\"height\":1000},{\"@type\":\"BreadcrumbList\",\"@id\":\"https:\\\/\\\/shop.bantam.ch\\\/fr\\\/produit\\\/toiletry-kit\\\/#breadcrumb\",\"itemListElement\":[{\"@type\":\"ListItem\",\"position\":1,\"name\":\"Accueil\",\"item\":\"https:\\\/\\\/shop.bantam.ch\\\/fr\\\/\"},{\"@type\":\"ListItem\",\"position\":2,\"name\":\"Boutique\",\"item\":\"https:\\\/\\\/shop.bantam.ch\\\/fr\\\/boutique\\\/\"},{\"@type\":\"ListItem\",\"position\":3,\"name\":\"Kit toilette Thule coul. noir 35 x 40 cm _lxh_ ferm\u00e9 35 x 120 cm _lxh_ ouvert\"}]},{\"@type\":\"WebSite\",\"@id\":\"https:\\\/\\\/shop.bantam.ch\\\/fr\\\/#website\",\"url\":\"https:\\\/\\\/shop.bantam.ch\\\/fr\\\/\",\"name\":\"Bantam\",\"description\":\"\",\"publisher\":{\"@id\":\"https:\\\/\\\/shop.bantam.ch\\\/fr\\\/#organization\"},\"inLanguage\":\"fr-FR\"},{\"@type\":\"Organization\",\"@id\":\"https:\\\/\\\/shop.bantam.ch\\\/fr\\\/#organization\",\"name\":\"Bantam\",\"url\":\"https:\\\/\\\/shop.bantam.ch\\\/fr\\\/\",\"logo\":{\"@type\":\"ImageObject\",\"inLanguage\":\"fr-FR\",\"@id\":\"https:\\\/\\\/shop.bantam.ch\\\/fr\\\/#\\\/schema\\\/logo\\\/image\\\/\",\"url\":\"https:\\\/\\\/shop.bantam.ch\\\/wp-content\\\/uploads\\\/2022\\\/12\\\/bantam-logo.png\",\"contentUrl\":\"https:\\\/\\\/shop.bantam.ch\\\/wp-content\\\/uploads\\\/2022\\\/12\\\/bantam-logo.png\",\"width\":320,\"height\":71,\"caption\":\"Bantam\"},\"image\":{\"@id\":\"https:\\\/\\\/shop.bantam.ch\\\/fr\\\/#\\\/schema\\\/logo\\\/image\\\/\"}}]}<\/script>\n<!-- \/ Yoast SEO plugin. -->","yoast_head_json":{"title":"Kit toilette Thule coul. noir 35 x 40 cm _lxh_ ferm\u00e9 35 x 120 cm _lxh_ ouvert - Bantam","robots":{"index":"index","follow":"follow","max-snippet":"max-snippet:-1","max-image-preview":"max-image-preview:large","max-video-preview":"max-video-preview:-1"},"canonical":"https:\/\/shop.bantam.ch\/fr\/produit\/toiletry-kit\/","og_locale":"fr_FR","og_type":"article","og_title":"Kit toilette Thule coul. noir 35 x 40 cm _lxh_ ferm\u00e9 35 x 120 cm _lxh_ ouvert - Bantam","og_description":"Parfait pour les petites pi\u00e8ces. Set de toilette pour toute la famille. Crochets pour porte en forme de L. De nombreuses poches pour encore plus d\u2019espace de rangement. Poches suppl\u00e9mentaires pour les articles de premiers secours. Poign\u00e9e pratique pour emmener le set de toilette \u00e0 la salle d\u2018eau du camping. Mat\u00e9riau\u00a0: 100 % polyester","og_url":"https:\/\/shop.bantam.ch\/fr\/produit\/toiletry-kit\/","og_site_name":"Bantam","article_modified_time":"2026-05-09T18:55:09+00:00","og_image":[{"width":879,"height":1000,"url":"https:\/\/shop.bantam.ch\/wp-content\/uploads\/2023\/02\/9912854-Toiletry_Kit_schwarz_35_x_40_cm_BxH_geschlossen_35_x_120_cm_BxH_offen-Standard-01-1.jpg","type":"image\/jpeg"}],"twitter_card":"summary_large_image","twitter_misc":{"Dur\u00e9e de lecture estim\u00e9e":"1 minute"},"schema":{"@context":"https:\/\/schema.org","@graph":[{"@type":"WebPage","@id":"https:\/\/shop.bantam.ch\/fr\/produit\/toiletry-kit\/","url":"https:\/\/shop.bantam.ch\/fr\/produit\/toiletry-kit\/","name":"Kit toilette Thule coul. noir 35 x 40 cm _lxh_ ferm\u00e9 35 x 120 cm _lxh_ ouvert - Bantam","isPartOf":{"@id":"https:\/\/shop.bantam.ch\/fr\/#website"},"primaryImageOfPage":{"@id":"https:\/\/shop.bantam.ch\/fr\/produit\/toiletry-kit\/#primaryimage"},"image":{"@id":"https:\/\/shop.bantam.ch\/fr\/produit\/toiletry-kit\/#primaryimage"},"thumbnailUrl":"https:\/\/shop.bantam.ch\/wp-content\/uploads\/2023\/02\/9912854-Toiletry_Kit_schwarz_35_x_40_cm_BxH_geschlossen_35_x_120_cm_BxH_offen-Standard-01-1.jpg","datePublished":"2023-02-22T19:55:44+00:00","dateModified":"2026-05-09T18:55:09+00:00","breadcrumb":{"@id":"https:\/\/shop.bantam.ch\/fr\/produit\/toiletry-kit\/#breadcrumb"},"inLanguage":"fr-FR","potentialAction":[{"@type":"ReadAction","target":["https:\/\/shop.bantam.ch\/fr\/produit\/toiletry-kit\/"]}]},{"@type":"ImageObject","inLanguage":"fr-FR","@id":"https:\/\/shop.bantam.ch\/fr\/produit\/toiletry-kit\/#primaryimage","url":"https:\/\/shop.bantam.ch\/wp-content\/uploads\/2023\/02\/9912854-Toiletry_Kit_schwarz_35_x_40_cm_BxH_geschlossen_35_x_120_cm_BxH_offen-Standard-01-1.jpg","contentUrl":"https:\/\/shop.bantam.ch\/wp-content\/uploads\/2023\/02\/9912854-Toiletry_Kit_schwarz_35_x_40_cm_BxH_geschlossen_35_x_120_cm_BxH_offen-Standard-01-1.jpg","width":879,"height":1000},{"@type":"BreadcrumbList","@id":"https:\/\/shop.bantam.ch\/fr\/produit\/toiletry-kit\/#breadcrumb","itemListElement":[{"@type":"ListItem","position":1,"name":"Accueil","item":"https:\/\/shop.bantam.ch\/fr\/"},{"@type":"ListItem","position":2,"name":"Boutique","item":"https:\/\/shop.bantam.ch\/fr\/boutique\/"},{"@type":"ListItem","position":3,"name":"Kit toilette Thule coul. noir 35 x 40 cm _lxh_ ferm\u00e9 35 x 120 cm _lxh_ ouvert"}]},{"@type":"WebSite","@id":"https:\/\/shop.bantam.ch\/fr\/#website","url":"https:\/\/shop.bantam.ch\/fr\/","name":"Bantam","description":"","publisher":{"@id":"https:\/\/shop.bantam.ch\/fr\/#organization"},"inLanguage":"fr-FR"},{"@type":"Organization","@id":"https:\/\/shop.bantam.ch\/fr\/#organization","name":"Bantam","url":"https:\/\/shop.bantam.ch\/fr\/","logo":{"@type":"ImageObject","inLanguage":"fr-FR","@id":"https:\/\/shop.bantam.ch\/fr\/#\/schema\/logo\/image\/","url":"https:\/\/shop.bantam.ch\/wp-content\/uploads\/2022\/12\/bantam-logo.png","contentUrl":"https:\/\/shop.bantam.ch\/wp-content\/uploads\/2022\/12\/bantam-logo.png","width":320,"height":71,"caption":"Bantam"},"image":{"@id":"https:\/\/shop.bantam.ch\/fr\/#\/schema\/logo\/image\/"}}]}},"_links":{"self":[{"href":"https:\/\/shop.bantam.ch\/fr\/wp-json\/wp\/v2\/product\/39825","targetHints":{"allow":["GET"]}}],"collection":[{"href":"https:\/\/shop.bantam.ch\/fr\/wp-json\/wp\/v2\/product"}],"about":[{"href":"https:\/\/shop.bantam.ch\/fr\/wp-json\/wp\/v2\/types\/product"}],"wp:featuredmedia":[{"embeddable":true,"href":"https:\/\/shop.bantam.ch\/fr\/wp-json\/wp\/v2\/media\/39819"}],"wp:attachment":[{"href":"https:\/\/shop.bantam.ch\/fr\/wp-json\/wp\/v2\/media?parent=39825"}],"wp:term":[{"taxonomy":"product_featured_cat","embeddable":true,"href":"https:\/\/shop.bantam.ch\/fr\/wp-json\/wp\/v2\/product_featured_cat?post=39825"},{"taxonomy":"product_brand","embeddable":true,"href":"https:\/\/shop.bantam.ch\/fr\/wp-json\/wp\/v2\/product_brand?post=39825"},{"taxonomy":"product_cat","embeddable":true,"href":"https:\/\/shop.bantam.ch\/fr\/wp-json\/wp\/v2\/product_cat?post=39825"},{"taxonomy":"product_tag","embeddable":true,"href":"https:\/\/shop.bantam.ch\/fr\/wp-json\/wp\/v2\/product_tag?post=39825"}],"curies":[{"name":"wp","href":"https:\/\/api.w.org\/{rel}","templated":true}]}}