{"id":39811,"date":"2023-02-22T20:55:33","date_gmt":"2023-02-22T19:55:33","guid":{"rendered":"http:\/\/preprod-dev.sh1.hidora.com\/webshop\/produit\/organiseur-de-chaussures\/"},"modified":"2026-04-19T20:55:43","modified_gmt":"2026-04-19T18:55:43","slug":"organiseur-de-chaussures","status":"publish","type":"product","link":"https:\/\/shop.bantam.ch\/fr\/produit\/organiseur-de-chaussures\/","title":{"rendered":"Organiseur susp. Thule Organiseur de chaussures gris\/noir"},"content":{"rendered":"<p>Rangement avec plusieurs grandes poches offrant de l\u2019espace pour de nombreuses paires de chaussures. La fixation solide de l\u2019organisateur de rangement au syst\u00e8me POD est assur\u00e9e par des fermetures velcro et des boutons pression suppl\u00e9mentaires.<\/p>\n<p>Mat\u00e9riau\u00a0:<br \/>\n100 % polyester<\/p>\n<p>Contenu de la livraison :<br \/>\nPLV non compris dans la livraison<\/p>\n","protected":false},"excerpt":{"rendered":"<p>Rangement avec plusieurs grandes poches offrant de l\u2019espace pour de nombreuses paires de chaussures. La fixation solide de l\u2019organisateur de rangement au syst\u00e8me POD est assur\u00e9e par des fermetures velcro et des boutons pression suppl\u00e9mentaires. Mat\u00e9riau\u00a0: 100 % polyester Contenu de la livraison : PLV non compris dans la livraison<\/p>\n","protected":false},"featured_media":39807,"template":"","meta":{"_acf_changed":false},"product_featured_cat":[],"product_brand":[3046],"product_cat":[4323],"product_tag":[],"class_list":{"0":"post-39811","1":"product","2":"type-product","3":"status-publish","4":"has-post-thumbnail","6":"product_brand-thule","7":"product_cat-sacs-a-ustensiles","9":"first","10":"instock","11":"taxable","12":"shipping-taxable","13":"purchasable","14":"product-type-simple"},"acf":[],"yoast_head":"<!-- This site is optimized with the Yoast SEO plugin v27.4 - https:\/\/yoast.com\/product\/yoast-seo-wordpress\/ -->\n<title>Organiseur susp. Thule Organiseur de chaussures gris\/noir - Bantam Wankm\u00fcller SA<\/title>\n<meta name=\"robots\" content=\"index, follow, max-snippet:-1, max-image-preview:large, max-video-preview:-1\" \/>\n<link rel=\"canonical\" href=\"https:\/\/shop.bantam.ch\/fr\/produit\/organiseur-de-chaussures\/\" \/>\n<meta property=\"og:locale\" content=\"fr_FR\" \/>\n<meta property=\"og:type\" content=\"article\" \/>\n<meta property=\"og:title\" content=\"Organiseur susp. Thule Organiseur de chaussures gris\/noir - Bantam Wankm\u00fcller SA\" \/>\n<meta property=\"og:description\" content=\"Rangement avec plusieurs grandes poches offrant de l\u2019espace pour de nombreuses paires de chaussures. La fixation solide de l\u2019organisateur de rangement au syst\u00e8me POD est assur\u00e9e par des fermetures velcro et des boutons pression suppl\u00e9mentaires. Mat\u00e9riau\u00a0: 100 % polyester Contenu de la livraison : PLV non compris dans la livraison\" \/>\n<meta property=\"og:url\" content=\"https:\/\/shop.bantam.ch\/fr\/produit\/organiseur-de-chaussures\/\" \/>\n<meta property=\"og:site_name\" content=\"Bantam Wankm\u00fcller SA\" \/>\n<meta property=\"article:modified_time\" content=\"2026-04-19T18:55:43+00:00\" \/>\n<meta property=\"og:image\" content=\"https:\/\/shop.bantam.ch\/wp-content\/uploads\/2023\/02\/9912852-Schuhorganizer_schwarz_55_x_80_cm_BxH_-Standard-01-1.jpg\" \/>\n\t<meta property=\"og:image:width\" content=\"743\" \/>\n\t<meta property=\"og:image:height\" content=\"1000\" \/>\n\t<meta property=\"og:image:type\" content=\"image\/jpeg\" \/>\n<meta name=\"twitter:card\" content=\"summary_large_image\" \/>\n<meta name=\"twitter:label1\" content=\"Dur\u00e9e de lecture estim\u00e9e\" \/>\n\t<meta name=\"twitter:data1\" content=\"1 minute\" \/>\n<script type=\"application\/ld+json\" class=\"yoast-schema-graph\">{\"@context\":\"https:\\\/\\\/schema.org\",\"@graph\":[{\"@type\":\"WebPage\",\"@id\":\"https:\\\/\\\/shop.bantam.ch\\\/fr\\\/produit\\\/organiseur-de-chaussures\\\/\",\"url\":\"https:\\\/\\\/shop.bantam.ch\\\/fr\\\/produit\\\/organiseur-de-chaussures\\\/\",\"name\":\"Organiseur susp. Thule Organiseur de chaussures gris\\\/noir - Bantam Wankm\u00fcller SA\",\"isPartOf\":{\"@id\":\"https:\\\/\\\/shop.bantam.ch\\\/fr\\\/#website\"},\"primaryImageOfPage\":{\"@id\":\"https:\\\/\\\/shop.bantam.ch\\\/fr\\\/produit\\\/organiseur-de-chaussures\\\/#primaryimage\"},\"image\":{\"@id\":\"https:\\\/\\\/shop.bantam.ch\\\/fr\\\/produit\\\/organiseur-de-chaussures\\\/#primaryimage\"},\"thumbnailUrl\":\"https:\\\/\\\/shop.bantam.ch\\\/wp-content\\\/uploads\\\/2023\\\/02\\\/9912852-Schuhorganizer_schwarz_55_x_80_cm_BxH_-Standard-01-1.jpg\",\"datePublished\":\"2023-02-22T19:55:33+00:00\",\"dateModified\":\"2026-04-19T18:55:43+00:00\",\"breadcrumb\":{\"@id\":\"https:\\\/\\\/shop.bantam.ch\\\/fr\\\/produit\\\/organiseur-de-chaussures\\\/#breadcrumb\"},\"inLanguage\":\"fr-FR\",\"potentialAction\":[{\"@type\":\"ReadAction\",\"target\":[\"https:\\\/\\\/shop.bantam.ch\\\/fr\\\/produit\\\/organiseur-de-chaussures\\\/\"]}]},{\"@type\":\"ImageObject\",\"inLanguage\":\"fr-FR\",\"@id\":\"https:\\\/\\\/shop.bantam.ch\\\/fr\\\/produit\\\/organiseur-de-chaussures\\\/#primaryimage\",\"url\":\"https:\\\/\\\/shop.bantam.ch\\\/wp-content\\\/uploads\\\/2023\\\/02\\\/9912852-Schuhorganizer_schwarz_55_x_80_cm_BxH_-Standard-01-1.jpg\",\"contentUrl\":\"https:\\\/\\\/shop.bantam.ch\\\/wp-content\\\/uploads\\\/2023\\\/02\\\/9912852-Schuhorganizer_schwarz_55_x_80_cm_BxH_-Standard-01-1.jpg\",\"width\":743,\"height\":1000},{\"@type\":\"BreadcrumbList\",\"@id\":\"https:\\\/\\\/shop.bantam.ch\\\/fr\\\/produit\\\/organiseur-de-chaussures\\\/#breadcrumb\",\"itemListElement\":[{\"@type\":\"ListItem\",\"position\":1,\"name\":\"Accueil\",\"item\":\"https:\\\/\\\/shop.bantam.ch\\\/fr\\\/\"},{\"@type\":\"ListItem\",\"position\":2,\"name\":\"Boutique\",\"item\":\"https:\\\/\\\/shop.bantam.ch\\\/fr\\\/boutique\\\/\"},{\"@type\":\"ListItem\",\"position\":3,\"name\":\"Organiseur susp. Thule Organiseur de chaussures gris\\\/noir\"}]},{\"@type\":\"WebSite\",\"@id\":\"https:\\\/\\\/shop.bantam.ch\\\/fr\\\/#website\",\"url\":\"https:\\\/\\\/shop.bantam.ch\\\/fr\\\/\",\"name\":\"Bantam Wankm\u00fcller SA\",\"description\":\"\",\"publisher\":{\"@id\":\"https:\\\/\\\/shop.bantam.ch\\\/fr\\\/#organization\"},\"inLanguage\":\"fr-FR\"},{\"@type\":\"Organization\",\"@id\":\"https:\\\/\\\/shop.bantam.ch\\\/fr\\\/#organization\",\"name\":\"Bantam Wankm\u00fcller SA\",\"url\":\"https:\\\/\\\/shop.bantam.ch\\\/fr\\\/\",\"logo\":{\"@type\":\"ImageObject\",\"inLanguage\":\"fr-FR\",\"@id\":\"https:\\\/\\\/shop.bantam.ch\\\/fr\\\/#\\\/schema\\\/logo\\\/image\\\/\",\"url\":\"https:\\\/\\\/shop.bantam.ch\\\/wp-content\\\/uploads\\\/2022\\\/12\\\/bantam-logo.png\",\"contentUrl\":\"https:\\\/\\\/shop.bantam.ch\\\/wp-content\\\/uploads\\\/2022\\\/12\\\/bantam-logo.png\",\"width\":320,\"height\":71,\"caption\":\"Bantam Wankm\u00fcller SA\"},\"image\":{\"@id\":\"https:\\\/\\\/shop.bantam.ch\\\/fr\\\/#\\\/schema\\\/logo\\\/image\\\/\"}}]}<\/script>\n<!-- \/ Yoast SEO plugin. -->","yoast_head_json":{"title":"Organiseur susp. Thule Organiseur de chaussures gris\/noir - Bantam Wankm\u00fcller SA","robots":{"index":"index","follow":"follow","max-snippet":"max-snippet:-1","max-image-preview":"max-image-preview:large","max-video-preview":"max-video-preview:-1"},"canonical":"https:\/\/shop.bantam.ch\/fr\/produit\/organiseur-de-chaussures\/","og_locale":"fr_FR","og_type":"article","og_title":"Organiseur susp. Thule Organiseur de chaussures gris\/noir - Bantam Wankm\u00fcller SA","og_description":"Rangement avec plusieurs grandes poches offrant de l\u2019espace pour de nombreuses paires de chaussures. La fixation solide de l\u2019organisateur de rangement au syst\u00e8me POD est assur\u00e9e par des fermetures velcro et des boutons pression suppl\u00e9mentaires. Mat\u00e9riau\u00a0: 100 % polyester Contenu de la livraison : PLV non compris dans la livraison","og_url":"https:\/\/shop.bantam.ch\/fr\/produit\/organiseur-de-chaussures\/","og_site_name":"Bantam Wankm\u00fcller SA","article_modified_time":"2026-04-19T18:55:43+00:00","og_image":[{"width":743,"height":1000,"url":"https:\/\/shop.bantam.ch\/wp-content\/uploads\/2023\/02\/9912852-Schuhorganizer_schwarz_55_x_80_cm_BxH_-Standard-01-1.jpg","type":"image\/jpeg"}],"twitter_card":"summary_large_image","twitter_misc":{"Dur\u00e9e de lecture estim\u00e9e":"1 minute"},"schema":{"@context":"https:\/\/schema.org","@graph":[{"@type":"WebPage","@id":"https:\/\/shop.bantam.ch\/fr\/produit\/organiseur-de-chaussures\/","url":"https:\/\/shop.bantam.ch\/fr\/produit\/organiseur-de-chaussures\/","name":"Organiseur susp. Thule Organiseur de chaussures gris\/noir - Bantam Wankm\u00fcller SA","isPartOf":{"@id":"https:\/\/shop.bantam.ch\/fr\/#website"},"primaryImageOfPage":{"@id":"https:\/\/shop.bantam.ch\/fr\/produit\/organiseur-de-chaussures\/#primaryimage"},"image":{"@id":"https:\/\/shop.bantam.ch\/fr\/produit\/organiseur-de-chaussures\/#primaryimage"},"thumbnailUrl":"https:\/\/shop.bantam.ch\/wp-content\/uploads\/2023\/02\/9912852-Schuhorganizer_schwarz_55_x_80_cm_BxH_-Standard-01-1.jpg","datePublished":"2023-02-22T19:55:33+00:00","dateModified":"2026-04-19T18:55:43+00:00","breadcrumb":{"@id":"https:\/\/shop.bantam.ch\/fr\/produit\/organiseur-de-chaussures\/#breadcrumb"},"inLanguage":"fr-FR","potentialAction":[{"@type":"ReadAction","target":["https:\/\/shop.bantam.ch\/fr\/produit\/organiseur-de-chaussures\/"]}]},{"@type":"ImageObject","inLanguage":"fr-FR","@id":"https:\/\/shop.bantam.ch\/fr\/produit\/organiseur-de-chaussures\/#primaryimage","url":"https:\/\/shop.bantam.ch\/wp-content\/uploads\/2023\/02\/9912852-Schuhorganizer_schwarz_55_x_80_cm_BxH_-Standard-01-1.jpg","contentUrl":"https:\/\/shop.bantam.ch\/wp-content\/uploads\/2023\/02\/9912852-Schuhorganizer_schwarz_55_x_80_cm_BxH_-Standard-01-1.jpg","width":743,"height":1000},{"@type":"BreadcrumbList","@id":"https:\/\/shop.bantam.ch\/fr\/produit\/organiseur-de-chaussures\/#breadcrumb","itemListElement":[{"@type":"ListItem","position":1,"name":"Accueil","item":"https:\/\/shop.bantam.ch\/fr\/"},{"@type":"ListItem","position":2,"name":"Boutique","item":"https:\/\/shop.bantam.ch\/fr\/boutique\/"},{"@type":"ListItem","position":3,"name":"Organiseur susp. Thule Organiseur de chaussures gris\/noir"}]},{"@type":"WebSite","@id":"https:\/\/shop.bantam.ch\/fr\/#website","url":"https:\/\/shop.bantam.ch\/fr\/","name":"Bantam Wankm\u00fcller SA","description":"","publisher":{"@id":"https:\/\/shop.bantam.ch\/fr\/#organization"},"inLanguage":"fr-FR"},{"@type":"Organization","@id":"https:\/\/shop.bantam.ch\/fr\/#organization","name":"Bantam Wankm\u00fcller SA","url":"https:\/\/shop.bantam.ch\/fr\/","logo":{"@type":"ImageObject","inLanguage":"fr-FR","@id":"https:\/\/shop.bantam.ch\/fr\/#\/schema\/logo\/image\/","url":"https:\/\/shop.bantam.ch\/wp-content\/uploads\/2022\/12\/bantam-logo.png","contentUrl":"https:\/\/shop.bantam.ch\/wp-content\/uploads\/2022\/12\/bantam-logo.png","width":320,"height":71,"caption":"Bantam Wankm\u00fcller SA"},"image":{"@id":"https:\/\/shop.bantam.ch\/fr\/#\/schema\/logo\/image\/"}}]}},"_links":{"self":[{"href":"https:\/\/shop.bantam.ch\/fr\/wp-json\/wp\/v2\/product\/39811","targetHints":{"allow":["GET"]}}],"collection":[{"href":"https:\/\/shop.bantam.ch\/fr\/wp-json\/wp\/v2\/product"}],"about":[{"href":"https:\/\/shop.bantam.ch\/fr\/wp-json\/wp\/v2\/types\/product"}],"wp:featuredmedia":[{"embeddable":true,"href":"https:\/\/shop.bantam.ch\/fr\/wp-json\/wp\/v2\/media\/39807"}],"wp:attachment":[{"href":"https:\/\/shop.bantam.ch\/fr\/wp-json\/wp\/v2\/media?parent=39811"}],"wp:term":[{"taxonomy":"product_featured_cat","embeddable":true,"href":"https:\/\/shop.bantam.ch\/fr\/wp-json\/wp\/v2\/product_featured_cat?post=39811"},{"taxonomy":"product_brand","embeddable":true,"href":"https:\/\/shop.bantam.ch\/fr\/wp-json\/wp\/v2\/product_brand?post=39811"},{"taxonomy":"product_cat","embeddable":true,"href":"https:\/\/shop.bantam.ch\/fr\/wp-json\/wp\/v2\/product_cat?post=39811"},{"taxonomy":"product_tag","embeddable":true,"href":"https:\/\/shop.bantam.ch\/fr\/wp-json\/wp\/v2\/product_tag?post=39811"}],"curies":[{"name":"wp","href":"https:\/\/api.w.org\/{rel}","templated":true}]}}