{"id":39795,"date":"2023-02-22T20:55:17","date_gmt":"2023-02-22T19:55:17","guid":{"rendered":"http:\/\/preprod-dev.sh1.hidora.com\/webshop\/produit\/table-bambou-kimberly\/"},"modified":"2026-05-05T20:54:34","modified_gmt":"2026-05-05T18:54:34","slug":"table-bambou-kimberly","status":"publish","type":"product","link":"https:\/\/shop.bantam.ch\/fr\/produit\/table-bambou-kimberly\/","title":{"rendered":"Table bambou Kimberly 65 x 64 x 40cm _ouverte_ Coul. brun"},"content":{"rendered":"<p>La table en bambou Kimberley est r\u00e9sistante, esth\u00e9tique et \u00e9cologique. Elle est id\u00e9ale pour les campeurs qui veulent une table esth\u00e9tique au design moderne et confortable fabriqu\u00e9e \u00e0 partir de mat\u00e9riaux durables.<\/p>\n<ul>\n<li>Montage et d\u00e9montage en quelques secondes<\/li>\n<li>Poign\u00e9es pratiques facilitant le transport<\/li>\n<li>R\u00e9sistante aux intemp\u00e9ries \u00e0 court terme<\/li>\n<\/ul>\n<p>Mat\u00e9riau\u00a0:<br \/>plateau de table en bambou<br \/>pi\u00e8tement en aluminium<\/p>\n","protected":false},"excerpt":{"rendered":"<p>La table en bambou Kimberley est r\u00e9sistante, esth\u00e9tique et \u00e9cologique. Elle est id\u00e9ale pour les campeurs qui veulent une table esth\u00e9tique au design moderne et confortable fabriqu\u00e9e \u00e0 partir de mat\u00e9riaux durables. Montage et d\u00e9montage en quelques secondes Poign\u00e9es pratiques facilitant le transport R\u00e9sistante aux intemp\u00e9ries \u00e0 court terme Mat\u00e9riau\u00a0:plateau de table en bamboupi\u00e8tement en [&hellip;]<\/p>\n","protected":false},"featured_media":39791,"template":"","meta":{"_acf_changed":false},"product_featured_cat":[],"product_brand":[3296],"product_cat":[4053],"product_tag":[],"class_list":{"0":"post-39795","1":"product","2":"type-product","3":"status-publish","4":"has-post-thumbnail","6":"product_brand-outwell","7":"product_cat-tables-de-camping","9":"first","10":"instock","11":"taxable","12":"shipping-taxable","13":"purchasable","14":"product-type-simple"},"acf":[],"yoast_head":"<!-- This site is optimized with the Yoast SEO plugin v27.5 - https:\/\/yoast.com\/product\/yoast-seo-wordpress\/ -->\n<title>Table bambou Kimberly 65 x 64 x 40cm _ouverte_ Coul. brun - Bantam<\/title>\n<meta name=\"robots\" content=\"index, follow, max-snippet:-1, max-image-preview:large, max-video-preview:-1\" \/>\n<link rel=\"canonical\" href=\"https:\/\/shop.bantam.ch\/fr\/produit\/table-bambou-kimberly\/\" \/>\n<meta property=\"og:locale\" content=\"fr_FR\" \/>\n<meta property=\"og:type\" content=\"article\" \/>\n<meta property=\"og:title\" content=\"Table bambou Kimberly 65 x 64 x 40cm _ouverte_ Coul. brun - Bantam\" \/>\n<meta property=\"og:description\" content=\"La table en bambou Kimberley est r\u00e9sistante, esth\u00e9tique et \u00e9cologique. Elle est id\u00e9ale pour les campeurs qui veulent une table esth\u00e9tique au design moderne et confortable fabriqu\u00e9e \u00e0 partir de mat\u00e9riaux durables. Montage et d\u00e9montage en quelques secondes Poign\u00e9es pratiques facilitant le transport R\u00e9sistante aux intemp\u00e9ries \u00e0 court terme Mat\u00e9riau\u00a0:plateau de table en bamboupi\u00e8tement en [&hellip;]\" \/>\n<meta property=\"og:url\" content=\"https:\/\/shop.bantam.ch\/fr\/produit\/table-bambou-kimberly\/\" \/>\n<meta property=\"og:site_name\" content=\"Bantam\" \/>\n<meta property=\"article:modified_time\" content=\"2026-05-05T18:54:34+00:00\" \/>\n<meta property=\"og:image\" content=\"https:\/\/shop.bantam.ch\/wp-content\/uploads\/2023\/02\/9916534-Bambustisch_Kimberly_65_x_65_x_40_cm_open_size_Farbe_braun-Standard-01-1.jpg\" \/>\n\t<meta property=\"og:image:width\" content=\"1000\" \/>\n\t<meta property=\"og:image:height\" content=\"564\" \/>\n\t<meta property=\"og:image:type\" content=\"image\/jpeg\" \/>\n<meta name=\"twitter:card\" content=\"summary_large_image\" \/>\n<script type=\"application\/ld+json\" class=\"yoast-schema-graph\">{\"@context\":\"https:\\\/\\\/schema.org\",\"@graph\":[{\"@type\":\"WebPage\",\"@id\":\"https:\\\/\\\/shop.bantam.ch\\\/fr\\\/produit\\\/table-bambou-kimberly\\\/\",\"url\":\"https:\\\/\\\/shop.bantam.ch\\\/fr\\\/produit\\\/table-bambou-kimberly\\\/\",\"name\":\"Table bambou Kimberly 65 x 64 x 40cm _ouverte_ Coul. brun - Bantam\",\"isPartOf\":{\"@id\":\"https:\\\/\\\/shop.bantam.ch\\\/fr\\\/#website\"},\"primaryImageOfPage\":{\"@id\":\"https:\\\/\\\/shop.bantam.ch\\\/fr\\\/produit\\\/table-bambou-kimberly\\\/#primaryimage\"},\"image\":{\"@id\":\"https:\\\/\\\/shop.bantam.ch\\\/fr\\\/produit\\\/table-bambou-kimberly\\\/#primaryimage\"},\"thumbnailUrl\":\"https:\\\/\\\/shop.bantam.ch\\\/wp-content\\\/uploads\\\/2023\\\/02\\\/9916534-Bambustisch_Kimberly_65_x_65_x_40_cm_open_size_Farbe_braun-Standard-01-1.jpg\",\"datePublished\":\"2023-02-22T19:55:17+00:00\",\"dateModified\":\"2026-05-05T18:54:34+00:00\",\"breadcrumb\":{\"@id\":\"https:\\\/\\\/shop.bantam.ch\\\/fr\\\/produit\\\/table-bambou-kimberly\\\/#breadcrumb\"},\"inLanguage\":\"fr-FR\",\"potentialAction\":[{\"@type\":\"ReadAction\",\"target\":[\"https:\\\/\\\/shop.bantam.ch\\\/fr\\\/produit\\\/table-bambou-kimberly\\\/\"]}]},{\"@type\":\"ImageObject\",\"inLanguage\":\"fr-FR\",\"@id\":\"https:\\\/\\\/shop.bantam.ch\\\/fr\\\/produit\\\/table-bambou-kimberly\\\/#primaryimage\",\"url\":\"https:\\\/\\\/shop.bantam.ch\\\/wp-content\\\/uploads\\\/2023\\\/02\\\/9916534-Bambustisch_Kimberly_65_x_65_x_40_cm_open_size_Farbe_braun-Standard-01-1.jpg\",\"contentUrl\":\"https:\\\/\\\/shop.bantam.ch\\\/wp-content\\\/uploads\\\/2023\\\/02\\\/9916534-Bambustisch_Kimberly_65_x_65_x_40_cm_open_size_Farbe_braun-Standard-01-1.jpg\",\"width\":1000,\"height\":564},{\"@type\":\"BreadcrumbList\",\"@id\":\"https:\\\/\\\/shop.bantam.ch\\\/fr\\\/produit\\\/table-bambou-kimberly\\\/#breadcrumb\",\"itemListElement\":[{\"@type\":\"ListItem\",\"position\":1,\"name\":\"Accueil\",\"item\":\"https:\\\/\\\/shop.bantam.ch\\\/fr\\\/\"},{\"@type\":\"ListItem\",\"position\":2,\"name\":\"Boutique\",\"item\":\"https:\\\/\\\/shop.bantam.ch\\\/fr\\\/boutique\\\/\"},{\"@type\":\"ListItem\",\"position\":3,\"name\":\"Table bambou Kimberly 65 x 64 x 40cm _ouverte_ Coul. brun\"}]},{\"@type\":\"WebSite\",\"@id\":\"https:\\\/\\\/shop.bantam.ch\\\/fr\\\/#website\",\"url\":\"https:\\\/\\\/shop.bantam.ch\\\/fr\\\/\",\"name\":\"Bantam\",\"description\":\"\",\"publisher\":{\"@id\":\"https:\\\/\\\/shop.bantam.ch\\\/fr\\\/#organization\"},\"inLanguage\":\"fr-FR\"},{\"@type\":\"Organization\",\"@id\":\"https:\\\/\\\/shop.bantam.ch\\\/fr\\\/#organization\",\"name\":\"Bantam\",\"url\":\"https:\\\/\\\/shop.bantam.ch\\\/fr\\\/\",\"logo\":{\"@type\":\"ImageObject\",\"inLanguage\":\"fr-FR\",\"@id\":\"https:\\\/\\\/shop.bantam.ch\\\/fr\\\/#\\\/schema\\\/logo\\\/image\\\/\",\"url\":\"https:\\\/\\\/shop.bantam.ch\\\/wp-content\\\/uploads\\\/2022\\\/12\\\/bantam-logo.png\",\"contentUrl\":\"https:\\\/\\\/shop.bantam.ch\\\/wp-content\\\/uploads\\\/2022\\\/12\\\/bantam-logo.png\",\"width\":320,\"height\":71,\"caption\":\"Bantam\"},\"image\":{\"@id\":\"https:\\\/\\\/shop.bantam.ch\\\/fr\\\/#\\\/schema\\\/logo\\\/image\\\/\"}}]}<\/script>\n<!-- \/ Yoast SEO plugin. -->","yoast_head_json":{"title":"Table bambou Kimberly 65 x 64 x 40cm _ouverte_ Coul. brun - Bantam","robots":{"index":"index","follow":"follow","max-snippet":"max-snippet:-1","max-image-preview":"max-image-preview:large","max-video-preview":"max-video-preview:-1"},"canonical":"https:\/\/shop.bantam.ch\/fr\/produit\/table-bambou-kimberly\/","og_locale":"fr_FR","og_type":"article","og_title":"Table bambou Kimberly 65 x 64 x 40cm _ouverte_ Coul. brun - Bantam","og_description":"La table en bambou Kimberley est r\u00e9sistante, esth\u00e9tique et \u00e9cologique. Elle est id\u00e9ale pour les campeurs qui veulent une table esth\u00e9tique au design moderne et confortable fabriqu\u00e9e \u00e0 partir de mat\u00e9riaux durables. Montage et d\u00e9montage en quelques secondes Poign\u00e9es pratiques facilitant le transport R\u00e9sistante aux intemp\u00e9ries \u00e0 court terme Mat\u00e9riau\u00a0:plateau de table en bamboupi\u00e8tement en [&hellip;]","og_url":"https:\/\/shop.bantam.ch\/fr\/produit\/table-bambou-kimberly\/","og_site_name":"Bantam","article_modified_time":"2026-05-05T18:54:34+00:00","og_image":[{"width":1000,"height":564,"url":"https:\/\/shop.bantam.ch\/wp-content\/uploads\/2023\/02\/9916534-Bambustisch_Kimberly_65_x_65_x_40_cm_open_size_Farbe_braun-Standard-01-1.jpg","type":"image\/jpeg"}],"twitter_card":"summary_large_image","schema":{"@context":"https:\/\/schema.org","@graph":[{"@type":"WebPage","@id":"https:\/\/shop.bantam.ch\/fr\/produit\/table-bambou-kimberly\/","url":"https:\/\/shop.bantam.ch\/fr\/produit\/table-bambou-kimberly\/","name":"Table bambou Kimberly 65 x 64 x 40cm _ouverte_ Coul. brun - Bantam","isPartOf":{"@id":"https:\/\/shop.bantam.ch\/fr\/#website"},"primaryImageOfPage":{"@id":"https:\/\/shop.bantam.ch\/fr\/produit\/table-bambou-kimberly\/#primaryimage"},"image":{"@id":"https:\/\/shop.bantam.ch\/fr\/produit\/table-bambou-kimberly\/#primaryimage"},"thumbnailUrl":"https:\/\/shop.bantam.ch\/wp-content\/uploads\/2023\/02\/9916534-Bambustisch_Kimberly_65_x_65_x_40_cm_open_size_Farbe_braun-Standard-01-1.jpg","datePublished":"2023-02-22T19:55:17+00:00","dateModified":"2026-05-05T18:54:34+00:00","breadcrumb":{"@id":"https:\/\/shop.bantam.ch\/fr\/produit\/table-bambou-kimberly\/#breadcrumb"},"inLanguage":"fr-FR","potentialAction":[{"@type":"ReadAction","target":["https:\/\/shop.bantam.ch\/fr\/produit\/table-bambou-kimberly\/"]}]},{"@type":"ImageObject","inLanguage":"fr-FR","@id":"https:\/\/shop.bantam.ch\/fr\/produit\/table-bambou-kimberly\/#primaryimage","url":"https:\/\/shop.bantam.ch\/wp-content\/uploads\/2023\/02\/9916534-Bambustisch_Kimberly_65_x_65_x_40_cm_open_size_Farbe_braun-Standard-01-1.jpg","contentUrl":"https:\/\/shop.bantam.ch\/wp-content\/uploads\/2023\/02\/9916534-Bambustisch_Kimberly_65_x_65_x_40_cm_open_size_Farbe_braun-Standard-01-1.jpg","width":1000,"height":564},{"@type":"BreadcrumbList","@id":"https:\/\/shop.bantam.ch\/fr\/produit\/table-bambou-kimberly\/#breadcrumb","itemListElement":[{"@type":"ListItem","position":1,"name":"Accueil","item":"https:\/\/shop.bantam.ch\/fr\/"},{"@type":"ListItem","position":2,"name":"Boutique","item":"https:\/\/shop.bantam.ch\/fr\/boutique\/"},{"@type":"ListItem","position":3,"name":"Table bambou Kimberly 65 x 64 x 40cm _ouverte_ Coul. brun"}]},{"@type":"WebSite","@id":"https:\/\/shop.bantam.ch\/fr\/#website","url":"https:\/\/shop.bantam.ch\/fr\/","name":"Bantam","description":"","publisher":{"@id":"https:\/\/shop.bantam.ch\/fr\/#organization"},"inLanguage":"fr-FR"},{"@type":"Organization","@id":"https:\/\/shop.bantam.ch\/fr\/#organization","name":"Bantam","url":"https:\/\/shop.bantam.ch\/fr\/","logo":{"@type":"ImageObject","inLanguage":"fr-FR","@id":"https:\/\/shop.bantam.ch\/fr\/#\/schema\/logo\/image\/","url":"https:\/\/shop.bantam.ch\/wp-content\/uploads\/2022\/12\/bantam-logo.png","contentUrl":"https:\/\/shop.bantam.ch\/wp-content\/uploads\/2022\/12\/bantam-logo.png","width":320,"height":71,"caption":"Bantam"},"image":{"@id":"https:\/\/shop.bantam.ch\/fr\/#\/schema\/logo\/image\/"}}]}},"_links":{"self":[{"href":"https:\/\/shop.bantam.ch\/fr\/wp-json\/wp\/v2\/product\/39795","targetHints":{"allow":["GET"]}}],"collection":[{"href":"https:\/\/shop.bantam.ch\/fr\/wp-json\/wp\/v2\/product"}],"about":[{"href":"https:\/\/shop.bantam.ch\/fr\/wp-json\/wp\/v2\/types\/product"}],"wp:featuredmedia":[{"embeddable":true,"href":"https:\/\/shop.bantam.ch\/fr\/wp-json\/wp\/v2\/media\/39791"}],"wp:attachment":[{"href":"https:\/\/shop.bantam.ch\/fr\/wp-json\/wp\/v2\/media?parent=39795"}],"wp:term":[{"taxonomy":"product_featured_cat","embeddable":true,"href":"https:\/\/shop.bantam.ch\/fr\/wp-json\/wp\/v2\/product_featured_cat?post=39795"},{"taxonomy":"product_brand","embeddable":true,"href":"https:\/\/shop.bantam.ch\/fr\/wp-json\/wp\/v2\/product_brand?post=39795"},{"taxonomy":"product_cat","embeddable":true,"href":"https:\/\/shop.bantam.ch\/fr\/wp-json\/wp\/v2\/product_cat?post=39795"},{"taxonomy":"product_tag","embeddable":true,"href":"https:\/\/shop.bantam.ch\/fr\/wp-json\/wp\/v2\/product_tag?post=39795"}],"curies":[{"name":"wp","href":"https:\/\/api.w.org\/{rel}","templated":true}]}}