{"id":39789,"date":"2023-02-22T20:55:11","date_gmt":"2023-02-22T19:55:11","guid":{"rendered":"http:\/\/preprod-dev.sh1.hidora.com\/webshop\/produit\/table-en-bambou-kamloops\/"},"modified":"2026-04-18T20:55:17","modified_gmt":"2026-04-18T18:55:17","slug":"table-en-bambou-kamloops","status":"publish","type":"product","link":"https:\/\/shop.bantam.ch\/fr\/produit\/table-en-bambou-kamloops\/","title":{"rendered":"Table bambou Kamloops 72 x 100 x 70cm _ouverte_ Coul. brun"},"content":{"rendered":"<p>La table en bambou Kamloops est r\u00e9sistante, esth\u00e9tique et \u00e9cologique. Elle est id\u00e9ale pour les campeurs qui veulent une table esth\u00e9tique au design moderne et confortable fabriqu\u00e9e \u00e0 partir de mat\u00e9riaux durables.<\/p>\n<ul>\n<li>Montage et d\u00e9montage en quelques secondes<\/li>\n<li>Poign\u00e9es pratiques facilitant le transport<\/li>\n<li>Pieds r\u00e9glables<\/li>\n<li>R\u00e9sistante aux intemp\u00e9ries \u00e0 court terme<\/li>\n<\/ul>\n<p>Mat\u00e9riau\u00a0:<br \/>plateau de table en bambou<br \/>pi\u00e8tement en aluminium<\/p>\n","protected":false},"excerpt":{"rendered":"<p>La table en bambou Kamloops est r\u00e9sistante, esth\u00e9tique et \u00e9cologique. Elle est id\u00e9ale pour les campeurs qui veulent une table esth\u00e9tique au design moderne et confortable fabriqu\u00e9e \u00e0 partir de mat\u00e9riaux durables. Montage et d\u00e9montage en quelques secondes Poign\u00e9es pratiques facilitant le transport Pieds r\u00e9glables R\u00e9sistante aux intemp\u00e9ries \u00e0 court terme Mat\u00e9riau\u00a0:plateau de table en [&hellip;]<\/p>\n","protected":false},"featured_media":39783,"template":"","meta":{"_acf_changed":false},"product_featured_cat":[],"product_brand":[3296],"product_cat":[4053],"product_tag":[],"class_list":{"0":"post-39789","1":"product","2":"type-product","3":"status-publish","4":"has-post-thumbnail","6":"product_brand-outwell","7":"product_cat-tables-de-camping","9":"first","10":"instock","11":"taxable","12":"shipping-taxable","13":"purchasable","14":"product-type-simple"},"acf":[],"yoast_head":"<!-- This site is optimized with the Yoast SEO plugin v27.4 - https:\/\/yoast.com\/product\/yoast-seo-wordpress\/ -->\n<title>Table bambou Kamloops 72 x 100 x 70cm _ouverte_ Coul. brun - Bantam Wankm\u00fcller SA<\/title>\n<meta name=\"robots\" content=\"index, follow, max-snippet:-1, max-image-preview:large, max-video-preview:-1\" \/>\n<link rel=\"canonical\" href=\"https:\/\/shop.bantam.ch\/fr\/produit\/table-en-bambou-kamloops\/\" \/>\n<meta property=\"og:locale\" content=\"fr_FR\" \/>\n<meta property=\"og:type\" content=\"article\" \/>\n<meta property=\"og:title\" content=\"Table bambou Kamloops 72 x 100 x 70cm _ouverte_ Coul. brun - Bantam Wankm\u00fcller SA\" \/>\n<meta property=\"og:description\" content=\"La table en bambou Kamloops est r\u00e9sistante, esth\u00e9tique et \u00e9cologique. Elle est id\u00e9ale pour les campeurs qui veulent une table esth\u00e9tique au design moderne et confortable fabriqu\u00e9e \u00e0 partir de mat\u00e9riaux durables. Montage et d\u00e9montage en quelques secondes Poign\u00e9es pratiques facilitant le transport Pieds r\u00e9glables R\u00e9sistante aux intemp\u00e9ries \u00e0 court terme Mat\u00e9riau\u00a0:plateau de table en [&hellip;]\" \/>\n<meta property=\"og:url\" content=\"https:\/\/shop.bantam.ch\/fr\/produit\/table-en-bambou-kamloops\/\" \/>\n<meta property=\"og:site_name\" content=\"Bantam Wankm\u00fcller SA\" \/>\n<meta property=\"article:modified_time\" content=\"2026-04-18T18:55:17+00:00\" \/>\n<meta property=\"og:image\" content=\"https:\/\/shop.bantam.ch\/wp-content\/uploads\/2023\/02\/9916532-Bambustisch_Kamloops_72_x_100_x_70_cm_open_size_Farbe_braun-Standard-01-2.jpg\" \/>\n\t<meta property=\"og:image:width\" content=\"1000\" \/>\n\t<meta property=\"og:image:height\" content=\"664\" \/>\n\t<meta property=\"og:image:type\" content=\"image\/jpeg\" \/>\n<meta name=\"twitter:card\" content=\"summary_large_image\" \/>\n<script type=\"application\/ld+json\" class=\"yoast-schema-graph\">{\"@context\":\"https:\\\/\\\/schema.org\",\"@graph\":[{\"@type\":\"WebPage\",\"@id\":\"https:\\\/\\\/shop.bantam.ch\\\/fr\\\/produit\\\/table-en-bambou-kamloops\\\/\",\"url\":\"https:\\\/\\\/shop.bantam.ch\\\/fr\\\/produit\\\/table-en-bambou-kamloops\\\/\",\"name\":\"Table bambou Kamloops 72 x 100 x 70cm _ouverte_ Coul. brun - Bantam Wankm\u00fcller SA\",\"isPartOf\":{\"@id\":\"https:\\\/\\\/shop.bantam.ch\\\/fr\\\/#website\"},\"primaryImageOfPage\":{\"@id\":\"https:\\\/\\\/shop.bantam.ch\\\/fr\\\/produit\\\/table-en-bambou-kamloops\\\/#primaryimage\"},\"image\":{\"@id\":\"https:\\\/\\\/shop.bantam.ch\\\/fr\\\/produit\\\/table-en-bambou-kamloops\\\/#primaryimage\"},\"thumbnailUrl\":\"https:\\\/\\\/shop.bantam.ch\\\/wp-content\\\/uploads\\\/2023\\\/02\\\/9916532-Bambustisch_Kamloops_72_x_100_x_70_cm_open_size_Farbe_braun-Standard-01-2.jpg\",\"datePublished\":\"2023-02-22T19:55:11+00:00\",\"dateModified\":\"2026-04-18T18:55:17+00:00\",\"breadcrumb\":{\"@id\":\"https:\\\/\\\/shop.bantam.ch\\\/fr\\\/produit\\\/table-en-bambou-kamloops\\\/#breadcrumb\"},\"inLanguage\":\"fr-FR\",\"potentialAction\":[{\"@type\":\"ReadAction\",\"target\":[\"https:\\\/\\\/shop.bantam.ch\\\/fr\\\/produit\\\/table-en-bambou-kamloops\\\/\"]}]},{\"@type\":\"ImageObject\",\"inLanguage\":\"fr-FR\",\"@id\":\"https:\\\/\\\/shop.bantam.ch\\\/fr\\\/produit\\\/table-en-bambou-kamloops\\\/#primaryimage\",\"url\":\"https:\\\/\\\/shop.bantam.ch\\\/wp-content\\\/uploads\\\/2023\\\/02\\\/9916532-Bambustisch_Kamloops_72_x_100_x_70_cm_open_size_Farbe_braun-Standard-01-2.jpg\",\"contentUrl\":\"https:\\\/\\\/shop.bantam.ch\\\/wp-content\\\/uploads\\\/2023\\\/02\\\/9916532-Bambustisch_Kamloops_72_x_100_x_70_cm_open_size_Farbe_braun-Standard-01-2.jpg\",\"width\":1000,\"height\":664},{\"@type\":\"BreadcrumbList\",\"@id\":\"https:\\\/\\\/shop.bantam.ch\\\/fr\\\/produit\\\/table-en-bambou-kamloops\\\/#breadcrumb\",\"itemListElement\":[{\"@type\":\"ListItem\",\"position\":1,\"name\":\"Accueil\",\"item\":\"https:\\\/\\\/shop.bantam.ch\\\/fr\\\/\"},{\"@type\":\"ListItem\",\"position\":2,\"name\":\"Boutique\",\"item\":\"https:\\\/\\\/shop.bantam.ch\\\/fr\\\/boutique\\\/\"},{\"@type\":\"ListItem\",\"position\":3,\"name\":\"Table bambou Kamloops 72 x 100 x 70cm _ouverte_ Coul. brun\"}]},{\"@type\":\"WebSite\",\"@id\":\"https:\\\/\\\/shop.bantam.ch\\\/fr\\\/#website\",\"url\":\"https:\\\/\\\/shop.bantam.ch\\\/fr\\\/\",\"name\":\"Bantam Wankm\u00fcller SA\",\"description\":\"\",\"publisher\":{\"@id\":\"https:\\\/\\\/shop.bantam.ch\\\/fr\\\/#organization\"},\"inLanguage\":\"fr-FR\"},{\"@type\":\"Organization\",\"@id\":\"https:\\\/\\\/shop.bantam.ch\\\/fr\\\/#organization\",\"name\":\"Bantam Wankm\u00fcller SA\",\"url\":\"https:\\\/\\\/shop.bantam.ch\\\/fr\\\/\",\"logo\":{\"@type\":\"ImageObject\",\"inLanguage\":\"fr-FR\",\"@id\":\"https:\\\/\\\/shop.bantam.ch\\\/fr\\\/#\\\/schema\\\/logo\\\/image\\\/\",\"url\":\"https:\\\/\\\/shop.bantam.ch\\\/wp-content\\\/uploads\\\/2022\\\/12\\\/bantam-logo.png\",\"contentUrl\":\"https:\\\/\\\/shop.bantam.ch\\\/wp-content\\\/uploads\\\/2022\\\/12\\\/bantam-logo.png\",\"width\":320,\"height\":71,\"caption\":\"Bantam Wankm\u00fcller SA\"},\"image\":{\"@id\":\"https:\\\/\\\/shop.bantam.ch\\\/fr\\\/#\\\/schema\\\/logo\\\/image\\\/\"}}]}<\/script>\n<!-- \/ Yoast SEO plugin. -->","yoast_head_json":{"title":"Table bambou Kamloops 72 x 100 x 70cm _ouverte_ Coul. brun - Bantam Wankm\u00fcller SA","robots":{"index":"index","follow":"follow","max-snippet":"max-snippet:-1","max-image-preview":"max-image-preview:large","max-video-preview":"max-video-preview:-1"},"canonical":"https:\/\/shop.bantam.ch\/fr\/produit\/table-en-bambou-kamloops\/","og_locale":"fr_FR","og_type":"article","og_title":"Table bambou Kamloops 72 x 100 x 70cm _ouverte_ Coul. brun - Bantam Wankm\u00fcller SA","og_description":"La table en bambou Kamloops est r\u00e9sistante, esth\u00e9tique et \u00e9cologique. Elle est id\u00e9ale pour les campeurs qui veulent une table esth\u00e9tique au design moderne et confortable fabriqu\u00e9e \u00e0 partir de mat\u00e9riaux durables. Montage et d\u00e9montage en quelques secondes Poign\u00e9es pratiques facilitant le transport Pieds r\u00e9glables R\u00e9sistante aux intemp\u00e9ries \u00e0 court terme Mat\u00e9riau\u00a0:plateau de table en [&hellip;]","og_url":"https:\/\/shop.bantam.ch\/fr\/produit\/table-en-bambou-kamloops\/","og_site_name":"Bantam Wankm\u00fcller SA","article_modified_time":"2026-04-18T18:55:17+00:00","og_image":[{"width":1000,"height":664,"url":"https:\/\/shop.bantam.ch\/wp-content\/uploads\/2023\/02\/9916532-Bambustisch_Kamloops_72_x_100_x_70_cm_open_size_Farbe_braun-Standard-01-2.jpg","type":"image\/jpeg"}],"twitter_card":"summary_large_image","schema":{"@context":"https:\/\/schema.org","@graph":[{"@type":"WebPage","@id":"https:\/\/shop.bantam.ch\/fr\/produit\/table-en-bambou-kamloops\/","url":"https:\/\/shop.bantam.ch\/fr\/produit\/table-en-bambou-kamloops\/","name":"Table bambou Kamloops 72 x 100 x 70cm _ouverte_ Coul. brun - Bantam Wankm\u00fcller SA","isPartOf":{"@id":"https:\/\/shop.bantam.ch\/fr\/#website"},"primaryImageOfPage":{"@id":"https:\/\/shop.bantam.ch\/fr\/produit\/table-en-bambou-kamloops\/#primaryimage"},"image":{"@id":"https:\/\/shop.bantam.ch\/fr\/produit\/table-en-bambou-kamloops\/#primaryimage"},"thumbnailUrl":"https:\/\/shop.bantam.ch\/wp-content\/uploads\/2023\/02\/9916532-Bambustisch_Kamloops_72_x_100_x_70_cm_open_size_Farbe_braun-Standard-01-2.jpg","datePublished":"2023-02-22T19:55:11+00:00","dateModified":"2026-04-18T18:55:17+00:00","breadcrumb":{"@id":"https:\/\/shop.bantam.ch\/fr\/produit\/table-en-bambou-kamloops\/#breadcrumb"},"inLanguage":"fr-FR","potentialAction":[{"@type":"ReadAction","target":["https:\/\/shop.bantam.ch\/fr\/produit\/table-en-bambou-kamloops\/"]}]},{"@type":"ImageObject","inLanguage":"fr-FR","@id":"https:\/\/shop.bantam.ch\/fr\/produit\/table-en-bambou-kamloops\/#primaryimage","url":"https:\/\/shop.bantam.ch\/wp-content\/uploads\/2023\/02\/9916532-Bambustisch_Kamloops_72_x_100_x_70_cm_open_size_Farbe_braun-Standard-01-2.jpg","contentUrl":"https:\/\/shop.bantam.ch\/wp-content\/uploads\/2023\/02\/9916532-Bambustisch_Kamloops_72_x_100_x_70_cm_open_size_Farbe_braun-Standard-01-2.jpg","width":1000,"height":664},{"@type":"BreadcrumbList","@id":"https:\/\/shop.bantam.ch\/fr\/produit\/table-en-bambou-kamloops\/#breadcrumb","itemListElement":[{"@type":"ListItem","position":1,"name":"Accueil","item":"https:\/\/shop.bantam.ch\/fr\/"},{"@type":"ListItem","position":2,"name":"Boutique","item":"https:\/\/shop.bantam.ch\/fr\/boutique\/"},{"@type":"ListItem","position":3,"name":"Table bambou Kamloops 72 x 100 x 70cm _ouverte_ Coul. brun"}]},{"@type":"WebSite","@id":"https:\/\/shop.bantam.ch\/fr\/#website","url":"https:\/\/shop.bantam.ch\/fr\/","name":"Bantam Wankm\u00fcller SA","description":"","publisher":{"@id":"https:\/\/shop.bantam.ch\/fr\/#organization"},"inLanguage":"fr-FR"},{"@type":"Organization","@id":"https:\/\/shop.bantam.ch\/fr\/#organization","name":"Bantam Wankm\u00fcller SA","url":"https:\/\/shop.bantam.ch\/fr\/","logo":{"@type":"ImageObject","inLanguage":"fr-FR","@id":"https:\/\/shop.bantam.ch\/fr\/#\/schema\/logo\/image\/","url":"https:\/\/shop.bantam.ch\/wp-content\/uploads\/2022\/12\/bantam-logo.png","contentUrl":"https:\/\/shop.bantam.ch\/wp-content\/uploads\/2022\/12\/bantam-logo.png","width":320,"height":71,"caption":"Bantam Wankm\u00fcller SA"},"image":{"@id":"https:\/\/shop.bantam.ch\/fr\/#\/schema\/logo\/image\/"}}]}},"_links":{"self":[{"href":"https:\/\/shop.bantam.ch\/fr\/wp-json\/wp\/v2\/product\/39789","targetHints":{"allow":["GET"]}}],"collection":[{"href":"https:\/\/shop.bantam.ch\/fr\/wp-json\/wp\/v2\/product"}],"about":[{"href":"https:\/\/shop.bantam.ch\/fr\/wp-json\/wp\/v2\/types\/product"}],"wp:featuredmedia":[{"embeddable":true,"href":"https:\/\/shop.bantam.ch\/fr\/wp-json\/wp\/v2\/media\/39783"}],"wp:attachment":[{"href":"https:\/\/shop.bantam.ch\/fr\/wp-json\/wp\/v2\/media?parent=39789"}],"wp:term":[{"taxonomy":"product_featured_cat","embeddable":true,"href":"https:\/\/shop.bantam.ch\/fr\/wp-json\/wp\/v2\/product_featured_cat?post=39789"},{"taxonomy":"product_brand","embeddable":true,"href":"https:\/\/shop.bantam.ch\/fr\/wp-json\/wp\/v2\/product_brand?post=39789"},{"taxonomy":"product_cat","embeddable":true,"href":"https:\/\/shop.bantam.ch\/fr\/wp-json\/wp\/v2\/product_cat?post=39789"},{"taxonomy":"product_tag","embeddable":true,"href":"https:\/\/shop.bantam.ch\/fr\/wp-json\/wp\/v2\/product_tag?post=39789"}],"curies":[{"name":"wp","href":"https:\/\/api.w.org\/{rel}","templated":true}]}}