{"id":39355,"date":"2023-02-22T20:46:24","date_gmt":"2023-02-22T19:46:24","guid":{"rendered":"http:\/\/preprod-dev.sh1.hidora.com\/webshop\/produit\/pince-de-serrage-rapide-pp-crocodile-peggy\/"},"modified":"2026-04-21T20:53:58","modified_gmt":"2026-04-21T18:53:58","slug":"pince-de-serrage-rapide-pp-crocodile-peggy","status":"publish","type":"product","link":"https:\/\/shop.bantam.ch\/fr\/produit\/pince-de-serrage-rapide-pp-crocodile-peggy\/","title":{"rendered":"Pinces de serrage Peggy Peg Crocodile, contenu\u00a0: 4 pcs"},"content":{"rendered":"<p>La pince Crocodile Peggy est une pince \u00e0 serrage rapide multifonction, puissante et r\u00e9glable en continu. Une fois ajust\u00e9e sur le mat\u00e9riau, il suffit de l&rsquo;ouvrir et de la fermer. Fabriqu\u00e9e en polyamide renforc\u00e9 de fibre de verre, r\u00e9sistante aux UV, elle r\u00e9pond aux exigences et aux charges les plus \u00e9lev\u00e9es. Les possibilit\u00e9s vont bien au-del\u00e0 de la tension de la sangle. Bien entendu, la Crocodile Peggy est enti\u00e8rement compatible avec les sardines \u00e0 visser Peggy Peg.<\/p>\n<p>Contenu\u00a0: <br \/>4 pi\u00e8ces<\/p>\n","protected":false},"excerpt":{"rendered":"<p>La pince Crocodile Peggy est une pince \u00e0 serrage rapide multifonction, puissante et r\u00e9glable en continu. Une fois ajust\u00e9e sur le mat\u00e9riau, il suffit de l&rsquo;ouvrir et de la fermer. Fabriqu\u00e9e en polyamide renforc\u00e9 de fibre de verre, r\u00e9sistante aux UV, elle r\u00e9pond aux exigences et aux charges les plus \u00e9lev\u00e9es. Les possibilit\u00e9s vont bien [&hellip;]<\/p>\n","protected":false},"featured_media":39349,"template":"","meta":{"_acf_changed":false},"product_featured_cat":[],"product_brand":[3116],"product_cat":[4253],"product_tag":[],"class_list":{"0":"post-39355","1":"product","2":"type-product","3":"status-publish","4":"has-post-thumbnail","6":"product_brand-peggy-peg","7":"product_cat-accessoires-de-montage","9":"first","10":"instock","11":"taxable","12":"shipping-taxable","13":"purchasable","14":"product-type-simple"},"acf":[],"yoast_head":"<!-- This site is optimized with the Yoast SEO plugin v27.4 - https:\/\/yoast.com\/product\/yoast-seo-wordpress\/ -->\n<title>Pinces de serrage Peggy Peg Crocodile, contenu\u00a0: 4 pcs - Bantam Wankm\u00fcller SA<\/title>\n<meta name=\"robots\" content=\"index, follow, max-snippet:-1, max-image-preview:large, max-video-preview:-1\" \/>\n<link rel=\"canonical\" href=\"https:\/\/shop.bantam.ch\/fr\/produit\/pince-de-serrage-rapide-pp-crocodile-peggy\/\" \/>\n<meta property=\"og:locale\" content=\"fr_FR\" \/>\n<meta property=\"og:type\" content=\"article\" \/>\n<meta property=\"og:title\" content=\"Pinces de serrage Peggy Peg Crocodile, contenu\u00a0: 4 pcs - Bantam Wankm\u00fcller SA\" \/>\n<meta property=\"og:description\" content=\"La pince Crocodile Peggy est une pince \u00e0 serrage rapide multifonction, puissante et r\u00e9glable en continu. Une fois ajust\u00e9e sur le mat\u00e9riau, il suffit de l&rsquo;ouvrir et de la fermer. Fabriqu\u00e9e en polyamide renforc\u00e9 de fibre de verre, r\u00e9sistante aux UV, elle r\u00e9pond aux exigences et aux charges les plus \u00e9lev\u00e9es. Les possibilit\u00e9s vont bien [&hellip;]\" \/>\n<meta property=\"og:url\" content=\"https:\/\/shop.bantam.ch\/fr\/produit\/pince-de-serrage-rapide-pp-crocodile-peggy\/\" \/>\n<meta property=\"og:site_name\" content=\"Bantam Wankm\u00fcller SA\" \/>\n<meta property=\"article:modified_time\" content=\"2026-04-21T18:53:58+00:00\" \/>\n<meta property=\"og:image\" content=\"https:\/\/shop.bantam.ch\/wp-content\/uploads\/2023\/02\/9916187-Crocodile_Peggy_4er_Set_stufenl_verstellbare_Spann-_klemme_Laenge_12_cm-Standard-01-1.jpg\" \/>\n\t<meta property=\"og:image:width\" content=\"1000\" \/>\n\t<meta property=\"og:image:height\" content=\"833\" \/>\n\t<meta property=\"og:image:type\" content=\"image\/jpeg\" \/>\n<meta name=\"twitter:card\" content=\"summary_large_image\" \/>\n<script type=\"application\/ld+json\" class=\"yoast-schema-graph\">{\"@context\":\"https:\\\/\\\/schema.org\",\"@graph\":[{\"@type\":\"WebPage\",\"@id\":\"https:\\\/\\\/shop.bantam.ch\\\/fr\\\/produit\\\/pince-de-serrage-rapide-pp-crocodile-peggy\\\/\",\"url\":\"https:\\\/\\\/shop.bantam.ch\\\/fr\\\/produit\\\/pince-de-serrage-rapide-pp-crocodile-peggy\\\/\",\"name\":\"Pinces de serrage Peggy Peg Crocodile, contenu\u00a0: 4 pcs - Bantam Wankm\u00fcller SA\",\"isPartOf\":{\"@id\":\"https:\\\/\\\/shop.bantam.ch\\\/fr\\\/#website\"},\"primaryImageOfPage\":{\"@id\":\"https:\\\/\\\/shop.bantam.ch\\\/fr\\\/produit\\\/pince-de-serrage-rapide-pp-crocodile-peggy\\\/#primaryimage\"},\"image\":{\"@id\":\"https:\\\/\\\/shop.bantam.ch\\\/fr\\\/produit\\\/pince-de-serrage-rapide-pp-crocodile-peggy\\\/#primaryimage\"},\"thumbnailUrl\":\"https:\\\/\\\/shop.bantam.ch\\\/wp-content\\\/uploads\\\/2023\\\/02\\\/9916187-Crocodile_Peggy_4er_Set_stufenl_verstellbare_Spann-_klemme_Laenge_12_cm-Standard-01-1.jpg\",\"datePublished\":\"2023-02-22T19:46:24+00:00\",\"dateModified\":\"2026-04-21T18:53:58+00:00\",\"breadcrumb\":{\"@id\":\"https:\\\/\\\/shop.bantam.ch\\\/fr\\\/produit\\\/pince-de-serrage-rapide-pp-crocodile-peggy\\\/#breadcrumb\"},\"inLanguage\":\"fr-FR\",\"potentialAction\":[{\"@type\":\"ReadAction\",\"target\":[\"https:\\\/\\\/shop.bantam.ch\\\/fr\\\/produit\\\/pince-de-serrage-rapide-pp-crocodile-peggy\\\/\"]}]},{\"@type\":\"ImageObject\",\"inLanguage\":\"fr-FR\",\"@id\":\"https:\\\/\\\/shop.bantam.ch\\\/fr\\\/produit\\\/pince-de-serrage-rapide-pp-crocodile-peggy\\\/#primaryimage\",\"url\":\"https:\\\/\\\/shop.bantam.ch\\\/wp-content\\\/uploads\\\/2023\\\/02\\\/9916187-Crocodile_Peggy_4er_Set_stufenl_verstellbare_Spann-_klemme_Laenge_12_cm-Standard-01-1.jpg\",\"contentUrl\":\"https:\\\/\\\/shop.bantam.ch\\\/wp-content\\\/uploads\\\/2023\\\/02\\\/9916187-Crocodile_Peggy_4er_Set_stufenl_verstellbare_Spann-_klemme_Laenge_12_cm-Standard-01-1.jpg\",\"width\":1000,\"height\":833},{\"@type\":\"BreadcrumbList\",\"@id\":\"https:\\\/\\\/shop.bantam.ch\\\/fr\\\/produit\\\/pince-de-serrage-rapide-pp-crocodile-peggy\\\/#breadcrumb\",\"itemListElement\":[{\"@type\":\"ListItem\",\"position\":1,\"name\":\"Accueil\",\"item\":\"https:\\\/\\\/shop.bantam.ch\\\/fr\\\/\"},{\"@type\":\"ListItem\",\"position\":2,\"name\":\"Boutique\",\"item\":\"https:\\\/\\\/shop.bantam.ch\\\/fr\\\/boutique\\\/\"},{\"@type\":\"ListItem\",\"position\":3,\"name\":\"Pinces de serrage Peggy Peg Crocodile, contenu\u00a0: 4 pcs\"}]},{\"@type\":\"WebSite\",\"@id\":\"https:\\\/\\\/shop.bantam.ch\\\/fr\\\/#website\",\"url\":\"https:\\\/\\\/shop.bantam.ch\\\/fr\\\/\",\"name\":\"Bantam Wankm\u00fcller SA\",\"description\":\"\",\"publisher\":{\"@id\":\"https:\\\/\\\/shop.bantam.ch\\\/fr\\\/#organization\"},\"inLanguage\":\"fr-FR\"},{\"@type\":\"Organization\",\"@id\":\"https:\\\/\\\/shop.bantam.ch\\\/fr\\\/#organization\",\"name\":\"Bantam Wankm\u00fcller SA\",\"url\":\"https:\\\/\\\/shop.bantam.ch\\\/fr\\\/\",\"logo\":{\"@type\":\"ImageObject\",\"inLanguage\":\"fr-FR\",\"@id\":\"https:\\\/\\\/shop.bantam.ch\\\/fr\\\/#\\\/schema\\\/logo\\\/image\\\/\",\"url\":\"https:\\\/\\\/shop.bantam.ch\\\/wp-content\\\/uploads\\\/2022\\\/12\\\/bantam-logo.png\",\"contentUrl\":\"https:\\\/\\\/shop.bantam.ch\\\/wp-content\\\/uploads\\\/2022\\\/12\\\/bantam-logo.png\",\"width\":320,\"height\":71,\"caption\":\"Bantam Wankm\u00fcller SA\"},\"image\":{\"@id\":\"https:\\\/\\\/shop.bantam.ch\\\/fr\\\/#\\\/schema\\\/logo\\\/image\\\/\"}}]}<\/script>\n<!-- \/ Yoast SEO plugin. -->","yoast_head_json":{"title":"Pinces de serrage Peggy Peg Crocodile, contenu\u00a0: 4 pcs - Bantam Wankm\u00fcller SA","robots":{"index":"index","follow":"follow","max-snippet":"max-snippet:-1","max-image-preview":"max-image-preview:large","max-video-preview":"max-video-preview:-1"},"canonical":"https:\/\/shop.bantam.ch\/fr\/produit\/pince-de-serrage-rapide-pp-crocodile-peggy\/","og_locale":"fr_FR","og_type":"article","og_title":"Pinces de serrage Peggy Peg Crocodile, contenu\u00a0: 4 pcs - Bantam Wankm\u00fcller SA","og_description":"La pince Crocodile Peggy est une pince \u00e0 serrage rapide multifonction, puissante et r\u00e9glable en continu. Une fois ajust\u00e9e sur le mat\u00e9riau, il suffit de l&rsquo;ouvrir et de la fermer. Fabriqu\u00e9e en polyamide renforc\u00e9 de fibre de verre, r\u00e9sistante aux UV, elle r\u00e9pond aux exigences et aux charges les plus \u00e9lev\u00e9es. Les possibilit\u00e9s vont bien [&hellip;]","og_url":"https:\/\/shop.bantam.ch\/fr\/produit\/pince-de-serrage-rapide-pp-crocodile-peggy\/","og_site_name":"Bantam Wankm\u00fcller SA","article_modified_time":"2026-04-21T18:53:58+00:00","og_image":[{"width":1000,"height":833,"url":"https:\/\/shop.bantam.ch\/wp-content\/uploads\/2023\/02\/9916187-Crocodile_Peggy_4er_Set_stufenl_verstellbare_Spann-_klemme_Laenge_12_cm-Standard-01-1.jpg","type":"image\/jpeg"}],"twitter_card":"summary_large_image","schema":{"@context":"https:\/\/schema.org","@graph":[{"@type":"WebPage","@id":"https:\/\/shop.bantam.ch\/fr\/produit\/pince-de-serrage-rapide-pp-crocodile-peggy\/","url":"https:\/\/shop.bantam.ch\/fr\/produit\/pince-de-serrage-rapide-pp-crocodile-peggy\/","name":"Pinces de serrage Peggy Peg Crocodile, contenu\u00a0: 4 pcs - Bantam Wankm\u00fcller SA","isPartOf":{"@id":"https:\/\/shop.bantam.ch\/fr\/#website"},"primaryImageOfPage":{"@id":"https:\/\/shop.bantam.ch\/fr\/produit\/pince-de-serrage-rapide-pp-crocodile-peggy\/#primaryimage"},"image":{"@id":"https:\/\/shop.bantam.ch\/fr\/produit\/pince-de-serrage-rapide-pp-crocodile-peggy\/#primaryimage"},"thumbnailUrl":"https:\/\/shop.bantam.ch\/wp-content\/uploads\/2023\/02\/9916187-Crocodile_Peggy_4er_Set_stufenl_verstellbare_Spann-_klemme_Laenge_12_cm-Standard-01-1.jpg","datePublished":"2023-02-22T19:46:24+00:00","dateModified":"2026-04-21T18:53:58+00:00","breadcrumb":{"@id":"https:\/\/shop.bantam.ch\/fr\/produit\/pince-de-serrage-rapide-pp-crocodile-peggy\/#breadcrumb"},"inLanguage":"fr-FR","potentialAction":[{"@type":"ReadAction","target":["https:\/\/shop.bantam.ch\/fr\/produit\/pince-de-serrage-rapide-pp-crocodile-peggy\/"]}]},{"@type":"ImageObject","inLanguage":"fr-FR","@id":"https:\/\/shop.bantam.ch\/fr\/produit\/pince-de-serrage-rapide-pp-crocodile-peggy\/#primaryimage","url":"https:\/\/shop.bantam.ch\/wp-content\/uploads\/2023\/02\/9916187-Crocodile_Peggy_4er_Set_stufenl_verstellbare_Spann-_klemme_Laenge_12_cm-Standard-01-1.jpg","contentUrl":"https:\/\/shop.bantam.ch\/wp-content\/uploads\/2023\/02\/9916187-Crocodile_Peggy_4er_Set_stufenl_verstellbare_Spann-_klemme_Laenge_12_cm-Standard-01-1.jpg","width":1000,"height":833},{"@type":"BreadcrumbList","@id":"https:\/\/shop.bantam.ch\/fr\/produit\/pince-de-serrage-rapide-pp-crocodile-peggy\/#breadcrumb","itemListElement":[{"@type":"ListItem","position":1,"name":"Accueil","item":"https:\/\/shop.bantam.ch\/fr\/"},{"@type":"ListItem","position":2,"name":"Boutique","item":"https:\/\/shop.bantam.ch\/fr\/boutique\/"},{"@type":"ListItem","position":3,"name":"Pinces de serrage Peggy Peg Crocodile, contenu\u00a0: 4 pcs"}]},{"@type":"WebSite","@id":"https:\/\/shop.bantam.ch\/fr\/#website","url":"https:\/\/shop.bantam.ch\/fr\/","name":"Bantam Wankm\u00fcller SA","description":"","publisher":{"@id":"https:\/\/shop.bantam.ch\/fr\/#organization"},"inLanguage":"fr-FR"},{"@type":"Organization","@id":"https:\/\/shop.bantam.ch\/fr\/#organization","name":"Bantam Wankm\u00fcller SA","url":"https:\/\/shop.bantam.ch\/fr\/","logo":{"@type":"ImageObject","inLanguage":"fr-FR","@id":"https:\/\/shop.bantam.ch\/fr\/#\/schema\/logo\/image\/","url":"https:\/\/shop.bantam.ch\/wp-content\/uploads\/2022\/12\/bantam-logo.png","contentUrl":"https:\/\/shop.bantam.ch\/wp-content\/uploads\/2022\/12\/bantam-logo.png","width":320,"height":71,"caption":"Bantam Wankm\u00fcller SA"},"image":{"@id":"https:\/\/shop.bantam.ch\/fr\/#\/schema\/logo\/image\/"}}]}},"_links":{"self":[{"href":"https:\/\/shop.bantam.ch\/fr\/wp-json\/wp\/v2\/product\/39355","targetHints":{"allow":["GET"]}}],"collection":[{"href":"https:\/\/shop.bantam.ch\/fr\/wp-json\/wp\/v2\/product"}],"about":[{"href":"https:\/\/shop.bantam.ch\/fr\/wp-json\/wp\/v2\/types\/product"}],"wp:featuredmedia":[{"embeddable":true,"href":"https:\/\/shop.bantam.ch\/fr\/wp-json\/wp\/v2\/media\/39349"}],"wp:attachment":[{"href":"https:\/\/shop.bantam.ch\/fr\/wp-json\/wp\/v2\/media?parent=39355"}],"wp:term":[{"taxonomy":"product_featured_cat","embeddable":true,"href":"https:\/\/shop.bantam.ch\/fr\/wp-json\/wp\/v2\/product_featured_cat?post=39355"},{"taxonomy":"product_brand","embeddable":true,"href":"https:\/\/shop.bantam.ch\/fr\/wp-json\/wp\/v2\/product_brand?post=39355"},{"taxonomy":"product_cat","embeddable":true,"href":"https:\/\/shop.bantam.ch\/fr\/wp-json\/wp\/v2\/product_cat?post=39355"},{"taxonomy":"product_tag","embeddable":true,"href":"https:\/\/shop.bantam.ch\/fr\/wp-json\/wp\/v2\/product_tag?post=39355"}],"curies":[{"name":"wp","href":"https:\/\/api.w.org\/{rel}","templated":true}]}}