{"id":39341,"date":"2023-02-22T20:46:13","date_gmt":"2023-02-22T19:46:13","guid":{"rendered":"http:\/\/preprod-dev.sh1.hidora.com\/webshop\/produit\/kit-sardines-a-visser-start-84-pieces\/"},"modified":"2026-05-02T20:53:11","modified_gmt":"2026-05-02T18:53:11","slug":"kit-sardines-a-visser-start-84-pieces","status":"publish","type":"product","link":"https:\/\/shop.bantam.ch\/fr\/produit\/kit-sardines-a-visser-start-84-pieces\/","title":{"rendered":"Kit Start sardines \u00e0 visser Peggy Peg"},"content":{"rendered":"<p>Sardine \u00e0 visser universelle renforc\u00e9e \u00e0 la fibre de verre et r\u00e9glable en hauteur pour auvents, cordes et tentes. Jeu complet suffisant pour auvent de caravane de longueur de montage de 4,50 \u00e0 5\u00a0m.<\/p>\n<p>Set de 84 pi\u00e8ces comprenant :<br \/>30 Peggys N avec 30 crochets de 20 cm de long<br \/>20 Peggys S 12 cm de long<br \/>1 outil Combi avec adaptateur en aluminium<br \/>2\u00a0pr\u00e9-per\u00e7ages PreDrills de 6\u00a0mm et 10\u00a0mm<br \/>Sac de rangement en 100\u00a0% polyester<\/p>\n","protected":false},"excerpt":{"rendered":"<p>Sardine \u00e0 visser universelle renforc\u00e9e \u00e0 la fibre de verre et r\u00e9glable en hauteur pour auvents, cordes et tentes. Jeu complet suffisant pour auvent de caravane de longueur de montage de 4,50 \u00e0 5\u00a0m. Set de 84 pi\u00e8ces comprenant :30 Peggys N avec 30 crochets de 20 cm de long20 Peggys S 12 cm de [&hellip;]<\/p>\n","protected":false},"featured_media":39339,"template":"","meta":{"_acf_changed":false},"product_featured_cat":[],"product_brand":[3116],"product_cat":[4253],"product_tag":[],"class_list":{"0":"post-39341","1":"product","2":"type-product","3":"status-publish","4":"has-post-thumbnail","6":"product_brand-peggy-peg","7":"product_cat-accessoires-de-montage","9":"first","10":"instock","11":"taxable","12":"shipping-taxable","13":"purchasable","14":"product-type-simple"},"acf":[],"yoast_head":"<!-- This site is optimized with the Yoast SEO plugin v27.5 - https:\/\/yoast.com\/product\/yoast-seo-wordpress\/ -->\n<title>Kit Start sardines \u00e0 visser Peggy Peg - Bantam<\/title>\n<meta name=\"robots\" content=\"index, follow, max-snippet:-1, max-image-preview:large, max-video-preview:-1\" \/>\n<link rel=\"canonical\" href=\"https:\/\/shop.bantam.ch\/fr\/produit\/kit-sardines-a-visser-start-84-pieces\/\" \/>\n<meta property=\"og:locale\" content=\"fr_FR\" \/>\n<meta property=\"og:type\" content=\"article\" \/>\n<meta property=\"og:title\" content=\"Kit Start sardines \u00e0 visser Peggy Peg - Bantam\" \/>\n<meta property=\"og:description\" content=\"Sardine \u00e0 visser universelle renforc\u00e9e \u00e0 la fibre de verre et r\u00e9glable en hauteur pour auvents, cordes et tentes. Jeu complet suffisant pour auvent de caravane de longueur de montage de 4,50 \u00e0 5\u00a0m. Set de 84 pi\u00e8ces comprenant :30 Peggys N avec 30 crochets de 20 cm de long20 Peggys S 12 cm de [&hellip;]\" \/>\n<meta property=\"og:url\" content=\"https:\/\/shop.bantam.ch\/fr\/produit\/kit-sardines-a-visser-start-84-pieces\/\" \/>\n<meta property=\"og:site_name\" content=\"Bantam\" \/>\n<meta property=\"article:modified_time\" content=\"2026-05-02T18:53:11+00:00\" \/>\n<meta property=\"og:image\" content=\"https:\/\/shop.bantam.ch\/wp-content\/uploads\/2023\/02\/9916173-PP_Schraubheringe_StartKit_30N_20S_Tool_u_Tasche_orange_blau-Standard-02-1.jpg\" \/>\n\t<meta property=\"og:image:width\" content=\"1000\" \/>\n\t<meta property=\"og:image:height\" content=\"751\" \/>\n\t<meta property=\"og:image:type\" content=\"image\/jpeg\" \/>\n<meta name=\"twitter:card\" content=\"summary_large_image\" \/>\n<script type=\"application\/ld+json\" class=\"yoast-schema-graph\">{\"@context\":\"https:\\\/\\\/schema.org\",\"@graph\":[{\"@type\":\"WebPage\",\"@id\":\"https:\\\/\\\/shop.bantam.ch\\\/fr\\\/produit\\\/kit-sardines-a-visser-start-84-pieces\\\/\",\"url\":\"https:\\\/\\\/shop.bantam.ch\\\/fr\\\/produit\\\/kit-sardines-a-visser-start-84-pieces\\\/\",\"name\":\"Kit Start sardines \u00e0 visser Peggy Peg - Bantam\",\"isPartOf\":{\"@id\":\"https:\\\/\\\/shop.bantam.ch\\\/fr\\\/#website\"},\"primaryImageOfPage\":{\"@id\":\"https:\\\/\\\/shop.bantam.ch\\\/fr\\\/produit\\\/kit-sardines-a-visser-start-84-pieces\\\/#primaryimage\"},\"image\":{\"@id\":\"https:\\\/\\\/shop.bantam.ch\\\/fr\\\/produit\\\/kit-sardines-a-visser-start-84-pieces\\\/#primaryimage\"},\"thumbnailUrl\":\"https:\\\/\\\/shop.bantam.ch\\\/wp-content\\\/uploads\\\/2023\\\/02\\\/9916173-PP_Schraubheringe_StartKit_30N_20S_Tool_u_Tasche_orange_blau-Standard-02-1.jpg\",\"datePublished\":\"2023-02-22T19:46:13+00:00\",\"dateModified\":\"2026-05-02T18:53:11+00:00\",\"breadcrumb\":{\"@id\":\"https:\\\/\\\/shop.bantam.ch\\\/fr\\\/produit\\\/kit-sardines-a-visser-start-84-pieces\\\/#breadcrumb\"},\"inLanguage\":\"fr-FR\",\"potentialAction\":[{\"@type\":\"ReadAction\",\"target\":[\"https:\\\/\\\/shop.bantam.ch\\\/fr\\\/produit\\\/kit-sardines-a-visser-start-84-pieces\\\/\"]}]},{\"@type\":\"ImageObject\",\"inLanguage\":\"fr-FR\",\"@id\":\"https:\\\/\\\/shop.bantam.ch\\\/fr\\\/produit\\\/kit-sardines-a-visser-start-84-pieces\\\/#primaryimage\",\"url\":\"https:\\\/\\\/shop.bantam.ch\\\/wp-content\\\/uploads\\\/2023\\\/02\\\/9916173-PP_Schraubheringe_StartKit_30N_20S_Tool_u_Tasche_orange_blau-Standard-02-1.jpg\",\"contentUrl\":\"https:\\\/\\\/shop.bantam.ch\\\/wp-content\\\/uploads\\\/2023\\\/02\\\/9916173-PP_Schraubheringe_StartKit_30N_20S_Tool_u_Tasche_orange_blau-Standard-02-1.jpg\",\"width\":1000,\"height\":751},{\"@type\":\"BreadcrumbList\",\"@id\":\"https:\\\/\\\/shop.bantam.ch\\\/fr\\\/produit\\\/kit-sardines-a-visser-start-84-pieces\\\/#breadcrumb\",\"itemListElement\":[{\"@type\":\"ListItem\",\"position\":1,\"name\":\"Accueil\",\"item\":\"https:\\\/\\\/shop.bantam.ch\\\/fr\\\/\"},{\"@type\":\"ListItem\",\"position\":2,\"name\":\"Boutique\",\"item\":\"https:\\\/\\\/shop.bantam.ch\\\/fr\\\/boutique\\\/\"},{\"@type\":\"ListItem\",\"position\":3,\"name\":\"Kit Start sardines \u00e0 visser Peggy Peg\"}]},{\"@type\":\"WebSite\",\"@id\":\"https:\\\/\\\/shop.bantam.ch\\\/fr\\\/#website\",\"url\":\"https:\\\/\\\/shop.bantam.ch\\\/fr\\\/\",\"name\":\"Bantam\",\"description\":\"\",\"publisher\":{\"@id\":\"https:\\\/\\\/shop.bantam.ch\\\/fr\\\/#organization\"},\"inLanguage\":\"fr-FR\"},{\"@type\":\"Organization\",\"@id\":\"https:\\\/\\\/shop.bantam.ch\\\/fr\\\/#organization\",\"name\":\"Bantam\",\"url\":\"https:\\\/\\\/shop.bantam.ch\\\/fr\\\/\",\"logo\":{\"@type\":\"ImageObject\",\"inLanguage\":\"fr-FR\",\"@id\":\"https:\\\/\\\/shop.bantam.ch\\\/fr\\\/#\\\/schema\\\/logo\\\/image\\\/\",\"url\":\"https:\\\/\\\/shop.bantam.ch\\\/wp-content\\\/uploads\\\/2022\\\/12\\\/bantam-logo.png\",\"contentUrl\":\"https:\\\/\\\/shop.bantam.ch\\\/wp-content\\\/uploads\\\/2022\\\/12\\\/bantam-logo.png\",\"width\":320,\"height\":71,\"caption\":\"Bantam\"},\"image\":{\"@id\":\"https:\\\/\\\/shop.bantam.ch\\\/fr\\\/#\\\/schema\\\/logo\\\/image\\\/\"}}]}<\/script>\n<!-- \/ Yoast SEO plugin. -->","yoast_head_json":{"title":"Kit Start sardines \u00e0 visser Peggy Peg - Bantam","robots":{"index":"index","follow":"follow","max-snippet":"max-snippet:-1","max-image-preview":"max-image-preview:large","max-video-preview":"max-video-preview:-1"},"canonical":"https:\/\/shop.bantam.ch\/fr\/produit\/kit-sardines-a-visser-start-84-pieces\/","og_locale":"fr_FR","og_type":"article","og_title":"Kit Start sardines \u00e0 visser Peggy Peg - Bantam","og_description":"Sardine \u00e0 visser universelle renforc\u00e9e \u00e0 la fibre de verre et r\u00e9glable en hauteur pour auvents, cordes et tentes. Jeu complet suffisant pour auvent de caravane de longueur de montage de 4,50 \u00e0 5\u00a0m. Set de 84 pi\u00e8ces comprenant :30 Peggys N avec 30 crochets de 20 cm de long20 Peggys S 12 cm de [&hellip;]","og_url":"https:\/\/shop.bantam.ch\/fr\/produit\/kit-sardines-a-visser-start-84-pieces\/","og_site_name":"Bantam","article_modified_time":"2026-05-02T18:53:11+00:00","og_image":[{"width":1000,"height":751,"url":"https:\/\/shop.bantam.ch\/wp-content\/uploads\/2023\/02\/9916173-PP_Schraubheringe_StartKit_30N_20S_Tool_u_Tasche_orange_blau-Standard-02-1.jpg","type":"image\/jpeg"}],"twitter_card":"summary_large_image","schema":{"@context":"https:\/\/schema.org","@graph":[{"@type":"WebPage","@id":"https:\/\/shop.bantam.ch\/fr\/produit\/kit-sardines-a-visser-start-84-pieces\/","url":"https:\/\/shop.bantam.ch\/fr\/produit\/kit-sardines-a-visser-start-84-pieces\/","name":"Kit Start sardines \u00e0 visser Peggy Peg - Bantam","isPartOf":{"@id":"https:\/\/shop.bantam.ch\/fr\/#website"},"primaryImageOfPage":{"@id":"https:\/\/shop.bantam.ch\/fr\/produit\/kit-sardines-a-visser-start-84-pieces\/#primaryimage"},"image":{"@id":"https:\/\/shop.bantam.ch\/fr\/produit\/kit-sardines-a-visser-start-84-pieces\/#primaryimage"},"thumbnailUrl":"https:\/\/shop.bantam.ch\/wp-content\/uploads\/2023\/02\/9916173-PP_Schraubheringe_StartKit_30N_20S_Tool_u_Tasche_orange_blau-Standard-02-1.jpg","datePublished":"2023-02-22T19:46:13+00:00","dateModified":"2026-05-02T18:53:11+00:00","breadcrumb":{"@id":"https:\/\/shop.bantam.ch\/fr\/produit\/kit-sardines-a-visser-start-84-pieces\/#breadcrumb"},"inLanguage":"fr-FR","potentialAction":[{"@type":"ReadAction","target":["https:\/\/shop.bantam.ch\/fr\/produit\/kit-sardines-a-visser-start-84-pieces\/"]}]},{"@type":"ImageObject","inLanguage":"fr-FR","@id":"https:\/\/shop.bantam.ch\/fr\/produit\/kit-sardines-a-visser-start-84-pieces\/#primaryimage","url":"https:\/\/shop.bantam.ch\/wp-content\/uploads\/2023\/02\/9916173-PP_Schraubheringe_StartKit_30N_20S_Tool_u_Tasche_orange_blau-Standard-02-1.jpg","contentUrl":"https:\/\/shop.bantam.ch\/wp-content\/uploads\/2023\/02\/9916173-PP_Schraubheringe_StartKit_30N_20S_Tool_u_Tasche_orange_blau-Standard-02-1.jpg","width":1000,"height":751},{"@type":"BreadcrumbList","@id":"https:\/\/shop.bantam.ch\/fr\/produit\/kit-sardines-a-visser-start-84-pieces\/#breadcrumb","itemListElement":[{"@type":"ListItem","position":1,"name":"Accueil","item":"https:\/\/shop.bantam.ch\/fr\/"},{"@type":"ListItem","position":2,"name":"Boutique","item":"https:\/\/shop.bantam.ch\/fr\/boutique\/"},{"@type":"ListItem","position":3,"name":"Kit Start sardines \u00e0 visser Peggy Peg"}]},{"@type":"WebSite","@id":"https:\/\/shop.bantam.ch\/fr\/#website","url":"https:\/\/shop.bantam.ch\/fr\/","name":"Bantam","description":"","publisher":{"@id":"https:\/\/shop.bantam.ch\/fr\/#organization"},"inLanguage":"fr-FR"},{"@type":"Organization","@id":"https:\/\/shop.bantam.ch\/fr\/#organization","name":"Bantam","url":"https:\/\/shop.bantam.ch\/fr\/","logo":{"@type":"ImageObject","inLanguage":"fr-FR","@id":"https:\/\/shop.bantam.ch\/fr\/#\/schema\/logo\/image\/","url":"https:\/\/shop.bantam.ch\/wp-content\/uploads\/2022\/12\/bantam-logo.png","contentUrl":"https:\/\/shop.bantam.ch\/wp-content\/uploads\/2022\/12\/bantam-logo.png","width":320,"height":71,"caption":"Bantam"},"image":{"@id":"https:\/\/shop.bantam.ch\/fr\/#\/schema\/logo\/image\/"}}]}},"_links":{"self":[{"href":"https:\/\/shop.bantam.ch\/fr\/wp-json\/wp\/v2\/product\/39341","targetHints":{"allow":["GET"]}}],"collection":[{"href":"https:\/\/shop.bantam.ch\/fr\/wp-json\/wp\/v2\/product"}],"about":[{"href":"https:\/\/shop.bantam.ch\/fr\/wp-json\/wp\/v2\/types\/product"}],"wp:featuredmedia":[{"embeddable":true,"href":"https:\/\/shop.bantam.ch\/fr\/wp-json\/wp\/v2\/media\/39339"}],"wp:attachment":[{"href":"https:\/\/shop.bantam.ch\/fr\/wp-json\/wp\/v2\/media?parent=39341"}],"wp:term":[{"taxonomy":"product_featured_cat","embeddable":true,"href":"https:\/\/shop.bantam.ch\/fr\/wp-json\/wp\/v2\/product_featured_cat?post=39341"},{"taxonomy":"product_brand","embeddable":true,"href":"https:\/\/shop.bantam.ch\/fr\/wp-json\/wp\/v2\/product_brand?post=39341"},{"taxonomy":"product_cat","embeddable":true,"href":"https:\/\/shop.bantam.ch\/fr\/wp-json\/wp\/v2\/product_cat?post=39341"},{"taxonomy":"product_tag","embeddable":true,"href":"https:\/\/shop.bantam.ch\/fr\/wp-json\/wp\/v2\/product_tag?post=39341"}],"curies":[{"name":"wp","href":"https:\/\/api.w.org\/{rel}","templated":true}]}}