{"id":39325,"date":"2023-02-22T20:45:56","date_gmt":"2023-02-22T19:45:56","guid":{"rendered":"http:\/\/preprod-dev.sh1.hidora.com\/webshop\/produit\/plaque-dancrage-2-0-fix-go\/"},"modified":"2026-04-19T20:54:04","modified_gmt":"2026-04-19T18:54:04","slug":"plaque-dancrage-2-0-fix-go","status":"publish","type":"product","link":"https:\/\/shop.bantam.ch\/fr\/produit\/plaque-dancrage-2-0-fix-go\/","title":{"rendered":"Plaque d\u2019ancrage Peggy Peg Fix &amp; Go 2.0"},"content":{"rendered":"<p>Plaque d\u2019ancrage Fix &amp; Go pour stores, armatures de tente ou sangles anti-temp\u00eate de tous types. Les pieds de store ou les armatures de tente sont fix\u00e9s en toute s\u00e9curit\u00e9 entre les plaques et ne peuvent pas s\u2019enfoncer ou se soulever dans le sol meuble. Le crochet r\u00e9glable en hauteur du syst\u00e8me de vissage maintient la plaque, m\u00eame si la sardine ne peut pas \u00eatre viss\u00e9e compl\u00e8tement. La remont\u00e9e du store est possible, aussi souvent que d\u00e9sir\u00e9, en ouvrant simplement les verrouillages.<\/p>\n<p>Contenu\u00a0:<br \/>1\u00a0plaque d\u2019ancrage Fix&amp;Go\u00a02.0 (1\u00a0pi\u00e8ce)<\/p>\n","protected":false},"excerpt":{"rendered":"<p>Plaque d\u2019ancrage Fix &amp; Go pour stores, armatures de tente ou sangles anti-temp\u00eate de tous types. Les pieds de store ou les armatures de tente sont fix\u00e9s en toute s\u00e9curit\u00e9 entre les plaques et ne peuvent pas s\u2019enfoncer ou se soulever dans le sol meuble. Le crochet r\u00e9glable en hauteur du syst\u00e8me de vissage maintient [&hellip;]<\/p>\n","protected":false},"featured_media":39321,"template":"","meta":{"_acf_changed":false},"product_featured_cat":[],"product_brand":[3116],"product_cat":[4253],"product_tag":[],"class_list":{"0":"post-39325","1":"product","2":"type-product","3":"status-publish","4":"has-post-thumbnail","6":"product_brand-peggy-peg","7":"product_cat-accessoires-de-montage","9":"first","10":"instock","11":"taxable","12":"shipping-taxable","13":"purchasable","14":"product-type-simple"},"acf":[],"yoast_head":"<!-- This site is optimized with the Yoast SEO plugin v27.4 - https:\/\/yoast.com\/product\/yoast-seo-wordpress\/ -->\n<title>Plaque d\u2019ancrage Peggy Peg Fix &amp; Go 2.0 - Bantam Wankm\u00fcller SA<\/title>\n<meta name=\"robots\" content=\"index, follow, max-snippet:-1, max-image-preview:large, max-video-preview:-1\" \/>\n<link rel=\"canonical\" href=\"https:\/\/shop.bantam.ch\/fr\/produit\/plaque-dancrage-2-0-fix-go\/\" \/>\n<meta property=\"og:locale\" content=\"fr_FR\" \/>\n<meta property=\"og:type\" content=\"article\" \/>\n<meta property=\"og:title\" content=\"Plaque d\u2019ancrage Peggy Peg Fix &amp; Go 2.0 - Bantam Wankm\u00fcller SA\" \/>\n<meta property=\"og:description\" content=\"Plaque d\u2019ancrage Fix &amp; Go pour stores, armatures de tente ou sangles anti-temp\u00eate de tous types. Les pieds de store ou les armatures de tente sont fix\u00e9s en toute s\u00e9curit\u00e9 entre les plaques et ne peuvent pas s\u2019enfoncer ou se soulever dans le sol meuble. Le crochet r\u00e9glable en hauteur du syst\u00e8me de vissage maintient [&hellip;]\" \/>\n<meta property=\"og:url\" content=\"https:\/\/shop.bantam.ch\/fr\/produit\/plaque-dancrage-2-0-fix-go\/\" \/>\n<meta property=\"og:site_name\" content=\"Bantam Wankm\u00fcller SA\" \/>\n<meta property=\"article:modified_time\" content=\"2026-04-19T18:54:04+00:00\" \/>\n<meta property=\"og:image\" content=\"https:\/\/shop.bantam.ch\/wp-content\/uploads\/2023\/02\/9916193-100-1-3-1.jpg\" \/>\n\t<meta property=\"og:image:width\" content=\"1500\" \/>\n\t<meta property=\"og:image:height\" content=\"1272\" \/>\n\t<meta property=\"og:image:type\" content=\"image\/jpeg\" \/>\n<meta name=\"twitter:card\" content=\"summary_large_image\" \/>\n<meta name=\"twitter:label1\" content=\"Dur\u00e9e de lecture estim\u00e9e\" \/>\n\t<meta name=\"twitter:data1\" content=\"1 minute\" \/>\n<script type=\"application\/ld+json\" class=\"yoast-schema-graph\">{\"@context\":\"https:\\\/\\\/schema.org\",\"@graph\":[{\"@type\":\"WebPage\",\"@id\":\"https:\\\/\\\/shop.bantam.ch\\\/fr\\\/produit\\\/plaque-dancrage-2-0-fix-go\\\/\",\"url\":\"https:\\\/\\\/shop.bantam.ch\\\/fr\\\/produit\\\/plaque-dancrage-2-0-fix-go\\\/\",\"name\":\"Plaque d\u2019ancrage Peggy Peg Fix &amp; Go 2.0 - Bantam Wankm\u00fcller SA\",\"isPartOf\":{\"@id\":\"https:\\\/\\\/shop.bantam.ch\\\/fr\\\/#website\"},\"primaryImageOfPage\":{\"@id\":\"https:\\\/\\\/shop.bantam.ch\\\/fr\\\/produit\\\/plaque-dancrage-2-0-fix-go\\\/#primaryimage\"},\"image\":{\"@id\":\"https:\\\/\\\/shop.bantam.ch\\\/fr\\\/produit\\\/plaque-dancrage-2-0-fix-go\\\/#primaryimage\"},\"thumbnailUrl\":\"https:\\\/\\\/shop.bantam.ch\\\/wp-content\\\/uploads\\\/2023\\\/02\\\/9916193-100-1-3-1.jpg\",\"datePublished\":\"2023-02-22T19:45:56+00:00\",\"dateModified\":\"2026-04-19T18:54:04+00:00\",\"breadcrumb\":{\"@id\":\"https:\\\/\\\/shop.bantam.ch\\\/fr\\\/produit\\\/plaque-dancrage-2-0-fix-go\\\/#breadcrumb\"},\"inLanguage\":\"fr-FR\",\"potentialAction\":[{\"@type\":\"ReadAction\",\"target\":[\"https:\\\/\\\/shop.bantam.ch\\\/fr\\\/produit\\\/plaque-dancrage-2-0-fix-go\\\/\"]}]},{\"@type\":\"ImageObject\",\"inLanguage\":\"fr-FR\",\"@id\":\"https:\\\/\\\/shop.bantam.ch\\\/fr\\\/produit\\\/plaque-dancrage-2-0-fix-go\\\/#primaryimage\",\"url\":\"https:\\\/\\\/shop.bantam.ch\\\/wp-content\\\/uploads\\\/2023\\\/02\\\/9916193-100-1-3-1.jpg\",\"contentUrl\":\"https:\\\/\\\/shop.bantam.ch\\\/wp-content\\\/uploads\\\/2023\\\/02\\\/9916193-100-1-3-1.jpg\",\"width\":1500,\"height\":1272},{\"@type\":\"BreadcrumbList\",\"@id\":\"https:\\\/\\\/shop.bantam.ch\\\/fr\\\/produit\\\/plaque-dancrage-2-0-fix-go\\\/#breadcrumb\",\"itemListElement\":[{\"@type\":\"ListItem\",\"position\":1,\"name\":\"Accueil\",\"item\":\"https:\\\/\\\/shop.bantam.ch\\\/fr\\\/\"},{\"@type\":\"ListItem\",\"position\":2,\"name\":\"Boutique\",\"item\":\"https:\\\/\\\/shop.bantam.ch\\\/fr\\\/boutique\\\/\"},{\"@type\":\"ListItem\",\"position\":3,\"name\":\"Plaque d\u2019ancrage Peggy Peg Fix &amp; Go 2.0\"}]},{\"@type\":\"WebSite\",\"@id\":\"https:\\\/\\\/shop.bantam.ch\\\/fr\\\/#website\",\"url\":\"https:\\\/\\\/shop.bantam.ch\\\/fr\\\/\",\"name\":\"Bantam Wankm\u00fcller SA\",\"description\":\"\",\"publisher\":{\"@id\":\"https:\\\/\\\/shop.bantam.ch\\\/fr\\\/#organization\"},\"inLanguage\":\"fr-FR\"},{\"@type\":\"Organization\",\"@id\":\"https:\\\/\\\/shop.bantam.ch\\\/fr\\\/#organization\",\"name\":\"Bantam Wankm\u00fcller SA\",\"url\":\"https:\\\/\\\/shop.bantam.ch\\\/fr\\\/\",\"logo\":{\"@type\":\"ImageObject\",\"inLanguage\":\"fr-FR\",\"@id\":\"https:\\\/\\\/shop.bantam.ch\\\/fr\\\/#\\\/schema\\\/logo\\\/image\\\/\",\"url\":\"https:\\\/\\\/shop.bantam.ch\\\/wp-content\\\/uploads\\\/2022\\\/12\\\/bantam-logo.png\",\"contentUrl\":\"https:\\\/\\\/shop.bantam.ch\\\/wp-content\\\/uploads\\\/2022\\\/12\\\/bantam-logo.png\",\"width\":320,\"height\":71,\"caption\":\"Bantam Wankm\u00fcller SA\"},\"image\":{\"@id\":\"https:\\\/\\\/shop.bantam.ch\\\/fr\\\/#\\\/schema\\\/logo\\\/image\\\/\"}}]}<\/script>\n<!-- \/ Yoast SEO plugin. -->","yoast_head_json":{"title":"Plaque d\u2019ancrage Peggy Peg Fix &amp; Go 2.0 - Bantam Wankm\u00fcller SA","robots":{"index":"index","follow":"follow","max-snippet":"max-snippet:-1","max-image-preview":"max-image-preview:large","max-video-preview":"max-video-preview:-1"},"canonical":"https:\/\/shop.bantam.ch\/fr\/produit\/plaque-dancrage-2-0-fix-go\/","og_locale":"fr_FR","og_type":"article","og_title":"Plaque d\u2019ancrage Peggy Peg Fix &amp; Go 2.0 - Bantam Wankm\u00fcller SA","og_description":"Plaque d\u2019ancrage Fix &amp; Go pour stores, armatures de tente ou sangles anti-temp\u00eate de tous types. Les pieds de store ou les armatures de tente sont fix\u00e9s en toute s\u00e9curit\u00e9 entre les plaques et ne peuvent pas s\u2019enfoncer ou se soulever dans le sol meuble. Le crochet r\u00e9glable en hauteur du syst\u00e8me de vissage maintient [&hellip;]","og_url":"https:\/\/shop.bantam.ch\/fr\/produit\/plaque-dancrage-2-0-fix-go\/","og_site_name":"Bantam Wankm\u00fcller SA","article_modified_time":"2026-04-19T18:54:04+00:00","og_image":[{"width":1500,"height":1272,"url":"https:\/\/shop.bantam.ch\/wp-content\/uploads\/2023\/02\/9916193-100-1-3-1.jpg","type":"image\/jpeg"}],"twitter_card":"summary_large_image","twitter_misc":{"Dur\u00e9e de lecture estim\u00e9e":"1 minute"},"schema":{"@context":"https:\/\/schema.org","@graph":[{"@type":"WebPage","@id":"https:\/\/shop.bantam.ch\/fr\/produit\/plaque-dancrage-2-0-fix-go\/","url":"https:\/\/shop.bantam.ch\/fr\/produit\/plaque-dancrage-2-0-fix-go\/","name":"Plaque d\u2019ancrage Peggy Peg Fix &amp; Go 2.0 - Bantam Wankm\u00fcller SA","isPartOf":{"@id":"https:\/\/shop.bantam.ch\/fr\/#website"},"primaryImageOfPage":{"@id":"https:\/\/shop.bantam.ch\/fr\/produit\/plaque-dancrage-2-0-fix-go\/#primaryimage"},"image":{"@id":"https:\/\/shop.bantam.ch\/fr\/produit\/plaque-dancrage-2-0-fix-go\/#primaryimage"},"thumbnailUrl":"https:\/\/shop.bantam.ch\/wp-content\/uploads\/2023\/02\/9916193-100-1-3-1.jpg","datePublished":"2023-02-22T19:45:56+00:00","dateModified":"2026-04-19T18:54:04+00:00","breadcrumb":{"@id":"https:\/\/shop.bantam.ch\/fr\/produit\/plaque-dancrage-2-0-fix-go\/#breadcrumb"},"inLanguage":"fr-FR","potentialAction":[{"@type":"ReadAction","target":["https:\/\/shop.bantam.ch\/fr\/produit\/plaque-dancrage-2-0-fix-go\/"]}]},{"@type":"ImageObject","inLanguage":"fr-FR","@id":"https:\/\/shop.bantam.ch\/fr\/produit\/plaque-dancrage-2-0-fix-go\/#primaryimage","url":"https:\/\/shop.bantam.ch\/wp-content\/uploads\/2023\/02\/9916193-100-1-3-1.jpg","contentUrl":"https:\/\/shop.bantam.ch\/wp-content\/uploads\/2023\/02\/9916193-100-1-3-1.jpg","width":1500,"height":1272},{"@type":"BreadcrumbList","@id":"https:\/\/shop.bantam.ch\/fr\/produit\/plaque-dancrage-2-0-fix-go\/#breadcrumb","itemListElement":[{"@type":"ListItem","position":1,"name":"Accueil","item":"https:\/\/shop.bantam.ch\/fr\/"},{"@type":"ListItem","position":2,"name":"Boutique","item":"https:\/\/shop.bantam.ch\/fr\/boutique\/"},{"@type":"ListItem","position":3,"name":"Plaque d\u2019ancrage Peggy Peg Fix &amp; Go 2.0"}]},{"@type":"WebSite","@id":"https:\/\/shop.bantam.ch\/fr\/#website","url":"https:\/\/shop.bantam.ch\/fr\/","name":"Bantam Wankm\u00fcller SA","description":"","publisher":{"@id":"https:\/\/shop.bantam.ch\/fr\/#organization"},"inLanguage":"fr-FR"},{"@type":"Organization","@id":"https:\/\/shop.bantam.ch\/fr\/#organization","name":"Bantam Wankm\u00fcller SA","url":"https:\/\/shop.bantam.ch\/fr\/","logo":{"@type":"ImageObject","inLanguage":"fr-FR","@id":"https:\/\/shop.bantam.ch\/fr\/#\/schema\/logo\/image\/","url":"https:\/\/shop.bantam.ch\/wp-content\/uploads\/2022\/12\/bantam-logo.png","contentUrl":"https:\/\/shop.bantam.ch\/wp-content\/uploads\/2022\/12\/bantam-logo.png","width":320,"height":71,"caption":"Bantam Wankm\u00fcller SA"},"image":{"@id":"https:\/\/shop.bantam.ch\/fr\/#\/schema\/logo\/image\/"}}]}},"_links":{"self":[{"href":"https:\/\/shop.bantam.ch\/fr\/wp-json\/wp\/v2\/product\/39325","targetHints":{"allow":["GET"]}}],"collection":[{"href":"https:\/\/shop.bantam.ch\/fr\/wp-json\/wp\/v2\/product"}],"about":[{"href":"https:\/\/shop.bantam.ch\/fr\/wp-json\/wp\/v2\/types\/product"}],"wp:featuredmedia":[{"embeddable":true,"href":"https:\/\/shop.bantam.ch\/fr\/wp-json\/wp\/v2\/media\/39321"}],"wp:attachment":[{"href":"https:\/\/shop.bantam.ch\/fr\/wp-json\/wp\/v2\/media?parent=39325"}],"wp:term":[{"taxonomy":"product_featured_cat","embeddable":true,"href":"https:\/\/shop.bantam.ch\/fr\/wp-json\/wp\/v2\/product_featured_cat?post=39325"},{"taxonomy":"product_brand","embeddable":true,"href":"https:\/\/shop.bantam.ch\/fr\/wp-json\/wp\/v2\/product_brand?post=39325"},{"taxonomy":"product_cat","embeddable":true,"href":"https:\/\/shop.bantam.ch\/fr\/wp-json\/wp\/v2\/product_cat?post=39325"},{"taxonomy":"product_tag","embeddable":true,"href":"https:\/\/shop.bantam.ch\/fr\/wp-json\/wp\/v2\/product_tag?post=39325"}],"curies":[{"name":"wp","href":"https:\/\/api.w.org\/{rel}","templated":true}]}}