{"id":39237,"date":"2023-02-22T20:44:22","date_gmt":"2023-02-22T19:44:22","guid":{"rendered":"http:\/\/preprod-dev.sh1.hidora.com\/webshop\/produit\/sol-dauvent-isafloor-50-x-50-cm\/"},"modified":"2026-04-17T20:52:52","modified_gmt":"2026-04-17T18:52:52","slug":"sol-dauvent-isafloor-50-x-50-cm","status":"publish","type":"product","link":"https:\/\/shop.bantam.ch\/fr\/produit\/sol-dauvent-isafloor-50-x-50-cm\/","title":{"rendered":"Sol d\u2019auvent Isabella Isafloor 50 x 50 cm coul. noir"},"content":{"rendered":"<p>Dalles d\u2018auvent en plastique pour camping de longue dur\u00e9e avec de nombreux avantages : sol horizontal, tapis plat, le froid et l\u2018humidit\u00e9 ne remontent pas du sol.<br \/>Pose simple sans outil, liaison par le biais de tourillons crant\u00e9s, grande durabilit\u00e9 et solidit\u00e9 pour un poids faible.<\/p>\n<p>Mat\u00e9riau\u00a0:<br \/>Plastique.<\/p>\n","protected":false},"excerpt":{"rendered":"<p>Dalles d\u2018auvent en plastique pour camping de longue dur\u00e9e avec de nombreux avantages : sol horizontal, tapis plat, le froid et l\u2018humidit\u00e9 ne remontent pas du sol.Pose simple sans outil, liaison par le biais de tourillons crant\u00e9s, grande durabilit\u00e9 et solidit\u00e9 pour un poids faible. Mat\u00e9riau\u00a0:Plastique.<\/p>\n","protected":false},"featured_media":39233,"template":"","meta":{"_acf_changed":false},"product_featured_cat":[],"product_brand":[3090],"product_cat":[4261],"product_tag":[],"class_list":{"0":"post-39237","1":"product","2":"type-product","3":"status-publish","4":"has-post-thumbnail","6":"product_brand-isabella","7":"product_cat-tapis-de-tente-et-planchers","9":"first","10":"instock","11":"taxable","12":"shipping-taxable","13":"purchasable","14":"product-type-simple"},"acf":[],"yoast_head":"<!-- This site is optimized with the Yoast SEO plugin v27.4 - https:\/\/yoast.com\/product\/yoast-seo-wordpress\/ -->\n<title>Sol d\u2019auvent Isabella Isafloor 50 x 50 cm coul. noir - Bantam Wankm\u00fcller SA<\/title>\n<meta name=\"robots\" content=\"index, follow, max-snippet:-1, max-image-preview:large, max-video-preview:-1\" \/>\n<link rel=\"canonical\" href=\"https:\/\/shop.bantam.ch\/fr\/produit\/sol-dauvent-isafloor-50-x-50-cm\/\" \/>\n<meta property=\"og:locale\" content=\"fr_FR\" \/>\n<meta property=\"og:type\" content=\"article\" \/>\n<meta property=\"og:title\" content=\"Sol d\u2019auvent Isabella Isafloor 50 x 50 cm coul. noir - Bantam Wankm\u00fcller SA\" \/>\n<meta property=\"og:description\" content=\"Dalles d\u2018auvent en plastique pour camping de longue dur\u00e9e avec de nombreux avantages : sol horizontal, tapis plat, le froid et l\u2018humidit\u00e9 ne remontent pas du sol.Pose simple sans outil, liaison par le biais de tourillons crant\u00e9s, grande durabilit\u00e9 et solidit\u00e9 pour un poids faible. Mat\u00e9riau\u00a0:Plastique.\" \/>\n<meta property=\"og:url\" content=\"https:\/\/shop.bantam.ch\/fr\/produit\/sol-dauvent-isafloor-50-x-50-cm\/\" \/>\n<meta property=\"og:site_name\" content=\"Bantam Wankm\u00fcller SA\" \/>\n<meta property=\"article:modified_time\" content=\"2026-04-17T18:52:52+00:00\" \/>\n<meta property=\"og:image\" content=\"https:\/\/shop.bantam.ch\/wp-content\/uploads\/2023\/02\/9914721-100-2-3-1.jpg\" \/>\n\t<meta property=\"og:image:width\" content=\"500\" \/>\n\t<meta property=\"og:image:height\" content=\"214\" \/>\n\t<meta property=\"og:image:type\" content=\"image\/jpeg\" \/>\n<meta name=\"twitter:card\" content=\"summary_large_image\" \/>\n<script type=\"application\/ld+json\" class=\"yoast-schema-graph\">{\"@context\":\"https:\\\/\\\/schema.org\",\"@graph\":[{\"@type\":\"WebPage\",\"@id\":\"https:\\\/\\\/shop.bantam.ch\\\/fr\\\/produit\\\/sol-dauvent-isafloor-50-x-50-cm\\\/\",\"url\":\"https:\\\/\\\/shop.bantam.ch\\\/fr\\\/produit\\\/sol-dauvent-isafloor-50-x-50-cm\\\/\",\"name\":\"Sol d\u2019auvent Isabella Isafloor 50 x 50 cm coul. noir - Bantam Wankm\u00fcller SA\",\"isPartOf\":{\"@id\":\"https:\\\/\\\/shop.bantam.ch\\\/fr\\\/#website\"},\"primaryImageOfPage\":{\"@id\":\"https:\\\/\\\/shop.bantam.ch\\\/fr\\\/produit\\\/sol-dauvent-isafloor-50-x-50-cm\\\/#primaryimage\"},\"image\":{\"@id\":\"https:\\\/\\\/shop.bantam.ch\\\/fr\\\/produit\\\/sol-dauvent-isafloor-50-x-50-cm\\\/#primaryimage\"},\"thumbnailUrl\":\"https:\\\/\\\/shop.bantam.ch\\\/wp-content\\\/uploads\\\/2023\\\/02\\\/9914721-100-2-3-1.jpg\",\"datePublished\":\"2023-02-22T19:44:22+00:00\",\"dateModified\":\"2026-04-17T18:52:52+00:00\",\"breadcrumb\":{\"@id\":\"https:\\\/\\\/shop.bantam.ch\\\/fr\\\/produit\\\/sol-dauvent-isafloor-50-x-50-cm\\\/#breadcrumb\"},\"inLanguage\":\"fr-FR\",\"potentialAction\":[{\"@type\":\"ReadAction\",\"target\":[\"https:\\\/\\\/shop.bantam.ch\\\/fr\\\/produit\\\/sol-dauvent-isafloor-50-x-50-cm\\\/\"]}]},{\"@type\":\"ImageObject\",\"inLanguage\":\"fr-FR\",\"@id\":\"https:\\\/\\\/shop.bantam.ch\\\/fr\\\/produit\\\/sol-dauvent-isafloor-50-x-50-cm\\\/#primaryimage\",\"url\":\"https:\\\/\\\/shop.bantam.ch\\\/wp-content\\\/uploads\\\/2023\\\/02\\\/9914721-100-2-3-1.jpg\",\"contentUrl\":\"https:\\\/\\\/shop.bantam.ch\\\/wp-content\\\/uploads\\\/2023\\\/02\\\/9914721-100-2-3-1.jpg\",\"width\":500,\"height\":214},{\"@type\":\"BreadcrumbList\",\"@id\":\"https:\\\/\\\/shop.bantam.ch\\\/fr\\\/produit\\\/sol-dauvent-isafloor-50-x-50-cm\\\/#breadcrumb\",\"itemListElement\":[{\"@type\":\"ListItem\",\"position\":1,\"name\":\"Accueil\",\"item\":\"https:\\\/\\\/shop.bantam.ch\\\/fr\\\/\"},{\"@type\":\"ListItem\",\"position\":2,\"name\":\"Boutique\",\"item\":\"https:\\\/\\\/shop.bantam.ch\\\/fr\\\/boutique\\\/\"},{\"@type\":\"ListItem\",\"position\":3,\"name\":\"Sol d\u2019auvent Isabella Isafloor 50 x 50 cm coul. noir\"}]},{\"@type\":\"WebSite\",\"@id\":\"https:\\\/\\\/shop.bantam.ch\\\/fr\\\/#website\",\"url\":\"https:\\\/\\\/shop.bantam.ch\\\/fr\\\/\",\"name\":\"Bantam Wankm\u00fcller SA\",\"description\":\"\",\"publisher\":{\"@id\":\"https:\\\/\\\/shop.bantam.ch\\\/fr\\\/#organization\"},\"inLanguage\":\"fr-FR\"},{\"@type\":\"Organization\",\"@id\":\"https:\\\/\\\/shop.bantam.ch\\\/fr\\\/#organization\",\"name\":\"Bantam Wankm\u00fcller SA\",\"url\":\"https:\\\/\\\/shop.bantam.ch\\\/fr\\\/\",\"logo\":{\"@type\":\"ImageObject\",\"inLanguage\":\"fr-FR\",\"@id\":\"https:\\\/\\\/shop.bantam.ch\\\/fr\\\/#\\\/schema\\\/logo\\\/image\\\/\",\"url\":\"https:\\\/\\\/shop.bantam.ch\\\/wp-content\\\/uploads\\\/2022\\\/12\\\/bantam-logo.png\",\"contentUrl\":\"https:\\\/\\\/shop.bantam.ch\\\/wp-content\\\/uploads\\\/2022\\\/12\\\/bantam-logo.png\",\"width\":320,\"height\":71,\"caption\":\"Bantam Wankm\u00fcller SA\"},\"image\":{\"@id\":\"https:\\\/\\\/shop.bantam.ch\\\/fr\\\/#\\\/schema\\\/logo\\\/image\\\/\"}}]}<\/script>\n<!-- \/ Yoast SEO plugin. -->","yoast_head_json":{"title":"Sol d\u2019auvent Isabella Isafloor 50 x 50 cm coul. noir - Bantam Wankm\u00fcller SA","robots":{"index":"index","follow":"follow","max-snippet":"max-snippet:-1","max-image-preview":"max-image-preview:large","max-video-preview":"max-video-preview:-1"},"canonical":"https:\/\/shop.bantam.ch\/fr\/produit\/sol-dauvent-isafloor-50-x-50-cm\/","og_locale":"fr_FR","og_type":"article","og_title":"Sol d\u2019auvent Isabella Isafloor 50 x 50 cm coul. noir - Bantam Wankm\u00fcller SA","og_description":"Dalles d\u2018auvent en plastique pour camping de longue dur\u00e9e avec de nombreux avantages : sol horizontal, tapis plat, le froid et l\u2018humidit\u00e9 ne remontent pas du sol.Pose simple sans outil, liaison par le biais de tourillons crant\u00e9s, grande durabilit\u00e9 et solidit\u00e9 pour un poids faible. Mat\u00e9riau\u00a0:Plastique.","og_url":"https:\/\/shop.bantam.ch\/fr\/produit\/sol-dauvent-isafloor-50-x-50-cm\/","og_site_name":"Bantam Wankm\u00fcller SA","article_modified_time":"2026-04-17T18:52:52+00:00","og_image":[{"width":500,"height":214,"url":"https:\/\/shop.bantam.ch\/wp-content\/uploads\/2023\/02\/9914721-100-2-3-1.jpg","type":"image\/jpeg"}],"twitter_card":"summary_large_image","schema":{"@context":"https:\/\/schema.org","@graph":[{"@type":"WebPage","@id":"https:\/\/shop.bantam.ch\/fr\/produit\/sol-dauvent-isafloor-50-x-50-cm\/","url":"https:\/\/shop.bantam.ch\/fr\/produit\/sol-dauvent-isafloor-50-x-50-cm\/","name":"Sol d\u2019auvent Isabella Isafloor 50 x 50 cm coul. noir - Bantam Wankm\u00fcller SA","isPartOf":{"@id":"https:\/\/shop.bantam.ch\/fr\/#website"},"primaryImageOfPage":{"@id":"https:\/\/shop.bantam.ch\/fr\/produit\/sol-dauvent-isafloor-50-x-50-cm\/#primaryimage"},"image":{"@id":"https:\/\/shop.bantam.ch\/fr\/produit\/sol-dauvent-isafloor-50-x-50-cm\/#primaryimage"},"thumbnailUrl":"https:\/\/shop.bantam.ch\/wp-content\/uploads\/2023\/02\/9914721-100-2-3-1.jpg","datePublished":"2023-02-22T19:44:22+00:00","dateModified":"2026-04-17T18:52:52+00:00","breadcrumb":{"@id":"https:\/\/shop.bantam.ch\/fr\/produit\/sol-dauvent-isafloor-50-x-50-cm\/#breadcrumb"},"inLanguage":"fr-FR","potentialAction":[{"@type":"ReadAction","target":["https:\/\/shop.bantam.ch\/fr\/produit\/sol-dauvent-isafloor-50-x-50-cm\/"]}]},{"@type":"ImageObject","inLanguage":"fr-FR","@id":"https:\/\/shop.bantam.ch\/fr\/produit\/sol-dauvent-isafloor-50-x-50-cm\/#primaryimage","url":"https:\/\/shop.bantam.ch\/wp-content\/uploads\/2023\/02\/9914721-100-2-3-1.jpg","contentUrl":"https:\/\/shop.bantam.ch\/wp-content\/uploads\/2023\/02\/9914721-100-2-3-1.jpg","width":500,"height":214},{"@type":"BreadcrumbList","@id":"https:\/\/shop.bantam.ch\/fr\/produit\/sol-dauvent-isafloor-50-x-50-cm\/#breadcrumb","itemListElement":[{"@type":"ListItem","position":1,"name":"Accueil","item":"https:\/\/shop.bantam.ch\/fr\/"},{"@type":"ListItem","position":2,"name":"Boutique","item":"https:\/\/shop.bantam.ch\/fr\/boutique\/"},{"@type":"ListItem","position":3,"name":"Sol d\u2019auvent Isabella Isafloor 50 x 50 cm coul. noir"}]},{"@type":"WebSite","@id":"https:\/\/shop.bantam.ch\/fr\/#website","url":"https:\/\/shop.bantam.ch\/fr\/","name":"Bantam Wankm\u00fcller SA","description":"","publisher":{"@id":"https:\/\/shop.bantam.ch\/fr\/#organization"},"inLanguage":"fr-FR"},{"@type":"Organization","@id":"https:\/\/shop.bantam.ch\/fr\/#organization","name":"Bantam Wankm\u00fcller SA","url":"https:\/\/shop.bantam.ch\/fr\/","logo":{"@type":"ImageObject","inLanguage":"fr-FR","@id":"https:\/\/shop.bantam.ch\/fr\/#\/schema\/logo\/image\/","url":"https:\/\/shop.bantam.ch\/wp-content\/uploads\/2022\/12\/bantam-logo.png","contentUrl":"https:\/\/shop.bantam.ch\/wp-content\/uploads\/2022\/12\/bantam-logo.png","width":320,"height":71,"caption":"Bantam Wankm\u00fcller SA"},"image":{"@id":"https:\/\/shop.bantam.ch\/fr\/#\/schema\/logo\/image\/"}}]}},"_links":{"self":[{"href":"https:\/\/shop.bantam.ch\/fr\/wp-json\/wp\/v2\/product\/39237","targetHints":{"allow":["GET"]}}],"collection":[{"href":"https:\/\/shop.bantam.ch\/fr\/wp-json\/wp\/v2\/product"}],"about":[{"href":"https:\/\/shop.bantam.ch\/fr\/wp-json\/wp\/v2\/types\/product"}],"wp:featuredmedia":[{"embeddable":true,"href":"https:\/\/shop.bantam.ch\/fr\/wp-json\/wp\/v2\/media\/39233"}],"wp:attachment":[{"href":"https:\/\/shop.bantam.ch\/fr\/wp-json\/wp\/v2\/media?parent=39237"}],"wp:term":[{"taxonomy":"product_featured_cat","embeddable":true,"href":"https:\/\/shop.bantam.ch\/fr\/wp-json\/wp\/v2\/product_featured_cat?post=39237"},{"taxonomy":"product_brand","embeddable":true,"href":"https:\/\/shop.bantam.ch\/fr\/wp-json\/wp\/v2\/product_brand?post=39237"},{"taxonomy":"product_cat","embeddable":true,"href":"https:\/\/shop.bantam.ch\/fr\/wp-json\/wp\/v2\/product_cat?post=39237"},{"taxonomy":"product_tag","embeddable":true,"href":"https:\/\/shop.bantam.ch\/fr\/wp-json\/wp\/v2\/product_tag?post=39237"}],"curies":[{"name":"wp","href":"https:\/\/api.w.org\/{rel}","templated":true}]}}