{"id":39211,"date":"2023-02-22T20:43:53","date_gmt":"2023-02-22T19:43:53","guid":{"rendered":"http:\/\/preprod-dev.sh1.hidora.com\/webshop\/produit\/support-de-couvercle\/"},"modified":"2026-04-17T20:52:45","modified_gmt":"2026-04-17T18:52:45","slug":"support-de-couvercle","status":"publish","type":"product","link":"https:\/\/shop.bantam.ch\/fr\/produit\/support-de-couvercle\/","title":{"rendered":"Crochet de couvercle"},"content":{"rendered":"<p>Qui n\u2019a pas \u00e9t\u00e9 confront\u00e9 au probl\u00e8me &#8211; le barbecue termin\u00e9 &#8211; de ne pas savoir quoi faire du couvercle chaud ? Il suffit d\u2019accrocher tout simplement le couvercle dans le support et le probl\u00e8me est r\u00e9solu.<br \/>Il suffit d\u2019accrocher le support en acier inoxydable entre la coque int\u00e9rieure et ext\u00e9rieure. Sert \u00e9galement de support pratique pour le couvercle du barbecue.<\/p>\n","protected":false},"excerpt":{"rendered":"<p>Qui n\u2019a pas \u00e9t\u00e9 confront\u00e9 au probl\u00e8me &#8211; le barbecue termin\u00e9 &#8211; de ne pas savoir quoi faire du couvercle chaud ? Il suffit d\u2019accrocher tout simplement le couvercle dans le support et le probl\u00e8me est r\u00e9solu.Il suffit d\u2019accrocher le support en acier inoxydable entre la coque int\u00e9rieure et ext\u00e9rieure. Sert \u00e9galement de support pratique [&hellip;]<\/p>\n","protected":false},"featured_media":39207,"template":"","meta":{"_acf_changed":false},"product_featured_cat":[],"product_brand":[3114],"product_cat":[4201],"product_tag":[],"class_list":{"0":"post-39211","1":"product","2":"type-product","3":"status-publish","4":"has-post-thumbnail","6":"product_brand-cobb","7":"product_cat-pieces-de-rechange-grilles-et-gaz","9":"first","10":"instock","11":"taxable","12":"shipping-taxable","13":"purchasable","14":"product-type-simple"},"acf":[],"yoast_head":"<!-- This site is optimized with the Yoast SEO plugin v27.4 - https:\/\/yoast.com\/product\/yoast-seo-wordpress\/ -->\n<title>Crochet de couvercle - Bantam Wankm\u00fcller SA<\/title>\n<meta name=\"robots\" content=\"index, follow, max-snippet:-1, max-image-preview:large, max-video-preview:-1\" \/>\n<link rel=\"canonical\" href=\"https:\/\/shop.bantam.ch\/fr\/produit\/support-de-couvercle\/\" \/>\n<meta property=\"og:locale\" content=\"fr_FR\" \/>\n<meta property=\"og:type\" content=\"article\" \/>\n<meta property=\"og:title\" content=\"Crochet de couvercle - Bantam Wankm\u00fcller SA\" \/>\n<meta property=\"og:description\" content=\"Qui n\u2019a pas \u00e9t\u00e9 confront\u00e9 au probl\u00e8me &#8211; le barbecue termin\u00e9 &#8211; de ne pas savoir quoi faire du couvercle chaud ? Il suffit d\u2019accrocher tout simplement le couvercle dans le support et le probl\u00e8me est r\u00e9solu.Il suffit d\u2019accrocher le support en acier inoxydable entre la coque int\u00e9rieure et ext\u00e9rieure. Sert \u00e9galement de support pratique [&hellip;]\" \/>\n<meta property=\"og:url\" content=\"https:\/\/shop.bantam.ch\/fr\/produit\/support-de-couvercle\/\" \/>\n<meta property=\"og:site_name\" content=\"Bantam Wankm\u00fcller SA\" \/>\n<meta property=\"article:modified_time\" content=\"2026-04-17T18:52:45+00:00\" \/>\n<meta property=\"og:image\" content=\"https:\/\/shop.bantam.ch\/wp-content\/uploads\/2023\/02\/9912945-Cobb_Deckelhalterung-Standard-02-1.jpg\" \/>\n\t<meta property=\"og:image:width\" content=\"1000\" \/>\n\t<meta property=\"og:image:height\" content=\"929\" \/>\n\t<meta property=\"og:image:type\" content=\"image\/jpeg\" \/>\n<meta name=\"twitter:card\" content=\"summary_large_image\" \/>\n<script type=\"application\/ld+json\" class=\"yoast-schema-graph\">{\"@context\":\"https:\\\/\\\/schema.org\",\"@graph\":[{\"@type\":\"WebPage\",\"@id\":\"https:\\\/\\\/shop.bantam.ch\\\/fr\\\/produit\\\/support-de-couvercle\\\/\",\"url\":\"https:\\\/\\\/shop.bantam.ch\\\/fr\\\/produit\\\/support-de-couvercle\\\/\",\"name\":\"Crochet de couvercle - Bantam Wankm\u00fcller SA\",\"isPartOf\":{\"@id\":\"https:\\\/\\\/shop.bantam.ch\\\/fr\\\/#website\"},\"primaryImageOfPage\":{\"@id\":\"https:\\\/\\\/shop.bantam.ch\\\/fr\\\/produit\\\/support-de-couvercle\\\/#primaryimage\"},\"image\":{\"@id\":\"https:\\\/\\\/shop.bantam.ch\\\/fr\\\/produit\\\/support-de-couvercle\\\/#primaryimage\"},\"thumbnailUrl\":\"https:\\\/\\\/shop.bantam.ch\\\/wp-content\\\/uploads\\\/2023\\\/02\\\/9912945-Cobb_Deckelhalterung-Standard-02-1.jpg\",\"datePublished\":\"2023-02-22T19:43:53+00:00\",\"dateModified\":\"2026-04-17T18:52:45+00:00\",\"breadcrumb\":{\"@id\":\"https:\\\/\\\/shop.bantam.ch\\\/fr\\\/produit\\\/support-de-couvercle\\\/#breadcrumb\"},\"inLanguage\":\"fr-FR\",\"potentialAction\":[{\"@type\":\"ReadAction\",\"target\":[\"https:\\\/\\\/shop.bantam.ch\\\/fr\\\/produit\\\/support-de-couvercle\\\/\"]}]},{\"@type\":\"ImageObject\",\"inLanguage\":\"fr-FR\",\"@id\":\"https:\\\/\\\/shop.bantam.ch\\\/fr\\\/produit\\\/support-de-couvercle\\\/#primaryimage\",\"url\":\"https:\\\/\\\/shop.bantam.ch\\\/wp-content\\\/uploads\\\/2023\\\/02\\\/9912945-Cobb_Deckelhalterung-Standard-02-1.jpg\",\"contentUrl\":\"https:\\\/\\\/shop.bantam.ch\\\/wp-content\\\/uploads\\\/2023\\\/02\\\/9912945-Cobb_Deckelhalterung-Standard-02-1.jpg\",\"width\":1000,\"height\":929},{\"@type\":\"BreadcrumbList\",\"@id\":\"https:\\\/\\\/shop.bantam.ch\\\/fr\\\/produit\\\/support-de-couvercle\\\/#breadcrumb\",\"itemListElement\":[{\"@type\":\"ListItem\",\"position\":1,\"name\":\"Accueil\",\"item\":\"https:\\\/\\\/shop.bantam.ch\\\/fr\\\/\"},{\"@type\":\"ListItem\",\"position\":2,\"name\":\"Boutique\",\"item\":\"https:\\\/\\\/shop.bantam.ch\\\/fr\\\/boutique\\\/\"},{\"@type\":\"ListItem\",\"position\":3,\"name\":\"Crochet de couvercle\"}]},{\"@type\":\"WebSite\",\"@id\":\"https:\\\/\\\/shop.bantam.ch\\\/fr\\\/#website\",\"url\":\"https:\\\/\\\/shop.bantam.ch\\\/fr\\\/\",\"name\":\"Bantam Wankm\u00fcller SA\",\"description\":\"\",\"publisher\":{\"@id\":\"https:\\\/\\\/shop.bantam.ch\\\/fr\\\/#organization\"},\"inLanguage\":\"fr-FR\"},{\"@type\":\"Organization\",\"@id\":\"https:\\\/\\\/shop.bantam.ch\\\/fr\\\/#organization\",\"name\":\"Bantam Wankm\u00fcller SA\",\"url\":\"https:\\\/\\\/shop.bantam.ch\\\/fr\\\/\",\"logo\":{\"@type\":\"ImageObject\",\"inLanguage\":\"fr-FR\",\"@id\":\"https:\\\/\\\/shop.bantam.ch\\\/fr\\\/#\\\/schema\\\/logo\\\/image\\\/\",\"url\":\"https:\\\/\\\/shop.bantam.ch\\\/wp-content\\\/uploads\\\/2022\\\/12\\\/bantam-logo.png\",\"contentUrl\":\"https:\\\/\\\/shop.bantam.ch\\\/wp-content\\\/uploads\\\/2022\\\/12\\\/bantam-logo.png\",\"width\":320,\"height\":71,\"caption\":\"Bantam Wankm\u00fcller SA\"},\"image\":{\"@id\":\"https:\\\/\\\/shop.bantam.ch\\\/fr\\\/#\\\/schema\\\/logo\\\/image\\\/\"}}]}<\/script>\n<!-- \/ Yoast SEO plugin. -->","yoast_head_json":{"title":"Crochet de couvercle - Bantam Wankm\u00fcller SA","robots":{"index":"index","follow":"follow","max-snippet":"max-snippet:-1","max-image-preview":"max-image-preview:large","max-video-preview":"max-video-preview:-1"},"canonical":"https:\/\/shop.bantam.ch\/fr\/produit\/support-de-couvercle\/","og_locale":"fr_FR","og_type":"article","og_title":"Crochet de couvercle - Bantam Wankm\u00fcller SA","og_description":"Qui n\u2019a pas \u00e9t\u00e9 confront\u00e9 au probl\u00e8me &#8211; le barbecue termin\u00e9 &#8211; de ne pas savoir quoi faire du couvercle chaud ? Il suffit d\u2019accrocher tout simplement le couvercle dans le support et le probl\u00e8me est r\u00e9solu.Il suffit d\u2019accrocher le support en acier inoxydable entre la coque int\u00e9rieure et ext\u00e9rieure. Sert \u00e9galement de support pratique [&hellip;]","og_url":"https:\/\/shop.bantam.ch\/fr\/produit\/support-de-couvercle\/","og_site_name":"Bantam Wankm\u00fcller SA","article_modified_time":"2026-04-17T18:52:45+00:00","og_image":[{"width":1000,"height":929,"url":"https:\/\/shop.bantam.ch\/wp-content\/uploads\/2023\/02\/9912945-Cobb_Deckelhalterung-Standard-02-1.jpg","type":"image\/jpeg"}],"twitter_card":"summary_large_image","schema":{"@context":"https:\/\/schema.org","@graph":[{"@type":"WebPage","@id":"https:\/\/shop.bantam.ch\/fr\/produit\/support-de-couvercle\/","url":"https:\/\/shop.bantam.ch\/fr\/produit\/support-de-couvercle\/","name":"Crochet de couvercle - Bantam Wankm\u00fcller SA","isPartOf":{"@id":"https:\/\/shop.bantam.ch\/fr\/#website"},"primaryImageOfPage":{"@id":"https:\/\/shop.bantam.ch\/fr\/produit\/support-de-couvercle\/#primaryimage"},"image":{"@id":"https:\/\/shop.bantam.ch\/fr\/produit\/support-de-couvercle\/#primaryimage"},"thumbnailUrl":"https:\/\/shop.bantam.ch\/wp-content\/uploads\/2023\/02\/9912945-Cobb_Deckelhalterung-Standard-02-1.jpg","datePublished":"2023-02-22T19:43:53+00:00","dateModified":"2026-04-17T18:52:45+00:00","breadcrumb":{"@id":"https:\/\/shop.bantam.ch\/fr\/produit\/support-de-couvercle\/#breadcrumb"},"inLanguage":"fr-FR","potentialAction":[{"@type":"ReadAction","target":["https:\/\/shop.bantam.ch\/fr\/produit\/support-de-couvercle\/"]}]},{"@type":"ImageObject","inLanguage":"fr-FR","@id":"https:\/\/shop.bantam.ch\/fr\/produit\/support-de-couvercle\/#primaryimage","url":"https:\/\/shop.bantam.ch\/wp-content\/uploads\/2023\/02\/9912945-Cobb_Deckelhalterung-Standard-02-1.jpg","contentUrl":"https:\/\/shop.bantam.ch\/wp-content\/uploads\/2023\/02\/9912945-Cobb_Deckelhalterung-Standard-02-1.jpg","width":1000,"height":929},{"@type":"BreadcrumbList","@id":"https:\/\/shop.bantam.ch\/fr\/produit\/support-de-couvercle\/#breadcrumb","itemListElement":[{"@type":"ListItem","position":1,"name":"Accueil","item":"https:\/\/shop.bantam.ch\/fr\/"},{"@type":"ListItem","position":2,"name":"Boutique","item":"https:\/\/shop.bantam.ch\/fr\/boutique\/"},{"@type":"ListItem","position":3,"name":"Crochet de couvercle"}]},{"@type":"WebSite","@id":"https:\/\/shop.bantam.ch\/fr\/#website","url":"https:\/\/shop.bantam.ch\/fr\/","name":"Bantam Wankm\u00fcller SA","description":"","publisher":{"@id":"https:\/\/shop.bantam.ch\/fr\/#organization"},"inLanguage":"fr-FR"},{"@type":"Organization","@id":"https:\/\/shop.bantam.ch\/fr\/#organization","name":"Bantam Wankm\u00fcller SA","url":"https:\/\/shop.bantam.ch\/fr\/","logo":{"@type":"ImageObject","inLanguage":"fr-FR","@id":"https:\/\/shop.bantam.ch\/fr\/#\/schema\/logo\/image\/","url":"https:\/\/shop.bantam.ch\/wp-content\/uploads\/2022\/12\/bantam-logo.png","contentUrl":"https:\/\/shop.bantam.ch\/wp-content\/uploads\/2022\/12\/bantam-logo.png","width":320,"height":71,"caption":"Bantam Wankm\u00fcller SA"},"image":{"@id":"https:\/\/shop.bantam.ch\/fr\/#\/schema\/logo\/image\/"}}]}},"_links":{"self":[{"href":"https:\/\/shop.bantam.ch\/fr\/wp-json\/wp\/v2\/product\/39211","targetHints":{"allow":["GET"]}}],"collection":[{"href":"https:\/\/shop.bantam.ch\/fr\/wp-json\/wp\/v2\/product"}],"about":[{"href":"https:\/\/shop.bantam.ch\/fr\/wp-json\/wp\/v2\/types\/product"}],"wp:featuredmedia":[{"embeddable":true,"href":"https:\/\/shop.bantam.ch\/fr\/wp-json\/wp\/v2\/media\/39207"}],"wp:attachment":[{"href":"https:\/\/shop.bantam.ch\/fr\/wp-json\/wp\/v2\/media?parent=39211"}],"wp:term":[{"taxonomy":"product_featured_cat","embeddable":true,"href":"https:\/\/shop.bantam.ch\/fr\/wp-json\/wp\/v2\/product_featured_cat?post=39211"},{"taxonomy":"product_brand","embeddable":true,"href":"https:\/\/shop.bantam.ch\/fr\/wp-json\/wp\/v2\/product_brand?post=39211"},{"taxonomy":"product_cat","embeddable":true,"href":"https:\/\/shop.bantam.ch\/fr\/wp-json\/wp\/v2\/product_cat?post=39211"},{"taxonomy":"product_tag","embeddable":true,"href":"https:\/\/shop.bantam.ch\/fr\/wp-json\/wp\/v2\/product_tag?post=39211"}],"curies":[{"name":"wp","href":"https:\/\/api.w.org\/{rel}","templated":true}]}}