{"id":39155,"date":"2023-02-22T20:42:31","date_gmt":"2023-02-22T19:42:31","guid":{"rendered":"http:\/\/preprod-dev.sh1.hidora.com\/webshop\/produit\/support-de-charge-slideport-pour-ducato-x250-a-partir-de-07-2006-porte-a-faux-long\/"},"modified":"2026-04-17T20:52:38","modified_gmt":"2026-04-17T18:52:38","slug":"support-de-charge-slideport-pour-ducato-x250-a-partir-de-07-2006-porte-a-faux-long","status":"publish","type":"product","link":"https:\/\/shop.bantam.ch\/fr\/produit\/support-de-charge-slideport-pour-ducato-x250-a-partir-de-07-2006-porte-a-faux-long\/","title":{"rendered":"Porte moto SlidePort pour fourgon Ducato L4"},"content":{"rendered":"<p>Syst\u00e8me de porte-charges essentiellement compos\u00e9 d\u2018aluminium sp\u00e9cialement con\u00e7u pour les utilitaires Fiat Ducato \u00e0 partir de 07\/2006. Gr\u00e2ce au m\u00e9canisme coulissant sur roulement \u00e0 billes, vous pouvez d\u00e9placer sans effort la plateforme vers la gauche, m\u00eame quand elle est charg\u00e9e. Elle donne ainsi acc\u00e8s aux portes arri\u00e8res pour atteindre les bouteilles de gaz, les toilettes \u00e0 cassette et l\u2018espace de rangement. Attacher la sangle de guidon et les sangles suppl\u00e9mentaires sur le syst\u00e8me \u00e0 \u00e9crous \u00e9prouv\u00e9 de Linnepe permet aux deux-roues une tenue fixe sur la plateforme sans \u00e9trier de support. La rampe de mont\u00e9e dispara\u00eet dans un tiroir sous le porte-charges amovible sans outil.<\/p>\n<p>Contenu de la livraison :<br \/>avec \u0153illets d\u2018arrimage, une sangle pour guidon, 2 sangles de 2 m, 2 sangles pour fixer les roues et 1 rampe de mont\u00e9e.<\/p>\n<ul>\n<li>Porte-\u00e0-faux : 138 cm<\/li>\n<\/ul>\n","protected":false},"excerpt":{"rendered":"<p>Syst\u00e8me de porte-charges essentiellement compos\u00e9 d\u2018aluminium sp\u00e9cialement con\u00e7u pour les utilitaires Fiat Ducato \u00e0 partir de 07\/2006. Gr\u00e2ce au m\u00e9canisme coulissant sur roulement \u00e0 billes, vous pouvez d\u00e9placer sans effort la plateforme vers la gauche, m\u00eame quand elle est charg\u00e9e. Elle donne ainsi acc\u00e8s aux portes arri\u00e8res pour atteindre les bouteilles de gaz, les toilettes [&hellip;]<\/p>\n","protected":false},"featured_media":39147,"template":"","meta":{"_acf_changed":false},"product_featured_cat":[],"product_brand":[3146],"product_cat":[5137],"product_tag":[],"class_list":{"0":"post-39155","1":"product","2":"type-product","3":"status-publish","4":"has-post-thumbnail","6":"product_brand-linnepe","7":"product_cat-porte-velos-arriere","9":"first","10":"instock","11":"taxable","12":"shipping-taxable","13":"purchasable","14":"product-type-simple"},"acf":[],"yoast_head":"<!-- This site is optimized with the Yoast SEO plugin v27.4 - https:\/\/yoast.com\/product\/yoast-seo-wordpress\/ -->\n<title>Porte moto SlidePort pour fourgon Ducato L4 - Bantam Wankm\u00fcller SA<\/title>\n<meta name=\"robots\" content=\"index, follow, max-snippet:-1, max-image-preview:large, max-video-preview:-1\" \/>\n<link rel=\"canonical\" href=\"https:\/\/shop.bantam.ch\/fr\/produit\/support-de-charge-slideport-pour-ducato-x250-a-partir-de-07-2006-porte-a-faux-long\/\" \/>\n<meta property=\"og:locale\" content=\"fr_FR\" \/>\n<meta property=\"og:type\" content=\"article\" \/>\n<meta property=\"og:title\" content=\"Porte moto SlidePort pour fourgon Ducato L4 - Bantam Wankm\u00fcller SA\" \/>\n<meta property=\"og:description\" content=\"Syst\u00e8me de porte-charges essentiellement compos\u00e9 d\u2018aluminium sp\u00e9cialement con\u00e7u pour les utilitaires Fiat Ducato \u00e0 partir de 07\/2006. Gr\u00e2ce au m\u00e9canisme coulissant sur roulement \u00e0 billes, vous pouvez d\u00e9placer sans effort la plateforme vers la gauche, m\u00eame quand elle est charg\u00e9e. Elle donne ainsi acc\u00e8s aux portes arri\u00e8res pour atteindre les bouteilles de gaz, les toilettes [&hellip;]\" \/>\n<meta property=\"og:url\" content=\"https:\/\/shop.bantam.ch\/fr\/produit\/support-de-charge-slideport-pour-ducato-x250-a-partir-de-07-2006-porte-a-faux-long\/\" \/>\n<meta property=\"og:site_name\" content=\"Bantam Wankm\u00fcller SA\" \/>\n<meta property=\"article:modified_time\" content=\"2026-04-17T18:52:38+00:00\" \/>\n<meta property=\"og:image\" content=\"https:\/\/shop.bantam.ch\/wp-content\/uploads\/2023\/02\/9919544-Lastentraeger_SlidePort_fuer_Fiat_Ducato_X250_langer_Ueberhang-Standard-01-1.jpg\" \/>\n\t<meta property=\"og:image:width\" content=\"1000\" \/>\n\t<meta property=\"og:image:height\" content=\"750\" \/>\n\t<meta property=\"og:image:type\" content=\"image\/jpeg\" \/>\n<meta name=\"twitter:card\" content=\"summary_large_image\" \/>\n<meta name=\"twitter:label1\" content=\"Dur\u00e9e de lecture estim\u00e9e\" \/>\n\t<meta name=\"twitter:data1\" content=\"1 minute\" \/>\n<script type=\"application\/ld+json\" class=\"yoast-schema-graph\">{\"@context\":\"https:\\\/\\\/schema.org\",\"@graph\":[{\"@type\":\"WebPage\",\"@id\":\"https:\\\/\\\/shop.bantam.ch\\\/fr\\\/produit\\\/support-de-charge-slideport-pour-ducato-x250-a-partir-de-07-2006-porte-a-faux-long\\\/\",\"url\":\"https:\\\/\\\/shop.bantam.ch\\\/fr\\\/produit\\\/support-de-charge-slideport-pour-ducato-x250-a-partir-de-07-2006-porte-a-faux-long\\\/\",\"name\":\"Porte moto SlidePort pour fourgon Ducato L4 - Bantam Wankm\u00fcller SA\",\"isPartOf\":{\"@id\":\"https:\\\/\\\/shop.bantam.ch\\\/fr\\\/#website\"},\"primaryImageOfPage\":{\"@id\":\"https:\\\/\\\/shop.bantam.ch\\\/fr\\\/produit\\\/support-de-charge-slideport-pour-ducato-x250-a-partir-de-07-2006-porte-a-faux-long\\\/#primaryimage\"},\"image\":{\"@id\":\"https:\\\/\\\/shop.bantam.ch\\\/fr\\\/produit\\\/support-de-charge-slideport-pour-ducato-x250-a-partir-de-07-2006-porte-a-faux-long\\\/#primaryimage\"},\"thumbnailUrl\":\"https:\\\/\\\/shop.bantam.ch\\\/wp-content\\\/uploads\\\/2023\\\/02\\\/9919544-Lastentraeger_SlidePort_fuer_Fiat_Ducato_X250_langer_Ueberhang-Standard-01-1.jpg\",\"datePublished\":\"2023-02-22T19:42:31+00:00\",\"dateModified\":\"2026-04-17T18:52:38+00:00\",\"breadcrumb\":{\"@id\":\"https:\\\/\\\/shop.bantam.ch\\\/fr\\\/produit\\\/support-de-charge-slideport-pour-ducato-x250-a-partir-de-07-2006-porte-a-faux-long\\\/#breadcrumb\"},\"inLanguage\":\"fr-FR\",\"potentialAction\":[{\"@type\":\"ReadAction\",\"target\":[\"https:\\\/\\\/shop.bantam.ch\\\/fr\\\/produit\\\/support-de-charge-slideport-pour-ducato-x250-a-partir-de-07-2006-porte-a-faux-long\\\/\"]}]},{\"@type\":\"ImageObject\",\"inLanguage\":\"fr-FR\",\"@id\":\"https:\\\/\\\/shop.bantam.ch\\\/fr\\\/produit\\\/support-de-charge-slideport-pour-ducato-x250-a-partir-de-07-2006-porte-a-faux-long\\\/#primaryimage\",\"url\":\"https:\\\/\\\/shop.bantam.ch\\\/wp-content\\\/uploads\\\/2023\\\/02\\\/9919544-Lastentraeger_SlidePort_fuer_Fiat_Ducato_X250_langer_Ueberhang-Standard-01-1.jpg\",\"contentUrl\":\"https:\\\/\\\/shop.bantam.ch\\\/wp-content\\\/uploads\\\/2023\\\/02\\\/9919544-Lastentraeger_SlidePort_fuer_Fiat_Ducato_X250_langer_Ueberhang-Standard-01-1.jpg\",\"width\":1000,\"height\":750},{\"@type\":\"BreadcrumbList\",\"@id\":\"https:\\\/\\\/shop.bantam.ch\\\/fr\\\/produit\\\/support-de-charge-slideport-pour-ducato-x250-a-partir-de-07-2006-porte-a-faux-long\\\/#breadcrumb\",\"itemListElement\":[{\"@type\":\"ListItem\",\"position\":1,\"name\":\"Accueil\",\"item\":\"https:\\\/\\\/shop.bantam.ch\\\/fr\\\/\"},{\"@type\":\"ListItem\",\"position\":2,\"name\":\"Boutique\",\"item\":\"https:\\\/\\\/shop.bantam.ch\\\/fr\\\/boutique\\\/\"},{\"@type\":\"ListItem\",\"position\":3,\"name\":\"Porte moto SlidePort pour fourgon Ducato L4\"}]},{\"@type\":\"WebSite\",\"@id\":\"https:\\\/\\\/shop.bantam.ch\\\/fr\\\/#website\",\"url\":\"https:\\\/\\\/shop.bantam.ch\\\/fr\\\/\",\"name\":\"Bantam Wankm\u00fcller SA\",\"description\":\"\",\"publisher\":{\"@id\":\"https:\\\/\\\/shop.bantam.ch\\\/fr\\\/#organization\"},\"inLanguage\":\"fr-FR\"},{\"@type\":\"Organization\",\"@id\":\"https:\\\/\\\/shop.bantam.ch\\\/fr\\\/#organization\",\"name\":\"Bantam Wankm\u00fcller SA\",\"url\":\"https:\\\/\\\/shop.bantam.ch\\\/fr\\\/\",\"logo\":{\"@type\":\"ImageObject\",\"inLanguage\":\"fr-FR\",\"@id\":\"https:\\\/\\\/shop.bantam.ch\\\/fr\\\/#\\\/schema\\\/logo\\\/image\\\/\",\"url\":\"https:\\\/\\\/shop.bantam.ch\\\/wp-content\\\/uploads\\\/2022\\\/12\\\/bantam-logo.png\",\"contentUrl\":\"https:\\\/\\\/shop.bantam.ch\\\/wp-content\\\/uploads\\\/2022\\\/12\\\/bantam-logo.png\",\"width\":320,\"height\":71,\"caption\":\"Bantam Wankm\u00fcller SA\"},\"image\":{\"@id\":\"https:\\\/\\\/shop.bantam.ch\\\/fr\\\/#\\\/schema\\\/logo\\\/image\\\/\"}}]}<\/script>\n<!-- \/ Yoast SEO plugin. -->","yoast_head_json":{"title":"Porte moto SlidePort pour fourgon Ducato L4 - Bantam Wankm\u00fcller SA","robots":{"index":"index","follow":"follow","max-snippet":"max-snippet:-1","max-image-preview":"max-image-preview:large","max-video-preview":"max-video-preview:-1"},"canonical":"https:\/\/shop.bantam.ch\/fr\/produit\/support-de-charge-slideport-pour-ducato-x250-a-partir-de-07-2006-porte-a-faux-long\/","og_locale":"fr_FR","og_type":"article","og_title":"Porte moto SlidePort pour fourgon Ducato L4 - Bantam Wankm\u00fcller SA","og_description":"Syst\u00e8me de porte-charges essentiellement compos\u00e9 d\u2018aluminium sp\u00e9cialement con\u00e7u pour les utilitaires Fiat Ducato \u00e0 partir de 07\/2006. Gr\u00e2ce au m\u00e9canisme coulissant sur roulement \u00e0 billes, vous pouvez d\u00e9placer sans effort la plateforme vers la gauche, m\u00eame quand elle est charg\u00e9e. Elle donne ainsi acc\u00e8s aux portes arri\u00e8res pour atteindre les bouteilles de gaz, les toilettes [&hellip;]","og_url":"https:\/\/shop.bantam.ch\/fr\/produit\/support-de-charge-slideport-pour-ducato-x250-a-partir-de-07-2006-porte-a-faux-long\/","og_site_name":"Bantam Wankm\u00fcller SA","article_modified_time":"2026-04-17T18:52:38+00:00","og_image":[{"width":1000,"height":750,"url":"https:\/\/shop.bantam.ch\/wp-content\/uploads\/2023\/02\/9919544-Lastentraeger_SlidePort_fuer_Fiat_Ducato_X250_langer_Ueberhang-Standard-01-1.jpg","type":"image\/jpeg"}],"twitter_card":"summary_large_image","twitter_misc":{"Dur\u00e9e de lecture estim\u00e9e":"1 minute"},"schema":{"@context":"https:\/\/schema.org","@graph":[{"@type":"WebPage","@id":"https:\/\/shop.bantam.ch\/fr\/produit\/support-de-charge-slideport-pour-ducato-x250-a-partir-de-07-2006-porte-a-faux-long\/","url":"https:\/\/shop.bantam.ch\/fr\/produit\/support-de-charge-slideport-pour-ducato-x250-a-partir-de-07-2006-porte-a-faux-long\/","name":"Porte moto SlidePort pour fourgon Ducato L4 - Bantam Wankm\u00fcller SA","isPartOf":{"@id":"https:\/\/shop.bantam.ch\/fr\/#website"},"primaryImageOfPage":{"@id":"https:\/\/shop.bantam.ch\/fr\/produit\/support-de-charge-slideport-pour-ducato-x250-a-partir-de-07-2006-porte-a-faux-long\/#primaryimage"},"image":{"@id":"https:\/\/shop.bantam.ch\/fr\/produit\/support-de-charge-slideport-pour-ducato-x250-a-partir-de-07-2006-porte-a-faux-long\/#primaryimage"},"thumbnailUrl":"https:\/\/shop.bantam.ch\/wp-content\/uploads\/2023\/02\/9919544-Lastentraeger_SlidePort_fuer_Fiat_Ducato_X250_langer_Ueberhang-Standard-01-1.jpg","datePublished":"2023-02-22T19:42:31+00:00","dateModified":"2026-04-17T18:52:38+00:00","breadcrumb":{"@id":"https:\/\/shop.bantam.ch\/fr\/produit\/support-de-charge-slideport-pour-ducato-x250-a-partir-de-07-2006-porte-a-faux-long\/#breadcrumb"},"inLanguage":"fr-FR","potentialAction":[{"@type":"ReadAction","target":["https:\/\/shop.bantam.ch\/fr\/produit\/support-de-charge-slideport-pour-ducato-x250-a-partir-de-07-2006-porte-a-faux-long\/"]}]},{"@type":"ImageObject","inLanguage":"fr-FR","@id":"https:\/\/shop.bantam.ch\/fr\/produit\/support-de-charge-slideport-pour-ducato-x250-a-partir-de-07-2006-porte-a-faux-long\/#primaryimage","url":"https:\/\/shop.bantam.ch\/wp-content\/uploads\/2023\/02\/9919544-Lastentraeger_SlidePort_fuer_Fiat_Ducato_X250_langer_Ueberhang-Standard-01-1.jpg","contentUrl":"https:\/\/shop.bantam.ch\/wp-content\/uploads\/2023\/02\/9919544-Lastentraeger_SlidePort_fuer_Fiat_Ducato_X250_langer_Ueberhang-Standard-01-1.jpg","width":1000,"height":750},{"@type":"BreadcrumbList","@id":"https:\/\/shop.bantam.ch\/fr\/produit\/support-de-charge-slideport-pour-ducato-x250-a-partir-de-07-2006-porte-a-faux-long\/#breadcrumb","itemListElement":[{"@type":"ListItem","position":1,"name":"Accueil","item":"https:\/\/shop.bantam.ch\/fr\/"},{"@type":"ListItem","position":2,"name":"Boutique","item":"https:\/\/shop.bantam.ch\/fr\/boutique\/"},{"@type":"ListItem","position":3,"name":"Porte moto SlidePort pour fourgon Ducato L4"}]},{"@type":"WebSite","@id":"https:\/\/shop.bantam.ch\/fr\/#website","url":"https:\/\/shop.bantam.ch\/fr\/","name":"Bantam Wankm\u00fcller SA","description":"","publisher":{"@id":"https:\/\/shop.bantam.ch\/fr\/#organization"},"inLanguage":"fr-FR"},{"@type":"Organization","@id":"https:\/\/shop.bantam.ch\/fr\/#organization","name":"Bantam Wankm\u00fcller SA","url":"https:\/\/shop.bantam.ch\/fr\/","logo":{"@type":"ImageObject","inLanguage":"fr-FR","@id":"https:\/\/shop.bantam.ch\/fr\/#\/schema\/logo\/image\/","url":"https:\/\/shop.bantam.ch\/wp-content\/uploads\/2022\/12\/bantam-logo.png","contentUrl":"https:\/\/shop.bantam.ch\/wp-content\/uploads\/2022\/12\/bantam-logo.png","width":320,"height":71,"caption":"Bantam Wankm\u00fcller SA"},"image":{"@id":"https:\/\/shop.bantam.ch\/fr\/#\/schema\/logo\/image\/"}}]}},"_links":{"self":[{"href":"https:\/\/shop.bantam.ch\/fr\/wp-json\/wp\/v2\/product\/39155","targetHints":{"allow":["GET"]}}],"collection":[{"href":"https:\/\/shop.bantam.ch\/fr\/wp-json\/wp\/v2\/product"}],"about":[{"href":"https:\/\/shop.bantam.ch\/fr\/wp-json\/wp\/v2\/types\/product"}],"wp:featuredmedia":[{"embeddable":true,"href":"https:\/\/shop.bantam.ch\/fr\/wp-json\/wp\/v2\/media\/39147"}],"wp:attachment":[{"href":"https:\/\/shop.bantam.ch\/fr\/wp-json\/wp\/v2\/media?parent=39155"}],"wp:term":[{"taxonomy":"product_featured_cat","embeddable":true,"href":"https:\/\/shop.bantam.ch\/fr\/wp-json\/wp\/v2\/product_featured_cat?post=39155"},{"taxonomy":"product_brand","embeddable":true,"href":"https:\/\/shop.bantam.ch\/fr\/wp-json\/wp\/v2\/product_brand?post=39155"},{"taxonomy":"product_cat","embeddable":true,"href":"https:\/\/shop.bantam.ch\/fr\/wp-json\/wp\/v2\/product_cat?post=39155"},{"taxonomy":"product_tag","embeddable":true,"href":"https:\/\/shop.bantam.ch\/fr\/wp-json\/wp\/v2\/product_tag?post=39155"}],"curies":[{"name":"wp","href":"https:\/\/api.w.org\/{rel}","templated":true}]}}