{"id":38851,"date":"2023-02-22T20:37:11","date_gmt":"2023-02-22T19:37:11","guid":{"rendered":"http:\/\/preprod-dev.sh1.hidora.com\/webshop\/produit\/systeme-de-fixation-strap-kit-pour-organisateur\/"},"modified":"2026-05-11T20:52:34","modified_gmt":"2026-05-11T18:52:34","slug":"systeme-de-fixation-strap-kit-pour-organisateur","status":"publish","type":"product","link":"https:\/\/shop.bantam.ch\/fr\/produit\/systeme-de-fixation-strap-kit-pour-organisateur\/","title":{"rendered":"Syst\u00e8me de fixation Thule Strap Kit pour l\u2019organisateur Contenu 2 pcs."},"content":{"rendered":"<p>Facile \u00e0 utiliser gr\u00e2ce \u00e0 des solutions de fixation sp\u00e9cialement d\u00e9velopp\u00e9es.<\/p>\n<p>\u00a0<\/p>\n<ul>\n<li>Installation sur n\u2019importe quel rail de caravane ou rail avant de store<\/li>\n<li>Charge remorqu\u00e9e Capacit\u00e9 de charge 10 kg\/sangle<\/li>\n<li>Syst\u00e8me de montage rapide<\/li>\n<\/ul>\n<p>\u00a0<\/p>\n<p>Capacit\u00e9\u00a0:<br \/>Lot de 2 pi\u00e8ces<\/p>\n","protected":false},"excerpt":{"rendered":"<p>Facile \u00e0 utiliser gr\u00e2ce \u00e0 des solutions de fixation sp\u00e9cialement d\u00e9velopp\u00e9es. \u00a0 Installation sur n\u2019importe quel rail de caravane ou rail avant de store Charge remorqu\u00e9e Capacit\u00e9 de charge 10 kg\/sangle Syst\u00e8me de montage rapide \u00a0 Capacit\u00e9\u00a0:Lot de 2 pi\u00e8ces<\/p>\n","protected":false},"featured_media":38847,"template":"","meta":{"_acf_changed":false},"product_featured_cat":[],"product_brand":[3046],"product_cat":[4733],"product_tag":[],"class_list":{"0":"post-38851","1":"product","2":"type-product","3":"status-publish","4":"has-post-thumbnail","6":"product_brand-thule","7":"product_cat-supports-et-crochets","9":"first","10":"instock","11":"taxable","12":"shipping-taxable","13":"purchasable","14":"product-type-simple"},"acf":[],"yoast_head":"<!-- This site is optimized with the Yoast SEO plugin v27.5 - https:\/\/yoast.com\/product\/yoast-seo-wordpress\/ -->\n<title>Syst\u00e8me de fixation Thule Strap Kit pour l\u2019organisateur Contenu 2 pcs. - Bantam<\/title>\n<meta name=\"robots\" content=\"index, follow, max-snippet:-1, max-image-preview:large, max-video-preview:-1\" \/>\n<link rel=\"canonical\" href=\"https:\/\/shop.bantam.ch\/fr\/produit\/systeme-de-fixation-strap-kit-pour-organisateur\/\" \/>\n<meta property=\"og:locale\" content=\"fr_FR\" \/>\n<meta property=\"og:type\" content=\"article\" \/>\n<meta property=\"og:title\" content=\"Syst\u00e8me de fixation Thule Strap Kit pour l\u2019organisateur Contenu 2 pcs. - Bantam\" \/>\n<meta property=\"og:description\" content=\"Facile \u00e0 utiliser gr\u00e2ce \u00e0 des solutions de fixation sp\u00e9cialement d\u00e9velopp\u00e9es. \u00a0 Installation sur n\u2019importe quel rail de caravane ou rail avant de store Charge remorqu\u00e9e Capacit\u00e9 de charge 10 kg\/sangle Syst\u00e8me de montage rapide \u00a0 Capacit\u00e9\u00a0:Lot de 2 pi\u00e8ces\" \/>\n<meta property=\"og:url\" content=\"https:\/\/shop.bantam.ch\/fr\/produit\/systeme-de-fixation-strap-kit-pour-organisateur\/\" \/>\n<meta property=\"og:site_name\" content=\"Bantam\" \/>\n<meta property=\"article:modified_time\" content=\"2026-05-11T18:52:34+00:00\" \/>\n<meta property=\"og:image\" content=\"https:\/\/shop.bantam.ch\/wp-content\/uploads\/2023\/02\/9917955-100-1-3-2.jpg\" \/>\n\t<meta property=\"og:image:width\" content=\"1000\" \/>\n\t<meta property=\"og:image:height\" content=\"667\" \/>\n\t<meta property=\"og:image:type\" content=\"image\/jpeg\" \/>\n<meta name=\"twitter:card\" content=\"summary_large_image\" \/>\n<script type=\"application\/ld+json\" class=\"yoast-schema-graph\">{\"@context\":\"https:\\\/\\\/schema.org\",\"@graph\":[{\"@type\":\"WebPage\",\"@id\":\"https:\\\/\\\/shop.bantam.ch\\\/fr\\\/produit\\\/systeme-de-fixation-strap-kit-pour-organisateur\\\/\",\"url\":\"https:\\\/\\\/shop.bantam.ch\\\/fr\\\/produit\\\/systeme-de-fixation-strap-kit-pour-organisateur\\\/\",\"name\":\"Syst\u00e8me de fixation Thule Strap Kit pour l\u2019organisateur Contenu 2 pcs. - Bantam\",\"isPartOf\":{\"@id\":\"https:\\\/\\\/shop.bantam.ch\\\/fr\\\/#website\"},\"primaryImageOfPage\":{\"@id\":\"https:\\\/\\\/shop.bantam.ch\\\/fr\\\/produit\\\/systeme-de-fixation-strap-kit-pour-organisateur\\\/#primaryimage\"},\"image\":{\"@id\":\"https:\\\/\\\/shop.bantam.ch\\\/fr\\\/produit\\\/systeme-de-fixation-strap-kit-pour-organisateur\\\/#primaryimage\"},\"thumbnailUrl\":\"https:\\\/\\\/shop.bantam.ch\\\/wp-content\\\/uploads\\\/2023\\\/02\\\/9917955-100-1-3-2.jpg\",\"datePublished\":\"2023-02-22T19:37:11+00:00\",\"dateModified\":\"2026-05-11T18:52:34+00:00\",\"breadcrumb\":{\"@id\":\"https:\\\/\\\/shop.bantam.ch\\\/fr\\\/produit\\\/systeme-de-fixation-strap-kit-pour-organisateur\\\/#breadcrumb\"},\"inLanguage\":\"fr-FR\",\"potentialAction\":[{\"@type\":\"ReadAction\",\"target\":[\"https:\\\/\\\/shop.bantam.ch\\\/fr\\\/produit\\\/systeme-de-fixation-strap-kit-pour-organisateur\\\/\"]}]},{\"@type\":\"ImageObject\",\"inLanguage\":\"fr-FR\",\"@id\":\"https:\\\/\\\/shop.bantam.ch\\\/fr\\\/produit\\\/systeme-de-fixation-strap-kit-pour-organisateur\\\/#primaryimage\",\"url\":\"https:\\\/\\\/shop.bantam.ch\\\/wp-content\\\/uploads\\\/2023\\\/02\\\/9917955-100-1-3-2.jpg\",\"contentUrl\":\"https:\\\/\\\/shop.bantam.ch\\\/wp-content\\\/uploads\\\/2023\\\/02\\\/9917955-100-1-3-2.jpg\",\"width\":1000,\"height\":667},{\"@type\":\"BreadcrumbList\",\"@id\":\"https:\\\/\\\/shop.bantam.ch\\\/fr\\\/produit\\\/systeme-de-fixation-strap-kit-pour-organisateur\\\/#breadcrumb\",\"itemListElement\":[{\"@type\":\"ListItem\",\"position\":1,\"name\":\"Accueil\",\"item\":\"https:\\\/\\\/shop.bantam.ch\\\/fr\\\/\"},{\"@type\":\"ListItem\",\"position\":2,\"name\":\"Boutique\",\"item\":\"https:\\\/\\\/shop.bantam.ch\\\/fr\\\/boutique\\\/\"},{\"@type\":\"ListItem\",\"position\":3,\"name\":\"Syst\u00e8me de fixation Thule Strap Kit pour l\u2019organisateur Contenu 2 pcs.\"}]},{\"@type\":\"WebSite\",\"@id\":\"https:\\\/\\\/shop.bantam.ch\\\/fr\\\/#website\",\"url\":\"https:\\\/\\\/shop.bantam.ch\\\/fr\\\/\",\"name\":\"Bantam\",\"description\":\"\",\"publisher\":{\"@id\":\"https:\\\/\\\/shop.bantam.ch\\\/fr\\\/#organization\"},\"inLanguage\":\"fr-FR\"},{\"@type\":\"Organization\",\"@id\":\"https:\\\/\\\/shop.bantam.ch\\\/fr\\\/#organization\",\"name\":\"Bantam\",\"url\":\"https:\\\/\\\/shop.bantam.ch\\\/fr\\\/\",\"logo\":{\"@type\":\"ImageObject\",\"inLanguage\":\"fr-FR\",\"@id\":\"https:\\\/\\\/shop.bantam.ch\\\/fr\\\/#\\\/schema\\\/logo\\\/image\\\/\",\"url\":\"https:\\\/\\\/shop.bantam.ch\\\/wp-content\\\/uploads\\\/2022\\\/12\\\/bantam-logo.png\",\"contentUrl\":\"https:\\\/\\\/shop.bantam.ch\\\/wp-content\\\/uploads\\\/2022\\\/12\\\/bantam-logo.png\",\"width\":320,\"height\":71,\"caption\":\"Bantam\"},\"image\":{\"@id\":\"https:\\\/\\\/shop.bantam.ch\\\/fr\\\/#\\\/schema\\\/logo\\\/image\\\/\"}}]}<\/script>\n<!-- \/ Yoast SEO plugin. -->","yoast_head_json":{"title":"Syst\u00e8me de fixation Thule Strap Kit pour l\u2019organisateur Contenu 2 pcs. - Bantam","robots":{"index":"index","follow":"follow","max-snippet":"max-snippet:-1","max-image-preview":"max-image-preview:large","max-video-preview":"max-video-preview:-1"},"canonical":"https:\/\/shop.bantam.ch\/fr\/produit\/systeme-de-fixation-strap-kit-pour-organisateur\/","og_locale":"fr_FR","og_type":"article","og_title":"Syst\u00e8me de fixation Thule Strap Kit pour l\u2019organisateur Contenu 2 pcs. - Bantam","og_description":"Facile \u00e0 utiliser gr\u00e2ce \u00e0 des solutions de fixation sp\u00e9cialement d\u00e9velopp\u00e9es. \u00a0 Installation sur n\u2019importe quel rail de caravane ou rail avant de store Charge remorqu\u00e9e Capacit\u00e9 de charge 10 kg\/sangle Syst\u00e8me de montage rapide \u00a0 Capacit\u00e9\u00a0:Lot de 2 pi\u00e8ces","og_url":"https:\/\/shop.bantam.ch\/fr\/produit\/systeme-de-fixation-strap-kit-pour-organisateur\/","og_site_name":"Bantam","article_modified_time":"2026-05-11T18:52:34+00:00","og_image":[{"width":1000,"height":667,"url":"https:\/\/shop.bantam.ch\/wp-content\/uploads\/2023\/02\/9917955-100-1-3-2.jpg","type":"image\/jpeg"}],"twitter_card":"summary_large_image","schema":{"@context":"https:\/\/schema.org","@graph":[{"@type":"WebPage","@id":"https:\/\/shop.bantam.ch\/fr\/produit\/systeme-de-fixation-strap-kit-pour-organisateur\/","url":"https:\/\/shop.bantam.ch\/fr\/produit\/systeme-de-fixation-strap-kit-pour-organisateur\/","name":"Syst\u00e8me de fixation Thule Strap Kit pour l\u2019organisateur Contenu 2 pcs. - Bantam","isPartOf":{"@id":"https:\/\/shop.bantam.ch\/fr\/#website"},"primaryImageOfPage":{"@id":"https:\/\/shop.bantam.ch\/fr\/produit\/systeme-de-fixation-strap-kit-pour-organisateur\/#primaryimage"},"image":{"@id":"https:\/\/shop.bantam.ch\/fr\/produit\/systeme-de-fixation-strap-kit-pour-organisateur\/#primaryimage"},"thumbnailUrl":"https:\/\/shop.bantam.ch\/wp-content\/uploads\/2023\/02\/9917955-100-1-3-2.jpg","datePublished":"2023-02-22T19:37:11+00:00","dateModified":"2026-05-11T18:52:34+00:00","breadcrumb":{"@id":"https:\/\/shop.bantam.ch\/fr\/produit\/systeme-de-fixation-strap-kit-pour-organisateur\/#breadcrumb"},"inLanguage":"fr-FR","potentialAction":[{"@type":"ReadAction","target":["https:\/\/shop.bantam.ch\/fr\/produit\/systeme-de-fixation-strap-kit-pour-organisateur\/"]}]},{"@type":"ImageObject","inLanguage":"fr-FR","@id":"https:\/\/shop.bantam.ch\/fr\/produit\/systeme-de-fixation-strap-kit-pour-organisateur\/#primaryimage","url":"https:\/\/shop.bantam.ch\/wp-content\/uploads\/2023\/02\/9917955-100-1-3-2.jpg","contentUrl":"https:\/\/shop.bantam.ch\/wp-content\/uploads\/2023\/02\/9917955-100-1-3-2.jpg","width":1000,"height":667},{"@type":"BreadcrumbList","@id":"https:\/\/shop.bantam.ch\/fr\/produit\/systeme-de-fixation-strap-kit-pour-organisateur\/#breadcrumb","itemListElement":[{"@type":"ListItem","position":1,"name":"Accueil","item":"https:\/\/shop.bantam.ch\/fr\/"},{"@type":"ListItem","position":2,"name":"Boutique","item":"https:\/\/shop.bantam.ch\/fr\/boutique\/"},{"@type":"ListItem","position":3,"name":"Syst\u00e8me de fixation Thule Strap Kit pour l\u2019organisateur Contenu 2 pcs."}]},{"@type":"WebSite","@id":"https:\/\/shop.bantam.ch\/fr\/#website","url":"https:\/\/shop.bantam.ch\/fr\/","name":"Bantam","description":"","publisher":{"@id":"https:\/\/shop.bantam.ch\/fr\/#organization"},"inLanguage":"fr-FR"},{"@type":"Organization","@id":"https:\/\/shop.bantam.ch\/fr\/#organization","name":"Bantam","url":"https:\/\/shop.bantam.ch\/fr\/","logo":{"@type":"ImageObject","inLanguage":"fr-FR","@id":"https:\/\/shop.bantam.ch\/fr\/#\/schema\/logo\/image\/","url":"https:\/\/shop.bantam.ch\/wp-content\/uploads\/2022\/12\/bantam-logo.png","contentUrl":"https:\/\/shop.bantam.ch\/wp-content\/uploads\/2022\/12\/bantam-logo.png","width":320,"height":71,"caption":"Bantam"},"image":{"@id":"https:\/\/shop.bantam.ch\/fr\/#\/schema\/logo\/image\/"}}]}},"_links":{"self":[{"href":"https:\/\/shop.bantam.ch\/fr\/wp-json\/wp\/v2\/product\/38851","targetHints":{"allow":["GET"]}}],"collection":[{"href":"https:\/\/shop.bantam.ch\/fr\/wp-json\/wp\/v2\/product"}],"about":[{"href":"https:\/\/shop.bantam.ch\/fr\/wp-json\/wp\/v2\/types\/product"}],"wp:featuredmedia":[{"embeddable":true,"href":"https:\/\/shop.bantam.ch\/fr\/wp-json\/wp\/v2\/media\/38847"}],"wp:attachment":[{"href":"https:\/\/shop.bantam.ch\/fr\/wp-json\/wp\/v2\/media?parent=38851"}],"wp:term":[{"taxonomy":"product_featured_cat","embeddable":true,"href":"https:\/\/shop.bantam.ch\/fr\/wp-json\/wp\/v2\/product_featured_cat?post=38851"},{"taxonomy":"product_brand","embeddable":true,"href":"https:\/\/shop.bantam.ch\/fr\/wp-json\/wp\/v2\/product_brand?post=38851"},{"taxonomy":"product_cat","embeddable":true,"href":"https:\/\/shop.bantam.ch\/fr\/wp-json\/wp\/v2\/product_cat?post=38851"},{"taxonomy":"product_tag","embeddable":true,"href":"https:\/\/shop.bantam.ch\/fr\/wp-json\/wp\/v2\/product_tag?post=38851"}],"curies":[{"name":"wp","href":"https:\/\/api.w.org\/{rel}","templated":true}]}}