{"id":38631,"date":"2023-02-22T20:30:13","date_gmt":"2023-02-22T19:30:13","guid":{"rendered":"http:\/\/preprod-dev.sh1.hidora.com\/webshop\/produit\/traverse-future\/"},"modified":"2026-04-18T20:52:34","modified_gmt":"2026-04-18T18:52:34","slug":"traverse-future","status":"publish","type":"product","link":"https:\/\/shop.bantam.ch\/fr\/produit\/traverse-future\/","title":{"rendered":"Barre transversale EuroCarry Future"},"content":{"rendered":"<p>Les traverses de 2,40\u00a0m peuvent \u00eatre raccourcies en cas de besoin et \u00eatre r\u00e9gl\u00e9es en continu lorsqu\u2019elles sont gliss\u00e9es dans la rainure continue de la galerie EuroCarry FUTURE. Plusieurs traverses EuroCarry cr\u00e9ent un v\u00e9ritable syst\u00e8me de traverses sur le toit. La rainure norm\u00e9e (largeur\u00a0: 25\u00a0mm) de la traverse m\u00eame est adapt\u00e9e pour recevoir des syst\u00e8mes porteurs, comme par ex. des porte-planches de surf, des modules solaires, etc.<\/p>\n<p>Contenu de la livraison : 2 pi\u00e8ces de profils en aluminium anodis\u00e9 avec mat\u00e9riel de montage.<\/p>\n","protected":false},"excerpt":{"rendered":"<p>Les traverses de 2,40\u00a0m peuvent \u00eatre raccourcies en cas de besoin et \u00eatre r\u00e9gl\u00e9es en continu lorsqu\u2019elles sont gliss\u00e9es dans la rainure continue de la galerie EuroCarry FUTURE. Plusieurs traverses EuroCarry cr\u00e9ent un v\u00e9ritable syst\u00e8me de traverses sur le toit. La rainure norm\u00e9e (largeur\u00a0: 25\u00a0mm) de la traverse m\u00eame est adapt\u00e9e pour recevoir des syst\u00e8mes [&hellip;]<\/p>\n","protected":false},"featured_media":38627,"template":"","meta":{"_acf_changed":false},"product_featured_cat":[],"product_brand":[3226],"product_cat":[4797],"product_tag":[],"class_list":{"0":"post-38631","1":"product","2":"type-product","3":"status-publish","4":"has-post-thumbnail","6":"product_brand-eurocarry","7":"product_cat-rampes-de-toit-et-supports","9":"first","10":"instock","11":"taxable","12":"shipping-taxable","13":"purchasable","14":"product-type-simple"},"acf":[],"yoast_head":"<!-- This site is optimized with the Yoast SEO plugin v27.4 - https:\/\/yoast.com\/product\/yoast-seo-wordpress\/ -->\n<title>Barre transversale EuroCarry Future - Bantam Wankm\u00fcller SA<\/title>\n<meta name=\"robots\" content=\"index, follow, max-snippet:-1, max-image-preview:large, max-video-preview:-1\" \/>\n<link rel=\"canonical\" href=\"https:\/\/shop.bantam.ch\/fr\/produit\/traverse-future\/\" \/>\n<meta property=\"og:locale\" content=\"fr_FR\" \/>\n<meta property=\"og:type\" content=\"article\" \/>\n<meta property=\"og:title\" content=\"Barre transversale EuroCarry Future - Bantam Wankm\u00fcller SA\" \/>\n<meta property=\"og:description\" content=\"Les traverses de 2,40\u00a0m peuvent \u00eatre raccourcies en cas de besoin et \u00eatre r\u00e9gl\u00e9es en continu lorsqu\u2019elles sont gliss\u00e9es dans la rainure continue de la galerie EuroCarry FUTURE. Plusieurs traverses EuroCarry cr\u00e9ent un v\u00e9ritable syst\u00e8me de traverses sur le toit. La rainure norm\u00e9e (largeur\u00a0: 25\u00a0mm) de la traverse m\u00eame est adapt\u00e9e pour recevoir des syst\u00e8mes [&hellip;]\" \/>\n<meta property=\"og:url\" content=\"https:\/\/shop.bantam.ch\/fr\/produit\/traverse-future\/\" \/>\n<meta property=\"og:site_name\" content=\"Bantam Wankm\u00fcller SA\" \/>\n<meta property=\"article:modified_time\" content=\"2026-04-18T18:52:34+00:00\" \/>\n<meta property=\"og:image\" content=\"https:\/\/shop.bantam.ch\/wp-content\/uploads\/2023\/02\/999841711-1.jpg\" \/>\n\t<meta property=\"og:image:width\" content=\"1000\" \/>\n\t<meta property=\"og:image:height\" content=\"213\" \/>\n\t<meta property=\"og:image:type\" content=\"image\/jpeg\" \/>\n<meta name=\"twitter:card\" content=\"summary_large_image\" \/>\n<script type=\"application\/ld+json\" class=\"yoast-schema-graph\">{\"@context\":\"https:\\\/\\\/schema.org\",\"@graph\":[{\"@type\":\"WebPage\",\"@id\":\"https:\\\/\\\/shop.bantam.ch\\\/fr\\\/produit\\\/traverse-future\\\/\",\"url\":\"https:\\\/\\\/shop.bantam.ch\\\/fr\\\/produit\\\/traverse-future\\\/\",\"name\":\"Barre transversale EuroCarry Future - Bantam Wankm\u00fcller SA\",\"isPartOf\":{\"@id\":\"https:\\\/\\\/shop.bantam.ch\\\/fr\\\/#website\"},\"primaryImageOfPage\":{\"@id\":\"https:\\\/\\\/shop.bantam.ch\\\/fr\\\/produit\\\/traverse-future\\\/#primaryimage\"},\"image\":{\"@id\":\"https:\\\/\\\/shop.bantam.ch\\\/fr\\\/produit\\\/traverse-future\\\/#primaryimage\"},\"thumbnailUrl\":\"https:\\\/\\\/shop.bantam.ch\\\/wp-content\\\/uploads\\\/2023\\\/02\\\/999841711-1.jpg\",\"datePublished\":\"2023-02-22T19:30:13+00:00\",\"dateModified\":\"2026-04-18T18:52:34+00:00\",\"breadcrumb\":{\"@id\":\"https:\\\/\\\/shop.bantam.ch\\\/fr\\\/produit\\\/traverse-future\\\/#breadcrumb\"},\"inLanguage\":\"fr-FR\",\"potentialAction\":[{\"@type\":\"ReadAction\",\"target\":[\"https:\\\/\\\/shop.bantam.ch\\\/fr\\\/produit\\\/traverse-future\\\/\"]}]},{\"@type\":\"ImageObject\",\"inLanguage\":\"fr-FR\",\"@id\":\"https:\\\/\\\/shop.bantam.ch\\\/fr\\\/produit\\\/traverse-future\\\/#primaryimage\",\"url\":\"https:\\\/\\\/shop.bantam.ch\\\/wp-content\\\/uploads\\\/2023\\\/02\\\/999841711-1.jpg\",\"contentUrl\":\"https:\\\/\\\/shop.bantam.ch\\\/wp-content\\\/uploads\\\/2023\\\/02\\\/999841711-1.jpg\",\"width\":1000,\"height\":213},{\"@type\":\"BreadcrumbList\",\"@id\":\"https:\\\/\\\/shop.bantam.ch\\\/fr\\\/produit\\\/traverse-future\\\/#breadcrumb\",\"itemListElement\":[{\"@type\":\"ListItem\",\"position\":1,\"name\":\"Accueil\",\"item\":\"https:\\\/\\\/shop.bantam.ch\\\/fr\\\/\"},{\"@type\":\"ListItem\",\"position\":2,\"name\":\"Boutique\",\"item\":\"https:\\\/\\\/shop.bantam.ch\\\/fr\\\/boutique\\\/\"},{\"@type\":\"ListItem\",\"position\":3,\"name\":\"Barre transversale EuroCarry Future\"}]},{\"@type\":\"WebSite\",\"@id\":\"https:\\\/\\\/shop.bantam.ch\\\/fr\\\/#website\",\"url\":\"https:\\\/\\\/shop.bantam.ch\\\/fr\\\/\",\"name\":\"Bantam Wankm\u00fcller SA\",\"description\":\"\",\"publisher\":{\"@id\":\"https:\\\/\\\/shop.bantam.ch\\\/fr\\\/#organization\"},\"inLanguage\":\"fr-FR\"},{\"@type\":\"Organization\",\"@id\":\"https:\\\/\\\/shop.bantam.ch\\\/fr\\\/#organization\",\"name\":\"Bantam Wankm\u00fcller SA\",\"url\":\"https:\\\/\\\/shop.bantam.ch\\\/fr\\\/\",\"logo\":{\"@type\":\"ImageObject\",\"inLanguage\":\"fr-FR\",\"@id\":\"https:\\\/\\\/shop.bantam.ch\\\/fr\\\/#\\\/schema\\\/logo\\\/image\\\/\",\"url\":\"https:\\\/\\\/shop.bantam.ch\\\/wp-content\\\/uploads\\\/2022\\\/12\\\/bantam-logo.png\",\"contentUrl\":\"https:\\\/\\\/shop.bantam.ch\\\/wp-content\\\/uploads\\\/2022\\\/12\\\/bantam-logo.png\",\"width\":320,\"height\":71,\"caption\":\"Bantam Wankm\u00fcller SA\"},\"image\":{\"@id\":\"https:\\\/\\\/shop.bantam.ch\\\/fr\\\/#\\\/schema\\\/logo\\\/image\\\/\"}}]}<\/script>\n<!-- \/ Yoast SEO plugin. -->","yoast_head_json":{"title":"Barre transversale EuroCarry Future - Bantam Wankm\u00fcller SA","robots":{"index":"index","follow":"follow","max-snippet":"max-snippet:-1","max-image-preview":"max-image-preview:large","max-video-preview":"max-video-preview:-1"},"canonical":"https:\/\/shop.bantam.ch\/fr\/produit\/traverse-future\/","og_locale":"fr_FR","og_type":"article","og_title":"Barre transversale EuroCarry Future - Bantam Wankm\u00fcller SA","og_description":"Les traverses de 2,40\u00a0m peuvent \u00eatre raccourcies en cas de besoin et \u00eatre r\u00e9gl\u00e9es en continu lorsqu\u2019elles sont gliss\u00e9es dans la rainure continue de la galerie EuroCarry FUTURE. Plusieurs traverses EuroCarry cr\u00e9ent un v\u00e9ritable syst\u00e8me de traverses sur le toit. La rainure norm\u00e9e (largeur\u00a0: 25\u00a0mm) de la traverse m\u00eame est adapt\u00e9e pour recevoir des syst\u00e8mes [&hellip;]","og_url":"https:\/\/shop.bantam.ch\/fr\/produit\/traverse-future\/","og_site_name":"Bantam Wankm\u00fcller SA","article_modified_time":"2026-04-18T18:52:34+00:00","og_image":[{"width":1000,"height":213,"url":"https:\/\/shop.bantam.ch\/wp-content\/uploads\/2023\/02\/999841711-1.jpg","type":"image\/jpeg"}],"twitter_card":"summary_large_image","schema":{"@context":"https:\/\/schema.org","@graph":[{"@type":"WebPage","@id":"https:\/\/shop.bantam.ch\/fr\/produit\/traverse-future\/","url":"https:\/\/shop.bantam.ch\/fr\/produit\/traverse-future\/","name":"Barre transversale EuroCarry Future - Bantam Wankm\u00fcller SA","isPartOf":{"@id":"https:\/\/shop.bantam.ch\/fr\/#website"},"primaryImageOfPage":{"@id":"https:\/\/shop.bantam.ch\/fr\/produit\/traverse-future\/#primaryimage"},"image":{"@id":"https:\/\/shop.bantam.ch\/fr\/produit\/traverse-future\/#primaryimage"},"thumbnailUrl":"https:\/\/shop.bantam.ch\/wp-content\/uploads\/2023\/02\/999841711-1.jpg","datePublished":"2023-02-22T19:30:13+00:00","dateModified":"2026-04-18T18:52:34+00:00","breadcrumb":{"@id":"https:\/\/shop.bantam.ch\/fr\/produit\/traverse-future\/#breadcrumb"},"inLanguage":"fr-FR","potentialAction":[{"@type":"ReadAction","target":["https:\/\/shop.bantam.ch\/fr\/produit\/traverse-future\/"]}]},{"@type":"ImageObject","inLanguage":"fr-FR","@id":"https:\/\/shop.bantam.ch\/fr\/produit\/traverse-future\/#primaryimage","url":"https:\/\/shop.bantam.ch\/wp-content\/uploads\/2023\/02\/999841711-1.jpg","contentUrl":"https:\/\/shop.bantam.ch\/wp-content\/uploads\/2023\/02\/999841711-1.jpg","width":1000,"height":213},{"@type":"BreadcrumbList","@id":"https:\/\/shop.bantam.ch\/fr\/produit\/traverse-future\/#breadcrumb","itemListElement":[{"@type":"ListItem","position":1,"name":"Accueil","item":"https:\/\/shop.bantam.ch\/fr\/"},{"@type":"ListItem","position":2,"name":"Boutique","item":"https:\/\/shop.bantam.ch\/fr\/boutique\/"},{"@type":"ListItem","position":3,"name":"Barre transversale EuroCarry Future"}]},{"@type":"WebSite","@id":"https:\/\/shop.bantam.ch\/fr\/#website","url":"https:\/\/shop.bantam.ch\/fr\/","name":"Bantam Wankm\u00fcller SA","description":"","publisher":{"@id":"https:\/\/shop.bantam.ch\/fr\/#organization"},"inLanguage":"fr-FR"},{"@type":"Organization","@id":"https:\/\/shop.bantam.ch\/fr\/#organization","name":"Bantam Wankm\u00fcller SA","url":"https:\/\/shop.bantam.ch\/fr\/","logo":{"@type":"ImageObject","inLanguage":"fr-FR","@id":"https:\/\/shop.bantam.ch\/fr\/#\/schema\/logo\/image\/","url":"https:\/\/shop.bantam.ch\/wp-content\/uploads\/2022\/12\/bantam-logo.png","contentUrl":"https:\/\/shop.bantam.ch\/wp-content\/uploads\/2022\/12\/bantam-logo.png","width":320,"height":71,"caption":"Bantam Wankm\u00fcller SA"},"image":{"@id":"https:\/\/shop.bantam.ch\/fr\/#\/schema\/logo\/image\/"}}]}},"_links":{"self":[{"href":"https:\/\/shop.bantam.ch\/fr\/wp-json\/wp\/v2\/product\/38631","targetHints":{"allow":["GET"]}}],"collection":[{"href":"https:\/\/shop.bantam.ch\/fr\/wp-json\/wp\/v2\/product"}],"about":[{"href":"https:\/\/shop.bantam.ch\/fr\/wp-json\/wp\/v2\/types\/product"}],"wp:featuredmedia":[{"embeddable":true,"href":"https:\/\/shop.bantam.ch\/fr\/wp-json\/wp\/v2\/media\/38627"}],"wp:attachment":[{"href":"https:\/\/shop.bantam.ch\/fr\/wp-json\/wp\/v2\/media?parent=38631"}],"wp:term":[{"taxonomy":"product_featured_cat","embeddable":true,"href":"https:\/\/shop.bantam.ch\/fr\/wp-json\/wp\/v2\/product_featured_cat?post=38631"},{"taxonomy":"product_brand","embeddable":true,"href":"https:\/\/shop.bantam.ch\/fr\/wp-json\/wp\/v2\/product_brand?post=38631"},{"taxonomy":"product_cat","embeddable":true,"href":"https:\/\/shop.bantam.ch\/fr\/wp-json\/wp\/v2\/product_cat?post=38631"},{"taxonomy":"product_tag","embeddable":true,"href":"https:\/\/shop.bantam.ch\/fr\/wp-json\/wp\/v2\/product_tag?post=38631"}],"curies":[{"name":"wp","href":"https:\/\/api.w.org\/{rel}","templated":true}]}}