{"id":38175,"date":"2023-02-22T20:21:21","date_gmt":"2023-02-22T19:21:21","guid":{"rendered":"http:\/\/preprod-dev.sh1.hidora.com\/webshop\/produit\/raccord-au-reservoir-droit-1-2-pouce-x-10-12-mm\/"},"modified":"2026-04-17T20:51:32","modified_gmt":"2026-04-17T18:51:32","slug":"raccord-au-reservoir-droit-1-2-pouce-x-10-12-mm","status":"publish","type":"product","link":"https:\/\/shop.bantam.ch\/fr\/produit\/raccord-au-reservoir-droit-1-2-pouce-x-10-12-mm\/","title":{"rendered":"Pce dte de raccord. r\u00e9servoir 12 pouce x 10 \/ 12 mm avec joint et \u00e9crou Couleur : bleu"},"content":{"rendered":"<p>Raccord au r\u00e9servoir droit avec joint et \u00e9crou<\/p>\n","protected":false},"excerpt":{"rendered":"<p>Raccord au r\u00e9servoir droit avec joint et \u00e9crou<\/p>\n","protected":false},"featured_media":38173,"template":"","meta":{"_acf_changed":false},"product_featured_cat":[],"product_brand":[3188],"product_cat":[4623],"product_tag":[],"class_list":{"0":"post-38175","1":"product","2":"type-product","3":"status-publish","4":"has-post-thumbnail","6":"product_brand-carysan","7":"product_cat-accessoires-de-reservoir","9":"first","10":"instock","11":"taxable","12":"shipping-taxable","13":"purchasable","14":"product-type-simple"},"acf":[],"yoast_head":"<!-- This site is optimized with the Yoast SEO plugin v27.4 - https:\/\/yoast.com\/product\/yoast-seo-wordpress\/ -->\n<title>Pce dte de raccord. r\u00e9servoir 12 pouce x 10 \/ 12 mm avec joint et \u00e9crou Couleur : bleu - Bantam Wankm\u00fcller SA<\/title>\n<meta name=\"robots\" content=\"index, follow, max-snippet:-1, max-image-preview:large, max-video-preview:-1\" \/>\n<link rel=\"canonical\" href=\"https:\/\/shop.bantam.ch\/fr\/produit\/raccord-au-reservoir-droit-1-2-pouce-x-10-12-mm\/\" \/>\n<meta property=\"og:locale\" content=\"fr_FR\" \/>\n<meta property=\"og:type\" content=\"article\" \/>\n<meta property=\"og:title\" content=\"Pce dte de raccord. r\u00e9servoir 12 pouce x 10 \/ 12 mm avec joint et \u00e9crou Couleur : bleu - Bantam Wankm\u00fcller SA\" \/>\n<meta property=\"og:description\" content=\"Raccord au r\u00e9servoir droit avec joint et \u00e9crou\" \/>\n<meta property=\"og:url\" content=\"https:\/\/shop.bantam.ch\/fr\/produit\/raccord-au-reservoir-droit-1-2-pouce-x-10-12-mm\/\" \/>\n<meta property=\"og:site_name\" content=\"Bantam Wankm\u00fcller SA\" \/>\n<meta property=\"article:modified_time\" content=\"2026-04-17T18:51:32+00:00\" \/>\n<meta property=\"og:image\" content=\"https:\/\/shop.bantam.ch\/wp-content\/uploads\/2023\/02\/9991931-Tankanaschlussteil_gerade_1_2_Zoll_x_10_12mm_blau-Standard-01-1.jpg\" \/>\n\t<meta property=\"og:image:width\" content=\"1000\" \/>\n\t<meta property=\"og:image:height\" content=\"750\" \/>\n\t<meta property=\"og:image:type\" content=\"image\/jpeg\" \/>\n<meta name=\"twitter:card\" content=\"summary_large_image\" \/>\n<script type=\"application\/ld+json\" class=\"yoast-schema-graph\">{\"@context\":\"https:\\\/\\\/schema.org\",\"@graph\":[{\"@type\":\"WebPage\",\"@id\":\"https:\\\/\\\/shop.bantam.ch\\\/fr\\\/produit\\\/raccord-au-reservoir-droit-1-2-pouce-x-10-12-mm\\\/\",\"url\":\"https:\\\/\\\/shop.bantam.ch\\\/fr\\\/produit\\\/raccord-au-reservoir-droit-1-2-pouce-x-10-12-mm\\\/\",\"name\":\"Pce dte de raccord. r\u00e9servoir 12 pouce x 10 \\\/ 12 mm avec joint et \u00e9crou Couleur : bleu - Bantam Wankm\u00fcller SA\",\"isPartOf\":{\"@id\":\"https:\\\/\\\/shop.bantam.ch\\\/fr\\\/#website\"},\"primaryImageOfPage\":{\"@id\":\"https:\\\/\\\/shop.bantam.ch\\\/fr\\\/produit\\\/raccord-au-reservoir-droit-1-2-pouce-x-10-12-mm\\\/#primaryimage\"},\"image\":{\"@id\":\"https:\\\/\\\/shop.bantam.ch\\\/fr\\\/produit\\\/raccord-au-reservoir-droit-1-2-pouce-x-10-12-mm\\\/#primaryimage\"},\"thumbnailUrl\":\"https:\\\/\\\/shop.bantam.ch\\\/wp-content\\\/uploads\\\/2023\\\/02\\\/9991931-Tankanaschlussteil_gerade_1_2_Zoll_x_10_12mm_blau-Standard-01-1.jpg\",\"datePublished\":\"2023-02-22T19:21:21+00:00\",\"dateModified\":\"2026-04-17T18:51:32+00:00\",\"breadcrumb\":{\"@id\":\"https:\\\/\\\/shop.bantam.ch\\\/fr\\\/produit\\\/raccord-au-reservoir-droit-1-2-pouce-x-10-12-mm\\\/#breadcrumb\"},\"inLanguage\":\"fr-FR\",\"potentialAction\":[{\"@type\":\"ReadAction\",\"target\":[\"https:\\\/\\\/shop.bantam.ch\\\/fr\\\/produit\\\/raccord-au-reservoir-droit-1-2-pouce-x-10-12-mm\\\/\"]}]},{\"@type\":\"ImageObject\",\"inLanguage\":\"fr-FR\",\"@id\":\"https:\\\/\\\/shop.bantam.ch\\\/fr\\\/produit\\\/raccord-au-reservoir-droit-1-2-pouce-x-10-12-mm\\\/#primaryimage\",\"url\":\"https:\\\/\\\/shop.bantam.ch\\\/wp-content\\\/uploads\\\/2023\\\/02\\\/9991931-Tankanaschlussteil_gerade_1_2_Zoll_x_10_12mm_blau-Standard-01-1.jpg\",\"contentUrl\":\"https:\\\/\\\/shop.bantam.ch\\\/wp-content\\\/uploads\\\/2023\\\/02\\\/9991931-Tankanaschlussteil_gerade_1_2_Zoll_x_10_12mm_blau-Standard-01-1.jpg\",\"width\":1000,\"height\":750},{\"@type\":\"BreadcrumbList\",\"@id\":\"https:\\\/\\\/shop.bantam.ch\\\/fr\\\/produit\\\/raccord-au-reservoir-droit-1-2-pouce-x-10-12-mm\\\/#breadcrumb\",\"itemListElement\":[{\"@type\":\"ListItem\",\"position\":1,\"name\":\"Accueil\",\"item\":\"https:\\\/\\\/shop.bantam.ch\\\/fr\\\/\"},{\"@type\":\"ListItem\",\"position\":2,\"name\":\"Boutique\",\"item\":\"https:\\\/\\\/shop.bantam.ch\\\/fr\\\/boutique\\\/\"},{\"@type\":\"ListItem\",\"position\":3,\"name\":\"Pce dte de raccord. r\u00e9servoir 12 pouce x 10 \\\/ 12 mm avec joint et \u00e9crou Couleur : bleu\"}]},{\"@type\":\"WebSite\",\"@id\":\"https:\\\/\\\/shop.bantam.ch\\\/fr\\\/#website\",\"url\":\"https:\\\/\\\/shop.bantam.ch\\\/fr\\\/\",\"name\":\"Bantam Wankm\u00fcller SA\",\"description\":\"\",\"publisher\":{\"@id\":\"https:\\\/\\\/shop.bantam.ch\\\/fr\\\/#organization\"},\"inLanguage\":\"fr-FR\"},{\"@type\":\"Organization\",\"@id\":\"https:\\\/\\\/shop.bantam.ch\\\/fr\\\/#organization\",\"name\":\"Bantam Wankm\u00fcller SA\",\"url\":\"https:\\\/\\\/shop.bantam.ch\\\/fr\\\/\",\"logo\":{\"@type\":\"ImageObject\",\"inLanguage\":\"fr-FR\",\"@id\":\"https:\\\/\\\/shop.bantam.ch\\\/fr\\\/#\\\/schema\\\/logo\\\/image\\\/\",\"url\":\"https:\\\/\\\/shop.bantam.ch\\\/wp-content\\\/uploads\\\/2022\\\/12\\\/bantam-logo.png\",\"contentUrl\":\"https:\\\/\\\/shop.bantam.ch\\\/wp-content\\\/uploads\\\/2022\\\/12\\\/bantam-logo.png\",\"width\":320,\"height\":71,\"caption\":\"Bantam Wankm\u00fcller SA\"},\"image\":{\"@id\":\"https:\\\/\\\/shop.bantam.ch\\\/fr\\\/#\\\/schema\\\/logo\\\/image\\\/\"}}]}<\/script>\n<!-- \/ Yoast SEO plugin. -->","yoast_head_json":{"title":"Pce dte de raccord. r\u00e9servoir 12 pouce x 10 \/ 12 mm avec joint et \u00e9crou Couleur : bleu - Bantam Wankm\u00fcller SA","robots":{"index":"index","follow":"follow","max-snippet":"max-snippet:-1","max-image-preview":"max-image-preview:large","max-video-preview":"max-video-preview:-1"},"canonical":"https:\/\/shop.bantam.ch\/fr\/produit\/raccord-au-reservoir-droit-1-2-pouce-x-10-12-mm\/","og_locale":"fr_FR","og_type":"article","og_title":"Pce dte de raccord. r\u00e9servoir 12 pouce x 10 \/ 12 mm avec joint et \u00e9crou Couleur : bleu - Bantam Wankm\u00fcller SA","og_description":"Raccord au r\u00e9servoir droit avec joint et \u00e9crou","og_url":"https:\/\/shop.bantam.ch\/fr\/produit\/raccord-au-reservoir-droit-1-2-pouce-x-10-12-mm\/","og_site_name":"Bantam Wankm\u00fcller SA","article_modified_time":"2026-04-17T18:51:32+00:00","og_image":[{"width":1000,"height":750,"url":"https:\/\/shop.bantam.ch\/wp-content\/uploads\/2023\/02\/9991931-Tankanaschlussteil_gerade_1_2_Zoll_x_10_12mm_blau-Standard-01-1.jpg","type":"image\/jpeg"}],"twitter_card":"summary_large_image","schema":{"@context":"https:\/\/schema.org","@graph":[{"@type":"WebPage","@id":"https:\/\/shop.bantam.ch\/fr\/produit\/raccord-au-reservoir-droit-1-2-pouce-x-10-12-mm\/","url":"https:\/\/shop.bantam.ch\/fr\/produit\/raccord-au-reservoir-droit-1-2-pouce-x-10-12-mm\/","name":"Pce dte de raccord. r\u00e9servoir 12 pouce x 10 \/ 12 mm avec joint et \u00e9crou Couleur : bleu - Bantam Wankm\u00fcller SA","isPartOf":{"@id":"https:\/\/shop.bantam.ch\/fr\/#website"},"primaryImageOfPage":{"@id":"https:\/\/shop.bantam.ch\/fr\/produit\/raccord-au-reservoir-droit-1-2-pouce-x-10-12-mm\/#primaryimage"},"image":{"@id":"https:\/\/shop.bantam.ch\/fr\/produit\/raccord-au-reservoir-droit-1-2-pouce-x-10-12-mm\/#primaryimage"},"thumbnailUrl":"https:\/\/shop.bantam.ch\/wp-content\/uploads\/2023\/02\/9991931-Tankanaschlussteil_gerade_1_2_Zoll_x_10_12mm_blau-Standard-01-1.jpg","datePublished":"2023-02-22T19:21:21+00:00","dateModified":"2026-04-17T18:51:32+00:00","breadcrumb":{"@id":"https:\/\/shop.bantam.ch\/fr\/produit\/raccord-au-reservoir-droit-1-2-pouce-x-10-12-mm\/#breadcrumb"},"inLanguage":"fr-FR","potentialAction":[{"@type":"ReadAction","target":["https:\/\/shop.bantam.ch\/fr\/produit\/raccord-au-reservoir-droit-1-2-pouce-x-10-12-mm\/"]}]},{"@type":"ImageObject","inLanguage":"fr-FR","@id":"https:\/\/shop.bantam.ch\/fr\/produit\/raccord-au-reservoir-droit-1-2-pouce-x-10-12-mm\/#primaryimage","url":"https:\/\/shop.bantam.ch\/wp-content\/uploads\/2023\/02\/9991931-Tankanaschlussteil_gerade_1_2_Zoll_x_10_12mm_blau-Standard-01-1.jpg","contentUrl":"https:\/\/shop.bantam.ch\/wp-content\/uploads\/2023\/02\/9991931-Tankanaschlussteil_gerade_1_2_Zoll_x_10_12mm_blau-Standard-01-1.jpg","width":1000,"height":750},{"@type":"BreadcrumbList","@id":"https:\/\/shop.bantam.ch\/fr\/produit\/raccord-au-reservoir-droit-1-2-pouce-x-10-12-mm\/#breadcrumb","itemListElement":[{"@type":"ListItem","position":1,"name":"Accueil","item":"https:\/\/shop.bantam.ch\/fr\/"},{"@type":"ListItem","position":2,"name":"Boutique","item":"https:\/\/shop.bantam.ch\/fr\/boutique\/"},{"@type":"ListItem","position":3,"name":"Pce dte de raccord. r\u00e9servoir 12 pouce x 10 \/ 12 mm avec joint et \u00e9crou Couleur : bleu"}]},{"@type":"WebSite","@id":"https:\/\/shop.bantam.ch\/fr\/#website","url":"https:\/\/shop.bantam.ch\/fr\/","name":"Bantam Wankm\u00fcller SA","description":"","publisher":{"@id":"https:\/\/shop.bantam.ch\/fr\/#organization"},"inLanguage":"fr-FR"},{"@type":"Organization","@id":"https:\/\/shop.bantam.ch\/fr\/#organization","name":"Bantam Wankm\u00fcller SA","url":"https:\/\/shop.bantam.ch\/fr\/","logo":{"@type":"ImageObject","inLanguage":"fr-FR","@id":"https:\/\/shop.bantam.ch\/fr\/#\/schema\/logo\/image\/","url":"https:\/\/shop.bantam.ch\/wp-content\/uploads\/2022\/12\/bantam-logo.png","contentUrl":"https:\/\/shop.bantam.ch\/wp-content\/uploads\/2022\/12\/bantam-logo.png","width":320,"height":71,"caption":"Bantam Wankm\u00fcller SA"},"image":{"@id":"https:\/\/shop.bantam.ch\/fr\/#\/schema\/logo\/image\/"}}]}},"_links":{"self":[{"href":"https:\/\/shop.bantam.ch\/fr\/wp-json\/wp\/v2\/product\/38175","targetHints":{"allow":["GET"]}}],"collection":[{"href":"https:\/\/shop.bantam.ch\/fr\/wp-json\/wp\/v2\/product"}],"about":[{"href":"https:\/\/shop.bantam.ch\/fr\/wp-json\/wp\/v2\/types\/product"}],"wp:featuredmedia":[{"embeddable":true,"href":"https:\/\/shop.bantam.ch\/fr\/wp-json\/wp\/v2\/media\/38173"}],"wp:attachment":[{"href":"https:\/\/shop.bantam.ch\/fr\/wp-json\/wp\/v2\/media?parent=38175"}],"wp:term":[{"taxonomy":"product_featured_cat","embeddable":true,"href":"https:\/\/shop.bantam.ch\/fr\/wp-json\/wp\/v2\/product_featured_cat?post=38175"},{"taxonomy":"product_brand","embeddable":true,"href":"https:\/\/shop.bantam.ch\/fr\/wp-json\/wp\/v2\/product_brand?post=38175"},{"taxonomy":"product_cat","embeddable":true,"href":"https:\/\/shop.bantam.ch\/fr\/wp-json\/wp\/v2\/product_cat?post=38175"},{"taxonomy":"product_tag","embeddable":true,"href":"https:\/\/shop.bantam.ch\/fr\/wp-json\/wp\/v2\/product_tag?post=38175"}],"curies":[{"name":"wp","href":"https:\/\/api.w.org\/{rel}","templated":true}]}}