{"id":38047,"date":"2023-02-22T20:18:32","date_gmt":"2023-02-22T19:18:32","guid":{"rendered":"http:\/\/preprod-dev.sh1.hidora.com\/webshop\/produit\/batterie-a-decharge-lente-energy-bull-12-v-100-ah\/"},"modified":"2026-05-01T20:51:29","modified_gmt":"2026-05-01T18:51:29","slug":"batterie-a-decharge-lente-energy-bull-12-v-100-ah","status":"publish","type":"product","link":"https:\/\/shop.bantam.ch\/fr\/produit\/batterie-a-decharge-lente-energy-bull-12-v-100-ah\/","title":{"rendered":"Batterie d\u00e9charge lente Energy Bull 12 V \/ 100 Ah"},"content":{"rendered":"<p>L\u2019Energy Bull de Banner version acide-liquide est la sp\u00e9cialiste absolue parmi les batteries. Parfaitement adapt\u00e9e \u00e0 votre domaine d&rsquo;application et sans concession sur la qualit\u00e9. Elle fournit de l&rsquo;\u00e9nergie pour les bateaux \u00e0 voile et les bateaux \u00e9lectriques, les camping-cars et les caravanes. L&rsquo;Energy Bull est \u00e9galement utilis\u00e9e dans les syst\u00e8mes de signalisation, les panneaux solaires ou les fauteuils roulants \u00e9lectriques.<\/p>\n","protected":false},"excerpt":{"rendered":"<p>L\u2019Energy Bull de Banner version acide-liquide est la sp\u00e9cialiste absolue parmi les batteries. Parfaitement adapt\u00e9e \u00e0 votre domaine d&rsquo;application et sans concession sur la qualit\u00e9. Elle fournit de l&rsquo;\u00e9nergie pour les bateaux \u00e0 voile et les bateaux \u00e9lectriques, les camping-cars et les caravanes. L&rsquo;Energy Bull est \u00e9galement utilis\u00e9e dans les syst\u00e8mes de signalisation, les panneaux [&hellip;]<\/p>\n","protected":false},"featured_media":38045,"template":"","meta":{"_acf_changed":false},"product_featured_cat":[],"product_brand":[3290],"product_cat":[5109],"product_tag":[],"class_list":{"0":"post-38047","1":"product","2":"type-product","3":"status-publish","4":"has-post-thumbnail","6":"product_brand-banner","7":"product_cat-batteries-au-plomb","9":"first","10":"instock","11":"taxable","12":"shipping-taxable","13":"purchasable","14":"product-type-simple"},"acf":[],"yoast_head":"<!-- This site is optimized with the Yoast SEO plugin v27.5 - https:\/\/yoast.com\/product\/yoast-seo-wordpress\/ -->\n<title>Batterie d\u00e9charge lente Energy Bull 12 V \/ 100 Ah - Bantam<\/title>\n<meta name=\"robots\" content=\"index, follow, max-snippet:-1, max-image-preview:large, max-video-preview:-1\" \/>\n<link rel=\"canonical\" href=\"https:\/\/shop.bantam.ch\/fr\/produit\/batterie-a-decharge-lente-energy-bull-12-v-100-ah\/\" \/>\n<meta property=\"og:locale\" content=\"fr_FR\" \/>\n<meta property=\"og:type\" content=\"article\" \/>\n<meta property=\"og:title\" content=\"Batterie d\u00e9charge lente Energy Bull 12 V \/ 100 Ah - Bantam\" \/>\n<meta property=\"og:description\" content=\"L\u2019Energy Bull de Banner version acide-liquide est la sp\u00e9cialiste absolue parmi les batteries. Parfaitement adapt\u00e9e \u00e0 votre domaine d&rsquo;application et sans concession sur la qualit\u00e9. Elle fournit de l&rsquo;\u00e9nergie pour les bateaux \u00e0 voile et les bateaux \u00e9lectriques, les camping-cars et les caravanes. L&rsquo;Energy Bull est \u00e9galement utilis\u00e9e dans les syst\u00e8mes de signalisation, les panneaux [&hellip;]\" \/>\n<meta property=\"og:url\" content=\"https:\/\/shop.bantam.ch\/fr\/produit\/batterie-a-decharge-lente-energy-bull-12-v-100-ah\/\" \/>\n<meta property=\"og:site_name\" content=\"Bantam\" \/>\n<meta property=\"article:modified_time\" content=\"2026-05-01T18:51:29+00:00\" \/>\n<meta property=\"og:image\" content=\"https:\/\/shop.bantam.ch\/wp-content\/uploads\/2023\/02\/9990504-Langzeitentladebatterie_Energy_Bull_12V_100Ah_Abmessung_354x175x190_mm_gefuellt_gel_-Standard-01-1.jpg\" \/>\n\t<meta property=\"og:image:width\" content=\"1000\" \/>\n\t<meta property=\"og:image:height\" content=\"847\" \/>\n\t<meta property=\"og:image:type\" content=\"image\/jpeg\" \/>\n<meta name=\"twitter:card\" content=\"summary_large_image\" \/>\n<script type=\"application\/ld+json\" class=\"yoast-schema-graph\">{\"@context\":\"https:\\\/\\\/schema.org\",\"@graph\":[{\"@type\":\"WebPage\",\"@id\":\"https:\\\/\\\/shop.bantam.ch\\\/fr\\\/produit\\\/batterie-a-decharge-lente-energy-bull-12-v-100-ah\\\/\",\"url\":\"https:\\\/\\\/shop.bantam.ch\\\/fr\\\/produit\\\/batterie-a-decharge-lente-energy-bull-12-v-100-ah\\\/\",\"name\":\"Batterie d\u00e9charge lente Energy Bull 12 V \\\/ 100 Ah - Bantam\",\"isPartOf\":{\"@id\":\"https:\\\/\\\/shop.bantam.ch\\\/fr\\\/#website\"},\"primaryImageOfPage\":{\"@id\":\"https:\\\/\\\/shop.bantam.ch\\\/fr\\\/produit\\\/batterie-a-decharge-lente-energy-bull-12-v-100-ah\\\/#primaryimage\"},\"image\":{\"@id\":\"https:\\\/\\\/shop.bantam.ch\\\/fr\\\/produit\\\/batterie-a-decharge-lente-energy-bull-12-v-100-ah\\\/#primaryimage\"},\"thumbnailUrl\":\"https:\\\/\\\/shop.bantam.ch\\\/wp-content\\\/uploads\\\/2023\\\/02\\\/9990504-Langzeitentladebatterie_Energy_Bull_12V_100Ah_Abmessung_354x175x190_mm_gefuellt_gel_-Standard-01-1.jpg\",\"datePublished\":\"2023-02-22T19:18:32+00:00\",\"dateModified\":\"2026-05-01T18:51:29+00:00\",\"breadcrumb\":{\"@id\":\"https:\\\/\\\/shop.bantam.ch\\\/fr\\\/produit\\\/batterie-a-decharge-lente-energy-bull-12-v-100-ah\\\/#breadcrumb\"},\"inLanguage\":\"fr-FR\",\"potentialAction\":[{\"@type\":\"ReadAction\",\"target\":[\"https:\\\/\\\/shop.bantam.ch\\\/fr\\\/produit\\\/batterie-a-decharge-lente-energy-bull-12-v-100-ah\\\/\"]}]},{\"@type\":\"ImageObject\",\"inLanguage\":\"fr-FR\",\"@id\":\"https:\\\/\\\/shop.bantam.ch\\\/fr\\\/produit\\\/batterie-a-decharge-lente-energy-bull-12-v-100-ah\\\/#primaryimage\",\"url\":\"https:\\\/\\\/shop.bantam.ch\\\/wp-content\\\/uploads\\\/2023\\\/02\\\/9990504-Langzeitentladebatterie_Energy_Bull_12V_100Ah_Abmessung_354x175x190_mm_gefuellt_gel_-Standard-01-1.jpg\",\"contentUrl\":\"https:\\\/\\\/shop.bantam.ch\\\/wp-content\\\/uploads\\\/2023\\\/02\\\/9990504-Langzeitentladebatterie_Energy_Bull_12V_100Ah_Abmessung_354x175x190_mm_gefuellt_gel_-Standard-01-1.jpg\",\"width\":1000,\"height\":847},{\"@type\":\"BreadcrumbList\",\"@id\":\"https:\\\/\\\/shop.bantam.ch\\\/fr\\\/produit\\\/batterie-a-decharge-lente-energy-bull-12-v-100-ah\\\/#breadcrumb\",\"itemListElement\":[{\"@type\":\"ListItem\",\"position\":1,\"name\":\"Accueil\",\"item\":\"https:\\\/\\\/shop.bantam.ch\\\/fr\\\/\"},{\"@type\":\"ListItem\",\"position\":2,\"name\":\"Boutique\",\"item\":\"https:\\\/\\\/shop.bantam.ch\\\/fr\\\/boutique\\\/\"},{\"@type\":\"ListItem\",\"position\":3,\"name\":\"Batterie d\u00e9charge lente Energy Bull 12 V \\\/ 100 Ah\"}]},{\"@type\":\"WebSite\",\"@id\":\"https:\\\/\\\/shop.bantam.ch\\\/fr\\\/#website\",\"url\":\"https:\\\/\\\/shop.bantam.ch\\\/fr\\\/\",\"name\":\"Bantam\",\"description\":\"\",\"publisher\":{\"@id\":\"https:\\\/\\\/shop.bantam.ch\\\/fr\\\/#organization\"},\"inLanguage\":\"fr-FR\"},{\"@type\":\"Organization\",\"@id\":\"https:\\\/\\\/shop.bantam.ch\\\/fr\\\/#organization\",\"name\":\"Bantam\",\"url\":\"https:\\\/\\\/shop.bantam.ch\\\/fr\\\/\",\"logo\":{\"@type\":\"ImageObject\",\"inLanguage\":\"fr-FR\",\"@id\":\"https:\\\/\\\/shop.bantam.ch\\\/fr\\\/#\\\/schema\\\/logo\\\/image\\\/\",\"url\":\"https:\\\/\\\/shop.bantam.ch\\\/wp-content\\\/uploads\\\/2022\\\/12\\\/bantam-logo.png\",\"contentUrl\":\"https:\\\/\\\/shop.bantam.ch\\\/wp-content\\\/uploads\\\/2022\\\/12\\\/bantam-logo.png\",\"width\":320,\"height\":71,\"caption\":\"Bantam\"},\"image\":{\"@id\":\"https:\\\/\\\/shop.bantam.ch\\\/fr\\\/#\\\/schema\\\/logo\\\/image\\\/\"}}]}<\/script>\n<!-- \/ Yoast SEO plugin. -->","yoast_head_json":{"title":"Batterie d\u00e9charge lente Energy Bull 12 V \/ 100 Ah - Bantam","robots":{"index":"index","follow":"follow","max-snippet":"max-snippet:-1","max-image-preview":"max-image-preview:large","max-video-preview":"max-video-preview:-1"},"canonical":"https:\/\/shop.bantam.ch\/fr\/produit\/batterie-a-decharge-lente-energy-bull-12-v-100-ah\/","og_locale":"fr_FR","og_type":"article","og_title":"Batterie d\u00e9charge lente Energy Bull 12 V \/ 100 Ah - Bantam","og_description":"L\u2019Energy Bull de Banner version acide-liquide est la sp\u00e9cialiste absolue parmi les batteries. Parfaitement adapt\u00e9e \u00e0 votre domaine d&rsquo;application et sans concession sur la qualit\u00e9. Elle fournit de l&rsquo;\u00e9nergie pour les bateaux \u00e0 voile et les bateaux \u00e9lectriques, les camping-cars et les caravanes. L&rsquo;Energy Bull est \u00e9galement utilis\u00e9e dans les syst\u00e8mes de signalisation, les panneaux [&hellip;]","og_url":"https:\/\/shop.bantam.ch\/fr\/produit\/batterie-a-decharge-lente-energy-bull-12-v-100-ah\/","og_site_name":"Bantam","article_modified_time":"2026-05-01T18:51:29+00:00","og_image":[{"width":1000,"height":847,"url":"https:\/\/shop.bantam.ch\/wp-content\/uploads\/2023\/02\/9990504-Langzeitentladebatterie_Energy_Bull_12V_100Ah_Abmessung_354x175x190_mm_gefuellt_gel_-Standard-01-1.jpg","type":"image\/jpeg"}],"twitter_card":"summary_large_image","schema":{"@context":"https:\/\/schema.org","@graph":[{"@type":"WebPage","@id":"https:\/\/shop.bantam.ch\/fr\/produit\/batterie-a-decharge-lente-energy-bull-12-v-100-ah\/","url":"https:\/\/shop.bantam.ch\/fr\/produit\/batterie-a-decharge-lente-energy-bull-12-v-100-ah\/","name":"Batterie d\u00e9charge lente Energy Bull 12 V \/ 100 Ah - Bantam","isPartOf":{"@id":"https:\/\/shop.bantam.ch\/fr\/#website"},"primaryImageOfPage":{"@id":"https:\/\/shop.bantam.ch\/fr\/produit\/batterie-a-decharge-lente-energy-bull-12-v-100-ah\/#primaryimage"},"image":{"@id":"https:\/\/shop.bantam.ch\/fr\/produit\/batterie-a-decharge-lente-energy-bull-12-v-100-ah\/#primaryimage"},"thumbnailUrl":"https:\/\/shop.bantam.ch\/wp-content\/uploads\/2023\/02\/9990504-Langzeitentladebatterie_Energy_Bull_12V_100Ah_Abmessung_354x175x190_mm_gefuellt_gel_-Standard-01-1.jpg","datePublished":"2023-02-22T19:18:32+00:00","dateModified":"2026-05-01T18:51:29+00:00","breadcrumb":{"@id":"https:\/\/shop.bantam.ch\/fr\/produit\/batterie-a-decharge-lente-energy-bull-12-v-100-ah\/#breadcrumb"},"inLanguage":"fr-FR","potentialAction":[{"@type":"ReadAction","target":["https:\/\/shop.bantam.ch\/fr\/produit\/batterie-a-decharge-lente-energy-bull-12-v-100-ah\/"]}]},{"@type":"ImageObject","inLanguage":"fr-FR","@id":"https:\/\/shop.bantam.ch\/fr\/produit\/batterie-a-decharge-lente-energy-bull-12-v-100-ah\/#primaryimage","url":"https:\/\/shop.bantam.ch\/wp-content\/uploads\/2023\/02\/9990504-Langzeitentladebatterie_Energy_Bull_12V_100Ah_Abmessung_354x175x190_mm_gefuellt_gel_-Standard-01-1.jpg","contentUrl":"https:\/\/shop.bantam.ch\/wp-content\/uploads\/2023\/02\/9990504-Langzeitentladebatterie_Energy_Bull_12V_100Ah_Abmessung_354x175x190_mm_gefuellt_gel_-Standard-01-1.jpg","width":1000,"height":847},{"@type":"BreadcrumbList","@id":"https:\/\/shop.bantam.ch\/fr\/produit\/batterie-a-decharge-lente-energy-bull-12-v-100-ah\/#breadcrumb","itemListElement":[{"@type":"ListItem","position":1,"name":"Accueil","item":"https:\/\/shop.bantam.ch\/fr\/"},{"@type":"ListItem","position":2,"name":"Boutique","item":"https:\/\/shop.bantam.ch\/fr\/boutique\/"},{"@type":"ListItem","position":3,"name":"Batterie d\u00e9charge lente Energy Bull 12 V \/ 100 Ah"}]},{"@type":"WebSite","@id":"https:\/\/shop.bantam.ch\/fr\/#website","url":"https:\/\/shop.bantam.ch\/fr\/","name":"Bantam","description":"","publisher":{"@id":"https:\/\/shop.bantam.ch\/fr\/#organization"},"inLanguage":"fr-FR"},{"@type":"Organization","@id":"https:\/\/shop.bantam.ch\/fr\/#organization","name":"Bantam","url":"https:\/\/shop.bantam.ch\/fr\/","logo":{"@type":"ImageObject","inLanguage":"fr-FR","@id":"https:\/\/shop.bantam.ch\/fr\/#\/schema\/logo\/image\/","url":"https:\/\/shop.bantam.ch\/wp-content\/uploads\/2022\/12\/bantam-logo.png","contentUrl":"https:\/\/shop.bantam.ch\/wp-content\/uploads\/2022\/12\/bantam-logo.png","width":320,"height":71,"caption":"Bantam"},"image":{"@id":"https:\/\/shop.bantam.ch\/fr\/#\/schema\/logo\/image\/"}}]}},"_links":{"self":[{"href":"https:\/\/shop.bantam.ch\/fr\/wp-json\/wp\/v2\/product\/38047","targetHints":{"allow":["GET"]}}],"collection":[{"href":"https:\/\/shop.bantam.ch\/fr\/wp-json\/wp\/v2\/product"}],"about":[{"href":"https:\/\/shop.bantam.ch\/fr\/wp-json\/wp\/v2\/types\/product"}],"wp:featuredmedia":[{"embeddable":true,"href":"https:\/\/shop.bantam.ch\/fr\/wp-json\/wp\/v2\/media\/38045"}],"wp:attachment":[{"href":"https:\/\/shop.bantam.ch\/fr\/wp-json\/wp\/v2\/media?parent=38047"}],"wp:term":[{"taxonomy":"product_featured_cat","embeddable":true,"href":"https:\/\/shop.bantam.ch\/fr\/wp-json\/wp\/v2\/product_featured_cat?post=38047"},{"taxonomy":"product_brand","embeddable":true,"href":"https:\/\/shop.bantam.ch\/fr\/wp-json\/wp\/v2\/product_brand?post=38047"},{"taxonomy":"product_cat","embeddable":true,"href":"https:\/\/shop.bantam.ch\/fr\/wp-json\/wp\/v2\/product_cat?post=38047"},{"taxonomy":"product_tag","embeddable":true,"href":"https:\/\/shop.bantam.ch\/fr\/wp-json\/wp\/v2\/product_tag?post=38047"}],"curies":[{"name":"wp","href":"https:\/\/api.w.org\/{rel}","templated":true}]}}