{"id":37913,"date":"2023-02-22T20:15:46","date_gmt":"2023-02-22T19:15:46","guid":{"rendered":"http:\/\/preprod-dev.sh1.hidora.com\/webshop\/produit\/porte-motos-carry-moto-pro-pour-garage-arriere\/"},"modified":"2026-04-18T20:51:23","modified_gmt":"2026-04-18T18:51:23","slug":"porte-motos-carry-moto-pro-pour-garage-arriere","status":"publish","type":"product","link":"https:\/\/shop.bantam.ch\/fr\/produit\/porte-motos-carry-moto-pro-pour-garage-arriere\/","title":{"rendered":"Porte-v\u00e9los Fiamma Carry Moto Pro Soute charge admissible 200 kg"},"content":{"rendered":"<p>Pour montage fixe sur la soute arri\u00e8re. Compos\u00e9 d&rsquo;un rail porteur robuste en aluminium anodis\u00e9 (180 x 15 cm) et d&rsquo;une rampe extensible (155 cm). Apr\u00e8s le chargement du support, la rampe est simplement repouss\u00e9e sous le rail porteur. Le scooter ou la moto sont fix\u00e9s de mani\u00e8re optimale pendant le trajet gr\u00e2ce \u00e0 l\u2019\u00e9trier de blocage amovible et 2 sangles solides.<\/p>\n","protected":false},"excerpt":{"rendered":"<p>Pour montage fixe sur la soute arri\u00e8re. Compos\u00e9 d&rsquo;un rail porteur robuste en aluminium anodis\u00e9 (180 x 15 cm) et d&rsquo;une rampe extensible (155 cm). Apr\u00e8s le chargement du support, la rampe est simplement repouss\u00e9e sous le rail porteur. Le scooter ou la moto sont fix\u00e9s de mani\u00e8re optimale pendant le trajet gr\u00e2ce \u00e0 l\u2019\u00e9trier [&hellip;]<\/p>\n","protected":false},"featured_media":37907,"template":"","meta":{"_acf_changed":false},"product_featured_cat":[],"product_brand":[3034],"product_cat":[5137],"product_tag":[],"class_list":{"0":"post-37913","1":"product","2":"type-product","3":"status-publish","4":"has-post-thumbnail","6":"product_brand-fiamma","7":"product_cat-porte-velos-arriere","9":"first","10":"instock","11":"taxable","12":"shipping-taxable","13":"purchasable","14":"product-type-simple"},"acf":[],"yoast_head":"<!-- This site is optimized with the Yoast SEO plugin v27.4 - https:\/\/yoast.com\/product\/yoast-seo-wordpress\/ -->\n<title>Porte-v\u00e9los Fiamma Carry Moto Pro Soute charge admissible 200 kg - Bantam Wankm\u00fcller SA<\/title>\n<meta name=\"robots\" content=\"index, follow, max-snippet:-1, max-image-preview:large, max-video-preview:-1\" \/>\n<link rel=\"canonical\" href=\"https:\/\/shop.bantam.ch\/fr\/produit\/porte-motos-carry-moto-pro-pour-garage-arriere\/\" \/>\n<meta property=\"og:locale\" content=\"fr_FR\" \/>\n<meta property=\"og:type\" content=\"article\" \/>\n<meta property=\"og:title\" content=\"Porte-v\u00e9los Fiamma Carry Moto Pro Soute charge admissible 200 kg - Bantam Wankm\u00fcller SA\" \/>\n<meta property=\"og:description\" content=\"Pour montage fixe sur la soute arri\u00e8re. Compos\u00e9 d&rsquo;un rail porteur robuste en aluminium anodis\u00e9 (180 x 15 cm) et d&rsquo;une rampe extensible (155 cm). Apr\u00e8s le chargement du support, la rampe est simplement repouss\u00e9e sous le rail porteur. Le scooter ou la moto sont fix\u00e9s de mani\u00e8re optimale pendant le trajet gr\u00e2ce \u00e0 l\u2019\u00e9trier [&hellip;]\" \/>\n<meta property=\"og:url\" content=\"https:\/\/shop.bantam.ch\/fr\/produit\/porte-motos-carry-moto-pro-pour-garage-arriere\/\" \/>\n<meta property=\"og:site_name\" content=\"Bantam Wankm\u00fcller SA\" \/>\n<meta property=\"article:modified_time\" content=\"2026-04-18T18:51:23+00:00\" \/>\n<meta property=\"og:image\" content=\"https:\/\/shop.bantam.ch\/wp-content\/uploads\/2023\/02\/9993655-Carry_Moto_Pro_Roller_Motorradtraeger_fuer_die_Heckgarage-Standard-01-1.jpg\" \/>\n\t<meta property=\"og:image:width\" content=\"1000\" \/>\n\t<meta property=\"og:image:height\" content=\"667\" \/>\n\t<meta property=\"og:image:type\" content=\"image\/jpeg\" \/>\n<meta name=\"twitter:card\" content=\"summary_large_image\" \/>\n<script type=\"application\/ld+json\" class=\"yoast-schema-graph\">{\"@context\":\"https:\\\/\\\/schema.org\",\"@graph\":[{\"@type\":\"WebPage\",\"@id\":\"https:\\\/\\\/shop.bantam.ch\\\/fr\\\/produit\\\/porte-motos-carry-moto-pro-pour-garage-arriere\\\/\",\"url\":\"https:\\\/\\\/shop.bantam.ch\\\/fr\\\/produit\\\/porte-motos-carry-moto-pro-pour-garage-arriere\\\/\",\"name\":\"Porte-v\u00e9los Fiamma Carry Moto Pro Soute charge admissible 200 kg - Bantam Wankm\u00fcller SA\",\"isPartOf\":{\"@id\":\"https:\\\/\\\/shop.bantam.ch\\\/fr\\\/#website\"},\"primaryImageOfPage\":{\"@id\":\"https:\\\/\\\/shop.bantam.ch\\\/fr\\\/produit\\\/porte-motos-carry-moto-pro-pour-garage-arriere\\\/#primaryimage\"},\"image\":{\"@id\":\"https:\\\/\\\/shop.bantam.ch\\\/fr\\\/produit\\\/porte-motos-carry-moto-pro-pour-garage-arriere\\\/#primaryimage\"},\"thumbnailUrl\":\"https:\\\/\\\/shop.bantam.ch\\\/wp-content\\\/uploads\\\/2023\\\/02\\\/9993655-Carry_Moto_Pro_Roller_Motorradtraeger_fuer_die_Heckgarage-Standard-01-1.jpg\",\"datePublished\":\"2023-02-22T19:15:46+00:00\",\"dateModified\":\"2026-04-18T18:51:23+00:00\",\"breadcrumb\":{\"@id\":\"https:\\\/\\\/shop.bantam.ch\\\/fr\\\/produit\\\/porte-motos-carry-moto-pro-pour-garage-arriere\\\/#breadcrumb\"},\"inLanguage\":\"fr-FR\",\"potentialAction\":[{\"@type\":\"ReadAction\",\"target\":[\"https:\\\/\\\/shop.bantam.ch\\\/fr\\\/produit\\\/porte-motos-carry-moto-pro-pour-garage-arriere\\\/\"]}]},{\"@type\":\"ImageObject\",\"inLanguage\":\"fr-FR\",\"@id\":\"https:\\\/\\\/shop.bantam.ch\\\/fr\\\/produit\\\/porte-motos-carry-moto-pro-pour-garage-arriere\\\/#primaryimage\",\"url\":\"https:\\\/\\\/shop.bantam.ch\\\/wp-content\\\/uploads\\\/2023\\\/02\\\/9993655-Carry_Moto_Pro_Roller_Motorradtraeger_fuer_die_Heckgarage-Standard-01-1.jpg\",\"contentUrl\":\"https:\\\/\\\/shop.bantam.ch\\\/wp-content\\\/uploads\\\/2023\\\/02\\\/9993655-Carry_Moto_Pro_Roller_Motorradtraeger_fuer_die_Heckgarage-Standard-01-1.jpg\",\"width\":1000,\"height\":667},{\"@type\":\"BreadcrumbList\",\"@id\":\"https:\\\/\\\/shop.bantam.ch\\\/fr\\\/produit\\\/porte-motos-carry-moto-pro-pour-garage-arriere\\\/#breadcrumb\",\"itemListElement\":[{\"@type\":\"ListItem\",\"position\":1,\"name\":\"Accueil\",\"item\":\"https:\\\/\\\/shop.bantam.ch\\\/fr\\\/\"},{\"@type\":\"ListItem\",\"position\":2,\"name\":\"Boutique\",\"item\":\"https:\\\/\\\/shop.bantam.ch\\\/fr\\\/boutique\\\/\"},{\"@type\":\"ListItem\",\"position\":3,\"name\":\"Porte-v\u00e9los Fiamma Carry Moto Pro Soute charge admissible 200 kg\"}]},{\"@type\":\"WebSite\",\"@id\":\"https:\\\/\\\/shop.bantam.ch\\\/fr\\\/#website\",\"url\":\"https:\\\/\\\/shop.bantam.ch\\\/fr\\\/\",\"name\":\"Bantam Wankm\u00fcller SA\",\"description\":\"\",\"publisher\":{\"@id\":\"https:\\\/\\\/shop.bantam.ch\\\/fr\\\/#organization\"},\"inLanguage\":\"fr-FR\"},{\"@type\":\"Organization\",\"@id\":\"https:\\\/\\\/shop.bantam.ch\\\/fr\\\/#organization\",\"name\":\"Bantam Wankm\u00fcller SA\",\"url\":\"https:\\\/\\\/shop.bantam.ch\\\/fr\\\/\",\"logo\":{\"@type\":\"ImageObject\",\"inLanguage\":\"fr-FR\",\"@id\":\"https:\\\/\\\/shop.bantam.ch\\\/fr\\\/#\\\/schema\\\/logo\\\/image\\\/\",\"url\":\"https:\\\/\\\/shop.bantam.ch\\\/wp-content\\\/uploads\\\/2022\\\/12\\\/bantam-logo.png\",\"contentUrl\":\"https:\\\/\\\/shop.bantam.ch\\\/wp-content\\\/uploads\\\/2022\\\/12\\\/bantam-logo.png\",\"width\":320,\"height\":71,\"caption\":\"Bantam Wankm\u00fcller SA\"},\"image\":{\"@id\":\"https:\\\/\\\/shop.bantam.ch\\\/fr\\\/#\\\/schema\\\/logo\\\/image\\\/\"}}]}<\/script>\n<!-- \/ Yoast SEO plugin. -->","yoast_head_json":{"title":"Porte-v\u00e9los Fiamma Carry Moto Pro Soute charge admissible 200 kg - Bantam Wankm\u00fcller SA","robots":{"index":"index","follow":"follow","max-snippet":"max-snippet:-1","max-image-preview":"max-image-preview:large","max-video-preview":"max-video-preview:-1"},"canonical":"https:\/\/shop.bantam.ch\/fr\/produit\/porte-motos-carry-moto-pro-pour-garage-arriere\/","og_locale":"fr_FR","og_type":"article","og_title":"Porte-v\u00e9los Fiamma Carry Moto Pro Soute charge admissible 200 kg - Bantam Wankm\u00fcller SA","og_description":"Pour montage fixe sur la soute arri\u00e8re. Compos\u00e9 d&rsquo;un rail porteur robuste en aluminium anodis\u00e9 (180 x 15 cm) et d&rsquo;une rampe extensible (155 cm). Apr\u00e8s le chargement du support, la rampe est simplement repouss\u00e9e sous le rail porteur. Le scooter ou la moto sont fix\u00e9s de mani\u00e8re optimale pendant le trajet gr\u00e2ce \u00e0 l\u2019\u00e9trier [&hellip;]","og_url":"https:\/\/shop.bantam.ch\/fr\/produit\/porte-motos-carry-moto-pro-pour-garage-arriere\/","og_site_name":"Bantam Wankm\u00fcller SA","article_modified_time":"2026-04-18T18:51:23+00:00","og_image":[{"width":1000,"height":667,"url":"https:\/\/shop.bantam.ch\/wp-content\/uploads\/2023\/02\/9993655-Carry_Moto_Pro_Roller_Motorradtraeger_fuer_die_Heckgarage-Standard-01-1.jpg","type":"image\/jpeg"}],"twitter_card":"summary_large_image","schema":{"@context":"https:\/\/schema.org","@graph":[{"@type":"WebPage","@id":"https:\/\/shop.bantam.ch\/fr\/produit\/porte-motos-carry-moto-pro-pour-garage-arriere\/","url":"https:\/\/shop.bantam.ch\/fr\/produit\/porte-motos-carry-moto-pro-pour-garage-arriere\/","name":"Porte-v\u00e9los Fiamma Carry Moto Pro Soute charge admissible 200 kg - Bantam Wankm\u00fcller SA","isPartOf":{"@id":"https:\/\/shop.bantam.ch\/fr\/#website"},"primaryImageOfPage":{"@id":"https:\/\/shop.bantam.ch\/fr\/produit\/porte-motos-carry-moto-pro-pour-garage-arriere\/#primaryimage"},"image":{"@id":"https:\/\/shop.bantam.ch\/fr\/produit\/porte-motos-carry-moto-pro-pour-garage-arriere\/#primaryimage"},"thumbnailUrl":"https:\/\/shop.bantam.ch\/wp-content\/uploads\/2023\/02\/9993655-Carry_Moto_Pro_Roller_Motorradtraeger_fuer_die_Heckgarage-Standard-01-1.jpg","datePublished":"2023-02-22T19:15:46+00:00","dateModified":"2026-04-18T18:51:23+00:00","breadcrumb":{"@id":"https:\/\/shop.bantam.ch\/fr\/produit\/porte-motos-carry-moto-pro-pour-garage-arriere\/#breadcrumb"},"inLanguage":"fr-FR","potentialAction":[{"@type":"ReadAction","target":["https:\/\/shop.bantam.ch\/fr\/produit\/porte-motos-carry-moto-pro-pour-garage-arriere\/"]}]},{"@type":"ImageObject","inLanguage":"fr-FR","@id":"https:\/\/shop.bantam.ch\/fr\/produit\/porte-motos-carry-moto-pro-pour-garage-arriere\/#primaryimage","url":"https:\/\/shop.bantam.ch\/wp-content\/uploads\/2023\/02\/9993655-Carry_Moto_Pro_Roller_Motorradtraeger_fuer_die_Heckgarage-Standard-01-1.jpg","contentUrl":"https:\/\/shop.bantam.ch\/wp-content\/uploads\/2023\/02\/9993655-Carry_Moto_Pro_Roller_Motorradtraeger_fuer_die_Heckgarage-Standard-01-1.jpg","width":1000,"height":667},{"@type":"BreadcrumbList","@id":"https:\/\/shop.bantam.ch\/fr\/produit\/porte-motos-carry-moto-pro-pour-garage-arriere\/#breadcrumb","itemListElement":[{"@type":"ListItem","position":1,"name":"Accueil","item":"https:\/\/shop.bantam.ch\/fr\/"},{"@type":"ListItem","position":2,"name":"Boutique","item":"https:\/\/shop.bantam.ch\/fr\/boutique\/"},{"@type":"ListItem","position":3,"name":"Porte-v\u00e9los Fiamma Carry Moto Pro Soute charge admissible 200 kg"}]},{"@type":"WebSite","@id":"https:\/\/shop.bantam.ch\/fr\/#website","url":"https:\/\/shop.bantam.ch\/fr\/","name":"Bantam Wankm\u00fcller SA","description":"","publisher":{"@id":"https:\/\/shop.bantam.ch\/fr\/#organization"},"inLanguage":"fr-FR"},{"@type":"Organization","@id":"https:\/\/shop.bantam.ch\/fr\/#organization","name":"Bantam Wankm\u00fcller SA","url":"https:\/\/shop.bantam.ch\/fr\/","logo":{"@type":"ImageObject","inLanguage":"fr-FR","@id":"https:\/\/shop.bantam.ch\/fr\/#\/schema\/logo\/image\/","url":"https:\/\/shop.bantam.ch\/wp-content\/uploads\/2022\/12\/bantam-logo.png","contentUrl":"https:\/\/shop.bantam.ch\/wp-content\/uploads\/2022\/12\/bantam-logo.png","width":320,"height":71,"caption":"Bantam Wankm\u00fcller SA"},"image":{"@id":"https:\/\/shop.bantam.ch\/fr\/#\/schema\/logo\/image\/"}}]}},"_links":{"self":[{"href":"https:\/\/shop.bantam.ch\/fr\/wp-json\/wp\/v2\/product\/37913","targetHints":{"allow":["GET"]}}],"collection":[{"href":"https:\/\/shop.bantam.ch\/fr\/wp-json\/wp\/v2\/product"}],"about":[{"href":"https:\/\/shop.bantam.ch\/fr\/wp-json\/wp\/v2\/types\/product"}],"wp:featuredmedia":[{"embeddable":true,"href":"https:\/\/shop.bantam.ch\/fr\/wp-json\/wp\/v2\/media\/37907"}],"wp:attachment":[{"href":"https:\/\/shop.bantam.ch\/fr\/wp-json\/wp\/v2\/media?parent=37913"}],"wp:term":[{"taxonomy":"product_featured_cat","embeddable":true,"href":"https:\/\/shop.bantam.ch\/fr\/wp-json\/wp\/v2\/product_featured_cat?post=37913"},{"taxonomy":"product_brand","embeddable":true,"href":"https:\/\/shop.bantam.ch\/fr\/wp-json\/wp\/v2\/product_brand?post=37913"},{"taxonomy":"product_cat","embeddable":true,"href":"https:\/\/shop.bantam.ch\/fr\/wp-json\/wp\/v2\/product_cat?post=37913"},{"taxonomy":"product_tag","embeddable":true,"href":"https:\/\/shop.bantam.ch\/fr\/wp-json\/wp\/v2\/product_tag?post=37913"}],"curies":[{"name":"wp","href":"https:\/\/api.w.org\/{rel}","templated":true}]}}