{"id":37877,"date":"2023-02-22T20:15:07","date_gmt":"2023-02-22T19:15:07","guid":{"rendered":"http:\/\/preprod-dev.sh1.hidora.com\/webshop\/produit\/detecteur-de-gaz-compact-gba-i-pour-montage-mural\/"},"modified":"2026-04-18T20:51:15","modified_gmt":"2026-04-18T18:51:15","slug":"detecteur-de-gaz-compact-gba-i-pour-montage-mural","status":"publish","type":"product","link":"https:\/\/shop.bantam.ch\/fr\/produit\/detecteur-de-gaz-compact-gba-i-pour-montage-mural\/","title":{"rendered":"D\u00e9tecteur de gaz Thitronik GBA-I pour montage mural"},"content":{"rendered":"<ul>\n<li>D\u00e9tecte les gaz KO et narcotiques<\/li>\n<li>D\u00e9tecte le propane et le butane<\/li>\n<li>Capteur int\u00e9gr\u00e9<\/li>\n<li>Bip int\u00e9gr\u00e9<\/li>\n<li>Installation facile<\/li>\n<li>Montage mural<\/li>\n<li>Fonctionne aussi sur 230 V (option)<\/li>\n<li>Auto-test automatique des capteurs<\/li>\n<li>Compensation de temp\u00e9rature<\/li>\n<li>Homologation de type E1<\/li>\n<li>Made in Germany<\/li>\n<\/ul>\n<p>Contenu de la livraison :<br \/>GBA-I<br \/>C\u00e2ble d\u2019alimentation pour 12V<br \/>Mat\u00e9riel de fixation<br \/>Mode d\u2019emploi<br \/>Autocollant d&rsquo;alarme<\/p>\n","protected":false},"excerpt":{"rendered":"<p>D\u00e9tecte les gaz KO et narcotiques D\u00e9tecte le propane et le butane Capteur int\u00e9gr\u00e9 Bip int\u00e9gr\u00e9 Installation facile Montage mural Fonctionne aussi sur 230 V (option) Auto-test automatique des capteurs Compensation de temp\u00e9rature Homologation de type E1 Made in Germany Contenu de la livraison :GBA-IC\u00e2ble d\u2019alimentation pour 12VMat\u00e9riel de fixationMode d\u2019emploiAutocollant d&rsquo;alarme<\/p>\n","protected":false},"featured_media":37871,"template":"","meta":{"_acf_changed":false},"product_featured_cat":[],"product_brand":[3216],"product_cat":[5053],"product_tag":[],"class_list":{"0":"post-37877","1":"product","2":"type-product","3":"status-publish","4":"has-post-thumbnail","6":"product_brand-thitronik","7":"product_cat-alarmes-a-gaz","9":"first","10":"instock","11":"taxable","12":"shipping-taxable","13":"purchasable","14":"product-type-simple"},"acf":[],"yoast_head":"<!-- This site is optimized with the Yoast SEO plugin v27.4 - https:\/\/yoast.com\/product\/yoast-seo-wordpress\/ -->\n<title>D\u00e9tecteur de gaz Thitronik GBA-I pour montage mural - Bantam Wankm\u00fcller SA<\/title>\n<meta name=\"robots\" content=\"index, follow, max-snippet:-1, max-image-preview:large, max-video-preview:-1\" \/>\n<link rel=\"canonical\" href=\"https:\/\/shop.bantam.ch\/fr\/produit\/detecteur-de-gaz-compact-gba-i-pour-montage-mural\/\" \/>\n<meta property=\"og:locale\" content=\"fr_FR\" \/>\n<meta property=\"og:type\" content=\"article\" \/>\n<meta property=\"og:title\" content=\"D\u00e9tecteur de gaz Thitronik GBA-I pour montage mural - Bantam Wankm\u00fcller SA\" \/>\n<meta property=\"og:description\" content=\"D\u00e9tecte les gaz KO et narcotiques D\u00e9tecte le propane et le butane Capteur int\u00e9gr\u00e9 Bip int\u00e9gr\u00e9 Installation facile Montage mural Fonctionne aussi sur 230 V (option) Auto-test automatique des capteurs Compensation de temp\u00e9rature Homologation de type E1 Made in Germany Contenu de la livraison :GBA-IC\u00e2ble d\u2019alimentation pour 12VMat\u00e9riel de fixationMode d\u2019emploiAutocollant d&rsquo;alarme\" \/>\n<meta property=\"og:url\" content=\"https:\/\/shop.bantam.ch\/fr\/produit\/detecteur-de-gaz-compact-gba-i-pour-montage-mural\/\" \/>\n<meta property=\"og:site_name\" content=\"Bantam Wankm\u00fcller SA\" \/>\n<meta property=\"article:modified_time\" content=\"2026-04-18T18:51:15+00:00\" \/>\n<meta property=\"og:image\" content=\"https:\/\/shop.bantam.ch\/wp-content\/uploads\/2023\/02\/9993044-GBA_I_Gaswarner_fuer_Wandmontage-Standard-01-1.jpg\" \/>\n\t<meta property=\"og:image:width\" content=\"1000\" \/>\n\t<meta property=\"og:image:height\" content=\"802\" \/>\n\t<meta property=\"og:image:type\" content=\"image\/jpeg\" \/>\n<meta name=\"twitter:card\" content=\"summary_large_image\" \/>\n<script type=\"application\/ld+json\" class=\"yoast-schema-graph\">{\"@context\":\"https:\\\/\\\/schema.org\",\"@graph\":[{\"@type\":\"WebPage\",\"@id\":\"https:\\\/\\\/shop.bantam.ch\\\/fr\\\/produit\\\/detecteur-de-gaz-compact-gba-i-pour-montage-mural\\\/\",\"url\":\"https:\\\/\\\/shop.bantam.ch\\\/fr\\\/produit\\\/detecteur-de-gaz-compact-gba-i-pour-montage-mural\\\/\",\"name\":\"D\u00e9tecteur de gaz Thitronik GBA-I pour montage mural - Bantam Wankm\u00fcller SA\",\"isPartOf\":{\"@id\":\"https:\\\/\\\/shop.bantam.ch\\\/fr\\\/#website\"},\"primaryImageOfPage\":{\"@id\":\"https:\\\/\\\/shop.bantam.ch\\\/fr\\\/produit\\\/detecteur-de-gaz-compact-gba-i-pour-montage-mural\\\/#primaryimage\"},\"image\":{\"@id\":\"https:\\\/\\\/shop.bantam.ch\\\/fr\\\/produit\\\/detecteur-de-gaz-compact-gba-i-pour-montage-mural\\\/#primaryimage\"},\"thumbnailUrl\":\"https:\\\/\\\/shop.bantam.ch\\\/wp-content\\\/uploads\\\/2023\\\/02\\\/9993044-GBA_I_Gaswarner_fuer_Wandmontage-Standard-01-1.jpg\",\"datePublished\":\"2023-02-22T19:15:07+00:00\",\"dateModified\":\"2026-04-18T18:51:15+00:00\",\"breadcrumb\":{\"@id\":\"https:\\\/\\\/shop.bantam.ch\\\/fr\\\/produit\\\/detecteur-de-gaz-compact-gba-i-pour-montage-mural\\\/#breadcrumb\"},\"inLanguage\":\"fr-FR\",\"potentialAction\":[{\"@type\":\"ReadAction\",\"target\":[\"https:\\\/\\\/shop.bantam.ch\\\/fr\\\/produit\\\/detecteur-de-gaz-compact-gba-i-pour-montage-mural\\\/\"]}]},{\"@type\":\"ImageObject\",\"inLanguage\":\"fr-FR\",\"@id\":\"https:\\\/\\\/shop.bantam.ch\\\/fr\\\/produit\\\/detecteur-de-gaz-compact-gba-i-pour-montage-mural\\\/#primaryimage\",\"url\":\"https:\\\/\\\/shop.bantam.ch\\\/wp-content\\\/uploads\\\/2023\\\/02\\\/9993044-GBA_I_Gaswarner_fuer_Wandmontage-Standard-01-1.jpg\",\"contentUrl\":\"https:\\\/\\\/shop.bantam.ch\\\/wp-content\\\/uploads\\\/2023\\\/02\\\/9993044-GBA_I_Gaswarner_fuer_Wandmontage-Standard-01-1.jpg\",\"width\":1000,\"height\":802},{\"@type\":\"BreadcrumbList\",\"@id\":\"https:\\\/\\\/shop.bantam.ch\\\/fr\\\/produit\\\/detecteur-de-gaz-compact-gba-i-pour-montage-mural\\\/#breadcrumb\",\"itemListElement\":[{\"@type\":\"ListItem\",\"position\":1,\"name\":\"Accueil\",\"item\":\"https:\\\/\\\/shop.bantam.ch\\\/fr\\\/\"},{\"@type\":\"ListItem\",\"position\":2,\"name\":\"Boutique\",\"item\":\"https:\\\/\\\/shop.bantam.ch\\\/fr\\\/boutique\\\/\"},{\"@type\":\"ListItem\",\"position\":3,\"name\":\"D\u00e9tecteur de gaz Thitronik GBA-I pour montage mural\"}]},{\"@type\":\"WebSite\",\"@id\":\"https:\\\/\\\/shop.bantam.ch\\\/fr\\\/#website\",\"url\":\"https:\\\/\\\/shop.bantam.ch\\\/fr\\\/\",\"name\":\"Bantam Wankm\u00fcller SA\",\"description\":\"\",\"publisher\":{\"@id\":\"https:\\\/\\\/shop.bantam.ch\\\/fr\\\/#organization\"},\"inLanguage\":\"fr-FR\"},{\"@type\":\"Organization\",\"@id\":\"https:\\\/\\\/shop.bantam.ch\\\/fr\\\/#organization\",\"name\":\"Bantam Wankm\u00fcller SA\",\"url\":\"https:\\\/\\\/shop.bantam.ch\\\/fr\\\/\",\"logo\":{\"@type\":\"ImageObject\",\"inLanguage\":\"fr-FR\",\"@id\":\"https:\\\/\\\/shop.bantam.ch\\\/fr\\\/#\\\/schema\\\/logo\\\/image\\\/\",\"url\":\"https:\\\/\\\/shop.bantam.ch\\\/wp-content\\\/uploads\\\/2022\\\/12\\\/bantam-logo.png\",\"contentUrl\":\"https:\\\/\\\/shop.bantam.ch\\\/wp-content\\\/uploads\\\/2022\\\/12\\\/bantam-logo.png\",\"width\":320,\"height\":71,\"caption\":\"Bantam Wankm\u00fcller SA\"},\"image\":{\"@id\":\"https:\\\/\\\/shop.bantam.ch\\\/fr\\\/#\\\/schema\\\/logo\\\/image\\\/\"}}]}<\/script>\n<!-- \/ Yoast SEO plugin. -->","yoast_head_json":{"title":"D\u00e9tecteur de gaz Thitronik GBA-I pour montage mural - Bantam Wankm\u00fcller SA","robots":{"index":"index","follow":"follow","max-snippet":"max-snippet:-1","max-image-preview":"max-image-preview:large","max-video-preview":"max-video-preview:-1"},"canonical":"https:\/\/shop.bantam.ch\/fr\/produit\/detecteur-de-gaz-compact-gba-i-pour-montage-mural\/","og_locale":"fr_FR","og_type":"article","og_title":"D\u00e9tecteur de gaz Thitronik GBA-I pour montage mural - Bantam Wankm\u00fcller SA","og_description":"D\u00e9tecte les gaz KO et narcotiques D\u00e9tecte le propane et le butane Capteur int\u00e9gr\u00e9 Bip int\u00e9gr\u00e9 Installation facile Montage mural Fonctionne aussi sur 230 V (option) Auto-test automatique des capteurs Compensation de temp\u00e9rature Homologation de type E1 Made in Germany Contenu de la livraison :GBA-IC\u00e2ble d\u2019alimentation pour 12VMat\u00e9riel de fixationMode d\u2019emploiAutocollant d&rsquo;alarme","og_url":"https:\/\/shop.bantam.ch\/fr\/produit\/detecteur-de-gaz-compact-gba-i-pour-montage-mural\/","og_site_name":"Bantam Wankm\u00fcller SA","article_modified_time":"2026-04-18T18:51:15+00:00","og_image":[{"width":1000,"height":802,"url":"https:\/\/shop.bantam.ch\/wp-content\/uploads\/2023\/02\/9993044-GBA_I_Gaswarner_fuer_Wandmontage-Standard-01-1.jpg","type":"image\/jpeg"}],"twitter_card":"summary_large_image","schema":{"@context":"https:\/\/schema.org","@graph":[{"@type":"WebPage","@id":"https:\/\/shop.bantam.ch\/fr\/produit\/detecteur-de-gaz-compact-gba-i-pour-montage-mural\/","url":"https:\/\/shop.bantam.ch\/fr\/produit\/detecteur-de-gaz-compact-gba-i-pour-montage-mural\/","name":"D\u00e9tecteur de gaz Thitronik GBA-I pour montage mural - Bantam Wankm\u00fcller SA","isPartOf":{"@id":"https:\/\/shop.bantam.ch\/fr\/#website"},"primaryImageOfPage":{"@id":"https:\/\/shop.bantam.ch\/fr\/produit\/detecteur-de-gaz-compact-gba-i-pour-montage-mural\/#primaryimage"},"image":{"@id":"https:\/\/shop.bantam.ch\/fr\/produit\/detecteur-de-gaz-compact-gba-i-pour-montage-mural\/#primaryimage"},"thumbnailUrl":"https:\/\/shop.bantam.ch\/wp-content\/uploads\/2023\/02\/9993044-GBA_I_Gaswarner_fuer_Wandmontage-Standard-01-1.jpg","datePublished":"2023-02-22T19:15:07+00:00","dateModified":"2026-04-18T18:51:15+00:00","breadcrumb":{"@id":"https:\/\/shop.bantam.ch\/fr\/produit\/detecteur-de-gaz-compact-gba-i-pour-montage-mural\/#breadcrumb"},"inLanguage":"fr-FR","potentialAction":[{"@type":"ReadAction","target":["https:\/\/shop.bantam.ch\/fr\/produit\/detecteur-de-gaz-compact-gba-i-pour-montage-mural\/"]}]},{"@type":"ImageObject","inLanguage":"fr-FR","@id":"https:\/\/shop.bantam.ch\/fr\/produit\/detecteur-de-gaz-compact-gba-i-pour-montage-mural\/#primaryimage","url":"https:\/\/shop.bantam.ch\/wp-content\/uploads\/2023\/02\/9993044-GBA_I_Gaswarner_fuer_Wandmontage-Standard-01-1.jpg","contentUrl":"https:\/\/shop.bantam.ch\/wp-content\/uploads\/2023\/02\/9993044-GBA_I_Gaswarner_fuer_Wandmontage-Standard-01-1.jpg","width":1000,"height":802},{"@type":"BreadcrumbList","@id":"https:\/\/shop.bantam.ch\/fr\/produit\/detecteur-de-gaz-compact-gba-i-pour-montage-mural\/#breadcrumb","itemListElement":[{"@type":"ListItem","position":1,"name":"Accueil","item":"https:\/\/shop.bantam.ch\/fr\/"},{"@type":"ListItem","position":2,"name":"Boutique","item":"https:\/\/shop.bantam.ch\/fr\/boutique\/"},{"@type":"ListItem","position":3,"name":"D\u00e9tecteur de gaz Thitronik GBA-I pour montage mural"}]},{"@type":"WebSite","@id":"https:\/\/shop.bantam.ch\/fr\/#website","url":"https:\/\/shop.bantam.ch\/fr\/","name":"Bantam Wankm\u00fcller SA","description":"","publisher":{"@id":"https:\/\/shop.bantam.ch\/fr\/#organization"},"inLanguage":"fr-FR"},{"@type":"Organization","@id":"https:\/\/shop.bantam.ch\/fr\/#organization","name":"Bantam Wankm\u00fcller SA","url":"https:\/\/shop.bantam.ch\/fr\/","logo":{"@type":"ImageObject","inLanguage":"fr-FR","@id":"https:\/\/shop.bantam.ch\/fr\/#\/schema\/logo\/image\/","url":"https:\/\/shop.bantam.ch\/wp-content\/uploads\/2022\/12\/bantam-logo.png","contentUrl":"https:\/\/shop.bantam.ch\/wp-content\/uploads\/2022\/12\/bantam-logo.png","width":320,"height":71,"caption":"Bantam Wankm\u00fcller SA"},"image":{"@id":"https:\/\/shop.bantam.ch\/fr\/#\/schema\/logo\/image\/"}}]}},"_links":{"self":[{"href":"https:\/\/shop.bantam.ch\/fr\/wp-json\/wp\/v2\/product\/37877","targetHints":{"allow":["GET"]}}],"collection":[{"href":"https:\/\/shop.bantam.ch\/fr\/wp-json\/wp\/v2\/product"}],"about":[{"href":"https:\/\/shop.bantam.ch\/fr\/wp-json\/wp\/v2\/types\/product"}],"wp:featuredmedia":[{"embeddable":true,"href":"https:\/\/shop.bantam.ch\/fr\/wp-json\/wp\/v2\/media\/37871"}],"wp:attachment":[{"href":"https:\/\/shop.bantam.ch\/fr\/wp-json\/wp\/v2\/media?parent=37877"}],"wp:term":[{"taxonomy":"product_featured_cat","embeddable":true,"href":"https:\/\/shop.bantam.ch\/fr\/wp-json\/wp\/v2\/product_featured_cat?post=37877"},{"taxonomy":"product_brand","embeddable":true,"href":"https:\/\/shop.bantam.ch\/fr\/wp-json\/wp\/v2\/product_brand?post=37877"},{"taxonomy":"product_cat","embeddable":true,"href":"https:\/\/shop.bantam.ch\/fr\/wp-json\/wp\/v2\/product_cat?post=37877"},{"taxonomy":"product_tag","embeddable":true,"href":"https:\/\/shop.bantam.ch\/fr\/wp-json\/wp\/v2\/product_tag?post=37877"}],"curies":[{"name":"wp","href":"https:\/\/api.w.org\/{rel}","templated":true}]}}