{"id":37673,"date":"2023-02-22T20:11:11","date_gmt":"2023-02-22T19:11:11","guid":{"rendered":"http:\/\/preprod-dev.sh1.hidora.com\/webshop\/produit\/set-de-10-casseroles-alu-skipper-bleu\/"},"modified":"2026-04-18T20:50:27","modified_gmt":"2026-04-18T18:50:27","slug":"set-de-10-casseroles-alu-skipper-bleu","status":"publish","type":"product","link":"https:\/\/shop.bantam.ch\/fr\/produit\/set-de-10-casseroles-alu-skipper-bleu\/","title":{"rendered":"Batterie de cuisson Alu 9 Diam. 24cm Coul. Bleu noir"},"content":{"rendered":"<p>Lots de casseroles en aluminium avec rev\u00eatement antiadh\u00e9sif de qualit\u00e9. Rangement compact, design moderne, hygi\u00e9nique, insensible aux chocs de temp\u00e9rature, r\u00e9sistant \u00e0 la corrosion et facile \u00e0 nettoyer Convient aux cuisini\u00e8res \u00e0 gaz et \u00e9lectriques.<\/p>\n<p>Set de 10 pi\u00e8ces comprenant :<br \/>1 casserole avec poign\u00e9es (\u00d8 24\u00a0cm)<br \/>1 casserole (\u00d8 20 cm)<br \/>1 casserole (\u00d8 16 cm)<br \/>1 couvercle (\u00d8 24 cm)<br \/>1 couvercle (\u00d8 20 cm)<br \/>1 po\u00eale avec poign\u00e9es (\u00d8 24\u00a0cm)<br \/>1 po\u00eale, (\u00d8 20\u00a0cm)<br \/>1 \u00e9gouttoir (\u00d8 24\u00a0cm)<br \/>1 pince pour BBQ<br \/>1 bande de maintien pour casserole<\/p>\n","protected":false},"excerpt":{"rendered":"<p>Lots de casseroles en aluminium avec rev\u00eatement antiadh\u00e9sif de qualit\u00e9. Rangement compact, design moderne, hygi\u00e9nique, insensible aux chocs de temp\u00e9rature, r\u00e9sistant \u00e0 la corrosion et facile \u00e0 nettoyer Convient aux cuisini\u00e8res \u00e0 gaz et \u00e9lectriques. Set de 10 pi\u00e8ces comprenant :1 casserole avec poign\u00e9es (\u00d8 24\u00a0cm)1 casserole (\u00d8 20 cm)1 casserole (\u00d8 16 cm)1 couvercle [&hellip;]<\/p>\n","protected":false},"featured_media":37671,"template":"","meta":{"_acf_changed":false},"product_featured_cat":[],"product_brand":[3080],"product_cat":[4265],"product_tag":[],"class_list":{"0":"post-37673","1":"product","2":"type-product","3":"status-publish","4":"has-post-thumbnail","6":"product_brand-brunner","7":"product_cat-casseroles-poeles-et-sets","9":"first","10":"instock","11":"taxable","12":"shipping-taxable","13":"purchasable","14":"product-type-simple"},"acf":[],"yoast_head":"<!-- This site is optimized with the Yoast SEO plugin v27.4 - https:\/\/yoast.com\/product\/yoast-seo-wordpress\/ -->\n<title>Batterie de cuisson Alu 9 Diam. 24cm Coul. Bleu noir - Bantam Wankm\u00fcller SA<\/title>\n<meta name=\"robots\" content=\"index, follow, max-snippet:-1, max-image-preview:large, max-video-preview:-1\" \/>\n<link rel=\"canonical\" href=\"https:\/\/shop.bantam.ch\/fr\/produit\/set-de-10-casseroles-alu-skipper-bleu\/\" \/>\n<meta property=\"og:locale\" content=\"fr_FR\" \/>\n<meta property=\"og:type\" content=\"article\" \/>\n<meta property=\"og:title\" content=\"Batterie de cuisson Alu 9 Diam. 24cm Coul. Bleu noir - Bantam Wankm\u00fcller SA\" \/>\n<meta property=\"og:description\" content=\"Lots de casseroles en aluminium avec rev\u00eatement antiadh\u00e9sif de qualit\u00e9. Rangement compact, design moderne, hygi\u00e9nique, insensible aux chocs de temp\u00e9rature, r\u00e9sistant \u00e0 la corrosion et facile \u00e0 nettoyer Convient aux cuisini\u00e8res \u00e0 gaz et \u00e9lectriques. Set de 10 pi\u00e8ces comprenant :1 casserole avec poign\u00e9es (\u00d8 24\u00a0cm)1 casserole (\u00d8 20 cm)1 casserole (\u00d8 16 cm)1 couvercle [&hellip;]\" \/>\n<meta property=\"og:url\" content=\"https:\/\/shop.bantam.ch\/fr\/produit\/set-de-10-casseroles-alu-skipper-bleu\/\" \/>\n<meta property=\"og:site_name\" content=\"Bantam Wankm\u00fcller SA\" \/>\n<meta property=\"article:modified_time\" content=\"2026-04-18T18:50:27+00:00\" \/>\n<meta property=\"og:image\" content=\"https:\/\/shop.bantam.ch\/wp-content\/uploads\/2023\/02\/9932015-Alu_Topfset_Skipper_9_1_Durchm_24_cm_Frb_blau_schwarz-Standard-01-1.jpg\" \/>\n\t<meta property=\"og:image:width\" content=\"1000\" \/>\n\t<meta property=\"og:image:height\" content=\"320\" \/>\n\t<meta property=\"og:image:type\" content=\"image\/jpeg\" \/>\n<meta name=\"twitter:card\" content=\"summary_large_image\" \/>\n<script type=\"application\/ld+json\" class=\"yoast-schema-graph\">{\"@context\":\"https:\\\/\\\/schema.org\",\"@graph\":[{\"@type\":\"WebPage\",\"@id\":\"https:\\\/\\\/shop.bantam.ch\\\/fr\\\/produit\\\/set-de-10-casseroles-alu-skipper-bleu\\\/\",\"url\":\"https:\\\/\\\/shop.bantam.ch\\\/fr\\\/produit\\\/set-de-10-casseroles-alu-skipper-bleu\\\/\",\"name\":\"Batterie de cuisson Alu 9 Diam. 24cm Coul. Bleu noir - Bantam Wankm\u00fcller SA\",\"isPartOf\":{\"@id\":\"https:\\\/\\\/shop.bantam.ch\\\/fr\\\/#website\"},\"primaryImageOfPage\":{\"@id\":\"https:\\\/\\\/shop.bantam.ch\\\/fr\\\/produit\\\/set-de-10-casseroles-alu-skipper-bleu\\\/#primaryimage\"},\"image\":{\"@id\":\"https:\\\/\\\/shop.bantam.ch\\\/fr\\\/produit\\\/set-de-10-casseroles-alu-skipper-bleu\\\/#primaryimage\"},\"thumbnailUrl\":\"https:\\\/\\\/shop.bantam.ch\\\/wp-content\\\/uploads\\\/2023\\\/02\\\/9932015-Alu_Topfset_Skipper_9_1_Durchm_24_cm_Frb_blau_schwarz-Standard-01-1.jpg\",\"datePublished\":\"2023-02-22T19:11:11+00:00\",\"dateModified\":\"2026-04-18T18:50:27+00:00\",\"breadcrumb\":{\"@id\":\"https:\\\/\\\/shop.bantam.ch\\\/fr\\\/produit\\\/set-de-10-casseroles-alu-skipper-bleu\\\/#breadcrumb\"},\"inLanguage\":\"fr-FR\",\"potentialAction\":[{\"@type\":\"ReadAction\",\"target\":[\"https:\\\/\\\/shop.bantam.ch\\\/fr\\\/produit\\\/set-de-10-casseroles-alu-skipper-bleu\\\/\"]}]},{\"@type\":\"ImageObject\",\"inLanguage\":\"fr-FR\",\"@id\":\"https:\\\/\\\/shop.bantam.ch\\\/fr\\\/produit\\\/set-de-10-casseroles-alu-skipper-bleu\\\/#primaryimage\",\"url\":\"https:\\\/\\\/shop.bantam.ch\\\/wp-content\\\/uploads\\\/2023\\\/02\\\/9932015-Alu_Topfset_Skipper_9_1_Durchm_24_cm_Frb_blau_schwarz-Standard-01-1.jpg\",\"contentUrl\":\"https:\\\/\\\/shop.bantam.ch\\\/wp-content\\\/uploads\\\/2023\\\/02\\\/9932015-Alu_Topfset_Skipper_9_1_Durchm_24_cm_Frb_blau_schwarz-Standard-01-1.jpg\",\"width\":1000,\"height\":320},{\"@type\":\"BreadcrumbList\",\"@id\":\"https:\\\/\\\/shop.bantam.ch\\\/fr\\\/produit\\\/set-de-10-casseroles-alu-skipper-bleu\\\/#breadcrumb\",\"itemListElement\":[{\"@type\":\"ListItem\",\"position\":1,\"name\":\"Accueil\",\"item\":\"https:\\\/\\\/shop.bantam.ch\\\/fr\\\/\"},{\"@type\":\"ListItem\",\"position\":2,\"name\":\"Boutique\",\"item\":\"https:\\\/\\\/shop.bantam.ch\\\/fr\\\/boutique\\\/\"},{\"@type\":\"ListItem\",\"position\":3,\"name\":\"Batterie de cuisson Alu 9 Diam. 24cm Coul. Bleu noir\"}]},{\"@type\":\"WebSite\",\"@id\":\"https:\\\/\\\/shop.bantam.ch\\\/fr\\\/#website\",\"url\":\"https:\\\/\\\/shop.bantam.ch\\\/fr\\\/\",\"name\":\"Bantam Wankm\u00fcller SA\",\"description\":\"\",\"publisher\":{\"@id\":\"https:\\\/\\\/shop.bantam.ch\\\/fr\\\/#organization\"},\"inLanguage\":\"fr-FR\"},{\"@type\":\"Organization\",\"@id\":\"https:\\\/\\\/shop.bantam.ch\\\/fr\\\/#organization\",\"name\":\"Bantam Wankm\u00fcller SA\",\"url\":\"https:\\\/\\\/shop.bantam.ch\\\/fr\\\/\",\"logo\":{\"@type\":\"ImageObject\",\"inLanguage\":\"fr-FR\",\"@id\":\"https:\\\/\\\/shop.bantam.ch\\\/fr\\\/#\\\/schema\\\/logo\\\/image\\\/\",\"url\":\"https:\\\/\\\/shop.bantam.ch\\\/wp-content\\\/uploads\\\/2022\\\/12\\\/bantam-logo.png\",\"contentUrl\":\"https:\\\/\\\/shop.bantam.ch\\\/wp-content\\\/uploads\\\/2022\\\/12\\\/bantam-logo.png\",\"width\":320,\"height\":71,\"caption\":\"Bantam Wankm\u00fcller SA\"},\"image\":{\"@id\":\"https:\\\/\\\/shop.bantam.ch\\\/fr\\\/#\\\/schema\\\/logo\\\/image\\\/\"}}]}<\/script>\n<!-- \/ Yoast SEO plugin. -->","yoast_head_json":{"title":"Batterie de cuisson Alu 9 Diam. 24cm Coul. Bleu noir - Bantam Wankm\u00fcller SA","robots":{"index":"index","follow":"follow","max-snippet":"max-snippet:-1","max-image-preview":"max-image-preview:large","max-video-preview":"max-video-preview:-1"},"canonical":"https:\/\/shop.bantam.ch\/fr\/produit\/set-de-10-casseroles-alu-skipper-bleu\/","og_locale":"fr_FR","og_type":"article","og_title":"Batterie de cuisson Alu 9 Diam. 24cm Coul. Bleu noir - Bantam Wankm\u00fcller SA","og_description":"Lots de casseroles en aluminium avec rev\u00eatement antiadh\u00e9sif de qualit\u00e9. Rangement compact, design moderne, hygi\u00e9nique, insensible aux chocs de temp\u00e9rature, r\u00e9sistant \u00e0 la corrosion et facile \u00e0 nettoyer Convient aux cuisini\u00e8res \u00e0 gaz et \u00e9lectriques. Set de 10 pi\u00e8ces comprenant :1 casserole avec poign\u00e9es (\u00d8 24\u00a0cm)1 casserole (\u00d8 20 cm)1 casserole (\u00d8 16 cm)1 couvercle [&hellip;]","og_url":"https:\/\/shop.bantam.ch\/fr\/produit\/set-de-10-casseroles-alu-skipper-bleu\/","og_site_name":"Bantam Wankm\u00fcller SA","article_modified_time":"2026-04-18T18:50:27+00:00","og_image":[{"width":1000,"height":320,"url":"https:\/\/shop.bantam.ch\/wp-content\/uploads\/2023\/02\/9932015-Alu_Topfset_Skipper_9_1_Durchm_24_cm_Frb_blau_schwarz-Standard-01-1.jpg","type":"image\/jpeg"}],"twitter_card":"summary_large_image","schema":{"@context":"https:\/\/schema.org","@graph":[{"@type":"WebPage","@id":"https:\/\/shop.bantam.ch\/fr\/produit\/set-de-10-casseroles-alu-skipper-bleu\/","url":"https:\/\/shop.bantam.ch\/fr\/produit\/set-de-10-casseroles-alu-skipper-bleu\/","name":"Batterie de cuisson Alu 9 Diam. 24cm Coul. Bleu noir - Bantam Wankm\u00fcller SA","isPartOf":{"@id":"https:\/\/shop.bantam.ch\/fr\/#website"},"primaryImageOfPage":{"@id":"https:\/\/shop.bantam.ch\/fr\/produit\/set-de-10-casseroles-alu-skipper-bleu\/#primaryimage"},"image":{"@id":"https:\/\/shop.bantam.ch\/fr\/produit\/set-de-10-casseroles-alu-skipper-bleu\/#primaryimage"},"thumbnailUrl":"https:\/\/shop.bantam.ch\/wp-content\/uploads\/2023\/02\/9932015-Alu_Topfset_Skipper_9_1_Durchm_24_cm_Frb_blau_schwarz-Standard-01-1.jpg","datePublished":"2023-02-22T19:11:11+00:00","dateModified":"2026-04-18T18:50:27+00:00","breadcrumb":{"@id":"https:\/\/shop.bantam.ch\/fr\/produit\/set-de-10-casseroles-alu-skipper-bleu\/#breadcrumb"},"inLanguage":"fr-FR","potentialAction":[{"@type":"ReadAction","target":["https:\/\/shop.bantam.ch\/fr\/produit\/set-de-10-casseroles-alu-skipper-bleu\/"]}]},{"@type":"ImageObject","inLanguage":"fr-FR","@id":"https:\/\/shop.bantam.ch\/fr\/produit\/set-de-10-casseroles-alu-skipper-bleu\/#primaryimage","url":"https:\/\/shop.bantam.ch\/wp-content\/uploads\/2023\/02\/9932015-Alu_Topfset_Skipper_9_1_Durchm_24_cm_Frb_blau_schwarz-Standard-01-1.jpg","contentUrl":"https:\/\/shop.bantam.ch\/wp-content\/uploads\/2023\/02\/9932015-Alu_Topfset_Skipper_9_1_Durchm_24_cm_Frb_blau_schwarz-Standard-01-1.jpg","width":1000,"height":320},{"@type":"BreadcrumbList","@id":"https:\/\/shop.bantam.ch\/fr\/produit\/set-de-10-casseroles-alu-skipper-bleu\/#breadcrumb","itemListElement":[{"@type":"ListItem","position":1,"name":"Accueil","item":"https:\/\/shop.bantam.ch\/fr\/"},{"@type":"ListItem","position":2,"name":"Boutique","item":"https:\/\/shop.bantam.ch\/fr\/boutique\/"},{"@type":"ListItem","position":3,"name":"Batterie de cuisson Alu 9 Diam. 24cm Coul. Bleu noir"}]},{"@type":"WebSite","@id":"https:\/\/shop.bantam.ch\/fr\/#website","url":"https:\/\/shop.bantam.ch\/fr\/","name":"Bantam Wankm\u00fcller SA","description":"","publisher":{"@id":"https:\/\/shop.bantam.ch\/fr\/#organization"},"inLanguage":"fr-FR"},{"@type":"Organization","@id":"https:\/\/shop.bantam.ch\/fr\/#organization","name":"Bantam Wankm\u00fcller SA","url":"https:\/\/shop.bantam.ch\/fr\/","logo":{"@type":"ImageObject","inLanguage":"fr-FR","@id":"https:\/\/shop.bantam.ch\/fr\/#\/schema\/logo\/image\/","url":"https:\/\/shop.bantam.ch\/wp-content\/uploads\/2022\/12\/bantam-logo.png","contentUrl":"https:\/\/shop.bantam.ch\/wp-content\/uploads\/2022\/12\/bantam-logo.png","width":320,"height":71,"caption":"Bantam Wankm\u00fcller SA"},"image":{"@id":"https:\/\/shop.bantam.ch\/fr\/#\/schema\/logo\/image\/"}}]}},"_links":{"self":[{"href":"https:\/\/shop.bantam.ch\/fr\/wp-json\/wp\/v2\/product\/37673","targetHints":{"allow":["GET"]}}],"collection":[{"href":"https:\/\/shop.bantam.ch\/fr\/wp-json\/wp\/v2\/product"}],"about":[{"href":"https:\/\/shop.bantam.ch\/fr\/wp-json\/wp\/v2\/types\/product"}],"wp:featuredmedia":[{"embeddable":true,"href":"https:\/\/shop.bantam.ch\/fr\/wp-json\/wp\/v2\/media\/37671"}],"wp:attachment":[{"href":"https:\/\/shop.bantam.ch\/fr\/wp-json\/wp\/v2\/media?parent=37673"}],"wp:term":[{"taxonomy":"product_featured_cat","embeddable":true,"href":"https:\/\/shop.bantam.ch\/fr\/wp-json\/wp\/v2\/product_featured_cat?post=37673"},{"taxonomy":"product_brand","embeddable":true,"href":"https:\/\/shop.bantam.ch\/fr\/wp-json\/wp\/v2\/product_brand?post=37673"},{"taxonomy":"product_cat","embeddable":true,"href":"https:\/\/shop.bantam.ch\/fr\/wp-json\/wp\/v2\/product_cat?post=37673"},{"taxonomy":"product_tag","embeddable":true,"href":"https:\/\/shop.bantam.ch\/fr\/wp-json\/wp\/v2\/product_tag?post=37673"}],"curies":[{"name":"wp","href":"https:\/\/api.w.org\/{rel}","templated":true}]}}