{"id":37341,"date":"2023-02-22T20:05:45","date_gmt":"2023-02-22T19:05:45","guid":{"rendered":"http:\/\/preprod-dev.sh1.hidora.com\/webshop\/produit\/bloc-dalimentation-secteur-230-v-12-v-400-w-smp-184-02\/"},"modified":"2026-04-17T20:49:07","modified_gmt":"2026-04-17T18:49:07","slug":"bloc-dalimentation-secteur-230-v-12-v-400-w-smp-184-02","status":"publish","type":"product","link":"https:\/\/shop.bantam.ch\/fr\/produit\/bloc-dalimentation-secteur-230-v-12-v-400-w-smp-184-02\/","title":{"rendered":"Bloc d&rsquo;alimentation commutation Dometic"},"content":{"rendered":"<p>Sorties prot\u00e9g\u00e9es individuellement par fusibles plats ( 1 x 5A, 1 x 10A, 2 x 15A) et outil de montage pour porte-fusibles. Fonctionnement silencieux ( pas de ventilateur int\u00e9gr\u00e9) Compl\u00e9ment id\u00e9al \u00e0 la bo\u00eete \u00e0 fusibles \/ protection FI.<\/p>\n<ul>\n<li>Entr\u00e9e : 230 V<\/li>\n<li>Sortie : 12 V<\/li>\n<li>Puissance de sortie : 400 W<\/li>\n<\/ul>\n","protected":false},"excerpt":{"rendered":"<p>Sorties prot\u00e9g\u00e9es individuellement par fusibles plats ( 1 x 5A, 1 x 10A, 2 x 15A) et outil de montage pour porte-fusibles. Fonctionnement silencieux ( pas de ventilateur int\u00e9gr\u00e9) Compl\u00e9ment id\u00e9al \u00e0 la bo\u00eete \u00e0 fusibles \/ protection FI. Entr\u00e9e : 230 V Sortie : 12 V Puissance de sortie : 400 W<\/p>\n","protected":false},"featured_media":37339,"template":"","meta":{"_acf_changed":false},"product_featured_cat":[],"product_brand":[3028],"product_cat":[4911],"product_tag":[],"class_list":{"0":"post-37341","1":"product","2":"type-product","3":"status-publish","4":"has-post-thumbnail","6":"product_brand-dometic","7":"product_cat-chargeurs","9":"first","10":"instock","11":"taxable","12":"shipping-taxable","13":"purchasable","14":"product-type-simple"},"acf":[],"yoast_head":"<!-- This site is optimized with the Yoast SEO plugin v27.4 - https:\/\/yoast.com\/product\/yoast-seo-wordpress\/ -->\n<title>Bloc d&#039;alimentation commutation Dometic - Bantam Wankm\u00fcller SA<\/title>\n<meta name=\"robots\" content=\"index, follow, max-snippet:-1, max-image-preview:large, max-video-preview:-1\" \/>\n<link rel=\"canonical\" href=\"https:\/\/shop.bantam.ch\/fr\/produit\/bloc-dalimentation-secteur-230-v-12-v-400-w-smp-184-02\/\" \/>\n<meta property=\"og:locale\" content=\"fr_FR\" \/>\n<meta property=\"og:type\" content=\"article\" \/>\n<meta property=\"og:title\" content=\"Bloc d&#039;alimentation commutation Dometic - Bantam Wankm\u00fcller SA\" \/>\n<meta property=\"og:description\" content=\"Sorties prot\u00e9g\u00e9es individuellement par fusibles plats ( 1 x 5A, 1 x 10A, 2 x 15A) et outil de montage pour porte-fusibles. Fonctionnement silencieux ( pas de ventilateur int\u00e9gr\u00e9) Compl\u00e9ment id\u00e9al \u00e0 la bo\u00eete \u00e0 fusibles \/ protection FI. Entr\u00e9e : 230 V Sortie : 12 V Puissance de sortie : 400 W\" \/>\n<meta property=\"og:url\" content=\"https:\/\/shop.bantam.ch\/fr\/produit\/bloc-dalimentation-secteur-230-v-12-v-400-w-smp-184-02\/\" \/>\n<meta property=\"og:site_name\" content=\"Bantam Wankm\u00fcller SA\" \/>\n<meta property=\"article:modified_time\" content=\"2026-04-17T18:49:07+00:00\" \/>\n<meta property=\"og:image\" content=\"https:\/\/shop.bantam.ch\/wp-content\/uploads\/2023\/02\/9930292-Schaltnetzteil_230_V_12_V_400_W-Standard-01-1.jpg\" \/>\n\t<meta property=\"og:image:width\" content=\"1000\" \/>\n\t<meta property=\"og:image:height\" content=\"859\" \/>\n\t<meta property=\"og:image:type\" content=\"image\/jpeg\" \/>\n<meta name=\"twitter:card\" content=\"summary_large_image\" \/>\n<script type=\"application\/ld+json\" class=\"yoast-schema-graph\">{\"@context\":\"https:\\\/\\\/schema.org\",\"@graph\":[{\"@type\":\"WebPage\",\"@id\":\"https:\\\/\\\/shop.bantam.ch\\\/fr\\\/produit\\\/bloc-dalimentation-secteur-230-v-12-v-400-w-smp-184-02\\\/\",\"url\":\"https:\\\/\\\/shop.bantam.ch\\\/fr\\\/produit\\\/bloc-dalimentation-secteur-230-v-12-v-400-w-smp-184-02\\\/\",\"name\":\"Bloc d'alimentation commutation Dometic - Bantam Wankm\u00fcller SA\",\"isPartOf\":{\"@id\":\"https:\\\/\\\/shop.bantam.ch\\\/fr\\\/#website\"},\"primaryImageOfPage\":{\"@id\":\"https:\\\/\\\/shop.bantam.ch\\\/fr\\\/produit\\\/bloc-dalimentation-secteur-230-v-12-v-400-w-smp-184-02\\\/#primaryimage\"},\"image\":{\"@id\":\"https:\\\/\\\/shop.bantam.ch\\\/fr\\\/produit\\\/bloc-dalimentation-secteur-230-v-12-v-400-w-smp-184-02\\\/#primaryimage\"},\"thumbnailUrl\":\"https:\\\/\\\/shop.bantam.ch\\\/wp-content\\\/uploads\\\/2023\\\/02\\\/9930292-Schaltnetzteil_230_V_12_V_400_W-Standard-01-1.jpg\",\"datePublished\":\"2023-02-22T19:05:45+00:00\",\"dateModified\":\"2026-04-17T18:49:07+00:00\",\"breadcrumb\":{\"@id\":\"https:\\\/\\\/shop.bantam.ch\\\/fr\\\/produit\\\/bloc-dalimentation-secteur-230-v-12-v-400-w-smp-184-02\\\/#breadcrumb\"},\"inLanguage\":\"fr-FR\",\"potentialAction\":[{\"@type\":\"ReadAction\",\"target\":[\"https:\\\/\\\/shop.bantam.ch\\\/fr\\\/produit\\\/bloc-dalimentation-secteur-230-v-12-v-400-w-smp-184-02\\\/\"]}]},{\"@type\":\"ImageObject\",\"inLanguage\":\"fr-FR\",\"@id\":\"https:\\\/\\\/shop.bantam.ch\\\/fr\\\/produit\\\/bloc-dalimentation-secteur-230-v-12-v-400-w-smp-184-02\\\/#primaryimage\",\"url\":\"https:\\\/\\\/shop.bantam.ch\\\/wp-content\\\/uploads\\\/2023\\\/02\\\/9930292-Schaltnetzteil_230_V_12_V_400_W-Standard-01-1.jpg\",\"contentUrl\":\"https:\\\/\\\/shop.bantam.ch\\\/wp-content\\\/uploads\\\/2023\\\/02\\\/9930292-Schaltnetzteil_230_V_12_V_400_W-Standard-01-1.jpg\",\"width\":1000,\"height\":859},{\"@type\":\"BreadcrumbList\",\"@id\":\"https:\\\/\\\/shop.bantam.ch\\\/fr\\\/produit\\\/bloc-dalimentation-secteur-230-v-12-v-400-w-smp-184-02\\\/#breadcrumb\",\"itemListElement\":[{\"@type\":\"ListItem\",\"position\":1,\"name\":\"Accueil\",\"item\":\"https:\\\/\\\/shop.bantam.ch\\\/fr\\\/\"},{\"@type\":\"ListItem\",\"position\":2,\"name\":\"Boutique\",\"item\":\"https:\\\/\\\/shop.bantam.ch\\\/fr\\\/boutique\\\/\"},{\"@type\":\"ListItem\",\"position\":3,\"name\":\"Bloc d&#8217;alimentation commutation Dometic\"}]},{\"@type\":\"WebSite\",\"@id\":\"https:\\\/\\\/shop.bantam.ch\\\/fr\\\/#website\",\"url\":\"https:\\\/\\\/shop.bantam.ch\\\/fr\\\/\",\"name\":\"Bantam Wankm\u00fcller SA\",\"description\":\"\",\"publisher\":{\"@id\":\"https:\\\/\\\/shop.bantam.ch\\\/fr\\\/#organization\"},\"inLanguage\":\"fr-FR\"},{\"@type\":\"Organization\",\"@id\":\"https:\\\/\\\/shop.bantam.ch\\\/fr\\\/#organization\",\"name\":\"Bantam Wankm\u00fcller SA\",\"url\":\"https:\\\/\\\/shop.bantam.ch\\\/fr\\\/\",\"logo\":{\"@type\":\"ImageObject\",\"inLanguage\":\"fr-FR\",\"@id\":\"https:\\\/\\\/shop.bantam.ch\\\/fr\\\/#\\\/schema\\\/logo\\\/image\\\/\",\"url\":\"https:\\\/\\\/shop.bantam.ch\\\/wp-content\\\/uploads\\\/2022\\\/12\\\/bantam-logo.png\",\"contentUrl\":\"https:\\\/\\\/shop.bantam.ch\\\/wp-content\\\/uploads\\\/2022\\\/12\\\/bantam-logo.png\",\"width\":320,\"height\":71,\"caption\":\"Bantam Wankm\u00fcller SA\"},\"image\":{\"@id\":\"https:\\\/\\\/shop.bantam.ch\\\/fr\\\/#\\\/schema\\\/logo\\\/image\\\/\"}}]}<\/script>\n<!-- \/ Yoast SEO plugin. -->","yoast_head_json":{"title":"Bloc d'alimentation commutation Dometic - Bantam Wankm\u00fcller SA","robots":{"index":"index","follow":"follow","max-snippet":"max-snippet:-1","max-image-preview":"max-image-preview:large","max-video-preview":"max-video-preview:-1"},"canonical":"https:\/\/shop.bantam.ch\/fr\/produit\/bloc-dalimentation-secteur-230-v-12-v-400-w-smp-184-02\/","og_locale":"fr_FR","og_type":"article","og_title":"Bloc d'alimentation commutation Dometic - Bantam Wankm\u00fcller SA","og_description":"Sorties prot\u00e9g\u00e9es individuellement par fusibles plats ( 1 x 5A, 1 x 10A, 2 x 15A) et outil de montage pour porte-fusibles. Fonctionnement silencieux ( pas de ventilateur int\u00e9gr\u00e9) Compl\u00e9ment id\u00e9al \u00e0 la bo\u00eete \u00e0 fusibles \/ protection FI. Entr\u00e9e : 230 V Sortie : 12 V Puissance de sortie : 400 W","og_url":"https:\/\/shop.bantam.ch\/fr\/produit\/bloc-dalimentation-secteur-230-v-12-v-400-w-smp-184-02\/","og_site_name":"Bantam Wankm\u00fcller SA","article_modified_time":"2026-04-17T18:49:07+00:00","og_image":[{"width":1000,"height":859,"url":"https:\/\/shop.bantam.ch\/wp-content\/uploads\/2023\/02\/9930292-Schaltnetzteil_230_V_12_V_400_W-Standard-01-1.jpg","type":"image\/jpeg"}],"twitter_card":"summary_large_image","schema":{"@context":"https:\/\/schema.org","@graph":[{"@type":"WebPage","@id":"https:\/\/shop.bantam.ch\/fr\/produit\/bloc-dalimentation-secteur-230-v-12-v-400-w-smp-184-02\/","url":"https:\/\/shop.bantam.ch\/fr\/produit\/bloc-dalimentation-secteur-230-v-12-v-400-w-smp-184-02\/","name":"Bloc d'alimentation commutation Dometic - Bantam Wankm\u00fcller SA","isPartOf":{"@id":"https:\/\/shop.bantam.ch\/fr\/#website"},"primaryImageOfPage":{"@id":"https:\/\/shop.bantam.ch\/fr\/produit\/bloc-dalimentation-secteur-230-v-12-v-400-w-smp-184-02\/#primaryimage"},"image":{"@id":"https:\/\/shop.bantam.ch\/fr\/produit\/bloc-dalimentation-secteur-230-v-12-v-400-w-smp-184-02\/#primaryimage"},"thumbnailUrl":"https:\/\/shop.bantam.ch\/wp-content\/uploads\/2023\/02\/9930292-Schaltnetzteil_230_V_12_V_400_W-Standard-01-1.jpg","datePublished":"2023-02-22T19:05:45+00:00","dateModified":"2026-04-17T18:49:07+00:00","breadcrumb":{"@id":"https:\/\/shop.bantam.ch\/fr\/produit\/bloc-dalimentation-secteur-230-v-12-v-400-w-smp-184-02\/#breadcrumb"},"inLanguage":"fr-FR","potentialAction":[{"@type":"ReadAction","target":["https:\/\/shop.bantam.ch\/fr\/produit\/bloc-dalimentation-secteur-230-v-12-v-400-w-smp-184-02\/"]}]},{"@type":"ImageObject","inLanguage":"fr-FR","@id":"https:\/\/shop.bantam.ch\/fr\/produit\/bloc-dalimentation-secteur-230-v-12-v-400-w-smp-184-02\/#primaryimage","url":"https:\/\/shop.bantam.ch\/wp-content\/uploads\/2023\/02\/9930292-Schaltnetzteil_230_V_12_V_400_W-Standard-01-1.jpg","contentUrl":"https:\/\/shop.bantam.ch\/wp-content\/uploads\/2023\/02\/9930292-Schaltnetzteil_230_V_12_V_400_W-Standard-01-1.jpg","width":1000,"height":859},{"@type":"BreadcrumbList","@id":"https:\/\/shop.bantam.ch\/fr\/produit\/bloc-dalimentation-secteur-230-v-12-v-400-w-smp-184-02\/#breadcrumb","itemListElement":[{"@type":"ListItem","position":1,"name":"Accueil","item":"https:\/\/shop.bantam.ch\/fr\/"},{"@type":"ListItem","position":2,"name":"Boutique","item":"https:\/\/shop.bantam.ch\/fr\/boutique\/"},{"@type":"ListItem","position":3,"name":"Bloc d&#8217;alimentation commutation Dometic"}]},{"@type":"WebSite","@id":"https:\/\/shop.bantam.ch\/fr\/#website","url":"https:\/\/shop.bantam.ch\/fr\/","name":"Bantam Wankm\u00fcller SA","description":"","publisher":{"@id":"https:\/\/shop.bantam.ch\/fr\/#organization"},"inLanguage":"fr-FR"},{"@type":"Organization","@id":"https:\/\/shop.bantam.ch\/fr\/#organization","name":"Bantam Wankm\u00fcller SA","url":"https:\/\/shop.bantam.ch\/fr\/","logo":{"@type":"ImageObject","inLanguage":"fr-FR","@id":"https:\/\/shop.bantam.ch\/fr\/#\/schema\/logo\/image\/","url":"https:\/\/shop.bantam.ch\/wp-content\/uploads\/2022\/12\/bantam-logo.png","contentUrl":"https:\/\/shop.bantam.ch\/wp-content\/uploads\/2022\/12\/bantam-logo.png","width":320,"height":71,"caption":"Bantam Wankm\u00fcller SA"},"image":{"@id":"https:\/\/shop.bantam.ch\/fr\/#\/schema\/logo\/image\/"}}]}},"_links":{"self":[{"href":"https:\/\/shop.bantam.ch\/fr\/wp-json\/wp\/v2\/product\/37341","targetHints":{"allow":["GET"]}}],"collection":[{"href":"https:\/\/shop.bantam.ch\/fr\/wp-json\/wp\/v2\/product"}],"about":[{"href":"https:\/\/shop.bantam.ch\/fr\/wp-json\/wp\/v2\/types\/product"}],"wp:featuredmedia":[{"embeddable":true,"href":"https:\/\/shop.bantam.ch\/fr\/wp-json\/wp\/v2\/media\/37339"}],"wp:attachment":[{"href":"https:\/\/shop.bantam.ch\/fr\/wp-json\/wp\/v2\/media?parent=37341"}],"wp:term":[{"taxonomy":"product_featured_cat","embeddable":true,"href":"https:\/\/shop.bantam.ch\/fr\/wp-json\/wp\/v2\/product_featured_cat?post=37341"},{"taxonomy":"product_brand","embeddable":true,"href":"https:\/\/shop.bantam.ch\/fr\/wp-json\/wp\/v2\/product_brand?post=37341"},{"taxonomy":"product_cat","embeddable":true,"href":"https:\/\/shop.bantam.ch\/fr\/wp-json\/wp\/v2\/product_cat?post=37341"},{"taxonomy":"product_tag","embeddable":true,"href":"https:\/\/shop.bantam.ch\/fr\/wp-json\/wp\/v2\/product_tag?post=37341"}],"curies":[{"name":"wp","href":"https:\/\/api.w.org\/{rel}","templated":true}]}}