{"id":37083,"date":"2023-02-22T20:00:43","date_gmt":"2023-02-22T19:00:43","guid":{"rendered":"http:\/\/preprod-dev.sh1.hidora.com\/webshop\/produit\/pompe-a-piston-a-double-course\/"},"modified":"2026-04-20T20:48:24","modified_gmt":"2026-04-20T18:48:24","slug":"pompe-a-piston-a-double-course","status":"publish","type":"product","link":"https:\/\/shop.bantam.ch\/fr\/produit\/pompe-a-piston-a-double-course\/","title":{"rendered":"Pompe \u00e0 piston \u00e0 double course noir Cylindr\u00e9e env. 2 x 2100 ccm"},"content":{"rendered":"<p>2 x 3\u00a0000\u00a0cm\u00b3, volume selon DIN env. 2 x 2\u00a0100 cm\u00b3, fermeture \u00e0 ba\u00efonnette brevet\u00e9e avec vanne \u00e0 pointeau.<\/p>\n<p>Mat\u00e9riau\u00a0:<br \/>100 % PVC<\/p>\n","protected":false},"excerpt":{"rendered":"<p>2 x 3\u00a0000\u00a0cm\u00b3, volume selon DIN env. 2 x 2\u00a0100 cm\u00b3, fermeture \u00e0 ba\u00efonnette brevet\u00e9e avec vanne \u00e0 pointeau. Mat\u00e9riau\u00a0:100 % PVC<\/p>\n","protected":false},"featured_media":37081,"template":"","meta":{"_acf_changed":false},"product_featured_cat":[],"product_brand":[3120],"product_cat":[4029],"product_tag":[],"class_list":{"0":"post-37083","1":"product","2":"type-product","3":"status-publish","4":"has-post-thumbnail","6":"product_brand-happy-people","7":"product_cat-pompes-a-air","9":"first","10":"instock","11":"taxable","12":"shipping-taxable","13":"purchasable","14":"product-type-simple"},"acf":[],"yoast_head":"<!-- This site is optimized with the Yoast SEO plugin v27.4 - https:\/\/yoast.com\/product\/yoast-seo-wordpress\/ -->\n<title>Pompe \u00e0 piston \u00e0 double course noir Cylindr\u00e9e env. 2 x 2100 ccm - Bantam Wankm\u00fcller SA<\/title>\n<meta name=\"robots\" content=\"index, follow, max-snippet:-1, max-image-preview:large, max-video-preview:-1\" \/>\n<link rel=\"canonical\" href=\"https:\/\/shop.bantam.ch\/fr\/produit\/pompe-a-piston-a-double-course\/\" \/>\n<meta property=\"og:locale\" content=\"fr_FR\" \/>\n<meta property=\"og:type\" content=\"article\" \/>\n<meta property=\"og:title\" content=\"Pompe \u00e0 piston \u00e0 double course noir Cylindr\u00e9e env. 2 x 2100 ccm - Bantam Wankm\u00fcller SA\" \/>\n<meta property=\"og:description\" content=\"2 x 3\u00a0000\u00a0cm\u00b3, volume selon DIN env. 2 x 2\u00a0100 cm\u00b3, fermeture \u00e0 ba\u00efonnette brevet\u00e9e avec vanne \u00e0 pointeau. Mat\u00e9riau\u00a0:100 % PVC\" \/>\n<meta property=\"og:url\" content=\"https:\/\/shop.bantam.ch\/fr\/produit\/pompe-a-piston-a-double-course\/\" \/>\n<meta property=\"og:site_name\" content=\"Bantam Wankm\u00fcller SA\" \/>\n<meta property=\"article:modified_time\" content=\"2026-04-20T18:48:24+00:00\" \/>\n<meta property=\"og:image\" content=\"https:\/\/shop.bantam.ch\/wp-content\/uploads\/2023\/02\/9930064-Doppelhubpumpe_Fb_schwarz-Standard-01-1.jpg\" \/>\n\t<meta property=\"og:image:width\" content=\"577\" \/>\n\t<meta property=\"og:image:height\" content=\"1000\" \/>\n\t<meta property=\"og:image:type\" content=\"image\/jpeg\" \/>\n<meta name=\"twitter:card\" content=\"summary_large_image\" \/>\n<script type=\"application\/ld+json\" class=\"yoast-schema-graph\">{\"@context\":\"https:\\\/\\\/schema.org\",\"@graph\":[{\"@type\":\"WebPage\",\"@id\":\"https:\\\/\\\/shop.bantam.ch\\\/fr\\\/produit\\\/pompe-a-piston-a-double-course\\\/\",\"url\":\"https:\\\/\\\/shop.bantam.ch\\\/fr\\\/produit\\\/pompe-a-piston-a-double-course\\\/\",\"name\":\"Pompe \u00e0 piston \u00e0 double course noir Cylindr\u00e9e env. 2 x 2100 ccm - Bantam Wankm\u00fcller SA\",\"isPartOf\":{\"@id\":\"https:\\\/\\\/shop.bantam.ch\\\/fr\\\/#website\"},\"primaryImageOfPage\":{\"@id\":\"https:\\\/\\\/shop.bantam.ch\\\/fr\\\/produit\\\/pompe-a-piston-a-double-course\\\/#primaryimage\"},\"image\":{\"@id\":\"https:\\\/\\\/shop.bantam.ch\\\/fr\\\/produit\\\/pompe-a-piston-a-double-course\\\/#primaryimage\"},\"thumbnailUrl\":\"https:\\\/\\\/shop.bantam.ch\\\/wp-content\\\/uploads\\\/2023\\\/02\\\/9930064-Doppelhubpumpe_Fb_schwarz-Standard-01-1.jpg\",\"datePublished\":\"2023-02-22T19:00:43+00:00\",\"dateModified\":\"2026-04-20T18:48:24+00:00\",\"breadcrumb\":{\"@id\":\"https:\\\/\\\/shop.bantam.ch\\\/fr\\\/produit\\\/pompe-a-piston-a-double-course\\\/#breadcrumb\"},\"inLanguage\":\"fr-FR\",\"potentialAction\":[{\"@type\":\"ReadAction\",\"target\":[\"https:\\\/\\\/shop.bantam.ch\\\/fr\\\/produit\\\/pompe-a-piston-a-double-course\\\/\"]}]},{\"@type\":\"ImageObject\",\"inLanguage\":\"fr-FR\",\"@id\":\"https:\\\/\\\/shop.bantam.ch\\\/fr\\\/produit\\\/pompe-a-piston-a-double-course\\\/#primaryimage\",\"url\":\"https:\\\/\\\/shop.bantam.ch\\\/wp-content\\\/uploads\\\/2023\\\/02\\\/9930064-Doppelhubpumpe_Fb_schwarz-Standard-01-1.jpg\",\"contentUrl\":\"https:\\\/\\\/shop.bantam.ch\\\/wp-content\\\/uploads\\\/2023\\\/02\\\/9930064-Doppelhubpumpe_Fb_schwarz-Standard-01-1.jpg\",\"width\":577,\"height\":1000},{\"@type\":\"BreadcrumbList\",\"@id\":\"https:\\\/\\\/shop.bantam.ch\\\/fr\\\/produit\\\/pompe-a-piston-a-double-course\\\/#breadcrumb\",\"itemListElement\":[{\"@type\":\"ListItem\",\"position\":1,\"name\":\"Accueil\",\"item\":\"https:\\\/\\\/shop.bantam.ch\\\/fr\\\/\"},{\"@type\":\"ListItem\",\"position\":2,\"name\":\"Boutique\",\"item\":\"https:\\\/\\\/shop.bantam.ch\\\/fr\\\/boutique\\\/\"},{\"@type\":\"ListItem\",\"position\":3,\"name\":\"Pompe \u00e0 piston \u00e0 double course noir Cylindr\u00e9e env. 2 x 2100 ccm\"}]},{\"@type\":\"WebSite\",\"@id\":\"https:\\\/\\\/shop.bantam.ch\\\/fr\\\/#website\",\"url\":\"https:\\\/\\\/shop.bantam.ch\\\/fr\\\/\",\"name\":\"Bantam Wankm\u00fcller SA\",\"description\":\"\",\"publisher\":{\"@id\":\"https:\\\/\\\/shop.bantam.ch\\\/fr\\\/#organization\"},\"inLanguage\":\"fr-FR\"},{\"@type\":\"Organization\",\"@id\":\"https:\\\/\\\/shop.bantam.ch\\\/fr\\\/#organization\",\"name\":\"Bantam Wankm\u00fcller SA\",\"url\":\"https:\\\/\\\/shop.bantam.ch\\\/fr\\\/\",\"logo\":{\"@type\":\"ImageObject\",\"inLanguage\":\"fr-FR\",\"@id\":\"https:\\\/\\\/shop.bantam.ch\\\/fr\\\/#\\\/schema\\\/logo\\\/image\\\/\",\"url\":\"https:\\\/\\\/shop.bantam.ch\\\/wp-content\\\/uploads\\\/2022\\\/12\\\/bantam-logo.png\",\"contentUrl\":\"https:\\\/\\\/shop.bantam.ch\\\/wp-content\\\/uploads\\\/2022\\\/12\\\/bantam-logo.png\",\"width\":320,\"height\":71,\"caption\":\"Bantam Wankm\u00fcller SA\"},\"image\":{\"@id\":\"https:\\\/\\\/shop.bantam.ch\\\/fr\\\/#\\\/schema\\\/logo\\\/image\\\/\"}}]}<\/script>\n<!-- \/ Yoast SEO plugin. -->","yoast_head_json":{"title":"Pompe \u00e0 piston \u00e0 double course noir Cylindr\u00e9e env. 2 x 2100 ccm - Bantam Wankm\u00fcller SA","robots":{"index":"index","follow":"follow","max-snippet":"max-snippet:-1","max-image-preview":"max-image-preview:large","max-video-preview":"max-video-preview:-1"},"canonical":"https:\/\/shop.bantam.ch\/fr\/produit\/pompe-a-piston-a-double-course\/","og_locale":"fr_FR","og_type":"article","og_title":"Pompe \u00e0 piston \u00e0 double course noir Cylindr\u00e9e env. 2 x 2100 ccm - Bantam Wankm\u00fcller SA","og_description":"2 x 3\u00a0000\u00a0cm\u00b3, volume selon DIN env. 2 x 2\u00a0100 cm\u00b3, fermeture \u00e0 ba\u00efonnette brevet\u00e9e avec vanne \u00e0 pointeau. Mat\u00e9riau\u00a0:100 % PVC","og_url":"https:\/\/shop.bantam.ch\/fr\/produit\/pompe-a-piston-a-double-course\/","og_site_name":"Bantam Wankm\u00fcller SA","article_modified_time":"2026-04-20T18:48:24+00:00","og_image":[{"width":577,"height":1000,"url":"https:\/\/shop.bantam.ch\/wp-content\/uploads\/2023\/02\/9930064-Doppelhubpumpe_Fb_schwarz-Standard-01-1.jpg","type":"image\/jpeg"}],"twitter_card":"summary_large_image","schema":{"@context":"https:\/\/schema.org","@graph":[{"@type":"WebPage","@id":"https:\/\/shop.bantam.ch\/fr\/produit\/pompe-a-piston-a-double-course\/","url":"https:\/\/shop.bantam.ch\/fr\/produit\/pompe-a-piston-a-double-course\/","name":"Pompe \u00e0 piston \u00e0 double course noir Cylindr\u00e9e env. 2 x 2100 ccm - Bantam Wankm\u00fcller SA","isPartOf":{"@id":"https:\/\/shop.bantam.ch\/fr\/#website"},"primaryImageOfPage":{"@id":"https:\/\/shop.bantam.ch\/fr\/produit\/pompe-a-piston-a-double-course\/#primaryimage"},"image":{"@id":"https:\/\/shop.bantam.ch\/fr\/produit\/pompe-a-piston-a-double-course\/#primaryimage"},"thumbnailUrl":"https:\/\/shop.bantam.ch\/wp-content\/uploads\/2023\/02\/9930064-Doppelhubpumpe_Fb_schwarz-Standard-01-1.jpg","datePublished":"2023-02-22T19:00:43+00:00","dateModified":"2026-04-20T18:48:24+00:00","breadcrumb":{"@id":"https:\/\/shop.bantam.ch\/fr\/produit\/pompe-a-piston-a-double-course\/#breadcrumb"},"inLanguage":"fr-FR","potentialAction":[{"@type":"ReadAction","target":["https:\/\/shop.bantam.ch\/fr\/produit\/pompe-a-piston-a-double-course\/"]}]},{"@type":"ImageObject","inLanguage":"fr-FR","@id":"https:\/\/shop.bantam.ch\/fr\/produit\/pompe-a-piston-a-double-course\/#primaryimage","url":"https:\/\/shop.bantam.ch\/wp-content\/uploads\/2023\/02\/9930064-Doppelhubpumpe_Fb_schwarz-Standard-01-1.jpg","contentUrl":"https:\/\/shop.bantam.ch\/wp-content\/uploads\/2023\/02\/9930064-Doppelhubpumpe_Fb_schwarz-Standard-01-1.jpg","width":577,"height":1000},{"@type":"BreadcrumbList","@id":"https:\/\/shop.bantam.ch\/fr\/produit\/pompe-a-piston-a-double-course\/#breadcrumb","itemListElement":[{"@type":"ListItem","position":1,"name":"Accueil","item":"https:\/\/shop.bantam.ch\/fr\/"},{"@type":"ListItem","position":2,"name":"Boutique","item":"https:\/\/shop.bantam.ch\/fr\/boutique\/"},{"@type":"ListItem","position":3,"name":"Pompe \u00e0 piston \u00e0 double course noir Cylindr\u00e9e env. 2 x 2100 ccm"}]},{"@type":"WebSite","@id":"https:\/\/shop.bantam.ch\/fr\/#website","url":"https:\/\/shop.bantam.ch\/fr\/","name":"Bantam Wankm\u00fcller SA","description":"","publisher":{"@id":"https:\/\/shop.bantam.ch\/fr\/#organization"},"inLanguage":"fr-FR"},{"@type":"Organization","@id":"https:\/\/shop.bantam.ch\/fr\/#organization","name":"Bantam Wankm\u00fcller SA","url":"https:\/\/shop.bantam.ch\/fr\/","logo":{"@type":"ImageObject","inLanguage":"fr-FR","@id":"https:\/\/shop.bantam.ch\/fr\/#\/schema\/logo\/image\/","url":"https:\/\/shop.bantam.ch\/wp-content\/uploads\/2022\/12\/bantam-logo.png","contentUrl":"https:\/\/shop.bantam.ch\/wp-content\/uploads\/2022\/12\/bantam-logo.png","width":320,"height":71,"caption":"Bantam Wankm\u00fcller SA"},"image":{"@id":"https:\/\/shop.bantam.ch\/fr\/#\/schema\/logo\/image\/"}}]}},"_links":{"self":[{"href":"https:\/\/shop.bantam.ch\/fr\/wp-json\/wp\/v2\/product\/37083","targetHints":{"allow":["GET"]}}],"collection":[{"href":"https:\/\/shop.bantam.ch\/fr\/wp-json\/wp\/v2\/product"}],"about":[{"href":"https:\/\/shop.bantam.ch\/fr\/wp-json\/wp\/v2\/types\/product"}],"wp:featuredmedia":[{"embeddable":true,"href":"https:\/\/shop.bantam.ch\/fr\/wp-json\/wp\/v2\/media\/37081"}],"wp:attachment":[{"href":"https:\/\/shop.bantam.ch\/fr\/wp-json\/wp\/v2\/media?parent=37083"}],"wp:term":[{"taxonomy":"product_featured_cat","embeddable":true,"href":"https:\/\/shop.bantam.ch\/fr\/wp-json\/wp\/v2\/product_featured_cat?post=37083"},{"taxonomy":"product_brand","embeddable":true,"href":"https:\/\/shop.bantam.ch\/fr\/wp-json\/wp\/v2\/product_brand?post=37083"},{"taxonomy":"product_cat","embeddable":true,"href":"https:\/\/shop.bantam.ch\/fr\/wp-json\/wp\/v2\/product_cat?post=37083"},{"taxonomy":"product_tag","embeddable":true,"href":"https:\/\/shop.bantam.ch\/fr\/wp-json\/wp\/v2\/product_tag?post=37083"}],"curies":[{"name":"wp","href":"https:\/\/api.w.org\/{rel}","templated":true}]}}