{"id":36905,"date":"2023-02-22T19:58:03","date_gmt":"2023-02-22T18:58:03","guid":{"rendered":"http:\/\/preprod-dev.sh1.hidora.com\/webshop\/produit\/boite-isotherme-big\/"},"modified":"2026-04-22T20:48:14","modified_gmt":"2026-04-22T18:48:14","slug":"boite-isotherme-big","status":"publish","type":"product","link":"https:\/\/shop.bantam.ch\/fr\/produit\/boite-isotherme-big\/","title":{"rendered":"Bo\u00eete-Flip Classic Line blanc\/gris 400x400x84 mm Contenu: 38,5 l"},"content":{"rendered":"<p>Flip Box &#8211; la bo\u00eete isotherme pliante et intelligente\u00a0:<br \/>Transport s\u00fbr et sans stress de boissons r\u00e9frig\u00e9r\u00e9es, de produits surgel\u00e9s, de salades, de g\u00e2teaux et de fournitures de voyage avec les bo\u00eetes isothermes pliantes innovantes Sans \u00e9lectricit\u00e9 ni batteries de refroidissement, le contenu reste frais pendant des heures. Gr\u00e2ce \u00e0 la construction robuste en 100% EPP (sans polystyr\u00e8ne friable) et aux poign\u00e9es int\u00e9gr\u00e9es, les bo\u00eetes supportent jusqu&rsquo;\u00e0 25 kg et une fois repli\u00e9es, elles permettent de gagner un espace pr\u00e9cieux dans chaque coffre.<\/p>\n<ul>\n<li>\u2022 Valeurs d&rsquo;isolation :<\/li>\n<li>de 18 \u00b0C \u00e0 &#8211; 12 \u00b0C : 126 minutes,<\/li>\n<\/ul>\n<p>de 10 \u00b0C \u00e0 +15 \u00b0C : pendant 600 minutes, de 55 \u00b0C \u00e0 +83 \u00b0C : pendant 82 minutes<\/p>\n<ul>\n<li>Dimensions d\u00e9pli\u00e9e : 60 x 22 x 40 cm (l x h x p)<\/li>\n<li>Dimensions pli\u00e9e : 60 x 11 x 40 cm (l x h x p)<\/li>\n<li>Poids : 1,2 kg<\/li>\n<\/ul>\n","protected":false},"excerpt":{"rendered":"<p>Flip Box &#8211; la bo\u00eete isotherme pliante et intelligente\u00a0:Transport s\u00fbr et sans stress de boissons r\u00e9frig\u00e9r\u00e9es, de produits surgel\u00e9s, de salades, de g\u00e2teaux et de fournitures de voyage avec les bo\u00eetes isothermes pliantes innovantes Sans \u00e9lectricit\u00e9 ni batteries de refroidissement, le contenu reste frais pendant des heures. Gr\u00e2ce \u00e0 la construction robuste en 100% EPP [&hellip;]<\/p>\n","protected":false},"featured_media":36903,"template":"","meta":{"_acf_changed":false},"product_featured_cat":[],"product_brand":[3258],"product_cat":[4085],"product_tag":[],"class_list":{"0":"post-36905","1":"product","2":"type-product","3":"status-publish","4":"has-post-thumbnail","6":"product_brand-flip-box","7":"product_cat-glacieres-passives-et-sacs","9":"first","10":"instock","11":"taxable","12":"shipping-taxable","13":"purchasable","14":"product-type-simple"},"acf":[],"yoast_head":"<!-- This site is optimized with the Yoast SEO plugin v27.4 - https:\/\/yoast.com\/product\/yoast-seo-wordpress\/ -->\n<title>Bo\u00eete-Flip Classic Line blanc\/gris 400x400x84 mm Contenu: 38,5 l - Bantam Wankm\u00fcller SA<\/title>\n<meta name=\"robots\" content=\"index, follow, max-snippet:-1, max-image-preview:large, max-video-preview:-1\" \/>\n<link rel=\"canonical\" href=\"https:\/\/shop.bantam.ch\/fr\/produit\/boite-isotherme-big\/\" \/>\n<meta property=\"og:locale\" content=\"fr_FR\" \/>\n<meta property=\"og:type\" content=\"article\" \/>\n<meta property=\"og:title\" content=\"Bo\u00eete-Flip Classic Line blanc\/gris 400x400x84 mm Contenu: 38,5 l - Bantam Wankm\u00fcller SA\" \/>\n<meta property=\"og:description\" content=\"Flip Box &#8211; la bo\u00eete isotherme pliante et intelligente\u00a0:Transport s\u00fbr et sans stress de boissons r\u00e9frig\u00e9r\u00e9es, de produits surgel\u00e9s, de salades, de g\u00e2teaux et de fournitures de voyage avec les bo\u00eetes isothermes pliantes innovantes Sans \u00e9lectricit\u00e9 ni batteries de refroidissement, le contenu reste frais pendant des heures. Gr\u00e2ce \u00e0 la construction robuste en 100% EPP [&hellip;]\" \/>\n<meta property=\"og:url\" content=\"https:\/\/shop.bantam.ch\/fr\/produit\/boite-isotherme-big\/\" \/>\n<meta property=\"og:site_name\" content=\"Bantam Wankm\u00fcller SA\" \/>\n<meta property=\"article:modified_time\" content=\"2026-04-22T18:48:14+00:00\" \/>\n<meta property=\"og:image\" content=\"https:\/\/shop.bantam.ch\/wp-content\/uploads\/2023\/02\/9936007-Flip-Box_UL_grau_schwarz-Standard-01-1.jpg\" \/>\n\t<meta property=\"og:image:width\" content=\"1000\" \/>\n\t<meta property=\"og:image:height\" content=\"773\" \/>\n\t<meta property=\"og:image:type\" content=\"image\/jpeg\" \/>\n<meta name=\"twitter:card\" content=\"summary_large_image\" \/>\n<meta name=\"twitter:label1\" content=\"Dur\u00e9e de lecture estim\u00e9e\" \/>\n\t<meta name=\"twitter:data1\" content=\"1 minute\" \/>\n<script type=\"application\/ld+json\" class=\"yoast-schema-graph\">{\"@context\":\"https:\\\/\\\/schema.org\",\"@graph\":[{\"@type\":\"WebPage\",\"@id\":\"https:\\\/\\\/shop.bantam.ch\\\/fr\\\/produit\\\/boite-isotherme-big\\\/\",\"url\":\"https:\\\/\\\/shop.bantam.ch\\\/fr\\\/produit\\\/boite-isotherme-big\\\/\",\"name\":\"Bo\u00eete-Flip Classic Line blanc\\\/gris 400x400x84 mm Contenu: 38,5 l - Bantam Wankm\u00fcller SA\",\"isPartOf\":{\"@id\":\"https:\\\/\\\/shop.bantam.ch\\\/fr\\\/#website\"},\"primaryImageOfPage\":{\"@id\":\"https:\\\/\\\/shop.bantam.ch\\\/fr\\\/produit\\\/boite-isotherme-big\\\/#primaryimage\"},\"image\":{\"@id\":\"https:\\\/\\\/shop.bantam.ch\\\/fr\\\/produit\\\/boite-isotherme-big\\\/#primaryimage\"},\"thumbnailUrl\":\"https:\\\/\\\/shop.bantam.ch\\\/wp-content\\\/uploads\\\/2023\\\/02\\\/9936007-Flip-Box_UL_grau_schwarz-Standard-01-1.jpg\",\"datePublished\":\"2023-02-22T18:58:03+00:00\",\"dateModified\":\"2026-04-22T18:48:14+00:00\",\"breadcrumb\":{\"@id\":\"https:\\\/\\\/shop.bantam.ch\\\/fr\\\/produit\\\/boite-isotherme-big\\\/#breadcrumb\"},\"inLanguage\":\"fr-FR\",\"potentialAction\":[{\"@type\":\"ReadAction\",\"target\":[\"https:\\\/\\\/shop.bantam.ch\\\/fr\\\/produit\\\/boite-isotherme-big\\\/\"]}]},{\"@type\":\"ImageObject\",\"inLanguage\":\"fr-FR\",\"@id\":\"https:\\\/\\\/shop.bantam.ch\\\/fr\\\/produit\\\/boite-isotherme-big\\\/#primaryimage\",\"url\":\"https:\\\/\\\/shop.bantam.ch\\\/wp-content\\\/uploads\\\/2023\\\/02\\\/9936007-Flip-Box_UL_grau_schwarz-Standard-01-1.jpg\",\"contentUrl\":\"https:\\\/\\\/shop.bantam.ch\\\/wp-content\\\/uploads\\\/2023\\\/02\\\/9936007-Flip-Box_UL_grau_schwarz-Standard-01-1.jpg\",\"width\":1000,\"height\":773},{\"@type\":\"BreadcrumbList\",\"@id\":\"https:\\\/\\\/shop.bantam.ch\\\/fr\\\/produit\\\/boite-isotherme-big\\\/#breadcrumb\",\"itemListElement\":[{\"@type\":\"ListItem\",\"position\":1,\"name\":\"Accueil\",\"item\":\"https:\\\/\\\/shop.bantam.ch\\\/fr\\\/\"},{\"@type\":\"ListItem\",\"position\":2,\"name\":\"Boutique\",\"item\":\"https:\\\/\\\/shop.bantam.ch\\\/fr\\\/boutique\\\/\"},{\"@type\":\"ListItem\",\"position\":3,\"name\":\"Bo\u00eete-Flip Classic Line blanc\\\/gris 400x400x84 mm Contenu: 38,5 l\"}]},{\"@type\":\"WebSite\",\"@id\":\"https:\\\/\\\/shop.bantam.ch\\\/fr\\\/#website\",\"url\":\"https:\\\/\\\/shop.bantam.ch\\\/fr\\\/\",\"name\":\"Bantam Wankm\u00fcller SA\",\"description\":\"\",\"publisher\":{\"@id\":\"https:\\\/\\\/shop.bantam.ch\\\/fr\\\/#organization\"},\"inLanguage\":\"fr-FR\"},{\"@type\":\"Organization\",\"@id\":\"https:\\\/\\\/shop.bantam.ch\\\/fr\\\/#organization\",\"name\":\"Bantam Wankm\u00fcller SA\",\"url\":\"https:\\\/\\\/shop.bantam.ch\\\/fr\\\/\",\"logo\":{\"@type\":\"ImageObject\",\"inLanguage\":\"fr-FR\",\"@id\":\"https:\\\/\\\/shop.bantam.ch\\\/fr\\\/#\\\/schema\\\/logo\\\/image\\\/\",\"url\":\"https:\\\/\\\/shop.bantam.ch\\\/wp-content\\\/uploads\\\/2022\\\/12\\\/bantam-logo.png\",\"contentUrl\":\"https:\\\/\\\/shop.bantam.ch\\\/wp-content\\\/uploads\\\/2022\\\/12\\\/bantam-logo.png\",\"width\":320,\"height\":71,\"caption\":\"Bantam Wankm\u00fcller SA\"},\"image\":{\"@id\":\"https:\\\/\\\/shop.bantam.ch\\\/fr\\\/#\\\/schema\\\/logo\\\/image\\\/\"}}]}<\/script>\n<!-- \/ Yoast SEO plugin. -->","yoast_head_json":{"title":"Bo\u00eete-Flip Classic Line blanc\/gris 400x400x84 mm Contenu: 38,5 l - Bantam Wankm\u00fcller SA","robots":{"index":"index","follow":"follow","max-snippet":"max-snippet:-1","max-image-preview":"max-image-preview:large","max-video-preview":"max-video-preview:-1"},"canonical":"https:\/\/shop.bantam.ch\/fr\/produit\/boite-isotherme-big\/","og_locale":"fr_FR","og_type":"article","og_title":"Bo\u00eete-Flip Classic Line blanc\/gris 400x400x84 mm Contenu: 38,5 l - Bantam Wankm\u00fcller SA","og_description":"Flip Box &#8211; la bo\u00eete isotherme pliante et intelligente\u00a0:Transport s\u00fbr et sans stress de boissons r\u00e9frig\u00e9r\u00e9es, de produits surgel\u00e9s, de salades, de g\u00e2teaux et de fournitures de voyage avec les bo\u00eetes isothermes pliantes innovantes Sans \u00e9lectricit\u00e9 ni batteries de refroidissement, le contenu reste frais pendant des heures. Gr\u00e2ce \u00e0 la construction robuste en 100% EPP [&hellip;]","og_url":"https:\/\/shop.bantam.ch\/fr\/produit\/boite-isotherme-big\/","og_site_name":"Bantam Wankm\u00fcller SA","article_modified_time":"2026-04-22T18:48:14+00:00","og_image":[{"width":1000,"height":773,"url":"https:\/\/shop.bantam.ch\/wp-content\/uploads\/2023\/02\/9936007-Flip-Box_UL_grau_schwarz-Standard-01-1.jpg","type":"image\/jpeg"}],"twitter_card":"summary_large_image","twitter_misc":{"Dur\u00e9e de lecture estim\u00e9e":"1 minute"},"schema":{"@context":"https:\/\/schema.org","@graph":[{"@type":"WebPage","@id":"https:\/\/shop.bantam.ch\/fr\/produit\/boite-isotherme-big\/","url":"https:\/\/shop.bantam.ch\/fr\/produit\/boite-isotherme-big\/","name":"Bo\u00eete-Flip Classic Line blanc\/gris 400x400x84 mm Contenu: 38,5 l - Bantam Wankm\u00fcller SA","isPartOf":{"@id":"https:\/\/shop.bantam.ch\/fr\/#website"},"primaryImageOfPage":{"@id":"https:\/\/shop.bantam.ch\/fr\/produit\/boite-isotherme-big\/#primaryimage"},"image":{"@id":"https:\/\/shop.bantam.ch\/fr\/produit\/boite-isotherme-big\/#primaryimage"},"thumbnailUrl":"https:\/\/shop.bantam.ch\/wp-content\/uploads\/2023\/02\/9936007-Flip-Box_UL_grau_schwarz-Standard-01-1.jpg","datePublished":"2023-02-22T18:58:03+00:00","dateModified":"2026-04-22T18:48:14+00:00","breadcrumb":{"@id":"https:\/\/shop.bantam.ch\/fr\/produit\/boite-isotherme-big\/#breadcrumb"},"inLanguage":"fr-FR","potentialAction":[{"@type":"ReadAction","target":["https:\/\/shop.bantam.ch\/fr\/produit\/boite-isotherme-big\/"]}]},{"@type":"ImageObject","inLanguage":"fr-FR","@id":"https:\/\/shop.bantam.ch\/fr\/produit\/boite-isotherme-big\/#primaryimage","url":"https:\/\/shop.bantam.ch\/wp-content\/uploads\/2023\/02\/9936007-Flip-Box_UL_grau_schwarz-Standard-01-1.jpg","contentUrl":"https:\/\/shop.bantam.ch\/wp-content\/uploads\/2023\/02\/9936007-Flip-Box_UL_grau_schwarz-Standard-01-1.jpg","width":1000,"height":773},{"@type":"BreadcrumbList","@id":"https:\/\/shop.bantam.ch\/fr\/produit\/boite-isotherme-big\/#breadcrumb","itemListElement":[{"@type":"ListItem","position":1,"name":"Accueil","item":"https:\/\/shop.bantam.ch\/fr\/"},{"@type":"ListItem","position":2,"name":"Boutique","item":"https:\/\/shop.bantam.ch\/fr\/boutique\/"},{"@type":"ListItem","position":3,"name":"Bo\u00eete-Flip Classic Line blanc\/gris 400x400x84 mm Contenu: 38,5 l"}]},{"@type":"WebSite","@id":"https:\/\/shop.bantam.ch\/fr\/#website","url":"https:\/\/shop.bantam.ch\/fr\/","name":"Bantam Wankm\u00fcller SA","description":"","publisher":{"@id":"https:\/\/shop.bantam.ch\/fr\/#organization"},"inLanguage":"fr-FR"},{"@type":"Organization","@id":"https:\/\/shop.bantam.ch\/fr\/#organization","name":"Bantam Wankm\u00fcller SA","url":"https:\/\/shop.bantam.ch\/fr\/","logo":{"@type":"ImageObject","inLanguage":"fr-FR","@id":"https:\/\/shop.bantam.ch\/fr\/#\/schema\/logo\/image\/","url":"https:\/\/shop.bantam.ch\/wp-content\/uploads\/2022\/12\/bantam-logo.png","contentUrl":"https:\/\/shop.bantam.ch\/wp-content\/uploads\/2022\/12\/bantam-logo.png","width":320,"height":71,"caption":"Bantam Wankm\u00fcller SA"},"image":{"@id":"https:\/\/shop.bantam.ch\/fr\/#\/schema\/logo\/image\/"}}]}},"_links":{"self":[{"href":"https:\/\/shop.bantam.ch\/fr\/wp-json\/wp\/v2\/product\/36905","targetHints":{"allow":["GET"]}}],"collection":[{"href":"https:\/\/shop.bantam.ch\/fr\/wp-json\/wp\/v2\/product"}],"about":[{"href":"https:\/\/shop.bantam.ch\/fr\/wp-json\/wp\/v2\/types\/product"}],"wp:featuredmedia":[{"embeddable":true,"href":"https:\/\/shop.bantam.ch\/fr\/wp-json\/wp\/v2\/media\/36903"}],"wp:attachment":[{"href":"https:\/\/shop.bantam.ch\/fr\/wp-json\/wp\/v2\/media?parent=36905"}],"wp:term":[{"taxonomy":"product_featured_cat","embeddable":true,"href":"https:\/\/shop.bantam.ch\/fr\/wp-json\/wp\/v2\/product_featured_cat?post=36905"},{"taxonomy":"product_brand","embeddable":true,"href":"https:\/\/shop.bantam.ch\/fr\/wp-json\/wp\/v2\/product_brand?post=36905"},{"taxonomy":"product_cat","embeddable":true,"href":"https:\/\/shop.bantam.ch\/fr\/wp-json\/wp\/v2\/product_cat?post=36905"},{"taxonomy":"product_tag","embeddable":true,"href":"https:\/\/shop.bantam.ch\/fr\/wp-json\/wp\/v2\/product_tag?post=36905"}],"curies":[{"name":"wp","href":"https:\/\/api.w.org\/{rel}","templated":true}]}}