{"id":36559,"date":"2023-02-22T19:42:16","date_gmt":"2023-02-22T18:42:16","guid":{"rendered":"http:\/\/preprod-dev.sh1.hidora.com\/webshop\/produit\/systeme-de-suspension-pneumatique-airlift-maxi-pour-fiat-ducato-230-244-6\/"},"modified":"2026-04-17T20:47:06","modified_gmt":"2026-04-17T18:47:06","slug":"systeme-de-suspension-pneumatique-airlift-maxi-pour-fiat-ducato-230-244-6","status":"publish","type":"product","link":"https:\/\/shop.bantam.ch\/fr\/produit\/systeme-de-suspension-pneumatique-airlift-maxi-pour-fiat-ducato-230-244-6\/","title":{"rendered":"syst. de suspension pneum. Airlift Maxi pour Fiat Ducato 230\/244 et mod\u00e8les \u00e9quiv. 2\u00a0circuits 6\u2019\u2019"},"content":{"rendered":"<p>L&rsquo;alternative conviviale \u00e0 l\u2019amortisseur air Linnepe Airlift &#8211; pour plus de confort de conduite et plus de s\u00e9curit\u00e9. L&rsquo;installation simple du syst\u00e8me de suspension pneumatique command\u00e9 par compresseur sur l&rsquo;essieu arri\u00e8re s&rsquo;effectue en conservant les ressorts \u00e0 lames existants. Le comportement de conduite et la garde au sol peuvent \u00eatre facilement contr\u00f4l\u00e9s depuis le si\u00e8ge du conducteur via le panneau de commande. Avec \u00e9l\u00e9ment de commande cabine conducteur 6 pouces.<\/p>\n<p>Donn\u00e9es techniques : <\/p>\n<ul>\n<li>Expertise T\u00dcV des pi\u00e8ces<\/li>\n<li>Double soufflet Firestone 6\u00a0\u00bb<\/li>\n<li>Compresseur 12 Volt<\/li>\n<li>Protection anti-\u00e9claboussures<\/li>\n<li>Syst\u00e8mes \u00e0 deux circuits exclusivement<\/li>\n<\/ul>\n<p>\u00a0<\/p>\n<p>\u00e0 partir de 1994 &#8211; 06\/2006<\/p>\n","protected":false},"excerpt":{"rendered":"<p>L&rsquo;alternative conviviale \u00e0 l\u2019amortisseur air Linnepe Airlift &#8211; pour plus de confort de conduite et plus de s\u00e9curit\u00e9. L&rsquo;installation simple du syst\u00e8me de suspension pneumatique command\u00e9 par compresseur sur l&rsquo;essieu arri\u00e8re s&rsquo;effectue en conservant les ressorts \u00e0 lames existants. Le comportement de conduite et la garde au sol peuvent \u00eatre facilement contr\u00f4l\u00e9s depuis le si\u00e8ge [&hellip;]<\/p>\n","protected":false},"featured_media":36557,"template":"","meta":{"_acf_changed":false},"product_featured_cat":[],"product_brand":[3146],"product_cat":[4807],"product_tag":[],"class_list":{"0":"post-36559","1":"product","2":"type-product","3":"status-publish","4":"has-post-thumbnail","6":"product_brand-linnepe","7":"product_cat-suspensions-pneumatiques","9":"first","10":"instock","11":"taxable","12":"shipping-taxable","13":"purchasable","14":"product-type-simple"},"acf":[],"yoast_head":"<!-- This site is optimized with the Yoast SEO plugin v27.4 - https:\/\/yoast.com\/product\/yoast-seo-wordpress\/ -->\n<title>syst. de suspension pneum. Airlift Maxi pour Fiat Ducato 230\/244 et mod\u00e8les \u00e9quiv. 2\u00a0circuits 6\u2019\u2019 - Bantam Wankm\u00fcller SA<\/title>\n<meta name=\"robots\" content=\"index, follow, max-snippet:-1, max-image-preview:large, max-video-preview:-1\" \/>\n<link rel=\"canonical\" href=\"https:\/\/shop.bantam.ch\/fr\/produit\/systeme-de-suspension-pneumatique-airlift-maxi-pour-fiat-ducato-230-244-6\/\" \/>\n<meta property=\"og:locale\" content=\"fr_FR\" \/>\n<meta property=\"og:type\" content=\"article\" \/>\n<meta property=\"og:title\" content=\"syst. de suspension pneum. Airlift Maxi pour Fiat Ducato 230\/244 et mod\u00e8les \u00e9quiv. 2\u00a0circuits 6\u2019\u2019 - Bantam Wankm\u00fcller SA\" \/>\n<meta property=\"og:description\" content=\"L&rsquo;alternative conviviale \u00e0 l\u2019amortisseur air Linnepe Airlift &#8211; pour plus de confort de conduite et plus de s\u00e9curit\u00e9. L&rsquo;installation simple du syst\u00e8me de suspension pneumatique command\u00e9 par compresseur sur l&rsquo;essieu arri\u00e8re s&rsquo;effectue en conservant les ressorts \u00e0 lames existants. Le comportement de conduite et la garde au sol peuvent \u00eatre facilement contr\u00f4l\u00e9s depuis le si\u00e8ge [&hellip;]\" \/>\n<meta property=\"og:url\" content=\"https:\/\/shop.bantam.ch\/fr\/produit\/systeme-de-suspension-pneumatique-airlift-maxi-pour-fiat-ducato-230-244-6\/\" \/>\n<meta property=\"og:site_name\" content=\"Bantam Wankm\u00fcller SA\" \/>\n<meta property=\"article:modified_time\" content=\"2026-04-17T18:47:06+00:00\" \/>\n<meta property=\"og:image\" content=\"https:\/\/shop.bantam.ch\/wp-content\/uploads\/2023\/02\/993035611-1.jpg\" \/>\n\t<meta property=\"og:image:width\" content=\"1000\" \/>\n\t<meta property=\"og:image:height\" content=\"539\" \/>\n\t<meta property=\"og:image:type\" content=\"image\/jpeg\" \/>\n<meta name=\"twitter:card\" content=\"summary_large_image\" \/>\n<meta name=\"twitter:label1\" content=\"Dur\u00e9e de lecture estim\u00e9e\" \/>\n\t<meta name=\"twitter:data1\" content=\"1 minute\" \/>\n<script type=\"application\/ld+json\" class=\"yoast-schema-graph\">{\"@context\":\"https:\\\/\\\/schema.org\",\"@graph\":[{\"@type\":\"WebPage\",\"@id\":\"https:\\\/\\\/shop.bantam.ch\\\/fr\\\/produit\\\/systeme-de-suspension-pneumatique-airlift-maxi-pour-fiat-ducato-230-244-6\\\/\",\"url\":\"https:\\\/\\\/shop.bantam.ch\\\/fr\\\/produit\\\/systeme-de-suspension-pneumatique-airlift-maxi-pour-fiat-ducato-230-244-6\\\/\",\"name\":\"syst. de suspension pneum. Airlift Maxi pour Fiat Ducato 230\\\/244 et mod\u00e8les \u00e9quiv. 2\u00a0circuits 6\u2019\u2019 - Bantam Wankm\u00fcller SA\",\"isPartOf\":{\"@id\":\"https:\\\/\\\/shop.bantam.ch\\\/fr\\\/#website\"},\"primaryImageOfPage\":{\"@id\":\"https:\\\/\\\/shop.bantam.ch\\\/fr\\\/produit\\\/systeme-de-suspension-pneumatique-airlift-maxi-pour-fiat-ducato-230-244-6\\\/#primaryimage\"},\"image\":{\"@id\":\"https:\\\/\\\/shop.bantam.ch\\\/fr\\\/produit\\\/systeme-de-suspension-pneumatique-airlift-maxi-pour-fiat-ducato-230-244-6\\\/#primaryimage\"},\"thumbnailUrl\":\"https:\\\/\\\/shop.bantam.ch\\\/wp-content\\\/uploads\\\/2023\\\/02\\\/993035611-1.jpg\",\"datePublished\":\"2023-02-22T18:42:16+00:00\",\"dateModified\":\"2026-04-17T18:47:06+00:00\",\"breadcrumb\":{\"@id\":\"https:\\\/\\\/shop.bantam.ch\\\/fr\\\/produit\\\/systeme-de-suspension-pneumatique-airlift-maxi-pour-fiat-ducato-230-244-6\\\/#breadcrumb\"},\"inLanguage\":\"fr-FR\",\"potentialAction\":[{\"@type\":\"ReadAction\",\"target\":[\"https:\\\/\\\/shop.bantam.ch\\\/fr\\\/produit\\\/systeme-de-suspension-pneumatique-airlift-maxi-pour-fiat-ducato-230-244-6\\\/\"]}]},{\"@type\":\"ImageObject\",\"inLanguage\":\"fr-FR\",\"@id\":\"https:\\\/\\\/shop.bantam.ch\\\/fr\\\/produit\\\/systeme-de-suspension-pneumatique-airlift-maxi-pour-fiat-ducato-230-244-6\\\/#primaryimage\",\"url\":\"https:\\\/\\\/shop.bantam.ch\\\/wp-content\\\/uploads\\\/2023\\\/02\\\/993035611-1.jpg\",\"contentUrl\":\"https:\\\/\\\/shop.bantam.ch\\\/wp-content\\\/uploads\\\/2023\\\/02\\\/993035611-1.jpg\",\"width\":1000,\"height\":539},{\"@type\":\"BreadcrumbList\",\"@id\":\"https:\\\/\\\/shop.bantam.ch\\\/fr\\\/produit\\\/systeme-de-suspension-pneumatique-airlift-maxi-pour-fiat-ducato-230-244-6\\\/#breadcrumb\",\"itemListElement\":[{\"@type\":\"ListItem\",\"position\":1,\"name\":\"Accueil\",\"item\":\"https:\\\/\\\/shop.bantam.ch\\\/fr\\\/\"},{\"@type\":\"ListItem\",\"position\":2,\"name\":\"Boutique\",\"item\":\"https:\\\/\\\/shop.bantam.ch\\\/fr\\\/boutique\\\/\"},{\"@type\":\"ListItem\",\"position\":3,\"name\":\"syst. de suspension pneum. Airlift Maxi pour Fiat Ducato 230\\\/244 et mod\u00e8les \u00e9quiv. 2\u00a0circuits 6\u2019\u2019\"}]},{\"@type\":\"WebSite\",\"@id\":\"https:\\\/\\\/shop.bantam.ch\\\/fr\\\/#website\",\"url\":\"https:\\\/\\\/shop.bantam.ch\\\/fr\\\/\",\"name\":\"Bantam Wankm\u00fcller SA\",\"description\":\"\",\"publisher\":{\"@id\":\"https:\\\/\\\/shop.bantam.ch\\\/fr\\\/#organization\"},\"inLanguage\":\"fr-FR\"},{\"@type\":\"Organization\",\"@id\":\"https:\\\/\\\/shop.bantam.ch\\\/fr\\\/#organization\",\"name\":\"Bantam Wankm\u00fcller SA\",\"url\":\"https:\\\/\\\/shop.bantam.ch\\\/fr\\\/\",\"logo\":{\"@type\":\"ImageObject\",\"inLanguage\":\"fr-FR\",\"@id\":\"https:\\\/\\\/shop.bantam.ch\\\/fr\\\/#\\\/schema\\\/logo\\\/image\\\/\",\"url\":\"https:\\\/\\\/shop.bantam.ch\\\/wp-content\\\/uploads\\\/2022\\\/12\\\/bantam-logo.png\",\"contentUrl\":\"https:\\\/\\\/shop.bantam.ch\\\/wp-content\\\/uploads\\\/2022\\\/12\\\/bantam-logo.png\",\"width\":320,\"height\":71,\"caption\":\"Bantam Wankm\u00fcller SA\"},\"image\":{\"@id\":\"https:\\\/\\\/shop.bantam.ch\\\/fr\\\/#\\\/schema\\\/logo\\\/image\\\/\"}}]}<\/script>\n<!-- \/ Yoast SEO plugin. -->","yoast_head_json":{"title":"syst. de suspension pneum. Airlift Maxi pour Fiat Ducato 230\/244 et mod\u00e8les \u00e9quiv. 2\u00a0circuits 6\u2019\u2019 - Bantam Wankm\u00fcller SA","robots":{"index":"index","follow":"follow","max-snippet":"max-snippet:-1","max-image-preview":"max-image-preview:large","max-video-preview":"max-video-preview:-1"},"canonical":"https:\/\/shop.bantam.ch\/fr\/produit\/systeme-de-suspension-pneumatique-airlift-maxi-pour-fiat-ducato-230-244-6\/","og_locale":"fr_FR","og_type":"article","og_title":"syst. de suspension pneum. Airlift Maxi pour Fiat Ducato 230\/244 et mod\u00e8les \u00e9quiv. 2\u00a0circuits 6\u2019\u2019 - Bantam Wankm\u00fcller SA","og_description":"L&rsquo;alternative conviviale \u00e0 l\u2019amortisseur air Linnepe Airlift &#8211; pour plus de confort de conduite et plus de s\u00e9curit\u00e9. L&rsquo;installation simple du syst\u00e8me de suspension pneumatique command\u00e9 par compresseur sur l&rsquo;essieu arri\u00e8re s&rsquo;effectue en conservant les ressorts \u00e0 lames existants. Le comportement de conduite et la garde au sol peuvent \u00eatre facilement contr\u00f4l\u00e9s depuis le si\u00e8ge [&hellip;]","og_url":"https:\/\/shop.bantam.ch\/fr\/produit\/systeme-de-suspension-pneumatique-airlift-maxi-pour-fiat-ducato-230-244-6\/","og_site_name":"Bantam Wankm\u00fcller SA","article_modified_time":"2026-04-17T18:47:06+00:00","og_image":[{"width":1000,"height":539,"url":"https:\/\/shop.bantam.ch\/wp-content\/uploads\/2023\/02\/993035611-1.jpg","type":"image\/jpeg"}],"twitter_card":"summary_large_image","twitter_misc":{"Dur\u00e9e de lecture estim\u00e9e":"1 minute"},"schema":{"@context":"https:\/\/schema.org","@graph":[{"@type":"WebPage","@id":"https:\/\/shop.bantam.ch\/fr\/produit\/systeme-de-suspension-pneumatique-airlift-maxi-pour-fiat-ducato-230-244-6\/","url":"https:\/\/shop.bantam.ch\/fr\/produit\/systeme-de-suspension-pneumatique-airlift-maxi-pour-fiat-ducato-230-244-6\/","name":"syst. de suspension pneum. Airlift Maxi pour Fiat Ducato 230\/244 et mod\u00e8les \u00e9quiv. 2\u00a0circuits 6\u2019\u2019 - Bantam Wankm\u00fcller SA","isPartOf":{"@id":"https:\/\/shop.bantam.ch\/fr\/#website"},"primaryImageOfPage":{"@id":"https:\/\/shop.bantam.ch\/fr\/produit\/systeme-de-suspension-pneumatique-airlift-maxi-pour-fiat-ducato-230-244-6\/#primaryimage"},"image":{"@id":"https:\/\/shop.bantam.ch\/fr\/produit\/systeme-de-suspension-pneumatique-airlift-maxi-pour-fiat-ducato-230-244-6\/#primaryimage"},"thumbnailUrl":"https:\/\/shop.bantam.ch\/wp-content\/uploads\/2023\/02\/993035611-1.jpg","datePublished":"2023-02-22T18:42:16+00:00","dateModified":"2026-04-17T18:47:06+00:00","breadcrumb":{"@id":"https:\/\/shop.bantam.ch\/fr\/produit\/systeme-de-suspension-pneumatique-airlift-maxi-pour-fiat-ducato-230-244-6\/#breadcrumb"},"inLanguage":"fr-FR","potentialAction":[{"@type":"ReadAction","target":["https:\/\/shop.bantam.ch\/fr\/produit\/systeme-de-suspension-pneumatique-airlift-maxi-pour-fiat-ducato-230-244-6\/"]}]},{"@type":"ImageObject","inLanguage":"fr-FR","@id":"https:\/\/shop.bantam.ch\/fr\/produit\/systeme-de-suspension-pneumatique-airlift-maxi-pour-fiat-ducato-230-244-6\/#primaryimage","url":"https:\/\/shop.bantam.ch\/wp-content\/uploads\/2023\/02\/993035611-1.jpg","contentUrl":"https:\/\/shop.bantam.ch\/wp-content\/uploads\/2023\/02\/993035611-1.jpg","width":1000,"height":539},{"@type":"BreadcrumbList","@id":"https:\/\/shop.bantam.ch\/fr\/produit\/systeme-de-suspension-pneumatique-airlift-maxi-pour-fiat-ducato-230-244-6\/#breadcrumb","itemListElement":[{"@type":"ListItem","position":1,"name":"Accueil","item":"https:\/\/shop.bantam.ch\/fr\/"},{"@type":"ListItem","position":2,"name":"Boutique","item":"https:\/\/shop.bantam.ch\/fr\/boutique\/"},{"@type":"ListItem","position":3,"name":"syst. de suspension pneum. Airlift Maxi pour Fiat Ducato 230\/244 et mod\u00e8les \u00e9quiv. 2\u00a0circuits 6\u2019\u2019"}]},{"@type":"WebSite","@id":"https:\/\/shop.bantam.ch\/fr\/#website","url":"https:\/\/shop.bantam.ch\/fr\/","name":"Bantam Wankm\u00fcller SA","description":"","publisher":{"@id":"https:\/\/shop.bantam.ch\/fr\/#organization"},"inLanguage":"fr-FR"},{"@type":"Organization","@id":"https:\/\/shop.bantam.ch\/fr\/#organization","name":"Bantam Wankm\u00fcller SA","url":"https:\/\/shop.bantam.ch\/fr\/","logo":{"@type":"ImageObject","inLanguage":"fr-FR","@id":"https:\/\/shop.bantam.ch\/fr\/#\/schema\/logo\/image\/","url":"https:\/\/shop.bantam.ch\/wp-content\/uploads\/2022\/12\/bantam-logo.png","contentUrl":"https:\/\/shop.bantam.ch\/wp-content\/uploads\/2022\/12\/bantam-logo.png","width":320,"height":71,"caption":"Bantam Wankm\u00fcller SA"},"image":{"@id":"https:\/\/shop.bantam.ch\/fr\/#\/schema\/logo\/image\/"}}]}},"_links":{"self":[{"href":"https:\/\/shop.bantam.ch\/fr\/wp-json\/wp\/v2\/product\/36559","targetHints":{"allow":["GET"]}}],"collection":[{"href":"https:\/\/shop.bantam.ch\/fr\/wp-json\/wp\/v2\/product"}],"about":[{"href":"https:\/\/shop.bantam.ch\/fr\/wp-json\/wp\/v2\/types\/product"}],"wp:featuredmedia":[{"embeddable":true,"href":"https:\/\/shop.bantam.ch\/fr\/wp-json\/wp\/v2\/media\/36557"}],"wp:attachment":[{"href":"https:\/\/shop.bantam.ch\/fr\/wp-json\/wp\/v2\/media?parent=36559"}],"wp:term":[{"taxonomy":"product_featured_cat","embeddable":true,"href":"https:\/\/shop.bantam.ch\/fr\/wp-json\/wp\/v2\/product_featured_cat?post=36559"},{"taxonomy":"product_brand","embeddable":true,"href":"https:\/\/shop.bantam.ch\/fr\/wp-json\/wp\/v2\/product_brand?post=36559"},{"taxonomy":"product_cat","embeddable":true,"href":"https:\/\/shop.bantam.ch\/fr\/wp-json\/wp\/v2\/product_cat?post=36559"},{"taxonomy":"product_tag","embeddable":true,"href":"https:\/\/shop.bantam.ch\/fr\/wp-json\/wp\/v2\/product_tag?post=36559"}],"curies":[{"name":"wp","href":"https:\/\/api.w.org\/{rel}","templated":true}]}}