{"id":36457,"date":"2023-02-22T19:39:54","date_gmt":"2023-02-22T18:39:54","guid":{"rendered":"http:\/\/preprod-dev.sh1.hidora.com\/webshop\/produit\/ventilation-wc-variante-sol-pour-thetford-c-200\/"},"modified":"2026-04-17T20:46:58","modified_gmt":"2026-04-17T18:46:58","slug":"ventilation-wc-variante-sol-pour-thetford-c-200","status":"publish","type":"product","link":"https:\/\/shop.bantam.ch\/fr\/produit\/ventilation-wc-variante-sol-pour-thetford-c-200\/","title":{"rendered":"Ventilation toilettes SOG Type B &#8211; Thetford C 200 variante sol"},"content":{"rendered":"<p>Fonctionne avec un ventilateur d\u2019aspiration sp\u00e9cial puissant. Atteint une aspiration efficace en cas de vitesse de rotation \u00e9lev\u00e9e. Toutes les odeurs sont \u00e9galement aspir\u00e9es. L\u2019apport accru en oxyg\u00e8ne assure la d\u00e9composition, le ventilateur ne s\u2019enclenche que lors de l\u2019utilisation, d\u2019o\u00f9 une faible consommation \u00e9lectrique. Avantages\u00a0: pas d\u2019additifs chimiques, utilisation de papier toilette standard, \u00e9vacuation simple et confort sup\u00e9rieur\u00a0! Les indications relatives au coloris concernent toujours le bo\u00eetier du filtre.<\/p>\n<p>Contenu de la livraison :<br \/>Ventilateur, adaptateur, bo\u00eetier du filtre, filtre, jeu de c\u00e2bles avec interrupteur pour l\u2019alimentation \u00e9lectrique du ventilateur, pi\u00e8ces de fixation et notice de montage<\/p>\n<ul>\n<li>Type\u00a0: B &#8211; Toilettes Thetford C200<\/li>\n<li>Mod\u00e8le : variante sol<\/li>\n<\/ul>\n","protected":false},"excerpt":{"rendered":"<p>Fonctionne avec un ventilateur d\u2019aspiration sp\u00e9cial puissant. Atteint une aspiration efficace en cas de vitesse de rotation \u00e9lev\u00e9e. Toutes les odeurs sont \u00e9galement aspir\u00e9es. L\u2019apport accru en oxyg\u00e8ne assure la d\u00e9composition, le ventilateur ne s\u2019enclenche que lors de l\u2019utilisation, d\u2019o\u00f9 une faible consommation \u00e9lectrique. Avantages\u00a0: pas d\u2019additifs chimiques, utilisation de papier toilette standard, \u00e9vacuation simple [&hellip;]<\/p>\n","protected":false},"featured_media":36455,"template":"","meta":{"_acf_changed":false},"product_featured_cat":[],"product_brand":[3250],"product_cat":[4601],"product_tag":[],"class_list":{"0":"post-36457","1":"product","2":"type-product","3":"status-publish","4":"has-post-thumbnail","6":"product_brand-sog","7":"product_cat-ventilations-de-toilettes","9":"first","10":"instock","11":"taxable","12":"shipping-taxable","13":"purchasable","14":"product-type-simple"},"acf":[],"yoast_head":"<!-- This site is optimized with the Yoast SEO plugin v27.4 - https:\/\/yoast.com\/product\/yoast-seo-wordpress\/ -->\n<title>Ventilation toilettes SOG Type B - Thetford C 200 variante sol - Bantam Wankm\u00fcller SA<\/title>\n<meta name=\"robots\" content=\"index, follow, max-snippet:-1, max-image-preview:large, max-video-preview:-1\" \/>\n<link rel=\"canonical\" href=\"https:\/\/shop.bantam.ch\/fr\/produit\/ventilation-wc-variante-sol-pour-thetford-c-200\/\" \/>\n<meta property=\"og:locale\" content=\"fr_FR\" \/>\n<meta property=\"og:type\" content=\"article\" \/>\n<meta property=\"og:title\" content=\"Ventilation toilettes SOG Type B - Thetford C 200 variante sol - Bantam Wankm\u00fcller SA\" \/>\n<meta property=\"og:description\" content=\"Fonctionne avec un ventilateur d\u2019aspiration sp\u00e9cial puissant. Atteint une aspiration efficace en cas de vitesse de rotation \u00e9lev\u00e9e. Toutes les odeurs sont \u00e9galement aspir\u00e9es. L\u2019apport accru en oxyg\u00e8ne assure la d\u00e9composition, le ventilateur ne s\u2019enclenche que lors de l\u2019utilisation, d\u2019o\u00f9 une faible consommation \u00e9lectrique. Avantages\u00a0: pas d\u2019additifs chimiques, utilisation de papier toilette standard, \u00e9vacuation simple [&hellip;]\" \/>\n<meta property=\"og:url\" content=\"https:\/\/shop.bantam.ch\/fr\/produit\/ventilation-wc-variante-sol-pour-thetford-c-200\/\" \/>\n<meta property=\"og:site_name\" content=\"Bantam Wankm\u00fcller SA\" \/>\n<meta property=\"article:modified_time\" content=\"2026-04-17T18:46:58+00:00\" \/>\n<meta property=\"og:image\" content=\"https:\/\/shop.bantam.ch\/wp-content\/uploads\/2023\/02\/9976546-SOGII_Typ_B_fuer_Thedford_C200_Entlueftung_ueber_Boden_Farbe_schwarz_gruen-Standard-01-1.jpg\" \/>\n\t<meta property=\"og:image:width\" content=\"664\" \/>\n\t<meta property=\"og:image:height\" content=\"1000\" \/>\n\t<meta property=\"og:image:type\" content=\"image\/jpeg\" \/>\n<meta name=\"twitter:card\" content=\"summary_large_image\" \/>\n<meta name=\"twitter:label1\" content=\"Dur\u00e9e de lecture estim\u00e9e\" \/>\n\t<meta name=\"twitter:data1\" content=\"1 minute\" \/>\n<script type=\"application\/ld+json\" class=\"yoast-schema-graph\">{\"@context\":\"https:\\\/\\\/schema.org\",\"@graph\":[{\"@type\":\"WebPage\",\"@id\":\"https:\\\/\\\/shop.bantam.ch\\\/fr\\\/produit\\\/ventilation-wc-variante-sol-pour-thetford-c-200\\\/\",\"url\":\"https:\\\/\\\/shop.bantam.ch\\\/fr\\\/produit\\\/ventilation-wc-variante-sol-pour-thetford-c-200\\\/\",\"name\":\"Ventilation toilettes SOG Type B - Thetford C 200 variante sol - Bantam Wankm\u00fcller SA\",\"isPartOf\":{\"@id\":\"https:\\\/\\\/shop.bantam.ch\\\/fr\\\/#website\"},\"primaryImageOfPage\":{\"@id\":\"https:\\\/\\\/shop.bantam.ch\\\/fr\\\/produit\\\/ventilation-wc-variante-sol-pour-thetford-c-200\\\/#primaryimage\"},\"image\":{\"@id\":\"https:\\\/\\\/shop.bantam.ch\\\/fr\\\/produit\\\/ventilation-wc-variante-sol-pour-thetford-c-200\\\/#primaryimage\"},\"thumbnailUrl\":\"https:\\\/\\\/shop.bantam.ch\\\/wp-content\\\/uploads\\\/2023\\\/02\\\/9976546-SOGII_Typ_B_fuer_Thedford_C200_Entlueftung_ueber_Boden_Farbe_schwarz_gruen-Standard-01-1.jpg\",\"datePublished\":\"2023-02-22T18:39:54+00:00\",\"dateModified\":\"2026-04-17T18:46:58+00:00\",\"breadcrumb\":{\"@id\":\"https:\\\/\\\/shop.bantam.ch\\\/fr\\\/produit\\\/ventilation-wc-variante-sol-pour-thetford-c-200\\\/#breadcrumb\"},\"inLanguage\":\"fr-FR\",\"potentialAction\":[{\"@type\":\"ReadAction\",\"target\":[\"https:\\\/\\\/shop.bantam.ch\\\/fr\\\/produit\\\/ventilation-wc-variante-sol-pour-thetford-c-200\\\/\"]}]},{\"@type\":\"ImageObject\",\"inLanguage\":\"fr-FR\",\"@id\":\"https:\\\/\\\/shop.bantam.ch\\\/fr\\\/produit\\\/ventilation-wc-variante-sol-pour-thetford-c-200\\\/#primaryimage\",\"url\":\"https:\\\/\\\/shop.bantam.ch\\\/wp-content\\\/uploads\\\/2023\\\/02\\\/9976546-SOGII_Typ_B_fuer_Thedford_C200_Entlueftung_ueber_Boden_Farbe_schwarz_gruen-Standard-01-1.jpg\",\"contentUrl\":\"https:\\\/\\\/shop.bantam.ch\\\/wp-content\\\/uploads\\\/2023\\\/02\\\/9976546-SOGII_Typ_B_fuer_Thedford_C200_Entlueftung_ueber_Boden_Farbe_schwarz_gruen-Standard-01-1.jpg\",\"width\":664,\"height\":1000},{\"@type\":\"BreadcrumbList\",\"@id\":\"https:\\\/\\\/shop.bantam.ch\\\/fr\\\/produit\\\/ventilation-wc-variante-sol-pour-thetford-c-200\\\/#breadcrumb\",\"itemListElement\":[{\"@type\":\"ListItem\",\"position\":1,\"name\":\"Accueil\",\"item\":\"https:\\\/\\\/shop.bantam.ch\\\/fr\\\/\"},{\"@type\":\"ListItem\",\"position\":2,\"name\":\"Boutique\",\"item\":\"https:\\\/\\\/shop.bantam.ch\\\/fr\\\/boutique\\\/\"},{\"@type\":\"ListItem\",\"position\":3,\"name\":\"Ventilation toilettes SOG Type B &#8211; Thetford C 200 variante sol\"}]},{\"@type\":\"WebSite\",\"@id\":\"https:\\\/\\\/shop.bantam.ch\\\/fr\\\/#website\",\"url\":\"https:\\\/\\\/shop.bantam.ch\\\/fr\\\/\",\"name\":\"Bantam Wankm\u00fcller SA\",\"description\":\"\",\"publisher\":{\"@id\":\"https:\\\/\\\/shop.bantam.ch\\\/fr\\\/#organization\"},\"inLanguage\":\"fr-FR\"},{\"@type\":\"Organization\",\"@id\":\"https:\\\/\\\/shop.bantam.ch\\\/fr\\\/#organization\",\"name\":\"Bantam Wankm\u00fcller SA\",\"url\":\"https:\\\/\\\/shop.bantam.ch\\\/fr\\\/\",\"logo\":{\"@type\":\"ImageObject\",\"inLanguage\":\"fr-FR\",\"@id\":\"https:\\\/\\\/shop.bantam.ch\\\/fr\\\/#\\\/schema\\\/logo\\\/image\\\/\",\"url\":\"https:\\\/\\\/shop.bantam.ch\\\/wp-content\\\/uploads\\\/2022\\\/12\\\/bantam-logo.png\",\"contentUrl\":\"https:\\\/\\\/shop.bantam.ch\\\/wp-content\\\/uploads\\\/2022\\\/12\\\/bantam-logo.png\",\"width\":320,\"height\":71,\"caption\":\"Bantam Wankm\u00fcller SA\"},\"image\":{\"@id\":\"https:\\\/\\\/shop.bantam.ch\\\/fr\\\/#\\\/schema\\\/logo\\\/image\\\/\"}}]}<\/script>\n<!-- \/ Yoast SEO plugin. -->","yoast_head_json":{"title":"Ventilation toilettes SOG Type B - Thetford C 200 variante sol - Bantam Wankm\u00fcller SA","robots":{"index":"index","follow":"follow","max-snippet":"max-snippet:-1","max-image-preview":"max-image-preview:large","max-video-preview":"max-video-preview:-1"},"canonical":"https:\/\/shop.bantam.ch\/fr\/produit\/ventilation-wc-variante-sol-pour-thetford-c-200\/","og_locale":"fr_FR","og_type":"article","og_title":"Ventilation toilettes SOG Type B - Thetford C 200 variante sol - Bantam Wankm\u00fcller SA","og_description":"Fonctionne avec un ventilateur d\u2019aspiration sp\u00e9cial puissant. Atteint une aspiration efficace en cas de vitesse de rotation \u00e9lev\u00e9e. Toutes les odeurs sont \u00e9galement aspir\u00e9es. L\u2019apport accru en oxyg\u00e8ne assure la d\u00e9composition, le ventilateur ne s\u2019enclenche que lors de l\u2019utilisation, d\u2019o\u00f9 une faible consommation \u00e9lectrique. Avantages\u00a0: pas d\u2019additifs chimiques, utilisation de papier toilette standard, \u00e9vacuation simple [&hellip;]","og_url":"https:\/\/shop.bantam.ch\/fr\/produit\/ventilation-wc-variante-sol-pour-thetford-c-200\/","og_site_name":"Bantam Wankm\u00fcller SA","article_modified_time":"2026-04-17T18:46:58+00:00","og_image":[{"width":664,"height":1000,"url":"https:\/\/shop.bantam.ch\/wp-content\/uploads\/2023\/02\/9976546-SOGII_Typ_B_fuer_Thedford_C200_Entlueftung_ueber_Boden_Farbe_schwarz_gruen-Standard-01-1.jpg","type":"image\/jpeg"}],"twitter_card":"summary_large_image","twitter_misc":{"Dur\u00e9e de lecture estim\u00e9e":"1 minute"},"schema":{"@context":"https:\/\/schema.org","@graph":[{"@type":"WebPage","@id":"https:\/\/shop.bantam.ch\/fr\/produit\/ventilation-wc-variante-sol-pour-thetford-c-200\/","url":"https:\/\/shop.bantam.ch\/fr\/produit\/ventilation-wc-variante-sol-pour-thetford-c-200\/","name":"Ventilation toilettes SOG Type B - Thetford C 200 variante sol - Bantam Wankm\u00fcller SA","isPartOf":{"@id":"https:\/\/shop.bantam.ch\/fr\/#website"},"primaryImageOfPage":{"@id":"https:\/\/shop.bantam.ch\/fr\/produit\/ventilation-wc-variante-sol-pour-thetford-c-200\/#primaryimage"},"image":{"@id":"https:\/\/shop.bantam.ch\/fr\/produit\/ventilation-wc-variante-sol-pour-thetford-c-200\/#primaryimage"},"thumbnailUrl":"https:\/\/shop.bantam.ch\/wp-content\/uploads\/2023\/02\/9976546-SOGII_Typ_B_fuer_Thedford_C200_Entlueftung_ueber_Boden_Farbe_schwarz_gruen-Standard-01-1.jpg","datePublished":"2023-02-22T18:39:54+00:00","dateModified":"2026-04-17T18:46:58+00:00","breadcrumb":{"@id":"https:\/\/shop.bantam.ch\/fr\/produit\/ventilation-wc-variante-sol-pour-thetford-c-200\/#breadcrumb"},"inLanguage":"fr-FR","potentialAction":[{"@type":"ReadAction","target":["https:\/\/shop.bantam.ch\/fr\/produit\/ventilation-wc-variante-sol-pour-thetford-c-200\/"]}]},{"@type":"ImageObject","inLanguage":"fr-FR","@id":"https:\/\/shop.bantam.ch\/fr\/produit\/ventilation-wc-variante-sol-pour-thetford-c-200\/#primaryimage","url":"https:\/\/shop.bantam.ch\/wp-content\/uploads\/2023\/02\/9976546-SOGII_Typ_B_fuer_Thedford_C200_Entlueftung_ueber_Boden_Farbe_schwarz_gruen-Standard-01-1.jpg","contentUrl":"https:\/\/shop.bantam.ch\/wp-content\/uploads\/2023\/02\/9976546-SOGII_Typ_B_fuer_Thedford_C200_Entlueftung_ueber_Boden_Farbe_schwarz_gruen-Standard-01-1.jpg","width":664,"height":1000},{"@type":"BreadcrumbList","@id":"https:\/\/shop.bantam.ch\/fr\/produit\/ventilation-wc-variante-sol-pour-thetford-c-200\/#breadcrumb","itemListElement":[{"@type":"ListItem","position":1,"name":"Accueil","item":"https:\/\/shop.bantam.ch\/fr\/"},{"@type":"ListItem","position":2,"name":"Boutique","item":"https:\/\/shop.bantam.ch\/fr\/boutique\/"},{"@type":"ListItem","position":3,"name":"Ventilation toilettes SOG Type B &#8211; Thetford C 200 variante sol"}]},{"@type":"WebSite","@id":"https:\/\/shop.bantam.ch\/fr\/#website","url":"https:\/\/shop.bantam.ch\/fr\/","name":"Bantam Wankm\u00fcller SA","description":"","publisher":{"@id":"https:\/\/shop.bantam.ch\/fr\/#organization"},"inLanguage":"fr-FR"},{"@type":"Organization","@id":"https:\/\/shop.bantam.ch\/fr\/#organization","name":"Bantam Wankm\u00fcller SA","url":"https:\/\/shop.bantam.ch\/fr\/","logo":{"@type":"ImageObject","inLanguage":"fr-FR","@id":"https:\/\/shop.bantam.ch\/fr\/#\/schema\/logo\/image\/","url":"https:\/\/shop.bantam.ch\/wp-content\/uploads\/2022\/12\/bantam-logo.png","contentUrl":"https:\/\/shop.bantam.ch\/wp-content\/uploads\/2022\/12\/bantam-logo.png","width":320,"height":71,"caption":"Bantam Wankm\u00fcller SA"},"image":{"@id":"https:\/\/shop.bantam.ch\/fr\/#\/schema\/logo\/image\/"}}]}},"_links":{"self":[{"href":"https:\/\/shop.bantam.ch\/fr\/wp-json\/wp\/v2\/product\/36457","targetHints":{"allow":["GET"]}}],"collection":[{"href":"https:\/\/shop.bantam.ch\/fr\/wp-json\/wp\/v2\/product"}],"about":[{"href":"https:\/\/shop.bantam.ch\/fr\/wp-json\/wp\/v2\/types\/product"}],"wp:featuredmedia":[{"embeddable":true,"href":"https:\/\/shop.bantam.ch\/fr\/wp-json\/wp\/v2\/media\/36455"}],"wp:attachment":[{"href":"https:\/\/shop.bantam.ch\/fr\/wp-json\/wp\/v2\/media?parent=36457"}],"wp:term":[{"taxonomy":"product_featured_cat","embeddable":true,"href":"https:\/\/shop.bantam.ch\/fr\/wp-json\/wp\/v2\/product_featured_cat?post=36457"},{"taxonomy":"product_brand","embeddable":true,"href":"https:\/\/shop.bantam.ch\/fr\/wp-json\/wp\/v2\/product_brand?post=36457"},{"taxonomy":"product_cat","embeddable":true,"href":"https:\/\/shop.bantam.ch\/fr\/wp-json\/wp\/v2\/product_cat?post=36457"},{"taxonomy":"product_tag","embeddable":true,"href":"https:\/\/shop.bantam.ch\/fr\/wp-json\/wp\/v2\/product_tag?post=36457"}],"curies":[{"name":"wp","href":"https:\/\/api.w.org\/{rel}","templated":true}]}}