{"id":36161,"date":"2023-02-22T19:33:33","date_gmt":"2023-02-22T18:33:33","guid":{"rendered":"http:\/\/preprod-dev.sh1.hidora.com\/webshop\/produit\/chasse-deau-compatible-avec-reseaux-de-ville-pour-toilettes-dometic-et-thetford\/"},"modified":"2026-05-10T20:46:00","modified_gmt":"2026-05-10T18:46:00","slug":"chasse-deau-compatible-avec-reseaux-de-ville-pour-toilettes-dometic-et-thetford","status":"publish","type":"product","link":"https:\/\/shop.bantam.ch\/fr\/produit\/chasse-deau-compatible-avec-reseaux-de-ville-pour-toilettes-dometic-et-thetford\/","title":{"rendered":"Chasse d\u2019eau avec eau du r\u00e9seau pour Thetford C2 \/ C3 \/ C4 \/ C 200 \/ C 400"},"content":{"rendered":"<p>Cette chasse d\u2019eau compatible avec le r\u00e9seau de ville vous permet de raccorder vos toilettes encastr\u00e9es Thetford au r\u00e9seau d\u2019eau public sur les terrains de camping. Elle s\u2019adapte sur les mod\u00e8les de toilettes Thetford des types C2, C3, C4, C200, C400, C500 ainsi que les toilettes Dometic. Cette chasse d\u2019eau compatible avec r\u00e9seaux de ville est \u00e9quip\u00e9e d\u2019une \u00e9lectrovanne servo-command\u00e9e de 12\u00a0V. Elle dispose \u00e9galement d\u2019une vanne de r\u00e9gulation du d\u00e9bit permettant d\u2019ajuster le d\u00e9bit individuellement. Elle est coupl\u00e9e avec l\u2019interrupteur de chasse d\u2019eau des toilettes Thetford, qui vous permet de la commander. Votre avantage\u00a0: vous n\u2019avez plus besoin de remplir le r\u00e9servoir d\u2019eau de chasse.<\/p>\n","protected":false},"excerpt":{"rendered":"<p>Cette chasse d\u2019eau compatible avec le r\u00e9seau de ville vous permet de raccorder vos toilettes encastr\u00e9es Thetford au r\u00e9seau d\u2019eau public sur les terrains de camping. Elle s\u2019adapte sur les mod\u00e8les de toilettes Thetford des types C2, C3, C4, C200, C400, C500 ainsi que les toilettes Dometic. Cette chasse d\u2019eau compatible avec r\u00e9seaux de ville [&hellip;]<\/p>\n","protected":false},"featured_media":36159,"template":"","meta":{"_acf_changed":false},"product_featured_cat":[],"product_brand":[3248],"product_cat":[4123],"product_tag":[],"class_list":{"0":"post-36161","1":"product","2":"type-product","3":"status-publish","4":"has-post-thumbnail","6":"product_brand-chluba","7":"product_cat-accessoires-pour-leau-et-les-sanitaires","9":"first","10":"instock","11":"taxable","12":"shipping-taxable","13":"purchasable","14":"product-type-simple"},"acf":[],"yoast_head":"<!-- This site is optimized with the Yoast SEO plugin v27.5 - https:\/\/yoast.com\/product\/yoast-seo-wordpress\/ -->\n<title>Chasse d\u2019eau avec eau du r\u00e9seau pour Thetford C2 \/ C3 \/ C4 \/ C 200 \/ C 400 - Bantam<\/title>\n<meta name=\"robots\" content=\"index, follow, max-snippet:-1, max-image-preview:large, max-video-preview:-1\" \/>\n<link rel=\"canonical\" href=\"https:\/\/shop.bantam.ch\/fr\/produit\/chasse-deau-compatible-avec-reseaux-de-ville-pour-toilettes-dometic-et-thetford\/\" \/>\n<meta property=\"og:locale\" content=\"fr_FR\" \/>\n<meta property=\"og:type\" content=\"article\" \/>\n<meta property=\"og:title\" content=\"Chasse d\u2019eau avec eau du r\u00e9seau pour Thetford C2 \/ C3 \/ C4 \/ C 200 \/ C 400 - Bantam\" \/>\n<meta property=\"og:description\" content=\"Cette chasse d\u2019eau compatible avec le r\u00e9seau de ville vous permet de raccorder vos toilettes encastr\u00e9es Thetford au r\u00e9seau d\u2019eau public sur les terrains de camping. Elle s\u2019adapte sur les mod\u00e8les de toilettes Thetford des types C2, C3, C4, C200, C400, C500 ainsi que les toilettes Dometic. Cette chasse d\u2019eau compatible avec r\u00e9seaux de ville [&hellip;]\" \/>\n<meta property=\"og:url\" content=\"https:\/\/shop.bantam.ch\/fr\/produit\/chasse-deau-compatible-avec-reseaux-de-ville-pour-toilettes-dometic-et-thetford\/\" \/>\n<meta property=\"og:site_name\" content=\"Bantam\" \/>\n<meta property=\"article:modified_time\" content=\"2026-05-10T18:46:00+00:00\" \/>\n<meta property=\"og:image\" content=\"https:\/\/shop.bantam.ch\/wp-content\/uploads\/2023\/02\/9976403-Stadwasserspuelung_fuer_C_2_C20-Standard-01-1.jpg\" \/>\n\t<meta property=\"og:image:width\" content=\"1000\" \/>\n\t<meta property=\"og:image:height\" content=\"666\" \/>\n\t<meta property=\"og:image:type\" content=\"image\/jpeg\" \/>\n<meta name=\"twitter:card\" content=\"summary_large_image\" \/>\n<meta name=\"twitter:label1\" content=\"Dur\u00e9e de lecture estim\u00e9e\" \/>\n\t<meta name=\"twitter:data1\" content=\"1 minute\" \/>\n<script type=\"application\/ld+json\" class=\"yoast-schema-graph\">{\"@context\":\"https:\\\/\\\/schema.org\",\"@graph\":[{\"@type\":\"WebPage\",\"@id\":\"https:\\\/\\\/shop.bantam.ch\\\/fr\\\/produit\\\/chasse-deau-compatible-avec-reseaux-de-ville-pour-toilettes-dometic-et-thetford\\\/\",\"url\":\"https:\\\/\\\/shop.bantam.ch\\\/fr\\\/produit\\\/chasse-deau-compatible-avec-reseaux-de-ville-pour-toilettes-dometic-et-thetford\\\/\",\"name\":\"Chasse d\u2019eau avec eau du r\u00e9seau pour Thetford C2 \\\/ C3 \\\/ C4 \\\/ C 200 \\\/ C 400 - Bantam\",\"isPartOf\":{\"@id\":\"https:\\\/\\\/shop.bantam.ch\\\/fr\\\/#website\"},\"primaryImageOfPage\":{\"@id\":\"https:\\\/\\\/shop.bantam.ch\\\/fr\\\/produit\\\/chasse-deau-compatible-avec-reseaux-de-ville-pour-toilettes-dometic-et-thetford\\\/#primaryimage\"},\"image\":{\"@id\":\"https:\\\/\\\/shop.bantam.ch\\\/fr\\\/produit\\\/chasse-deau-compatible-avec-reseaux-de-ville-pour-toilettes-dometic-et-thetford\\\/#primaryimage\"},\"thumbnailUrl\":\"https:\\\/\\\/shop.bantam.ch\\\/wp-content\\\/uploads\\\/2023\\\/02\\\/9976403-Stadwasserspuelung_fuer_C_2_C20-Standard-01-1.jpg\",\"datePublished\":\"2023-02-22T18:33:33+00:00\",\"dateModified\":\"2026-05-10T18:46:00+00:00\",\"breadcrumb\":{\"@id\":\"https:\\\/\\\/shop.bantam.ch\\\/fr\\\/produit\\\/chasse-deau-compatible-avec-reseaux-de-ville-pour-toilettes-dometic-et-thetford\\\/#breadcrumb\"},\"inLanguage\":\"fr-FR\",\"potentialAction\":[{\"@type\":\"ReadAction\",\"target\":[\"https:\\\/\\\/shop.bantam.ch\\\/fr\\\/produit\\\/chasse-deau-compatible-avec-reseaux-de-ville-pour-toilettes-dometic-et-thetford\\\/\"]}]},{\"@type\":\"ImageObject\",\"inLanguage\":\"fr-FR\",\"@id\":\"https:\\\/\\\/shop.bantam.ch\\\/fr\\\/produit\\\/chasse-deau-compatible-avec-reseaux-de-ville-pour-toilettes-dometic-et-thetford\\\/#primaryimage\",\"url\":\"https:\\\/\\\/shop.bantam.ch\\\/wp-content\\\/uploads\\\/2023\\\/02\\\/9976403-Stadwasserspuelung_fuer_C_2_C20-Standard-01-1.jpg\",\"contentUrl\":\"https:\\\/\\\/shop.bantam.ch\\\/wp-content\\\/uploads\\\/2023\\\/02\\\/9976403-Stadwasserspuelung_fuer_C_2_C20-Standard-01-1.jpg\",\"width\":1000,\"height\":666},{\"@type\":\"BreadcrumbList\",\"@id\":\"https:\\\/\\\/shop.bantam.ch\\\/fr\\\/produit\\\/chasse-deau-compatible-avec-reseaux-de-ville-pour-toilettes-dometic-et-thetford\\\/#breadcrumb\",\"itemListElement\":[{\"@type\":\"ListItem\",\"position\":1,\"name\":\"Accueil\",\"item\":\"https:\\\/\\\/shop.bantam.ch\\\/fr\\\/\"},{\"@type\":\"ListItem\",\"position\":2,\"name\":\"Boutique\",\"item\":\"https:\\\/\\\/shop.bantam.ch\\\/fr\\\/boutique\\\/\"},{\"@type\":\"ListItem\",\"position\":3,\"name\":\"Chasse d\u2019eau avec eau du r\u00e9seau pour Thetford C2 \\\/ C3 \\\/ C4 \\\/ C 200 \\\/ C 400\"}]},{\"@type\":\"WebSite\",\"@id\":\"https:\\\/\\\/shop.bantam.ch\\\/fr\\\/#website\",\"url\":\"https:\\\/\\\/shop.bantam.ch\\\/fr\\\/\",\"name\":\"Bantam\",\"description\":\"\",\"publisher\":{\"@id\":\"https:\\\/\\\/shop.bantam.ch\\\/fr\\\/#organization\"},\"inLanguage\":\"fr-FR\"},{\"@type\":\"Organization\",\"@id\":\"https:\\\/\\\/shop.bantam.ch\\\/fr\\\/#organization\",\"name\":\"Bantam\",\"url\":\"https:\\\/\\\/shop.bantam.ch\\\/fr\\\/\",\"logo\":{\"@type\":\"ImageObject\",\"inLanguage\":\"fr-FR\",\"@id\":\"https:\\\/\\\/shop.bantam.ch\\\/fr\\\/#\\\/schema\\\/logo\\\/image\\\/\",\"url\":\"https:\\\/\\\/shop.bantam.ch\\\/wp-content\\\/uploads\\\/2022\\\/12\\\/bantam-logo.png\",\"contentUrl\":\"https:\\\/\\\/shop.bantam.ch\\\/wp-content\\\/uploads\\\/2022\\\/12\\\/bantam-logo.png\",\"width\":320,\"height\":71,\"caption\":\"Bantam\"},\"image\":{\"@id\":\"https:\\\/\\\/shop.bantam.ch\\\/fr\\\/#\\\/schema\\\/logo\\\/image\\\/\"}}]}<\/script>\n<!-- \/ Yoast SEO plugin. -->","yoast_head_json":{"title":"Chasse d\u2019eau avec eau du r\u00e9seau pour Thetford C2 \/ C3 \/ C4 \/ C 200 \/ C 400 - Bantam","robots":{"index":"index","follow":"follow","max-snippet":"max-snippet:-1","max-image-preview":"max-image-preview:large","max-video-preview":"max-video-preview:-1"},"canonical":"https:\/\/shop.bantam.ch\/fr\/produit\/chasse-deau-compatible-avec-reseaux-de-ville-pour-toilettes-dometic-et-thetford\/","og_locale":"fr_FR","og_type":"article","og_title":"Chasse d\u2019eau avec eau du r\u00e9seau pour Thetford C2 \/ C3 \/ C4 \/ C 200 \/ C 400 - Bantam","og_description":"Cette chasse d\u2019eau compatible avec le r\u00e9seau de ville vous permet de raccorder vos toilettes encastr\u00e9es Thetford au r\u00e9seau d\u2019eau public sur les terrains de camping. Elle s\u2019adapte sur les mod\u00e8les de toilettes Thetford des types C2, C3, C4, C200, C400, C500 ainsi que les toilettes Dometic. Cette chasse d\u2019eau compatible avec r\u00e9seaux de ville [&hellip;]","og_url":"https:\/\/shop.bantam.ch\/fr\/produit\/chasse-deau-compatible-avec-reseaux-de-ville-pour-toilettes-dometic-et-thetford\/","og_site_name":"Bantam","article_modified_time":"2026-05-10T18:46:00+00:00","og_image":[{"width":1000,"height":666,"url":"https:\/\/shop.bantam.ch\/wp-content\/uploads\/2023\/02\/9976403-Stadwasserspuelung_fuer_C_2_C20-Standard-01-1.jpg","type":"image\/jpeg"}],"twitter_card":"summary_large_image","twitter_misc":{"Dur\u00e9e de lecture estim\u00e9e":"1 minute"},"schema":{"@context":"https:\/\/schema.org","@graph":[{"@type":"WebPage","@id":"https:\/\/shop.bantam.ch\/fr\/produit\/chasse-deau-compatible-avec-reseaux-de-ville-pour-toilettes-dometic-et-thetford\/","url":"https:\/\/shop.bantam.ch\/fr\/produit\/chasse-deau-compatible-avec-reseaux-de-ville-pour-toilettes-dometic-et-thetford\/","name":"Chasse d\u2019eau avec eau du r\u00e9seau pour Thetford C2 \/ C3 \/ C4 \/ C 200 \/ C 400 - Bantam","isPartOf":{"@id":"https:\/\/shop.bantam.ch\/fr\/#website"},"primaryImageOfPage":{"@id":"https:\/\/shop.bantam.ch\/fr\/produit\/chasse-deau-compatible-avec-reseaux-de-ville-pour-toilettes-dometic-et-thetford\/#primaryimage"},"image":{"@id":"https:\/\/shop.bantam.ch\/fr\/produit\/chasse-deau-compatible-avec-reseaux-de-ville-pour-toilettes-dometic-et-thetford\/#primaryimage"},"thumbnailUrl":"https:\/\/shop.bantam.ch\/wp-content\/uploads\/2023\/02\/9976403-Stadwasserspuelung_fuer_C_2_C20-Standard-01-1.jpg","datePublished":"2023-02-22T18:33:33+00:00","dateModified":"2026-05-10T18:46:00+00:00","breadcrumb":{"@id":"https:\/\/shop.bantam.ch\/fr\/produit\/chasse-deau-compatible-avec-reseaux-de-ville-pour-toilettes-dometic-et-thetford\/#breadcrumb"},"inLanguage":"fr-FR","potentialAction":[{"@type":"ReadAction","target":["https:\/\/shop.bantam.ch\/fr\/produit\/chasse-deau-compatible-avec-reseaux-de-ville-pour-toilettes-dometic-et-thetford\/"]}]},{"@type":"ImageObject","inLanguage":"fr-FR","@id":"https:\/\/shop.bantam.ch\/fr\/produit\/chasse-deau-compatible-avec-reseaux-de-ville-pour-toilettes-dometic-et-thetford\/#primaryimage","url":"https:\/\/shop.bantam.ch\/wp-content\/uploads\/2023\/02\/9976403-Stadwasserspuelung_fuer_C_2_C20-Standard-01-1.jpg","contentUrl":"https:\/\/shop.bantam.ch\/wp-content\/uploads\/2023\/02\/9976403-Stadwasserspuelung_fuer_C_2_C20-Standard-01-1.jpg","width":1000,"height":666},{"@type":"BreadcrumbList","@id":"https:\/\/shop.bantam.ch\/fr\/produit\/chasse-deau-compatible-avec-reseaux-de-ville-pour-toilettes-dometic-et-thetford\/#breadcrumb","itemListElement":[{"@type":"ListItem","position":1,"name":"Accueil","item":"https:\/\/shop.bantam.ch\/fr\/"},{"@type":"ListItem","position":2,"name":"Boutique","item":"https:\/\/shop.bantam.ch\/fr\/boutique\/"},{"@type":"ListItem","position":3,"name":"Chasse d\u2019eau avec eau du r\u00e9seau pour Thetford C2 \/ C3 \/ C4 \/ C 200 \/ C 400"}]},{"@type":"WebSite","@id":"https:\/\/shop.bantam.ch\/fr\/#website","url":"https:\/\/shop.bantam.ch\/fr\/","name":"Bantam","description":"","publisher":{"@id":"https:\/\/shop.bantam.ch\/fr\/#organization"},"inLanguage":"fr-FR"},{"@type":"Organization","@id":"https:\/\/shop.bantam.ch\/fr\/#organization","name":"Bantam","url":"https:\/\/shop.bantam.ch\/fr\/","logo":{"@type":"ImageObject","inLanguage":"fr-FR","@id":"https:\/\/shop.bantam.ch\/fr\/#\/schema\/logo\/image\/","url":"https:\/\/shop.bantam.ch\/wp-content\/uploads\/2022\/12\/bantam-logo.png","contentUrl":"https:\/\/shop.bantam.ch\/wp-content\/uploads\/2022\/12\/bantam-logo.png","width":320,"height":71,"caption":"Bantam"},"image":{"@id":"https:\/\/shop.bantam.ch\/fr\/#\/schema\/logo\/image\/"}}]}},"_links":{"self":[{"href":"https:\/\/shop.bantam.ch\/fr\/wp-json\/wp\/v2\/product\/36161","targetHints":{"allow":["GET"]}}],"collection":[{"href":"https:\/\/shop.bantam.ch\/fr\/wp-json\/wp\/v2\/product"}],"about":[{"href":"https:\/\/shop.bantam.ch\/fr\/wp-json\/wp\/v2\/types\/product"}],"wp:featuredmedia":[{"embeddable":true,"href":"https:\/\/shop.bantam.ch\/fr\/wp-json\/wp\/v2\/media\/36159"}],"wp:attachment":[{"href":"https:\/\/shop.bantam.ch\/fr\/wp-json\/wp\/v2\/media?parent=36161"}],"wp:term":[{"taxonomy":"product_featured_cat","embeddable":true,"href":"https:\/\/shop.bantam.ch\/fr\/wp-json\/wp\/v2\/product_featured_cat?post=36161"},{"taxonomy":"product_brand","embeddable":true,"href":"https:\/\/shop.bantam.ch\/fr\/wp-json\/wp\/v2\/product_brand?post=36161"},{"taxonomy":"product_cat","embeddable":true,"href":"https:\/\/shop.bantam.ch\/fr\/wp-json\/wp\/v2\/product_cat?post=36161"},{"taxonomy":"product_tag","embeddable":true,"href":"https:\/\/shop.bantam.ch\/fr\/wp-json\/wp\/v2\/product_tag?post=36161"}],"curies":[{"name":"wp","href":"https:\/\/api.w.org\/{rel}","templated":true}]}}