{"id":36135,"date":"2023-02-22T19:32:56","date_gmt":"2023-02-22T18:32:56","guid":{"rendered":"http:\/\/preprod-dev.sh1.hidora.com\/webshop\/produit\/raccord-des-eaux-usees-pour-wc-dometic\/"},"modified":"2026-04-17T20:43:55","modified_gmt":"2026-04-17T18:43:55","slug":"raccord-des-eaux-usees-pour-wc-dometic","status":"publish","type":"product","link":"https:\/\/shop.bantam.ch\/fr\/produit\/raccord-des-eaux-usees-pour-wc-dometic\/","title":{"rendered":"Raccord des eaux us\u00e9es pour WC Dometic"},"content":{"rendered":"<p>Gr\u00e2ce \u00e0 ce raccord pour les eaux us\u00e9es adapt\u00e9 aux toilettes \u00e0 cassette, vous pouvez brancher vos toilettes sur les \u00e9gouts du terrain de camping, le cas \u00e9ch\u00e9ant. Avantages\u00a0: plus de vidange p\u00e9nible des cassettes \u00e0 mati\u00e8res et plus d\u2019utilisation d\u2019additifs chimiques. M\u00eame les novices sauront proc\u00e9der au montage. Vous pouvez r\u00e9tablir la configuration initiale \u00e0 tout moment. Tuyau de raccordement flexible\u00a0HT\u00a0100 \u00e0 commander s\u00e9par\u00e9ment.<\/p>\n","protected":false},"excerpt":{"rendered":"<p>Gr\u00e2ce \u00e0 ce raccord pour les eaux us\u00e9es adapt\u00e9 aux toilettes \u00e0 cassette, vous pouvez brancher vos toilettes sur les \u00e9gouts du terrain de camping, le cas \u00e9ch\u00e9ant. Avantages\u00a0: plus de vidange p\u00e9nible des cassettes \u00e0 mati\u00e8res et plus d\u2019utilisation d\u2019additifs chimiques. M\u00eame les novices sauront proc\u00e9der au montage. Vous pouvez r\u00e9tablir la configuration initiale [&hellip;]<\/p>\n","protected":false},"featured_media":36131,"template":"","meta":{"_acf_changed":false},"product_featured_cat":[],"product_brand":[3248],"product_cat":[4565],"product_tag":[],"class_list":{"0":"post-36135","1":"product","2":"type-product","3":"status-publish","4":"has-post-thumbnail","6":"product_brand-chluba","7":"product_cat-raccords-deaux-usees","9":"first","10":"outofstock","11":"taxable","12":"shipping-taxable","13":"product-type-variable"},"acf":[],"yoast_head":"<!-- This site is optimized with the Yoast SEO plugin v27.4 - https:\/\/yoast.com\/product\/yoast-seo-wordpress\/ -->\n<title>Raccord des eaux us\u00e9es pour WC Dometic - Bantam Wankm\u00fcller SA<\/title>\n<meta name=\"robots\" content=\"index, follow, max-snippet:-1, max-image-preview:large, max-video-preview:-1\" \/>\n<link rel=\"canonical\" href=\"https:\/\/shop.bantam.ch\/fr\/produit\/raccord-des-eaux-usees-pour-wc-dometic\/\" \/>\n<meta property=\"og:locale\" content=\"fr_FR\" \/>\n<meta property=\"og:type\" content=\"article\" \/>\n<meta property=\"og:title\" content=\"Raccord des eaux us\u00e9es pour WC Dometic - Bantam Wankm\u00fcller SA\" \/>\n<meta property=\"og:description\" content=\"Gr\u00e2ce \u00e0 ce raccord pour les eaux us\u00e9es adapt\u00e9 aux toilettes \u00e0 cassette, vous pouvez brancher vos toilettes sur les \u00e9gouts du terrain de camping, le cas \u00e9ch\u00e9ant. Avantages\u00a0: plus de vidange p\u00e9nible des cassettes \u00e0 mati\u00e8res et plus d\u2019utilisation d\u2019additifs chimiques. M\u00eame les novices sauront proc\u00e9der au montage. Vous pouvez r\u00e9tablir la configuration initiale [&hellip;]\" \/>\n<meta property=\"og:url\" content=\"https:\/\/shop.bantam.ch\/fr\/produit\/raccord-des-eaux-usees-pour-wc-dometic\/\" \/>\n<meta property=\"og:site_name\" content=\"Bantam Wankm\u00fcller SA\" \/>\n<meta property=\"article:modified_time\" content=\"2026-04-17T18:43:55+00:00\" \/>\n<meta property=\"og:image\" content=\"https:\/\/shop.bantam.ch\/wp-content\/uploads\/2023\/02\/9976412-Abwasseranschluss_DC-CT3000-Standard-01-2.jpg\" \/>\n\t<meta property=\"og:image:width\" content=\"1000\" \/>\n\t<meta property=\"og:image:height\" content=\"423\" \/>\n\t<meta property=\"og:image:type\" content=\"image\/jpeg\" \/>\n<meta name=\"twitter:card\" content=\"summary_large_image\" \/>\n<script type=\"application\/ld+json\" class=\"yoast-schema-graph\">{\"@context\":\"https:\\\/\\\/schema.org\",\"@graph\":[{\"@type\":\"WebPage\",\"@id\":\"https:\\\/\\\/shop.bantam.ch\\\/fr\\\/produit\\\/raccord-des-eaux-usees-pour-wc-dometic\\\/\",\"url\":\"https:\\\/\\\/shop.bantam.ch\\\/fr\\\/produit\\\/raccord-des-eaux-usees-pour-wc-dometic\\\/\",\"name\":\"Raccord des eaux us\u00e9es pour WC Dometic - Bantam Wankm\u00fcller SA\",\"isPartOf\":{\"@id\":\"https:\\\/\\\/shop.bantam.ch\\\/fr\\\/#website\"},\"primaryImageOfPage\":{\"@id\":\"https:\\\/\\\/shop.bantam.ch\\\/fr\\\/produit\\\/raccord-des-eaux-usees-pour-wc-dometic\\\/#primaryimage\"},\"image\":{\"@id\":\"https:\\\/\\\/shop.bantam.ch\\\/fr\\\/produit\\\/raccord-des-eaux-usees-pour-wc-dometic\\\/#primaryimage\"},\"thumbnailUrl\":\"https:\\\/\\\/shop.bantam.ch\\\/wp-content\\\/uploads\\\/2023\\\/02\\\/9976412-Abwasseranschluss_DC-CT3000-Standard-01-2.jpg\",\"datePublished\":\"2023-02-22T18:32:56+00:00\",\"dateModified\":\"2026-04-17T18:43:55+00:00\",\"breadcrumb\":{\"@id\":\"https:\\\/\\\/shop.bantam.ch\\\/fr\\\/produit\\\/raccord-des-eaux-usees-pour-wc-dometic\\\/#breadcrumb\"},\"inLanguage\":\"fr-FR\",\"potentialAction\":[{\"@type\":\"ReadAction\",\"target\":[\"https:\\\/\\\/shop.bantam.ch\\\/fr\\\/produit\\\/raccord-des-eaux-usees-pour-wc-dometic\\\/\"]}]},{\"@type\":\"ImageObject\",\"inLanguage\":\"fr-FR\",\"@id\":\"https:\\\/\\\/shop.bantam.ch\\\/fr\\\/produit\\\/raccord-des-eaux-usees-pour-wc-dometic\\\/#primaryimage\",\"url\":\"https:\\\/\\\/shop.bantam.ch\\\/wp-content\\\/uploads\\\/2023\\\/02\\\/9976412-Abwasseranschluss_DC-CT3000-Standard-01-2.jpg\",\"contentUrl\":\"https:\\\/\\\/shop.bantam.ch\\\/wp-content\\\/uploads\\\/2023\\\/02\\\/9976412-Abwasseranschluss_DC-CT3000-Standard-01-2.jpg\",\"width\":1000,\"height\":423},{\"@type\":\"BreadcrumbList\",\"@id\":\"https:\\\/\\\/shop.bantam.ch\\\/fr\\\/produit\\\/raccord-des-eaux-usees-pour-wc-dometic\\\/#breadcrumb\",\"itemListElement\":[{\"@type\":\"ListItem\",\"position\":1,\"name\":\"Accueil\",\"item\":\"https:\\\/\\\/shop.bantam.ch\\\/fr\\\/\"},{\"@type\":\"ListItem\",\"position\":2,\"name\":\"Boutique\",\"item\":\"https:\\\/\\\/shop.bantam.ch\\\/fr\\\/boutique\\\/\"},{\"@type\":\"ListItem\",\"position\":3,\"name\":\"Raccord des eaux us\u00e9es pour WC Dometic\"}]},{\"@type\":\"WebSite\",\"@id\":\"https:\\\/\\\/shop.bantam.ch\\\/fr\\\/#website\",\"url\":\"https:\\\/\\\/shop.bantam.ch\\\/fr\\\/\",\"name\":\"Bantam Wankm\u00fcller SA\",\"description\":\"\",\"publisher\":{\"@id\":\"https:\\\/\\\/shop.bantam.ch\\\/fr\\\/#organization\"},\"inLanguage\":\"fr-FR\"},{\"@type\":\"Organization\",\"@id\":\"https:\\\/\\\/shop.bantam.ch\\\/fr\\\/#organization\",\"name\":\"Bantam Wankm\u00fcller SA\",\"url\":\"https:\\\/\\\/shop.bantam.ch\\\/fr\\\/\",\"logo\":{\"@type\":\"ImageObject\",\"inLanguage\":\"fr-FR\",\"@id\":\"https:\\\/\\\/shop.bantam.ch\\\/fr\\\/#\\\/schema\\\/logo\\\/image\\\/\",\"url\":\"https:\\\/\\\/shop.bantam.ch\\\/wp-content\\\/uploads\\\/2022\\\/12\\\/bantam-logo.png\",\"contentUrl\":\"https:\\\/\\\/shop.bantam.ch\\\/wp-content\\\/uploads\\\/2022\\\/12\\\/bantam-logo.png\",\"width\":320,\"height\":71,\"caption\":\"Bantam Wankm\u00fcller SA\"},\"image\":{\"@id\":\"https:\\\/\\\/shop.bantam.ch\\\/fr\\\/#\\\/schema\\\/logo\\\/image\\\/\"}}]}<\/script>\n<!-- \/ Yoast SEO plugin. -->","yoast_head_json":{"title":"Raccord des eaux us\u00e9es pour WC Dometic - Bantam Wankm\u00fcller SA","robots":{"index":"index","follow":"follow","max-snippet":"max-snippet:-1","max-image-preview":"max-image-preview:large","max-video-preview":"max-video-preview:-1"},"canonical":"https:\/\/shop.bantam.ch\/fr\/produit\/raccord-des-eaux-usees-pour-wc-dometic\/","og_locale":"fr_FR","og_type":"article","og_title":"Raccord des eaux us\u00e9es pour WC Dometic - Bantam Wankm\u00fcller SA","og_description":"Gr\u00e2ce \u00e0 ce raccord pour les eaux us\u00e9es adapt\u00e9 aux toilettes \u00e0 cassette, vous pouvez brancher vos toilettes sur les \u00e9gouts du terrain de camping, le cas \u00e9ch\u00e9ant. Avantages\u00a0: plus de vidange p\u00e9nible des cassettes \u00e0 mati\u00e8res et plus d\u2019utilisation d\u2019additifs chimiques. M\u00eame les novices sauront proc\u00e9der au montage. Vous pouvez r\u00e9tablir la configuration initiale [&hellip;]","og_url":"https:\/\/shop.bantam.ch\/fr\/produit\/raccord-des-eaux-usees-pour-wc-dometic\/","og_site_name":"Bantam Wankm\u00fcller SA","article_modified_time":"2026-04-17T18:43:55+00:00","og_image":[{"width":1000,"height":423,"url":"https:\/\/shop.bantam.ch\/wp-content\/uploads\/2023\/02\/9976412-Abwasseranschluss_DC-CT3000-Standard-01-2.jpg","type":"image\/jpeg"}],"twitter_card":"summary_large_image","schema":{"@context":"https:\/\/schema.org","@graph":[{"@type":"WebPage","@id":"https:\/\/shop.bantam.ch\/fr\/produit\/raccord-des-eaux-usees-pour-wc-dometic\/","url":"https:\/\/shop.bantam.ch\/fr\/produit\/raccord-des-eaux-usees-pour-wc-dometic\/","name":"Raccord des eaux us\u00e9es pour WC Dometic - Bantam Wankm\u00fcller SA","isPartOf":{"@id":"https:\/\/shop.bantam.ch\/fr\/#website"},"primaryImageOfPage":{"@id":"https:\/\/shop.bantam.ch\/fr\/produit\/raccord-des-eaux-usees-pour-wc-dometic\/#primaryimage"},"image":{"@id":"https:\/\/shop.bantam.ch\/fr\/produit\/raccord-des-eaux-usees-pour-wc-dometic\/#primaryimage"},"thumbnailUrl":"https:\/\/shop.bantam.ch\/wp-content\/uploads\/2023\/02\/9976412-Abwasseranschluss_DC-CT3000-Standard-01-2.jpg","datePublished":"2023-02-22T18:32:56+00:00","dateModified":"2026-04-17T18:43:55+00:00","breadcrumb":{"@id":"https:\/\/shop.bantam.ch\/fr\/produit\/raccord-des-eaux-usees-pour-wc-dometic\/#breadcrumb"},"inLanguage":"fr-FR","potentialAction":[{"@type":"ReadAction","target":["https:\/\/shop.bantam.ch\/fr\/produit\/raccord-des-eaux-usees-pour-wc-dometic\/"]}]},{"@type":"ImageObject","inLanguage":"fr-FR","@id":"https:\/\/shop.bantam.ch\/fr\/produit\/raccord-des-eaux-usees-pour-wc-dometic\/#primaryimage","url":"https:\/\/shop.bantam.ch\/wp-content\/uploads\/2023\/02\/9976412-Abwasseranschluss_DC-CT3000-Standard-01-2.jpg","contentUrl":"https:\/\/shop.bantam.ch\/wp-content\/uploads\/2023\/02\/9976412-Abwasseranschluss_DC-CT3000-Standard-01-2.jpg","width":1000,"height":423},{"@type":"BreadcrumbList","@id":"https:\/\/shop.bantam.ch\/fr\/produit\/raccord-des-eaux-usees-pour-wc-dometic\/#breadcrumb","itemListElement":[{"@type":"ListItem","position":1,"name":"Accueil","item":"https:\/\/shop.bantam.ch\/fr\/"},{"@type":"ListItem","position":2,"name":"Boutique","item":"https:\/\/shop.bantam.ch\/fr\/boutique\/"},{"@type":"ListItem","position":3,"name":"Raccord des eaux us\u00e9es pour WC Dometic"}]},{"@type":"WebSite","@id":"https:\/\/shop.bantam.ch\/fr\/#website","url":"https:\/\/shop.bantam.ch\/fr\/","name":"Bantam Wankm\u00fcller SA","description":"","publisher":{"@id":"https:\/\/shop.bantam.ch\/fr\/#organization"},"inLanguage":"fr-FR"},{"@type":"Organization","@id":"https:\/\/shop.bantam.ch\/fr\/#organization","name":"Bantam Wankm\u00fcller SA","url":"https:\/\/shop.bantam.ch\/fr\/","logo":{"@type":"ImageObject","inLanguage":"fr-FR","@id":"https:\/\/shop.bantam.ch\/fr\/#\/schema\/logo\/image\/","url":"https:\/\/shop.bantam.ch\/wp-content\/uploads\/2022\/12\/bantam-logo.png","contentUrl":"https:\/\/shop.bantam.ch\/wp-content\/uploads\/2022\/12\/bantam-logo.png","width":320,"height":71,"caption":"Bantam Wankm\u00fcller SA"},"image":{"@id":"https:\/\/shop.bantam.ch\/fr\/#\/schema\/logo\/image\/"}}]}},"_links":{"self":[{"href":"https:\/\/shop.bantam.ch\/fr\/wp-json\/wp\/v2\/product\/36135","targetHints":{"allow":["GET"]}}],"collection":[{"href":"https:\/\/shop.bantam.ch\/fr\/wp-json\/wp\/v2\/product"}],"about":[{"href":"https:\/\/shop.bantam.ch\/fr\/wp-json\/wp\/v2\/types\/product"}],"wp:featuredmedia":[{"embeddable":true,"href":"https:\/\/shop.bantam.ch\/fr\/wp-json\/wp\/v2\/media\/36131"}],"wp:attachment":[{"href":"https:\/\/shop.bantam.ch\/fr\/wp-json\/wp\/v2\/media?parent=36135"}],"wp:term":[{"taxonomy":"product_featured_cat","embeddable":true,"href":"https:\/\/shop.bantam.ch\/fr\/wp-json\/wp\/v2\/product_featured_cat?post=36135"},{"taxonomy":"product_brand","embeddable":true,"href":"https:\/\/shop.bantam.ch\/fr\/wp-json\/wp\/v2\/product_brand?post=36135"},{"taxonomy":"product_cat","embeddable":true,"href":"https:\/\/shop.bantam.ch\/fr\/wp-json\/wp\/v2\/product_cat?post=36135"},{"taxonomy":"product_tag","embeddable":true,"href":"https:\/\/shop.bantam.ch\/fr\/wp-json\/wp\/v2\/product_tag?post=36135"}],"curies":[{"name":"wp","href":"https:\/\/api.w.org\/{rel}","templated":true}]}}