{"id":36087,"date":"2023-02-22T19:31:57","date_gmt":"2023-02-22T18:31:57","guid":{"rendered":"http:\/\/preprod-dev.sh1.hidora.com\/webshop\/produit\/therme-tt-2-pour-caravane\/"},"modified":"2026-05-02T20:45:36","modified_gmt":"2026-05-02T18:45:36","slug":"therme-tt-2-pour-caravane","status":"publish","type":"product","link":"https:\/\/shop.bantam.ch\/fr\/produit\/therme-tt-2-pour-caravane\/","title":{"rendered":"Therme"},"content":{"rendered":"<p>Le chauffe-eau Therme de 5\u00a0litres assure la production d\u2019eau chaude en toute tranquillit\u00e9, tout en affichant des dimensions tr\u00e8s r\u00e9duites. Il utilise l\u2019air chaud du chauffage pour r\u00e9chauffer l\u2019eau. Pour pouvoir utiliser le chauffe-eau Therme sans syst\u00e8me de chauffage, un \u00e9l\u00e9ment chauffant \u00e9lectrique (230\u00a0V \/300\u00a0W) est int\u00e9gr\u00e9.<\/p>\n<p>Contenu de la livraison :<br \/>\u00c9l\u00e9ment de commande, vanne de vidange et de ventilation (sans mitigeur) inclus<\/p>\n<ul>\n<li>Consommation \u00e0 230\u00a0V\u00a0: 1,3\u00a0A<\/li>\n<li>Dur\u00e9e de chauffe de l\u2019eau\u00a0: 50\u00a0min<\/li>\n<li>Limiteur de temp\u00e9rature : 65\u00a0\u00b0C<\/li>\n<\/ul>\n","protected":false},"excerpt":{"rendered":"<p>Le chauffe-eau Therme de 5\u00a0litres assure la production d\u2019eau chaude en toute tranquillit\u00e9, tout en affichant des dimensions tr\u00e8s r\u00e9duites. Il utilise l\u2019air chaud du chauffage pour r\u00e9chauffer l\u2019eau. Pour pouvoir utiliser le chauffe-eau Therme sans syst\u00e8me de chauffage, un \u00e9l\u00e9ment chauffant \u00e9lectrique (230\u00a0V \/300\u00a0W) est int\u00e9gr\u00e9. Contenu de la livraison :\u00c9l\u00e9ment de commande, vanne [&hellip;]<\/p>\n","protected":false},"featured_media":36083,"template":"","meta":{"_acf_changed":false},"product_featured_cat":[],"product_brand":[3026],"product_cat":[4587],"product_tag":[],"class_list":{"0":"post-36087","1":"product","2":"type-product","3":"status-publish","4":"has-post-thumbnail","6":"product_brand-truma","7":"product_cat-chauffe-eau-electrique","9":"first","10":"instock","11":"taxable","12":"shipping-taxable","13":"purchasable","14":"product-type-simple"},"acf":[],"yoast_head":"<!-- This site is optimized with the Yoast SEO plugin v27.5 - https:\/\/yoast.com\/product\/yoast-seo-wordpress\/ -->\n<title>Therme - Bantam<\/title>\n<meta name=\"robots\" content=\"index, follow, max-snippet:-1, max-image-preview:large, max-video-preview:-1\" \/>\n<link rel=\"canonical\" href=\"https:\/\/shop.bantam.ch\/fr\/produit\/therme-tt-2-pour-caravane\/\" \/>\n<meta property=\"og:locale\" content=\"fr_FR\" \/>\n<meta property=\"og:type\" content=\"article\" \/>\n<meta property=\"og:title\" content=\"Therme - Bantam\" \/>\n<meta property=\"og:description\" content=\"Le chauffe-eau Therme de 5\u00a0litres assure la production d\u2019eau chaude en toute tranquillit\u00e9, tout en affichant des dimensions tr\u00e8s r\u00e9duites. Il utilise l\u2019air chaud du chauffage pour r\u00e9chauffer l\u2019eau. Pour pouvoir utiliser le chauffe-eau Therme sans syst\u00e8me de chauffage, un \u00e9l\u00e9ment chauffant \u00e9lectrique (230\u00a0V \/300\u00a0W) est int\u00e9gr\u00e9. Contenu de la livraison :\u00c9l\u00e9ment de commande, vanne [&hellip;]\" \/>\n<meta property=\"og:url\" content=\"https:\/\/shop.bantam.ch\/fr\/produit\/therme-tt-2-pour-caravane\/\" \/>\n<meta property=\"og:site_name\" content=\"Bantam\" \/>\n<meta property=\"article:modified_time\" content=\"2026-05-02T18:45:36+00:00\" \/>\n<meta property=\"og:image\" content=\"https:\/\/shop.bantam.ch\/wp-content\/uploads\/2023\/02\/9977960-TRUMA-Therme_TT_2-Standard-01-1.jpg\" \/>\n\t<meta property=\"og:image:width\" content=\"1000\" \/>\n\t<meta property=\"og:image:height\" content=\"990\" \/>\n\t<meta property=\"og:image:type\" content=\"image\/jpeg\" \/>\n<meta name=\"twitter:card\" content=\"summary_large_image\" \/>\n<script type=\"application\/ld+json\" class=\"yoast-schema-graph\">{\"@context\":\"https:\\\/\\\/schema.org\",\"@graph\":[{\"@type\":\"WebPage\",\"@id\":\"https:\\\/\\\/shop.bantam.ch\\\/fr\\\/produit\\\/therme-tt-2-pour-caravane\\\/\",\"url\":\"https:\\\/\\\/shop.bantam.ch\\\/fr\\\/produit\\\/therme-tt-2-pour-caravane\\\/\",\"name\":\"Therme - Bantam\",\"isPartOf\":{\"@id\":\"https:\\\/\\\/shop.bantam.ch\\\/fr\\\/#website\"},\"primaryImageOfPage\":{\"@id\":\"https:\\\/\\\/shop.bantam.ch\\\/fr\\\/produit\\\/therme-tt-2-pour-caravane\\\/#primaryimage\"},\"image\":{\"@id\":\"https:\\\/\\\/shop.bantam.ch\\\/fr\\\/produit\\\/therme-tt-2-pour-caravane\\\/#primaryimage\"},\"thumbnailUrl\":\"https:\\\/\\\/shop.bantam.ch\\\/wp-content\\\/uploads\\\/2023\\\/02\\\/9977960-TRUMA-Therme_TT_2-Standard-01-1.jpg\",\"datePublished\":\"2023-02-22T18:31:57+00:00\",\"dateModified\":\"2026-05-02T18:45:36+00:00\",\"breadcrumb\":{\"@id\":\"https:\\\/\\\/shop.bantam.ch\\\/fr\\\/produit\\\/therme-tt-2-pour-caravane\\\/#breadcrumb\"},\"inLanguage\":\"fr-FR\",\"potentialAction\":[{\"@type\":\"ReadAction\",\"target\":[\"https:\\\/\\\/shop.bantam.ch\\\/fr\\\/produit\\\/therme-tt-2-pour-caravane\\\/\"]}]},{\"@type\":\"ImageObject\",\"inLanguage\":\"fr-FR\",\"@id\":\"https:\\\/\\\/shop.bantam.ch\\\/fr\\\/produit\\\/therme-tt-2-pour-caravane\\\/#primaryimage\",\"url\":\"https:\\\/\\\/shop.bantam.ch\\\/wp-content\\\/uploads\\\/2023\\\/02\\\/9977960-TRUMA-Therme_TT_2-Standard-01-1.jpg\",\"contentUrl\":\"https:\\\/\\\/shop.bantam.ch\\\/wp-content\\\/uploads\\\/2023\\\/02\\\/9977960-TRUMA-Therme_TT_2-Standard-01-1.jpg\",\"width\":1000,\"height\":990},{\"@type\":\"BreadcrumbList\",\"@id\":\"https:\\\/\\\/shop.bantam.ch\\\/fr\\\/produit\\\/therme-tt-2-pour-caravane\\\/#breadcrumb\",\"itemListElement\":[{\"@type\":\"ListItem\",\"position\":1,\"name\":\"Accueil\",\"item\":\"https:\\\/\\\/shop.bantam.ch\\\/fr\\\/\"},{\"@type\":\"ListItem\",\"position\":2,\"name\":\"Boutique\",\"item\":\"https:\\\/\\\/shop.bantam.ch\\\/fr\\\/boutique\\\/\"},{\"@type\":\"ListItem\",\"position\":3,\"name\":\"Therme\"}]},{\"@type\":\"WebSite\",\"@id\":\"https:\\\/\\\/shop.bantam.ch\\\/fr\\\/#website\",\"url\":\"https:\\\/\\\/shop.bantam.ch\\\/fr\\\/\",\"name\":\"Bantam\",\"description\":\"\",\"publisher\":{\"@id\":\"https:\\\/\\\/shop.bantam.ch\\\/fr\\\/#organization\"},\"inLanguage\":\"fr-FR\"},{\"@type\":\"Organization\",\"@id\":\"https:\\\/\\\/shop.bantam.ch\\\/fr\\\/#organization\",\"name\":\"Bantam\",\"url\":\"https:\\\/\\\/shop.bantam.ch\\\/fr\\\/\",\"logo\":{\"@type\":\"ImageObject\",\"inLanguage\":\"fr-FR\",\"@id\":\"https:\\\/\\\/shop.bantam.ch\\\/fr\\\/#\\\/schema\\\/logo\\\/image\\\/\",\"url\":\"https:\\\/\\\/shop.bantam.ch\\\/wp-content\\\/uploads\\\/2022\\\/12\\\/bantam-logo.png\",\"contentUrl\":\"https:\\\/\\\/shop.bantam.ch\\\/wp-content\\\/uploads\\\/2022\\\/12\\\/bantam-logo.png\",\"width\":320,\"height\":71,\"caption\":\"Bantam\"},\"image\":{\"@id\":\"https:\\\/\\\/shop.bantam.ch\\\/fr\\\/#\\\/schema\\\/logo\\\/image\\\/\"}}]}<\/script>\n<!-- \/ Yoast SEO plugin. -->","yoast_head_json":{"title":"Therme - Bantam","robots":{"index":"index","follow":"follow","max-snippet":"max-snippet:-1","max-image-preview":"max-image-preview:large","max-video-preview":"max-video-preview:-1"},"canonical":"https:\/\/shop.bantam.ch\/fr\/produit\/therme-tt-2-pour-caravane\/","og_locale":"fr_FR","og_type":"article","og_title":"Therme - Bantam","og_description":"Le chauffe-eau Therme de 5\u00a0litres assure la production d\u2019eau chaude en toute tranquillit\u00e9, tout en affichant des dimensions tr\u00e8s r\u00e9duites. Il utilise l\u2019air chaud du chauffage pour r\u00e9chauffer l\u2019eau. Pour pouvoir utiliser le chauffe-eau Therme sans syst\u00e8me de chauffage, un \u00e9l\u00e9ment chauffant \u00e9lectrique (230\u00a0V \/300\u00a0W) est int\u00e9gr\u00e9. Contenu de la livraison :\u00c9l\u00e9ment de commande, vanne [&hellip;]","og_url":"https:\/\/shop.bantam.ch\/fr\/produit\/therme-tt-2-pour-caravane\/","og_site_name":"Bantam","article_modified_time":"2026-05-02T18:45:36+00:00","og_image":[{"width":1000,"height":990,"url":"https:\/\/shop.bantam.ch\/wp-content\/uploads\/2023\/02\/9977960-TRUMA-Therme_TT_2-Standard-01-1.jpg","type":"image\/jpeg"}],"twitter_card":"summary_large_image","schema":{"@context":"https:\/\/schema.org","@graph":[{"@type":"WebPage","@id":"https:\/\/shop.bantam.ch\/fr\/produit\/therme-tt-2-pour-caravane\/","url":"https:\/\/shop.bantam.ch\/fr\/produit\/therme-tt-2-pour-caravane\/","name":"Therme - Bantam","isPartOf":{"@id":"https:\/\/shop.bantam.ch\/fr\/#website"},"primaryImageOfPage":{"@id":"https:\/\/shop.bantam.ch\/fr\/produit\/therme-tt-2-pour-caravane\/#primaryimage"},"image":{"@id":"https:\/\/shop.bantam.ch\/fr\/produit\/therme-tt-2-pour-caravane\/#primaryimage"},"thumbnailUrl":"https:\/\/shop.bantam.ch\/wp-content\/uploads\/2023\/02\/9977960-TRUMA-Therme_TT_2-Standard-01-1.jpg","datePublished":"2023-02-22T18:31:57+00:00","dateModified":"2026-05-02T18:45:36+00:00","breadcrumb":{"@id":"https:\/\/shop.bantam.ch\/fr\/produit\/therme-tt-2-pour-caravane\/#breadcrumb"},"inLanguage":"fr-FR","potentialAction":[{"@type":"ReadAction","target":["https:\/\/shop.bantam.ch\/fr\/produit\/therme-tt-2-pour-caravane\/"]}]},{"@type":"ImageObject","inLanguage":"fr-FR","@id":"https:\/\/shop.bantam.ch\/fr\/produit\/therme-tt-2-pour-caravane\/#primaryimage","url":"https:\/\/shop.bantam.ch\/wp-content\/uploads\/2023\/02\/9977960-TRUMA-Therme_TT_2-Standard-01-1.jpg","contentUrl":"https:\/\/shop.bantam.ch\/wp-content\/uploads\/2023\/02\/9977960-TRUMA-Therme_TT_2-Standard-01-1.jpg","width":1000,"height":990},{"@type":"BreadcrumbList","@id":"https:\/\/shop.bantam.ch\/fr\/produit\/therme-tt-2-pour-caravane\/#breadcrumb","itemListElement":[{"@type":"ListItem","position":1,"name":"Accueil","item":"https:\/\/shop.bantam.ch\/fr\/"},{"@type":"ListItem","position":2,"name":"Boutique","item":"https:\/\/shop.bantam.ch\/fr\/boutique\/"},{"@type":"ListItem","position":3,"name":"Therme"}]},{"@type":"WebSite","@id":"https:\/\/shop.bantam.ch\/fr\/#website","url":"https:\/\/shop.bantam.ch\/fr\/","name":"Bantam","description":"","publisher":{"@id":"https:\/\/shop.bantam.ch\/fr\/#organization"},"inLanguage":"fr-FR"},{"@type":"Organization","@id":"https:\/\/shop.bantam.ch\/fr\/#organization","name":"Bantam","url":"https:\/\/shop.bantam.ch\/fr\/","logo":{"@type":"ImageObject","inLanguage":"fr-FR","@id":"https:\/\/shop.bantam.ch\/fr\/#\/schema\/logo\/image\/","url":"https:\/\/shop.bantam.ch\/wp-content\/uploads\/2022\/12\/bantam-logo.png","contentUrl":"https:\/\/shop.bantam.ch\/wp-content\/uploads\/2022\/12\/bantam-logo.png","width":320,"height":71,"caption":"Bantam"},"image":{"@id":"https:\/\/shop.bantam.ch\/fr\/#\/schema\/logo\/image\/"}}]}},"_links":{"self":[{"href":"https:\/\/shop.bantam.ch\/fr\/wp-json\/wp\/v2\/product\/36087","targetHints":{"allow":["GET"]}}],"collection":[{"href":"https:\/\/shop.bantam.ch\/fr\/wp-json\/wp\/v2\/product"}],"about":[{"href":"https:\/\/shop.bantam.ch\/fr\/wp-json\/wp\/v2\/types\/product"}],"wp:featuredmedia":[{"embeddable":true,"href":"https:\/\/shop.bantam.ch\/fr\/wp-json\/wp\/v2\/media\/36083"}],"wp:attachment":[{"href":"https:\/\/shop.bantam.ch\/fr\/wp-json\/wp\/v2\/media?parent=36087"}],"wp:term":[{"taxonomy":"product_featured_cat","embeddable":true,"href":"https:\/\/shop.bantam.ch\/fr\/wp-json\/wp\/v2\/product_featured_cat?post=36087"},{"taxonomy":"product_brand","embeddable":true,"href":"https:\/\/shop.bantam.ch\/fr\/wp-json\/wp\/v2\/product_brand?post=36087"},{"taxonomy":"product_cat","embeddable":true,"href":"https:\/\/shop.bantam.ch\/fr\/wp-json\/wp\/v2\/product_cat?post=36087"},{"taxonomy":"product_tag","embeddable":true,"href":"https:\/\/shop.bantam.ch\/fr\/wp-json\/wp\/v2\/product_tag?post=36087"}],"curies":[{"name":"wp","href":"https:\/\/api.w.org\/{rel}","templated":true}]}}