{"id":35985,"date":"2023-02-22T19:29:47","date_gmt":"2023-02-22T18:29:47","guid":{"rendered":"http:\/\/preprod-dev.sh1.hidora.com\/webshop\/produit\/devidoir-de-tuyau-plat-15-m\/"},"modified":"2026-05-11T20:45:29","modified_gmt":"2026-05-11T18:45:29","slug":"devidoir-de-tuyau-plat-15-m","status":"publish","type":"product","link":"https:\/\/shop.bantam.ch\/fr\/produit\/devidoir-de-tuyau-plat-15-m\/","title":{"rendered":"Rouleau de tuyau plat 15m"},"content":{"rendered":"<p>D\u00e9vidoir de tuyau plat avec dispositif de s\u00e9curit\u00e9 automatique, qui \u00e9vite d\u2019endommager la cassette portable en cas de pressurisation involontaire du tuyau non d\u00e9roul\u00e9. L\u00e9ger, compact, impr\u00e9gn\u00e9 et r\u00e9sistant.<\/p>\n<p>Contenu de la livraison :<br \/>Pi\u00e8ces d\u2019origine Gardena et t\u00eate d\u2019arrosage incluses<\/p>\n","protected":false},"excerpt":{"rendered":"<p>D\u00e9vidoir de tuyau plat avec dispositif de s\u00e9curit\u00e9 automatique, qui \u00e9vite d\u2019endommager la cassette portable en cas de pressurisation involontaire du tuyau non d\u00e9roul\u00e9. L\u00e9ger, compact, impr\u00e9gn\u00e9 et r\u00e9sistant. Contenu de la livraison :Pi\u00e8ces d\u2019origine Gardena et t\u00eate d\u2019arrosage incluses<\/p>\n","protected":false},"featured_media":35983,"template":"","meta":{"_acf_changed":false},"product_featured_cat":[],"product_brand":[3246],"product_cat":[5033],"product_tag":[],"class_list":{"0":"post-35985","1":"product","2":"type-product","3":"status-publish","4":"has-post-thumbnail","6":"product_brand-gardena","7":"product_cat-tuyaux-deau","9":"first","10":"instock","11":"taxable","12":"shipping-taxable","13":"purchasable","14":"product-type-simple"},"acf":[],"yoast_head":"<!-- This site is optimized with the Yoast SEO plugin v27.5 - https:\/\/yoast.com\/product\/yoast-seo-wordpress\/ -->\n<title>Rouleau de tuyau plat 15m - Bantam<\/title>\n<meta name=\"robots\" content=\"index, follow, max-snippet:-1, max-image-preview:large, max-video-preview:-1\" \/>\n<link rel=\"canonical\" href=\"https:\/\/shop.bantam.ch\/fr\/produit\/devidoir-de-tuyau-plat-15-m\/\" \/>\n<meta property=\"og:locale\" content=\"fr_FR\" \/>\n<meta property=\"og:type\" content=\"article\" \/>\n<meta property=\"og:title\" content=\"Rouleau de tuyau plat 15m - Bantam\" \/>\n<meta property=\"og:description\" content=\"D\u00e9vidoir de tuyau plat avec dispositif de s\u00e9curit\u00e9 automatique, qui \u00e9vite d\u2019endommager la cassette portable en cas de pressurisation involontaire du tuyau non d\u00e9roul\u00e9. L\u00e9ger, compact, impr\u00e9gn\u00e9 et r\u00e9sistant. Contenu de la livraison :Pi\u00e8ces d\u2019origine Gardena et t\u00eate d\u2019arrosage incluses\" \/>\n<meta property=\"og:url\" content=\"https:\/\/shop.bantam.ch\/fr\/produit\/devidoir-de-tuyau-plat-15-m\/\" \/>\n<meta property=\"og:site_name\" content=\"Bantam\" \/>\n<meta property=\"article:modified_time\" content=\"2026-05-11T18:45:29+00:00\" \/>\n<meta property=\"og:image\" content=\"https:\/\/shop.bantam.ch\/wp-content\/uploads\/2023\/02\/9977290-100-1-3-1.jpg\" \/>\n\t<meta property=\"og:image:width\" content=\"500\" \/>\n\t<meta property=\"og:image:height\" content=\"473\" \/>\n\t<meta property=\"og:image:type\" content=\"image\/jpeg\" \/>\n<meta name=\"twitter:card\" content=\"summary_large_image\" \/>\n<script type=\"application\/ld+json\" class=\"yoast-schema-graph\">{\"@context\":\"https:\\\/\\\/schema.org\",\"@graph\":[{\"@type\":\"WebPage\",\"@id\":\"https:\\\/\\\/shop.bantam.ch\\\/fr\\\/produit\\\/devidoir-de-tuyau-plat-15-m\\\/\",\"url\":\"https:\\\/\\\/shop.bantam.ch\\\/fr\\\/produit\\\/devidoir-de-tuyau-plat-15-m\\\/\",\"name\":\"Rouleau de tuyau plat 15m - Bantam\",\"isPartOf\":{\"@id\":\"https:\\\/\\\/shop.bantam.ch\\\/fr\\\/#website\"},\"primaryImageOfPage\":{\"@id\":\"https:\\\/\\\/shop.bantam.ch\\\/fr\\\/produit\\\/devidoir-de-tuyau-plat-15-m\\\/#primaryimage\"},\"image\":{\"@id\":\"https:\\\/\\\/shop.bantam.ch\\\/fr\\\/produit\\\/devidoir-de-tuyau-plat-15-m\\\/#primaryimage\"},\"thumbnailUrl\":\"https:\\\/\\\/shop.bantam.ch\\\/wp-content\\\/uploads\\\/2023\\\/02\\\/9977290-100-1-3-1.jpg\",\"datePublished\":\"2023-02-22T18:29:47+00:00\",\"dateModified\":\"2026-05-11T18:45:29+00:00\",\"breadcrumb\":{\"@id\":\"https:\\\/\\\/shop.bantam.ch\\\/fr\\\/produit\\\/devidoir-de-tuyau-plat-15-m\\\/#breadcrumb\"},\"inLanguage\":\"fr-FR\",\"potentialAction\":[{\"@type\":\"ReadAction\",\"target\":[\"https:\\\/\\\/shop.bantam.ch\\\/fr\\\/produit\\\/devidoir-de-tuyau-plat-15-m\\\/\"]}]},{\"@type\":\"ImageObject\",\"inLanguage\":\"fr-FR\",\"@id\":\"https:\\\/\\\/shop.bantam.ch\\\/fr\\\/produit\\\/devidoir-de-tuyau-plat-15-m\\\/#primaryimage\",\"url\":\"https:\\\/\\\/shop.bantam.ch\\\/wp-content\\\/uploads\\\/2023\\\/02\\\/9977290-100-1-3-1.jpg\",\"contentUrl\":\"https:\\\/\\\/shop.bantam.ch\\\/wp-content\\\/uploads\\\/2023\\\/02\\\/9977290-100-1-3-1.jpg\",\"width\":500,\"height\":473},{\"@type\":\"BreadcrumbList\",\"@id\":\"https:\\\/\\\/shop.bantam.ch\\\/fr\\\/produit\\\/devidoir-de-tuyau-plat-15-m\\\/#breadcrumb\",\"itemListElement\":[{\"@type\":\"ListItem\",\"position\":1,\"name\":\"Accueil\",\"item\":\"https:\\\/\\\/shop.bantam.ch\\\/fr\\\/\"},{\"@type\":\"ListItem\",\"position\":2,\"name\":\"Boutique\",\"item\":\"https:\\\/\\\/shop.bantam.ch\\\/fr\\\/boutique\\\/\"},{\"@type\":\"ListItem\",\"position\":3,\"name\":\"Rouleau de tuyau plat 15m\"}]},{\"@type\":\"WebSite\",\"@id\":\"https:\\\/\\\/shop.bantam.ch\\\/fr\\\/#website\",\"url\":\"https:\\\/\\\/shop.bantam.ch\\\/fr\\\/\",\"name\":\"Bantam\",\"description\":\"\",\"publisher\":{\"@id\":\"https:\\\/\\\/shop.bantam.ch\\\/fr\\\/#organization\"},\"inLanguage\":\"fr-FR\"},{\"@type\":\"Organization\",\"@id\":\"https:\\\/\\\/shop.bantam.ch\\\/fr\\\/#organization\",\"name\":\"Bantam\",\"url\":\"https:\\\/\\\/shop.bantam.ch\\\/fr\\\/\",\"logo\":{\"@type\":\"ImageObject\",\"inLanguage\":\"fr-FR\",\"@id\":\"https:\\\/\\\/shop.bantam.ch\\\/fr\\\/#\\\/schema\\\/logo\\\/image\\\/\",\"url\":\"https:\\\/\\\/shop.bantam.ch\\\/wp-content\\\/uploads\\\/2022\\\/12\\\/bantam-logo.png\",\"contentUrl\":\"https:\\\/\\\/shop.bantam.ch\\\/wp-content\\\/uploads\\\/2022\\\/12\\\/bantam-logo.png\",\"width\":320,\"height\":71,\"caption\":\"Bantam\"},\"image\":{\"@id\":\"https:\\\/\\\/shop.bantam.ch\\\/fr\\\/#\\\/schema\\\/logo\\\/image\\\/\"}}]}<\/script>\n<!-- \/ Yoast SEO plugin. -->","yoast_head_json":{"title":"Rouleau de tuyau plat 15m - Bantam","robots":{"index":"index","follow":"follow","max-snippet":"max-snippet:-1","max-image-preview":"max-image-preview:large","max-video-preview":"max-video-preview:-1"},"canonical":"https:\/\/shop.bantam.ch\/fr\/produit\/devidoir-de-tuyau-plat-15-m\/","og_locale":"fr_FR","og_type":"article","og_title":"Rouleau de tuyau plat 15m - Bantam","og_description":"D\u00e9vidoir de tuyau plat avec dispositif de s\u00e9curit\u00e9 automatique, qui \u00e9vite d\u2019endommager la cassette portable en cas de pressurisation involontaire du tuyau non d\u00e9roul\u00e9. L\u00e9ger, compact, impr\u00e9gn\u00e9 et r\u00e9sistant. Contenu de la livraison :Pi\u00e8ces d\u2019origine Gardena et t\u00eate d\u2019arrosage incluses","og_url":"https:\/\/shop.bantam.ch\/fr\/produit\/devidoir-de-tuyau-plat-15-m\/","og_site_name":"Bantam","article_modified_time":"2026-05-11T18:45:29+00:00","og_image":[{"width":500,"height":473,"url":"https:\/\/shop.bantam.ch\/wp-content\/uploads\/2023\/02\/9977290-100-1-3-1.jpg","type":"image\/jpeg"}],"twitter_card":"summary_large_image","schema":{"@context":"https:\/\/schema.org","@graph":[{"@type":"WebPage","@id":"https:\/\/shop.bantam.ch\/fr\/produit\/devidoir-de-tuyau-plat-15-m\/","url":"https:\/\/shop.bantam.ch\/fr\/produit\/devidoir-de-tuyau-plat-15-m\/","name":"Rouleau de tuyau plat 15m - Bantam","isPartOf":{"@id":"https:\/\/shop.bantam.ch\/fr\/#website"},"primaryImageOfPage":{"@id":"https:\/\/shop.bantam.ch\/fr\/produit\/devidoir-de-tuyau-plat-15-m\/#primaryimage"},"image":{"@id":"https:\/\/shop.bantam.ch\/fr\/produit\/devidoir-de-tuyau-plat-15-m\/#primaryimage"},"thumbnailUrl":"https:\/\/shop.bantam.ch\/wp-content\/uploads\/2023\/02\/9977290-100-1-3-1.jpg","datePublished":"2023-02-22T18:29:47+00:00","dateModified":"2026-05-11T18:45:29+00:00","breadcrumb":{"@id":"https:\/\/shop.bantam.ch\/fr\/produit\/devidoir-de-tuyau-plat-15-m\/#breadcrumb"},"inLanguage":"fr-FR","potentialAction":[{"@type":"ReadAction","target":["https:\/\/shop.bantam.ch\/fr\/produit\/devidoir-de-tuyau-plat-15-m\/"]}]},{"@type":"ImageObject","inLanguage":"fr-FR","@id":"https:\/\/shop.bantam.ch\/fr\/produit\/devidoir-de-tuyau-plat-15-m\/#primaryimage","url":"https:\/\/shop.bantam.ch\/wp-content\/uploads\/2023\/02\/9977290-100-1-3-1.jpg","contentUrl":"https:\/\/shop.bantam.ch\/wp-content\/uploads\/2023\/02\/9977290-100-1-3-1.jpg","width":500,"height":473},{"@type":"BreadcrumbList","@id":"https:\/\/shop.bantam.ch\/fr\/produit\/devidoir-de-tuyau-plat-15-m\/#breadcrumb","itemListElement":[{"@type":"ListItem","position":1,"name":"Accueil","item":"https:\/\/shop.bantam.ch\/fr\/"},{"@type":"ListItem","position":2,"name":"Boutique","item":"https:\/\/shop.bantam.ch\/fr\/boutique\/"},{"@type":"ListItem","position":3,"name":"Rouleau de tuyau plat 15m"}]},{"@type":"WebSite","@id":"https:\/\/shop.bantam.ch\/fr\/#website","url":"https:\/\/shop.bantam.ch\/fr\/","name":"Bantam","description":"","publisher":{"@id":"https:\/\/shop.bantam.ch\/fr\/#organization"},"inLanguage":"fr-FR"},{"@type":"Organization","@id":"https:\/\/shop.bantam.ch\/fr\/#organization","name":"Bantam","url":"https:\/\/shop.bantam.ch\/fr\/","logo":{"@type":"ImageObject","inLanguage":"fr-FR","@id":"https:\/\/shop.bantam.ch\/fr\/#\/schema\/logo\/image\/","url":"https:\/\/shop.bantam.ch\/wp-content\/uploads\/2022\/12\/bantam-logo.png","contentUrl":"https:\/\/shop.bantam.ch\/wp-content\/uploads\/2022\/12\/bantam-logo.png","width":320,"height":71,"caption":"Bantam"},"image":{"@id":"https:\/\/shop.bantam.ch\/fr\/#\/schema\/logo\/image\/"}}]}},"_links":{"self":[{"href":"https:\/\/shop.bantam.ch\/fr\/wp-json\/wp\/v2\/product\/35985","targetHints":{"allow":["GET"]}}],"collection":[{"href":"https:\/\/shop.bantam.ch\/fr\/wp-json\/wp\/v2\/product"}],"about":[{"href":"https:\/\/shop.bantam.ch\/fr\/wp-json\/wp\/v2\/types\/product"}],"wp:featuredmedia":[{"embeddable":true,"href":"https:\/\/shop.bantam.ch\/fr\/wp-json\/wp\/v2\/media\/35983"}],"wp:attachment":[{"href":"https:\/\/shop.bantam.ch\/fr\/wp-json\/wp\/v2\/media?parent=35985"}],"wp:term":[{"taxonomy":"product_featured_cat","embeddable":true,"href":"https:\/\/shop.bantam.ch\/fr\/wp-json\/wp\/v2\/product_featured_cat?post=35985"},{"taxonomy":"product_brand","embeddable":true,"href":"https:\/\/shop.bantam.ch\/fr\/wp-json\/wp\/v2\/product_brand?post=35985"},{"taxonomy":"product_cat","embeddable":true,"href":"https:\/\/shop.bantam.ch\/fr\/wp-json\/wp\/v2\/product_cat?post=35985"},{"taxonomy":"product_tag","embeddable":true,"href":"https:\/\/shop.bantam.ch\/fr\/wp-json\/wp\/v2\/product_tag?post=35985"}],"curies":[{"name":"wp","href":"https:\/\/api.w.org\/{rel}","templated":true}]}}