{"id":35953,"date":"2023-02-22T19:29:08","date_gmt":"2023-02-22T18:29:08","guid":{"rendered":"http:\/\/preprod-dev.sh1.hidora.com\/webshop\/produit\/raccord-deau-city\/"},"modified":"2026-04-18T20:45:45","modified_gmt":"2026-04-18T18:45:45","slug":"raccord-deau-city","status":"publish","type":"product","link":"https:\/\/shop.bantam.ch\/fr\/produit\/raccord-deau-city\/","title":{"rendered":"Raccord d&rsquo;eau de ville Valve \u00e0 petit flotteur Sans r\u00e9servoir"},"content":{"rendered":"<p>Pour vous raccorder directement au r\u00e9seau d\u2019eau public (max. 6\u00a0bars), sans modifier les conduites existantes dans la caravane. La valve \u00e0 flotteur r\u00e9gule l\u2019alimentation en eau automatiquement et la bloque aussi enti\u00e8rement en cas de besoin. Embout de tuyau 90\u00b0, 3\/8\u201d \u00e0 l\u2019ext\u00e9rieur au niveau du r\u00e9servoir.<\/p>\n<p>Contenu de la livraison :<br \/>Sans r\u00e9servoir<\/p>\n","protected":false},"excerpt":{"rendered":"<p>Pour vous raccorder directement au r\u00e9seau d\u2019eau public (max. 6\u00a0bars), sans modifier les conduites existantes dans la caravane. La valve \u00e0 flotteur r\u00e9gule l\u2019alimentation en eau automatiquement et la bloque aussi enti\u00e8rement en cas de besoin. Embout de tuyau 90\u00b0, 3\/8\u201d \u00e0 l\u2019ext\u00e9rieur au niveau du r\u00e9servoir. Contenu de la livraison :Sans r\u00e9servoir<\/p>\n","protected":false},"featured_media":35949,"template":"","meta":{"_acf_changed":false},"product_featured_cat":[],"product_brand":[3110],"product_cat":[4123],"product_tag":[],"class_list":{"0":"post-35953","1":"product","2":"type-product","3":"status-publish","4":"has-post-thumbnail","6":"product_brand-comet","7":"product_cat-accessoires-pour-leau-et-les-sanitaires","9":"first","10":"instock","11":"taxable","12":"shipping-taxable","13":"purchasable","14":"product-type-simple"},"acf":[],"yoast_head":"<!-- This site is optimized with the Yoast SEO plugin v27.4 - https:\/\/yoast.com\/product\/yoast-seo-wordpress\/ -->\n<title>Raccord d&#039;eau de ville Valve \u00e0 petit flotteur Sans r\u00e9servoir - Bantam Wankm\u00fcller SA<\/title>\n<meta name=\"robots\" content=\"index, follow, max-snippet:-1, max-image-preview:large, max-video-preview:-1\" \/>\n<link rel=\"canonical\" href=\"https:\/\/shop.bantam.ch\/fr\/produit\/raccord-deau-city\/\" \/>\n<meta property=\"og:locale\" content=\"fr_FR\" \/>\n<meta property=\"og:type\" content=\"article\" \/>\n<meta property=\"og:title\" content=\"Raccord d&#039;eau de ville Valve \u00e0 petit flotteur Sans r\u00e9servoir - Bantam Wankm\u00fcller SA\" \/>\n<meta property=\"og:description\" content=\"Pour vous raccorder directement au r\u00e9seau d\u2019eau public (max. 6\u00a0bars), sans modifier les conduites existantes dans la caravane. La valve \u00e0 flotteur r\u00e9gule l\u2019alimentation en eau automatiquement et la bloque aussi enti\u00e8rement en cas de besoin. Embout de tuyau 90\u00b0, 3\/8\u201d \u00e0 l\u2019ext\u00e9rieur au niveau du r\u00e9servoir. Contenu de la livraison :Sans r\u00e9servoir\" \/>\n<meta property=\"og:url\" content=\"https:\/\/shop.bantam.ch\/fr\/produit\/raccord-deau-city\/\" \/>\n<meta property=\"og:site_name\" content=\"Bantam Wankm\u00fcller SA\" \/>\n<meta property=\"article:modified_time\" content=\"2026-04-18T18:45:45+00:00\" \/>\n<meta property=\"og:image\" content=\"https:\/\/shop.bantam.ch\/wp-content\/uploads\/2023\/02\/9977760-City_Wasseranschluss-Standard-01-1.jpg\" \/>\n\t<meta property=\"og:image:width\" content=\"827\" \/>\n\t<meta property=\"og:image:height\" content=\"1000\" \/>\n\t<meta property=\"og:image:type\" content=\"image\/jpeg\" \/>\n<meta name=\"twitter:card\" content=\"summary_large_image\" \/>\n<script type=\"application\/ld+json\" class=\"yoast-schema-graph\">{\"@context\":\"https:\\\/\\\/schema.org\",\"@graph\":[{\"@type\":\"WebPage\",\"@id\":\"https:\\\/\\\/shop.bantam.ch\\\/fr\\\/produit\\\/raccord-deau-city\\\/\",\"url\":\"https:\\\/\\\/shop.bantam.ch\\\/fr\\\/produit\\\/raccord-deau-city\\\/\",\"name\":\"Raccord d'eau de ville Valve \u00e0 petit flotteur Sans r\u00e9servoir - Bantam Wankm\u00fcller SA\",\"isPartOf\":{\"@id\":\"https:\\\/\\\/shop.bantam.ch\\\/fr\\\/#website\"},\"primaryImageOfPage\":{\"@id\":\"https:\\\/\\\/shop.bantam.ch\\\/fr\\\/produit\\\/raccord-deau-city\\\/#primaryimage\"},\"image\":{\"@id\":\"https:\\\/\\\/shop.bantam.ch\\\/fr\\\/produit\\\/raccord-deau-city\\\/#primaryimage\"},\"thumbnailUrl\":\"https:\\\/\\\/shop.bantam.ch\\\/wp-content\\\/uploads\\\/2023\\\/02\\\/9977760-City_Wasseranschluss-Standard-01-1.jpg\",\"datePublished\":\"2023-02-22T18:29:08+00:00\",\"dateModified\":\"2026-04-18T18:45:45+00:00\",\"breadcrumb\":{\"@id\":\"https:\\\/\\\/shop.bantam.ch\\\/fr\\\/produit\\\/raccord-deau-city\\\/#breadcrumb\"},\"inLanguage\":\"fr-FR\",\"potentialAction\":[{\"@type\":\"ReadAction\",\"target\":[\"https:\\\/\\\/shop.bantam.ch\\\/fr\\\/produit\\\/raccord-deau-city\\\/\"]}]},{\"@type\":\"ImageObject\",\"inLanguage\":\"fr-FR\",\"@id\":\"https:\\\/\\\/shop.bantam.ch\\\/fr\\\/produit\\\/raccord-deau-city\\\/#primaryimage\",\"url\":\"https:\\\/\\\/shop.bantam.ch\\\/wp-content\\\/uploads\\\/2023\\\/02\\\/9977760-City_Wasseranschluss-Standard-01-1.jpg\",\"contentUrl\":\"https:\\\/\\\/shop.bantam.ch\\\/wp-content\\\/uploads\\\/2023\\\/02\\\/9977760-City_Wasseranschluss-Standard-01-1.jpg\",\"width\":827,\"height\":1000},{\"@type\":\"BreadcrumbList\",\"@id\":\"https:\\\/\\\/shop.bantam.ch\\\/fr\\\/produit\\\/raccord-deau-city\\\/#breadcrumb\",\"itemListElement\":[{\"@type\":\"ListItem\",\"position\":1,\"name\":\"Accueil\",\"item\":\"https:\\\/\\\/shop.bantam.ch\\\/fr\\\/\"},{\"@type\":\"ListItem\",\"position\":2,\"name\":\"Boutique\",\"item\":\"https:\\\/\\\/shop.bantam.ch\\\/fr\\\/boutique\\\/\"},{\"@type\":\"ListItem\",\"position\":3,\"name\":\"Raccord d&#8217;eau de ville Valve \u00e0 petit flotteur Sans r\u00e9servoir\"}]},{\"@type\":\"WebSite\",\"@id\":\"https:\\\/\\\/shop.bantam.ch\\\/fr\\\/#website\",\"url\":\"https:\\\/\\\/shop.bantam.ch\\\/fr\\\/\",\"name\":\"Bantam Wankm\u00fcller SA\",\"description\":\"\",\"publisher\":{\"@id\":\"https:\\\/\\\/shop.bantam.ch\\\/fr\\\/#organization\"},\"inLanguage\":\"fr-FR\"},{\"@type\":\"Organization\",\"@id\":\"https:\\\/\\\/shop.bantam.ch\\\/fr\\\/#organization\",\"name\":\"Bantam Wankm\u00fcller SA\",\"url\":\"https:\\\/\\\/shop.bantam.ch\\\/fr\\\/\",\"logo\":{\"@type\":\"ImageObject\",\"inLanguage\":\"fr-FR\",\"@id\":\"https:\\\/\\\/shop.bantam.ch\\\/fr\\\/#\\\/schema\\\/logo\\\/image\\\/\",\"url\":\"https:\\\/\\\/shop.bantam.ch\\\/wp-content\\\/uploads\\\/2022\\\/12\\\/bantam-logo.png\",\"contentUrl\":\"https:\\\/\\\/shop.bantam.ch\\\/wp-content\\\/uploads\\\/2022\\\/12\\\/bantam-logo.png\",\"width\":320,\"height\":71,\"caption\":\"Bantam Wankm\u00fcller SA\"},\"image\":{\"@id\":\"https:\\\/\\\/shop.bantam.ch\\\/fr\\\/#\\\/schema\\\/logo\\\/image\\\/\"}}]}<\/script>\n<!-- \/ Yoast SEO plugin. -->","yoast_head_json":{"title":"Raccord d'eau de ville Valve \u00e0 petit flotteur Sans r\u00e9servoir - Bantam Wankm\u00fcller SA","robots":{"index":"index","follow":"follow","max-snippet":"max-snippet:-1","max-image-preview":"max-image-preview:large","max-video-preview":"max-video-preview:-1"},"canonical":"https:\/\/shop.bantam.ch\/fr\/produit\/raccord-deau-city\/","og_locale":"fr_FR","og_type":"article","og_title":"Raccord d'eau de ville Valve \u00e0 petit flotteur Sans r\u00e9servoir - Bantam Wankm\u00fcller SA","og_description":"Pour vous raccorder directement au r\u00e9seau d\u2019eau public (max. 6\u00a0bars), sans modifier les conduites existantes dans la caravane. La valve \u00e0 flotteur r\u00e9gule l\u2019alimentation en eau automatiquement et la bloque aussi enti\u00e8rement en cas de besoin. Embout de tuyau 90\u00b0, 3\/8\u201d \u00e0 l\u2019ext\u00e9rieur au niveau du r\u00e9servoir. Contenu de la livraison :Sans r\u00e9servoir","og_url":"https:\/\/shop.bantam.ch\/fr\/produit\/raccord-deau-city\/","og_site_name":"Bantam Wankm\u00fcller SA","article_modified_time":"2026-04-18T18:45:45+00:00","og_image":[{"width":827,"height":1000,"url":"https:\/\/shop.bantam.ch\/wp-content\/uploads\/2023\/02\/9977760-City_Wasseranschluss-Standard-01-1.jpg","type":"image\/jpeg"}],"twitter_card":"summary_large_image","schema":{"@context":"https:\/\/schema.org","@graph":[{"@type":"WebPage","@id":"https:\/\/shop.bantam.ch\/fr\/produit\/raccord-deau-city\/","url":"https:\/\/shop.bantam.ch\/fr\/produit\/raccord-deau-city\/","name":"Raccord d'eau de ville Valve \u00e0 petit flotteur Sans r\u00e9servoir - Bantam Wankm\u00fcller SA","isPartOf":{"@id":"https:\/\/shop.bantam.ch\/fr\/#website"},"primaryImageOfPage":{"@id":"https:\/\/shop.bantam.ch\/fr\/produit\/raccord-deau-city\/#primaryimage"},"image":{"@id":"https:\/\/shop.bantam.ch\/fr\/produit\/raccord-deau-city\/#primaryimage"},"thumbnailUrl":"https:\/\/shop.bantam.ch\/wp-content\/uploads\/2023\/02\/9977760-City_Wasseranschluss-Standard-01-1.jpg","datePublished":"2023-02-22T18:29:08+00:00","dateModified":"2026-04-18T18:45:45+00:00","breadcrumb":{"@id":"https:\/\/shop.bantam.ch\/fr\/produit\/raccord-deau-city\/#breadcrumb"},"inLanguage":"fr-FR","potentialAction":[{"@type":"ReadAction","target":["https:\/\/shop.bantam.ch\/fr\/produit\/raccord-deau-city\/"]}]},{"@type":"ImageObject","inLanguage":"fr-FR","@id":"https:\/\/shop.bantam.ch\/fr\/produit\/raccord-deau-city\/#primaryimage","url":"https:\/\/shop.bantam.ch\/wp-content\/uploads\/2023\/02\/9977760-City_Wasseranschluss-Standard-01-1.jpg","contentUrl":"https:\/\/shop.bantam.ch\/wp-content\/uploads\/2023\/02\/9977760-City_Wasseranschluss-Standard-01-1.jpg","width":827,"height":1000},{"@type":"BreadcrumbList","@id":"https:\/\/shop.bantam.ch\/fr\/produit\/raccord-deau-city\/#breadcrumb","itemListElement":[{"@type":"ListItem","position":1,"name":"Accueil","item":"https:\/\/shop.bantam.ch\/fr\/"},{"@type":"ListItem","position":2,"name":"Boutique","item":"https:\/\/shop.bantam.ch\/fr\/boutique\/"},{"@type":"ListItem","position":3,"name":"Raccord d&#8217;eau de ville Valve \u00e0 petit flotteur Sans r\u00e9servoir"}]},{"@type":"WebSite","@id":"https:\/\/shop.bantam.ch\/fr\/#website","url":"https:\/\/shop.bantam.ch\/fr\/","name":"Bantam Wankm\u00fcller SA","description":"","publisher":{"@id":"https:\/\/shop.bantam.ch\/fr\/#organization"},"inLanguage":"fr-FR"},{"@type":"Organization","@id":"https:\/\/shop.bantam.ch\/fr\/#organization","name":"Bantam Wankm\u00fcller SA","url":"https:\/\/shop.bantam.ch\/fr\/","logo":{"@type":"ImageObject","inLanguage":"fr-FR","@id":"https:\/\/shop.bantam.ch\/fr\/#\/schema\/logo\/image\/","url":"https:\/\/shop.bantam.ch\/wp-content\/uploads\/2022\/12\/bantam-logo.png","contentUrl":"https:\/\/shop.bantam.ch\/wp-content\/uploads\/2022\/12\/bantam-logo.png","width":320,"height":71,"caption":"Bantam Wankm\u00fcller SA"},"image":{"@id":"https:\/\/shop.bantam.ch\/fr\/#\/schema\/logo\/image\/"}}]}},"_links":{"self":[{"href":"https:\/\/shop.bantam.ch\/fr\/wp-json\/wp\/v2\/product\/35953","targetHints":{"allow":["GET"]}}],"collection":[{"href":"https:\/\/shop.bantam.ch\/fr\/wp-json\/wp\/v2\/product"}],"about":[{"href":"https:\/\/shop.bantam.ch\/fr\/wp-json\/wp\/v2\/types\/product"}],"wp:featuredmedia":[{"embeddable":true,"href":"https:\/\/shop.bantam.ch\/fr\/wp-json\/wp\/v2\/media\/35949"}],"wp:attachment":[{"href":"https:\/\/shop.bantam.ch\/fr\/wp-json\/wp\/v2\/media?parent=35953"}],"wp:term":[{"taxonomy":"product_featured_cat","embeddable":true,"href":"https:\/\/shop.bantam.ch\/fr\/wp-json\/wp\/v2\/product_featured_cat?post=35953"},{"taxonomy":"product_brand","embeddable":true,"href":"https:\/\/shop.bantam.ch\/fr\/wp-json\/wp\/v2\/product_brand?post=35953"},{"taxonomy":"product_cat","embeddable":true,"href":"https:\/\/shop.bantam.ch\/fr\/wp-json\/wp\/v2\/product_cat?post=35953"},{"taxonomy":"product_tag","embeddable":true,"href":"https:\/\/shop.bantam.ch\/fr\/wp-json\/wp\/v2\/product_tag?post=35953"}],"curies":[{"name":"wp","href":"https:\/\/api.w.org\/{rel}","templated":true}]}}