{"id":35929,"date":"2023-02-22T19:28:39","date_gmt":"2023-02-22T18:28:39","guid":{"rendered":"http:\/\/preprod-dev.sh1.hidora.com\/webshop\/produit\/detecteur-de-gel-12-v\/"},"modified":"2026-04-18T20:45:45","modified_gmt":"2026-04-18T18:45:45","slug":"detecteur-de-gel-12-v","status":"publish","type":"product","link":"https:\/\/shop.bantam.ch\/fr\/produit\/detecteur-de-gel-12-v\/","title":{"rendered":"R\u00e9sistance chauffante haute performance D\u00e9tecteur de gel 12\u00a0V"},"content":{"rendered":"<p>Cartouche chauffante haut de gamme \u00e9lectrique tr\u00e8s fiable et prot\u00e9g\u00e9e contre le gel, qualit\u00e9 inoxydable, en inox sp\u00e9cial avec \u00e9crou en laiton et joint, protection contre le fonctionnement \u00e0 vide et la surchauffe. Prot\u00e8ge un volume d&rsquo;eau de plus de 40\u00a0litres contre le gel dans le cas de temp\u00e9ratures ext\u00e9rieures jusqu&rsquo;\u00e0 -25\u00a0\u00b0C. Montage simple dans les r\u00e9servoirs d&rsquo;eau claire et d&rsquo;eaux us\u00e9es. Si la temp\u00e9rature de l&rsquo;eau atteint environ 5\u00a0\u00b0C, le d\u00e9tecteur de gel commence \u00e0 chauffer l&rsquo;eau. Lorsque l&rsquo;eau atteint une temp\u00e9rature de 10\u00a0\u00b0C, le chauffage s\u2019arr\u00eate.<\/p>\n<ul>\n<li>Longueur du filetage : 1,6\u00a0cm<\/li>\n<li>\u00d8 des trous\u00a0: 2,6\u00a0cm<\/li>\n<li>Raccordement\u00a0: 2\u00a0connecteurs plats (protection contre les inversions de polarit\u00e9,\u00a0+ ou\u00a0\u2013)<\/li>\n<li>Thermostat int\u00e9gr\u00e9<\/li>\n<li>Protection contre le fonctionnement \u00e0 vide et la surchauffe<\/li>\n<\/ul>\n","protected":false},"excerpt":{"rendered":"<p>Cartouche chauffante haut de gamme \u00e9lectrique tr\u00e8s fiable et prot\u00e9g\u00e9e contre le gel, qualit\u00e9 inoxydable, en inox sp\u00e9cial avec \u00e9crou en laiton et joint, protection contre le fonctionnement \u00e0 vide et la surchauffe. Prot\u00e8ge un volume d&rsquo;eau de plus de 40\u00a0litres contre le gel dans le cas de temp\u00e9ratures ext\u00e9rieures jusqu&rsquo;\u00e0 -25\u00a0\u00b0C. Montage simple dans [&hellip;]<\/p>\n","protected":false},"featured_media":35927,"template":"","meta":{"_acf_changed":false},"product_featured_cat":[],"product_brand":[3108],"product_cat":[4607],"product_tag":[],"class_list":{"0":"post-35929","1":"product","2":"type-product","3":"status-publish","4":"has-post-thumbnail","6":"product_brand-lilie","7":"product_cat-protection-antigel-des-chauffages-de-reservoir","9":"first","10":"instock","11":"taxable","12":"shipping-taxable","13":"purchasable","14":"product-type-simple"},"acf":[],"yoast_head":"<!-- This site is optimized with the Yoast SEO plugin v27.4 - https:\/\/yoast.com\/product\/yoast-seo-wordpress\/ -->\n<title>R\u00e9sistance chauffante haute performance D\u00e9tecteur de gel 12\u00a0V - Bantam Wankm\u00fcller SA<\/title>\n<meta name=\"robots\" content=\"index, follow, max-snippet:-1, max-image-preview:large, max-video-preview:-1\" \/>\n<link rel=\"canonical\" href=\"https:\/\/shop.bantam.ch\/fr\/produit\/detecteur-de-gel-12-v\/\" \/>\n<meta property=\"og:locale\" content=\"fr_FR\" \/>\n<meta property=\"og:type\" content=\"article\" \/>\n<meta property=\"og:title\" content=\"R\u00e9sistance chauffante haute performance D\u00e9tecteur de gel 12\u00a0V - Bantam Wankm\u00fcller SA\" \/>\n<meta property=\"og:description\" content=\"Cartouche chauffante haut de gamme \u00e9lectrique tr\u00e8s fiable et prot\u00e9g\u00e9e contre le gel, qualit\u00e9 inoxydable, en inox sp\u00e9cial avec \u00e9crou en laiton et joint, protection contre le fonctionnement \u00e0 vide et la surchauffe. Prot\u00e8ge un volume d&rsquo;eau de plus de 40\u00a0litres contre le gel dans le cas de temp\u00e9ratures ext\u00e9rieures jusqu&rsquo;\u00e0 -25\u00a0\u00b0C. Montage simple dans [&hellip;]\" \/>\n<meta property=\"og:url\" content=\"https:\/\/shop.bantam.ch\/fr\/produit\/detecteur-de-gel-12-v\/\" \/>\n<meta property=\"og:site_name\" content=\"Bantam Wankm\u00fcller SA\" \/>\n<meta property=\"article:modified_time\" content=\"2026-04-18T18:45:45+00:00\" \/>\n<meta property=\"og:image\" content=\"https:\/\/shop.bantam.ch\/wp-content\/uploads\/2023\/02\/9971170-100-1-3-1.jpg\" \/>\n\t<meta property=\"og:image:width\" content=\"1608\" \/>\n\t<meta property=\"og:image:height\" content=\"1021\" \/>\n\t<meta property=\"og:image:type\" content=\"image\/jpeg\" \/>\n<meta name=\"twitter:card\" content=\"summary_large_image\" \/>\n<meta name=\"twitter:label1\" content=\"Dur\u00e9e de lecture estim\u00e9e\" \/>\n\t<meta name=\"twitter:data1\" content=\"1 minute\" \/>\n<script type=\"application\/ld+json\" class=\"yoast-schema-graph\">{\"@context\":\"https:\\\/\\\/schema.org\",\"@graph\":[{\"@type\":\"WebPage\",\"@id\":\"https:\\\/\\\/shop.bantam.ch\\\/fr\\\/produit\\\/detecteur-de-gel-12-v\\\/\",\"url\":\"https:\\\/\\\/shop.bantam.ch\\\/fr\\\/produit\\\/detecteur-de-gel-12-v\\\/\",\"name\":\"R\u00e9sistance chauffante haute performance D\u00e9tecteur de gel 12\u00a0V - Bantam Wankm\u00fcller SA\",\"isPartOf\":{\"@id\":\"https:\\\/\\\/shop.bantam.ch\\\/fr\\\/#website\"},\"primaryImageOfPage\":{\"@id\":\"https:\\\/\\\/shop.bantam.ch\\\/fr\\\/produit\\\/detecteur-de-gel-12-v\\\/#primaryimage\"},\"image\":{\"@id\":\"https:\\\/\\\/shop.bantam.ch\\\/fr\\\/produit\\\/detecteur-de-gel-12-v\\\/#primaryimage\"},\"thumbnailUrl\":\"https:\\\/\\\/shop.bantam.ch\\\/wp-content\\\/uploads\\\/2023\\\/02\\\/9971170-100-1-3-1.jpg\",\"datePublished\":\"2023-02-22T18:28:39+00:00\",\"dateModified\":\"2026-04-18T18:45:45+00:00\",\"breadcrumb\":{\"@id\":\"https:\\\/\\\/shop.bantam.ch\\\/fr\\\/produit\\\/detecteur-de-gel-12-v\\\/#breadcrumb\"},\"inLanguage\":\"fr-FR\",\"potentialAction\":[{\"@type\":\"ReadAction\",\"target\":[\"https:\\\/\\\/shop.bantam.ch\\\/fr\\\/produit\\\/detecteur-de-gel-12-v\\\/\"]}]},{\"@type\":\"ImageObject\",\"inLanguage\":\"fr-FR\",\"@id\":\"https:\\\/\\\/shop.bantam.ch\\\/fr\\\/produit\\\/detecteur-de-gel-12-v\\\/#primaryimage\",\"url\":\"https:\\\/\\\/shop.bantam.ch\\\/wp-content\\\/uploads\\\/2023\\\/02\\\/9971170-100-1-3-1.jpg\",\"contentUrl\":\"https:\\\/\\\/shop.bantam.ch\\\/wp-content\\\/uploads\\\/2023\\\/02\\\/9971170-100-1-3-1.jpg\",\"width\":1608,\"height\":1021},{\"@type\":\"BreadcrumbList\",\"@id\":\"https:\\\/\\\/shop.bantam.ch\\\/fr\\\/produit\\\/detecteur-de-gel-12-v\\\/#breadcrumb\",\"itemListElement\":[{\"@type\":\"ListItem\",\"position\":1,\"name\":\"Accueil\",\"item\":\"https:\\\/\\\/shop.bantam.ch\\\/fr\\\/\"},{\"@type\":\"ListItem\",\"position\":2,\"name\":\"Boutique\",\"item\":\"https:\\\/\\\/shop.bantam.ch\\\/fr\\\/boutique\\\/\"},{\"@type\":\"ListItem\",\"position\":3,\"name\":\"R\u00e9sistance chauffante haute performance D\u00e9tecteur de gel 12\u00a0V\"}]},{\"@type\":\"WebSite\",\"@id\":\"https:\\\/\\\/shop.bantam.ch\\\/fr\\\/#website\",\"url\":\"https:\\\/\\\/shop.bantam.ch\\\/fr\\\/\",\"name\":\"Bantam Wankm\u00fcller SA\",\"description\":\"\",\"publisher\":{\"@id\":\"https:\\\/\\\/shop.bantam.ch\\\/fr\\\/#organization\"},\"inLanguage\":\"fr-FR\"},{\"@type\":\"Organization\",\"@id\":\"https:\\\/\\\/shop.bantam.ch\\\/fr\\\/#organization\",\"name\":\"Bantam Wankm\u00fcller SA\",\"url\":\"https:\\\/\\\/shop.bantam.ch\\\/fr\\\/\",\"logo\":{\"@type\":\"ImageObject\",\"inLanguage\":\"fr-FR\",\"@id\":\"https:\\\/\\\/shop.bantam.ch\\\/fr\\\/#\\\/schema\\\/logo\\\/image\\\/\",\"url\":\"https:\\\/\\\/shop.bantam.ch\\\/wp-content\\\/uploads\\\/2022\\\/12\\\/bantam-logo.png\",\"contentUrl\":\"https:\\\/\\\/shop.bantam.ch\\\/wp-content\\\/uploads\\\/2022\\\/12\\\/bantam-logo.png\",\"width\":320,\"height\":71,\"caption\":\"Bantam Wankm\u00fcller SA\"},\"image\":{\"@id\":\"https:\\\/\\\/shop.bantam.ch\\\/fr\\\/#\\\/schema\\\/logo\\\/image\\\/\"}}]}<\/script>\n<!-- \/ Yoast SEO plugin. -->","yoast_head_json":{"title":"R\u00e9sistance chauffante haute performance D\u00e9tecteur de gel 12\u00a0V - Bantam Wankm\u00fcller SA","robots":{"index":"index","follow":"follow","max-snippet":"max-snippet:-1","max-image-preview":"max-image-preview:large","max-video-preview":"max-video-preview:-1"},"canonical":"https:\/\/shop.bantam.ch\/fr\/produit\/detecteur-de-gel-12-v\/","og_locale":"fr_FR","og_type":"article","og_title":"R\u00e9sistance chauffante haute performance D\u00e9tecteur de gel 12\u00a0V - Bantam Wankm\u00fcller SA","og_description":"Cartouche chauffante haut de gamme \u00e9lectrique tr\u00e8s fiable et prot\u00e9g\u00e9e contre le gel, qualit\u00e9 inoxydable, en inox sp\u00e9cial avec \u00e9crou en laiton et joint, protection contre le fonctionnement \u00e0 vide et la surchauffe. Prot\u00e8ge un volume d&rsquo;eau de plus de 40\u00a0litres contre le gel dans le cas de temp\u00e9ratures ext\u00e9rieures jusqu&rsquo;\u00e0 -25\u00a0\u00b0C. Montage simple dans [&hellip;]","og_url":"https:\/\/shop.bantam.ch\/fr\/produit\/detecteur-de-gel-12-v\/","og_site_name":"Bantam Wankm\u00fcller SA","article_modified_time":"2026-04-18T18:45:45+00:00","og_image":[{"width":1608,"height":1021,"url":"https:\/\/shop.bantam.ch\/wp-content\/uploads\/2023\/02\/9971170-100-1-3-1.jpg","type":"image\/jpeg"}],"twitter_card":"summary_large_image","twitter_misc":{"Dur\u00e9e de lecture estim\u00e9e":"1 minute"},"schema":{"@context":"https:\/\/schema.org","@graph":[{"@type":"WebPage","@id":"https:\/\/shop.bantam.ch\/fr\/produit\/detecteur-de-gel-12-v\/","url":"https:\/\/shop.bantam.ch\/fr\/produit\/detecteur-de-gel-12-v\/","name":"R\u00e9sistance chauffante haute performance D\u00e9tecteur de gel 12\u00a0V - Bantam Wankm\u00fcller SA","isPartOf":{"@id":"https:\/\/shop.bantam.ch\/fr\/#website"},"primaryImageOfPage":{"@id":"https:\/\/shop.bantam.ch\/fr\/produit\/detecteur-de-gel-12-v\/#primaryimage"},"image":{"@id":"https:\/\/shop.bantam.ch\/fr\/produit\/detecteur-de-gel-12-v\/#primaryimage"},"thumbnailUrl":"https:\/\/shop.bantam.ch\/wp-content\/uploads\/2023\/02\/9971170-100-1-3-1.jpg","datePublished":"2023-02-22T18:28:39+00:00","dateModified":"2026-04-18T18:45:45+00:00","breadcrumb":{"@id":"https:\/\/shop.bantam.ch\/fr\/produit\/detecteur-de-gel-12-v\/#breadcrumb"},"inLanguage":"fr-FR","potentialAction":[{"@type":"ReadAction","target":["https:\/\/shop.bantam.ch\/fr\/produit\/detecteur-de-gel-12-v\/"]}]},{"@type":"ImageObject","inLanguage":"fr-FR","@id":"https:\/\/shop.bantam.ch\/fr\/produit\/detecteur-de-gel-12-v\/#primaryimage","url":"https:\/\/shop.bantam.ch\/wp-content\/uploads\/2023\/02\/9971170-100-1-3-1.jpg","contentUrl":"https:\/\/shop.bantam.ch\/wp-content\/uploads\/2023\/02\/9971170-100-1-3-1.jpg","width":1608,"height":1021},{"@type":"BreadcrumbList","@id":"https:\/\/shop.bantam.ch\/fr\/produit\/detecteur-de-gel-12-v\/#breadcrumb","itemListElement":[{"@type":"ListItem","position":1,"name":"Accueil","item":"https:\/\/shop.bantam.ch\/fr\/"},{"@type":"ListItem","position":2,"name":"Boutique","item":"https:\/\/shop.bantam.ch\/fr\/boutique\/"},{"@type":"ListItem","position":3,"name":"R\u00e9sistance chauffante haute performance D\u00e9tecteur de gel 12\u00a0V"}]},{"@type":"WebSite","@id":"https:\/\/shop.bantam.ch\/fr\/#website","url":"https:\/\/shop.bantam.ch\/fr\/","name":"Bantam Wankm\u00fcller SA","description":"","publisher":{"@id":"https:\/\/shop.bantam.ch\/fr\/#organization"},"inLanguage":"fr-FR"},{"@type":"Organization","@id":"https:\/\/shop.bantam.ch\/fr\/#organization","name":"Bantam Wankm\u00fcller SA","url":"https:\/\/shop.bantam.ch\/fr\/","logo":{"@type":"ImageObject","inLanguage":"fr-FR","@id":"https:\/\/shop.bantam.ch\/fr\/#\/schema\/logo\/image\/","url":"https:\/\/shop.bantam.ch\/wp-content\/uploads\/2022\/12\/bantam-logo.png","contentUrl":"https:\/\/shop.bantam.ch\/wp-content\/uploads\/2022\/12\/bantam-logo.png","width":320,"height":71,"caption":"Bantam Wankm\u00fcller SA"},"image":{"@id":"https:\/\/shop.bantam.ch\/fr\/#\/schema\/logo\/image\/"}}]}},"_links":{"self":[{"href":"https:\/\/shop.bantam.ch\/fr\/wp-json\/wp\/v2\/product\/35929","targetHints":{"allow":["GET"]}}],"collection":[{"href":"https:\/\/shop.bantam.ch\/fr\/wp-json\/wp\/v2\/product"}],"about":[{"href":"https:\/\/shop.bantam.ch\/fr\/wp-json\/wp\/v2\/types\/product"}],"wp:featuredmedia":[{"embeddable":true,"href":"https:\/\/shop.bantam.ch\/fr\/wp-json\/wp\/v2\/media\/35927"}],"wp:attachment":[{"href":"https:\/\/shop.bantam.ch\/fr\/wp-json\/wp\/v2\/media?parent=35929"}],"wp:term":[{"taxonomy":"product_featured_cat","embeddable":true,"href":"https:\/\/shop.bantam.ch\/fr\/wp-json\/wp\/v2\/product_featured_cat?post=35929"},{"taxonomy":"product_brand","embeddable":true,"href":"https:\/\/shop.bantam.ch\/fr\/wp-json\/wp\/v2\/product_brand?post=35929"},{"taxonomy":"product_cat","embeddable":true,"href":"https:\/\/shop.bantam.ch\/fr\/wp-json\/wp\/v2\/product_cat?post=35929"},{"taxonomy":"product_tag","embeddable":true,"href":"https:\/\/shop.bantam.ch\/fr\/wp-json\/wp\/v2\/product_tag?post=35929"}],"curies":[{"name":"wp","href":"https:\/\/api.w.org\/{rel}","templated":true}]}}