{"id":35821,"date":"2023-02-22T19:26:28","date_gmt":"2023-02-22T18:26:28","guid":{"rendered":"http:\/\/preprod-dev.sh1.hidora.com\/webshop\/produit\/reservoir-deaux-usees-sur-roulettes-25-l\/"},"modified":"2026-04-27T20:44:46","modified_gmt":"2026-04-27T18:44:46","slug":"reservoir-deaux-usees-sur-roulettes-25-l","status":"publish","type":"product","link":"https:\/\/shop.bantam.ch\/fr\/produit\/reservoir-deaux-usees-sur-roulettes-25-l\/","title":{"rendered":"Bidon d\u2019eaux us\u00e9es Taxi 25 ., gris clair 335 x 240 x 500 mm Fermeture\u00a0DIN 96"},"content":{"rendered":"<p>R\u00e9servoir sur roulettes avec poign\u00e9e t\u00e9lescopique, bouchon DIN\u00a096, orifice de remplissage avec filetage externe \u00be\u00a0\u00bb et bouchon \u00be\u00a0\u00bb. Le bouchon DIN\u00a096 pour les eaux us\u00e9es avec un tuyau flexible de 100\u00a0cm de long, diam\u00e8tre int\u00e9rieur de 28\u00a0mm est aussi inclus.<\/p>\n","protected":false},"excerpt":{"rendered":"<p>R\u00e9servoir sur roulettes avec poign\u00e9e t\u00e9lescopique, bouchon DIN\u00a096, orifice de remplissage avec filetage externe \u00be\u00a0\u00bb et bouchon \u00be\u00a0\u00bb. Le bouchon DIN\u00a096 pour les eaux us\u00e9es avec un tuyau flexible de 100\u00a0cm de long, diam\u00e8tre int\u00e9rieur de 28\u00a0mm est aussi inclus.<\/p>\n","protected":false},"featured_media":35817,"template":"","meta":{"_acf_changed":false},"product_featured_cat":[],"product_brand":[3110],"product_cat":[4121],"product_tag":[],"class_list":{"0":"post-35821","1":"product","2":"type-product","3":"status-publish","4":"has-post-thumbnail","6":"product_brand-comet","7":"product_cat-reservoirs-deau","9":"first","10":"instock","11":"taxable","12":"shipping-taxable","13":"purchasable","14":"product-type-simple"},"acf":[],"yoast_head":"<!-- This site is optimized with the Yoast SEO plugin v27.4 - https:\/\/yoast.com\/product\/yoast-seo-wordpress\/ -->\n<title>Bidon d\u2019eaux us\u00e9es Taxi 25 ., gris clair 335 x 240 x 500 mm Fermeture\u00a0DIN 96 - Bantam<\/title>\n<meta name=\"robots\" content=\"index, follow, max-snippet:-1, max-image-preview:large, max-video-preview:-1\" \/>\n<link rel=\"canonical\" href=\"https:\/\/shop.bantam.ch\/fr\/produit\/reservoir-deaux-usees-sur-roulettes-25-l\/\" \/>\n<meta property=\"og:locale\" content=\"fr_FR\" \/>\n<meta property=\"og:type\" content=\"article\" \/>\n<meta property=\"og:title\" content=\"Bidon d\u2019eaux us\u00e9es Taxi 25 ., gris clair 335 x 240 x 500 mm Fermeture\u00a0DIN 96 - Bantam\" \/>\n<meta property=\"og:description\" content=\"R\u00e9servoir sur roulettes avec poign\u00e9e t\u00e9lescopique, bouchon DIN\u00a096, orifice de remplissage avec filetage externe \u00be\u00a0\u00bb et bouchon \u00be\u00a0\u00bb. Le bouchon DIN\u00a096 pour les eaux us\u00e9es avec un tuyau flexible de 100\u00a0cm de long, diam\u00e8tre int\u00e9rieur de 28\u00a0mm est aussi inclus.\" \/>\n<meta property=\"og:url\" content=\"https:\/\/shop.bantam.ch\/fr\/produit\/reservoir-deaux-usees-sur-roulettes-25-l\/\" \/>\n<meta property=\"og:site_name\" content=\"Bantam\" \/>\n<meta property=\"article:modified_time\" content=\"2026-04-27T18:44:46+00:00\" \/>\n<meta property=\"og:image\" content=\"https:\/\/shop.bantam.ch\/wp-content\/uploads\/2023\/02\/9977516-Wassertaxi_Abwasser-Standard-01-1.jpg\" \/>\n\t<meta property=\"og:image:width\" content=\"1000\" \/>\n\t<meta property=\"og:image:height\" content=\"962\" \/>\n\t<meta property=\"og:image:type\" content=\"image\/jpeg\" \/>\n<meta name=\"twitter:card\" content=\"summary_large_image\" \/>\n<script type=\"application\/ld+json\" class=\"yoast-schema-graph\">{\"@context\":\"https:\\\/\\\/schema.org\",\"@graph\":[{\"@type\":\"WebPage\",\"@id\":\"https:\\\/\\\/shop.bantam.ch\\\/fr\\\/produit\\\/reservoir-deaux-usees-sur-roulettes-25-l\\\/\",\"url\":\"https:\\\/\\\/shop.bantam.ch\\\/fr\\\/produit\\\/reservoir-deaux-usees-sur-roulettes-25-l\\\/\",\"name\":\"Bidon d\u2019eaux us\u00e9es Taxi 25 ., gris clair 335 x 240 x 500 mm Fermeture\u00a0DIN 96 - Bantam\",\"isPartOf\":{\"@id\":\"https:\\\/\\\/shop.bantam.ch\\\/fr\\\/#website\"},\"primaryImageOfPage\":{\"@id\":\"https:\\\/\\\/shop.bantam.ch\\\/fr\\\/produit\\\/reservoir-deaux-usees-sur-roulettes-25-l\\\/#primaryimage\"},\"image\":{\"@id\":\"https:\\\/\\\/shop.bantam.ch\\\/fr\\\/produit\\\/reservoir-deaux-usees-sur-roulettes-25-l\\\/#primaryimage\"},\"thumbnailUrl\":\"https:\\\/\\\/shop.bantam.ch\\\/wp-content\\\/uploads\\\/2023\\\/02\\\/9977516-Wassertaxi_Abwasser-Standard-01-1.jpg\",\"datePublished\":\"2023-02-22T18:26:28+00:00\",\"dateModified\":\"2026-04-27T18:44:46+00:00\",\"breadcrumb\":{\"@id\":\"https:\\\/\\\/shop.bantam.ch\\\/fr\\\/produit\\\/reservoir-deaux-usees-sur-roulettes-25-l\\\/#breadcrumb\"},\"inLanguage\":\"fr-FR\",\"potentialAction\":[{\"@type\":\"ReadAction\",\"target\":[\"https:\\\/\\\/shop.bantam.ch\\\/fr\\\/produit\\\/reservoir-deaux-usees-sur-roulettes-25-l\\\/\"]}]},{\"@type\":\"ImageObject\",\"inLanguage\":\"fr-FR\",\"@id\":\"https:\\\/\\\/shop.bantam.ch\\\/fr\\\/produit\\\/reservoir-deaux-usees-sur-roulettes-25-l\\\/#primaryimage\",\"url\":\"https:\\\/\\\/shop.bantam.ch\\\/wp-content\\\/uploads\\\/2023\\\/02\\\/9977516-Wassertaxi_Abwasser-Standard-01-1.jpg\",\"contentUrl\":\"https:\\\/\\\/shop.bantam.ch\\\/wp-content\\\/uploads\\\/2023\\\/02\\\/9977516-Wassertaxi_Abwasser-Standard-01-1.jpg\",\"width\":1000,\"height\":962},{\"@type\":\"BreadcrumbList\",\"@id\":\"https:\\\/\\\/shop.bantam.ch\\\/fr\\\/produit\\\/reservoir-deaux-usees-sur-roulettes-25-l\\\/#breadcrumb\",\"itemListElement\":[{\"@type\":\"ListItem\",\"position\":1,\"name\":\"Accueil\",\"item\":\"https:\\\/\\\/shop.bantam.ch\\\/fr\\\/\"},{\"@type\":\"ListItem\",\"position\":2,\"name\":\"Boutique\",\"item\":\"https:\\\/\\\/shop.bantam.ch\\\/fr\\\/boutique\\\/\"},{\"@type\":\"ListItem\",\"position\":3,\"name\":\"Bidon d\u2019eaux us\u00e9es Taxi 25 ., gris clair 335 x 240 x 500 mm Fermeture\u00a0DIN 96\"}]},{\"@type\":\"WebSite\",\"@id\":\"https:\\\/\\\/shop.bantam.ch\\\/fr\\\/#website\",\"url\":\"https:\\\/\\\/shop.bantam.ch\\\/fr\\\/\",\"name\":\"Bantam\",\"description\":\"\",\"publisher\":{\"@id\":\"https:\\\/\\\/shop.bantam.ch\\\/fr\\\/#organization\"},\"inLanguage\":\"fr-FR\"},{\"@type\":\"Organization\",\"@id\":\"https:\\\/\\\/shop.bantam.ch\\\/fr\\\/#organization\",\"name\":\"Bantam\",\"url\":\"https:\\\/\\\/shop.bantam.ch\\\/fr\\\/\",\"logo\":{\"@type\":\"ImageObject\",\"inLanguage\":\"fr-FR\",\"@id\":\"https:\\\/\\\/shop.bantam.ch\\\/fr\\\/#\\\/schema\\\/logo\\\/image\\\/\",\"url\":\"https:\\\/\\\/shop.bantam.ch\\\/wp-content\\\/uploads\\\/2022\\\/12\\\/bantam-logo.png\",\"contentUrl\":\"https:\\\/\\\/shop.bantam.ch\\\/wp-content\\\/uploads\\\/2022\\\/12\\\/bantam-logo.png\",\"width\":320,\"height\":71,\"caption\":\"Bantam\"},\"image\":{\"@id\":\"https:\\\/\\\/shop.bantam.ch\\\/fr\\\/#\\\/schema\\\/logo\\\/image\\\/\"}}]}<\/script>\n<!-- \/ Yoast SEO plugin. -->","yoast_head_json":{"title":"Bidon d\u2019eaux us\u00e9es Taxi 25 ., gris clair 335 x 240 x 500 mm Fermeture\u00a0DIN 96 - Bantam","robots":{"index":"index","follow":"follow","max-snippet":"max-snippet:-1","max-image-preview":"max-image-preview:large","max-video-preview":"max-video-preview:-1"},"canonical":"https:\/\/shop.bantam.ch\/fr\/produit\/reservoir-deaux-usees-sur-roulettes-25-l\/","og_locale":"fr_FR","og_type":"article","og_title":"Bidon d\u2019eaux us\u00e9es Taxi 25 ., gris clair 335 x 240 x 500 mm Fermeture\u00a0DIN 96 - Bantam","og_description":"R\u00e9servoir sur roulettes avec poign\u00e9e t\u00e9lescopique, bouchon DIN\u00a096, orifice de remplissage avec filetage externe \u00be\u00a0\u00bb et bouchon \u00be\u00a0\u00bb. Le bouchon DIN\u00a096 pour les eaux us\u00e9es avec un tuyau flexible de 100\u00a0cm de long, diam\u00e8tre int\u00e9rieur de 28\u00a0mm est aussi inclus.","og_url":"https:\/\/shop.bantam.ch\/fr\/produit\/reservoir-deaux-usees-sur-roulettes-25-l\/","og_site_name":"Bantam","article_modified_time":"2026-04-27T18:44:46+00:00","og_image":[{"width":1000,"height":962,"url":"https:\/\/shop.bantam.ch\/wp-content\/uploads\/2023\/02\/9977516-Wassertaxi_Abwasser-Standard-01-1.jpg","type":"image\/jpeg"}],"twitter_card":"summary_large_image","schema":{"@context":"https:\/\/schema.org","@graph":[{"@type":"WebPage","@id":"https:\/\/shop.bantam.ch\/fr\/produit\/reservoir-deaux-usees-sur-roulettes-25-l\/","url":"https:\/\/shop.bantam.ch\/fr\/produit\/reservoir-deaux-usees-sur-roulettes-25-l\/","name":"Bidon d\u2019eaux us\u00e9es Taxi 25 ., gris clair 335 x 240 x 500 mm Fermeture\u00a0DIN 96 - Bantam","isPartOf":{"@id":"https:\/\/shop.bantam.ch\/fr\/#website"},"primaryImageOfPage":{"@id":"https:\/\/shop.bantam.ch\/fr\/produit\/reservoir-deaux-usees-sur-roulettes-25-l\/#primaryimage"},"image":{"@id":"https:\/\/shop.bantam.ch\/fr\/produit\/reservoir-deaux-usees-sur-roulettes-25-l\/#primaryimage"},"thumbnailUrl":"https:\/\/shop.bantam.ch\/wp-content\/uploads\/2023\/02\/9977516-Wassertaxi_Abwasser-Standard-01-1.jpg","datePublished":"2023-02-22T18:26:28+00:00","dateModified":"2026-04-27T18:44:46+00:00","breadcrumb":{"@id":"https:\/\/shop.bantam.ch\/fr\/produit\/reservoir-deaux-usees-sur-roulettes-25-l\/#breadcrumb"},"inLanguage":"fr-FR","potentialAction":[{"@type":"ReadAction","target":["https:\/\/shop.bantam.ch\/fr\/produit\/reservoir-deaux-usees-sur-roulettes-25-l\/"]}]},{"@type":"ImageObject","inLanguage":"fr-FR","@id":"https:\/\/shop.bantam.ch\/fr\/produit\/reservoir-deaux-usees-sur-roulettes-25-l\/#primaryimage","url":"https:\/\/shop.bantam.ch\/wp-content\/uploads\/2023\/02\/9977516-Wassertaxi_Abwasser-Standard-01-1.jpg","contentUrl":"https:\/\/shop.bantam.ch\/wp-content\/uploads\/2023\/02\/9977516-Wassertaxi_Abwasser-Standard-01-1.jpg","width":1000,"height":962},{"@type":"BreadcrumbList","@id":"https:\/\/shop.bantam.ch\/fr\/produit\/reservoir-deaux-usees-sur-roulettes-25-l\/#breadcrumb","itemListElement":[{"@type":"ListItem","position":1,"name":"Accueil","item":"https:\/\/shop.bantam.ch\/fr\/"},{"@type":"ListItem","position":2,"name":"Boutique","item":"https:\/\/shop.bantam.ch\/fr\/boutique\/"},{"@type":"ListItem","position":3,"name":"Bidon d\u2019eaux us\u00e9es Taxi 25 ., gris clair 335 x 240 x 500 mm Fermeture\u00a0DIN 96"}]},{"@type":"WebSite","@id":"https:\/\/shop.bantam.ch\/fr\/#website","url":"https:\/\/shop.bantam.ch\/fr\/","name":"Bantam","description":"","publisher":{"@id":"https:\/\/shop.bantam.ch\/fr\/#organization"},"inLanguage":"fr-FR"},{"@type":"Organization","@id":"https:\/\/shop.bantam.ch\/fr\/#organization","name":"Bantam","url":"https:\/\/shop.bantam.ch\/fr\/","logo":{"@type":"ImageObject","inLanguage":"fr-FR","@id":"https:\/\/shop.bantam.ch\/fr\/#\/schema\/logo\/image\/","url":"https:\/\/shop.bantam.ch\/wp-content\/uploads\/2022\/12\/bantam-logo.png","contentUrl":"https:\/\/shop.bantam.ch\/wp-content\/uploads\/2022\/12\/bantam-logo.png","width":320,"height":71,"caption":"Bantam"},"image":{"@id":"https:\/\/shop.bantam.ch\/fr\/#\/schema\/logo\/image\/"}}]}},"_links":{"self":[{"href":"https:\/\/shop.bantam.ch\/fr\/wp-json\/wp\/v2\/product\/35821","targetHints":{"allow":["GET"]}}],"collection":[{"href":"https:\/\/shop.bantam.ch\/fr\/wp-json\/wp\/v2\/product"}],"about":[{"href":"https:\/\/shop.bantam.ch\/fr\/wp-json\/wp\/v2\/types\/product"}],"wp:featuredmedia":[{"embeddable":true,"href":"https:\/\/shop.bantam.ch\/fr\/wp-json\/wp\/v2\/media\/35817"}],"wp:attachment":[{"href":"https:\/\/shop.bantam.ch\/fr\/wp-json\/wp\/v2\/media?parent=35821"}],"wp:term":[{"taxonomy":"product_featured_cat","embeddable":true,"href":"https:\/\/shop.bantam.ch\/fr\/wp-json\/wp\/v2\/product_featured_cat?post=35821"},{"taxonomy":"product_brand","embeddable":true,"href":"https:\/\/shop.bantam.ch\/fr\/wp-json\/wp\/v2\/product_brand?post=35821"},{"taxonomy":"product_cat","embeddable":true,"href":"https:\/\/shop.bantam.ch\/fr\/wp-json\/wp\/v2\/product_cat?post=35821"},{"taxonomy":"product_tag","embeddable":true,"href":"https:\/\/shop.bantam.ch\/fr\/wp-json\/wp\/v2\/product_tag?post=35821"}],"curies":[{"name":"wp","href":"https:\/\/api.w.org\/{rel}","templated":true}]}}