{"id":35799,"date":"2023-02-22T19:26:04","date_gmt":"2023-02-22T18:26:04","guid":{"rendered":"http:\/\/preprod-dev.sh1.hidora.com\/webshop\/produit\/bidon-combi-5-l-sans-robinet-de-vidange\/"},"modified":"2026-04-19T20:45:17","modified_gmt":"2026-04-19T18:45:17","slug":"bidon-combi-5-l-sans-robinet-de-vidange","status":"publish","type":"product","link":"https:\/\/shop.bantam.ch\/fr\/produit\/bidon-combi-5-l-sans-robinet-de-vidange\/","title":{"rendered":"Bidon combi 5 l, 330 x 150 x 251 mm couleur transparent \/ nature sans robinet de vidange"},"content":{"rendered":"<p>Bidon Combi robuste et r\u00e9sistant avec bec verseur flexible qui convient pour l\u2019eau potable et les aliments liquides. Le cache de protection fourni \u00e9vite les pertes et le bec verseur est rang\u00e9 dans le bidon. Vu sa grande taille, le bidon est extr\u00eamement stable.<\/p>\n","protected":false},"excerpt":{"rendered":"<p>Bidon Combi robuste et r\u00e9sistant avec bec verseur flexible qui convient pour l\u2019eau potable et les aliments liquides. Le cache de protection fourni \u00e9vite les pertes et le bec verseur est rang\u00e9 dans le bidon. Vu sa grande taille, le bidon est extr\u00eamement stable.<\/p>\n","protected":false},"featured_media":35797,"template":"","meta":{"_acf_changed":false},"product_featured_cat":[],"product_brand":[3110],"product_cat":[4115],"product_tag":[],"class_list":{"0":"post-35799","1":"product","2":"type-product","3":"status-publish","4":"has-post-thumbnail","6":"product_brand-comet","7":"product_cat-installation-deau-douce","9":"first","10":"instock","11":"taxable","12":"shipping-taxable","13":"purchasable","14":"product-type-simple"},"acf":[],"yoast_head":"<!-- This site is optimized with the Yoast SEO plugin v27.4 - https:\/\/yoast.com\/product\/yoast-seo-wordpress\/ -->\n<title>Bidon combi 5 l, 330 x 150 x 251 mm couleur transparent \/ nature sans robinet de vidange - Bantam Wankm\u00fcller SA<\/title>\n<meta name=\"robots\" content=\"index, follow, max-snippet:-1, max-image-preview:large, max-video-preview:-1\" \/>\n<link rel=\"canonical\" href=\"https:\/\/shop.bantam.ch\/fr\/produit\/bidon-combi-5-l-sans-robinet-de-vidange\/\" \/>\n<meta property=\"og:locale\" content=\"fr_FR\" \/>\n<meta property=\"og:type\" content=\"article\" \/>\n<meta property=\"og:title\" content=\"Bidon combi 5 l, 330 x 150 x 251 mm couleur transparent \/ nature sans robinet de vidange - Bantam Wankm\u00fcller SA\" \/>\n<meta property=\"og:description\" content=\"Bidon Combi robuste et r\u00e9sistant avec bec verseur flexible qui convient pour l\u2019eau potable et les aliments liquides. Le cache de protection fourni \u00e9vite les pertes et le bec verseur est rang\u00e9 dans le bidon. Vu sa grande taille, le bidon est extr\u00eamement stable.\" \/>\n<meta property=\"og:url\" content=\"https:\/\/shop.bantam.ch\/fr\/produit\/bidon-combi-5-l-sans-robinet-de-vidange\/\" \/>\n<meta property=\"og:site_name\" content=\"Bantam Wankm\u00fcller SA\" \/>\n<meta property=\"article:modified_time\" content=\"2026-04-19T18:45:17+00:00\" \/>\n<meta property=\"og:image\" content=\"https:\/\/shop.bantam.ch\/wp-content\/uploads\/2023\/02\/9977888-Combi_Kanister_5_Liter_ohne_Ablasshahn_transparent-natur-Standard-01-1.jpg\" \/>\n\t<meta property=\"og:image:width\" content=\"719\" \/>\n\t<meta property=\"og:image:height\" content=\"1000\" \/>\n\t<meta property=\"og:image:type\" content=\"image\/jpeg\" \/>\n<meta name=\"twitter:card\" content=\"summary_large_image\" \/>\n<script type=\"application\/ld+json\" class=\"yoast-schema-graph\">{\"@context\":\"https:\\\/\\\/schema.org\",\"@graph\":[{\"@type\":\"WebPage\",\"@id\":\"https:\\\/\\\/shop.bantam.ch\\\/fr\\\/produit\\\/bidon-combi-5-l-sans-robinet-de-vidange\\\/\",\"url\":\"https:\\\/\\\/shop.bantam.ch\\\/fr\\\/produit\\\/bidon-combi-5-l-sans-robinet-de-vidange\\\/\",\"name\":\"Bidon combi 5 l, 330 x 150 x 251 mm couleur transparent \\\/ nature sans robinet de vidange - Bantam Wankm\u00fcller SA\",\"isPartOf\":{\"@id\":\"https:\\\/\\\/shop.bantam.ch\\\/fr\\\/#website\"},\"primaryImageOfPage\":{\"@id\":\"https:\\\/\\\/shop.bantam.ch\\\/fr\\\/produit\\\/bidon-combi-5-l-sans-robinet-de-vidange\\\/#primaryimage\"},\"image\":{\"@id\":\"https:\\\/\\\/shop.bantam.ch\\\/fr\\\/produit\\\/bidon-combi-5-l-sans-robinet-de-vidange\\\/#primaryimage\"},\"thumbnailUrl\":\"https:\\\/\\\/shop.bantam.ch\\\/wp-content\\\/uploads\\\/2023\\\/02\\\/9977888-Combi_Kanister_5_Liter_ohne_Ablasshahn_transparent-natur-Standard-01-1.jpg\",\"datePublished\":\"2023-02-22T18:26:04+00:00\",\"dateModified\":\"2026-04-19T18:45:17+00:00\",\"breadcrumb\":{\"@id\":\"https:\\\/\\\/shop.bantam.ch\\\/fr\\\/produit\\\/bidon-combi-5-l-sans-robinet-de-vidange\\\/#breadcrumb\"},\"inLanguage\":\"fr-FR\",\"potentialAction\":[{\"@type\":\"ReadAction\",\"target\":[\"https:\\\/\\\/shop.bantam.ch\\\/fr\\\/produit\\\/bidon-combi-5-l-sans-robinet-de-vidange\\\/\"]}]},{\"@type\":\"ImageObject\",\"inLanguage\":\"fr-FR\",\"@id\":\"https:\\\/\\\/shop.bantam.ch\\\/fr\\\/produit\\\/bidon-combi-5-l-sans-robinet-de-vidange\\\/#primaryimage\",\"url\":\"https:\\\/\\\/shop.bantam.ch\\\/wp-content\\\/uploads\\\/2023\\\/02\\\/9977888-Combi_Kanister_5_Liter_ohne_Ablasshahn_transparent-natur-Standard-01-1.jpg\",\"contentUrl\":\"https:\\\/\\\/shop.bantam.ch\\\/wp-content\\\/uploads\\\/2023\\\/02\\\/9977888-Combi_Kanister_5_Liter_ohne_Ablasshahn_transparent-natur-Standard-01-1.jpg\",\"width\":719,\"height\":1000},{\"@type\":\"BreadcrumbList\",\"@id\":\"https:\\\/\\\/shop.bantam.ch\\\/fr\\\/produit\\\/bidon-combi-5-l-sans-robinet-de-vidange\\\/#breadcrumb\",\"itemListElement\":[{\"@type\":\"ListItem\",\"position\":1,\"name\":\"Accueil\",\"item\":\"https:\\\/\\\/shop.bantam.ch\\\/fr\\\/\"},{\"@type\":\"ListItem\",\"position\":2,\"name\":\"Boutique\",\"item\":\"https:\\\/\\\/shop.bantam.ch\\\/fr\\\/boutique\\\/\"},{\"@type\":\"ListItem\",\"position\":3,\"name\":\"Bidon combi 5 l, 330 x 150 x 251 mm couleur transparent \\\/ nature sans robinet de vidange\"}]},{\"@type\":\"WebSite\",\"@id\":\"https:\\\/\\\/shop.bantam.ch\\\/fr\\\/#website\",\"url\":\"https:\\\/\\\/shop.bantam.ch\\\/fr\\\/\",\"name\":\"Bantam Wankm\u00fcller SA\",\"description\":\"\",\"publisher\":{\"@id\":\"https:\\\/\\\/shop.bantam.ch\\\/fr\\\/#organization\"},\"inLanguage\":\"fr-FR\"},{\"@type\":\"Organization\",\"@id\":\"https:\\\/\\\/shop.bantam.ch\\\/fr\\\/#organization\",\"name\":\"Bantam Wankm\u00fcller SA\",\"url\":\"https:\\\/\\\/shop.bantam.ch\\\/fr\\\/\",\"logo\":{\"@type\":\"ImageObject\",\"inLanguage\":\"fr-FR\",\"@id\":\"https:\\\/\\\/shop.bantam.ch\\\/fr\\\/#\\\/schema\\\/logo\\\/image\\\/\",\"url\":\"https:\\\/\\\/shop.bantam.ch\\\/wp-content\\\/uploads\\\/2022\\\/12\\\/bantam-logo.png\",\"contentUrl\":\"https:\\\/\\\/shop.bantam.ch\\\/wp-content\\\/uploads\\\/2022\\\/12\\\/bantam-logo.png\",\"width\":320,\"height\":71,\"caption\":\"Bantam Wankm\u00fcller SA\"},\"image\":{\"@id\":\"https:\\\/\\\/shop.bantam.ch\\\/fr\\\/#\\\/schema\\\/logo\\\/image\\\/\"}}]}<\/script>\n<!-- \/ Yoast SEO plugin. -->","yoast_head_json":{"title":"Bidon combi 5 l, 330 x 150 x 251 mm couleur transparent \/ nature sans robinet de vidange - Bantam Wankm\u00fcller SA","robots":{"index":"index","follow":"follow","max-snippet":"max-snippet:-1","max-image-preview":"max-image-preview:large","max-video-preview":"max-video-preview:-1"},"canonical":"https:\/\/shop.bantam.ch\/fr\/produit\/bidon-combi-5-l-sans-robinet-de-vidange\/","og_locale":"fr_FR","og_type":"article","og_title":"Bidon combi 5 l, 330 x 150 x 251 mm couleur transparent \/ nature sans robinet de vidange - Bantam Wankm\u00fcller SA","og_description":"Bidon Combi robuste et r\u00e9sistant avec bec verseur flexible qui convient pour l\u2019eau potable et les aliments liquides. Le cache de protection fourni \u00e9vite les pertes et le bec verseur est rang\u00e9 dans le bidon. Vu sa grande taille, le bidon est extr\u00eamement stable.","og_url":"https:\/\/shop.bantam.ch\/fr\/produit\/bidon-combi-5-l-sans-robinet-de-vidange\/","og_site_name":"Bantam Wankm\u00fcller SA","article_modified_time":"2026-04-19T18:45:17+00:00","og_image":[{"width":719,"height":1000,"url":"https:\/\/shop.bantam.ch\/wp-content\/uploads\/2023\/02\/9977888-Combi_Kanister_5_Liter_ohne_Ablasshahn_transparent-natur-Standard-01-1.jpg","type":"image\/jpeg"}],"twitter_card":"summary_large_image","schema":{"@context":"https:\/\/schema.org","@graph":[{"@type":"WebPage","@id":"https:\/\/shop.bantam.ch\/fr\/produit\/bidon-combi-5-l-sans-robinet-de-vidange\/","url":"https:\/\/shop.bantam.ch\/fr\/produit\/bidon-combi-5-l-sans-robinet-de-vidange\/","name":"Bidon combi 5 l, 330 x 150 x 251 mm couleur transparent \/ nature sans robinet de vidange - Bantam Wankm\u00fcller SA","isPartOf":{"@id":"https:\/\/shop.bantam.ch\/fr\/#website"},"primaryImageOfPage":{"@id":"https:\/\/shop.bantam.ch\/fr\/produit\/bidon-combi-5-l-sans-robinet-de-vidange\/#primaryimage"},"image":{"@id":"https:\/\/shop.bantam.ch\/fr\/produit\/bidon-combi-5-l-sans-robinet-de-vidange\/#primaryimage"},"thumbnailUrl":"https:\/\/shop.bantam.ch\/wp-content\/uploads\/2023\/02\/9977888-Combi_Kanister_5_Liter_ohne_Ablasshahn_transparent-natur-Standard-01-1.jpg","datePublished":"2023-02-22T18:26:04+00:00","dateModified":"2026-04-19T18:45:17+00:00","breadcrumb":{"@id":"https:\/\/shop.bantam.ch\/fr\/produit\/bidon-combi-5-l-sans-robinet-de-vidange\/#breadcrumb"},"inLanguage":"fr-FR","potentialAction":[{"@type":"ReadAction","target":["https:\/\/shop.bantam.ch\/fr\/produit\/bidon-combi-5-l-sans-robinet-de-vidange\/"]}]},{"@type":"ImageObject","inLanguage":"fr-FR","@id":"https:\/\/shop.bantam.ch\/fr\/produit\/bidon-combi-5-l-sans-robinet-de-vidange\/#primaryimage","url":"https:\/\/shop.bantam.ch\/wp-content\/uploads\/2023\/02\/9977888-Combi_Kanister_5_Liter_ohne_Ablasshahn_transparent-natur-Standard-01-1.jpg","contentUrl":"https:\/\/shop.bantam.ch\/wp-content\/uploads\/2023\/02\/9977888-Combi_Kanister_5_Liter_ohne_Ablasshahn_transparent-natur-Standard-01-1.jpg","width":719,"height":1000},{"@type":"BreadcrumbList","@id":"https:\/\/shop.bantam.ch\/fr\/produit\/bidon-combi-5-l-sans-robinet-de-vidange\/#breadcrumb","itemListElement":[{"@type":"ListItem","position":1,"name":"Accueil","item":"https:\/\/shop.bantam.ch\/fr\/"},{"@type":"ListItem","position":2,"name":"Boutique","item":"https:\/\/shop.bantam.ch\/fr\/boutique\/"},{"@type":"ListItem","position":3,"name":"Bidon combi 5 l, 330 x 150 x 251 mm couleur transparent \/ nature sans robinet de vidange"}]},{"@type":"WebSite","@id":"https:\/\/shop.bantam.ch\/fr\/#website","url":"https:\/\/shop.bantam.ch\/fr\/","name":"Bantam Wankm\u00fcller SA","description":"","publisher":{"@id":"https:\/\/shop.bantam.ch\/fr\/#organization"},"inLanguage":"fr-FR"},{"@type":"Organization","@id":"https:\/\/shop.bantam.ch\/fr\/#organization","name":"Bantam Wankm\u00fcller SA","url":"https:\/\/shop.bantam.ch\/fr\/","logo":{"@type":"ImageObject","inLanguage":"fr-FR","@id":"https:\/\/shop.bantam.ch\/fr\/#\/schema\/logo\/image\/","url":"https:\/\/shop.bantam.ch\/wp-content\/uploads\/2022\/12\/bantam-logo.png","contentUrl":"https:\/\/shop.bantam.ch\/wp-content\/uploads\/2022\/12\/bantam-logo.png","width":320,"height":71,"caption":"Bantam Wankm\u00fcller SA"},"image":{"@id":"https:\/\/shop.bantam.ch\/fr\/#\/schema\/logo\/image\/"}}]}},"_links":{"self":[{"href":"https:\/\/shop.bantam.ch\/fr\/wp-json\/wp\/v2\/product\/35799","targetHints":{"allow":["GET"]}}],"collection":[{"href":"https:\/\/shop.bantam.ch\/fr\/wp-json\/wp\/v2\/product"}],"about":[{"href":"https:\/\/shop.bantam.ch\/fr\/wp-json\/wp\/v2\/types\/product"}],"wp:featuredmedia":[{"embeddable":true,"href":"https:\/\/shop.bantam.ch\/fr\/wp-json\/wp\/v2\/media\/35797"}],"wp:attachment":[{"href":"https:\/\/shop.bantam.ch\/fr\/wp-json\/wp\/v2\/media?parent=35799"}],"wp:term":[{"taxonomy":"product_featured_cat","embeddable":true,"href":"https:\/\/shop.bantam.ch\/fr\/wp-json\/wp\/v2\/product_featured_cat?post=35799"},{"taxonomy":"product_brand","embeddable":true,"href":"https:\/\/shop.bantam.ch\/fr\/wp-json\/wp\/v2\/product_brand?post=35799"},{"taxonomy":"product_cat","embeddable":true,"href":"https:\/\/shop.bantam.ch\/fr\/wp-json\/wp\/v2\/product_cat?post=35799"},{"taxonomy":"product_tag","embeddable":true,"href":"https:\/\/shop.bantam.ch\/fr\/wp-json\/wp\/v2\/product_tag?post=35799"}],"curies":[{"name":"wp","href":"https:\/\/api.w.org\/{rel}","templated":true}]}}