{"id":35703,"date":"2023-02-22T19:24:07","date_gmt":"2023-02-22T18:24:07","guid":{"rendered":"http:\/\/preprod-dev.sh1.hidora.com\/webshop\/produit\/reservoir-mobile-ii-pour-eau-propre\/"},"modified":"2026-04-21T20:44:58","modified_gmt":"2026-04-21T18:44:58","slug":"reservoir-mobile-ii-pour-eau-propre","status":"publish","type":"product","link":"https:\/\/shop.bantam.ch\/fr\/produit\/reservoir-mobile-ii-pour-eau-propre\/","title":{"rendered":"R\u00e9servoir d&rsquo;eau fraiche, mobile II"},"content":{"rendered":"<p>R\u00e9servoir d\u2019eau claire polyvalent, enti\u00e8rement \u00e9quip\u00e9, avec une poign\u00e9e de pouss\u00e9e, des bouchons et des roulettes tr\u00e8s larges pour un d\u00e9placement ais\u00e9 sur sol instable. Pour la prise d\u2019eau, la pompe immerg\u00e9e de la caravane peut \u00eatre plac\u00e9e dans le r\u00e9servoir. Vous pouvez aussi utiliser la sonde du couvercle. La pompe immerg\u00e9e reste dans le v\u00e9hicule pendant le transport. Les poign\u00e9es int\u00e9gr\u00e9es garantissent un maniement tr\u00e8s simple.<\/p>\n","protected":false},"excerpt":{"rendered":"<p>R\u00e9servoir d\u2019eau claire polyvalent, enti\u00e8rement \u00e9quip\u00e9, avec une poign\u00e9e de pouss\u00e9e, des bouchons et des roulettes tr\u00e8s larges pour un d\u00e9placement ais\u00e9 sur sol instable. Pour la prise d\u2019eau, la pompe immerg\u00e9e de la caravane peut \u00eatre plac\u00e9e dans le r\u00e9servoir. Vous pouvez aussi utiliser la sonde du couvercle. La pompe immerg\u00e9e reste dans le [&hellip;]<\/p>\n","protected":false},"featured_media":35701,"template":"","meta":{"_acf_changed":false},"product_featured_cat":[],"product_brand":[3190],"product_cat":[4115],"product_tag":[],"class_list":{"0":"post-35703","1":"product","2":"type-product","3":"status-publish","4":"has-post-thumbnail","6":"product_brand-fusion","7":"product_cat-installation-deau-douce","9":"first","10":"instock","11":"taxable","12":"shipping-taxable","13":"purchasable","14":"product-type-simple"},"acf":[],"yoast_head":"<!-- This site is optimized with the Yoast SEO plugin v27.4 - https:\/\/yoast.com\/product\/yoast-seo-wordpress\/ -->\n<title>R\u00e9servoir d&#039;eau fraiche, mobile II - Bantam Wankm\u00fcller SA<\/title>\n<meta name=\"robots\" content=\"index, follow, max-snippet:-1, max-image-preview:large, max-video-preview:-1\" \/>\n<link rel=\"canonical\" href=\"https:\/\/shop.bantam.ch\/fr\/produit\/reservoir-mobile-ii-pour-eau-propre\/\" \/>\n<meta property=\"og:locale\" content=\"fr_FR\" \/>\n<meta property=\"og:type\" content=\"article\" \/>\n<meta property=\"og:title\" content=\"R\u00e9servoir d&#039;eau fraiche, mobile II - Bantam Wankm\u00fcller SA\" \/>\n<meta property=\"og:description\" content=\"R\u00e9servoir d\u2019eau claire polyvalent, enti\u00e8rement \u00e9quip\u00e9, avec une poign\u00e9e de pouss\u00e9e, des bouchons et des roulettes tr\u00e8s larges pour un d\u00e9placement ais\u00e9 sur sol instable. Pour la prise d\u2019eau, la pompe immerg\u00e9e de la caravane peut \u00eatre plac\u00e9e dans le r\u00e9servoir. Vous pouvez aussi utiliser la sonde du couvercle. La pompe immerg\u00e9e reste dans le [&hellip;]\" \/>\n<meta property=\"og:url\" content=\"https:\/\/shop.bantam.ch\/fr\/produit\/reservoir-mobile-ii-pour-eau-propre\/\" \/>\n<meta property=\"og:site_name\" content=\"Bantam Wankm\u00fcller SA\" \/>\n<meta property=\"article:modified_time\" content=\"2026-04-21T18:44:58+00:00\" \/>\n<meta property=\"og:image\" content=\"https:\/\/shop.bantam.ch\/wp-content\/uploads\/2023\/02\/9971231-Frischwasser-Mobiltank_II-Standard-01-1.jpg\" \/>\n\t<meta property=\"og:image:width\" content=\"421\" \/>\n\t<meta property=\"og:image:height\" content=\"1000\" \/>\n\t<meta property=\"og:image:type\" content=\"image\/jpeg\" \/>\n<meta name=\"twitter:card\" content=\"summary_large_image\" \/>\n<script type=\"application\/ld+json\" class=\"yoast-schema-graph\">{\"@context\":\"https:\\\/\\\/schema.org\",\"@graph\":[{\"@type\":\"WebPage\",\"@id\":\"https:\\\/\\\/shop.bantam.ch\\\/fr\\\/produit\\\/reservoir-mobile-ii-pour-eau-propre\\\/\",\"url\":\"https:\\\/\\\/shop.bantam.ch\\\/fr\\\/produit\\\/reservoir-mobile-ii-pour-eau-propre\\\/\",\"name\":\"R\u00e9servoir d'eau fraiche, mobile II - Bantam Wankm\u00fcller SA\",\"isPartOf\":{\"@id\":\"https:\\\/\\\/shop.bantam.ch\\\/fr\\\/#website\"},\"primaryImageOfPage\":{\"@id\":\"https:\\\/\\\/shop.bantam.ch\\\/fr\\\/produit\\\/reservoir-mobile-ii-pour-eau-propre\\\/#primaryimage\"},\"image\":{\"@id\":\"https:\\\/\\\/shop.bantam.ch\\\/fr\\\/produit\\\/reservoir-mobile-ii-pour-eau-propre\\\/#primaryimage\"},\"thumbnailUrl\":\"https:\\\/\\\/shop.bantam.ch\\\/wp-content\\\/uploads\\\/2023\\\/02\\\/9971231-Frischwasser-Mobiltank_II-Standard-01-1.jpg\",\"datePublished\":\"2023-02-22T18:24:07+00:00\",\"dateModified\":\"2026-04-21T18:44:58+00:00\",\"breadcrumb\":{\"@id\":\"https:\\\/\\\/shop.bantam.ch\\\/fr\\\/produit\\\/reservoir-mobile-ii-pour-eau-propre\\\/#breadcrumb\"},\"inLanguage\":\"fr-FR\",\"potentialAction\":[{\"@type\":\"ReadAction\",\"target\":[\"https:\\\/\\\/shop.bantam.ch\\\/fr\\\/produit\\\/reservoir-mobile-ii-pour-eau-propre\\\/\"]}]},{\"@type\":\"ImageObject\",\"inLanguage\":\"fr-FR\",\"@id\":\"https:\\\/\\\/shop.bantam.ch\\\/fr\\\/produit\\\/reservoir-mobile-ii-pour-eau-propre\\\/#primaryimage\",\"url\":\"https:\\\/\\\/shop.bantam.ch\\\/wp-content\\\/uploads\\\/2023\\\/02\\\/9971231-Frischwasser-Mobiltank_II-Standard-01-1.jpg\",\"contentUrl\":\"https:\\\/\\\/shop.bantam.ch\\\/wp-content\\\/uploads\\\/2023\\\/02\\\/9971231-Frischwasser-Mobiltank_II-Standard-01-1.jpg\",\"width\":421,\"height\":1000},{\"@type\":\"BreadcrumbList\",\"@id\":\"https:\\\/\\\/shop.bantam.ch\\\/fr\\\/produit\\\/reservoir-mobile-ii-pour-eau-propre\\\/#breadcrumb\",\"itemListElement\":[{\"@type\":\"ListItem\",\"position\":1,\"name\":\"Accueil\",\"item\":\"https:\\\/\\\/shop.bantam.ch\\\/fr\\\/\"},{\"@type\":\"ListItem\",\"position\":2,\"name\":\"Boutique\",\"item\":\"https:\\\/\\\/shop.bantam.ch\\\/fr\\\/boutique\\\/\"},{\"@type\":\"ListItem\",\"position\":3,\"name\":\"R\u00e9servoir d&#8217;eau fraiche, mobile II\"}]},{\"@type\":\"WebSite\",\"@id\":\"https:\\\/\\\/shop.bantam.ch\\\/fr\\\/#website\",\"url\":\"https:\\\/\\\/shop.bantam.ch\\\/fr\\\/\",\"name\":\"Bantam Wankm\u00fcller SA\",\"description\":\"\",\"publisher\":{\"@id\":\"https:\\\/\\\/shop.bantam.ch\\\/fr\\\/#organization\"},\"inLanguage\":\"fr-FR\"},{\"@type\":\"Organization\",\"@id\":\"https:\\\/\\\/shop.bantam.ch\\\/fr\\\/#organization\",\"name\":\"Bantam Wankm\u00fcller SA\",\"url\":\"https:\\\/\\\/shop.bantam.ch\\\/fr\\\/\",\"logo\":{\"@type\":\"ImageObject\",\"inLanguage\":\"fr-FR\",\"@id\":\"https:\\\/\\\/shop.bantam.ch\\\/fr\\\/#\\\/schema\\\/logo\\\/image\\\/\",\"url\":\"https:\\\/\\\/shop.bantam.ch\\\/wp-content\\\/uploads\\\/2022\\\/12\\\/bantam-logo.png\",\"contentUrl\":\"https:\\\/\\\/shop.bantam.ch\\\/wp-content\\\/uploads\\\/2022\\\/12\\\/bantam-logo.png\",\"width\":320,\"height\":71,\"caption\":\"Bantam Wankm\u00fcller SA\"},\"image\":{\"@id\":\"https:\\\/\\\/shop.bantam.ch\\\/fr\\\/#\\\/schema\\\/logo\\\/image\\\/\"}}]}<\/script>\n<!-- \/ Yoast SEO plugin. -->","yoast_head_json":{"title":"R\u00e9servoir d'eau fraiche, mobile II - Bantam Wankm\u00fcller SA","robots":{"index":"index","follow":"follow","max-snippet":"max-snippet:-1","max-image-preview":"max-image-preview:large","max-video-preview":"max-video-preview:-1"},"canonical":"https:\/\/shop.bantam.ch\/fr\/produit\/reservoir-mobile-ii-pour-eau-propre\/","og_locale":"fr_FR","og_type":"article","og_title":"R\u00e9servoir d'eau fraiche, mobile II - Bantam Wankm\u00fcller SA","og_description":"R\u00e9servoir d\u2019eau claire polyvalent, enti\u00e8rement \u00e9quip\u00e9, avec une poign\u00e9e de pouss\u00e9e, des bouchons et des roulettes tr\u00e8s larges pour un d\u00e9placement ais\u00e9 sur sol instable. Pour la prise d\u2019eau, la pompe immerg\u00e9e de la caravane peut \u00eatre plac\u00e9e dans le r\u00e9servoir. Vous pouvez aussi utiliser la sonde du couvercle. La pompe immerg\u00e9e reste dans le [&hellip;]","og_url":"https:\/\/shop.bantam.ch\/fr\/produit\/reservoir-mobile-ii-pour-eau-propre\/","og_site_name":"Bantam Wankm\u00fcller SA","article_modified_time":"2026-04-21T18:44:58+00:00","og_image":[{"width":421,"height":1000,"url":"https:\/\/shop.bantam.ch\/wp-content\/uploads\/2023\/02\/9971231-Frischwasser-Mobiltank_II-Standard-01-1.jpg","type":"image\/jpeg"}],"twitter_card":"summary_large_image","schema":{"@context":"https:\/\/schema.org","@graph":[{"@type":"WebPage","@id":"https:\/\/shop.bantam.ch\/fr\/produit\/reservoir-mobile-ii-pour-eau-propre\/","url":"https:\/\/shop.bantam.ch\/fr\/produit\/reservoir-mobile-ii-pour-eau-propre\/","name":"R\u00e9servoir d'eau fraiche, mobile II - Bantam Wankm\u00fcller SA","isPartOf":{"@id":"https:\/\/shop.bantam.ch\/fr\/#website"},"primaryImageOfPage":{"@id":"https:\/\/shop.bantam.ch\/fr\/produit\/reservoir-mobile-ii-pour-eau-propre\/#primaryimage"},"image":{"@id":"https:\/\/shop.bantam.ch\/fr\/produit\/reservoir-mobile-ii-pour-eau-propre\/#primaryimage"},"thumbnailUrl":"https:\/\/shop.bantam.ch\/wp-content\/uploads\/2023\/02\/9971231-Frischwasser-Mobiltank_II-Standard-01-1.jpg","datePublished":"2023-02-22T18:24:07+00:00","dateModified":"2026-04-21T18:44:58+00:00","breadcrumb":{"@id":"https:\/\/shop.bantam.ch\/fr\/produit\/reservoir-mobile-ii-pour-eau-propre\/#breadcrumb"},"inLanguage":"fr-FR","potentialAction":[{"@type":"ReadAction","target":["https:\/\/shop.bantam.ch\/fr\/produit\/reservoir-mobile-ii-pour-eau-propre\/"]}]},{"@type":"ImageObject","inLanguage":"fr-FR","@id":"https:\/\/shop.bantam.ch\/fr\/produit\/reservoir-mobile-ii-pour-eau-propre\/#primaryimage","url":"https:\/\/shop.bantam.ch\/wp-content\/uploads\/2023\/02\/9971231-Frischwasser-Mobiltank_II-Standard-01-1.jpg","contentUrl":"https:\/\/shop.bantam.ch\/wp-content\/uploads\/2023\/02\/9971231-Frischwasser-Mobiltank_II-Standard-01-1.jpg","width":421,"height":1000},{"@type":"BreadcrumbList","@id":"https:\/\/shop.bantam.ch\/fr\/produit\/reservoir-mobile-ii-pour-eau-propre\/#breadcrumb","itemListElement":[{"@type":"ListItem","position":1,"name":"Accueil","item":"https:\/\/shop.bantam.ch\/fr\/"},{"@type":"ListItem","position":2,"name":"Boutique","item":"https:\/\/shop.bantam.ch\/fr\/boutique\/"},{"@type":"ListItem","position":3,"name":"R\u00e9servoir d&#8217;eau fraiche, mobile II"}]},{"@type":"WebSite","@id":"https:\/\/shop.bantam.ch\/fr\/#website","url":"https:\/\/shop.bantam.ch\/fr\/","name":"Bantam Wankm\u00fcller SA","description":"","publisher":{"@id":"https:\/\/shop.bantam.ch\/fr\/#organization"},"inLanguage":"fr-FR"},{"@type":"Organization","@id":"https:\/\/shop.bantam.ch\/fr\/#organization","name":"Bantam Wankm\u00fcller SA","url":"https:\/\/shop.bantam.ch\/fr\/","logo":{"@type":"ImageObject","inLanguage":"fr-FR","@id":"https:\/\/shop.bantam.ch\/fr\/#\/schema\/logo\/image\/","url":"https:\/\/shop.bantam.ch\/wp-content\/uploads\/2022\/12\/bantam-logo.png","contentUrl":"https:\/\/shop.bantam.ch\/wp-content\/uploads\/2022\/12\/bantam-logo.png","width":320,"height":71,"caption":"Bantam Wankm\u00fcller SA"},"image":{"@id":"https:\/\/shop.bantam.ch\/fr\/#\/schema\/logo\/image\/"}}]}},"_links":{"self":[{"href":"https:\/\/shop.bantam.ch\/fr\/wp-json\/wp\/v2\/product\/35703","targetHints":{"allow":["GET"]}}],"collection":[{"href":"https:\/\/shop.bantam.ch\/fr\/wp-json\/wp\/v2\/product"}],"about":[{"href":"https:\/\/shop.bantam.ch\/fr\/wp-json\/wp\/v2\/types\/product"}],"wp:featuredmedia":[{"embeddable":true,"href":"https:\/\/shop.bantam.ch\/fr\/wp-json\/wp\/v2\/media\/35701"}],"wp:attachment":[{"href":"https:\/\/shop.bantam.ch\/fr\/wp-json\/wp\/v2\/media?parent=35703"}],"wp:term":[{"taxonomy":"product_featured_cat","embeddable":true,"href":"https:\/\/shop.bantam.ch\/fr\/wp-json\/wp\/v2\/product_featured_cat?post=35703"},{"taxonomy":"product_brand","embeddable":true,"href":"https:\/\/shop.bantam.ch\/fr\/wp-json\/wp\/v2\/product_brand?post=35703"},{"taxonomy":"product_cat","embeddable":true,"href":"https:\/\/shop.bantam.ch\/fr\/wp-json\/wp\/v2\/product_cat?post=35703"},{"taxonomy":"product_tag","embeddable":true,"href":"https:\/\/shop.bantam.ch\/fr\/wp-json\/wp\/v2\/product_tag?post=35703"}],"curies":[{"name":"wp","href":"https:\/\/api.w.org\/{rel}","templated":true}]}}