{"id":35489,"date":"2023-02-22T19:19:28","date_gmt":"2023-02-22T18:19:28","guid":{"rendered":"http:\/\/preprod-dev.sh1.hidora.com\/webshop\/produit\/set-de-douche-duett-standard\/"},"modified":"2026-04-19T20:44:39","modified_gmt":"2026-04-19T18:44:39","slug":"set-de-douche-duett-standard","status":"publish","type":"product","link":"https:\/\/shop.bantam.ch\/fr\/produit\/set-de-douche-duett-standard\/","title":{"rendered":"Kit de douche Reich Duett Standard Couleur chrome tr\u00e8s brillant"},"content":{"rendered":"<p>La douchette Duett est \u00e9quip\u00e9e d&rsquo;une soupape \u00e0 deux voies. En tournant la bague sur le pommeau, vous pouvez r\u00e9gler le jet de la douchette. Le d\u00e9bit d\u2019eau est aussi r\u00e9glable. La douchette s\u2019enfiche dans la rosace ou encore dans un support mural.<\/p>\n<ul>\n<li>Raccordement\u00a0: \u00bd\u2033<\/li>\n<\/ul>\n","protected":false},"excerpt":{"rendered":"<p>La douchette Duett est \u00e9quip\u00e9e d&rsquo;une soupape \u00e0 deux voies. En tournant la bague sur le pommeau, vous pouvez r\u00e9gler le jet de la douchette. Le d\u00e9bit d\u2019eau est aussi r\u00e9glable. La douchette s\u2019enfiche dans la rosace ou encore dans un support mural. Raccordement\u00a0: \u00bd\u2033<\/p>\n","protected":false},"featured_media":35487,"template":"","meta":{"_acf_changed":false},"product_featured_cat":[],"product_brand":[3112],"product_cat":[4571],"product_tag":[],"class_list":{"0":"post-35489","1":"product","2":"type-product","3":"status-publish","4":"has-post-thumbnail","6":"product_brand-reich","7":"product_cat-robinetterie-de-douche-et-douches","9":"first","10":"instock","11":"taxable","12":"shipping-taxable","13":"purchasable","14":"product-type-simple"},"acf":[],"yoast_head":"<!-- This site is optimized with the Yoast SEO plugin v27.4 - https:\/\/yoast.com\/product\/yoast-seo-wordpress\/ -->\n<title>Kit de douche Reich Duett Standard Couleur chrome tr\u00e8s brillant - Bantam Wankm\u00fcller SA<\/title>\n<meta name=\"robots\" content=\"index, follow, max-snippet:-1, max-image-preview:large, max-video-preview:-1\" \/>\n<link rel=\"canonical\" href=\"https:\/\/shop.bantam.ch\/fr\/produit\/set-de-douche-duett-standard\/\" \/>\n<meta property=\"og:locale\" content=\"fr_FR\" \/>\n<meta property=\"og:type\" content=\"article\" \/>\n<meta property=\"og:title\" content=\"Kit de douche Reich Duett Standard Couleur chrome tr\u00e8s brillant - Bantam Wankm\u00fcller SA\" \/>\n<meta property=\"og:description\" content=\"La douchette Duett est \u00e9quip\u00e9e d&rsquo;une soupape \u00e0 deux voies. En tournant la bague sur le pommeau, vous pouvez r\u00e9gler le jet de la douchette. Le d\u00e9bit d\u2019eau est aussi r\u00e9glable. La douchette s\u2019enfiche dans la rosace ou encore dans un support mural. Raccordement\u00a0: \u00bd\u2033\" \/>\n<meta property=\"og:url\" content=\"https:\/\/shop.bantam.ch\/fr\/produit\/set-de-douche-duett-standard\/\" \/>\n<meta property=\"og:site_name\" content=\"Bantam Wankm\u00fcller SA\" \/>\n<meta property=\"article:modified_time\" content=\"2026-04-19T18:44:39+00:00\" \/>\n<meta property=\"og:image\" content=\"https:\/\/shop.bantam.ch\/wp-content\/uploads\/2023\/02\/9970900-Duschset_DUETT_Standard_hochglanzchrom-Standard-01-1.jpg\" \/>\n\t<meta property=\"og:image:width\" content=\"927\" \/>\n\t<meta property=\"og:image:height\" content=\"1000\" \/>\n\t<meta property=\"og:image:type\" content=\"image\/jpeg\" \/>\n<meta name=\"twitter:card\" content=\"summary_large_image\" \/>\n<script type=\"application\/ld+json\" class=\"yoast-schema-graph\">{\"@context\":\"https:\\\/\\\/schema.org\",\"@graph\":[{\"@type\":\"WebPage\",\"@id\":\"https:\\\/\\\/shop.bantam.ch\\\/fr\\\/produit\\\/set-de-douche-duett-standard\\\/\",\"url\":\"https:\\\/\\\/shop.bantam.ch\\\/fr\\\/produit\\\/set-de-douche-duett-standard\\\/\",\"name\":\"Kit de douche Reich Duett Standard Couleur chrome tr\u00e8s brillant - Bantam Wankm\u00fcller SA\",\"isPartOf\":{\"@id\":\"https:\\\/\\\/shop.bantam.ch\\\/fr\\\/#website\"},\"primaryImageOfPage\":{\"@id\":\"https:\\\/\\\/shop.bantam.ch\\\/fr\\\/produit\\\/set-de-douche-duett-standard\\\/#primaryimage\"},\"image\":{\"@id\":\"https:\\\/\\\/shop.bantam.ch\\\/fr\\\/produit\\\/set-de-douche-duett-standard\\\/#primaryimage\"},\"thumbnailUrl\":\"https:\\\/\\\/shop.bantam.ch\\\/wp-content\\\/uploads\\\/2023\\\/02\\\/9970900-Duschset_DUETT_Standard_hochglanzchrom-Standard-01-1.jpg\",\"datePublished\":\"2023-02-22T18:19:28+00:00\",\"dateModified\":\"2026-04-19T18:44:39+00:00\",\"breadcrumb\":{\"@id\":\"https:\\\/\\\/shop.bantam.ch\\\/fr\\\/produit\\\/set-de-douche-duett-standard\\\/#breadcrumb\"},\"inLanguage\":\"fr-FR\",\"potentialAction\":[{\"@type\":\"ReadAction\",\"target\":[\"https:\\\/\\\/shop.bantam.ch\\\/fr\\\/produit\\\/set-de-douche-duett-standard\\\/\"]}]},{\"@type\":\"ImageObject\",\"inLanguage\":\"fr-FR\",\"@id\":\"https:\\\/\\\/shop.bantam.ch\\\/fr\\\/produit\\\/set-de-douche-duett-standard\\\/#primaryimage\",\"url\":\"https:\\\/\\\/shop.bantam.ch\\\/wp-content\\\/uploads\\\/2023\\\/02\\\/9970900-Duschset_DUETT_Standard_hochglanzchrom-Standard-01-1.jpg\",\"contentUrl\":\"https:\\\/\\\/shop.bantam.ch\\\/wp-content\\\/uploads\\\/2023\\\/02\\\/9970900-Duschset_DUETT_Standard_hochglanzchrom-Standard-01-1.jpg\",\"width\":927,\"height\":1000},{\"@type\":\"BreadcrumbList\",\"@id\":\"https:\\\/\\\/shop.bantam.ch\\\/fr\\\/produit\\\/set-de-douche-duett-standard\\\/#breadcrumb\",\"itemListElement\":[{\"@type\":\"ListItem\",\"position\":1,\"name\":\"Accueil\",\"item\":\"https:\\\/\\\/shop.bantam.ch\\\/fr\\\/\"},{\"@type\":\"ListItem\",\"position\":2,\"name\":\"Boutique\",\"item\":\"https:\\\/\\\/shop.bantam.ch\\\/fr\\\/boutique\\\/\"},{\"@type\":\"ListItem\",\"position\":3,\"name\":\"Kit de douche Reich Duett Standard Couleur chrome tr\u00e8s brillant\"}]},{\"@type\":\"WebSite\",\"@id\":\"https:\\\/\\\/shop.bantam.ch\\\/fr\\\/#website\",\"url\":\"https:\\\/\\\/shop.bantam.ch\\\/fr\\\/\",\"name\":\"Bantam Wankm\u00fcller SA\",\"description\":\"\",\"publisher\":{\"@id\":\"https:\\\/\\\/shop.bantam.ch\\\/fr\\\/#organization\"},\"inLanguage\":\"fr-FR\"},{\"@type\":\"Organization\",\"@id\":\"https:\\\/\\\/shop.bantam.ch\\\/fr\\\/#organization\",\"name\":\"Bantam Wankm\u00fcller SA\",\"url\":\"https:\\\/\\\/shop.bantam.ch\\\/fr\\\/\",\"logo\":{\"@type\":\"ImageObject\",\"inLanguage\":\"fr-FR\",\"@id\":\"https:\\\/\\\/shop.bantam.ch\\\/fr\\\/#\\\/schema\\\/logo\\\/image\\\/\",\"url\":\"https:\\\/\\\/shop.bantam.ch\\\/wp-content\\\/uploads\\\/2022\\\/12\\\/bantam-logo.png\",\"contentUrl\":\"https:\\\/\\\/shop.bantam.ch\\\/wp-content\\\/uploads\\\/2022\\\/12\\\/bantam-logo.png\",\"width\":320,\"height\":71,\"caption\":\"Bantam Wankm\u00fcller SA\"},\"image\":{\"@id\":\"https:\\\/\\\/shop.bantam.ch\\\/fr\\\/#\\\/schema\\\/logo\\\/image\\\/\"}}]}<\/script>\n<!-- \/ Yoast SEO plugin. -->","yoast_head_json":{"title":"Kit de douche Reich Duett Standard Couleur chrome tr\u00e8s brillant - Bantam Wankm\u00fcller SA","robots":{"index":"index","follow":"follow","max-snippet":"max-snippet:-1","max-image-preview":"max-image-preview:large","max-video-preview":"max-video-preview:-1"},"canonical":"https:\/\/shop.bantam.ch\/fr\/produit\/set-de-douche-duett-standard\/","og_locale":"fr_FR","og_type":"article","og_title":"Kit de douche Reich Duett Standard Couleur chrome tr\u00e8s brillant - Bantam Wankm\u00fcller SA","og_description":"La douchette Duett est \u00e9quip\u00e9e d&rsquo;une soupape \u00e0 deux voies. En tournant la bague sur le pommeau, vous pouvez r\u00e9gler le jet de la douchette. Le d\u00e9bit d\u2019eau est aussi r\u00e9glable. La douchette s\u2019enfiche dans la rosace ou encore dans un support mural. Raccordement\u00a0: \u00bd\u2033","og_url":"https:\/\/shop.bantam.ch\/fr\/produit\/set-de-douche-duett-standard\/","og_site_name":"Bantam Wankm\u00fcller SA","article_modified_time":"2026-04-19T18:44:39+00:00","og_image":[{"width":927,"height":1000,"url":"https:\/\/shop.bantam.ch\/wp-content\/uploads\/2023\/02\/9970900-Duschset_DUETT_Standard_hochglanzchrom-Standard-01-1.jpg","type":"image\/jpeg"}],"twitter_card":"summary_large_image","schema":{"@context":"https:\/\/schema.org","@graph":[{"@type":"WebPage","@id":"https:\/\/shop.bantam.ch\/fr\/produit\/set-de-douche-duett-standard\/","url":"https:\/\/shop.bantam.ch\/fr\/produit\/set-de-douche-duett-standard\/","name":"Kit de douche Reich Duett Standard Couleur chrome tr\u00e8s brillant - Bantam Wankm\u00fcller SA","isPartOf":{"@id":"https:\/\/shop.bantam.ch\/fr\/#website"},"primaryImageOfPage":{"@id":"https:\/\/shop.bantam.ch\/fr\/produit\/set-de-douche-duett-standard\/#primaryimage"},"image":{"@id":"https:\/\/shop.bantam.ch\/fr\/produit\/set-de-douche-duett-standard\/#primaryimage"},"thumbnailUrl":"https:\/\/shop.bantam.ch\/wp-content\/uploads\/2023\/02\/9970900-Duschset_DUETT_Standard_hochglanzchrom-Standard-01-1.jpg","datePublished":"2023-02-22T18:19:28+00:00","dateModified":"2026-04-19T18:44:39+00:00","breadcrumb":{"@id":"https:\/\/shop.bantam.ch\/fr\/produit\/set-de-douche-duett-standard\/#breadcrumb"},"inLanguage":"fr-FR","potentialAction":[{"@type":"ReadAction","target":["https:\/\/shop.bantam.ch\/fr\/produit\/set-de-douche-duett-standard\/"]}]},{"@type":"ImageObject","inLanguage":"fr-FR","@id":"https:\/\/shop.bantam.ch\/fr\/produit\/set-de-douche-duett-standard\/#primaryimage","url":"https:\/\/shop.bantam.ch\/wp-content\/uploads\/2023\/02\/9970900-Duschset_DUETT_Standard_hochglanzchrom-Standard-01-1.jpg","contentUrl":"https:\/\/shop.bantam.ch\/wp-content\/uploads\/2023\/02\/9970900-Duschset_DUETT_Standard_hochglanzchrom-Standard-01-1.jpg","width":927,"height":1000},{"@type":"BreadcrumbList","@id":"https:\/\/shop.bantam.ch\/fr\/produit\/set-de-douche-duett-standard\/#breadcrumb","itemListElement":[{"@type":"ListItem","position":1,"name":"Accueil","item":"https:\/\/shop.bantam.ch\/fr\/"},{"@type":"ListItem","position":2,"name":"Boutique","item":"https:\/\/shop.bantam.ch\/fr\/boutique\/"},{"@type":"ListItem","position":3,"name":"Kit de douche Reich Duett Standard Couleur chrome tr\u00e8s brillant"}]},{"@type":"WebSite","@id":"https:\/\/shop.bantam.ch\/fr\/#website","url":"https:\/\/shop.bantam.ch\/fr\/","name":"Bantam Wankm\u00fcller SA","description":"","publisher":{"@id":"https:\/\/shop.bantam.ch\/fr\/#organization"},"inLanguage":"fr-FR"},{"@type":"Organization","@id":"https:\/\/shop.bantam.ch\/fr\/#organization","name":"Bantam Wankm\u00fcller SA","url":"https:\/\/shop.bantam.ch\/fr\/","logo":{"@type":"ImageObject","inLanguage":"fr-FR","@id":"https:\/\/shop.bantam.ch\/fr\/#\/schema\/logo\/image\/","url":"https:\/\/shop.bantam.ch\/wp-content\/uploads\/2022\/12\/bantam-logo.png","contentUrl":"https:\/\/shop.bantam.ch\/wp-content\/uploads\/2022\/12\/bantam-logo.png","width":320,"height":71,"caption":"Bantam Wankm\u00fcller SA"},"image":{"@id":"https:\/\/shop.bantam.ch\/fr\/#\/schema\/logo\/image\/"}}]}},"_links":{"self":[{"href":"https:\/\/shop.bantam.ch\/fr\/wp-json\/wp\/v2\/product\/35489","targetHints":{"allow":["GET"]}}],"collection":[{"href":"https:\/\/shop.bantam.ch\/fr\/wp-json\/wp\/v2\/product"}],"about":[{"href":"https:\/\/shop.bantam.ch\/fr\/wp-json\/wp\/v2\/types\/product"}],"wp:featuredmedia":[{"embeddable":true,"href":"https:\/\/shop.bantam.ch\/fr\/wp-json\/wp\/v2\/media\/35487"}],"wp:attachment":[{"href":"https:\/\/shop.bantam.ch\/fr\/wp-json\/wp\/v2\/media?parent=35489"}],"wp:term":[{"taxonomy":"product_featured_cat","embeddable":true,"href":"https:\/\/shop.bantam.ch\/fr\/wp-json\/wp\/v2\/product_featured_cat?post=35489"},{"taxonomy":"product_brand","embeddable":true,"href":"https:\/\/shop.bantam.ch\/fr\/wp-json\/wp\/v2\/product_brand?post=35489"},{"taxonomy":"product_cat","embeddable":true,"href":"https:\/\/shop.bantam.ch\/fr\/wp-json\/wp\/v2\/product_cat?post=35489"},{"taxonomy":"product_tag","embeddable":true,"href":"https:\/\/shop.bantam.ch\/fr\/wp-json\/wp\/v2\/product_tag?post=35489"}],"curies":[{"name":"wp","href":"https:\/\/api.w.org\/{rel}","templated":true}]}}