{"id":35475,"date":"2023-02-22T19:19:12","date_gmt":"2023-02-22T18:19:12","guid":{"rendered":"http:\/\/preprod-dev.sh1.hidora.com\/webshop\/produit\/pommeau-de-douche-duett-pour-burstner\/"},"modified":"2026-04-18T20:44:27","modified_gmt":"2026-04-18T18:44:27","slug":"pommeau-de-douche-duett-pour-burstner","status":"publish","type":"product","link":"https:\/\/shop.bantam.ch\/fr\/produit\/pommeau-de-douche-duett-pour-burstner\/","title":{"rendered":"Pomme de douche Duett mitigeur mono commande TWIST AT"},"content":{"rendered":"<p>La douchette est \u00e9quip\u00e9e d&rsquo;une soupape \u00e0 deux voies. En tournant le pommeau, vous pouvez choisir entre le r\u00e9glage Douche ou Jet. \u00c0 utiliser avec le kit EHM Twist\u00a0AT ou avec tous les autres tuyaux de douche dot\u00e9s d\u2019un raccord\u00a0R\u00a0\u00bd\u00a0\u00bb.<\/p>\n<ul>\n<li>Raccordement\u00a0: R \u00bd\u00a0\u00bb<\/li>\n<li>Mod\u00e8le : B\u00fcrstner<\/li>\n<li>Longueur du filetage : 0,9 cm<\/li>\n<\/ul>\n","protected":false},"excerpt":{"rendered":"<p>La douchette est \u00e9quip\u00e9e d&rsquo;une soupape \u00e0 deux voies. En tournant le pommeau, vous pouvez choisir entre le r\u00e9glage Douche ou Jet. \u00c0 utiliser avec le kit EHM Twist\u00a0AT ou avec tous les autres tuyaux de douche dot\u00e9s d\u2019un raccord\u00a0R\u00a0\u00bd\u00a0\u00bb. Raccordement\u00a0: R \u00bd\u00a0\u00bb Mod\u00e8le : B\u00fcrstner Longueur du filetage : 0,9 cm<\/p>\n","protected":false},"featured_media":35473,"template":"","meta":{"_acf_changed":false},"product_featured_cat":[],"product_brand":[3112],"product_cat":[4571],"product_tag":[],"class_list":{"0":"post-35475","1":"product","2":"type-product","3":"status-publish","4":"has-post-thumbnail","6":"product_brand-reich","7":"product_cat-robinetterie-de-douche-et-douches","9":"first","10":"instock","11":"taxable","12":"shipping-taxable","13":"purchasable","14":"product-type-simple"},"acf":[],"yoast_head":"<!-- This site is optimized with the Yoast SEO plugin v27.4 - https:\/\/yoast.com\/product\/yoast-seo-wordpress\/ -->\n<title>Pomme de douche Duett mitigeur mono commande TWIST AT - Bantam Wankm\u00fcller SA<\/title>\n<meta name=\"robots\" content=\"index, follow, max-snippet:-1, max-image-preview:large, max-video-preview:-1\" \/>\n<link rel=\"canonical\" href=\"https:\/\/shop.bantam.ch\/fr\/produit\/pommeau-de-douche-duett-pour-burstner\/\" \/>\n<meta property=\"og:locale\" content=\"fr_FR\" \/>\n<meta property=\"og:type\" content=\"article\" \/>\n<meta property=\"og:title\" content=\"Pomme de douche Duett mitigeur mono commande TWIST AT - Bantam Wankm\u00fcller SA\" \/>\n<meta property=\"og:description\" content=\"La douchette est \u00e9quip\u00e9e d&rsquo;une soupape \u00e0 deux voies. En tournant le pommeau, vous pouvez choisir entre le r\u00e9glage Douche ou Jet. \u00c0 utiliser avec le kit EHM Twist\u00a0AT ou avec tous les autres tuyaux de douche dot\u00e9s d\u2019un raccord\u00a0R\u00a0\u00bd\u00a0\u00bb. Raccordement\u00a0: R \u00bd\u00a0\u00bb Mod\u00e8le : B\u00fcrstner Longueur du filetage : 0,9 cm\" \/>\n<meta property=\"og:url\" content=\"https:\/\/shop.bantam.ch\/fr\/produit\/pommeau-de-douche-duett-pour-burstner\/\" \/>\n<meta property=\"og:site_name\" content=\"Bantam Wankm\u00fcller SA\" \/>\n<meta property=\"article:modified_time\" content=\"2026-04-18T18:44:27+00:00\" \/>\n<meta property=\"og:image\" content=\"https:\/\/shop.bantam.ch\/wp-content\/uploads\/2023\/02\/9971834-Brausekopf_Duett_fuer_Einhebelmischer_TWIST_AT-Standard-01-1.jpg\" \/>\n\t<meta property=\"og:image:width\" content=\"453\" \/>\n\t<meta property=\"og:image:height\" content=\"1000\" \/>\n\t<meta property=\"og:image:type\" content=\"image\/jpeg\" \/>\n<meta name=\"twitter:card\" content=\"summary_large_image\" \/>\n<script type=\"application\/ld+json\" class=\"yoast-schema-graph\">{\"@context\":\"https:\\\/\\\/schema.org\",\"@graph\":[{\"@type\":\"WebPage\",\"@id\":\"https:\\\/\\\/shop.bantam.ch\\\/fr\\\/produit\\\/pommeau-de-douche-duett-pour-burstner\\\/\",\"url\":\"https:\\\/\\\/shop.bantam.ch\\\/fr\\\/produit\\\/pommeau-de-douche-duett-pour-burstner\\\/\",\"name\":\"Pomme de douche Duett mitigeur mono commande TWIST AT - Bantam Wankm\u00fcller SA\",\"isPartOf\":{\"@id\":\"https:\\\/\\\/shop.bantam.ch\\\/fr\\\/#website\"},\"primaryImageOfPage\":{\"@id\":\"https:\\\/\\\/shop.bantam.ch\\\/fr\\\/produit\\\/pommeau-de-douche-duett-pour-burstner\\\/#primaryimage\"},\"image\":{\"@id\":\"https:\\\/\\\/shop.bantam.ch\\\/fr\\\/produit\\\/pommeau-de-douche-duett-pour-burstner\\\/#primaryimage\"},\"thumbnailUrl\":\"https:\\\/\\\/shop.bantam.ch\\\/wp-content\\\/uploads\\\/2023\\\/02\\\/9971834-Brausekopf_Duett_fuer_Einhebelmischer_TWIST_AT-Standard-01-1.jpg\",\"datePublished\":\"2023-02-22T18:19:12+00:00\",\"dateModified\":\"2026-04-18T18:44:27+00:00\",\"breadcrumb\":{\"@id\":\"https:\\\/\\\/shop.bantam.ch\\\/fr\\\/produit\\\/pommeau-de-douche-duett-pour-burstner\\\/#breadcrumb\"},\"inLanguage\":\"fr-FR\",\"potentialAction\":[{\"@type\":\"ReadAction\",\"target\":[\"https:\\\/\\\/shop.bantam.ch\\\/fr\\\/produit\\\/pommeau-de-douche-duett-pour-burstner\\\/\"]}]},{\"@type\":\"ImageObject\",\"inLanguage\":\"fr-FR\",\"@id\":\"https:\\\/\\\/shop.bantam.ch\\\/fr\\\/produit\\\/pommeau-de-douche-duett-pour-burstner\\\/#primaryimage\",\"url\":\"https:\\\/\\\/shop.bantam.ch\\\/wp-content\\\/uploads\\\/2023\\\/02\\\/9971834-Brausekopf_Duett_fuer_Einhebelmischer_TWIST_AT-Standard-01-1.jpg\",\"contentUrl\":\"https:\\\/\\\/shop.bantam.ch\\\/wp-content\\\/uploads\\\/2023\\\/02\\\/9971834-Brausekopf_Duett_fuer_Einhebelmischer_TWIST_AT-Standard-01-1.jpg\",\"width\":453,\"height\":1000},{\"@type\":\"BreadcrumbList\",\"@id\":\"https:\\\/\\\/shop.bantam.ch\\\/fr\\\/produit\\\/pommeau-de-douche-duett-pour-burstner\\\/#breadcrumb\",\"itemListElement\":[{\"@type\":\"ListItem\",\"position\":1,\"name\":\"Accueil\",\"item\":\"https:\\\/\\\/shop.bantam.ch\\\/fr\\\/\"},{\"@type\":\"ListItem\",\"position\":2,\"name\":\"Boutique\",\"item\":\"https:\\\/\\\/shop.bantam.ch\\\/fr\\\/boutique\\\/\"},{\"@type\":\"ListItem\",\"position\":3,\"name\":\"Pomme de douche Duett mitigeur mono commande TWIST AT\"}]},{\"@type\":\"WebSite\",\"@id\":\"https:\\\/\\\/shop.bantam.ch\\\/fr\\\/#website\",\"url\":\"https:\\\/\\\/shop.bantam.ch\\\/fr\\\/\",\"name\":\"Bantam Wankm\u00fcller SA\",\"description\":\"\",\"publisher\":{\"@id\":\"https:\\\/\\\/shop.bantam.ch\\\/fr\\\/#organization\"},\"inLanguage\":\"fr-FR\"},{\"@type\":\"Organization\",\"@id\":\"https:\\\/\\\/shop.bantam.ch\\\/fr\\\/#organization\",\"name\":\"Bantam Wankm\u00fcller SA\",\"url\":\"https:\\\/\\\/shop.bantam.ch\\\/fr\\\/\",\"logo\":{\"@type\":\"ImageObject\",\"inLanguage\":\"fr-FR\",\"@id\":\"https:\\\/\\\/shop.bantam.ch\\\/fr\\\/#\\\/schema\\\/logo\\\/image\\\/\",\"url\":\"https:\\\/\\\/shop.bantam.ch\\\/wp-content\\\/uploads\\\/2022\\\/12\\\/bantam-logo.png\",\"contentUrl\":\"https:\\\/\\\/shop.bantam.ch\\\/wp-content\\\/uploads\\\/2022\\\/12\\\/bantam-logo.png\",\"width\":320,\"height\":71,\"caption\":\"Bantam Wankm\u00fcller SA\"},\"image\":{\"@id\":\"https:\\\/\\\/shop.bantam.ch\\\/fr\\\/#\\\/schema\\\/logo\\\/image\\\/\"}}]}<\/script>\n<!-- \/ Yoast SEO plugin. -->","yoast_head_json":{"title":"Pomme de douche Duett mitigeur mono commande TWIST AT - Bantam Wankm\u00fcller SA","robots":{"index":"index","follow":"follow","max-snippet":"max-snippet:-1","max-image-preview":"max-image-preview:large","max-video-preview":"max-video-preview:-1"},"canonical":"https:\/\/shop.bantam.ch\/fr\/produit\/pommeau-de-douche-duett-pour-burstner\/","og_locale":"fr_FR","og_type":"article","og_title":"Pomme de douche Duett mitigeur mono commande TWIST AT - Bantam Wankm\u00fcller SA","og_description":"La douchette est \u00e9quip\u00e9e d&rsquo;une soupape \u00e0 deux voies. En tournant le pommeau, vous pouvez choisir entre le r\u00e9glage Douche ou Jet. \u00c0 utiliser avec le kit EHM Twist\u00a0AT ou avec tous les autres tuyaux de douche dot\u00e9s d\u2019un raccord\u00a0R\u00a0\u00bd\u00a0\u00bb. Raccordement\u00a0: R \u00bd\u00a0\u00bb Mod\u00e8le : B\u00fcrstner Longueur du filetage : 0,9 cm","og_url":"https:\/\/shop.bantam.ch\/fr\/produit\/pommeau-de-douche-duett-pour-burstner\/","og_site_name":"Bantam Wankm\u00fcller SA","article_modified_time":"2026-04-18T18:44:27+00:00","og_image":[{"width":453,"height":1000,"url":"https:\/\/shop.bantam.ch\/wp-content\/uploads\/2023\/02\/9971834-Brausekopf_Duett_fuer_Einhebelmischer_TWIST_AT-Standard-01-1.jpg","type":"image\/jpeg"}],"twitter_card":"summary_large_image","schema":{"@context":"https:\/\/schema.org","@graph":[{"@type":"WebPage","@id":"https:\/\/shop.bantam.ch\/fr\/produit\/pommeau-de-douche-duett-pour-burstner\/","url":"https:\/\/shop.bantam.ch\/fr\/produit\/pommeau-de-douche-duett-pour-burstner\/","name":"Pomme de douche Duett mitigeur mono commande TWIST AT - Bantam Wankm\u00fcller SA","isPartOf":{"@id":"https:\/\/shop.bantam.ch\/fr\/#website"},"primaryImageOfPage":{"@id":"https:\/\/shop.bantam.ch\/fr\/produit\/pommeau-de-douche-duett-pour-burstner\/#primaryimage"},"image":{"@id":"https:\/\/shop.bantam.ch\/fr\/produit\/pommeau-de-douche-duett-pour-burstner\/#primaryimage"},"thumbnailUrl":"https:\/\/shop.bantam.ch\/wp-content\/uploads\/2023\/02\/9971834-Brausekopf_Duett_fuer_Einhebelmischer_TWIST_AT-Standard-01-1.jpg","datePublished":"2023-02-22T18:19:12+00:00","dateModified":"2026-04-18T18:44:27+00:00","breadcrumb":{"@id":"https:\/\/shop.bantam.ch\/fr\/produit\/pommeau-de-douche-duett-pour-burstner\/#breadcrumb"},"inLanguage":"fr-FR","potentialAction":[{"@type":"ReadAction","target":["https:\/\/shop.bantam.ch\/fr\/produit\/pommeau-de-douche-duett-pour-burstner\/"]}]},{"@type":"ImageObject","inLanguage":"fr-FR","@id":"https:\/\/shop.bantam.ch\/fr\/produit\/pommeau-de-douche-duett-pour-burstner\/#primaryimage","url":"https:\/\/shop.bantam.ch\/wp-content\/uploads\/2023\/02\/9971834-Brausekopf_Duett_fuer_Einhebelmischer_TWIST_AT-Standard-01-1.jpg","contentUrl":"https:\/\/shop.bantam.ch\/wp-content\/uploads\/2023\/02\/9971834-Brausekopf_Duett_fuer_Einhebelmischer_TWIST_AT-Standard-01-1.jpg","width":453,"height":1000},{"@type":"BreadcrumbList","@id":"https:\/\/shop.bantam.ch\/fr\/produit\/pommeau-de-douche-duett-pour-burstner\/#breadcrumb","itemListElement":[{"@type":"ListItem","position":1,"name":"Accueil","item":"https:\/\/shop.bantam.ch\/fr\/"},{"@type":"ListItem","position":2,"name":"Boutique","item":"https:\/\/shop.bantam.ch\/fr\/boutique\/"},{"@type":"ListItem","position":3,"name":"Pomme de douche Duett mitigeur mono commande TWIST AT"}]},{"@type":"WebSite","@id":"https:\/\/shop.bantam.ch\/fr\/#website","url":"https:\/\/shop.bantam.ch\/fr\/","name":"Bantam Wankm\u00fcller SA","description":"","publisher":{"@id":"https:\/\/shop.bantam.ch\/fr\/#organization"},"inLanguage":"fr-FR"},{"@type":"Organization","@id":"https:\/\/shop.bantam.ch\/fr\/#organization","name":"Bantam Wankm\u00fcller SA","url":"https:\/\/shop.bantam.ch\/fr\/","logo":{"@type":"ImageObject","inLanguage":"fr-FR","@id":"https:\/\/shop.bantam.ch\/fr\/#\/schema\/logo\/image\/","url":"https:\/\/shop.bantam.ch\/wp-content\/uploads\/2022\/12\/bantam-logo.png","contentUrl":"https:\/\/shop.bantam.ch\/wp-content\/uploads\/2022\/12\/bantam-logo.png","width":320,"height":71,"caption":"Bantam Wankm\u00fcller SA"},"image":{"@id":"https:\/\/shop.bantam.ch\/fr\/#\/schema\/logo\/image\/"}}]}},"_links":{"self":[{"href":"https:\/\/shop.bantam.ch\/fr\/wp-json\/wp\/v2\/product\/35475","targetHints":{"allow":["GET"]}}],"collection":[{"href":"https:\/\/shop.bantam.ch\/fr\/wp-json\/wp\/v2\/product"}],"about":[{"href":"https:\/\/shop.bantam.ch\/fr\/wp-json\/wp\/v2\/types\/product"}],"wp:featuredmedia":[{"embeddable":true,"href":"https:\/\/shop.bantam.ch\/fr\/wp-json\/wp\/v2\/media\/35473"}],"wp:attachment":[{"href":"https:\/\/shop.bantam.ch\/fr\/wp-json\/wp\/v2\/media?parent=35475"}],"wp:term":[{"taxonomy":"product_featured_cat","embeddable":true,"href":"https:\/\/shop.bantam.ch\/fr\/wp-json\/wp\/v2\/product_featured_cat?post=35475"},{"taxonomy":"product_brand","embeddable":true,"href":"https:\/\/shop.bantam.ch\/fr\/wp-json\/wp\/v2\/product_brand?post=35475"},{"taxonomy":"product_cat","embeddable":true,"href":"https:\/\/shop.bantam.ch\/fr\/wp-json\/wp\/v2\/product_cat?post=35475"},{"taxonomy":"product_tag","embeddable":true,"href":"https:\/\/shop.bantam.ch\/fr\/wp-json\/wp\/v2\/product_tag?post=35475"}],"curies":[{"name":"wp","href":"https:\/\/api.w.org\/{rel}","templated":true}]}}