{"id":35369,"date":"2023-02-22T19:17:15","date_gmt":"2023-02-22T18:17:15","guid":{"rendered":"http:\/\/preprod-dev.sh1.hidora.com\/webshop\/produit\/mitigeur-ceramique-twist-at-pour-burstner\/"},"modified":"2026-04-18T20:44:18","modified_gmt":"2026-04-18T18:44:18","slug":"mitigeur-ceramique-twist-at-pour-burstner","status":"publish","type":"product","link":"https:\/\/shop.bantam.ch\/fr\/produit\/mitigeur-ceramique-twist-at-pour-burstner\/","title":{"rendered":"Mitigeur c\u00e9ramique TWIST avec poign\u00e9e Swing diam de montage 39mm chrome"},"content":{"rendered":"<p>Mitigeur c\u00e9ramique Twist\u00a0AT avec cartouche c\u00e9ramique qui assure un r\u00e9glage pr\u00e9cis de la temp\u00e9rature et du d\u00e9bit. Hauteur faible pour installation dans un \u00e9vier avec panneau en verre. Orifice de fixation 39\u00a0mm, longueur du filetage 26\u00a0mm. Sp\u00e9cialement con\u00e7u pour les v\u00e9hicules B\u00fcrstner.<\/p>\n<ul>\n<li>Raccordement\u00a0: A5 (le chiffre derri\u00e8re le type de raccordement indique la pression d&rsquo;entr\u00e9e jusqu&rsquo;\u00e0 laquelle la robinetterie peut \u00eatre actionn\u00e9e)<\/li>\n<li>Mod\u00e8le : B\u00fcrstner<\/li>\n<li>Longueur du filetage : 2,6\u00a0cm<\/li>\n<li>avec raccord de douche 1\/2&Prime;<\/li>\n<\/ul>\n","protected":false},"excerpt":{"rendered":"<p>Mitigeur c\u00e9ramique Twist\u00a0AT avec cartouche c\u00e9ramique qui assure un r\u00e9glage pr\u00e9cis de la temp\u00e9rature et du d\u00e9bit. Hauteur faible pour installation dans un \u00e9vier avec panneau en verre. Orifice de fixation 39\u00a0mm, longueur du filetage 26\u00a0mm. Sp\u00e9cialement con\u00e7u pour les v\u00e9hicules B\u00fcrstner. Raccordement\u00a0: A5 (le chiffre derri\u00e8re le type de raccordement indique la pression d&rsquo;entr\u00e9e [&hellip;]<\/p>\n","protected":false},"featured_media":35365,"template":"","meta":{"_acf_changed":false},"product_featured_cat":[],"product_brand":[3112],"product_cat":[4573],"product_tag":[],"class_list":{"0":"post-35369","1":"product","2":"type-product","3":"status-publish","4":"has-post-thumbnail","6":"product_brand-reich","7":"product_cat-mitigeurs-et-robinets-deau-froide","9":"first","10":"instock","11":"taxable","12":"shipping-taxable","13":"purchasable","14":"product-type-simple"},"acf":[],"yoast_head":"<!-- This site is optimized with the Yoast SEO plugin v27.4 - https:\/\/yoast.com\/product\/yoast-seo-wordpress\/ -->\n<title>Mitigeur c\u00e9ramique TWIST avec poign\u00e9e Swing diam de montage 39mm chrome - Bantam Wankm\u00fcller SA<\/title>\n<meta name=\"robots\" content=\"index, follow, max-snippet:-1, max-image-preview:large, max-video-preview:-1\" \/>\n<link rel=\"canonical\" href=\"https:\/\/shop.bantam.ch\/fr\/produit\/mitigeur-ceramique-twist-at-pour-burstner\/\" \/>\n<meta property=\"og:locale\" content=\"fr_FR\" \/>\n<meta property=\"og:type\" content=\"article\" \/>\n<meta property=\"og:title\" content=\"Mitigeur c\u00e9ramique TWIST avec poign\u00e9e Swing diam de montage 39mm chrome - Bantam Wankm\u00fcller SA\" \/>\n<meta property=\"og:description\" content=\"Mitigeur c\u00e9ramique Twist\u00a0AT avec cartouche c\u00e9ramique qui assure un r\u00e9glage pr\u00e9cis de la temp\u00e9rature et du d\u00e9bit. Hauteur faible pour installation dans un \u00e9vier avec panneau en verre. Orifice de fixation 39\u00a0mm, longueur du filetage 26\u00a0mm. Sp\u00e9cialement con\u00e7u pour les v\u00e9hicules B\u00fcrstner. Raccordement\u00a0: A5 (le chiffre derri\u00e8re le type de raccordement indique la pression d&rsquo;entr\u00e9e [&hellip;]\" \/>\n<meta property=\"og:url\" content=\"https:\/\/shop.bantam.ch\/fr\/produit\/mitigeur-ceramique-twist-at-pour-burstner\/\" \/>\n<meta property=\"og:site_name\" content=\"Bantam Wankm\u00fcller SA\" \/>\n<meta property=\"article:modified_time\" content=\"2026-04-18T18:44:18+00:00\" \/>\n<meta property=\"og:image\" content=\"https:\/\/shop.bantam.ch\/wp-content\/uploads\/2023\/02\/9971826-100-1-3-1.jpg\" \/>\n\t<meta property=\"og:image:width\" content=\"709\" \/>\n\t<meta property=\"og:image:height\" content=\"890\" \/>\n\t<meta property=\"og:image:type\" content=\"image\/jpeg\" \/>\n<meta name=\"twitter:card\" content=\"summary_large_image\" \/>\n<script type=\"application\/ld+json\" class=\"yoast-schema-graph\">{\"@context\":\"https:\\\/\\\/schema.org\",\"@graph\":[{\"@type\":\"WebPage\",\"@id\":\"https:\\\/\\\/shop.bantam.ch\\\/fr\\\/produit\\\/mitigeur-ceramique-twist-at-pour-burstner\\\/\",\"url\":\"https:\\\/\\\/shop.bantam.ch\\\/fr\\\/produit\\\/mitigeur-ceramique-twist-at-pour-burstner\\\/\",\"name\":\"Mitigeur c\u00e9ramique TWIST avec poign\u00e9e Swing diam de montage 39mm chrome - Bantam Wankm\u00fcller SA\",\"isPartOf\":{\"@id\":\"https:\\\/\\\/shop.bantam.ch\\\/fr\\\/#website\"},\"primaryImageOfPage\":{\"@id\":\"https:\\\/\\\/shop.bantam.ch\\\/fr\\\/produit\\\/mitigeur-ceramique-twist-at-pour-burstner\\\/#primaryimage\"},\"image\":{\"@id\":\"https:\\\/\\\/shop.bantam.ch\\\/fr\\\/produit\\\/mitigeur-ceramique-twist-at-pour-burstner\\\/#primaryimage\"},\"thumbnailUrl\":\"https:\\\/\\\/shop.bantam.ch\\\/wp-content\\\/uploads\\\/2023\\\/02\\\/9971826-100-1-3-1.jpg\",\"datePublished\":\"2023-02-22T18:17:15+00:00\",\"dateModified\":\"2026-04-18T18:44:18+00:00\",\"breadcrumb\":{\"@id\":\"https:\\\/\\\/shop.bantam.ch\\\/fr\\\/produit\\\/mitigeur-ceramique-twist-at-pour-burstner\\\/#breadcrumb\"},\"inLanguage\":\"fr-FR\",\"potentialAction\":[{\"@type\":\"ReadAction\",\"target\":[\"https:\\\/\\\/shop.bantam.ch\\\/fr\\\/produit\\\/mitigeur-ceramique-twist-at-pour-burstner\\\/\"]}]},{\"@type\":\"ImageObject\",\"inLanguage\":\"fr-FR\",\"@id\":\"https:\\\/\\\/shop.bantam.ch\\\/fr\\\/produit\\\/mitigeur-ceramique-twist-at-pour-burstner\\\/#primaryimage\",\"url\":\"https:\\\/\\\/shop.bantam.ch\\\/wp-content\\\/uploads\\\/2023\\\/02\\\/9971826-100-1-3-1.jpg\",\"contentUrl\":\"https:\\\/\\\/shop.bantam.ch\\\/wp-content\\\/uploads\\\/2023\\\/02\\\/9971826-100-1-3-1.jpg\",\"width\":709,\"height\":890},{\"@type\":\"BreadcrumbList\",\"@id\":\"https:\\\/\\\/shop.bantam.ch\\\/fr\\\/produit\\\/mitigeur-ceramique-twist-at-pour-burstner\\\/#breadcrumb\",\"itemListElement\":[{\"@type\":\"ListItem\",\"position\":1,\"name\":\"Accueil\",\"item\":\"https:\\\/\\\/shop.bantam.ch\\\/fr\\\/\"},{\"@type\":\"ListItem\",\"position\":2,\"name\":\"Boutique\",\"item\":\"https:\\\/\\\/shop.bantam.ch\\\/fr\\\/boutique\\\/\"},{\"@type\":\"ListItem\",\"position\":3,\"name\":\"Mitigeur c\u00e9ramique TWIST avec poign\u00e9e Swing diam de montage 39mm chrome\"}]},{\"@type\":\"WebSite\",\"@id\":\"https:\\\/\\\/shop.bantam.ch\\\/fr\\\/#website\",\"url\":\"https:\\\/\\\/shop.bantam.ch\\\/fr\\\/\",\"name\":\"Bantam Wankm\u00fcller SA\",\"description\":\"\",\"publisher\":{\"@id\":\"https:\\\/\\\/shop.bantam.ch\\\/fr\\\/#organization\"},\"inLanguage\":\"fr-FR\"},{\"@type\":\"Organization\",\"@id\":\"https:\\\/\\\/shop.bantam.ch\\\/fr\\\/#organization\",\"name\":\"Bantam Wankm\u00fcller SA\",\"url\":\"https:\\\/\\\/shop.bantam.ch\\\/fr\\\/\",\"logo\":{\"@type\":\"ImageObject\",\"inLanguage\":\"fr-FR\",\"@id\":\"https:\\\/\\\/shop.bantam.ch\\\/fr\\\/#\\\/schema\\\/logo\\\/image\\\/\",\"url\":\"https:\\\/\\\/shop.bantam.ch\\\/wp-content\\\/uploads\\\/2022\\\/12\\\/bantam-logo.png\",\"contentUrl\":\"https:\\\/\\\/shop.bantam.ch\\\/wp-content\\\/uploads\\\/2022\\\/12\\\/bantam-logo.png\",\"width\":320,\"height\":71,\"caption\":\"Bantam Wankm\u00fcller SA\"},\"image\":{\"@id\":\"https:\\\/\\\/shop.bantam.ch\\\/fr\\\/#\\\/schema\\\/logo\\\/image\\\/\"}}]}<\/script>\n<!-- \/ Yoast SEO plugin. -->","yoast_head_json":{"title":"Mitigeur c\u00e9ramique TWIST avec poign\u00e9e Swing diam de montage 39mm chrome - Bantam Wankm\u00fcller SA","robots":{"index":"index","follow":"follow","max-snippet":"max-snippet:-1","max-image-preview":"max-image-preview:large","max-video-preview":"max-video-preview:-1"},"canonical":"https:\/\/shop.bantam.ch\/fr\/produit\/mitigeur-ceramique-twist-at-pour-burstner\/","og_locale":"fr_FR","og_type":"article","og_title":"Mitigeur c\u00e9ramique TWIST avec poign\u00e9e Swing diam de montage 39mm chrome - Bantam Wankm\u00fcller SA","og_description":"Mitigeur c\u00e9ramique Twist\u00a0AT avec cartouche c\u00e9ramique qui assure un r\u00e9glage pr\u00e9cis de la temp\u00e9rature et du d\u00e9bit. Hauteur faible pour installation dans un \u00e9vier avec panneau en verre. Orifice de fixation 39\u00a0mm, longueur du filetage 26\u00a0mm. Sp\u00e9cialement con\u00e7u pour les v\u00e9hicules B\u00fcrstner. Raccordement\u00a0: A5 (le chiffre derri\u00e8re le type de raccordement indique la pression d&rsquo;entr\u00e9e [&hellip;]","og_url":"https:\/\/shop.bantam.ch\/fr\/produit\/mitigeur-ceramique-twist-at-pour-burstner\/","og_site_name":"Bantam Wankm\u00fcller SA","article_modified_time":"2026-04-18T18:44:18+00:00","og_image":[{"width":709,"height":890,"url":"https:\/\/shop.bantam.ch\/wp-content\/uploads\/2023\/02\/9971826-100-1-3-1.jpg","type":"image\/jpeg"}],"twitter_card":"summary_large_image","schema":{"@context":"https:\/\/schema.org","@graph":[{"@type":"WebPage","@id":"https:\/\/shop.bantam.ch\/fr\/produit\/mitigeur-ceramique-twist-at-pour-burstner\/","url":"https:\/\/shop.bantam.ch\/fr\/produit\/mitigeur-ceramique-twist-at-pour-burstner\/","name":"Mitigeur c\u00e9ramique TWIST avec poign\u00e9e Swing diam de montage 39mm chrome - Bantam Wankm\u00fcller SA","isPartOf":{"@id":"https:\/\/shop.bantam.ch\/fr\/#website"},"primaryImageOfPage":{"@id":"https:\/\/shop.bantam.ch\/fr\/produit\/mitigeur-ceramique-twist-at-pour-burstner\/#primaryimage"},"image":{"@id":"https:\/\/shop.bantam.ch\/fr\/produit\/mitigeur-ceramique-twist-at-pour-burstner\/#primaryimage"},"thumbnailUrl":"https:\/\/shop.bantam.ch\/wp-content\/uploads\/2023\/02\/9971826-100-1-3-1.jpg","datePublished":"2023-02-22T18:17:15+00:00","dateModified":"2026-04-18T18:44:18+00:00","breadcrumb":{"@id":"https:\/\/shop.bantam.ch\/fr\/produit\/mitigeur-ceramique-twist-at-pour-burstner\/#breadcrumb"},"inLanguage":"fr-FR","potentialAction":[{"@type":"ReadAction","target":["https:\/\/shop.bantam.ch\/fr\/produit\/mitigeur-ceramique-twist-at-pour-burstner\/"]}]},{"@type":"ImageObject","inLanguage":"fr-FR","@id":"https:\/\/shop.bantam.ch\/fr\/produit\/mitigeur-ceramique-twist-at-pour-burstner\/#primaryimage","url":"https:\/\/shop.bantam.ch\/wp-content\/uploads\/2023\/02\/9971826-100-1-3-1.jpg","contentUrl":"https:\/\/shop.bantam.ch\/wp-content\/uploads\/2023\/02\/9971826-100-1-3-1.jpg","width":709,"height":890},{"@type":"BreadcrumbList","@id":"https:\/\/shop.bantam.ch\/fr\/produit\/mitigeur-ceramique-twist-at-pour-burstner\/#breadcrumb","itemListElement":[{"@type":"ListItem","position":1,"name":"Accueil","item":"https:\/\/shop.bantam.ch\/fr\/"},{"@type":"ListItem","position":2,"name":"Boutique","item":"https:\/\/shop.bantam.ch\/fr\/boutique\/"},{"@type":"ListItem","position":3,"name":"Mitigeur c\u00e9ramique TWIST avec poign\u00e9e Swing diam de montage 39mm chrome"}]},{"@type":"WebSite","@id":"https:\/\/shop.bantam.ch\/fr\/#website","url":"https:\/\/shop.bantam.ch\/fr\/","name":"Bantam Wankm\u00fcller SA","description":"","publisher":{"@id":"https:\/\/shop.bantam.ch\/fr\/#organization"},"inLanguage":"fr-FR"},{"@type":"Organization","@id":"https:\/\/shop.bantam.ch\/fr\/#organization","name":"Bantam Wankm\u00fcller SA","url":"https:\/\/shop.bantam.ch\/fr\/","logo":{"@type":"ImageObject","inLanguage":"fr-FR","@id":"https:\/\/shop.bantam.ch\/fr\/#\/schema\/logo\/image\/","url":"https:\/\/shop.bantam.ch\/wp-content\/uploads\/2022\/12\/bantam-logo.png","contentUrl":"https:\/\/shop.bantam.ch\/wp-content\/uploads\/2022\/12\/bantam-logo.png","width":320,"height":71,"caption":"Bantam Wankm\u00fcller SA"},"image":{"@id":"https:\/\/shop.bantam.ch\/fr\/#\/schema\/logo\/image\/"}}]}},"_links":{"self":[{"href":"https:\/\/shop.bantam.ch\/fr\/wp-json\/wp\/v2\/product\/35369","targetHints":{"allow":["GET"]}}],"collection":[{"href":"https:\/\/shop.bantam.ch\/fr\/wp-json\/wp\/v2\/product"}],"about":[{"href":"https:\/\/shop.bantam.ch\/fr\/wp-json\/wp\/v2\/types\/product"}],"wp:featuredmedia":[{"embeddable":true,"href":"https:\/\/shop.bantam.ch\/fr\/wp-json\/wp\/v2\/media\/35365"}],"wp:attachment":[{"href":"https:\/\/shop.bantam.ch\/fr\/wp-json\/wp\/v2\/media?parent=35369"}],"wp:term":[{"taxonomy":"product_featured_cat","embeddable":true,"href":"https:\/\/shop.bantam.ch\/fr\/wp-json\/wp\/v2\/product_featured_cat?post=35369"},{"taxonomy":"product_brand","embeddable":true,"href":"https:\/\/shop.bantam.ch\/fr\/wp-json\/wp\/v2\/product_brand?post=35369"},{"taxonomy":"product_cat","embeddable":true,"href":"https:\/\/shop.bantam.ch\/fr\/wp-json\/wp\/v2\/product_cat?post=35369"},{"taxonomy":"product_tag","embeddable":true,"href":"https:\/\/shop.bantam.ch\/fr\/wp-json\/wp\/v2\/product_tag?post=35369"}],"curies":[{"name":"wp","href":"https:\/\/api.w.org\/{rel}","templated":true}]}}