{"id":34733,"date":"2023-02-22T19:04:53","date_gmt":"2023-02-22T18:04:53","guid":{"rendered":"http:\/\/preprod-dev.sh1.hidora.com\/webshop\/produit\/cable-de-radiateur-eis-ex-12-v\/"},"modified":"2026-04-20T20:42:27","modified_gmt":"2026-04-20T18:42:27","slug":"cable-de-radiateur-eis-ex-12-v","status":"publish","type":"product","link":"https:\/\/shop.bantam.ch\/fr\/produit\/cable-de-radiateur-eis-ex-12-v\/","title":{"rendered":"C\u00e2ble de radiateur EIS-EX 12 v"},"content":{"rendered":"<p class=\"product-description ng-star-inserted\">\n<p>S&rsquo;adapte \u00e0 toutes les courbures de tuyaux d&rsquo;eau et d\u00e9g\u00e8le en peu de temps m\u00eame les tuyaux et les vannes de sortie gel\u00e9s.<br \/>\nUtilisable sur toutes les canalisations expos\u00e9es au gel et pour les solutions sp\u00e9ciales.\u00a0<br \/>\nId\u00e9al pour le camping d&rsquo;hiver dans les caravanes et les camping-cars.<br \/>\nLe c\u00e2ble chauffant est pos\u00e9 ou enroul\u00e9 autour de la tuyauterie.<br \/>\nIl peut \u00eatre branch\u00e9 directement sur le r\u00e9seau de bord 12 volts. Avec un<br \/>\n transformateur, il peut \u00e9galement \u00eatre utilis\u00e9 sur 230 volts.\u00a0<br \/>\nLes commandes doivent \u00eatre deux fois plus longues que la longueur de la tuyauterie \u00e0 chauffer.<\/p>\n<ul>\n<li>Puissance d&rsquo;environ 7,5 watts par m\u00e8tre<\/li>\n<li>Longueurs disponibles \u00e0 partir de 1 m par incr\u00e9ments de 10 cm<\/li>\n<\/ul>\n<p><strong>Contenu de la livraison :\u00a0<br \/>\nConfection du raccordement non comprise, \u00e0 commander s\u00e9par\u00e9ment 9971521<\/strong><\/p><\/p>\n","protected":false},"excerpt":{"rendered":"<p>S&rsquo;adapte \u00e0 toutes les courbures de tuyaux d&rsquo;eau et d\u00e9g\u00e8le en peu de temps m\u00eame les tuyaux et les vannes de sortie gel\u00e9s. Utilisable sur toutes les canalisations expos\u00e9es au gel et pour les solutions sp\u00e9ciales.\u00a0 Id\u00e9al pour le camping d&rsquo;hiver dans les caravanes et les camping-cars. Le c\u00e2ble chauffant est pos\u00e9 ou enroul\u00e9 autour [&hellip;]<\/p>\n","protected":false},"featured_media":34729,"template":"","meta":{"_acf_changed":false},"product_featured_cat":[],"product_brand":[3104],"product_cat":[4607,4081],"product_tag":[],"class_list":{"0":"post-34733","1":"product","2":"type-product","3":"status-publish","4":"has-post-thumbnail","6":"product_brand-pro-car","7":"product_cat-protection-antigel-des-chauffages-de-reservoir","8":"product_cat-tapis-chauffants","10":"first","11":"instock","12":"taxable","13":"shipping-taxable","14":"purchasable","15":"product-type-simple"},"acf":[],"yoast_head":"<!-- This site is optimized with the Yoast SEO plugin v27.4 - https:\/\/yoast.com\/product\/yoast-seo-wordpress\/ -->\n<title>C\u00e2ble de radiateur EIS-EX 12 v - Bantam Wankm\u00fcller SA<\/title>\n<meta name=\"robots\" content=\"index, follow, max-snippet:-1, max-image-preview:large, max-video-preview:-1\" \/>\n<link rel=\"canonical\" href=\"https:\/\/shop.bantam.ch\/fr\/produit\/cable-de-radiateur-eis-ex-12-v\/\" \/>\n<meta property=\"og:locale\" content=\"fr_FR\" \/>\n<meta property=\"og:type\" content=\"article\" \/>\n<meta property=\"og:title\" content=\"C\u00e2ble de radiateur EIS-EX 12 v - Bantam Wankm\u00fcller SA\" \/>\n<meta property=\"og:description\" content=\"S&rsquo;adapte \u00e0 toutes les courbures de tuyaux d&rsquo;eau et d\u00e9g\u00e8le en peu de temps m\u00eame les tuyaux et les vannes de sortie gel\u00e9s. Utilisable sur toutes les canalisations expos\u00e9es au gel et pour les solutions sp\u00e9ciales.\u00a0 Id\u00e9al pour le camping d&rsquo;hiver dans les caravanes et les camping-cars. Le c\u00e2ble chauffant est pos\u00e9 ou enroul\u00e9 autour [&hellip;]\" \/>\n<meta property=\"og:url\" content=\"https:\/\/shop.bantam.ch\/fr\/produit\/cable-de-radiateur-eis-ex-12-v\/\" \/>\n<meta property=\"og:site_name\" content=\"Bantam Wankm\u00fcller SA\" \/>\n<meta property=\"article:modified_time\" content=\"2026-04-20T18:42:27+00:00\" \/>\n<meta property=\"og:image\" content=\"https:\/\/shop.bantam.ch\/wp-content\/uploads\/2023\/02\/9971520-Heizkabel_EIS-EX_12_V-Standard-01-1.jpg\" \/>\n\t<meta property=\"og:image:width\" content=\"1000\" \/>\n\t<meta property=\"og:image:height\" content=\"700\" \/>\n\t<meta property=\"og:image:type\" content=\"image\/jpeg\" \/>\n<meta name=\"twitter:card\" content=\"summary_large_image\" \/>\n<meta name=\"twitter:label1\" content=\"Dur\u00e9e de lecture estim\u00e9e\" \/>\n\t<meta name=\"twitter:data1\" content=\"1 minute\" \/>\n<script type=\"application\/ld+json\" class=\"yoast-schema-graph\">{\"@context\":\"https:\\\/\\\/schema.org\",\"@graph\":[{\"@type\":\"WebPage\",\"@id\":\"https:\\\/\\\/shop.bantam.ch\\\/fr\\\/produit\\\/cable-de-radiateur-eis-ex-12-v\\\/\",\"url\":\"https:\\\/\\\/shop.bantam.ch\\\/fr\\\/produit\\\/cable-de-radiateur-eis-ex-12-v\\\/\",\"name\":\"C\u00e2ble de radiateur EIS-EX 12 v - Bantam Wankm\u00fcller SA\",\"isPartOf\":{\"@id\":\"https:\\\/\\\/shop.bantam.ch\\\/fr\\\/#website\"},\"primaryImageOfPage\":{\"@id\":\"https:\\\/\\\/shop.bantam.ch\\\/fr\\\/produit\\\/cable-de-radiateur-eis-ex-12-v\\\/#primaryimage\"},\"image\":{\"@id\":\"https:\\\/\\\/shop.bantam.ch\\\/fr\\\/produit\\\/cable-de-radiateur-eis-ex-12-v\\\/#primaryimage\"},\"thumbnailUrl\":\"https:\\\/\\\/shop.bantam.ch\\\/wp-content\\\/uploads\\\/2023\\\/02\\\/9971520-Heizkabel_EIS-EX_12_V-Standard-01-1.jpg\",\"datePublished\":\"2023-02-22T18:04:53+00:00\",\"dateModified\":\"2026-04-20T18:42:27+00:00\",\"breadcrumb\":{\"@id\":\"https:\\\/\\\/shop.bantam.ch\\\/fr\\\/produit\\\/cable-de-radiateur-eis-ex-12-v\\\/#breadcrumb\"},\"inLanguage\":\"fr-FR\",\"potentialAction\":[{\"@type\":\"ReadAction\",\"target\":[\"https:\\\/\\\/shop.bantam.ch\\\/fr\\\/produit\\\/cable-de-radiateur-eis-ex-12-v\\\/\"]}]},{\"@type\":\"ImageObject\",\"inLanguage\":\"fr-FR\",\"@id\":\"https:\\\/\\\/shop.bantam.ch\\\/fr\\\/produit\\\/cable-de-radiateur-eis-ex-12-v\\\/#primaryimage\",\"url\":\"https:\\\/\\\/shop.bantam.ch\\\/wp-content\\\/uploads\\\/2023\\\/02\\\/9971520-Heizkabel_EIS-EX_12_V-Standard-01-1.jpg\",\"contentUrl\":\"https:\\\/\\\/shop.bantam.ch\\\/wp-content\\\/uploads\\\/2023\\\/02\\\/9971520-Heizkabel_EIS-EX_12_V-Standard-01-1.jpg\",\"width\":1000,\"height\":700},{\"@type\":\"BreadcrumbList\",\"@id\":\"https:\\\/\\\/shop.bantam.ch\\\/fr\\\/produit\\\/cable-de-radiateur-eis-ex-12-v\\\/#breadcrumb\",\"itemListElement\":[{\"@type\":\"ListItem\",\"position\":1,\"name\":\"Accueil\",\"item\":\"https:\\\/\\\/shop.bantam.ch\\\/fr\\\/\"},{\"@type\":\"ListItem\",\"position\":2,\"name\":\"Boutique\",\"item\":\"https:\\\/\\\/shop.bantam.ch\\\/fr\\\/boutique\\\/\"},{\"@type\":\"ListItem\",\"position\":3,\"name\":\"C\u00e2ble de radiateur EIS-EX 12 v\"}]},{\"@type\":\"WebSite\",\"@id\":\"https:\\\/\\\/shop.bantam.ch\\\/fr\\\/#website\",\"url\":\"https:\\\/\\\/shop.bantam.ch\\\/fr\\\/\",\"name\":\"Bantam Wankm\u00fcller SA\",\"description\":\"\",\"publisher\":{\"@id\":\"https:\\\/\\\/shop.bantam.ch\\\/fr\\\/#organization\"},\"inLanguage\":\"fr-FR\"},{\"@type\":\"Organization\",\"@id\":\"https:\\\/\\\/shop.bantam.ch\\\/fr\\\/#organization\",\"name\":\"Bantam Wankm\u00fcller SA\",\"url\":\"https:\\\/\\\/shop.bantam.ch\\\/fr\\\/\",\"logo\":{\"@type\":\"ImageObject\",\"inLanguage\":\"fr-FR\",\"@id\":\"https:\\\/\\\/shop.bantam.ch\\\/fr\\\/#\\\/schema\\\/logo\\\/image\\\/\",\"url\":\"https:\\\/\\\/shop.bantam.ch\\\/wp-content\\\/uploads\\\/2022\\\/12\\\/bantam-logo.png\",\"contentUrl\":\"https:\\\/\\\/shop.bantam.ch\\\/wp-content\\\/uploads\\\/2022\\\/12\\\/bantam-logo.png\",\"width\":320,\"height\":71,\"caption\":\"Bantam Wankm\u00fcller SA\"},\"image\":{\"@id\":\"https:\\\/\\\/shop.bantam.ch\\\/fr\\\/#\\\/schema\\\/logo\\\/image\\\/\"}}]}<\/script>\n<!-- \/ Yoast SEO plugin. -->","yoast_head_json":{"title":"C\u00e2ble de radiateur EIS-EX 12 v - Bantam Wankm\u00fcller SA","robots":{"index":"index","follow":"follow","max-snippet":"max-snippet:-1","max-image-preview":"max-image-preview:large","max-video-preview":"max-video-preview:-1"},"canonical":"https:\/\/shop.bantam.ch\/fr\/produit\/cable-de-radiateur-eis-ex-12-v\/","og_locale":"fr_FR","og_type":"article","og_title":"C\u00e2ble de radiateur EIS-EX 12 v - Bantam Wankm\u00fcller SA","og_description":"S&rsquo;adapte \u00e0 toutes les courbures de tuyaux d&rsquo;eau et d\u00e9g\u00e8le en peu de temps m\u00eame les tuyaux et les vannes de sortie gel\u00e9s. Utilisable sur toutes les canalisations expos\u00e9es au gel et pour les solutions sp\u00e9ciales.\u00a0 Id\u00e9al pour le camping d&rsquo;hiver dans les caravanes et les camping-cars. Le c\u00e2ble chauffant est pos\u00e9 ou enroul\u00e9 autour [&hellip;]","og_url":"https:\/\/shop.bantam.ch\/fr\/produit\/cable-de-radiateur-eis-ex-12-v\/","og_site_name":"Bantam Wankm\u00fcller SA","article_modified_time":"2026-04-20T18:42:27+00:00","og_image":[{"width":1000,"height":700,"url":"https:\/\/shop.bantam.ch\/wp-content\/uploads\/2023\/02\/9971520-Heizkabel_EIS-EX_12_V-Standard-01-1.jpg","type":"image\/jpeg"}],"twitter_card":"summary_large_image","twitter_misc":{"Dur\u00e9e de lecture estim\u00e9e":"1 minute"},"schema":{"@context":"https:\/\/schema.org","@graph":[{"@type":"WebPage","@id":"https:\/\/shop.bantam.ch\/fr\/produit\/cable-de-radiateur-eis-ex-12-v\/","url":"https:\/\/shop.bantam.ch\/fr\/produit\/cable-de-radiateur-eis-ex-12-v\/","name":"C\u00e2ble de radiateur EIS-EX 12 v - Bantam Wankm\u00fcller SA","isPartOf":{"@id":"https:\/\/shop.bantam.ch\/fr\/#website"},"primaryImageOfPage":{"@id":"https:\/\/shop.bantam.ch\/fr\/produit\/cable-de-radiateur-eis-ex-12-v\/#primaryimage"},"image":{"@id":"https:\/\/shop.bantam.ch\/fr\/produit\/cable-de-radiateur-eis-ex-12-v\/#primaryimage"},"thumbnailUrl":"https:\/\/shop.bantam.ch\/wp-content\/uploads\/2023\/02\/9971520-Heizkabel_EIS-EX_12_V-Standard-01-1.jpg","datePublished":"2023-02-22T18:04:53+00:00","dateModified":"2026-04-20T18:42:27+00:00","breadcrumb":{"@id":"https:\/\/shop.bantam.ch\/fr\/produit\/cable-de-radiateur-eis-ex-12-v\/#breadcrumb"},"inLanguage":"fr-FR","potentialAction":[{"@type":"ReadAction","target":["https:\/\/shop.bantam.ch\/fr\/produit\/cable-de-radiateur-eis-ex-12-v\/"]}]},{"@type":"ImageObject","inLanguage":"fr-FR","@id":"https:\/\/shop.bantam.ch\/fr\/produit\/cable-de-radiateur-eis-ex-12-v\/#primaryimage","url":"https:\/\/shop.bantam.ch\/wp-content\/uploads\/2023\/02\/9971520-Heizkabel_EIS-EX_12_V-Standard-01-1.jpg","contentUrl":"https:\/\/shop.bantam.ch\/wp-content\/uploads\/2023\/02\/9971520-Heizkabel_EIS-EX_12_V-Standard-01-1.jpg","width":1000,"height":700},{"@type":"BreadcrumbList","@id":"https:\/\/shop.bantam.ch\/fr\/produit\/cable-de-radiateur-eis-ex-12-v\/#breadcrumb","itemListElement":[{"@type":"ListItem","position":1,"name":"Accueil","item":"https:\/\/shop.bantam.ch\/fr\/"},{"@type":"ListItem","position":2,"name":"Boutique","item":"https:\/\/shop.bantam.ch\/fr\/boutique\/"},{"@type":"ListItem","position":3,"name":"C\u00e2ble de radiateur EIS-EX 12 v"}]},{"@type":"WebSite","@id":"https:\/\/shop.bantam.ch\/fr\/#website","url":"https:\/\/shop.bantam.ch\/fr\/","name":"Bantam Wankm\u00fcller SA","description":"","publisher":{"@id":"https:\/\/shop.bantam.ch\/fr\/#organization"},"inLanguage":"fr-FR"},{"@type":"Organization","@id":"https:\/\/shop.bantam.ch\/fr\/#organization","name":"Bantam Wankm\u00fcller SA","url":"https:\/\/shop.bantam.ch\/fr\/","logo":{"@type":"ImageObject","inLanguage":"fr-FR","@id":"https:\/\/shop.bantam.ch\/fr\/#\/schema\/logo\/image\/","url":"https:\/\/shop.bantam.ch\/wp-content\/uploads\/2022\/12\/bantam-logo.png","contentUrl":"https:\/\/shop.bantam.ch\/wp-content\/uploads\/2022\/12\/bantam-logo.png","width":320,"height":71,"caption":"Bantam Wankm\u00fcller SA"},"image":{"@id":"https:\/\/shop.bantam.ch\/fr\/#\/schema\/logo\/image\/"}}]}},"_links":{"self":[{"href":"https:\/\/shop.bantam.ch\/fr\/wp-json\/wp\/v2\/product\/34733","targetHints":{"allow":["GET"]}}],"collection":[{"href":"https:\/\/shop.bantam.ch\/fr\/wp-json\/wp\/v2\/product"}],"about":[{"href":"https:\/\/shop.bantam.ch\/fr\/wp-json\/wp\/v2\/types\/product"}],"wp:featuredmedia":[{"embeddable":true,"href":"https:\/\/shop.bantam.ch\/fr\/wp-json\/wp\/v2\/media\/34729"}],"wp:attachment":[{"href":"https:\/\/shop.bantam.ch\/fr\/wp-json\/wp\/v2\/media?parent=34733"}],"wp:term":[{"taxonomy":"product_featured_cat","embeddable":true,"href":"https:\/\/shop.bantam.ch\/fr\/wp-json\/wp\/v2\/product_featured_cat?post=34733"},{"taxonomy":"product_brand","embeddable":true,"href":"https:\/\/shop.bantam.ch\/fr\/wp-json\/wp\/v2\/product_brand?post=34733"},{"taxonomy":"product_cat","embeddable":true,"href":"https:\/\/shop.bantam.ch\/fr\/wp-json\/wp\/v2\/product_cat?post=34733"},{"taxonomy":"product_tag","embeddable":true,"href":"https:\/\/shop.bantam.ch\/fr\/wp-json\/wp\/v2\/product_tag?post=34733"}],"curies":[{"name":"wp","href":"https:\/\/api.w.org\/{rel}","templated":true}]}}